{"id":11984,"date":"2025-02-21T18:01:59","date_gmt":"2025-02-21T10:01:59","guid":{"rendered":"https:\/\/www.yoroow.com\/?post_type=product&#038;p=11984"},"modified":"2025-05-16T09:32:45","modified_gmt":"2025-05-16T01:32:45","slug":"torneira-de-lavatorio-em-aco-inoxidavel-de-design-moderno-para-casa-de-banho-de-hotel-ou-bancada-para-lavatorio-de-encastrar-agua-quente-e-fria-misturada","status":"publish","type":"product","link":"https:\/\/www.yoroow.com\/pt\/pormenor-do-produto\/torneira-de-lavatorio-em-aco-inoxidavel-de-design-moderno-para-casa-de-banho-de-hotel-ou-bancada-para-lavatorio-de-encastrar-agua-quente-e-fria-misturada\/","title":{"rendered":"Torneira de lavat\u00f3rio de a\u00e7o inoxid\u00e1vel com acabamento cromado de design moderno Misturador de lavat\u00f3rio de montagem em deck para hot\u00e9is Casas de banho \u00c1gua quente e fria Embaixo da bancada"},"content":{"rendered":"<p>Esta moderna torneira de lavat\u00f3rio em a\u00e7o inoxid\u00e1vel com acabamento cromado oferece uma solu\u00e7\u00e3o elegante e duradoura para casas de banho residenciais e de hotel. O seu design montado no conv\u00e9s permite uma instala\u00e7\u00e3o f\u00e1cil e proporciona a funcionalidade de mistura de \u00e1gua quente e fria, oferecendo versatilidade para uma vasta gama de aplica\u00e7\u00f5es. O elegante acabamento cromado complementa os interiores contempor\u00e2neos das casas de banho, enquanto a constru\u00e7\u00e3o em a\u00e7o inoxid\u00e1vel de alta qualidade garante um desempenho duradouro. Fabricada pela YOROOW na China, esta torneira beneficia da experi\u00eancia da YOROOW na cria\u00e7\u00e3o de produtos de alta qualidade a pre\u00e7os competitivos, garantindo acessibilidade sem comprometer o desempenho. A torneira \u00e9 uma escolha popular para hot\u00e9is, resorts e projectos residenciais de topo de gama na Am\u00e9rica do Sul e no Sudeste Asi\u00e1tico, onde a procura de acess\u00f3rios de casa de banho elegantes e duradouros est\u00e1 a crescer. O compromisso da YOROOW para com a inova\u00e7\u00e3o e a qualidade garante que a torneira satisfaz as necessidades dos consumidores e das empresas, fornecendo uma solu\u00e7\u00e3o fi\u00e1vel e de elevado desempenho para v\u00e1rios ambientes de casa de banho.<\/p>","protected":false},"excerpt":{"rendered":"<p>This modern chrome-finished stainless steel basin faucet offers a stylish and durable solution for both residential and hotel bathrooms. Its deck-mounted design allows for easy installation and provides both hot and cold water mixing functionality, offering versatility for a wide range of applications. The sleek chrome finish complements contemporary bathroom interiors, while the high-quality stainless&#8230;<\/p>","protected":false},"featured_media":11987,"template":"","meta":{"_acf_changed":false,"_kad_post_transparent":"default","_kad_post_title":"","_kad_post_layout":"default","_kad_post_sidebar_id":"","_kad_post_content_style":"default","_kad_post_vertical_padding":"default","_kad_post_feature":"","_kad_post_feature_position":"","_kad_post_header":false,"_kad_post_footer":false},"product_brand":[],"product_cat":[238,1552],"product_tag":[5946,5936],"class_list":{"0":"post-11984","1":"product","2":"type-product","3":"status-publish","4":"has-post-thumbnail","6":"product_cat-mixer-basin-faucet","7":"product_cat-bxg01series","8":"product_tag-mixer-deck-mount-basin-faucet-chrome-finished","9":"product_tag-modern-faucet-basin","11":"first","12":"instock","13":"shipping-taxable","14":"purchasable","15":"product-type-variable","16":"wvs-archive-product-wrapper","17":"entry","18":"content-bg","19":"loop-entry"},"acf":[],"yoast_head":"<!-- This site is optimized with the Yoast SEO Premium plugin v25.4 (Yoast SEO v27.0) - https:\/\/yoast.com\/product\/yoast-seo-premium-wordpress\/ -->\n<title>Modern Design Chrome Finished Stainless Steel Basin Faucet Deck Mount Basin Mixer for Hotels Bathrooms Hot Cold Water Undermount - YOROOW<\/title>\n<meta name=\"description\" content=\"Modern design chrome finished stainless steel basin faucet with deck mount mixer suitable for hotels and bathrooms offering hot and cold water. Made in China with advanced manufacturing, ideal for export to South America and Southeast Asia markets.\" \/>\n<meta name=\"robots\" content=\"index, follow, max-snippet:-1, max-image-preview:large, max-video-preview:-1\" \/>\n<link rel=\"canonical\" href=\"https:\/\/www.yoroow.com\/pt\/pormenor-do-produto\/torneira-de-lavatorio-em-aco-inoxidavel-de-design-moderno-para-casa-de-banho-de-hotel-ou-bancada-para-lavatorio-de-encastrar-agua-quente-e-fria-misturada\/\" \/>\n<meta property=\"og:locale\" content=\"pt_PT\" \/>\n<meta property=\"og:type\" content=\"article\" \/>\n<meta property=\"og:title\" content=\"Modern Design Chrome Finished Stainless Steel Basin Faucet Deck Mount Basin Mixer for Hotels Bathrooms Hot Cold Water Undermount\" \/>\n<meta property=\"og:description\" content=\"Modern design chrome finished stainless steel basin faucet with deck mount mixer suitable for hotels and bathrooms offering hot and cold water. Made in China with advanced manufacturing, ideal for export to South America and Southeast Asia markets.\" \/>\n<meta property=\"og:url\" content=\"https:\/\/www.yoroow.com\/pt\/pormenor-do-produto\/torneira-de-lavatorio-em-aco-inoxidavel-de-design-moderno-para-casa-de-banho-de-hotel-ou-bancada-para-lavatorio-de-encastrar-agua-quente-e-fria-misturada\/\" \/>\n<meta property=\"og:site_name\" content=\"YOROOW\" \/>\n<meta property=\"article:publisher\" content=\"https:\/\/www.facebook.com\/people\/yoroowfaucetfactory\/61564236752362\/\" \/>\n<meta property=\"article:modified_time\" content=\"2025-05-16T01:32:45+00:00\" \/>\n<meta property=\"og:image\" content=\"https:\/\/www.yoroow.com\/wp-content\/uploads\/2025\/02\/61-0106.jpg\" \/>\n\t<meta property=\"og:image:width\" content=\"468\" \/>\n\t<meta property=\"og:image:height\" content=\"468\" \/>\n\t<meta property=\"og:image:type\" content=\"image\/jpeg\" \/>\n<meta name=\"twitter:card\" content=\"summary_large_image\" \/>\n<meta name=\"twitter:label1\" content=\"Est. reading time\" \/>\n\t<meta name=\"twitter:data1\" content=\"1 minuto\" \/>\n<script type=\"application\/ld+json\" class=\"yoast-schema-graph\">{\"@context\":\"https:\/\/schema.org\",\"@graph\":[{\"@type\":\"WebPage\",\"@id\":\"https:\/\/www.yoroow.com\/pt\/pormenor-do-produto\/torneira-de-lavatorio-em-aco-inoxidavel-de-design-moderno-para-casa-de-banho-de-hotel-ou-bancada-para-lavatorio-de-encastrar-agua-quente-e-fria-misturada\/\",\"url\":\"https:\/\/www.yoroow.com\/pt\/pormenor-do-produto\/torneira-de-lavatorio-em-aco-inoxidavel-de-design-moderno-para-casa-de-banho-de-hotel-ou-bancada-para-lavatorio-de-encastrar-agua-quente-e-fria-misturada\/\",\"name\":\"Modern Design Chrome Finished Stainless Steel Basin Faucet Deck Mount Basin Mixer for Hotels Bathrooms Hot Cold Water Undermount - YOROOW\",\"isPartOf\":{\"@id\":\"https:\/\/www.yoroow.com\/pt\/#website\"},\"primaryImageOfPage\":{\"@id\":\"https:\/\/www.yoroow.com\/pt\/pormenor-do-produto\/torneira-de-lavatorio-em-aco-inoxidavel-de-design-moderno-para-casa-de-banho-de-hotel-ou-bancada-para-lavatorio-de-encastrar-agua-quente-e-fria-misturada\/#primaryimage\"},\"image\":{\"@id\":\"https:\/\/www.yoroow.com\/pt\/pormenor-do-produto\/torneira-de-lavatorio-em-aco-inoxidavel-de-design-moderno-para-casa-de-banho-de-hotel-ou-bancada-para-lavatorio-de-encastrar-agua-quente-e-fria-misturada\/#primaryimage\"},\"thumbnailUrl\":\"https:\/\/www.yoroow.com\/wp-content\/uploads\/2025\/02\/61-0106.jpg\",\"datePublished\":\"2025-02-21T10:01:59+00:00\",\"dateModified\":\"2025-05-16T01:32:45+00:00\",\"description\":\"Modern design chrome finished stainless steel basin faucet with deck mount mixer suitable for hotels and bathrooms offering hot and cold water. Made in China with advanced manufacturing, ideal for export to South America and Southeast Asia markets.\",\"breadcrumb\":{\"@id\":\"https:\/\/www.yoroow.com\/pt\/pormenor-do-produto\/torneira-de-lavatorio-em-aco-inoxidavel-de-design-moderno-para-casa-de-banho-de-hotel-ou-bancada-para-lavatorio-de-encastrar-agua-quente-e-fria-misturada\/#breadcrumb\"},\"inLanguage\":\"pt-PT\",\"potentialAction\":[{\"@type\":\"ReadAction\",\"target\":[\"https:\/\/www.yoroow.com\/pt\/pormenor-do-produto\/torneira-de-lavatorio-em-aco-inoxidavel-de-design-moderno-para-casa-de-banho-de-hotel-ou-bancada-para-lavatorio-de-encastrar-agua-quente-e-fria-misturada\/\"]}]},{\"@type\":\"ImageObject\",\"inLanguage\":\"pt-PT\",\"@id\":\"https:\/\/www.yoroow.com\/pt\/pormenor-do-produto\/torneira-de-lavatorio-em-aco-inoxidavel-de-design-moderno-para-casa-de-banho-de-hotel-ou-bancada-para-lavatorio-de-encastrar-agua-quente-e-fria-misturada\/#primaryimage\",\"url\":\"https:\/\/www.yoroow.com\/wp-content\/uploads\/2025\/02\/61-0106.jpg\",\"contentUrl\":\"https:\/\/www.yoroow.com\/wp-content\/uploads\/2025\/02\/61-0106.jpg\",\"width\":468,\"height\":468,\"caption\":\"Modern Budget Bath & Shower Faucets Stainless Steel Hot Cold Chrome Shower Mixer Faucet SUS201 Wall Mount\"},{\"@type\":\"BreadcrumbList\",\"@id\":\"https:\/\/www.yoroow.com\/pt\/pormenor-do-produto\/torneira-de-lavatorio-em-aco-inoxidavel-de-design-moderno-para-casa-de-banho-de-hotel-ou-bancada-para-lavatorio-de-encastrar-agua-quente-e-fria-misturada\/#breadcrumb\",\"itemListElement\":[{\"@type\":\"ListItem\",\"position\":1,\"name\":\"home\",\"item\":\"https:\/\/www.yoroow.com\/\"},{\"@type\":\"ListItem\",\"position\":2,\"name\":\"Product\",\"item\":\"https:\/\/www.yoroow.com\/product\/\"},{\"@type\":\"ListItem\",\"position\":3,\"name\":\"Modern Design Chrome Finished Stainless Steel Basin Faucet Deck Mount Basin Mixer for Hotels Bathrooms Hot Cold Water Undermount\"}]},{\"@type\":\"WebSite\",\"@id\":\"https:\/\/www.yoroow.com\/pt\/#website\",\"url\":\"https:\/\/www.yoroow.com\/pt\/\",\"name\":\"YOROOW\",\"description\":\"\",\"publisher\":{\"@id\":\"https:\/\/www.yoroow.com\/pt\/#organization\"},\"potentialAction\":[{\"@type\":\"SearchAction\",\"target\":{\"@type\":\"EntryPoint\",\"urlTemplate\":\"https:\/\/www.yoroow.com\/pt\/?s={search_term_string}\"},\"query-input\":{\"@type\":\"PropertyValueSpecification\",\"valueRequired\":true,\"valueName\":\"search_term_string\"}}],\"inLanguage\":\"pt-PT\"},{\"@type\":\"Organization\",\"@id\":\"https:\/\/www.yoroow.com\/pt\/#organization\",\"name\":\"YOROOW\",\"url\":\"https:\/\/www.yoroow.com\/pt\/\",\"logo\":{\"@type\":\"ImageObject\",\"inLanguage\":\"pt-PT\",\"@id\":\"https:\/\/www.yoroow.com\/pt\/#\/schema\/logo\/image\/\",\"url\":\"https:\/\/www.yoroow.com\/wp-content\/uploads\/2024\/12\/2024123007131061.png\",\"contentUrl\":\"https:\/\/www.yoroow.com\/wp-content\/uploads\/2024\/12\/2024123007131061.png\",\"width\":168,\"height\":27,\"caption\":\"YOROOW\"},\"image\":{\"@id\":\"https:\/\/www.yoroow.com\/pt\/#\/schema\/logo\/image\/\"},\"sameAs\":[\"https:\/\/www.facebook.com\/people\/yoroowfaucetfactory\/61564236752362\/\"]}]}<\/script>\n<!-- \/ Yoast SEO Premium plugin. -->","yoast_head_json":{"title":"Modern Design Chrome Finished Stainless Steel Basin Faucet Deck Mount Basin Mixer for Hotels Bathrooms Hot Cold Water Undermount - YOROOW","description":"Modern design chrome finished stainless steel basin faucet with deck mount mixer suitable for hotels and bathrooms offering hot and cold water. Made in China with advanced manufacturing, ideal for export to South America and Southeast Asia markets.","robots":{"index":"index","follow":"follow","max-snippet":"max-snippet:-1","max-image-preview":"max-image-preview:large","max-video-preview":"max-video-preview:-1"},"canonical":"https:\/\/www.yoroow.com\/pt\/pormenor-do-produto\/torneira-de-lavatorio-em-aco-inoxidavel-de-design-moderno-para-casa-de-banho-de-hotel-ou-bancada-para-lavatorio-de-encastrar-agua-quente-e-fria-misturada\/","og_locale":"pt_PT","og_type":"article","og_title":"Modern Design Chrome Finished Stainless Steel Basin Faucet Deck Mount Basin Mixer for Hotels Bathrooms Hot Cold Water Undermount","og_description":"Modern design chrome finished stainless steel basin faucet with deck mount mixer suitable for hotels and bathrooms offering hot and cold water. Made in China with advanced manufacturing, ideal for export to South America and Southeast Asia markets.","og_url":"https:\/\/www.yoroow.com\/pt\/pormenor-do-produto\/torneira-de-lavatorio-em-aco-inoxidavel-de-design-moderno-para-casa-de-banho-de-hotel-ou-bancada-para-lavatorio-de-encastrar-agua-quente-e-fria-misturada\/","og_site_name":"YOROOW","article_publisher":"https:\/\/www.facebook.com\/people\/yoroowfaucetfactory\/61564236752362\/","article_modified_time":"2025-05-16T01:32:45+00:00","og_image":[{"width":468,"height":468,"url":"https:\/\/www.yoroow.com\/wp-content\/uploads\/2025\/02\/61-0106.jpg","type":"image\/jpeg"}],"twitter_card":"summary_large_image","twitter_misc":{"Est. reading time":"1 minuto"},"schema":{"@context":"https:\/\/schema.org","@graph":[{"@type":"WebPage","@id":"https:\/\/www.yoroow.com\/pt\/pormenor-do-produto\/torneira-de-lavatorio-em-aco-inoxidavel-de-design-moderno-para-casa-de-banho-de-hotel-ou-bancada-para-lavatorio-de-encastrar-agua-quente-e-fria-misturada\/","url":"https:\/\/www.yoroow.com\/pt\/pormenor-do-produto\/torneira-de-lavatorio-em-aco-inoxidavel-de-design-moderno-para-casa-de-banho-de-hotel-ou-bancada-para-lavatorio-de-encastrar-agua-quente-e-fria-misturada\/","name":"Modern Design Chrome Finished Stainless Steel Basin Faucet Deck Mount Basin Mixer for Hotels Bathrooms Hot Cold Water Undermount - YOROOW","isPartOf":{"@id":"https:\/\/www.yoroow.com\/pt\/#website"},"primaryImageOfPage":{"@id":"https:\/\/www.yoroow.com\/pt\/pormenor-do-produto\/torneira-de-lavatorio-em-aco-inoxidavel-de-design-moderno-para-casa-de-banho-de-hotel-ou-bancada-para-lavatorio-de-encastrar-agua-quente-e-fria-misturada\/#primaryimage"},"image":{"@id":"https:\/\/www.yoroow.com\/pt\/pormenor-do-produto\/torneira-de-lavatorio-em-aco-inoxidavel-de-design-moderno-para-casa-de-banho-de-hotel-ou-bancada-para-lavatorio-de-encastrar-agua-quente-e-fria-misturada\/#primaryimage"},"thumbnailUrl":"https:\/\/www.yoroow.com\/wp-content\/uploads\/2025\/02\/61-0106.jpg","datePublished":"2025-02-21T10:01:59+00:00","dateModified":"2025-05-16T01:32:45+00:00","description":"Modern design chrome finished stainless steel basin faucet with deck mount mixer suitable for hotels and bathrooms offering hot and cold water. Made in China with advanced manufacturing, ideal for export to South America and Southeast Asia markets.","breadcrumb":{"@id":"https:\/\/www.yoroow.com\/pt\/pormenor-do-produto\/torneira-de-lavatorio-em-aco-inoxidavel-de-design-moderno-para-casa-de-banho-de-hotel-ou-bancada-para-lavatorio-de-encastrar-agua-quente-e-fria-misturada\/#breadcrumb"},"inLanguage":"pt-PT","potentialAction":[{"@type":"ReadAction","target":["https:\/\/www.yoroow.com\/pt\/pormenor-do-produto\/torneira-de-lavatorio-em-aco-inoxidavel-de-design-moderno-para-casa-de-banho-de-hotel-ou-bancada-para-lavatorio-de-encastrar-agua-quente-e-fria-misturada\/"]}]},{"@type":"ImageObject","inLanguage":"pt-PT","@id":"https:\/\/www.yoroow.com\/pt\/pormenor-do-produto\/torneira-de-lavatorio-em-aco-inoxidavel-de-design-moderno-para-casa-de-banho-de-hotel-ou-bancada-para-lavatorio-de-encastrar-agua-quente-e-fria-misturada\/#primaryimage","url":"https:\/\/www.yoroow.com\/wp-content\/uploads\/2025\/02\/61-0106.jpg","contentUrl":"https:\/\/www.yoroow.com\/wp-content\/uploads\/2025\/02\/61-0106.jpg","width":468,"height":468,"caption":"Modern Budget Bath & Shower Faucets Stainless Steel Hot Cold Chrome Shower Mixer Faucet SUS201 Wall Mount"},{"@type":"BreadcrumbList","@id":"https:\/\/www.yoroow.com\/pt\/pormenor-do-produto\/torneira-de-lavatorio-em-aco-inoxidavel-de-design-moderno-para-casa-de-banho-de-hotel-ou-bancada-para-lavatorio-de-encastrar-agua-quente-e-fria-misturada\/#breadcrumb","itemListElement":[{"@type":"ListItem","position":1,"name":"home","item":"https:\/\/www.yoroow.com\/"},{"@type":"ListItem","position":2,"name":"Product","item":"https:\/\/www.yoroow.com\/product\/"},{"@type":"ListItem","position":3,"name":"Modern Design Chrome Finished Stainless Steel Basin Faucet Deck Mount Basin Mixer for Hotels Bathrooms Hot Cold Water Undermount"}]},{"@type":"WebSite","@id":"https:\/\/www.yoroow.com\/pt\/#website","url":"https:\/\/www.yoroow.com\/pt\/","name":"YOROOW","description":"","publisher":{"@id":"https:\/\/www.yoroow.com\/pt\/#organization"},"potentialAction":[{"@type":"SearchAction","target":{"@type":"EntryPoint","urlTemplate":"https:\/\/www.yoroow.com\/pt\/?s={search_term_string}"},"query-input":{"@type":"PropertyValueSpecification","valueRequired":true,"valueName":"search_term_string"}}],"inLanguage":"pt-PT"},{"@type":"Organization","@id":"https:\/\/www.yoroow.com\/pt\/#organization","name":"YOROOW","url":"https:\/\/www.yoroow.com\/pt\/","logo":{"@type":"ImageObject","inLanguage":"pt-PT","@id":"https:\/\/www.yoroow.com\/pt\/#\/schema\/logo\/image\/","url":"https:\/\/www.yoroow.com\/wp-content\/uploads\/2024\/12\/2024123007131061.png","contentUrl":"https:\/\/www.yoroow.com\/wp-content\/uploads\/2024\/12\/2024123007131061.png","width":168,"height":27,"caption":"YOROOW"},"image":{"@id":"https:\/\/www.yoroow.com\/pt\/#\/schema\/logo\/image\/"},"sameAs":["https:\/\/www.facebook.com\/people\/yoroowfaucetfactory\/61564236752362\/"]}]}},"_links":{"self":[{"href":"https:\/\/www.yoroow.com\/pt\/wp-json\/wp\/v2\/product\/11984","targetHints":{"allow":["GET"]}}],"collection":[{"href":"https:\/\/www.yoroow.com\/pt\/wp-json\/wp\/v2\/product"}],"about":[{"href":"https:\/\/www.yoroow.com\/pt\/wp-json\/wp\/v2\/types\/product"}],"wp:featuredmedia":[{"embeddable":true,"href":"https:\/\/www.yoroow.com\/pt\/wp-json\/wp\/v2\/media\/11987"}],"wp:attachment":[{"href":"https:\/\/www.yoroow.com\/pt\/wp-json\/wp\/v2\/media?parent=11984"}],"wp:term":[{"taxonomy":"product_brand","embeddable":true,"href":"https:\/\/www.yoroow.com\/pt\/wp-json\/wp\/v2\/product_brand?post=11984"},{"taxonomy":"product_cat","embeddable":true,"href":"https:\/\/www.yoroow.com\/pt\/wp-json\/wp\/v2\/product_cat?post=11984"},{"taxonomy":"product_tag","embeddable":true,"href":"https:\/\/www.yoroow.com\/pt\/wp-json\/wp\/v2\/product_tag?post=11984"}],"curies":[{"name":"wp","href":"https:\/\/api.w.org\/{rel}","templated":true}]}}