{"id":11983,"date":"2025-02-21T18:00:10","date_gmt":"2025-02-21T10:00:10","guid":{"rendered":"https:\/\/www.yoroow.com\/?post_type=product&#038;p=11983"},"modified":"2025-05-16T09:32:43","modified_gmt":"2025-05-16T01:32:43","slug":"torneira-mista-de-agua-quente-e-fria-para-lavatorio-em-aco-inoxidavel-para-casa-de-banho-de-hotel-ou-bancada-para-lavatorio-de-encastrar-design-moderno","status":"publish","type":"product","link":"https:\/\/www.yoroow.com\/pt\/pormenor-do-produto\/torneira-mista-de-agua-quente-e-fria-para-lavatorio-em-aco-inoxidavel-para-casa-de-banho-de-hotel-ou-bancada-para-lavatorio-de-encastrar-design-moderno\/","title":{"rendered":"F\u00e1brica Torneira de lavat\u00f3rio moderna SUS304 torneira de \u00e1gua com recurso quente e frio Misturador de casa de banho de design cl\u00e1ssico"},"content":{"rendered":"<p>Esta torneira de lavat\u00f3rio moderna apresenta um design cl\u00e1ssico e \u00e9 constru\u00edda em a\u00e7o inoxid\u00e1vel SUS304, proporcionando uma excelente resist\u00eancia \u00e0 corros\u00e3o e durabilidade. A funcionalidade da misturadora de \u00e1gua quente e fria garante um controlo f\u00e1cil da temperatura, tornando-a adequada para uma vasta gama de ambientes de casa de banho, incluindo aplica\u00e7\u00f5es residenciais, hoteleiras e comerciais. O seu design elegante e moderno complementa v\u00e1rios estilos de casa de banho, acrescentando funcionalidade e apelo est\u00e9tico. Fabricada pela YOROOW na China, esta torneira beneficia da vasta experi\u00eancia da empresa na produ\u00e7\u00e3o de torneiras de alta qualidade a pre\u00e7os competitivos. As capacidades de produ\u00e7\u00e3o flex\u00edveis da YOROOW permitem a personaliza\u00e7\u00e3o, garantindo que a torneira satisfaz as necessidades espec\u00edficas dos mercados da Am\u00e9rica do Sul e do Sudeste Asi\u00e1tico. O compromisso da f\u00e1brica para com a qualidade e a satisfa\u00e7\u00e3o do cliente garante que esta torneira \u00e9 dur\u00e1vel e fi\u00e1vel, o que a torna um excelente investimento para os clientes que procuram acess\u00f3rios de casa de banho com estilo e duradouros. Quer seja para uso pessoal ou comercial, esta torneira proporciona o equil\u00edbrio perfeito entre design moderno, acessibilidade e funcionalidade.<\/p>","protected":false},"excerpt":{"rendered":"<p>This modern basin faucet features a classic design and is constructed from SUS304 stainless steel, providing excellent corrosion resistance and durability. The hot and cold water mixer functionality ensures easy temperature control, making it suitable for a wide range of bathroom settings, including residential, hotel, and commercial applications. Its sleek and modern design complements various&#8230;<\/p>","protected":false},"featured_media":11986,"template":"","meta":{"_acf_changed":false,"_kad_post_transparent":"default","_kad_post_title":"","_kad_post_layout":"default","_kad_post_sidebar_id":"","_kad_post_content_style":"default","_kad_post_vertical_padding":"default","_kad_post_feature":"","_kad_post_feature_position":"","_kad_post_header":false,"_kad_post_footer":false},"product_brand":[],"product_cat":[238,1552],"product_tag":[5886,5937],"class_list":{"0":"post-11983","1":"product","2":"type-product","3":"status-publish","4":"has-post-thumbnail","6":"product_cat-mixer-basin-faucet","7":"product_cat-bxg01series","8":"product_tag-basin-faucet-sus304","9":"product_tag-modern-basin-faucet-mixer","11":"first","12":"instock","13":"shipping-taxable","14":"purchasable","15":"product-type-variable","16":"wvs-archive-product-wrapper","17":"entry","18":"content-bg","19":"loop-entry"},"acf":[],"yoast_head":"<!-- This site is optimized with the Yoast SEO Premium plugin v25.4 (Yoast SEO v27.0) - https:\/\/yoast.com\/product\/yoast-seo-premium-wordpress\/ -->\n<title>Factory Outlet Modern Basin Faucet SUS304 Water Tap with Hot Cold Feature Classic Design Bathroom Mixer - YOROOW<\/title>\n<meta name=\"description\" content=\"Factory outlet modern basin faucet made from SUS304 stainless steel with hot and cold water feature. Classic bathroom mixer design for durability and style. Produced in China, exported extensively to South American and Southeast Asian markets for premium bathroom fixtures.\" \/>\n<meta name=\"robots\" content=\"index, follow, max-snippet:-1, max-image-preview:large, max-video-preview:-1\" \/>\n<link rel=\"canonical\" href=\"https:\/\/www.yoroow.com\/pt\/pormenor-do-produto\/torneira-mista-de-agua-quente-e-fria-para-lavatorio-em-aco-inoxidavel-para-casa-de-banho-de-hotel-ou-bancada-para-lavatorio-de-encastrar-design-moderno\/\" \/>\n<meta property=\"og:locale\" content=\"pt_PT\" \/>\n<meta property=\"og:type\" content=\"article\" \/>\n<meta property=\"og:title\" content=\"Factory Outlet Modern Basin Faucet SUS304 Water Tap with Hot Cold Feature Classic Design Bathroom Mixer\" \/>\n<meta property=\"og:description\" content=\"Factory outlet modern basin faucet made from SUS304 stainless steel with hot and cold water feature. Classic bathroom mixer design for durability and style. Produced in China, exported extensively to South American and Southeast Asian markets for premium bathroom fixtures.\" \/>\n<meta property=\"og:url\" content=\"https:\/\/www.yoroow.com\/pt\/pormenor-do-produto\/torneira-mista-de-agua-quente-e-fria-para-lavatorio-em-aco-inoxidavel-para-casa-de-banho-de-hotel-ou-bancada-para-lavatorio-de-encastrar-design-moderno\/\" \/>\n<meta property=\"og:site_name\" content=\"YOROOW\" \/>\n<meta property=\"article:publisher\" content=\"https:\/\/www.facebook.com\/people\/yoroowfaucetfactory\/61564236752362\/\" \/>\n<meta property=\"article:modified_time\" content=\"2025-05-16T01:32:43+00:00\" \/>\n<meta property=\"og:image\" content=\"https:\/\/www.yoroow.com\/wp-content\/uploads\/2025\/02\/61-0105.jpg\" \/>\n\t<meta property=\"og:image:width\" content=\"443\" \/>\n\t<meta property=\"og:image:height\" content=\"443\" \/>\n\t<meta property=\"og:image:type\" content=\"image\/jpeg\" \/>\n<meta name=\"twitter:card\" content=\"summary_large_image\" \/>\n<meta name=\"twitter:label1\" content=\"Est. reading time\" \/>\n\t<meta name=\"twitter:data1\" content=\"1 minuto\" \/>\n<script type=\"application\/ld+json\" class=\"yoast-schema-graph\">{\"@context\":\"https:\/\/schema.org\",\"@graph\":[{\"@type\":\"WebPage\",\"@id\":\"https:\/\/www.yoroow.com\/pt\/pormenor-do-produto\/torneira-mista-de-agua-quente-e-fria-para-lavatorio-em-aco-inoxidavel-para-casa-de-banho-de-hotel-ou-bancada-para-lavatorio-de-encastrar-design-moderno\/\",\"url\":\"https:\/\/www.yoroow.com\/pt\/pormenor-do-produto\/torneira-mista-de-agua-quente-e-fria-para-lavatorio-em-aco-inoxidavel-para-casa-de-banho-de-hotel-ou-bancada-para-lavatorio-de-encastrar-design-moderno\/\",\"name\":\"Factory Outlet Modern Basin Faucet SUS304 Water Tap with Hot Cold Feature Classic Design Bathroom Mixer - YOROOW\",\"isPartOf\":{\"@id\":\"https:\/\/www.yoroow.com\/pt\/#website\"},\"primaryImageOfPage\":{\"@id\":\"https:\/\/www.yoroow.com\/pt\/pormenor-do-produto\/torneira-mista-de-agua-quente-e-fria-para-lavatorio-em-aco-inoxidavel-para-casa-de-banho-de-hotel-ou-bancada-para-lavatorio-de-encastrar-design-moderno\/#primaryimage\"},\"image\":{\"@id\":\"https:\/\/www.yoroow.com\/pt\/pormenor-do-produto\/torneira-mista-de-agua-quente-e-fria-para-lavatorio-em-aco-inoxidavel-para-casa-de-banho-de-hotel-ou-bancada-para-lavatorio-de-encastrar-design-moderno\/#primaryimage\"},\"thumbnailUrl\":\"https:\/\/www.yoroow.com\/wp-content\/uploads\/2025\/02\/61-0105.jpg\",\"datePublished\":\"2025-02-21T10:00:10+00:00\",\"dateModified\":\"2025-05-16T01:32:43+00:00\",\"description\":\"Factory outlet modern basin faucet made from SUS304 stainless steel with hot and cold water feature. Classic bathroom mixer design for durability and style. Produced in China, exported extensively to South American and Southeast Asian markets for premium bathroom fixtures.\",\"breadcrumb\":{\"@id\":\"https:\/\/www.yoroow.com\/pt\/pormenor-do-produto\/torneira-mista-de-agua-quente-e-fria-para-lavatorio-em-aco-inoxidavel-para-casa-de-banho-de-hotel-ou-bancada-para-lavatorio-de-encastrar-design-moderno\/#breadcrumb\"},\"inLanguage\":\"pt-PT\",\"potentialAction\":[{\"@type\":\"ReadAction\",\"target\":[\"https:\/\/www.yoroow.com\/pt\/pormenor-do-produto\/torneira-mista-de-agua-quente-e-fria-para-lavatorio-em-aco-inoxidavel-para-casa-de-banho-de-hotel-ou-bancada-para-lavatorio-de-encastrar-design-moderno\/\"]}]},{\"@type\":\"ImageObject\",\"inLanguage\":\"pt-PT\",\"@id\":\"https:\/\/www.yoroow.com\/pt\/pormenor-do-produto\/torneira-mista-de-agua-quente-e-fria-para-lavatorio-em-aco-inoxidavel-para-casa-de-banho-de-hotel-ou-bancada-para-lavatorio-de-encastrar-design-moderno\/#primaryimage\",\"url\":\"https:\/\/www.yoroow.com\/wp-content\/uploads\/2025\/02\/61-0105.jpg\",\"contentUrl\":\"https:\/\/www.yoroow.com\/wp-content\/uploads\/2025\/02\/61-0105.jpg\",\"width\":443,\"height\":443,\"caption\":\"Modern Budget Bath & Shower Faucets Stainless Steel Hot Cold Chrome Shower Mixer Faucet SUS201 Wall Mount\"},{\"@type\":\"BreadcrumbList\",\"@id\":\"https:\/\/www.yoroow.com\/pt\/pormenor-do-produto\/torneira-mista-de-agua-quente-e-fria-para-lavatorio-em-aco-inoxidavel-para-casa-de-banho-de-hotel-ou-bancada-para-lavatorio-de-encastrar-design-moderno\/#breadcrumb\",\"itemListElement\":[{\"@type\":\"ListItem\",\"position\":1,\"name\":\"home\",\"item\":\"https:\/\/www.yoroow.com\/\"},{\"@type\":\"ListItem\",\"position\":2,\"name\":\"Product\",\"item\":\"https:\/\/www.yoroow.com\/product\/\"},{\"@type\":\"ListItem\",\"position\":3,\"name\":\"Factory Outlet Modern Basin Faucet SUS304 Water Tap with Hot Cold Feature Classic Design Bathroom Mixer\"}]},{\"@type\":\"WebSite\",\"@id\":\"https:\/\/www.yoroow.com\/pt\/#website\",\"url\":\"https:\/\/www.yoroow.com\/pt\/\",\"name\":\"YOROOW\",\"description\":\"\",\"publisher\":{\"@id\":\"https:\/\/www.yoroow.com\/pt\/#organization\"},\"potentialAction\":[{\"@type\":\"SearchAction\",\"target\":{\"@type\":\"EntryPoint\",\"urlTemplate\":\"https:\/\/www.yoroow.com\/pt\/?s={search_term_string}\"},\"query-input\":{\"@type\":\"PropertyValueSpecification\",\"valueRequired\":true,\"valueName\":\"search_term_string\"}}],\"inLanguage\":\"pt-PT\"},{\"@type\":\"Organization\",\"@id\":\"https:\/\/www.yoroow.com\/pt\/#organization\",\"name\":\"YOROOW\",\"url\":\"https:\/\/www.yoroow.com\/pt\/\",\"logo\":{\"@type\":\"ImageObject\",\"inLanguage\":\"pt-PT\",\"@id\":\"https:\/\/www.yoroow.com\/pt\/#\/schema\/logo\/image\/\",\"url\":\"https:\/\/www.yoroow.com\/wp-content\/uploads\/2024\/12\/2024123007131061.png\",\"contentUrl\":\"https:\/\/www.yoroow.com\/wp-content\/uploads\/2024\/12\/2024123007131061.png\",\"width\":168,\"height\":27,\"caption\":\"YOROOW\"},\"image\":{\"@id\":\"https:\/\/www.yoroow.com\/pt\/#\/schema\/logo\/image\/\"},\"sameAs\":[\"https:\/\/www.facebook.com\/people\/yoroowfaucetfactory\/61564236752362\/\"]}]}<\/script>\n<!-- \/ Yoast SEO Premium plugin. -->","yoast_head_json":{"title":"Factory Outlet Modern Basin Faucet SUS304 Water Tap with Hot Cold Feature Classic Design Bathroom Mixer - YOROOW","description":"Factory outlet modern basin faucet made from SUS304 stainless steel with hot and cold water feature. Classic bathroom mixer design for durability and style. Produced in China, exported extensively to South American and Southeast Asian markets for premium bathroom fixtures.","robots":{"index":"index","follow":"follow","max-snippet":"max-snippet:-1","max-image-preview":"max-image-preview:large","max-video-preview":"max-video-preview:-1"},"canonical":"https:\/\/www.yoroow.com\/pt\/pormenor-do-produto\/torneira-mista-de-agua-quente-e-fria-para-lavatorio-em-aco-inoxidavel-para-casa-de-banho-de-hotel-ou-bancada-para-lavatorio-de-encastrar-design-moderno\/","og_locale":"pt_PT","og_type":"article","og_title":"Factory Outlet Modern Basin Faucet SUS304 Water Tap with Hot Cold Feature Classic Design Bathroom Mixer","og_description":"Factory outlet modern basin faucet made from SUS304 stainless steel with hot and cold water feature. Classic bathroom mixer design for durability and style. Produced in China, exported extensively to South American and Southeast Asian markets for premium bathroom fixtures.","og_url":"https:\/\/www.yoroow.com\/pt\/pormenor-do-produto\/torneira-mista-de-agua-quente-e-fria-para-lavatorio-em-aco-inoxidavel-para-casa-de-banho-de-hotel-ou-bancada-para-lavatorio-de-encastrar-design-moderno\/","og_site_name":"YOROOW","article_publisher":"https:\/\/www.facebook.com\/people\/yoroowfaucetfactory\/61564236752362\/","article_modified_time":"2025-05-16T01:32:43+00:00","og_image":[{"width":443,"height":443,"url":"https:\/\/www.yoroow.com\/wp-content\/uploads\/2025\/02\/61-0105.jpg","type":"image\/jpeg"}],"twitter_card":"summary_large_image","twitter_misc":{"Est. reading time":"1 minuto"},"schema":{"@context":"https:\/\/schema.org","@graph":[{"@type":"WebPage","@id":"https:\/\/www.yoroow.com\/pt\/pormenor-do-produto\/torneira-mista-de-agua-quente-e-fria-para-lavatorio-em-aco-inoxidavel-para-casa-de-banho-de-hotel-ou-bancada-para-lavatorio-de-encastrar-design-moderno\/","url":"https:\/\/www.yoroow.com\/pt\/pormenor-do-produto\/torneira-mista-de-agua-quente-e-fria-para-lavatorio-em-aco-inoxidavel-para-casa-de-banho-de-hotel-ou-bancada-para-lavatorio-de-encastrar-design-moderno\/","name":"Factory Outlet Modern Basin Faucet SUS304 Water Tap with Hot Cold Feature Classic Design Bathroom Mixer - YOROOW","isPartOf":{"@id":"https:\/\/www.yoroow.com\/pt\/#website"},"primaryImageOfPage":{"@id":"https:\/\/www.yoroow.com\/pt\/pormenor-do-produto\/torneira-mista-de-agua-quente-e-fria-para-lavatorio-em-aco-inoxidavel-para-casa-de-banho-de-hotel-ou-bancada-para-lavatorio-de-encastrar-design-moderno\/#primaryimage"},"image":{"@id":"https:\/\/www.yoroow.com\/pt\/pormenor-do-produto\/torneira-mista-de-agua-quente-e-fria-para-lavatorio-em-aco-inoxidavel-para-casa-de-banho-de-hotel-ou-bancada-para-lavatorio-de-encastrar-design-moderno\/#primaryimage"},"thumbnailUrl":"https:\/\/www.yoroow.com\/wp-content\/uploads\/2025\/02\/61-0105.jpg","datePublished":"2025-02-21T10:00:10+00:00","dateModified":"2025-05-16T01:32:43+00:00","description":"Factory outlet modern basin faucet made from SUS304 stainless steel with hot and cold water feature. Classic bathroom mixer design for durability and style. Produced in China, exported extensively to South American and Southeast Asian markets for premium bathroom fixtures.","breadcrumb":{"@id":"https:\/\/www.yoroow.com\/pt\/pormenor-do-produto\/torneira-mista-de-agua-quente-e-fria-para-lavatorio-em-aco-inoxidavel-para-casa-de-banho-de-hotel-ou-bancada-para-lavatorio-de-encastrar-design-moderno\/#breadcrumb"},"inLanguage":"pt-PT","potentialAction":[{"@type":"ReadAction","target":["https:\/\/www.yoroow.com\/pt\/pormenor-do-produto\/torneira-mista-de-agua-quente-e-fria-para-lavatorio-em-aco-inoxidavel-para-casa-de-banho-de-hotel-ou-bancada-para-lavatorio-de-encastrar-design-moderno\/"]}]},{"@type":"ImageObject","inLanguage":"pt-PT","@id":"https:\/\/www.yoroow.com\/pt\/pormenor-do-produto\/torneira-mista-de-agua-quente-e-fria-para-lavatorio-em-aco-inoxidavel-para-casa-de-banho-de-hotel-ou-bancada-para-lavatorio-de-encastrar-design-moderno\/#primaryimage","url":"https:\/\/www.yoroow.com\/wp-content\/uploads\/2025\/02\/61-0105.jpg","contentUrl":"https:\/\/www.yoroow.com\/wp-content\/uploads\/2025\/02\/61-0105.jpg","width":443,"height":443,"caption":"Modern Budget Bath & Shower Faucets Stainless Steel Hot Cold Chrome Shower Mixer Faucet SUS201 Wall Mount"},{"@type":"BreadcrumbList","@id":"https:\/\/www.yoroow.com\/pt\/pormenor-do-produto\/torneira-mista-de-agua-quente-e-fria-para-lavatorio-em-aco-inoxidavel-para-casa-de-banho-de-hotel-ou-bancada-para-lavatorio-de-encastrar-design-moderno\/#breadcrumb","itemListElement":[{"@type":"ListItem","position":1,"name":"home","item":"https:\/\/www.yoroow.com\/"},{"@type":"ListItem","position":2,"name":"Product","item":"https:\/\/www.yoroow.com\/product\/"},{"@type":"ListItem","position":3,"name":"Factory Outlet Modern Basin Faucet SUS304 Water Tap with Hot Cold Feature Classic Design Bathroom Mixer"}]},{"@type":"WebSite","@id":"https:\/\/www.yoroow.com\/pt\/#website","url":"https:\/\/www.yoroow.com\/pt\/","name":"YOROOW","description":"","publisher":{"@id":"https:\/\/www.yoroow.com\/pt\/#organization"},"potentialAction":[{"@type":"SearchAction","target":{"@type":"EntryPoint","urlTemplate":"https:\/\/www.yoroow.com\/pt\/?s={search_term_string}"},"query-input":{"@type":"PropertyValueSpecification","valueRequired":true,"valueName":"search_term_string"}}],"inLanguage":"pt-PT"},{"@type":"Organization","@id":"https:\/\/www.yoroow.com\/pt\/#organization","name":"YOROOW","url":"https:\/\/www.yoroow.com\/pt\/","logo":{"@type":"ImageObject","inLanguage":"pt-PT","@id":"https:\/\/www.yoroow.com\/pt\/#\/schema\/logo\/image\/","url":"https:\/\/www.yoroow.com\/wp-content\/uploads\/2024\/12\/2024123007131061.png","contentUrl":"https:\/\/www.yoroow.com\/wp-content\/uploads\/2024\/12\/2024123007131061.png","width":168,"height":27,"caption":"YOROOW"},"image":{"@id":"https:\/\/www.yoroow.com\/pt\/#\/schema\/logo\/image\/"},"sameAs":["https:\/\/www.facebook.com\/people\/yoroowfaucetfactory\/61564236752362\/"]}]}},"_links":{"self":[{"href":"https:\/\/www.yoroow.com\/pt\/wp-json\/wp\/v2\/product\/11983","targetHints":{"allow":["GET"]}}],"collection":[{"href":"https:\/\/www.yoroow.com\/pt\/wp-json\/wp\/v2\/product"}],"about":[{"href":"https:\/\/www.yoroow.com\/pt\/wp-json\/wp\/v2\/types\/product"}],"wp:featuredmedia":[{"embeddable":true,"href":"https:\/\/www.yoroow.com\/pt\/wp-json\/wp\/v2\/media\/11986"}],"wp:attachment":[{"href":"https:\/\/www.yoroow.com\/pt\/wp-json\/wp\/v2\/media?parent=11983"}],"wp:term":[{"taxonomy":"product_brand","embeddable":true,"href":"https:\/\/www.yoroow.com\/pt\/wp-json\/wp\/v2\/product_brand?post=11983"},{"taxonomy":"product_cat","embeddable":true,"href":"https:\/\/www.yoroow.com\/pt\/wp-json\/wp\/v2\/product_cat?post=11983"},{"taxonomy":"product_tag","embeddable":true,"href":"https:\/\/www.yoroow.com\/pt\/wp-json\/wp\/v2\/product_tag?post=11983"}],"curies":[{"name":"wp","href":"https:\/\/api.w.org\/{rel}","templated":true}]}}