{"id":11770,"date":"2025-02-21T11:29:11","date_gmt":"2025-02-21T03:29:11","guid":{"rendered":"https:\/\/www.yoroow.com\/?post_type=product&#038;p=11770"},"modified":"2025-05-30T18:18:51","modified_gmt":"2025-05-30T10:18:51","slug":"torneira-moderna-de-zinco-com-um-unico-orificio-alca-de-zinco-montada-no-conves-torneiras-de-lavatorio-de-agua-fria-para-casa-de-banho","status":"publish","type":"product","link":"https:\/\/www.yoroow.com\/pt\/pormenor-do-produto\/torneira-moderna-de-zinco-com-um-unico-orificio-alca-de-zinco-montada-no-conves-torneiras-de-lavatorio-de-agua-fria-para-casa-de-banho\/","title":{"rendered":"Torneira de lavat\u00f3rio moderna de zinco de um s\u00f3 man\u00edpulo Torneira de \u00e1gua de ferro com bainha de pl\u00e1stico termost\u00e1tica para loi\u00e7a sanit\u00e1ria com torneira \u00fanica fria"},"content":{"rendered":"<p>A Torneira de Cozinha de Parede de Alavanca \u00danica Swan Peak de Luxo de Boa Qualidade \u00e9 um produto de qualidade superior concebido para cozinhas modernas. A torneira apresenta um design elegante de pesco\u00e7o de cisne com uma \u00fanica alavanca para um controlo f\u00e1cil da temperatura e do caudal. Fabricada com lat\u00e3o e zinco de alta qualidade, oferece durabilidade e desempenho superiores. O fabrico avan\u00e7ado da YOROOW na China garante que cada torneira cumpre os mais elevados padr\u00f5es de qualidade e design. A torneira est\u00e1 a ganhar popularidade nos mercados da Am\u00e9rica do Sul e do Sudeste Asi\u00e1tico, onde o seu design luxuoso e a sua funcionalidade se adequam a projectos e renova\u00e7\u00f5es de cozinhas de luxo.<\/p>","protected":false},"excerpt":{"rendered":"<p>The Good Quality Luxury Swan Peak Single Lever Wall Mounted Kitchen Faucet is a premium product designed for modern kitchen settings. The faucet features a sleek swan neck design with a single lever for easy temperature and flow control. Made with high-quality brass and zinc, it offers superior durability and performance. YOROOW\u2019s advanced manufacturing in&#8230;<\/p>","protected":false},"featured_media":11754,"template":"","meta":{"_acf_changed":false,"_kad_post_transparent":"default","_kad_post_title":"","_kad_post_layout":"default","_kad_post_sidebar_id":"","_kad_post_content_style":"default","_kad_post_vertical_padding":"default","_kad_post_feature":"","_kad_post_feature_position":"","_kad_post_header":false,"_kad_post_footer":false},"product_brand":[],"product_cat":[219,1532],"product_tag":[3437,3421],"class_list":{"0":"post-11770","1":"product","2":"type-product","3":"status-publish","4":"has-post-thumbnail","6":"product_cat-single-cold-basin-faucet","7":"product_cat-008sseries","8":"product_tag-basin-faucet-water-tap-sanitary-ware-single-handle","9":"product_tag-zinc-basin-tap","11":"first","12":"instock","13":"shipping-taxable","14":"purchasable","15":"product-type-variable","16":"wvs-archive-product-wrapper","17":"entry","18":"content-bg","19":"loop-entry"},"acf":[],"yoast_head":"<!-- This site is optimized with the Yoast SEO Premium plugin v25.4 (Yoast SEO v27.0) - https:\/\/yoast.com\/product\/yoast-seo-premium-wordpress\/ -->\n<title>Modern Single Handle Zinc Basin Tap Thermostatic Plastic Sheathed Iron Water Tap Sanitary Ware with Single Cold Faucet Feature - YOROOW<\/title>\n<meta name=\"description\" content=\"Zinc basin tap with single handle thermostatic function, plastic sheathed iron body for sanitary ware. Suitable for residential and commercial bathrooms. Chinese factory provides customization and supports bulk export to South America and Southeast Asia.\" \/>\n<meta name=\"robots\" content=\"index, follow, max-snippet:-1, max-image-preview:large, max-video-preview:-1\" \/>\n<link rel=\"canonical\" href=\"https:\/\/www.yoroow.com\/pt\/pormenor-do-produto\/torneira-moderna-de-zinco-com-um-unico-orificio-alca-de-zinco-montada-no-conves-torneiras-de-lavatorio-de-agua-fria-para-casa-de-banho\/\" \/>\n<meta property=\"og:locale\" content=\"pt_PT\" \/>\n<meta property=\"og:type\" content=\"article\" \/>\n<meta property=\"og:title\" content=\"Modern Single Handle Zinc Basin Tap Thermostatic Plastic Sheathed Iron Water Tap Sanitary Ware with Single Cold Faucet Feature\" \/>\n<meta property=\"og:description\" content=\"Zinc basin tap with single handle thermostatic function, plastic sheathed iron body for sanitary ware. Suitable for residential and commercial bathrooms. Chinese factory provides customization and supports bulk export to South America and Southeast Asia.\" \/>\n<meta property=\"og:url\" content=\"https:\/\/www.yoroow.com\/pt\/pormenor-do-produto\/torneira-moderna-de-zinco-com-um-unico-orificio-alca-de-zinco-montada-no-conves-torneiras-de-lavatorio-de-agua-fria-para-casa-de-banho\/\" \/>\n<meta property=\"og:site_name\" content=\"YOROOW\" \/>\n<meta property=\"article:publisher\" content=\"https:\/\/www.facebook.com\/people\/yoroowfaucetfactory\/61564236752362\/\" \/>\n<meta property=\"article:modified_time\" content=\"2025-05-30T10:18:51+00:00\" \/>\n<meta property=\"og:image\" content=\"https:\/\/www.yoroow.com\/wp-content\/uploads\/2025\/02\/image111.jpg\" \/>\n\t<meta property=\"og:image:width\" content=\"497\" \/>\n\t<meta property=\"og:image:height\" content=\"495\" \/>\n\t<meta property=\"og:image:type\" content=\"image\/jpeg\" \/>\n<meta name=\"twitter:card\" content=\"summary_large_image\" \/>\n<meta name=\"twitter:label1\" content=\"Est. reading time\" \/>\n\t<meta name=\"twitter:data1\" content=\"1 minuto\" \/>\n<script type=\"application\/ld+json\" class=\"yoast-schema-graph\">{\"@context\":\"https:\/\/schema.org\",\"@graph\":[{\"@type\":\"WebPage\",\"@id\":\"https:\/\/www.yoroow.com\/pt\/pormenor-do-produto\/torneira-moderna-de-zinco-com-um-unico-orificio-alca-de-zinco-montada-no-conves-torneiras-de-lavatorio-de-agua-fria-para-casa-de-banho\/\",\"url\":\"https:\/\/www.yoroow.com\/pt\/pormenor-do-produto\/torneira-moderna-de-zinco-com-um-unico-orificio-alca-de-zinco-montada-no-conves-torneiras-de-lavatorio-de-agua-fria-para-casa-de-banho\/\",\"name\":\"Modern Single Handle Zinc Basin Tap Thermostatic Plastic Sheathed Iron Water Tap Sanitary Ware with Single Cold Faucet Feature - YOROOW\",\"isPartOf\":{\"@id\":\"https:\/\/www.yoroow.com\/pt\/#website\"},\"primaryImageOfPage\":{\"@id\":\"https:\/\/www.yoroow.com\/pt\/pormenor-do-produto\/torneira-moderna-de-zinco-com-um-unico-orificio-alca-de-zinco-montada-no-conves-torneiras-de-lavatorio-de-agua-fria-para-casa-de-banho\/#primaryimage\"},\"image\":{\"@id\":\"https:\/\/www.yoroow.com\/pt\/pormenor-do-produto\/torneira-moderna-de-zinco-com-um-unico-orificio-alca-de-zinco-montada-no-conves-torneiras-de-lavatorio-de-agua-fria-para-casa-de-banho\/#primaryimage\"},\"thumbnailUrl\":\"https:\/\/www.yoroow.com\/wp-content\/uploads\/2025\/02\/image111.jpg\",\"datePublished\":\"2025-02-21T03:29:11+00:00\",\"dateModified\":\"2025-05-30T10:18:51+00:00\",\"description\":\"Zinc basin tap with single handle thermostatic function, plastic sheathed iron body for sanitary ware. Suitable for residential and commercial bathrooms. Chinese factory provides customization and supports bulk export to South America and Southeast Asia.\",\"breadcrumb\":{\"@id\":\"https:\/\/www.yoroow.com\/pt\/pormenor-do-produto\/torneira-moderna-de-zinco-com-um-unico-orificio-alca-de-zinco-montada-no-conves-torneiras-de-lavatorio-de-agua-fria-para-casa-de-banho\/#breadcrumb\"},\"inLanguage\":\"pt-PT\",\"potentialAction\":[{\"@type\":\"ReadAction\",\"target\":[\"https:\/\/www.yoroow.com\/pt\/pormenor-do-produto\/torneira-moderna-de-zinco-com-um-unico-orificio-alca-de-zinco-montada-no-conves-torneiras-de-lavatorio-de-agua-fria-para-casa-de-banho\/\"]}]},{\"@type\":\"ImageObject\",\"inLanguage\":\"pt-PT\",\"@id\":\"https:\/\/www.yoroow.com\/pt\/pormenor-do-produto\/torneira-moderna-de-zinco-com-um-unico-orificio-alca-de-zinco-montada-no-conves-torneiras-de-lavatorio-de-agua-fria-para-casa-de-banho\/#primaryimage\",\"url\":\"https:\/\/www.yoroow.com\/wp-content\/uploads\/2025\/02\/image111.jpg\",\"contentUrl\":\"https:\/\/www.yoroow.com\/wp-content\/uploads\/2025\/02\/image111.jpg\",\"width\":497,\"height\":495,\"caption\":\"High Quality Modern Style Wall Mount Tap Zinc Body Faucet for Hotels Gardens Long Body Plastic Faucet Accessories\"},{\"@type\":\"BreadcrumbList\",\"@id\":\"https:\/\/www.yoroow.com\/pt\/pormenor-do-produto\/torneira-moderna-de-zinco-com-um-unico-orificio-alca-de-zinco-montada-no-conves-torneiras-de-lavatorio-de-agua-fria-para-casa-de-banho\/#breadcrumb\",\"itemListElement\":[{\"@type\":\"ListItem\",\"position\":1,\"name\":\"home\",\"item\":\"https:\/\/www.yoroow.com\/\"},{\"@type\":\"ListItem\",\"position\":2,\"name\":\"Product\",\"item\":\"https:\/\/www.yoroow.com\/product\/\"},{\"@type\":\"ListItem\",\"position\":3,\"name\":\"Modern Single Handle Zinc Basin Tap Thermostatic Plastic Sheathed Iron Water Tap Sanitary Ware with Single Cold Faucet Feature\"}]},{\"@type\":\"WebSite\",\"@id\":\"https:\/\/www.yoroow.com\/pt\/#website\",\"url\":\"https:\/\/www.yoroow.com\/pt\/\",\"name\":\"YOROOW\",\"description\":\"\",\"publisher\":{\"@id\":\"https:\/\/www.yoroow.com\/pt\/#organization\"},\"potentialAction\":[{\"@type\":\"SearchAction\",\"target\":{\"@type\":\"EntryPoint\",\"urlTemplate\":\"https:\/\/www.yoroow.com\/pt\/?s={search_term_string}\"},\"query-input\":{\"@type\":\"PropertyValueSpecification\",\"valueRequired\":true,\"valueName\":\"search_term_string\"}}],\"inLanguage\":\"pt-PT\"},{\"@type\":\"Organization\",\"@id\":\"https:\/\/www.yoroow.com\/pt\/#organization\",\"name\":\"YOROOW\",\"url\":\"https:\/\/www.yoroow.com\/pt\/\",\"logo\":{\"@type\":\"ImageObject\",\"inLanguage\":\"pt-PT\",\"@id\":\"https:\/\/www.yoroow.com\/pt\/#\/schema\/logo\/image\/\",\"url\":\"https:\/\/www.yoroow.com\/wp-content\/uploads\/2024\/12\/2024123007131061.png\",\"contentUrl\":\"https:\/\/www.yoroow.com\/wp-content\/uploads\/2024\/12\/2024123007131061.png\",\"width\":168,\"height\":27,\"caption\":\"YOROOW\"},\"image\":{\"@id\":\"https:\/\/www.yoroow.com\/pt\/#\/schema\/logo\/image\/\"},\"sameAs\":[\"https:\/\/www.facebook.com\/people\/yoroowfaucetfactory\/61564236752362\/\"]}]}<\/script>\n<!-- \/ Yoast SEO Premium plugin. -->","yoast_head_json":{"title":"Modern Single Handle Zinc Basin Tap Thermostatic Plastic Sheathed Iron Water Tap Sanitary Ware with Single Cold Faucet Feature - YOROOW","description":"Zinc basin tap with single handle thermostatic function, plastic sheathed iron body for sanitary ware. Suitable for residential and commercial bathrooms. Chinese factory provides customization and supports bulk export to South America and Southeast Asia.","robots":{"index":"index","follow":"follow","max-snippet":"max-snippet:-1","max-image-preview":"max-image-preview:large","max-video-preview":"max-video-preview:-1"},"canonical":"https:\/\/www.yoroow.com\/pt\/pormenor-do-produto\/torneira-moderna-de-zinco-com-um-unico-orificio-alca-de-zinco-montada-no-conves-torneiras-de-lavatorio-de-agua-fria-para-casa-de-banho\/","og_locale":"pt_PT","og_type":"article","og_title":"Modern Single Handle Zinc Basin Tap Thermostatic Plastic Sheathed Iron Water Tap Sanitary Ware with Single Cold Faucet Feature","og_description":"Zinc basin tap with single handle thermostatic function, plastic sheathed iron body for sanitary ware. Suitable for residential and commercial bathrooms. Chinese factory provides customization and supports bulk export to South America and Southeast Asia.","og_url":"https:\/\/www.yoroow.com\/pt\/pormenor-do-produto\/torneira-moderna-de-zinco-com-um-unico-orificio-alca-de-zinco-montada-no-conves-torneiras-de-lavatorio-de-agua-fria-para-casa-de-banho\/","og_site_name":"YOROOW","article_publisher":"https:\/\/www.facebook.com\/people\/yoroowfaucetfactory\/61564236752362\/","article_modified_time":"2025-05-30T10:18:51+00:00","og_image":[{"width":497,"height":495,"url":"https:\/\/www.yoroow.com\/wp-content\/uploads\/2025\/02\/image111.jpg","type":"image\/jpeg"}],"twitter_card":"summary_large_image","twitter_misc":{"Est. reading time":"1 minuto"},"schema":{"@context":"https:\/\/schema.org","@graph":[{"@type":"WebPage","@id":"https:\/\/www.yoroow.com\/pt\/pormenor-do-produto\/torneira-moderna-de-zinco-com-um-unico-orificio-alca-de-zinco-montada-no-conves-torneiras-de-lavatorio-de-agua-fria-para-casa-de-banho\/","url":"https:\/\/www.yoroow.com\/pt\/pormenor-do-produto\/torneira-moderna-de-zinco-com-um-unico-orificio-alca-de-zinco-montada-no-conves-torneiras-de-lavatorio-de-agua-fria-para-casa-de-banho\/","name":"Modern Single Handle Zinc Basin Tap Thermostatic Plastic Sheathed Iron Water Tap Sanitary Ware with Single Cold Faucet Feature - YOROOW","isPartOf":{"@id":"https:\/\/www.yoroow.com\/pt\/#website"},"primaryImageOfPage":{"@id":"https:\/\/www.yoroow.com\/pt\/pormenor-do-produto\/torneira-moderna-de-zinco-com-um-unico-orificio-alca-de-zinco-montada-no-conves-torneiras-de-lavatorio-de-agua-fria-para-casa-de-banho\/#primaryimage"},"image":{"@id":"https:\/\/www.yoroow.com\/pt\/pormenor-do-produto\/torneira-moderna-de-zinco-com-um-unico-orificio-alca-de-zinco-montada-no-conves-torneiras-de-lavatorio-de-agua-fria-para-casa-de-banho\/#primaryimage"},"thumbnailUrl":"https:\/\/www.yoroow.com\/wp-content\/uploads\/2025\/02\/image111.jpg","datePublished":"2025-02-21T03:29:11+00:00","dateModified":"2025-05-30T10:18:51+00:00","description":"Zinc basin tap with single handle thermostatic function, plastic sheathed iron body for sanitary ware. Suitable for residential and commercial bathrooms. Chinese factory provides customization and supports bulk export to South America and Southeast Asia.","breadcrumb":{"@id":"https:\/\/www.yoroow.com\/pt\/pormenor-do-produto\/torneira-moderna-de-zinco-com-um-unico-orificio-alca-de-zinco-montada-no-conves-torneiras-de-lavatorio-de-agua-fria-para-casa-de-banho\/#breadcrumb"},"inLanguage":"pt-PT","potentialAction":[{"@type":"ReadAction","target":["https:\/\/www.yoroow.com\/pt\/pormenor-do-produto\/torneira-moderna-de-zinco-com-um-unico-orificio-alca-de-zinco-montada-no-conves-torneiras-de-lavatorio-de-agua-fria-para-casa-de-banho\/"]}]},{"@type":"ImageObject","inLanguage":"pt-PT","@id":"https:\/\/www.yoroow.com\/pt\/pormenor-do-produto\/torneira-moderna-de-zinco-com-um-unico-orificio-alca-de-zinco-montada-no-conves-torneiras-de-lavatorio-de-agua-fria-para-casa-de-banho\/#primaryimage","url":"https:\/\/www.yoroow.com\/wp-content\/uploads\/2025\/02\/image111.jpg","contentUrl":"https:\/\/www.yoroow.com\/wp-content\/uploads\/2025\/02\/image111.jpg","width":497,"height":495,"caption":"High Quality Modern Style Wall Mount Tap Zinc Body Faucet for Hotels Gardens Long Body Plastic Faucet Accessories"},{"@type":"BreadcrumbList","@id":"https:\/\/www.yoroow.com\/pt\/pormenor-do-produto\/torneira-moderna-de-zinco-com-um-unico-orificio-alca-de-zinco-montada-no-conves-torneiras-de-lavatorio-de-agua-fria-para-casa-de-banho\/#breadcrumb","itemListElement":[{"@type":"ListItem","position":1,"name":"home","item":"https:\/\/www.yoroow.com\/"},{"@type":"ListItem","position":2,"name":"Product","item":"https:\/\/www.yoroow.com\/product\/"},{"@type":"ListItem","position":3,"name":"Modern Single Handle Zinc Basin Tap Thermostatic Plastic Sheathed Iron Water Tap Sanitary Ware with Single Cold Faucet Feature"}]},{"@type":"WebSite","@id":"https:\/\/www.yoroow.com\/pt\/#website","url":"https:\/\/www.yoroow.com\/pt\/","name":"YOROOW","description":"","publisher":{"@id":"https:\/\/www.yoroow.com\/pt\/#organization"},"potentialAction":[{"@type":"SearchAction","target":{"@type":"EntryPoint","urlTemplate":"https:\/\/www.yoroow.com\/pt\/?s={search_term_string}"},"query-input":{"@type":"PropertyValueSpecification","valueRequired":true,"valueName":"search_term_string"}}],"inLanguage":"pt-PT"},{"@type":"Organization","@id":"https:\/\/www.yoroow.com\/pt\/#organization","name":"YOROOW","url":"https:\/\/www.yoroow.com\/pt\/","logo":{"@type":"ImageObject","inLanguage":"pt-PT","@id":"https:\/\/www.yoroow.com\/pt\/#\/schema\/logo\/image\/","url":"https:\/\/www.yoroow.com\/wp-content\/uploads\/2024\/12\/2024123007131061.png","contentUrl":"https:\/\/www.yoroow.com\/wp-content\/uploads\/2024\/12\/2024123007131061.png","width":168,"height":27,"caption":"YOROOW"},"image":{"@id":"https:\/\/www.yoroow.com\/pt\/#\/schema\/logo\/image\/"},"sameAs":["https:\/\/www.facebook.com\/people\/yoroowfaucetfactory\/61564236752362\/"]}]}},"_links":{"self":[{"href":"https:\/\/www.yoroow.com\/pt\/wp-json\/wp\/v2\/product\/11770","targetHints":{"allow":["GET"]}}],"collection":[{"href":"https:\/\/www.yoroow.com\/pt\/wp-json\/wp\/v2\/product"}],"about":[{"href":"https:\/\/www.yoroow.com\/pt\/wp-json\/wp\/v2\/types\/product"}],"wp:featuredmedia":[{"embeddable":true,"href":"https:\/\/www.yoroow.com\/pt\/wp-json\/wp\/v2\/media\/11754"}],"wp:attachment":[{"href":"https:\/\/www.yoroow.com\/pt\/wp-json\/wp\/v2\/media?parent=11770"}],"wp:term":[{"taxonomy":"product_brand","embeddable":true,"href":"https:\/\/www.yoroow.com\/pt\/wp-json\/wp\/v2\/product_brand?post=11770"},{"taxonomy":"product_cat","embeddable":true,"href":"https:\/\/www.yoroow.com\/pt\/wp-json\/wp\/v2\/product_cat?post=11770"},{"taxonomy":"product_tag","embeddable":true,"href":"https:\/\/www.yoroow.com\/pt\/wp-json\/wp\/v2\/product_tag?post=11770"}],"curies":[{"name":"wp","href":"https:\/\/api.w.org\/{rel}","templated":true}]}}