{"id":11737,"date":"2025-02-21T10:40:08","date_gmt":"2025-02-21T02:40:08","guid":{"rendered":"https:\/\/www.yoroow.com\/?post_type=product&#038;p=11737"},"modified":"2025-05-16T09:27:14","modified_gmt":"2025-05-16T01:27:14","slug":"venda-a-quente-de-torneira-de-chuveiro-de-casa-de-banho-de-hotel-de-pega-dupla-de-parede-misturador-de-torneira-de-banheira","status":"publish","type":"product","link":"https:\/\/www.yoroow.com\/pt\/pormenor-do-produto\/venda-a-quente-de-torneira-de-chuveiro-de-casa-de-banho-de-hotel-de-pega-dupla-de-parede-misturador-de-torneira-de-banheira\/","title":{"rendered":"Torneiras de banho de duas pegas para hotel, chuveiro, banheira, misturador de parede, pl\u00e1stico, ferro com bainha, torneiras de banho e duche em zinco"},"content":{"rendered":"<p>A Torneira de Cozinha de Luxo de Alta Qualidade em dourado \u00e9 uma torneira de lava-loi\u00e7a sofisticada que apresenta um \u00fanico man\u00edpulo de \u00e1gua fria e um luxuoso acabamento em dourado. Esta torneira \u00e9 ideal para cozinhas de hot\u00e9is, apartamentos residenciais de luxo e restaurantes de luxo. A sua constru\u00e7\u00e3o em n\u00edquel escovado garante durabilidade e o seu funcionamento suave torna-a perfeita para \u00e1reas de utiliza\u00e7\u00e3o elevada. Concebida pela equipa especializada de I&amp;D da YOROOW na China, esta torneira demonstra o compromisso da empresa com a qualidade de fabrico. O tom dourado da torneira d\u00e1 um toque de eleg\u00e2ncia a qualquer cozinha e o seu design topo de gama apela \u00e0 crescente procura nos mercados da Am\u00e9rica do Sul e do Sudeste Asi\u00e1tico, onde os acess\u00f3rios de cozinha de luxo s\u00e3o cada vez mais populares.<\/p>","protected":false},"excerpt":{"rendered":"<p>The High-Quality Luxury Kitchen Faucet in gold is a sophisticated sink faucet that features a single cold water handle and a luxurious gold finish. This faucet is ideal for hotel kitchens, residential luxury apartments, and upscale restaurants. Its brush nickel construction ensures durability, and its smooth operation makes it perfect for high-use areas. Designed by&#8230;<\/p>","protected":false},"featured_media":11743,"template":"","meta":{"_acf_changed":false,"_kad_post_transparent":"default","_kad_post_title":"","_kad_post_layout":"default","_kad_post_sidebar_id":"","_kad_post_content_style":"default","_kad_post_vertical_padding":"default","_kad_post_feature":"","_kad_post_feature_position":"","_kad_post_header":false,"_kad_post_footer":false},"product_brand":[],"product_cat":[122,1530],"product_tag":[6438,6346],"class_list":{"0":"post-11737","1":"product","2":"type-product","3":"status-publish","4":"has-post-thumbnail","6":"product_cat-bathshower-faucet","7":"product_cat-832sseries","8":"product_tag-bathroom-shower-faucet","9":"product_tag-shower-faucet-plastic","11":"first","12":"instock","13":"shipping-taxable","14":"product-type-variable","15":"wvs-archive-product-wrapper","16":"entry","17":"content-bg","18":"loop-entry"},"acf":[],"yoast_head":"<!-- This site is optimized with the Yoast SEO Premium plugin v25.4 (Yoast SEO v27.0) - https:\/\/yoast.com\/product\/yoast-seo-premium-wordpress\/ -->\n<title>Hot Selling Dual Handle Hotel Bathroom Shower Bathtub Faucet Mixer Wall Mounted Plastic Sheathed Iron Zinc Bath &amp; Shower Faucets - YOROOW<\/title>\n<meta name=\"description\" content=\"Hot selling dual handle hotel bathroom shower and bathtub faucet mixer with wall-mounted plastic sheathed iron zinc body. Chinese factory offers competitive export services for Southeast Asian and South American hospitality sectors.\" \/>\n<meta name=\"robots\" content=\"index, follow, max-snippet:-1, max-image-preview:large, max-video-preview:-1\" \/>\n<link rel=\"canonical\" href=\"https:\/\/www.yoroow.com\/pt\/pormenor-do-produto\/venda-a-quente-de-torneira-de-chuveiro-de-casa-de-banho-de-hotel-de-pega-dupla-de-parede-misturador-de-torneira-de-banheira\/\" \/>\n<meta property=\"og:locale\" content=\"pt_PT\" \/>\n<meta property=\"og:type\" content=\"article\" \/>\n<meta property=\"og:title\" content=\"Hot Selling Dual Handle Hotel Bathroom Shower Bathtub Faucet Mixer Wall Mounted Plastic Sheathed Iron Zinc Bath &amp; Shower Faucets\" \/>\n<meta property=\"og:description\" content=\"Hot selling dual handle hotel bathroom shower and bathtub faucet mixer with wall-mounted plastic sheathed iron zinc body. Chinese factory offers competitive export services for Southeast Asian and South American hospitality sectors.\" \/>\n<meta property=\"og:url\" content=\"https:\/\/www.yoroow.com\/pt\/pormenor-do-produto\/venda-a-quente-de-torneira-de-chuveiro-de-casa-de-banho-de-hotel-de-pega-dupla-de-parede-misturador-de-torneira-de-banheira\/\" \/>\n<meta property=\"og:site_name\" content=\"YOROOW\" \/>\n<meta property=\"article:publisher\" content=\"https:\/\/www.facebook.com\/people\/yoroowfaucetfactory\/61564236752362\/\" \/>\n<meta property=\"article:modified_time\" content=\"2025-05-16T01:27:14+00:00\" \/>\n<meta property=\"og:image\" content=\"https:\/\/www.yoroow.com\/wp-content\/uploads\/2025\/02\/8311A-127A.jpg\" \/>\n\t<meta property=\"og:image:width\" content=\"800\" \/>\n\t<meta property=\"og:image:height\" content=\"800\" \/>\n\t<meta property=\"og:image:type\" content=\"image\/jpeg\" \/>\n<meta name=\"twitter:card\" content=\"summary_large_image\" \/>\n<meta name=\"twitter:label1\" content=\"Est. reading time\" \/>\n\t<meta name=\"twitter:data1\" content=\"1 minuto\" \/>\n<script type=\"application\/ld+json\" class=\"yoast-schema-graph\">{\"@context\":\"https:\/\/schema.org\",\"@graph\":[{\"@type\":\"WebPage\",\"@id\":\"https:\/\/www.yoroow.com\/pt\/pormenor-do-produto\/venda-a-quente-de-torneira-de-chuveiro-de-casa-de-banho-de-hotel-de-pega-dupla-de-parede-misturador-de-torneira-de-banheira\/\",\"url\":\"https:\/\/www.yoroow.com\/pt\/pormenor-do-produto\/venda-a-quente-de-torneira-de-chuveiro-de-casa-de-banho-de-hotel-de-pega-dupla-de-parede-misturador-de-torneira-de-banheira\/\",\"name\":\"Hot Selling Dual Handle Hotel Bathroom Shower Bathtub Faucet Mixer Wall Mounted Plastic Sheathed Iron Zinc Bath & Shower Faucets - YOROOW\",\"isPartOf\":{\"@id\":\"https:\/\/www.yoroow.com\/pt\/#website\"},\"primaryImageOfPage\":{\"@id\":\"https:\/\/www.yoroow.com\/pt\/pormenor-do-produto\/venda-a-quente-de-torneira-de-chuveiro-de-casa-de-banho-de-hotel-de-pega-dupla-de-parede-misturador-de-torneira-de-banheira\/#primaryimage\"},\"image\":{\"@id\":\"https:\/\/www.yoroow.com\/pt\/pormenor-do-produto\/venda-a-quente-de-torneira-de-chuveiro-de-casa-de-banho-de-hotel-de-pega-dupla-de-parede-misturador-de-torneira-de-banheira\/#primaryimage\"},\"thumbnailUrl\":\"https:\/\/www.yoroow.com\/wp-content\/uploads\/2025\/02\/8311A-127A.jpg\",\"datePublished\":\"2025-02-21T02:40:08+00:00\",\"dateModified\":\"2025-05-16T01:27:14+00:00\",\"description\":\"Hot selling dual handle hotel bathroom shower and bathtub faucet mixer with wall-mounted plastic sheathed iron zinc body. Chinese factory offers competitive export services for Southeast Asian and South American hospitality sectors.\",\"breadcrumb\":{\"@id\":\"https:\/\/www.yoroow.com\/pt\/pormenor-do-produto\/venda-a-quente-de-torneira-de-chuveiro-de-casa-de-banho-de-hotel-de-pega-dupla-de-parede-misturador-de-torneira-de-banheira\/#breadcrumb\"},\"inLanguage\":\"pt-PT\",\"potentialAction\":[{\"@type\":\"ReadAction\",\"target\":[\"https:\/\/www.yoroow.com\/pt\/pormenor-do-produto\/venda-a-quente-de-torneira-de-chuveiro-de-casa-de-banho-de-hotel-de-pega-dupla-de-parede-misturador-de-torneira-de-banheira\/\"]}]},{\"@type\":\"ImageObject\",\"inLanguage\":\"pt-PT\",\"@id\":\"https:\/\/www.yoroow.com\/pt\/pormenor-do-produto\/venda-a-quente-de-torneira-de-chuveiro-de-casa-de-banho-de-hotel-de-pega-dupla-de-parede-misturador-de-torneira-de-banheira\/#primaryimage\",\"url\":\"https:\/\/www.yoroow.com\/wp-content\/uploads\/2025\/02\/8311A-127A.jpg\",\"contentUrl\":\"https:\/\/www.yoroow.com\/wp-content\/uploads\/2025\/02\/8311A-127A.jpg\",\"width\":800,\"height\":800,\"caption\":\"New Design Wall Mounted Kitchen Faucet Dual Handles Zinc Water Tap Hot Cold Water Basin Tap Sanitary WareTaps Kitchen Water\"},{\"@type\":\"BreadcrumbList\",\"@id\":\"https:\/\/www.yoroow.com\/pt\/pormenor-do-produto\/venda-a-quente-de-torneira-de-chuveiro-de-casa-de-banho-de-hotel-de-pega-dupla-de-parede-misturador-de-torneira-de-banheira\/#breadcrumb\",\"itemListElement\":[{\"@type\":\"ListItem\",\"position\":1,\"name\":\"home\",\"item\":\"https:\/\/www.yoroow.com\/\"},{\"@type\":\"ListItem\",\"position\":2,\"name\":\"Product\",\"item\":\"https:\/\/www.yoroow.com\/product\/\"},{\"@type\":\"ListItem\",\"position\":3,\"name\":\"Hot Selling Dual Handle Hotel Bathroom Shower Bathtub Faucet Mixer Wall Mounted Plastic Sheathed Iron Zinc Bath &#038; Shower Faucets\"}]},{\"@type\":\"WebSite\",\"@id\":\"https:\/\/www.yoroow.com\/pt\/#website\",\"url\":\"https:\/\/www.yoroow.com\/pt\/\",\"name\":\"YOROOW\",\"description\":\"\",\"publisher\":{\"@id\":\"https:\/\/www.yoroow.com\/pt\/#organization\"},\"potentialAction\":[{\"@type\":\"SearchAction\",\"target\":{\"@type\":\"EntryPoint\",\"urlTemplate\":\"https:\/\/www.yoroow.com\/pt\/?s={search_term_string}\"},\"query-input\":{\"@type\":\"PropertyValueSpecification\",\"valueRequired\":true,\"valueName\":\"search_term_string\"}}],\"inLanguage\":\"pt-PT\"},{\"@type\":\"Organization\",\"@id\":\"https:\/\/www.yoroow.com\/pt\/#organization\",\"name\":\"YOROOW\",\"url\":\"https:\/\/www.yoroow.com\/pt\/\",\"logo\":{\"@type\":\"ImageObject\",\"inLanguage\":\"pt-PT\",\"@id\":\"https:\/\/www.yoroow.com\/pt\/#\/schema\/logo\/image\/\",\"url\":\"https:\/\/www.yoroow.com\/wp-content\/uploads\/2024\/12\/2024123007131061.png\",\"contentUrl\":\"https:\/\/www.yoroow.com\/wp-content\/uploads\/2024\/12\/2024123007131061.png\",\"width\":168,\"height\":27,\"caption\":\"YOROOW\"},\"image\":{\"@id\":\"https:\/\/www.yoroow.com\/pt\/#\/schema\/logo\/image\/\"},\"sameAs\":[\"https:\/\/www.facebook.com\/people\/yoroowfaucetfactory\/61564236752362\/\"]}]}<\/script>\n<!-- \/ Yoast SEO Premium plugin. -->","yoast_head_json":{"title":"Hot Selling Dual Handle Hotel Bathroom Shower Bathtub Faucet Mixer Wall Mounted Plastic Sheathed Iron Zinc Bath & Shower Faucets - YOROOW","description":"Hot selling dual handle hotel bathroom shower and bathtub faucet mixer with wall-mounted plastic sheathed iron zinc body. Chinese factory offers competitive export services for Southeast Asian and South American hospitality sectors.","robots":{"index":"index","follow":"follow","max-snippet":"max-snippet:-1","max-image-preview":"max-image-preview:large","max-video-preview":"max-video-preview:-1"},"canonical":"https:\/\/www.yoroow.com\/pt\/pormenor-do-produto\/venda-a-quente-de-torneira-de-chuveiro-de-casa-de-banho-de-hotel-de-pega-dupla-de-parede-misturador-de-torneira-de-banheira\/","og_locale":"pt_PT","og_type":"article","og_title":"Hot Selling Dual Handle Hotel Bathroom Shower Bathtub Faucet Mixer Wall Mounted Plastic Sheathed Iron Zinc Bath & Shower Faucets","og_description":"Hot selling dual handle hotel bathroom shower and bathtub faucet mixer with wall-mounted plastic sheathed iron zinc body. Chinese factory offers competitive export services for Southeast Asian and South American hospitality sectors.","og_url":"https:\/\/www.yoroow.com\/pt\/pormenor-do-produto\/venda-a-quente-de-torneira-de-chuveiro-de-casa-de-banho-de-hotel-de-pega-dupla-de-parede-misturador-de-torneira-de-banheira\/","og_site_name":"YOROOW","article_publisher":"https:\/\/www.facebook.com\/people\/yoroowfaucetfactory\/61564236752362\/","article_modified_time":"2025-05-16T01:27:14+00:00","og_image":[{"width":800,"height":800,"url":"https:\/\/www.yoroow.com\/wp-content\/uploads\/2025\/02\/8311A-127A.jpg","type":"image\/jpeg"}],"twitter_card":"summary_large_image","twitter_misc":{"Est. reading time":"1 minuto"},"schema":{"@context":"https:\/\/schema.org","@graph":[{"@type":"WebPage","@id":"https:\/\/www.yoroow.com\/pt\/pormenor-do-produto\/venda-a-quente-de-torneira-de-chuveiro-de-casa-de-banho-de-hotel-de-pega-dupla-de-parede-misturador-de-torneira-de-banheira\/","url":"https:\/\/www.yoroow.com\/pt\/pormenor-do-produto\/venda-a-quente-de-torneira-de-chuveiro-de-casa-de-banho-de-hotel-de-pega-dupla-de-parede-misturador-de-torneira-de-banheira\/","name":"Hot Selling Dual Handle Hotel Bathroom Shower Bathtub Faucet Mixer Wall Mounted Plastic Sheathed Iron Zinc Bath & Shower Faucets - YOROOW","isPartOf":{"@id":"https:\/\/www.yoroow.com\/pt\/#website"},"primaryImageOfPage":{"@id":"https:\/\/www.yoroow.com\/pt\/pormenor-do-produto\/venda-a-quente-de-torneira-de-chuveiro-de-casa-de-banho-de-hotel-de-pega-dupla-de-parede-misturador-de-torneira-de-banheira\/#primaryimage"},"image":{"@id":"https:\/\/www.yoroow.com\/pt\/pormenor-do-produto\/venda-a-quente-de-torneira-de-chuveiro-de-casa-de-banho-de-hotel-de-pega-dupla-de-parede-misturador-de-torneira-de-banheira\/#primaryimage"},"thumbnailUrl":"https:\/\/www.yoroow.com\/wp-content\/uploads\/2025\/02\/8311A-127A.jpg","datePublished":"2025-02-21T02:40:08+00:00","dateModified":"2025-05-16T01:27:14+00:00","description":"Hot selling dual handle hotel bathroom shower and bathtub faucet mixer with wall-mounted plastic sheathed iron zinc body. Chinese factory offers competitive export services for Southeast Asian and South American hospitality sectors.","breadcrumb":{"@id":"https:\/\/www.yoroow.com\/pt\/pormenor-do-produto\/venda-a-quente-de-torneira-de-chuveiro-de-casa-de-banho-de-hotel-de-pega-dupla-de-parede-misturador-de-torneira-de-banheira\/#breadcrumb"},"inLanguage":"pt-PT","potentialAction":[{"@type":"ReadAction","target":["https:\/\/www.yoroow.com\/pt\/pormenor-do-produto\/venda-a-quente-de-torneira-de-chuveiro-de-casa-de-banho-de-hotel-de-pega-dupla-de-parede-misturador-de-torneira-de-banheira\/"]}]},{"@type":"ImageObject","inLanguage":"pt-PT","@id":"https:\/\/www.yoroow.com\/pt\/pormenor-do-produto\/venda-a-quente-de-torneira-de-chuveiro-de-casa-de-banho-de-hotel-de-pega-dupla-de-parede-misturador-de-torneira-de-banheira\/#primaryimage","url":"https:\/\/www.yoroow.com\/wp-content\/uploads\/2025\/02\/8311A-127A.jpg","contentUrl":"https:\/\/www.yoroow.com\/wp-content\/uploads\/2025\/02\/8311A-127A.jpg","width":800,"height":800,"caption":"New Design Wall Mounted Kitchen Faucet Dual Handles Zinc Water Tap Hot Cold Water Basin Tap Sanitary WareTaps Kitchen Water"},{"@type":"BreadcrumbList","@id":"https:\/\/www.yoroow.com\/pt\/pormenor-do-produto\/venda-a-quente-de-torneira-de-chuveiro-de-casa-de-banho-de-hotel-de-pega-dupla-de-parede-misturador-de-torneira-de-banheira\/#breadcrumb","itemListElement":[{"@type":"ListItem","position":1,"name":"home","item":"https:\/\/www.yoroow.com\/"},{"@type":"ListItem","position":2,"name":"Product","item":"https:\/\/www.yoroow.com\/product\/"},{"@type":"ListItem","position":3,"name":"Hot Selling Dual Handle Hotel Bathroom Shower Bathtub Faucet Mixer Wall Mounted Plastic Sheathed Iron Zinc Bath &#038; Shower Faucets"}]},{"@type":"WebSite","@id":"https:\/\/www.yoroow.com\/pt\/#website","url":"https:\/\/www.yoroow.com\/pt\/","name":"YOROOW","description":"","publisher":{"@id":"https:\/\/www.yoroow.com\/pt\/#organization"},"potentialAction":[{"@type":"SearchAction","target":{"@type":"EntryPoint","urlTemplate":"https:\/\/www.yoroow.com\/pt\/?s={search_term_string}"},"query-input":{"@type":"PropertyValueSpecification","valueRequired":true,"valueName":"search_term_string"}}],"inLanguage":"pt-PT"},{"@type":"Organization","@id":"https:\/\/www.yoroow.com\/pt\/#organization","name":"YOROOW","url":"https:\/\/www.yoroow.com\/pt\/","logo":{"@type":"ImageObject","inLanguage":"pt-PT","@id":"https:\/\/www.yoroow.com\/pt\/#\/schema\/logo\/image\/","url":"https:\/\/www.yoroow.com\/wp-content\/uploads\/2024\/12\/2024123007131061.png","contentUrl":"https:\/\/www.yoroow.com\/wp-content\/uploads\/2024\/12\/2024123007131061.png","width":168,"height":27,"caption":"YOROOW"},"image":{"@id":"https:\/\/www.yoroow.com\/pt\/#\/schema\/logo\/image\/"},"sameAs":["https:\/\/www.facebook.com\/people\/yoroowfaucetfactory\/61564236752362\/"]}]}},"_links":{"self":[{"href":"https:\/\/www.yoroow.com\/pt\/wp-json\/wp\/v2\/product\/11737","targetHints":{"allow":["GET"]}}],"collection":[{"href":"https:\/\/www.yoroow.com\/pt\/wp-json\/wp\/v2\/product"}],"about":[{"href":"https:\/\/www.yoroow.com\/pt\/wp-json\/wp\/v2\/types\/product"}],"wp:featuredmedia":[{"embeddable":true,"href":"https:\/\/www.yoroow.com\/pt\/wp-json\/wp\/v2\/media\/11743"}],"wp:attachment":[{"href":"https:\/\/www.yoroow.com\/pt\/wp-json\/wp\/v2\/media?parent=11737"}],"wp:term":[{"taxonomy":"product_brand","embeddable":true,"href":"https:\/\/www.yoroow.com\/pt\/wp-json\/wp\/v2\/product_brand?post=11737"},{"taxonomy":"product_cat","embeddable":true,"href":"https:\/\/www.yoroow.com\/pt\/wp-json\/wp\/v2\/product_cat?post=11737"},{"taxonomy":"product_tag","embeddable":true,"href":"https:\/\/www.yoroow.com\/pt\/wp-json\/wp\/v2\/product_tag?post=11737"}],"curies":[{"name":"wp","href":"https:\/\/api.w.org\/{rel}","templated":true}]}}