{"id":11736,"date":"2025-02-21T10:35:38","date_gmt":"2025-02-21T02:35:38","guid":{"rendered":"https:\/\/www.yoroow.com\/?post_type=product&#038;p=11736"},"modified":"2025-05-16T09:27:12","modified_gmt":"2025-05-16T01:27:12","slug":"torneiras-sanitarias-e-torneiras-de-design-novo-pegas-duplas-de-zinco-para-cozinha-de-parede-torneira-misturadora-de-agua","status":"publish","type":"product","link":"https:\/\/www.yoroow.com\/pt\/pormenor-do-produto\/torneiras-sanitarias-e-torneiras-de-design-novo-pegas-duplas-de-zinco-para-cozinha-de-parede-torneira-misturadora-de-agua\/","title":{"rendered":"Novo design Torneira de cozinha de parede com duas pegas Torneira de \u00e1gua de zinco Torneira de \u00e1gua quente e fria para lavat\u00f3rio Torneira de lou\u00e7a sanit\u00e1riaTorneira de \u00e1gua para cozinha"},"content":{"rendered":"<p>A torneira de cozinha de pesco\u00e7o de ganso preta de luxo \u00e9 uma torneira \u00fanica fria de qualidade superior, concebida para cozinhas de luxo em hot\u00e9is e apartamentos. Com um acabamento preto elegante, combina estilo com funcionalidade, oferecendo um design elegante que complementa os ambientes de cozinha modernos. A forma de pesco\u00e7o de ganso garante um fluxo de \u00e1gua e um alcance \u00f3ptimos, tornando-a ideal para lava-loi\u00e7as grandes. Esta torneira \u00e9 fabricada na China com liga de zinco de alta qualidade, garantindo durabilidade e desempenho a longo prazo. A experi\u00eancia da YOROOW em torneiras personalizadas garante padr\u00f5es de alta qualidade para exporta\u00e7\u00e3o para os mercados da Am\u00e9rica do Sul e do Sudeste Asi\u00e1tico. Com servi\u00e7os OEM flex\u00edveis e pre\u00e7os econ\u00f3micos, \u00e9 a escolha perfeita para clientes internacionais.<\/p>","protected":false},"excerpt":{"rendered":"<p>The Luxury Black Gooseneck Kitchen Tap is a premium, single cold faucet designed for high-end kitchens in hotels and apartments. Featuring a sleek black finish, it combines style with functionality, offering an elegant design that complements modern kitchen settings. The gooseneck shape ensures optimal water flow and reach, making it ideal for large sinks. This&#8230;<\/p>","protected":false},"featured_media":11744,"template":"","meta":{"_acf_changed":false,"_kad_post_transparent":"default","_kad_post_title":"","_kad_post_layout":"default","_kad_post_sidebar_id":"","_kad_post_content_style":"default","_kad_post_vertical_padding":"default","_kad_post_feature":"","_kad_post_feature_position":"","_kad_post_header":false,"_kad_post_footer":false},"product_brand":[],"product_cat":[102,246,223,1530],"product_tag":[5822,3147],"class_list":{"0":"post-11736","1":"product","2":"type-product","3":"status-publish","4":"has-post-thumbnail","6":"product_cat-kitchen-faucet","7":"product_cat-mixer-kitchen-faucet","8":"product_cat-wall-mounted-kitchen-faucet","9":"product_cat-832sseries","10":"product_tag-kitchen-basin-tap","11":"product_tag-kitchen-faucet-with-hot-and-cold-water","13":"first","14":"instock","15":"shipping-taxable","16":"purchasable","17":"product-type-variable","18":"wvs-archive-product-wrapper","19":"entry","20":"content-bg","21":"loop-entry"},"acf":[],"yoast_head":"<!-- This site is optimized with the Yoast SEO Premium plugin v25.4 (Yoast SEO v27.0) - https:\/\/yoast.com\/product\/yoast-seo-premium-wordpress\/ -->\n<title>New Design Wall Mounted Kitchen Faucet Dual Handles Zinc Water Tap Hot Cold Water Basin Tap Sanitary WareTaps Kitchen Water - YOROOW<\/title>\n<meta name=\"description\" content=\"New design wall-mounted kitchen faucet with dual handles zinc water tap offering hot and cold water mixing. Manufactured in China for export with efficient production targeting South America and Southeast Asia.\" \/>\n<meta name=\"robots\" content=\"index, follow, max-snippet:-1, max-image-preview:large, max-video-preview:-1\" \/>\n<link rel=\"canonical\" href=\"https:\/\/www.yoroow.com\/pt\/pormenor-do-produto\/torneiras-sanitarias-e-torneiras-de-design-novo-pegas-duplas-de-zinco-para-cozinha-de-parede-torneira-misturadora-de-agua\/\" \/>\n<meta property=\"og:locale\" content=\"pt_PT\" \/>\n<meta property=\"og:type\" content=\"article\" \/>\n<meta property=\"og:title\" content=\"New Design Wall Mounted Kitchen Faucet Dual Handles Zinc Water Tap Hot Cold Water Basin Tap Sanitary WareTaps Kitchen Water\" \/>\n<meta property=\"og:description\" content=\"New design wall-mounted kitchen faucet with dual handles zinc water tap offering hot and cold water mixing. Manufactured in China for export with efficient production targeting South America and Southeast Asia.\" \/>\n<meta property=\"og:url\" content=\"https:\/\/www.yoroow.com\/pt\/pormenor-do-produto\/torneiras-sanitarias-e-torneiras-de-design-novo-pegas-duplas-de-zinco-para-cozinha-de-parede-torneira-misturadora-de-agua\/\" \/>\n<meta property=\"og:site_name\" content=\"YOROOW\" \/>\n<meta property=\"article:publisher\" content=\"https:\/\/www.facebook.com\/people\/yoroowfaucetfactory\/61564236752362\/\" \/>\n<meta property=\"article:modified_time\" content=\"2025-05-16T01:27:12+00:00\" \/>\n<meta property=\"og:image\" content=\"https:\/\/www.yoroow.com\/wp-content\/uploads\/2025\/02\/8641A-S127A-B1.jpg\" \/>\n\t<meta property=\"og:image:width\" content=\"800\" \/>\n\t<meta property=\"og:image:height\" content=\"800\" \/>\n\t<meta property=\"og:image:type\" content=\"image\/jpeg\" \/>\n<meta name=\"twitter:card\" content=\"summary_large_image\" \/>\n<meta name=\"twitter:label1\" content=\"Est. reading time\" \/>\n\t<meta name=\"twitter:data1\" content=\"1 minuto\" \/>\n<script type=\"application\/ld+json\" class=\"yoast-schema-graph\">{\"@context\":\"https:\/\/schema.org\",\"@graph\":[{\"@type\":\"WebPage\",\"@id\":\"https:\/\/www.yoroow.com\/pt\/pormenor-do-produto\/torneiras-sanitarias-e-torneiras-de-design-novo-pegas-duplas-de-zinco-para-cozinha-de-parede-torneira-misturadora-de-agua\/\",\"url\":\"https:\/\/www.yoroow.com\/pt\/pormenor-do-produto\/torneiras-sanitarias-e-torneiras-de-design-novo-pegas-duplas-de-zinco-para-cozinha-de-parede-torneira-misturadora-de-agua\/\",\"name\":\"New Design Wall Mounted Kitchen Faucet Dual Handles Zinc Water Tap Hot Cold Water Basin Tap Sanitary WareTaps Kitchen Water - YOROOW\",\"isPartOf\":{\"@id\":\"https:\/\/www.yoroow.com\/pt\/#website\"},\"primaryImageOfPage\":{\"@id\":\"https:\/\/www.yoroow.com\/pt\/pormenor-do-produto\/torneiras-sanitarias-e-torneiras-de-design-novo-pegas-duplas-de-zinco-para-cozinha-de-parede-torneira-misturadora-de-agua\/#primaryimage\"},\"image\":{\"@id\":\"https:\/\/www.yoroow.com\/pt\/pormenor-do-produto\/torneiras-sanitarias-e-torneiras-de-design-novo-pegas-duplas-de-zinco-para-cozinha-de-parede-torneira-misturadora-de-agua\/#primaryimage\"},\"thumbnailUrl\":\"https:\/\/www.yoroow.com\/wp-content\/uploads\/2025\/02\/8641A-S127A-B1.jpg\",\"datePublished\":\"2025-02-21T02:35:38+00:00\",\"dateModified\":\"2025-05-16T01:27:12+00:00\",\"description\":\"New design wall-mounted kitchen faucet with dual handles zinc water tap offering hot and cold water mixing. Manufactured in China for export with efficient production targeting South America and Southeast Asia.\",\"breadcrumb\":{\"@id\":\"https:\/\/www.yoroow.com\/pt\/pormenor-do-produto\/torneiras-sanitarias-e-torneiras-de-design-novo-pegas-duplas-de-zinco-para-cozinha-de-parede-torneira-misturadora-de-agua\/#breadcrumb\"},\"inLanguage\":\"pt-PT\",\"potentialAction\":[{\"@type\":\"ReadAction\",\"target\":[\"https:\/\/www.yoroow.com\/pt\/pormenor-do-produto\/torneiras-sanitarias-e-torneiras-de-design-novo-pegas-duplas-de-zinco-para-cozinha-de-parede-torneira-misturadora-de-agua\/\"]}]},{\"@type\":\"ImageObject\",\"inLanguage\":\"pt-PT\",\"@id\":\"https:\/\/www.yoroow.com\/pt\/pormenor-do-produto\/torneiras-sanitarias-e-torneiras-de-design-novo-pegas-duplas-de-zinco-para-cozinha-de-parede-torneira-misturadora-de-agua\/#primaryimage\",\"url\":\"https:\/\/www.yoroow.com\/wp-content\/uploads\/2025\/02\/8641A-S127A-B1.jpg\",\"contentUrl\":\"https:\/\/www.yoroow.com\/wp-content\/uploads\/2025\/02\/8641A-S127A-B1.jpg\",\"width\":800,\"height\":800,\"caption\":\"New Design Wall Mounted Kitchen Faucet Dual Handles Zinc Water Tap Hot Cold Water Basin Tap Sanitary WareTaps Kitchen Water\"},{\"@type\":\"BreadcrumbList\",\"@id\":\"https:\/\/www.yoroow.com\/pt\/pormenor-do-produto\/torneiras-sanitarias-e-torneiras-de-design-novo-pegas-duplas-de-zinco-para-cozinha-de-parede-torneira-misturadora-de-agua\/#breadcrumb\",\"itemListElement\":[{\"@type\":\"ListItem\",\"position\":1,\"name\":\"home\",\"item\":\"https:\/\/www.yoroow.com\/\"},{\"@type\":\"ListItem\",\"position\":2,\"name\":\"Product\",\"item\":\"https:\/\/www.yoroow.com\/product\/\"},{\"@type\":\"ListItem\",\"position\":3,\"name\":\"New Design Wall Mounted Kitchen Faucet Dual Handles Zinc Water Tap Hot Cold Water Basin Tap Sanitary WareTaps Kitchen Water\"}]},{\"@type\":\"WebSite\",\"@id\":\"https:\/\/www.yoroow.com\/pt\/#website\",\"url\":\"https:\/\/www.yoroow.com\/pt\/\",\"name\":\"YOROOW\",\"description\":\"\",\"publisher\":{\"@id\":\"https:\/\/www.yoroow.com\/pt\/#organization\"},\"potentialAction\":[{\"@type\":\"SearchAction\",\"target\":{\"@type\":\"EntryPoint\",\"urlTemplate\":\"https:\/\/www.yoroow.com\/pt\/?s={search_term_string}\"},\"query-input\":{\"@type\":\"PropertyValueSpecification\",\"valueRequired\":true,\"valueName\":\"search_term_string\"}}],\"inLanguage\":\"pt-PT\"},{\"@type\":\"Organization\",\"@id\":\"https:\/\/www.yoroow.com\/pt\/#organization\",\"name\":\"YOROOW\",\"url\":\"https:\/\/www.yoroow.com\/pt\/\",\"logo\":{\"@type\":\"ImageObject\",\"inLanguage\":\"pt-PT\",\"@id\":\"https:\/\/www.yoroow.com\/pt\/#\/schema\/logo\/image\/\",\"url\":\"https:\/\/www.yoroow.com\/wp-content\/uploads\/2024\/12\/2024123007131061.png\",\"contentUrl\":\"https:\/\/www.yoroow.com\/wp-content\/uploads\/2024\/12\/2024123007131061.png\",\"width\":168,\"height\":27,\"caption\":\"YOROOW\"},\"image\":{\"@id\":\"https:\/\/www.yoroow.com\/pt\/#\/schema\/logo\/image\/\"},\"sameAs\":[\"https:\/\/www.facebook.com\/people\/yoroowfaucetfactory\/61564236752362\/\"]}]}<\/script>\n<!-- \/ Yoast SEO Premium plugin. -->","yoast_head_json":{"title":"New Design Wall Mounted Kitchen Faucet Dual Handles Zinc Water Tap Hot Cold Water Basin Tap Sanitary WareTaps Kitchen Water - YOROOW","description":"New design wall-mounted kitchen faucet with dual handles zinc water tap offering hot and cold water mixing. Manufactured in China for export with efficient production targeting South America and Southeast Asia.","robots":{"index":"index","follow":"follow","max-snippet":"max-snippet:-1","max-image-preview":"max-image-preview:large","max-video-preview":"max-video-preview:-1"},"canonical":"https:\/\/www.yoroow.com\/pt\/pormenor-do-produto\/torneiras-sanitarias-e-torneiras-de-design-novo-pegas-duplas-de-zinco-para-cozinha-de-parede-torneira-misturadora-de-agua\/","og_locale":"pt_PT","og_type":"article","og_title":"New Design Wall Mounted Kitchen Faucet Dual Handles Zinc Water Tap Hot Cold Water Basin Tap Sanitary WareTaps Kitchen Water","og_description":"New design wall-mounted kitchen faucet with dual handles zinc water tap offering hot and cold water mixing. Manufactured in China for export with efficient production targeting South America and Southeast Asia.","og_url":"https:\/\/www.yoroow.com\/pt\/pormenor-do-produto\/torneiras-sanitarias-e-torneiras-de-design-novo-pegas-duplas-de-zinco-para-cozinha-de-parede-torneira-misturadora-de-agua\/","og_site_name":"YOROOW","article_publisher":"https:\/\/www.facebook.com\/people\/yoroowfaucetfactory\/61564236752362\/","article_modified_time":"2025-05-16T01:27:12+00:00","og_image":[{"width":800,"height":800,"url":"https:\/\/www.yoroow.com\/wp-content\/uploads\/2025\/02\/8641A-S127A-B1.jpg","type":"image\/jpeg"}],"twitter_card":"summary_large_image","twitter_misc":{"Est. reading time":"1 minuto"},"schema":{"@context":"https:\/\/schema.org","@graph":[{"@type":"WebPage","@id":"https:\/\/www.yoroow.com\/pt\/pormenor-do-produto\/torneiras-sanitarias-e-torneiras-de-design-novo-pegas-duplas-de-zinco-para-cozinha-de-parede-torneira-misturadora-de-agua\/","url":"https:\/\/www.yoroow.com\/pt\/pormenor-do-produto\/torneiras-sanitarias-e-torneiras-de-design-novo-pegas-duplas-de-zinco-para-cozinha-de-parede-torneira-misturadora-de-agua\/","name":"New Design Wall Mounted Kitchen Faucet Dual Handles Zinc Water Tap Hot Cold Water Basin Tap Sanitary WareTaps Kitchen Water - YOROOW","isPartOf":{"@id":"https:\/\/www.yoroow.com\/pt\/#website"},"primaryImageOfPage":{"@id":"https:\/\/www.yoroow.com\/pt\/pormenor-do-produto\/torneiras-sanitarias-e-torneiras-de-design-novo-pegas-duplas-de-zinco-para-cozinha-de-parede-torneira-misturadora-de-agua\/#primaryimage"},"image":{"@id":"https:\/\/www.yoroow.com\/pt\/pormenor-do-produto\/torneiras-sanitarias-e-torneiras-de-design-novo-pegas-duplas-de-zinco-para-cozinha-de-parede-torneira-misturadora-de-agua\/#primaryimage"},"thumbnailUrl":"https:\/\/www.yoroow.com\/wp-content\/uploads\/2025\/02\/8641A-S127A-B1.jpg","datePublished":"2025-02-21T02:35:38+00:00","dateModified":"2025-05-16T01:27:12+00:00","description":"New design wall-mounted kitchen faucet with dual handles zinc water tap offering hot and cold water mixing. Manufactured in China for export with efficient production targeting South America and Southeast Asia.","breadcrumb":{"@id":"https:\/\/www.yoroow.com\/pt\/pormenor-do-produto\/torneiras-sanitarias-e-torneiras-de-design-novo-pegas-duplas-de-zinco-para-cozinha-de-parede-torneira-misturadora-de-agua\/#breadcrumb"},"inLanguage":"pt-PT","potentialAction":[{"@type":"ReadAction","target":["https:\/\/www.yoroow.com\/pt\/pormenor-do-produto\/torneiras-sanitarias-e-torneiras-de-design-novo-pegas-duplas-de-zinco-para-cozinha-de-parede-torneira-misturadora-de-agua\/"]}]},{"@type":"ImageObject","inLanguage":"pt-PT","@id":"https:\/\/www.yoroow.com\/pt\/pormenor-do-produto\/torneiras-sanitarias-e-torneiras-de-design-novo-pegas-duplas-de-zinco-para-cozinha-de-parede-torneira-misturadora-de-agua\/#primaryimage","url":"https:\/\/www.yoroow.com\/wp-content\/uploads\/2025\/02\/8641A-S127A-B1.jpg","contentUrl":"https:\/\/www.yoroow.com\/wp-content\/uploads\/2025\/02\/8641A-S127A-B1.jpg","width":800,"height":800,"caption":"New Design Wall Mounted Kitchen Faucet Dual Handles Zinc Water Tap Hot Cold Water Basin Tap Sanitary WareTaps Kitchen Water"},{"@type":"BreadcrumbList","@id":"https:\/\/www.yoroow.com\/pt\/pormenor-do-produto\/torneiras-sanitarias-e-torneiras-de-design-novo-pegas-duplas-de-zinco-para-cozinha-de-parede-torneira-misturadora-de-agua\/#breadcrumb","itemListElement":[{"@type":"ListItem","position":1,"name":"home","item":"https:\/\/www.yoroow.com\/"},{"@type":"ListItem","position":2,"name":"Product","item":"https:\/\/www.yoroow.com\/product\/"},{"@type":"ListItem","position":3,"name":"New Design Wall Mounted Kitchen Faucet Dual Handles Zinc Water Tap Hot Cold Water Basin Tap Sanitary WareTaps Kitchen Water"}]},{"@type":"WebSite","@id":"https:\/\/www.yoroow.com\/pt\/#website","url":"https:\/\/www.yoroow.com\/pt\/","name":"YOROOW","description":"","publisher":{"@id":"https:\/\/www.yoroow.com\/pt\/#organization"},"potentialAction":[{"@type":"SearchAction","target":{"@type":"EntryPoint","urlTemplate":"https:\/\/www.yoroow.com\/pt\/?s={search_term_string}"},"query-input":{"@type":"PropertyValueSpecification","valueRequired":true,"valueName":"search_term_string"}}],"inLanguage":"pt-PT"},{"@type":"Organization","@id":"https:\/\/www.yoroow.com\/pt\/#organization","name":"YOROOW","url":"https:\/\/www.yoroow.com\/pt\/","logo":{"@type":"ImageObject","inLanguage":"pt-PT","@id":"https:\/\/www.yoroow.com\/pt\/#\/schema\/logo\/image\/","url":"https:\/\/www.yoroow.com\/wp-content\/uploads\/2024\/12\/2024123007131061.png","contentUrl":"https:\/\/www.yoroow.com\/wp-content\/uploads\/2024\/12\/2024123007131061.png","width":168,"height":27,"caption":"YOROOW"},"image":{"@id":"https:\/\/www.yoroow.com\/pt\/#\/schema\/logo\/image\/"},"sameAs":["https:\/\/www.facebook.com\/people\/yoroowfaucetfactory\/61564236752362\/"]}]}},"_links":{"self":[{"href":"https:\/\/www.yoroow.com\/pt\/wp-json\/wp\/v2\/product\/11736","targetHints":{"allow":["GET"]}}],"collection":[{"href":"https:\/\/www.yoroow.com\/pt\/wp-json\/wp\/v2\/product"}],"about":[{"href":"https:\/\/www.yoroow.com\/pt\/wp-json\/wp\/v2\/types\/product"}],"wp:featuredmedia":[{"embeddable":true,"href":"https:\/\/www.yoroow.com\/pt\/wp-json\/wp\/v2\/media\/11744"}],"wp:attachment":[{"href":"https:\/\/www.yoroow.com\/pt\/wp-json\/wp\/v2\/media?parent=11736"}],"wp:term":[{"taxonomy":"product_brand","embeddable":true,"href":"https:\/\/www.yoroow.com\/pt\/wp-json\/wp\/v2\/product_brand?post=11736"},{"taxonomy":"product_cat","embeddable":true,"href":"https:\/\/www.yoroow.com\/pt\/wp-json\/wp\/v2\/product_cat?post=11736"},{"taxonomy":"product_tag","embeddable":true,"href":"https:\/\/www.yoroow.com\/pt\/wp-json\/wp\/v2\/product_tag?post=11736"}],"curies":[{"name":"wp","href":"https:\/\/api.w.org\/{rel}","templated":true}]}}