{"id":11490,"date":"2025-02-20T16:21:17","date_gmt":"2025-02-20T08:21:17","guid":{"rendered":"https:\/\/www.yoroow.com\/?post_type=product&#038;p=11490"},"modified":"2025-05-16T09:25:25","modified_gmt":"2025-05-16T01:25:25","slug":"torneira-de-lavatorio-preta-de-aco-inoxidavel-304-de-pega-unica-por-atacado-de-fabrica-para-casa-de-banho","status":"publish","type":"product","link":"https:\/\/www.yoroow.com\/pt\/pormenor-do-produto\/torneira-de-lavatorio-preta-de-aco-inoxidavel-304-de-pega-unica-por-atacado-de-fabrica-para-casa-de-banho\/","title":{"rendered":"Torneira de lavat\u00f3rio simples fria preta elegante Torneira de lavat\u00f3rio em a\u00e7o inoxid\u00e1vel de estilo contempor\u00e2neo com acabamento escovado em cer\u00e2mica para uso escolar e hospitalar"},"content":{"rendered":"<p>Esta elegante torneira de lavat\u00f3rio fria simples preta foi concebida num estilo contempor\u00e2neo, apresentando uma constru\u00e7\u00e3o em a\u00e7o inoxid\u00e1vel com um acabamento escovado e um n\u00facleo de v\u00e1lvula em cer\u00e2mica. \u00c9 adequada para utiliza\u00e7\u00e3o em escolas e hospitais, onde a durabilidade e a fiabilidade s\u00e3o essenciais. O acabamento em preto confere uma est\u00e9tica moderna, enquanto o n\u00facleo da v\u00e1lvula em cer\u00e2mica garante um funcionamento suave. Fabricada pela YOROOW na China, esta torneira \u00e9 uma excelente op\u00e7\u00e3o para exporta\u00e7\u00e3o para os mercados da Am\u00e9rica do Sul e do Sudeste Asi\u00e1tico, onde s\u00e3o procurados acess\u00f3rios de casa de banho funcionais e de alta qualidade. As fortes capacidades de produ\u00e7\u00e3o da empresa garantem pre\u00e7os competitivos para encomendas em grandes quantidades.<\/p>","protected":false},"excerpt":{"rendered":"<p>Esta elegante torneira de lavat\u00f3rio fria simples preta foi concebida num estilo contempor\u00e2neo, apresentando uma constru\u00e7\u00e3o em a\u00e7o inoxid\u00e1vel com um acabamento escovado e um n\u00facleo de v\u00e1lvula em cer\u00e2mica. \u00c9 adequada para utiliza\u00e7\u00e3o em escolas e hospitais, onde a durabilidade e a fiabilidade s\u00e3o essenciais. O acabamento em preto confere uma est\u00e9tica moderna, enquanto o n\u00facleo da v\u00e1lvula em cer\u00e2mica garante uma...<\/p>","protected":false},"featured_media":11493,"template":"","meta":{"_acf_changed":false,"_kad_post_transparent":"default","_kad_post_title":"","_kad_post_layout":"default","_kad_post_sidebar_id":"","_kad_post_content_style":"default","_kad_post_vertical_padding":"default","_kad_post_feature":"","_kad_post_feature_position":"","_kad_post_header":false,"_kad_post_footer":false},"product_brand":[],"product_cat":[219],"product_tag":[3454,3424],"class_list":{"0":"post-11490","1":"product","2":"type-product","3":"status-publish","4":"has-post-thumbnail","6":"product_cat-single-cold-basin-faucet","7":"product_tag-fancy-black-basin-taps","8":"product_tag-stainless-steel-basin-tap","10":"first","11":"instock","12":"shipping-taxable","13":"purchasable","14":"product-type-variable","15":"wvs-archive-product-wrapper","16":"entry","17":"content-bg","18":"loop-entry"},"acf":[],"yoast_head":"<!-- This site is optimized with the Yoast SEO Premium plugin v25.4 (Yoast SEO v27.0) - https:\/\/yoast.com\/product\/yoast-seo-premium-wordpress\/ -->\n<title>Fancy Black Single Cold Basin Faucet Contemporary Style Stainless Steel Basin Tap Brushed Finish Ceramic for School Hospital Use - YOROOW<\/title>\n<meta name=\"description\" content=\"Fancy black single cold basin faucet crafted from brushed stainless steel with ceramic core offers durability for hospitals and schools. China factory excels in OEM service and logistics for Latin American and Southeast Asian clients.\" \/>\n<meta name=\"robots\" content=\"index, follow, max-snippet:-1, max-image-preview:large, max-video-preview:-1\" \/>\n<link rel=\"canonical\" href=\"https:\/\/www.yoroow.com\/pt\/pormenor-do-produto\/torneira-de-lavatorio-preta-de-aco-inoxidavel-304-de-pega-unica-por-atacado-de-fabrica-para-casa-de-banho\/\" \/>\n<meta property=\"og:locale\" content=\"pt_PT\" \/>\n<meta property=\"og:type\" content=\"article\" \/>\n<meta property=\"og:title\" content=\"Fancy Black Single Cold Basin Faucet Contemporary Style Stainless Steel Basin Tap Brushed Finish Ceramic for School Hospital Use\" \/>\n<meta property=\"og:description\" content=\"Fancy black single cold basin faucet crafted from brushed stainless steel with ceramic core offers durability for hospitals and schools. China factory excels in OEM service and logistics for Latin American and Southeast Asian clients.\" \/>\n<meta property=\"og:url\" content=\"https:\/\/www.yoroow.com\/pt\/pormenor-do-produto\/torneira-de-lavatorio-preta-de-aco-inoxidavel-304-de-pega-unica-por-atacado-de-fabrica-para-casa-de-banho\/\" \/>\n<meta property=\"og:site_name\" content=\"YOROOW\" \/>\n<meta property=\"article:publisher\" content=\"https:\/\/www.facebook.com\/people\/yoroowfaucetfactory\/61564236752362\/\" \/>\n<meta property=\"article:modified_time\" content=\"2025-05-16T01:25:25+00:00\" \/>\n<meta property=\"og:image\" content=\"https:\/\/www.yoroow.com\/wp-content\/uploads\/2025\/02\/9137B2-151B2.jpg\" \/>\n\t<meta property=\"og:image:width\" content=\"640\" \/>\n\t<meta property=\"og:image:height\" content=\"640\" \/>\n\t<meta property=\"og:image:type\" content=\"image\/jpeg\" \/>\n<meta name=\"twitter:card\" content=\"summary_large_image\" \/>\n<meta name=\"twitter:label1\" content=\"Est. reading time\" \/>\n\t<meta name=\"twitter:data1\" content=\"1 minuto\" \/>\n<script type=\"application\/ld+json\" class=\"yoast-schema-graph\">{\"@context\":\"https:\/\/schema.org\",\"@graph\":[{\"@type\":\"WebPage\",\"@id\":\"https:\/\/www.yoroow.com\/pt\/pormenor-do-produto\/torneira-de-lavatorio-preta-de-aco-inoxidavel-304-de-pega-unica-por-atacado-de-fabrica-para-casa-de-banho\/\",\"url\":\"https:\/\/www.yoroow.com\/pt\/pormenor-do-produto\/torneira-de-lavatorio-preta-de-aco-inoxidavel-304-de-pega-unica-por-atacado-de-fabrica-para-casa-de-banho\/\",\"name\":\"Fancy Black Single Cold Basin Faucet Contemporary Style Stainless Steel Basin Tap Brushed Finish Ceramic for School Hospital Use - YOROOW\",\"isPartOf\":{\"@id\":\"https:\/\/www.yoroow.com\/pt\/#website\"},\"primaryImageOfPage\":{\"@id\":\"https:\/\/www.yoroow.com\/pt\/pormenor-do-produto\/torneira-de-lavatorio-preta-de-aco-inoxidavel-304-de-pega-unica-por-atacado-de-fabrica-para-casa-de-banho\/#primaryimage\"},\"image\":{\"@id\":\"https:\/\/www.yoroow.com\/pt\/pormenor-do-produto\/torneira-de-lavatorio-preta-de-aco-inoxidavel-304-de-pega-unica-por-atacado-de-fabrica-para-casa-de-banho\/#primaryimage\"},\"thumbnailUrl\":\"https:\/\/www.yoroow.com\/wp-content\/uploads\/2025\/02\/9137B2-151B2.jpg\",\"datePublished\":\"2025-02-20T08:21:17+00:00\",\"dateModified\":\"2025-05-16T01:25:25+00:00\",\"description\":\"Fancy black single cold basin faucet crafted from brushed stainless steel with ceramic core offers durability for hospitals and schools. China factory excels in OEM service and logistics for Latin American and Southeast Asian clients.\",\"breadcrumb\":{\"@id\":\"https:\/\/www.yoroow.com\/pt\/pormenor-do-produto\/torneira-de-lavatorio-preta-de-aco-inoxidavel-304-de-pega-unica-por-atacado-de-fabrica-para-casa-de-banho\/#breadcrumb\"},\"inLanguage\":\"pt-PT\",\"potentialAction\":[{\"@type\":\"ReadAction\",\"target\":[\"https:\/\/www.yoroow.com\/pt\/pormenor-do-produto\/torneira-de-lavatorio-preta-de-aco-inoxidavel-304-de-pega-unica-por-atacado-de-fabrica-para-casa-de-banho\/\"]}]},{\"@type\":\"ImageObject\",\"inLanguage\":\"pt-PT\",\"@id\":\"https:\/\/www.yoroow.com\/pt\/pormenor-do-produto\/torneira-de-lavatorio-preta-de-aco-inoxidavel-304-de-pega-unica-por-atacado-de-fabrica-para-casa-de-banho\/#primaryimage\",\"url\":\"https:\/\/www.yoroow.com\/wp-content\/uploads\/2025\/02\/9137B2-151B2.jpg\",\"contentUrl\":\"https:\/\/www.yoroow.com\/wp-content\/uploads\/2025\/02\/9137B2-151B2.jpg\",\"width\":640,\"height\":640,\"caption\":\"Fancy Black Single Cold Basin Faucet Contemporary Style Stainless Steel Basin Tap Brushed Finish Ceramic for School Hospital Use\"},{\"@type\":\"BreadcrumbList\",\"@id\":\"https:\/\/www.yoroow.com\/pt\/pormenor-do-produto\/torneira-de-lavatorio-preta-de-aco-inoxidavel-304-de-pega-unica-por-atacado-de-fabrica-para-casa-de-banho\/#breadcrumb\",\"itemListElement\":[{\"@type\":\"ListItem\",\"position\":1,\"name\":\"home\",\"item\":\"https:\/\/www.yoroow.com\/\"},{\"@type\":\"ListItem\",\"position\":2,\"name\":\"Product\",\"item\":\"https:\/\/www.yoroow.com\/product\/\"},{\"@type\":\"ListItem\",\"position\":3,\"name\":\"Fancy Black Single Cold Basin Faucet Contemporary Style Stainless Steel Basin Tap Brushed Finish Ceramic for School Hospital Use\"}]},{\"@type\":\"WebSite\",\"@id\":\"https:\/\/www.yoroow.com\/pt\/#website\",\"url\":\"https:\/\/www.yoroow.com\/pt\/\",\"name\":\"YOROOW\",\"description\":\"\",\"publisher\":{\"@id\":\"https:\/\/www.yoroow.com\/pt\/#organization\"},\"potentialAction\":[{\"@type\":\"SearchAction\",\"target\":{\"@type\":\"EntryPoint\",\"urlTemplate\":\"https:\/\/www.yoroow.com\/pt\/?s={search_term_string}\"},\"query-input\":{\"@type\":\"PropertyValueSpecification\",\"valueRequired\":true,\"valueName\":\"search_term_string\"}}],\"inLanguage\":\"pt-PT\"},{\"@type\":\"Organization\",\"@id\":\"https:\/\/www.yoroow.com\/pt\/#organization\",\"name\":\"YOROOW\",\"url\":\"https:\/\/www.yoroow.com\/pt\/\",\"logo\":{\"@type\":\"ImageObject\",\"inLanguage\":\"pt-PT\",\"@id\":\"https:\/\/www.yoroow.com\/pt\/#\/schema\/logo\/image\/\",\"url\":\"https:\/\/www.yoroow.com\/wp-content\/uploads\/2024\/12\/2024123007131061.png\",\"contentUrl\":\"https:\/\/www.yoroow.com\/wp-content\/uploads\/2024\/12\/2024123007131061.png\",\"width\":168,\"height\":27,\"caption\":\"YOROOW\"},\"image\":{\"@id\":\"https:\/\/www.yoroow.com\/pt\/#\/schema\/logo\/image\/\"},\"sameAs\":[\"https:\/\/www.facebook.com\/people\/yoroowfaucetfactory\/61564236752362\/\"]}]}<\/script>\n<!-- \/ Yoast SEO Premium plugin. -->","yoast_head_json":{"title":"Fancy Black Single Cold Basin Faucet Contemporary Style Stainless Steel Basin Tap Brushed Finish Ceramic for School Hospital Use - YOROOW","description":"Fancy black single cold basin faucet crafted from brushed stainless steel with ceramic core offers durability for hospitals and schools. China factory excels in OEM service and logistics for Latin American and Southeast Asian clients.","robots":{"index":"index","follow":"follow","max-snippet":"max-snippet:-1","max-image-preview":"max-image-preview:large","max-video-preview":"max-video-preview:-1"},"canonical":"https:\/\/www.yoroow.com\/pt\/pormenor-do-produto\/torneira-de-lavatorio-preta-de-aco-inoxidavel-304-de-pega-unica-por-atacado-de-fabrica-para-casa-de-banho\/","og_locale":"pt_PT","og_type":"article","og_title":"Fancy Black Single Cold Basin Faucet Contemporary Style Stainless Steel Basin Tap Brushed Finish Ceramic for School Hospital Use","og_description":"Fancy black single cold basin faucet crafted from brushed stainless steel with ceramic core offers durability for hospitals and schools. China factory excels in OEM service and logistics for Latin American and Southeast Asian clients.","og_url":"https:\/\/www.yoroow.com\/pt\/pormenor-do-produto\/torneira-de-lavatorio-preta-de-aco-inoxidavel-304-de-pega-unica-por-atacado-de-fabrica-para-casa-de-banho\/","og_site_name":"YOROOW","article_publisher":"https:\/\/www.facebook.com\/people\/yoroowfaucetfactory\/61564236752362\/","article_modified_time":"2025-05-16T01:25:25+00:00","og_image":[{"width":640,"height":640,"url":"https:\/\/www.yoroow.com\/wp-content\/uploads\/2025\/02\/9137B2-151B2.jpg","type":"image\/jpeg"}],"twitter_card":"summary_large_image","twitter_misc":{"Est. reading time":"1 minuto"},"schema":{"@context":"https:\/\/schema.org","@graph":[{"@type":"WebPage","@id":"https:\/\/www.yoroow.com\/pt\/pormenor-do-produto\/torneira-de-lavatorio-preta-de-aco-inoxidavel-304-de-pega-unica-por-atacado-de-fabrica-para-casa-de-banho\/","url":"https:\/\/www.yoroow.com\/pt\/pormenor-do-produto\/torneira-de-lavatorio-preta-de-aco-inoxidavel-304-de-pega-unica-por-atacado-de-fabrica-para-casa-de-banho\/","name":"Fancy Black Single Cold Basin Faucet Contemporary Style Stainless Steel Basin Tap Brushed Finish Ceramic for School Hospital Use - YOROOW","isPartOf":{"@id":"https:\/\/www.yoroow.com\/pt\/#website"},"primaryImageOfPage":{"@id":"https:\/\/www.yoroow.com\/pt\/pormenor-do-produto\/torneira-de-lavatorio-preta-de-aco-inoxidavel-304-de-pega-unica-por-atacado-de-fabrica-para-casa-de-banho\/#primaryimage"},"image":{"@id":"https:\/\/www.yoroow.com\/pt\/pormenor-do-produto\/torneira-de-lavatorio-preta-de-aco-inoxidavel-304-de-pega-unica-por-atacado-de-fabrica-para-casa-de-banho\/#primaryimage"},"thumbnailUrl":"https:\/\/www.yoroow.com\/wp-content\/uploads\/2025\/02\/9137B2-151B2.jpg","datePublished":"2025-02-20T08:21:17+00:00","dateModified":"2025-05-16T01:25:25+00:00","description":"Fancy black single cold basin faucet crafted from brushed stainless steel with ceramic core offers durability for hospitals and schools. China factory excels in OEM service and logistics for Latin American and Southeast Asian clients.","breadcrumb":{"@id":"https:\/\/www.yoroow.com\/pt\/pormenor-do-produto\/torneira-de-lavatorio-preta-de-aco-inoxidavel-304-de-pega-unica-por-atacado-de-fabrica-para-casa-de-banho\/#breadcrumb"},"inLanguage":"pt-PT","potentialAction":[{"@type":"ReadAction","target":["https:\/\/www.yoroow.com\/pt\/pormenor-do-produto\/torneira-de-lavatorio-preta-de-aco-inoxidavel-304-de-pega-unica-por-atacado-de-fabrica-para-casa-de-banho\/"]}]},{"@type":"ImageObject","inLanguage":"pt-PT","@id":"https:\/\/www.yoroow.com\/pt\/pormenor-do-produto\/torneira-de-lavatorio-preta-de-aco-inoxidavel-304-de-pega-unica-por-atacado-de-fabrica-para-casa-de-banho\/#primaryimage","url":"https:\/\/www.yoroow.com\/wp-content\/uploads\/2025\/02\/9137B2-151B2.jpg","contentUrl":"https:\/\/www.yoroow.com\/wp-content\/uploads\/2025\/02\/9137B2-151B2.jpg","width":640,"height":640,"caption":"Fancy Black Single Cold Basin Faucet Contemporary Style Stainless Steel Basin Tap Brushed Finish Ceramic for School Hospital Use"},{"@type":"BreadcrumbList","@id":"https:\/\/www.yoroow.com\/pt\/pormenor-do-produto\/torneira-de-lavatorio-preta-de-aco-inoxidavel-304-de-pega-unica-por-atacado-de-fabrica-para-casa-de-banho\/#breadcrumb","itemListElement":[{"@type":"ListItem","position":1,"name":"home","item":"https:\/\/www.yoroow.com\/"},{"@type":"ListItem","position":2,"name":"Product","item":"https:\/\/www.yoroow.com\/product\/"},{"@type":"ListItem","position":3,"name":"Fancy Black Single Cold Basin Faucet Contemporary Style Stainless Steel Basin Tap Brushed Finish Ceramic for School Hospital Use"}]},{"@type":"WebSite","@id":"https:\/\/www.yoroow.com\/pt\/#website","url":"https:\/\/www.yoroow.com\/pt\/","name":"YOROOW","description":"","publisher":{"@id":"https:\/\/www.yoroow.com\/pt\/#organization"},"potentialAction":[{"@type":"SearchAction","target":{"@type":"EntryPoint","urlTemplate":"https:\/\/www.yoroow.com\/pt\/?s={search_term_string}"},"query-input":{"@type":"PropertyValueSpecification","valueRequired":true,"valueName":"search_term_string"}}],"inLanguage":"pt-PT"},{"@type":"Organization","@id":"https:\/\/www.yoroow.com\/pt\/#organization","name":"YOROOW","url":"https:\/\/www.yoroow.com\/pt\/","logo":{"@type":"ImageObject","inLanguage":"pt-PT","@id":"https:\/\/www.yoroow.com\/pt\/#\/schema\/logo\/image\/","url":"https:\/\/www.yoroow.com\/wp-content\/uploads\/2024\/12\/2024123007131061.png","contentUrl":"https:\/\/www.yoroow.com\/wp-content\/uploads\/2024\/12\/2024123007131061.png","width":168,"height":27,"caption":"YOROOW"},"image":{"@id":"https:\/\/www.yoroow.com\/pt\/#\/schema\/logo\/image\/"},"sameAs":["https:\/\/www.facebook.com\/people\/yoroowfaucetfactory\/61564236752362\/"]}]}},"_links":{"self":[{"href":"https:\/\/www.yoroow.com\/pt\/wp-json\/wp\/v2\/product\/11490","targetHints":{"allow":["GET"]}}],"collection":[{"href":"https:\/\/www.yoroow.com\/pt\/wp-json\/wp\/v2\/product"}],"about":[{"href":"https:\/\/www.yoroow.com\/pt\/wp-json\/wp\/v2\/types\/product"}],"wp:featuredmedia":[{"embeddable":true,"href":"https:\/\/www.yoroow.com\/pt\/wp-json\/wp\/v2\/media\/11493"}],"wp:attachment":[{"href":"https:\/\/www.yoroow.com\/pt\/wp-json\/wp\/v2\/media?parent=11490"}],"wp:term":[{"taxonomy":"product_brand","embeddable":true,"href":"https:\/\/www.yoroow.com\/pt\/wp-json\/wp\/v2\/product_brand?post=11490"},{"taxonomy":"product_cat","embeddable":true,"href":"https:\/\/www.yoroow.com\/pt\/wp-json\/wp\/v2\/product_cat?post=11490"},{"taxonomy":"product_tag","embeddable":true,"href":"https:\/\/www.yoroow.com\/pt\/wp-json\/wp\/v2\/product_tag?post=11490"}],"curies":[{"name":"wp","href":"https:\/\/api.w.org\/{rel}","templated":true}]}}