{"id":10872,"date":"2025-02-18T17:19:09","date_gmt":"2025-02-18T09:19:09","guid":{"rendered":"https:\/\/www.yoroow.com\/?post_type=product&#038;p=10872"},"modified":"2025-05-16T09:24:40","modified_gmt":"2025-05-16T01:24:40","slug":"vendas-diretas-da-fabrica-agua-fria-placa-de-cromo-latao-cartucho-casa-de-banho-tamanho-pequeno-bacia-torneira","status":"publish","type":"product","link":"https:\/\/www.yoroow.com\/pt\/pormenor-do-produto\/vendas-diretas-da-fabrica-agua-fria-placa-de-cromo-latao-cartucho-casa-de-banho-tamanho-pequeno-bacia-torneira\/","title":{"rendered":"F\u00e1brica Torneira de lavat\u00f3rio \u00fanica fria de liga de zinco e cromo Torneira de lavat\u00f3rio de mesa com al\u00e7a"},"content":{"rendered":"<p>A torneira de f\u00e1brica de lavat\u00f3rio simples a frio em liga de zinco cromado oferece uma solu\u00e7\u00e3o fi\u00e1vel para instala\u00e7\u00f5es de lavat\u00f3rio de mesa. A torneira tem uma pega dur\u00e1vel e um acabamento cromado elegante, o que a torna uma op\u00e7\u00e3o atractiva tanto para uso dom\u00e9stico como comercial. Com um enfoque na rela\u00e7\u00e3o custo-efic\u00e1cia, esta torneira \u00e9 perfeita para encomendas a granel. Fabricada na China, as fortes capacidades de produ\u00e7\u00e3o da YOROOW, incluindo materiais de alta qualidade e op\u00e7\u00f5es personaliz\u00e1veis, fazem dela a escolha ideal para exportar para os mercados da Am\u00e9rica do Sul e do Sudeste Asi\u00e1tico, onde a procura de acess\u00f3rios de casa de banho fi\u00e1veis e elegantes est\u00e1 a crescer.<\/p>","protected":false},"excerpt":{"rendered":"<p>A torneira de f\u00e1brica de lavat\u00f3rio simples a frio em liga de zinco cromado oferece uma solu\u00e7\u00e3o fi\u00e1vel para instala\u00e7\u00f5es de lavat\u00f3rio de mesa. A torneira tem uma pega dur\u00e1vel e um acabamento cromado elegante, o que a torna uma op\u00e7\u00e3o atractiva tanto para uso dom\u00e9stico como comercial. Com um foco na efici\u00eancia de custos, esta torneira \u00e9 perfeita para encomendas a granel. Fabricada na China,...<\/p>","protected":false},"featured_media":10874,"template":"","meta":{"_acf_changed":false,"_kad_post_transparent":"default","_kad_post_title":"","_kad_post_layout":"default","_kad_post_sidebar_id":"","_kad_post_content_style":"default","_kad_post_vertical_padding":"default","_kad_post_feature":"","_kad_post_feature_position":"","_kad_post_header":false,"_kad_post_footer":false},"product_brand":[],"product_cat":[219],"product_tag":[3365,3472],"class_list":{"0":"post-10872","1":"product","2":"type-product","3":"status-publish","4":"has-post-thumbnail","6":"product_cat-single-cold-basin-faucet","7":"product_tag-basin-faucet-chrome-zinc-alloy-faucet-taps","8":"product_tag-table-top-wash-basin-tap","10":"first","11":"instock","12":"shipping-taxable","13":"purchasable","14":"product-type-variable","15":"wvs-archive-product-wrapper","16":"entry","17":"content-bg","18":"loop-entry"},"acf":[],"yoast_head":"<!-- This site is optimized with the Yoast SEO Premium plugin v25.4 (Yoast SEO v27.0) - https:\/\/yoast.com\/product\/yoast-seo-premium-wordpress\/ -->\n<title>Factory Outlet Chrome Zinc Alloy Single Cold Basin Faucet Table Top Wash Basin Tap with Handle Faucet - YOROOW<\/title>\n<meta name=\"description\" content=\"Factory Outlet Chrome Zinc Alloy Single Cold Basin Faucet with table top wash basin tap and handle, durable and affordable. Manufactured in China with fast export logistics for South American and Southeast Asian markets requiring cost-effective sanitary solutions.\" \/>\n<meta name=\"robots\" content=\"index, follow, max-snippet:-1, max-image-preview:large, max-video-preview:-1\" \/>\n<link rel=\"canonical\" href=\"https:\/\/www.yoroow.com\/pt\/pormenor-do-produto\/vendas-diretas-da-fabrica-agua-fria-placa-de-cromo-latao-cartucho-casa-de-banho-tamanho-pequeno-bacia-torneira\/\" \/>\n<meta property=\"og:locale\" content=\"pt_PT\" \/>\n<meta property=\"og:type\" content=\"article\" \/>\n<meta property=\"og:title\" content=\"Factory Outlet Chrome Zinc Alloy Single Cold Basin Faucet Table Top Wash Basin Tap with Handle Faucet\" \/>\n<meta property=\"og:description\" content=\"Factory Outlet Chrome Zinc Alloy Single Cold Basin Faucet with table top wash basin tap and handle, durable and affordable. Manufactured in China with fast export logistics for South American and Southeast Asian markets requiring cost-effective sanitary solutions.\" \/>\n<meta property=\"og:url\" content=\"https:\/\/www.yoroow.com\/pt\/pormenor-do-produto\/vendas-diretas-da-fabrica-agua-fria-placa-de-cromo-latao-cartucho-casa-de-banho-tamanho-pequeno-bacia-torneira\/\" \/>\n<meta property=\"og:site_name\" content=\"YOROOW\" \/>\n<meta property=\"article:publisher\" content=\"https:\/\/www.facebook.com\/people\/yoroowfaucetfactory\/61564236752362\/\" \/>\n<meta property=\"article:modified_time\" content=\"2025-05-16T01:24:40+00:00\" \/>\n<meta property=\"og:image\" content=\"https:\/\/www.yoroow.com\/wp-content\/uploads\/2025\/02\/\u4e3b\u56fe_XbGOX4n__2.jpg\" \/>\n\t<meta property=\"og:image:width\" content=\"515\" \/>\n\t<meta property=\"og:image:height\" content=\"515\" \/>\n\t<meta property=\"og:image:type\" content=\"image\/jpeg\" \/>\n<meta name=\"twitter:card\" content=\"summary_large_image\" \/>\n<meta name=\"twitter:label1\" content=\"Est. reading time\" \/>\n\t<meta name=\"twitter:data1\" content=\"1 minuto\" \/>\n<script type=\"application\/ld+json\" class=\"yoast-schema-graph\">{\"@context\":\"https:\/\/schema.org\",\"@graph\":[{\"@type\":\"WebPage\",\"@id\":\"https:\/\/www.yoroow.com\/pt\/pormenor-do-produto\/vendas-diretas-da-fabrica-agua-fria-placa-de-cromo-latao-cartucho-casa-de-banho-tamanho-pequeno-bacia-torneira\/\",\"url\":\"https:\/\/www.yoroow.com\/pt\/pormenor-do-produto\/vendas-diretas-da-fabrica-agua-fria-placa-de-cromo-latao-cartucho-casa-de-banho-tamanho-pequeno-bacia-torneira\/\",\"name\":\"Factory Outlet Chrome Zinc Alloy Single Cold Basin Faucet Table Top Wash Basin Tap with Handle Faucet - YOROOW\",\"isPartOf\":{\"@id\":\"https:\/\/www.yoroow.com\/pt\/#website\"},\"primaryImageOfPage\":{\"@id\":\"https:\/\/www.yoroow.com\/pt\/pormenor-do-produto\/vendas-diretas-da-fabrica-agua-fria-placa-de-cromo-latao-cartucho-casa-de-banho-tamanho-pequeno-bacia-torneira\/#primaryimage\"},\"image\":{\"@id\":\"https:\/\/www.yoroow.com\/pt\/pormenor-do-produto\/vendas-diretas-da-fabrica-agua-fria-placa-de-cromo-latao-cartucho-casa-de-banho-tamanho-pequeno-bacia-torneira\/#primaryimage\"},\"thumbnailUrl\":\"https:\/\/www.yoroow.com\/wp-content\/uploads\/2025\/02\/\u4e3b\u56fe_XbGOX4n__2.jpg\",\"datePublished\":\"2025-02-18T09:19:09+00:00\",\"dateModified\":\"2025-05-16T01:24:40+00:00\",\"description\":\"Factory Outlet Chrome Zinc Alloy Single Cold Basin Faucet with table top wash basin tap and handle, durable and affordable. Manufactured in China with fast export logistics for South American and Southeast Asian markets requiring cost-effective sanitary solutions.\",\"breadcrumb\":{\"@id\":\"https:\/\/www.yoroow.com\/pt\/pormenor-do-produto\/vendas-diretas-da-fabrica-agua-fria-placa-de-cromo-latao-cartucho-casa-de-banho-tamanho-pequeno-bacia-torneira\/#breadcrumb\"},\"inLanguage\":\"pt-PT\",\"potentialAction\":[{\"@type\":\"ReadAction\",\"target\":[\"https:\/\/www.yoroow.com\/pt\/pormenor-do-produto\/vendas-diretas-da-fabrica-agua-fria-placa-de-cromo-latao-cartucho-casa-de-banho-tamanho-pequeno-bacia-torneira\/\"]}]},{\"@type\":\"ImageObject\",\"inLanguage\":\"pt-PT\",\"@id\":\"https:\/\/www.yoroow.com\/pt\/pormenor-do-produto\/vendas-diretas-da-fabrica-agua-fria-placa-de-cromo-latao-cartucho-casa-de-banho-tamanho-pequeno-bacia-torneira\/#primaryimage\",\"url\":\"https:\/\/www.yoroow.com\/wp-content\/uploads\/2025\/02\/\u4e3b\u56fe_XbGOX4n__2.jpg\",\"contentUrl\":\"https:\/\/www.yoroow.com\/wp-content\/uploads\/2025\/02\/\u4e3b\u56fe_XbGOX4n__2.jpg\",\"width\":515,\"height\":515,\"caption\":\"Factory Outlet Chrome Zinc Alloy Single Cold Basin Faucet Table Top Wash Basin Tap with Handle Faucet\"},{\"@type\":\"BreadcrumbList\",\"@id\":\"https:\/\/www.yoroow.com\/pt\/pormenor-do-produto\/vendas-diretas-da-fabrica-agua-fria-placa-de-cromo-latao-cartucho-casa-de-banho-tamanho-pequeno-bacia-torneira\/#breadcrumb\",\"itemListElement\":[{\"@type\":\"ListItem\",\"position\":1,\"name\":\"home\",\"item\":\"https:\/\/www.yoroow.com\/\"},{\"@type\":\"ListItem\",\"position\":2,\"name\":\"Product\",\"item\":\"https:\/\/www.yoroow.com\/product\/\"},{\"@type\":\"ListItem\",\"position\":3,\"name\":\"Factory Outlet Chrome Zinc Alloy Single Cold Basin Faucet Table Top Wash Basin Tap with Handle Faucet\"}]},{\"@type\":\"WebSite\",\"@id\":\"https:\/\/www.yoroow.com\/pt\/#website\",\"url\":\"https:\/\/www.yoroow.com\/pt\/\",\"name\":\"YOROOW\",\"description\":\"\",\"publisher\":{\"@id\":\"https:\/\/www.yoroow.com\/pt\/#organization\"},\"potentialAction\":[{\"@type\":\"SearchAction\",\"target\":{\"@type\":\"EntryPoint\",\"urlTemplate\":\"https:\/\/www.yoroow.com\/pt\/?s={search_term_string}\"},\"query-input\":{\"@type\":\"PropertyValueSpecification\",\"valueRequired\":true,\"valueName\":\"search_term_string\"}}],\"inLanguage\":\"pt-PT\"},{\"@type\":\"Organization\",\"@id\":\"https:\/\/www.yoroow.com\/pt\/#organization\",\"name\":\"YOROOW\",\"url\":\"https:\/\/www.yoroow.com\/pt\/\",\"logo\":{\"@type\":\"ImageObject\",\"inLanguage\":\"pt-PT\",\"@id\":\"https:\/\/www.yoroow.com\/pt\/#\/schema\/logo\/image\/\",\"url\":\"https:\/\/www.yoroow.com\/wp-content\/uploads\/2024\/12\/2024123007131061.png\",\"contentUrl\":\"https:\/\/www.yoroow.com\/wp-content\/uploads\/2024\/12\/2024123007131061.png\",\"width\":168,\"height\":27,\"caption\":\"YOROOW\"},\"image\":{\"@id\":\"https:\/\/www.yoroow.com\/pt\/#\/schema\/logo\/image\/\"},\"sameAs\":[\"https:\/\/www.facebook.com\/people\/yoroowfaucetfactory\/61564236752362\/\"]}]}<\/script>\n<!-- \/ Yoast SEO Premium plugin. -->","yoast_head_json":{"title":"Factory Outlet Chrome Zinc Alloy Single Cold Basin Faucet Table Top Wash Basin Tap with Handle Faucet - YOROOW","description":"Factory Outlet Chrome Zinc Alloy Single Cold Basin Faucet with table top wash basin tap and handle, durable and affordable. Manufactured in China with fast export logistics for South American and Southeast Asian markets requiring cost-effective sanitary solutions.","robots":{"index":"index","follow":"follow","max-snippet":"max-snippet:-1","max-image-preview":"max-image-preview:large","max-video-preview":"max-video-preview:-1"},"canonical":"https:\/\/www.yoroow.com\/pt\/pormenor-do-produto\/vendas-diretas-da-fabrica-agua-fria-placa-de-cromo-latao-cartucho-casa-de-banho-tamanho-pequeno-bacia-torneira\/","og_locale":"pt_PT","og_type":"article","og_title":"Factory Outlet Chrome Zinc Alloy Single Cold Basin Faucet Table Top Wash Basin Tap with Handle Faucet","og_description":"Factory Outlet Chrome Zinc Alloy Single Cold Basin Faucet with table top wash basin tap and handle, durable and affordable. Manufactured in China with fast export logistics for South American and Southeast Asian markets requiring cost-effective sanitary solutions.","og_url":"https:\/\/www.yoroow.com\/pt\/pormenor-do-produto\/vendas-diretas-da-fabrica-agua-fria-placa-de-cromo-latao-cartucho-casa-de-banho-tamanho-pequeno-bacia-torneira\/","og_site_name":"YOROOW","article_publisher":"https:\/\/www.facebook.com\/people\/yoroowfaucetfactory\/61564236752362\/","article_modified_time":"2025-05-16T01:24:40+00:00","og_image":[{"width":515,"height":515,"url":"https:\/\/www.yoroow.com\/wp-content\/uploads\/2025\/02\/\u4e3b\u56fe_XbGOX4n__2.jpg","type":"image\/jpeg"}],"twitter_card":"summary_large_image","twitter_misc":{"Est. reading time":"1 minuto"},"schema":{"@context":"https:\/\/schema.org","@graph":[{"@type":"WebPage","@id":"https:\/\/www.yoroow.com\/pt\/pormenor-do-produto\/vendas-diretas-da-fabrica-agua-fria-placa-de-cromo-latao-cartucho-casa-de-banho-tamanho-pequeno-bacia-torneira\/","url":"https:\/\/www.yoroow.com\/pt\/pormenor-do-produto\/vendas-diretas-da-fabrica-agua-fria-placa-de-cromo-latao-cartucho-casa-de-banho-tamanho-pequeno-bacia-torneira\/","name":"Factory Outlet Chrome Zinc Alloy Single Cold Basin Faucet Table Top Wash Basin Tap with Handle Faucet - YOROOW","isPartOf":{"@id":"https:\/\/www.yoroow.com\/pt\/#website"},"primaryImageOfPage":{"@id":"https:\/\/www.yoroow.com\/pt\/pormenor-do-produto\/vendas-diretas-da-fabrica-agua-fria-placa-de-cromo-latao-cartucho-casa-de-banho-tamanho-pequeno-bacia-torneira\/#primaryimage"},"image":{"@id":"https:\/\/www.yoroow.com\/pt\/pormenor-do-produto\/vendas-diretas-da-fabrica-agua-fria-placa-de-cromo-latao-cartucho-casa-de-banho-tamanho-pequeno-bacia-torneira\/#primaryimage"},"thumbnailUrl":"https:\/\/www.yoroow.com\/wp-content\/uploads\/2025\/02\/\u4e3b\u56fe_XbGOX4n__2.jpg","datePublished":"2025-02-18T09:19:09+00:00","dateModified":"2025-05-16T01:24:40+00:00","description":"Factory Outlet Chrome Zinc Alloy Single Cold Basin Faucet with table top wash basin tap and handle, durable and affordable. Manufactured in China with fast export logistics for South American and Southeast Asian markets requiring cost-effective sanitary solutions.","breadcrumb":{"@id":"https:\/\/www.yoroow.com\/pt\/pormenor-do-produto\/vendas-diretas-da-fabrica-agua-fria-placa-de-cromo-latao-cartucho-casa-de-banho-tamanho-pequeno-bacia-torneira\/#breadcrumb"},"inLanguage":"pt-PT","potentialAction":[{"@type":"ReadAction","target":["https:\/\/www.yoroow.com\/pt\/pormenor-do-produto\/vendas-diretas-da-fabrica-agua-fria-placa-de-cromo-latao-cartucho-casa-de-banho-tamanho-pequeno-bacia-torneira\/"]}]},{"@type":"ImageObject","inLanguage":"pt-PT","@id":"https:\/\/www.yoroow.com\/pt\/pormenor-do-produto\/vendas-diretas-da-fabrica-agua-fria-placa-de-cromo-latao-cartucho-casa-de-banho-tamanho-pequeno-bacia-torneira\/#primaryimage","url":"https:\/\/www.yoroow.com\/wp-content\/uploads\/2025\/02\/\u4e3b\u56fe_XbGOX4n__2.jpg","contentUrl":"https:\/\/www.yoroow.com\/wp-content\/uploads\/2025\/02\/\u4e3b\u56fe_XbGOX4n__2.jpg","width":515,"height":515,"caption":"Factory Outlet Chrome Zinc Alloy Single Cold Basin Faucet Table Top Wash Basin Tap with Handle Faucet"},{"@type":"BreadcrumbList","@id":"https:\/\/www.yoroow.com\/pt\/pormenor-do-produto\/vendas-diretas-da-fabrica-agua-fria-placa-de-cromo-latao-cartucho-casa-de-banho-tamanho-pequeno-bacia-torneira\/#breadcrumb","itemListElement":[{"@type":"ListItem","position":1,"name":"home","item":"https:\/\/www.yoroow.com\/"},{"@type":"ListItem","position":2,"name":"Product","item":"https:\/\/www.yoroow.com\/product\/"},{"@type":"ListItem","position":3,"name":"Factory Outlet Chrome Zinc Alloy Single Cold Basin Faucet Table Top Wash Basin Tap with Handle Faucet"}]},{"@type":"WebSite","@id":"https:\/\/www.yoroow.com\/pt\/#website","url":"https:\/\/www.yoroow.com\/pt\/","name":"YOROOW","description":"","publisher":{"@id":"https:\/\/www.yoroow.com\/pt\/#organization"},"potentialAction":[{"@type":"SearchAction","target":{"@type":"EntryPoint","urlTemplate":"https:\/\/www.yoroow.com\/pt\/?s={search_term_string}"},"query-input":{"@type":"PropertyValueSpecification","valueRequired":true,"valueName":"search_term_string"}}],"inLanguage":"pt-PT"},{"@type":"Organization","@id":"https:\/\/www.yoroow.com\/pt\/#organization","name":"YOROOW","url":"https:\/\/www.yoroow.com\/pt\/","logo":{"@type":"ImageObject","inLanguage":"pt-PT","@id":"https:\/\/www.yoroow.com\/pt\/#\/schema\/logo\/image\/","url":"https:\/\/www.yoroow.com\/wp-content\/uploads\/2024\/12\/2024123007131061.png","contentUrl":"https:\/\/www.yoroow.com\/wp-content\/uploads\/2024\/12\/2024123007131061.png","width":168,"height":27,"caption":"YOROOW"},"image":{"@id":"https:\/\/www.yoroow.com\/pt\/#\/schema\/logo\/image\/"},"sameAs":["https:\/\/www.facebook.com\/people\/yoroowfaucetfactory\/61564236752362\/"]}]}},"_links":{"self":[{"href":"https:\/\/www.yoroow.com\/pt\/wp-json\/wp\/v2\/product\/10872","targetHints":{"allow":["GET"]}}],"collection":[{"href":"https:\/\/www.yoroow.com\/pt\/wp-json\/wp\/v2\/product"}],"about":[{"href":"https:\/\/www.yoroow.com\/pt\/wp-json\/wp\/v2\/types\/product"}],"wp:featuredmedia":[{"embeddable":true,"href":"https:\/\/www.yoroow.com\/pt\/wp-json\/wp\/v2\/media\/10874"}],"wp:attachment":[{"href":"https:\/\/www.yoroow.com\/pt\/wp-json\/wp\/v2\/media?parent=10872"}],"wp:term":[{"taxonomy":"product_brand","embeddable":true,"href":"https:\/\/www.yoroow.com\/pt\/wp-json\/wp\/v2\/product_brand?post=10872"},{"taxonomy":"product_cat","embeddable":true,"href":"https:\/\/www.yoroow.com\/pt\/wp-json\/wp\/v2\/product_cat?post=10872"},{"taxonomy":"product_tag","embeddable":true,"href":"https:\/\/www.yoroow.com\/pt\/wp-json\/wp\/v2\/product_tag?post=10872"}],"curies":[{"name":"wp","href":"https:\/\/api.w.org\/{rel}","templated":true}]}}