{"id":10835,"date":"2025-02-18T14:10:42","date_gmt":"2025-02-18T06:10:42","guid":{"rendered":"https:\/\/www.yoroow.com\/?post_type=product&#038;p=10835"},"modified":"2025-05-16T09:24:09","modified_gmt":"2025-05-16T01:24:09","slug":"casa-de-banho-filtro-moderno-cromado-agua-fria-monocomando-aco-inoxidavel-lavatorio-torneira-de-lavatorio-torneira-de-agua","status":"publish","type":"product","link":"https:\/\/www.yoroow.com\/pt\/pormenor-do-produto\/casa-de-banho-filtro-moderno-cromado-agua-fria-monocomando-aco-inoxidavel-lavatorio-torneira-de-lavatorio-torneira-de-agua\/","title":{"rendered":"201 Torneira de lavat\u00f3rio em a\u00e7o inoxid\u00e1vel Design moderno Torneira de \u00e1gua fria simples Punho de zinco Carater\u00edsticas termost\u00e1ticas para lavat\u00f3rios sanit\u00e1rios"},"content":{"rendered":"<p>Esta torneira de lavat\u00f3rio em a\u00e7o inoxid\u00e1vel 201 combina um design moderno com uma \u00fanica fun\u00e7\u00e3o de \u00e1gua fria, perfeita para lavat\u00f3rios sanit\u00e1rios. O man\u00edpulo de zinco acrescenta durabilidade e controlo, enquanto a fun\u00e7\u00e3o termost\u00e1tica assegura a estabilidade da temperatura da \u00e1gua. Ideal para casas de banho em espa\u00e7os residenciais ou comerciais, proporciona uma solu\u00e7\u00e3o higi\u00e9nica para \u00e1reas de elevado tr\u00e1fego. Com fortes capacidades de produ\u00e7\u00e3o na China, a YOROOW oferece flexibilidade em termos de personaliza\u00e7\u00e3o e servi\u00e7os OEM, permitindo \u00e0s empresas criar solu\u00e7\u00f5es \u00e0 medida para os mercados da Am\u00e9rica do Sul e do Sudeste Asi\u00e1tico. O seu pre\u00e7o econ\u00f3mico e os materiais de alta qualidade fazem dela uma forte escolha para os exportadores.<\/p>","protected":false},"excerpt":{"rendered":"<p>Esta torneira de lavat\u00f3rio em a\u00e7o inoxid\u00e1vel 201 combina um design moderno com uma \u00fanica fun\u00e7\u00e3o de \u00e1gua fria, perfeita para lavat\u00f3rios sanit\u00e1rios. O man\u00edpulo de zinco acrescenta durabilidade e controlo, enquanto a fun\u00e7\u00e3o termost\u00e1tica garante a estabilidade da temperatura da \u00e1gua. Ideal para casas de banho em espa\u00e7os residenciais ou comerciais, proporciona uma solu\u00e7\u00e3o higi\u00e9nica para \u00e1reas de elevado tr\u00e1fego. Com fortes capacidades de produ\u00e7\u00e3o...<\/p>","protected":false},"featured_media":10867,"template":"","meta":{"_acf_changed":false,"_kad_post_transparent":"default","_kad_post_title":"","_kad_post_layout":"default","_kad_post_sidebar_id":"","_kad_post_content_style":"default","_kad_post_vertical_padding":"default","_kad_post_feature":"","_kad_post_feature_position":"","_kad_post_header":false,"_kad_post_footer":false},"product_brand":[],"product_cat":[219],"product_tag":[3426,3423],"class_list":{"0":"post-10835","1":"product","2":"type-product","3":"status-publish","4":"has-post-thumbnail","6":"product_cat-single-cold-basin-faucet","7":"product_tag-brass-water-tap-designs-sanitary-health-sinks","8":"product_tag-zinc-handle-basin-tap","10":"first","11":"instock","12":"shipping-taxable","13":"purchasable","14":"product-type-variable","15":"wvs-archive-product-wrapper","16":"entry","17":"content-bg","18":"loop-entry"},"acf":[],"yoast_head":"<!-- This site is optimized with the Yoast SEO Premium plugin v25.4 (Yoast SEO v27.0) - https:\/\/yoast.com\/product\/yoast-seo-premium-wordpress\/ -->\n<title>201 Stainless Steel Basin Tap Modern Design Single Cold Water Faucet Zinc Handle Thermostatic Features for Sanitary Health Sinks - YOROOW<\/title>\n<meta name=\"description\" content=\"201 Stainless Steel Basin Tap with modern design, single cold water faucet zinc handle, thermostatic features for sanitary health sinks. Made in China with focus on innovation and export to South American and Southeast Asian sanitary sectors.\" \/>\n<meta name=\"robots\" content=\"index, follow, max-snippet:-1, max-image-preview:large, max-video-preview:-1\" \/>\n<link rel=\"canonical\" href=\"https:\/\/www.yoroow.com\/pt\/pormenor-do-produto\/casa-de-banho-filtro-moderno-cromado-agua-fria-monocomando-aco-inoxidavel-lavatorio-torneira-de-lavatorio-torneira-de-agua\/\" \/>\n<meta property=\"og:locale\" content=\"pt_PT\" \/>\n<meta property=\"og:type\" content=\"article\" \/>\n<meta property=\"og:title\" content=\"201 Stainless Steel Basin Tap Modern Design Single Cold Water Faucet Zinc Handle Thermostatic Features for Sanitary Health Sinks\" \/>\n<meta property=\"og:description\" content=\"201 Stainless Steel Basin Tap with modern design, single cold water faucet zinc handle, thermostatic features for sanitary health sinks. Made in China with focus on innovation and export to South American and Southeast Asian sanitary sectors.\" \/>\n<meta property=\"og:url\" content=\"https:\/\/www.yoroow.com\/pt\/pormenor-do-produto\/casa-de-banho-filtro-moderno-cromado-agua-fria-monocomando-aco-inoxidavel-lavatorio-torneira-de-lavatorio-torneira-de-agua\/\" \/>\n<meta property=\"og:site_name\" content=\"YOROOW\" \/>\n<meta property=\"article:publisher\" content=\"https:\/\/www.facebook.com\/people\/yoroowfaucetfactory\/61564236752362\/\" \/>\n<meta property=\"article:modified_time\" content=\"2025-05-16T01:24:09+00:00\" \/>\n<meta property=\"og:image\" content=\"https:\/\/www.yoroow.com\/wp-content\/uploads\/2025\/02\/q1-1.jpg\" \/>\n\t<meta property=\"og:image:width\" content=\"670\" \/>\n\t<meta property=\"og:image:height\" content=\"670\" \/>\n\t<meta property=\"og:image:type\" content=\"image\/jpeg\" \/>\n<meta name=\"twitter:card\" content=\"summary_large_image\" \/>\n<meta name=\"twitter:label1\" content=\"Est. reading time\" \/>\n\t<meta name=\"twitter:data1\" content=\"3 minutos\" \/>\n<script type=\"application\/ld+json\" class=\"yoast-schema-graph\">{\"@context\":\"https:\/\/schema.org\",\"@graph\":[{\"@type\":\"WebPage\",\"@id\":\"https:\/\/www.yoroow.com\/pt\/pormenor-do-produto\/casa-de-banho-filtro-moderno-cromado-agua-fria-monocomando-aco-inoxidavel-lavatorio-torneira-de-lavatorio-torneira-de-agua\/\",\"url\":\"https:\/\/www.yoroow.com\/pt\/pormenor-do-produto\/casa-de-banho-filtro-moderno-cromado-agua-fria-monocomando-aco-inoxidavel-lavatorio-torneira-de-lavatorio-torneira-de-agua\/\",\"name\":\"201 Stainless Steel Basin Tap Modern Design Single Cold Water Faucet Zinc Handle Thermostatic Features for Sanitary Health Sinks - YOROOW\",\"isPartOf\":{\"@id\":\"https:\/\/www.yoroow.com\/pt\/#website\"},\"primaryImageOfPage\":{\"@id\":\"https:\/\/www.yoroow.com\/pt\/pormenor-do-produto\/casa-de-banho-filtro-moderno-cromado-agua-fria-monocomando-aco-inoxidavel-lavatorio-torneira-de-lavatorio-torneira-de-agua\/#primaryimage\"},\"image\":{\"@id\":\"https:\/\/www.yoroow.com\/pt\/pormenor-do-produto\/casa-de-banho-filtro-moderno-cromado-agua-fria-monocomando-aco-inoxidavel-lavatorio-torneira-de-lavatorio-torneira-de-agua\/#primaryimage\"},\"thumbnailUrl\":\"https:\/\/www.yoroow.com\/wp-content\/uploads\/2025\/02\/q1-1.jpg\",\"datePublished\":\"2025-02-18T06:10:42+00:00\",\"dateModified\":\"2025-05-16T01:24:09+00:00\",\"description\":\"201 Stainless Steel Basin Tap with modern design, single cold water faucet zinc handle, thermostatic features for sanitary health sinks. Made in China with focus on innovation and export to South American and Southeast Asian sanitary sectors.\",\"breadcrumb\":{\"@id\":\"https:\/\/www.yoroow.com\/pt\/pormenor-do-produto\/casa-de-banho-filtro-moderno-cromado-agua-fria-monocomando-aco-inoxidavel-lavatorio-torneira-de-lavatorio-torneira-de-agua\/#breadcrumb\"},\"inLanguage\":\"pt-PT\",\"potentialAction\":[{\"@type\":\"ReadAction\",\"target\":[\"https:\/\/www.yoroow.com\/pt\/pormenor-do-produto\/casa-de-banho-filtro-moderno-cromado-agua-fria-monocomando-aco-inoxidavel-lavatorio-torneira-de-lavatorio-torneira-de-agua\/\"]}]},{\"@type\":\"ImageObject\",\"inLanguage\":\"pt-PT\",\"@id\":\"https:\/\/www.yoroow.com\/pt\/pormenor-do-produto\/casa-de-banho-filtro-moderno-cromado-agua-fria-monocomando-aco-inoxidavel-lavatorio-torneira-de-lavatorio-torneira-de-agua\/#primaryimage\",\"url\":\"https:\/\/www.yoroow.com\/wp-content\/uploads\/2025\/02\/q1-1.jpg\",\"contentUrl\":\"https:\/\/www.yoroow.com\/wp-content\/uploads\/2025\/02\/q1-1.jpg\",\"width\":670,\"height\":670,\"caption\":\"201 Stainless Steel Basin Tap Modern Design Single Cold Water Faucet Zinc Handle Thermostatic Features for Sanitary Health Sinks\"},{\"@type\":\"BreadcrumbList\",\"@id\":\"https:\/\/www.yoroow.com\/pt\/pormenor-do-produto\/casa-de-banho-filtro-moderno-cromado-agua-fria-monocomando-aco-inoxidavel-lavatorio-torneira-de-lavatorio-torneira-de-agua\/#breadcrumb\",\"itemListElement\":[{\"@type\":\"ListItem\",\"position\":1,\"name\":\"home\",\"item\":\"https:\/\/www.yoroow.com\/\"},{\"@type\":\"ListItem\",\"position\":2,\"name\":\"Product\",\"item\":\"https:\/\/www.yoroow.com\/product\/\"},{\"@type\":\"ListItem\",\"position\":3,\"name\":\"201 Stainless Steel Basin Tap Modern Design Single Cold Water Faucet Zinc Handle Thermostatic Features for Sanitary Health Sinks\"}]},{\"@type\":\"WebSite\",\"@id\":\"https:\/\/www.yoroow.com\/pt\/#website\",\"url\":\"https:\/\/www.yoroow.com\/pt\/\",\"name\":\"YOROOW\",\"description\":\"\",\"publisher\":{\"@id\":\"https:\/\/www.yoroow.com\/pt\/#organization\"},\"potentialAction\":[{\"@type\":\"SearchAction\",\"target\":{\"@type\":\"EntryPoint\",\"urlTemplate\":\"https:\/\/www.yoroow.com\/pt\/?s={search_term_string}\"},\"query-input\":{\"@type\":\"PropertyValueSpecification\",\"valueRequired\":true,\"valueName\":\"search_term_string\"}}],\"inLanguage\":\"pt-PT\"},{\"@type\":\"Organization\",\"@id\":\"https:\/\/www.yoroow.com\/pt\/#organization\",\"name\":\"YOROOW\",\"url\":\"https:\/\/www.yoroow.com\/pt\/\",\"logo\":{\"@type\":\"ImageObject\",\"inLanguage\":\"pt-PT\",\"@id\":\"https:\/\/www.yoroow.com\/pt\/#\/schema\/logo\/image\/\",\"url\":\"https:\/\/www.yoroow.com\/wp-content\/uploads\/2024\/12\/2024123007131061.png\",\"contentUrl\":\"https:\/\/www.yoroow.com\/wp-content\/uploads\/2024\/12\/2024123007131061.png\",\"width\":168,\"height\":27,\"caption\":\"YOROOW\"},\"image\":{\"@id\":\"https:\/\/www.yoroow.com\/pt\/#\/schema\/logo\/image\/\"},\"sameAs\":[\"https:\/\/www.facebook.com\/people\/yoroowfaucetfactory\/61564236752362\/\"]}]}<\/script>\n<!-- \/ Yoast SEO Premium plugin. -->","yoast_head_json":{"title":"201 Stainless Steel Basin Tap Modern Design Single Cold Water Faucet Zinc Handle Thermostatic Features for Sanitary Health Sinks - YOROOW","description":"201 Stainless Steel Basin Tap with modern design, single cold water faucet zinc handle, thermostatic features for sanitary health sinks. Made in China with focus on innovation and export to South American and Southeast Asian sanitary sectors.","robots":{"index":"index","follow":"follow","max-snippet":"max-snippet:-1","max-image-preview":"max-image-preview:large","max-video-preview":"max-video-preview:-1"},"canonical":"https:\/\/www.yoroow.com\/pt\/pormenor-do-produto\/casa-de-banho-filtro-moderno-cromado-agua-fria-monocomando-aco-inoxidavel-lavatorio-torneira-de-lavatorio-torneira-de-agua\/","og_locale":"pt_PT","og_type":"article","og_title":"201 Stainless Steel Basin Tap Modern Design Single Cold Water Faucet Zinc Handle Thermostatic Features for Sanitary Health Sinks","og_description":"201 Stainless Steel Basin Tap with modern design, single cold water faucet zinc handle, thermostatic features for sanitary health sinks. Made in China with focus on innovation and export to South American and Southeast Asian sanitary sectors.","og_url":"https:\/\/www.yoroow.com\/pt\/pormenor-do-produto\/casa-de-banho-filtro-moderno-cromado-agua-fria-monocomando-aco-inoxidavel-lavatorio-torneira-de-lavatorio-torneira-de-agua\/","og_site_name":"YOROOW","article_publisher":"https:\/\/www.facebook.com\/people\/yoroowfaucetfactory\/61564236752362\/","article_modified_time":"2025-05-16T01:24:09+00:00","og_image":[{"width":670,"height":670,"url":"https:\/\/www.yoroow.com\/wp-content\/uploads\/2025\/02\/q1-1.jpg","type":"image\/jpeg"}],"twitter_card":"summary_large_image","twitter_misc":{"Est. reading time":"3 minutos"},"schema":{"@context":"https:\/\/schema.org","@graph":[{"@type":"WebPage","@id":"https:\/\/www.yoroow.com\/pt\/pormenor-do-produto\/casa-de-banho-filtro-moderno-cromado-agua-fria-monocomando-aco-inoxidavel-lavatorio-torneira-de-lavatorio-torneira-de-agua\/","url":"https:\/\/www.yoroow.com\/pt\/pormenor-do-produto\/casa-de-banho-filtro-moderno-cromado-agua-fria-monocomando-aco-inoxidavel-lavatorio-torneira-de-lavatorio-torneira-de-agua\/","name":"201 Stainless Steel Basin Tap Modern Design Single Cold Water Faucet Zinc Handle Thermostatic Features for Sanitary Health Sinks - YOROOW","isPartOf":{"@id":"https:\/\/www.yoroow.com\/pt\/#website"},"primaryImageOfPage":{"@id":"https:\/\/www.yoroow.com\/pt\/pormenor-do-produto\/casa-de-banho-filtro-moderno-cromado-agua-fria-monocomando-aco-inoxidavel-lavatorio-torneira-de-lavatorio-torneira-de-agua\/#primaryimage"},"image":{"@id":"https:\/\/www.yoroow.com\/pt\/pormenor-do-produto\/casa-de-banho-filtro-moderno-cromado-agua-fria-monocomando-aco-inoxidavel-lavatorio-torneira-de-lavatorio-torneira-de-agua\/#primaryimage"},"thumbnailUrl":"https:\/\/www.yoroow.com\/wp-content\/uploads\/2025\/02\/q1-1.jpg","datePublished":"2025-02-18T06:10:42+00:00","dateModified":"2025-05-16T01:24:09+00:00","description":"201 Stainless Steel Basin Tap with modern design, single cold water faucet zinc handle, thermostatic features for sanitary health sinks. Made in China with focus on innovation and export to South American and Southeast Asian sanitary sectors.","breadcrumb":{"@id":"https:\/\/www.yoroow.com\/pt\/pormenor-do-produto\/casa-de-banho-filtro-moderno-cromado-agua-fria-monocomando-aco-inoxidavel-lavatorio-torneira-de-lavatorio-torneira-de-agua\/#breadcrumb"},"inLanguage":"pt-PT","potentialAction":[{"@type":"ReadAction","target":["https:\/\/www.yoroow.com\/pt\/pormenor-do-produto\/casa-de-banho-filtro-moderno-cromado-agua-fria-monocomando-aco-inoxidavel-lavatorio-torneira-de-lavatorio-torneira-de-agua\/"]}]},{"@type":"ImageObject","inLanguage":"pt-PT","@id":"https:\/\/www.yoroow.com\/pt\/pormenor-do-produto\/casa-de-banho-filtro-moderno-cromado-agua-fria-monocomando-aco-inoxidavel-lavatorio-torneira-de-lavatorio-torneira-de-agua\/#primaryimage","url":"https:\/\/www.yoroow.com\/wp-content\/uploads\/2025\/02\/q1-1.jpg","contentUrl":"https:\/\/www.yoroow.com\/wp-content\/uploads\/2025\/02\/q1-1.jpg","width":670,"height":670,"caption":"201 Stainless Steel Basin Tap Modern Design Single Cold Water Faucet Zinc Handle Thermostatic Features for Sanitary Health Sinks"},{"@type":"BreadcrumbList","@id":"https:\/\/www.yoroow.com\/pt\/pormenor-do-produto\/casa-de-banho-filtro-moderno-cromado-agua-fria-monocomando-aco-inoxidavel-lavatorio-torneira-de-lavatorio-torneira-de-agua\/#breadcrumb","itemListElement":[{"@type":"ListItem","position":1,"name":"home","item":"https:\/\/www.yoroow.com\/"},{"@type":"ListItem","position":2,"name":"Product","item":"https:\/\/www.yoroow.com\/product\/"},{"@type":"ListItem","position":3,"name":"201 Stainless Steel Basin Tap Modern Design Single Cold Water Faucet Zinc Handle Thermostatic Features for Sanitary Health Sinks"}]},{"@type":"WebSite","@id":"https:\/\/www.yoroow.com\/pt\/#website","url":"https:\/\/www.yoroow.com\/pt\/","name":"YOROOW","description":"","publisher":{"@id":"https:\/\/www.yoroow.com\/pt\/#organization"},"potentialAction":[{"@type":"SearchAction","target":{"@type":"EntryPoint","urlTemplate":"https:\/\/www.yoroow.com\/pt\/?s={search_term_string}"},"query-input":{"@type":"PropertyValueSpecification","valueRequired":true,"valueName":"search_term_string"}}],"inLanguage":"pt-PT"},{"@type":"Organization","@id":"https:\/\/www.yoroow.com\/pt\/#organization","name":"YOROOW","url":"https:\/\/www.yoroow.com\/pt\/","logo":{"@type":"ImageObject","inLanguage":"pt-PT","@id":"https:\/\/www.yoroow.com\/pt\/#\/schema\/logo\/image\/","url":"https:\/\/www.yoroow.com\/wp-content\/uploads\/2024\/12\/2024123007131061.png","contentUrl":"https:\/\/www.yoroow.com\/wp-content\/uploads\/2024\/12\/2024123007131061.png","width":168,"height":27,"caption":"YOROOW"},"image":{"@id":"https:\/\/www.yoroow.com\/pt\/#\/schema\/logo\/image\/"},"sameAs":["https:\/\/www.facebook.com\/people\/yoroowfaucetfactory\/61564236752362\/"]}]}},"_links":{"self":[{"href":"https:\/\/www.yoroow.com\/pt\/wp-json\/wp\/v2\/product\/10835","targetHints":{"allow":["GET"]}}],"collection":[{"href":"https:\/\/www.yoroow.com\/pt\/wp-json\/wp\/v2\/product"}],"about":[{"href":"https:\/\/www.yoroow.com\/pt\/wp-json\/wp\/v2\/types\/product"}],"wp:featuredmedia":[{"embeddable":true,"href":"https:\/\/www.yoroow.com\/pt\/wp-json\/wp\/v2\/media\/10867"}],"wp:attachment":[{"href":"https:\/\/www.yoroow.com\/pt\/wp-json\/wp\/v2\/media?parent=10835"}],"wp:term":[{"taxonomy":"product_brand","embeddable":true,"href":"https:\/\/www.yoroow.com\/pt\/wp-json\/wp\/v2\/product_brand?post=10835"},{"taxonomy":"product_cat","embeddable":true,"href":"https:\/\/www.yoroow.com\/pt\/wp-json\/wp\/v2\/product_cat?post=10835"},{"taxonomy":"product_tag","embeddable":true,"href":"https:\/\/www.yoroow.com\/pt\/wp-json\/wp\/v2\/product_tag?post=10835"}],"curies":[{"name":"wp","href":"https:\/\/api.w.org\/{rel}","templated":true}]}}