{"id":10805,"date":"2025-02-18T13:09:49","date_gmt":"2025-02-18T05:09:49","guid":{"rendered":"https:\/\/www.yoroow.com\/?post_type=product&#038;p=10805"},"modified":"2025-05-16T09:23:59","modified_gmt":"2025-05-16T01:23:59","slug":"torneira-moderna-para-lavatorio-de-casa-de-banho-torneira-flexivel-de-agua-fria-unica-torneiras-de-casa-de-banho-montadas-no-conves","status":"publish","type":"product","link":"https:\/\/www.yoroow.com\/pt\/pormenor-do-produto\/torneira-moderna-para-lavatorio-de-casa-de-banho-torneira-flexivel-de-agua-fria-unica-torneiras-de-casa-de-banho-montadas-no-conves\/","title":{"rendered":"Torneira de lavat\u00f3rio de lat\u00e3o premium de punho \u00fanico antigo Torneira de lavat\u00f3rio de lat\u00e3o premium de punho \u00fanico moderna de luxo contempor\u00e2nea de furo \u00fanico para casa de banho"},"content":{"rendered":"<p>A torneira de lavat\u00f3rio de lat\u00e3o Premium de man\u00edpulo \u00fanico Antique combina o design tradicional com a funcionalidade moderna. A sua constru\u00e7\u00e3o em lat\u00e3o garante resist\u00eancia e durabilidade, enquanto o mecanismo de man\u00edpulo \u00fanico oferece facilidade de utiliza\u00e7\u00e3o. Ideal para casas de banho de luxo, esta torneira apresenta um elegante acabamento antigo, conferindo um encanto vintage a qualquer espa\u00e7o. Fabricada na China, esta torneira \u00e9 produzida com tecnologia avan\u00e7ada, garantindo uma qualidade duradoura a pre\u00e7os competitivos. O seu design cl\u00e1ssico e os materiais de primeira qualidade fazem dela uma op\u00e7\u00e3o desej\u00e1vel para exporta\u00e7\u00e3o para os mercados da Am\u00e9rica do Sul e do Sudeste Asi\u00e1tico, onde tanto a eleg\u00e2ncia como a durabilidade s\u00e3o muito procuradas.<\/p>","protected":false},"excerpt":{"rendered":"<p>A torneira de lavat\u00f3rio de lat\u00e3o Premium de man\u00edpulo \u00fanico Antique combina um design tradicional com uma funcionalidade moderna. A sua constru\u00e7\u00e3o em lat\u00e3o garante resist\u00eancia e durabilidade, enquanto o mecanismo de man\u00edpulo \u00fanico oferece facilidade de utiliza\u00e7\u00e3o. Ideal para casas de banho de luxo, esta torneira apresenta um elegante acabamento antigo, conferindo um encanto vintage a qualquer espa\u00e7o. Fabricada na China, esta torneira \u00e9 produzida com tecnologia avan\u00e7ada...<\/p>","protected":false},"featured_media":10786,"template":"","meta":{"_acf_changed":false,"_kad_post_transparent":"default","_kad_post_title":"","_kad_post_layout":"default","_kad_post_sidebar_id":"","_kad_post_content_style":"default","_kad_post_vertical_padding":"default","_kad_post_feature":"","_kad_post_feature_position":"","_kad_post_header":false,"_kad_post_footer":false},"product_brand":[],"product_cat":[219],"product_tag":[3385,3461],"class_list":{"0":"post-10805","1":"product","2":"type-product","3":"status-publish","4":"has-post-thumbnail","6":"product_cat-single-cold-basin-faucet","7":"product_tag-faucets-single-handle-antique-basin-faucet","8":"product_tag-premium-basin-taps","10":"first","11":"instock","12":"shipping-taxable","13":"purchasable","14":"product-type-variable","15":"wvs-archive-product-wrapper","16":"entry","17":"content-bg","18":"loop-entry"},"acf":[],"yoast_head":"<!-- This site is optimized with the Yoast SEO Premium plugin v25.4 (Yoast SEO v27.0) - https:\/\/yoast.com\/product\/yoast-seo-premium-wordpress\/ -->\n<title>Antique Single Handle Premium Brass Basin Faucet Modern Single Hole Luxury Contemporary Single Cold Faucet for Bathroom - YOROOW<\/title>\n<meta name=\"description\" content=\"Antique Single Handle Premium Brass Basin Faucet with modern single hole luxury design and cold water function, ideal for bathroom upgrades. Produced in China with precision manufacturing, exported to South American and Southeast Asian customers valuing classic style with durability.\" \/>\n<meta name=\"robots\" content=\"index, follow, max-snippet:-1, max-image-preview:large, max-video-preview:-1\" \/>\n<link rel=\"canonical\" href=\"https:\/\/www.yoroow.com\/pt\/pormenor-do-produto\/torneira-moderna-para-lavatorio-de-casa-de-banho-torneira-flexivel-de-agua-fria-unica-torneiras-de-casa-de-banho-montadas-no-conves\/\" \/>\n<meta property=\"og:locale\" content=\"pt_PT\" \/>\n<meta property=\"og:type\" content=\"article\" \/>\n<meta property=\"og:title\" content=\"Antique Single Handle Premium Brass Basin Faucet Modern Single Hole Luxury Contemporary Single Cold Faucet for Bathroom\" \/>\n<meta property=\"og:description\" content=\"Antique Single Handle Premium Brass Basin Faucet with modern single hole luxury design and cold water function, ideal for bathroom upgrades. Produced in China with precision manufacturing, exported to South American and Southeast Asian customers valuing classic style with durability.\" \/>\n<meta property=\"og:url\" content=\"https:\/\/www.yoroow.com\/pt\/pormenor-do-produto\/torneira-moderna-para-lavatorio-de-casa-de-banho-torneira-flexivel-de-agua-fria-unica-torneiras-de-casa-de-banho-montadas-no-conves\/\" \/>\n<meta property=\"og:site_name\" content=\"YOROOW\" \/>\n<meta property=\"article:publisher\" content=\"https:\/\/www.facebook.com\/people\/yoroowfaucetfactory\/61564236752362\/\" \/>\n<meta property=\"article:modified_time\" content=\"2025-05-16T01:23:59+00:00\" \/>\n<meta property=\"og:image\" content=\"https:\/\/www.yoroow.com\/wp-content\/uploads\/2025\/02\/sku\u56fe_J7uAttWo_2.jpg\" \/>\n\t<meta property=\"og:image:width\" content=\"640\" \/>\n\t<meta property=\"og:image:height\" content=\"640\" \/>\n\t<meta property=\"og:image:type\" content=\"image\/jpeg\" \/>\n<meta name=\"twitter:card\" content=\"summary_large_image\" \/>\n<meta name=\"twitter:label1\" content=\"Est. reading time\" \/>\n\t<meta name=\"twitter:data1\" content=\"2 minutos\" \/>\n<script type=\"application\/ld+json\" class=\"yoast-schema-graph\">{\"@context\":\"https:\/\/schema.org\",\"@graph\":[{\"@type\":\"WebPage\",\"@id\":\"https:\/\/www.yoroow.com\/pt\/pormenor-do-produto\/torneira-moderna-para-lavatorio-de-casa-de-banho-torneira-flexivel-de-agua-fria-unica-torneiras-de-casa-de-banho-montadas-no-conves\/\",\"url\":\"https:\/\/www.yoroow.com\/pt\/pormenor-do-produto\/torneira-moderna-para-lavatorio-de-casa-de-banho-torneira-flexivel-de-agua-fria-unica-torneiras-de-casa-de-banho-montadas-no-conves\/\",\"name\":\"Antique Single Handle Premium Brass Basin Faucet Modern Single Hole Luxury Contemporary Single Cold Faucet for Bathroom - YOROOW\",\"isPartOf\":{\"@id\":\"https:\/\/www.yoroow.com\/pt\/#website\"},\"primaryImageOfPage\":{\"@id\":\"https:\/\/www.yoroow.com\/pt\/pormenor-do-produto\/torneira-moderna-para-lavatorio-de-casa-de-banho-torneira-flexivel-de-agua-fria-unica-torneiras-de-casa-de-banho-montadas-no-conves\/#primaryimage\"},\"image\":{\"@id\":\"https:\/\/www.yoroow.com\/pt\/pormenor-do-produto\/torneira-moderna-para-lavatorio-de-casa-de-banho-torneira-flexivel-de-agua-fria-unica-torneiras-de-casa-de-banho-montadas-no-conves\/#primaryimage\"},\"thumbnailUrl\":\"https:\/\/www.yoroow.com\/wp-content\/uploads\/2025\/02\/sku\u56fe_J7uAttWo_2.jpg\",\"datePublished\":\"2025-02-18T05:09:49+00:00\",\"dateModified\":\"2025-05-16T01:23:59+00:00\",\"description\":\"Antique Single Handle Premium Brass Basin Faucet with modern single hole luxury design and cold water function, ideal for bathroom upgrades. Produced in China with precision manufacturing, exported to South American and Southeast Asian customers valuing classic style with durability.\",\"breadcrumb\":{\"@id\":\"https:\/\/www.yoroow.com\/pt\/pormenor-do-produto\/torneira-moderna-para-lavatorio-de-casa-de-banho-torneira-flexivel-de-agua-fria-unica-torneiras-de-casa-de-banho-montadas-no-conves\/#breadcrumb\"},\"inLanguage\":\"pt-PT\",\"potentialAction\":[{\"@type\":\"ReadAction\",\"target\":[\"https:\/\/www.yoroow.com\/pt\/pormenor-do-produto\/torneira-moderna-para-lavatorio-de-casa-de-banho-torneira-flexivel-de-agua-fria-unica-torneiras-de-casa-de-banho-montadas-no-conves\/\"]}]},{\"@type\":\"ImageObject\",\"inLanguage\":\"pt-PT\",\"@id\":\"https:\/\/www.yoroow.com\/pt\/pormenor-do-produto\/torneira-moderna-para-lavatorio-de-casa-de-banho-torneira-flexivel-de-agua-fria-unica-torneiras-de-casa-de-banho-montadas-no-conves\/#primaryimage\",\"url\":\"https:\/\/www.yoroow.com\/wp-content\/uploads\/2025\/02\/sku\u56fe_J7uAttWo_2.jpg\",\"contentUrl\":\"https:\/\/www.yoroow.com\/wp-content\/uploads\/2025\/02\/sku\u56fe_J7uAttWo_2.jpg\",\"width\":640,\"height\":640,\"caption\":\"304 Stainless Steel Single Cold Water Basin Sink Faucet with Long Spout Modern Design Single Hole Mount\"},{\"@type\":\"BreadcrumbList\",\"@id\":\"https:\/\/www.yoroow.com\/pt\/pormenor-do-produto\/torneira-moderna-para-lavatorio-de-casa-de-banho-torneira-flexivel-de-agua-fria-unica-torneiras-de-casa-de-banho-montadas-no-conves\/#breadcrumb\",\"itemListElement\":[{\"@type\":\"ListItem\",\"position\":1,\"name\":\"home\",\"item\":\"https:\/\/www.yoroow.com\/\"},{\"@type\":\"ListItem\",\"position\":2,\"name\":\"Product\",\"item\":\"https:\/\/www.yoroow.com\/product\/\"},{\"@type\":\"ListItem\",\"position\":3,\"name\":\"Antique Single Handle Premium Brass Basin Faucet Modern Single Hole Luxury Contemporary Single Cold Faucet for Bathroom\"}]},{\"@type\":\"WebSite\",\"@id\":\"https:\/\/www.yoroow.com\/pt\/#website\",\"url\":\"https:\/\/www.yoroow.com\/pt\/\",\"name\":\"YOROOW\",\"description\":\"\",\"publisher\":{\"@id\":\"https:\/\/www.yoroow.com\/pt\/#organization\"},\"potentialAction\":[{\"@type\":\"SearchAction\",\"target\":{\"@type\":\"EntryPoint\",\"urlTemplate\":\"https:\/\/www.yoroow.com\/pt\/?s={search_term_string}\"},\"query-input\":{\"@type\":\"PropertyValueSpecification\",\"valueRequired\":true,\"valueName\":\"search_term_string\"}}],\"inLanguage\":\"pt-PT\"},{\"@type\":\"Organization\",\"@id\":\"https:\/\/www.yoroow.com\/pt\/#organization\",\"name\":\"YOROOW\",\"url\":\"https:\/\/www.yoroow.com\/pt\/\",\"logo\":{\"@type\":\"ImageObject\",\"inLanguage\":\"pt-PT\",\"@id\":\"https:\/\/www.yoroow.com\/pt\/#\/schema\/logo\/image\/\",\"url\":\"https:\/\/www.yoroow.com\/wp-content\/uploads\/2024\/12\/2024123007131061.png\",\"contentUrl\":\"https:\/\/www.yoroow.com\/wp-content\/uploads\/2024\/12\/2024123007131061.png\",\"width\":168,\"height\":27,\"caption\":\"YOROOW\"},\"image\":{\"@id\":\"https:\/\/www.yoroow.com\/pt\/#\/schema\/logo\/image\/\"},\"sameAs\":[\"https:\/\/www.facebook.com\/people\/yoroowfaucetfactory\/61564236752362\/\"]}]}<\/script>\n<!-- \/ Yoast SEO Premium plugin. -->","yoast_head_json":{"title":"Antique Single Handle Premium Brass Basin Faucet Modern Single Hole Luxury Contemporary Single Cold Faucet for Bathroom - YOROOW","description":"Antique Single Handle Premium Brass Basin Faucet with modern single hole luxury design and cold water function, ideal for bathroom upgrades. Produced in China with precision manufacturing, exported to South American and Southeast Asian customers valuing classic style with durability.","robots":{"index":"index","follow":"follow","max-snippet":"max-snippet:-1","max-image-preview":"max-image-preview:large","max-video-preview":"max-video-preview:-1"},"canonical":"https:\/\/www.yoroow.com\/pt\/pormenor-do-produto\/torneira-moderna-para-lavatorio-de-casa-de-banho-torneira-flexivel-de-agua-fria-unica-torneiras-de-casa-de-banho-montadas-no-conves\/","og_locale":"pt_PT","og_type":"article","og_title":"Antique Single Handle Premium Brass Basin Faucet Modern Single Hole Luxury Contemporary Single Cold Faucet for Bathroom","og_description":"Antique Single Handle Premium Brass Basin Faucet with modern single hole luxury design and cold water function, ideal for bathroom upgrades. Produced in China with precision manufacturing, exported to South American and Southeast Asian customers valuing classic style with durability.","og_url":"https:\/\/www.yoroow.com\/pt\/pormenor-do-produto\/torneira-moderna-para-lavatorio-de-casa-de-banho-torneira-flexivel-de-agua-fria-unica-torneiras-de-casa-de-banho-montadas-no-conves\/","og_site_name":"YOROOW","article_publisher":"https:\/\/www.facebook.com\/people\/yoroowfaucetfactory\/61564236752362\/","article_modified_time":"2025-05-16T01:23:59+00:00","og_image":[{"width":640,"height":640,"url":"https:\/\/www.yoroow.com\/wp-content\/uploads\/2025\/02\/sku\u56fe_J7uAttWo_2.jpg","type":"image\/jpeg"}],"twitter_card":"summary_large_image","twitter_misc":{"Est. reading time":"2 minutos"},"schema":{"@context":"https:\/\/schema.org","@graph":[{"@type":"WebPage","@id":"https:\/\/www.yoroow.com\/pt\/pormenor-do-produto\/torneira-moderna-para-lavatorio-de-casa-de-banho-torneira-flexivel-de-agua-fria-unica-torneiras-de-casa-de-banho-montadas-no-conves\/","url":"https:\/\/www.yoroow.com\/pt\/pormenor-do-produto\/torneira-moderna-para-lavatorio-de-casa-de-banho-torneira-flexivel-de-agua-fria-unica-torneiras-de-casa-de-banho-montadas-no-conves\/","name":"Antique Single Handle Premium Brass Basin Faucet Modern Single Hole Luxury Contemporary Single Cold Faucet for Bathroom - YOROOW","isPartOf":{"@id":"https:\/\/www.yoroow.com\/pt\/#website"},"primaryImageOfPage":{"@id":"https:\/\/www.yoroow.com\/pt\/pormenor-do-produto\/torneira-moderna-para-lavatorio-de-casa-de-banho-torneira-flexivel-de-agua-fria-unica-torneiras-de-casa-de-banho-montadas-no-conves\/#primaryimage"},"image":{"@id":"https:\/\/www.yoroow.com\/pt\/pormenor-do-produto\/torneira-moderna-para-lavatorio-de-casa-de-banho-torneira-flexivel-de-agua-fria-unica-torneiras-de-casa-de-banho-montadas-no-conves\/#primaryimage"},"thumbnailUrl":"https:\/\/www.yoroow.com\/wp-content\/uploads\/2025\/02\/sku\u56fe_J7uAttWo_2.jpg","datePublished":"2025-02-18T05:09:49+00:00","dateModified":"2025-05-16T01:23:59+00:00","description":"Antique Single Handle Premium Brass Basin Faucet with modern single hole luxury design and cold water function, ideal for bathroom upgrades. Produced in China with precision manufacturing, exported to South American and Southeast Asian customers valuing classic style with durability.","breadcrumb":{"@id":"https:\/\/www.yoroow.com\/pt\/pormenor-do-produto\/torneira-moderna-para-lavatorio-de-casa-de-banho-torneira-flexivel-de-agua-fria-unica-torneiras-de-casa-de-banho-montadas-no-conves\/#breadcrumb"},"inLanguage":"pt-PT","potentialAction":[{"@type":"ReadAction","target":["https:\/\/www.yoroow.com\/pt\/pormenor-do-produto\/torneira-moderna-para-lavatorio-de-casa-de-banho-torneira-flexivel-de-agua-fria-unica-torneiras-de-casa-de-banho-montadas-no-conves\/"]}]},{"@type":"ImageObject","inLanguage":"pt-PT","@id":"https:\/\/www.yoroow.com\/pt\/pormenor-do-produto\/torneira-moderna-para-lavatorio-de-casa-de-banho-torneira-flexivel-de-agua-fria-unica-torneiras-de-casa-de-banho-montadas-no-conves\/#primaryimage","url":"https:\/\/www.yoroow.com\/wp-content\/uploads\/2025\/02\/sku\u56fe_J7uAttWo_2.jpg","contentUrl":"https:\/\/www.yoroow.com\/wp-content\/uploads\/2025\/02\/sku\u56fe_J7uAttWo_2.jpg","width":640,"height":640,"caption":"304 Stainless Steel Single Cold Water Basin Sink Faucet with Long Spout Modern Design Single Hole Mount"},{"@type":"BreadcrumbList","@id":"https:\/\/www.yoroow.com\/pt\/pormenor-do-produto\/torneira-moderna-para-lavatorio-de-casa-de-banho-torneira-flexivel-de-agua-fria-unica-torneiras-de-casa-de-banho-montadas-no-conves\/#breadcrumb","itemListElement":[{"@type":"ListItem","position":1,"name":"home","item":"https:\/\/www.yoroow.com\/"},{"@type":"ListItem","position":2,"name":"Product","item":"https:\/\/www.yoroow.com\/product\/"},{"@type":"ListItem","position":3,"name":"Antique Single Handle Premium Brass Basin Faucet Modern Single Hole Luxury Contemporary Single Cold Faucet for Bathroom"}]},{"@type":"WebSite","@id":"https:\/\/www.yoroow.com\/pt\/#website","url":"https:\/\/www.yoroow.com\/pt\/","name":"YOROOW","description":"","publisher":{"@id":"https:\/\/www.yoroow.com\/pt\/#organization"},"potentialAction":[{"@type":"SearchAction","target":{"@type":"EntryPoint","urlTemplate":"https:\/\/www.yoroow.com\/pt\/?s={search_term_string}"},"query-input":{"@type":"PropertyValueSpecification","valueRequired":true,"valueName":"search_term_string"}}],"inLanguage":"pt-PT"},{"@type":"Organization","@id":"https:\/\/www.yoroow.com\/pt\/#organization","name":"YOROOW","url":"https:\/\/www.yoroow.com\/pt\/","logo":{"@type":"ImageObject","inLanguage":"pt-PT","@id":"https:\/\/www.yoroow.com\/pt\/#\/schema\/logo\/image\/","url":"https:\/\/www.yoroow.com\/wp-content\/uploads\/2024\/12\/2024123007131061.png","contentUrl":"https:\/\/www.yoroow.com\/wp-content\/uploads\/2024\/12\/2024123007131061.png","width":168,"height":27,"caption":"YOROOW"},"image":{"@id":"https:\/\/www.yoroow.com\/pt\/#\/schema\/logo\/image\/"},"sameAs":["https:\/\/www.facebook.com\/people\/yoroowfaucetfactory\/61564236752362\/"]}]}},"_links":{"self":[{"href":"https:\/\/www.yoroow.com\/pt\/wp-json\/wp\/v2\/product\/10805","targetHints":{"allow":["GET"]}}],"collection":[{"href":"https:\/\/www.yoroow.com\/pt\/wp-json\/wp\/v2\/product"}],"about":[{"href":"https:\/\/www.yoroow.com\/pt\/wp-json\/wp\/v2\/types\/product"}],"wp:featuredmedia":[{"embeddable":true,"href":"https:\/\/www.yoroow.com\/pt\/wp-json\/wp\/v2\/media\/10786"}],"wp:attachment":[{"href":"https:\/\/www.yoroow.com\/pt\/wp-json\/wp\/v2\/media?parent=10805"}],"wp:term":[{"taxonomy":"product_brand","embeddable":true,"href":"https:\/\/www.yoroow.com\/pt\/wp-json\/wp\/v2\/product_brand?post=10805"},{"taxonomy":"product_cat","embeddable":true,"href":"https:\/\/www.yoroow.com\/pt\/wp-json\/wp\/v2\/product_cat?post=10805"},{"taxonomy":"product_tag","embeddable":true,"href":"https:\/\/www.yoroow.com\/pt\/wp-json\/wp\/v2\/product_tag?post=10805"}],"curies":[{"name":"wp","href":"https:\/\/api.w.org\/{rel}","templated":true}]}}