{"id":10312,"date":"2025-02-14T17:43:32","date_gmt":"2025-02-14T09:43:32","guid":{"rendered":"https:\/\/www.yoroow.com\/?post_type=product&#038;p=10312"},"modified":"2025-05-16T09:21:46","modified_gmt":"2025-05-16T01:21:46","slug":"torneira-de-lavatorio-yoroow-agua-fria-simples-torneira-de-lavatorio-cromada-de-pega-unica-estilo-moderno-torneira-de-lavatorio-em-aco-inoxidavel","status":"publish","type":"product","link":"https:\/\/www.yoroow.com\/pt\/pormenor-do-produto\/torneira-de-lavatorio-yoroow-agua-fria-simples-torneira-de-lavatorio-cromada-de-pega-unica-estilo-moderno-torneira-de-lavatorio-em-aco-inoxidavel\/","title":{"rendered":"201 Torneira de lavat\u00f3rio de lat\u00e3o estilo real em a\u00e7o inoxid\u00e1vel para lavat\u00f3rio tradicional contempor\u00e2neo com furo \u00fanico certificada para utiliza\u00e7\u00e3o na casa de banho dom\u00e9stica"},"content":{"rendered":"<p>201 Stainless Steel Royal Style Brass Basin Tap Contemporary Traditional Wash Basin Single Hole Certified for Home Bathroom Use \u00e9 uma torneira de alta qualidade concebida para espa\u00e7os utilit\u00e1rios modernos que requerem solu\u00e7\u00f5es de \u00e1gua duradouras e est\u00e9ticas. O produto possui um corpo resistente \u00e0 corros\u00e3o com um controlo eficiente do fluxo de \u00e1gua. \u00c9 ideal para instala\u00e7\u00e3o em casas, hot\u00e9is, escolas ou cozinhas comerciais onde o desempenho e a longevidade s\u00e3o essenciais. Com um acabamento elegante e uma forma contempor\u00e2nea, complementa tanto os interiores minimalistas como os cl\u00e1ssicos. A nossa f\u00e1brica chinesa assegura um controlo de qualidade rigoroso em cada unidade produzida, tirando partido de equipamento avan\u00e7ado de maquinagem e polimento para proporcionar um desempenho consistente. Oferecemos servi\u00e7os flex\u00edveis de OEM\/ODM, incluindo a marca, o design de embalagens e a personaliza\u00e7\u00e3o de materiais para satisfazer as diversas necessidades dos clientes. Este modelo \u00e9 particularmente favorecido nos mercados da Am\u00e9rica do Sul e do Sudeste Asi\u00e1tico devido ao seu pre\u00e7o competitivo, apar\u00eancia elegante e funcionalidade fi\u00e1vel, tornando-o uma escolha popular entre os distribuidores locais, construtores e renovadores. A for\u00e7a de fabrico da YOROOW garante uma produ\u00e7\u00e3o r\u00e1pida e um fornecimento est\u00e1vel, mesmo para encomendas de grandes volumes. Cada torneira \u00e9 submetida a rigorosos testes de estanquidade e durabilidade antes do envio. Com mais de dez anos de experi\u00eancia em exporta\u00e7\u00e3o, fornecemos apoio multilingue e servi\u00e7os de log\u00edstica fi\u00e1veis para garantir uma entrega f\u00e1cil e atempada nos mercados internacionais.<\/p>","protected":false},"excerpt":{"rendered":"<p>201 Stainless Steel Royal Style Brass Basin Tap Contemporary Traditional Wash Basin Single Hole Certified for Home Bathroom Use \u00e9 uma torneira de alta qualidade concebida para espa\u00e7os utilit\u00e1rios modernos que requerem solu\u00e7\u00f5es de \u00e1gua duradouras e est\u00e9ticas. O produto possui um corpo resistente \u00e0 corros\u00e3o com um controlo eficiente do fluxo de \u00e1gua. \u00c9 ideal para instala\u00e7\u00e3o em casas, hot\u00e9is, escolas ou...<\/p>","protected":false},"featured_media":10464,"template":"","meta":{"_acf_changed":false,"_kad_post_transparent":"default","_kad_post_title":"","_kad_post_layout":"default","_kad_post_sidebar_id":"","_kad_post_content_style":"default","_kad_post_vertical_padding":"default","_kad_post_feature":"","_kad_post_feature_position":"","_kad_post_header":false,"_kad_post_footer":false},"product_brand":[],"product_cat":[219],"product_tag":[3427,3499],"class_list":{"0":"post-10312","1":"product","2":"type-product","3":"status-publish","4":"has-post-thumbnail","6":"product_cat-single-cold-basin-faucet","7":"product_tag-brass-basin-tap","8":"product_tag-royal-wash-basin-tap","10":"first","11":"instock","12":"shipping-taxable","13":"purchasable","14":"product-type-variable","15":"wvs-archive-product-wrapper","16":"entry","17":"content-bg","18":"loop-entry"},"acf":[],"yoast_head":"<!-- This site is optimized with the Yoast SEO Premium plugin v25.4 (Yoast SEO v27.0) - https:\/\/yoast.com\/product\/yoast-seo-premium-wordpress\/ -->\n<title>201 Stainless Steel Royal Style Brass Basin Tap Contemporary Traditional Wash Basin Single Hole Certified for Home Bathroom Use - YOROOW<\/title>\n<meta name=\"description\" content=\"Luxury single cold basin faucet made of brass zinc alloy with ceramic valve core. Suitable for villas and apartments. Factory direct export to South America and Southeast Asia.\" \/>\n<meta name=\"robots\" content=\"index, follow, max-snippet:-1, max-image-preview:large, max-video-preview:-1\" \/>\n<link rel=\"canonical\" href=\"https:\/\/www.yoroow.com\/pt\/pormenor-do-produto\/torneira-de-lavatorio-yoroow-agua-fria-simples-torneira-de-lavatorio-cromada-de-pega-unica-estilo-moderno-torneira-de-lavatorio-em-aco-inoxidavel\/\" \/>\n<meta property=\"og:locale\" content=\"pt_PT\" \/>\n<meta property=\"og:type\" content=\"article\" \/>\n<meta property=\"og:title\" content=\"201 Stainless Steel Royal Style Brass Basin Tap Contemporary Traditional Wash Basin Single Hole Certified for Home Bathroom Use\" \/>\n<meta property=\"og:description\" content=\"Luxury single cold basin faucet made of brass zinc alloy with ceramic valve core. Suitable for villas and apartments. Factory direct export to South America and Southeast Asia.\" \/>\n<meta property=\"og:url\" content=\"https:\/\/www.yoroow.com\/pt\/pormenor-do-produto\/torneira-de-lavatorio-yoroow-agua-fria-simples-torneira-de-lavatorio-cromada-de-pega-unica-estilo-moderno-torneira-de-lavatorio-em-aco-inoxidavel\/\" \/>\n<meta property=\"og:site_name\" content=\"YOROOW\" \/>\n<meta property=\"article:publisher\" content=\"https:\/\/www.facebook.com\/people\/yoroowfaucetfactory\/61564236752362\/\" \/>\n<meta property=\"article:modified_time\" content=\"2025-05-16T01:21:46+00:00\" \/>\n<meta property=\"og:image\" content=\"https:\/\/www.yoroow.com\/wp-content\/uploads\/2025\/02\/\u5fae\u4fe1\u56fe\u7247_20210805101931.jpg\" \/>\n\t<meta property=\"og:image:width\" content=\"800\" \/>\n\t<meta property=\"og:image:height\" content=\"800\" \/>\n\t<meta property=\"og:image:type\" content=\"image\/jpeg\" \/>\n<meta name=\"twitter:card\" content=\"summary_large_image\" \/>\n<meta name=\"twitter:label1\" content=\"Est. reading time\" \/>\n\t<meta name=\"twitter:data1\" content=\"3 minutos\" \/>\n<script type=\"application\/ld+json\" class=\"yoast-schema-graph\">{\"@context\":\"https:\/\/schema.org\",\"@graph\":[{\"@type\":\"WebPage\",\"@id\":\"https:\/\/www.yoroow.com\/pt\/pormenor-do-produto\/torneira-de-lavatorio-yoroow-agua-fria-simples-torneira-de-lavatorio-cromada-de-pega-unica-estilo-moderno-torneira-de-lavatorio-em-aco-inoxidavel\/\",\"url\":\"https:\/\/www.yoroow.com\/pt\/pormenor-do-produto\/torneira-de-lavatorio-yoroow-agua-fria-simples-torneira-de-lavatorio-cromada-de-pega-unica-estilo-moderno-torneira-de-lavatorio-em-aco-inoxidavel\/\",\"name\":\"201 Stainless Steel Royal Style Brass Basin Tap Contemporary Traditional Wash Basin Single Hole Certified for Home Bathroom Use - YOROOW\",\"isPartOf\":{\"@id\":\"https:\/\/www.yoroow.com\/pt\/#website\"},\"primaryImageOfPage\":{\"@id\":\"https:\/\/www.yoroow.com\/pt\/pormenor-do-produto\/torneira-de-lavatorio-yoroow-agua-fria-simples-torneira-de-lavatorio-cromada-de-pega-unica-estilo-moderno-torneira-de-lavatorio-em-aco-inoxidavel\/#primaryimage\"},\"image\":{\"@id\":\"https:\/\/www.yoroow.com\/pt\/pormenor-do-produto\/torneira-de-lavatorio-yoroow-agua-fria-simples-torneira-de-lavatorio-cromada-de-pega-unica-estilo-moderno-torneira-de-lavatorio-em-aco-inoxidavel\/#primaryimage\"},\"thumbnailUrl\":\"https:\/\/www.yoroow.com\/wp-content\/uploads\/2025\/02\/\u5fae\u4fe1\u56fe\u7247_20210805101931.jpg\",\"datePublished\":\"2025-02-14T09:43:32+00:00\",\"dateModified\":\"2025-05-16T01:21:46+00:00\",\"description\":\"Luxury single cold basin faucet made of brass zinc alloy with ceramic valve core. Suitable for villas and apartments. Factory direct export to South America and Southeast Asia.\",\"breadcrumb\":{\"@id\":\"https:\/\/www.yoroow.com\/pt\/pormenor-do-produto\/torneira-de-lavatorio-yoroow-agua-fria-simples-torneira-de-lavatorio-cromada-de-pega-unica-estilo-moderno-torneira-de-lavatorio-em-aco-inoxidavel\/#breadcrumb\"},\"inLanguage\":\"pt-PT\",\"potentialAction\":[{\"@type\":\"ReadAction\",\"target\":[\"https:\/\/www.yoroow.com\/pt\/pormenor-do-produto\/torneira-de-lavatorio-yoroow-agua-fria-simples-torneira-de-lavatorio-cromada-de-pega-unica-estilo-moderno-torneira-de-lavatorio-em-aco-inoxidavel\/\"]}]},{\"@type\":\"ImageObject\",\"inLanguage\":\"pt-PT\",\"@id\":\"https:\/\/www.yoroow.com\/pt\/pormenor-do-produto\/torneira-de-lavatorio-yoroow-agua-fria-simples-torneira-de-lavatorio-cromada-de-pega-unica-estilo-moderno-torneira-de-lavatorio-em-aco-inoxidavel\/#primaryimage\",\"url\":\"https:\/\/www.yoroow.com\/wp-content\/uploads\/2025\/02\/\u5fae\u4fe1\u56fe\u7247_20210805101931.jpg\",\"contentUrl\":\"https:\/\/www.yoroow.com\/wp-content\/uploads\/2025\/02\/\u5fae\u4fe1\u56fe\u7247_20210805101931.jpg\",\"width\":800,\"height\":800,\"caption\":\"201 Stainless Steel Royal Style Brass Basin Tap Contemporary Traditional Wash Basin Single Hole Certified for Home Bathroom Use\"},{\"@type\":\"BreadcrumbList\",\"@id\":\"https:\/\/www.yoroow.com\/pt\/pormenor-do-produto\/torneira-de-lavatorio-yoroow-agua-fria-simples-torneira-de-lavatorio-cromada-de-pega-unica-estilo-moderno-torneira-de-lavatorio-em-aco-inoxidavel\/#breadcrumb\",\"itemListElement\":[{\"@type\":\"ListItem\",\"position\":1,\"name\":\"home\",\"item\":\"https:\/\/www.yoroow.com\/\"},{\"@type\":\"ListItem\",\"position\":2,\"name\":\"Product\",\"item\":\"https:\/\/www.yoroow.com\/product\/\"},{\"@type\":\"ListItem\",\"position\":3,\"name\":\"201 Stainless Steel Royal Style Brass Basin Tap Contemporary Traditional Wash Basin Single Hole Certified for Home Bathroom Use\"}]},{\"@type\":\"WebSite\",\"@id\":\"https:\/\/www.yoroow.com\/pt\/#website\",\"url\":\"https:\/\/www.yoroow.com\/pt\/\",\"name\":\"YOROOW\",\"description\":\"\",\"publisher\":{\"@id\":\"https:\/\/www.yoroow.com\/pt\/#organization\"},\"potentialAction\":[{\"@type\":\"SearchAction\",\"target\":{\"@type\":\"EntryPoint\",\"urlTemplate\":\"https:\/\/www.yoroow.com\/pt\/?s={search_term_string}\"},\"query-input\":{\"@type\":\"PropertyValueSpecification\",\"valueRequired\":true,\"valueName\":\"search_term_string\"}}],\"inLanguage\":\"pt-PT\"},{\"@type\":\"Organization\",\"@id\":\"https:\/\/www.yoroow.com\/pt\/#organization\",\"name\":\"YOROOW\",\"url\":\"https:\/\/www.yoroow.com\/pt\/\",\"logo\":{\"@type\":\"ImageObject\",\"inLanguage\":\"pt-PT\",\"@id\":\"https:\/\/www.yoroow.com\/pt\/#\/schema\/logo\/image\/\",\"url\":\"https:\/\/www.yoroow.com\/wp-content\/uploads\/2024\/12\/2024123007131061.png\",\"contentUrl\":\"https:\/\/www.yoroow.com\/wp-content\/uploads\/2024\/12\/2024123007131061.png\",\"width\":168,\"height\":27,\"caption\":\"YOROOW\"},\"image\":{\"@id\":\"https:\/\/www.yoroow.com\/pt\/#\/schema\/logo\/image\/\"},\"sameAs\":[\"https:\/\/www.facebook.com\/people\/yoroowfaucetfactory\/61564236752362\/\"]}]}<\/script>\n<!-- \/ Yoast SEO Premium plugin. -->","yoast_head_json":{"title":"201 Stainless Steel Royal Style Brass Basin Tap Contemporary Traditional Wash Basin Single Hole Certified for Home Bathroom Use - YOROOW","description":"Luxury single cold basin faucet made of brass zinc alloy with ceramic valve core. Suitable for villas and apartments. Factory direct export to South America and Southeast Asia.","robots":{"index":"index","follow":"follow","max-snippet":"max-snippet:-1","max-image-preview":"max-image-preview:large","max-video-preview":"max-video-preview:-1"},"canonical":"https:\/\/www.yoroow.com\/pt\/pormenor-do-produto\/torneira-de-lavatorio-yoroow-agua-fria-simples-torneira-de-lavatorio-cromada-de-pega-unica-estilo-moderno-torneira-de-lavatorio-em-aco-inoxidavel\/","og_locale":"pt_PT","og_type":"article","og_title":"201 Stainless Steel Royal Style Brass Basin Tap Contemporary Traditional Wash Basin Single Hole Certified for Home Bathroom Use","og_description":"Luxury single cold basin faucet made of brass zinc alloy with ceramic valve core. Suitable for villas and apartments. Factory direct export to South America and Southeast Asia.","og_url":"https:\/\/www.yoroow.com\/pt\/pormenor-do-produto\/torneira-de-lavatorio-yoroow-agua-fria-simples-torneira-de-lavatorio-cromada-de-pega-unica-estilo-moderno-torneira-de-lavatorio-em-aco-inoxidavel\/","og_site_name":"YOROOW","article_publisher":"https:\/\/www.facebook.com\/people\/yoroowfaucetfactory\/61564236752362\/","article_modified_time":"2025-05-16T01:21:46+00:00","og_image":[{"width":800,"height":800,"url":"https:\/\/www.yoroow.com\/wp-content\/uploads\/2025\/02\/\u5fae\u4fe1\u56fe\u7247_20210805101931.jpg","type":"image\/jpeg"}],"twitter_card":"summary_large_image","twitter_misc":{"Est. reading time":"3 minutos"},"schema":{"@context":"https:\/\/schema.org","@graph":[{"@type":"WebPage","@id":"https:\/\/www.yoroow.com\/pt\/pormenor-do-produto\/torneira-de-lavatorio-yoroow-agua-fria-simples-torneira-de-lavatorio-cromada-de-pega-unica-estilo-moderno-torneira-de-lavatorio-em-aco-inoxidavel\/","url":"https:\/\/www.yoroow.com\/pt\/pormenor-do-produto\/torneira-de-lavatorio-yoroow-agua-fria-simples-torneira-de-lavatorio-cromada-de-pega-unica-estilo-moderno-torneira-de-lavatorio-em-aco-inoxidavel\/","name":"201 Stainless Steel Royal Style Brass Basin Tap Contemporary Traditional Wash Basin Single Hole Certified for Home Bathroom Use - YOROOW","isPartOf":{"@id":"https:\/\/www.yoroow.com\/pt\/#website"},"primaryImageOfPage":{"@id":"https:\/\/www.yoroow.com\/pt\/pormenor-do-produto\/torneira-de-lavatorio-yoroow-agua-fria-simples-torneira-de-lavatorio-cromada-de-pega-unica-estilo-moderno-torneira-de-lavatorio-em-aco-inoxidavel\/#primaryimage"},"image":{"@id":"https:\/\/www.yoroow.com\/pt\/pormenor-do-produto\/torneira-de-lavatorio-yoroow-agua-fria-simples-torneira-de-lavatorio-cromada-de-pega-unica-estilo-moderno-torneira-de-lavatorio-em-aco-inoxidavel\/#primaryimage"},"thumbnailUrl":"https:\/\/www.yoroow.com\/wp-content\/uploads\/2025\/02\/\u5fae\u4fe1\u56fe\u7247_20210805101931.jpg","datePublished":"2025-02-14T09:43:32+00:00","dateModified":"2025-05-16T01:21:46+00:00","description":"Luxury single cold basin faucet made of brass zinc alloy with ceramic valve core. Suitable for villas and apartments. Factory direct export to South America and Southeast Asia.","breadcrumb":{"@id":"https:\/\/www.yoroow.com\/pt\/pormenor-do-produto\/torneira-de-lavatorio-yoroow-agua-fria-simples-torneira-de-lavatorio-cromada-de-pega-unica-estilo-moderno-torneira-de-lavatorio-em-aco-inoxidavel\/#breadcrumb"},"inLanguage":"pt-PT","potentialAction":[{"@type":"ReadAction","target":["https:\/\/www.yoroow.com\/pt\/pormenor-do-produto\/torneira-de-lavatorio-yoroow-agua-fria-simples-torneira-de-lavatorio-cromada-de-pega-unica-estilo-moderno-torneira-de-lavatorio-em-aco-inoxidavel\/"]}]},{"@type":"ImageObject","inLanguage":"pt-PT","@id":"https:\/\/www.yoroow.com\/pt\/pormenor-do-produto\/torneira-de-lavatorio-yoroow-agua-fria-simples-torneira-de-lavatorio-cromada-de-pega-unica-estilo-moderno-torneira-de-lavatorio-em-aco-inoxidavel\/#primaryimage","url":"https:\/\/www.yoroow.com\/wp-content\/uploads\/2025\/02\/\u5fae\u4fe1\u56fe\u7247_20210805101931.jpg","contentUrl":"https:\/\/www.yoroow.com\/wp-content\/uploads\/2025\/02\/\u5fae\u4fe1\u56fe\u7247_20210805101931.jpg","width":800,"height":800,"caption":"201 Stainless Steel Royal Style Brass Basin Tap Contemporary Traditional Wash Basin Single Hole Certified for Home Bathroom Use"},{"@type":"BreadcrumbList","@id":"https:\/\/www.yoroow.com\/pt\/pormenor-do-produto\/torneira-de-lavatorio-yoroow-agua-fria-simples-torneira-de-lavatorio-cromada-de-pega-unica-estilo-moderno-torneira-de-lavatorio-em-aco-inoxidavel\/#breadcrumb","itemListElement":[{"@type":"ListItem","position":1,"name":"home","item":"https:\/\/www.yoroow.com\/"},{"@type":"ListItem","position":2,"name":"Product","item":"https:\/\/www.yoroow.com\/product\/"},{"@type":"ListItem","position":3,"name":"201 Stainless Steel Royal Style Brass Basin Tap Contemporary Traditional Wash Basin Single Hole Certified for Home Bathroom Use"}]},{"@type":"WebSite","@id":"https:\/\/www.yoroow.com\/pt\/#website","url":"https:\/\/www.yoroow.com\/pt\/","name":"YOROOW","description":"","publisher":{"@id":"https:\/\/www.yoroow.com\/pt\/#organization"},"potentialAction":[{"@type":"SearchAction","target":{"@type":"EntryPoint","urlTemplate":"https:\/\/www.yoroow.com\/pt\/?s={search_term_string}"},"query-input":{"@type":"PropertyValueSpecification","valueRequired":true,"valueName":"search_term_string"}}],"inLanguage":"pt-PT"},{"@type":"Organization","@id":"https:\/\/www.yoroow.com\/pt\/#organization","name":"YOROOW","url":"https:\/\/www.yoroow.com\/pt\/","logo":{"@type":"ImageObject","inLanguage":"pt-PT","@id":"https:\/\/www.yoroow.com\/pt\/#\/schema\/logo\/image\/","url":"https:\/\/www.yoroow.com\/wp-content\/uploads\/2024\/12\/2024123007131061.png","contentUrl":"https:\/\/www.yoroow.com\/wp-content\/uploads\/2024\/12\/2024123007131061.png","width":168,"height":27,"caption":"YOROOW"},"image":{"@id":"https:\/\/www.yoroow.com\/pt\/#\/schema\/logo\/image\/"},"sameAs":["https:\/\/www.facebook.com\/people\/yoroowfaucetfactory\/61564236752362\/"]}]}},"_links":{"self":[{"href":"https:\/\/www.yoroow.com\/pt\/wp-json\/wp\/v2\/product\/10312","targetHints":{"allow":["GET"]}}],"collection":[{"href":"https:\/\/www.yoroow.com\/pt\/wp-json\/wp\/v2\/product"}],"about":[{"href":"https:\/\/www.yoroow.com\/pt\/wp-json\/wp\/v2\/types\/product"}],"wp:featuredmedia":[{"embeddable":true,"href":"https:\/\/www.yoroow.com\/pt\/wp-json\/wp\/v2\/media\/10464"}],"wp:attachment":[{"href":"https:\/\/www.yoroow.com\/pt\/wp-json\/wp\/v2\/media?parent=10312"}],"wp:term":[{"taxonomy":"product_brand","embeddable":true,"href":"https:\/\/www.yoroow.com\/pt\/wp-json\/wp\/v2\/product_brand?post=10312"},{"taxonomy":"product_cat","embeddable":true,"href":"https:\/\/www.yoroow.com\/pt\/wp-json\/wp\/v2\/product_cat?post=10312"},{"taxonomy":"product_tag","embeddable":true,"href":"https:\/\/www.yoroow.com\/pt\/wp-json\/wp\/v2\/product_tag?post=10312"}],"curies":[{"name":"wp","href":"https:\/\/api.w.org\/{rel}","templated":true}]}}