{"id":10211,"date":"2025-02-14T16:21:10","date_gmt":"2025-02-14T08:21:10","guid":{"rendered":"https:\/\/www.yoroow.com\/?post_type=product&#038;p=10211"},"modified":"2025-05-16T09:21:06","modified_gmt":"2025-05-16T01:21:06","slug":"torneira-de-lavatorio-de-ouro-moderno-para-hotel-lavatorio-de-latao-cartucho-de-zinco-torneira-de-agua-fria-para-lavatorio","status":"publish","type":"product","link":"https:\/\/www.yoroow.com\/pt\/pormenor-do-produto\/torneira-de-lavatorio-de-ouro-moderno-para-hotel-lavatorio-de-latao-cartucho-de-zinco-torneira-de-agua-fria-para-lavatorio\/","title":{"rendered":"Torneira de \u00e1gua fria com corpo de zinco para casa de banho em ouro de alta qualidade Torneira de lavat\u00f3rio montada no conv\u00e9s Torneira de lavat\u00f3rio com design alto Torneiras de lavat\u00f3rio em ouro"},"content":{"rendered":"<p>This high-quality gold bathroom faucet features a zinc body and a cold water tap design, ideal for hotel bathrooms. The deck-mounted installation and tall design give it a luxurious look, while the gold finish adds elegance to any bathroom. The faucet is designed for durability and performance, ensuring long-lasting use in high-demand environments. Manufactured in China, this faucet benefits from cost-efficient production methods and high-quality materials, making it an ideal product for export to South America and Southeast Asia, where luxury hotel fixtures are in demand.<\/p>","protected":false},"excerpt":{"rendered":"<div class=\"woocommerce-product-details__short-description\">\n<table class=\"has-fixed-layout\">\n<tbody>\n<tr>\n<td class=\"wp-block-table__cell-content\">\n<div class=\"block-editor-rich-text__editable rich-text\" role=\"textbox\" contenteditable=\"true\" aria-multiline=\"true\" aria-label=\"Corpo \u5355\u5143\u683c\u6587\u5b57\"><strong data-rich-text-format-boundary=\"true\">N\u00famero do modelo<\/strong><\/div>\n<\/td>\n<td class=\"wp-block-table__cell-content\">9139A<\/td>\n<\/tr>\n<tr>\n<td class=\"wp-block-table__cell-content\">\n<div class=\"block-editor-rich-text__editable rich-text\" role=\"textbox\" contenteditable=\"true\" aria-multiline=\"true\" aria-label=\"Corpo \u5355\u5143\u683c\u6587\u5b57\"><strong>Estilo<\/strong><\/div>\n<\/td>\n<td class=\"wp-block-table__cell-content\">\n<div class=\"block-editor-rich-text__editable rich-text\" role=\"textbox\" contenteditable=\"true\" aria-multiline=\"true\" aria-label=\"Corpo \u5355\u5143\u683c\u6587\u5b57\">Moderno<\/div>\n<\/td>\n<\/tr>\n<tr>\n<td class=\"wp-block-table__cell-content\">\n<div class=\"block-editor-rich-text__editable rich-text\" role=\"textbox\" contenteditable=\"true\" aria-multiline=\"true\" aria-label=\"Corpo \u5355\u5143\u683c\u6587\u5b57\"><strong>Material<\/strong><\/div>\n<\/td>\n<td class=\"wp-block-table__cell-content\">\n<div class=\"block-editor-rich-text__editable rich-text\" role=\"textbox\" contenteditable=\"true\" aria-multiline=\"true\" aria-label=\"Corpo \u5355\u5143\u683c\u6587\u5b57\">Zinco<\/div>\n<\/td>\n<\/tr>\n<tr>\n<td class=\"wp-block-table__cell-content\">\n<div class=\"block-editor-rich-text__editable rich-text\" role=\"textbox\" contenteditable=\"true\" aria-multiline=\"true\" aria-label=\"Corpo \u5355\u5143\u683c\u6587\u5b57\"><strong>Cartucho<\/strong><\/div>\n<\/td>\n<td class=\"wp-block-table__cell-content\">\n<div class=\"block-editor-rich-text__editable rich-text\" role=\"textbox\" contenteditable=\"true\" aria-multiline=\"true\" aria-label=\"Corpo \u5355\u5143\u683c\u6587\u5b57\">Cartucho de lat\u00e3o<\/div>\n<\/td>\n<\/tr>\n<tr>\n<td class=\"wp-block-table__cell-content\">\n<div class=\"block-editor-rich-text__editable rich-text\" role=\"textbox\" contenteditable=\"true\" aria-multiline=\"true\" aria-label=\"Corpo \u5355\u5143\u683c\u6587\u5b57\"><strong>Tratamento de superf\u00edcie<\/strong><\/div>\n<\/td>\n<td class=\"wp-block-table__cell-content\">\n<div class=\"block-editor-rich-text__editable rich-text\" role=\"textbox\" contenteditable=\"true\" aria-multiline=\"true\" aria-label=\"Corpo \u5355\u5143\u683c\u6587\u5b57\">Cromado<\/div>\n<\/td>\n<\/tr>\n<tr>\n<td class=\"wp-block-table__cell-content\">\n<div class=\"block-editor-rich-text__editable rich-text\" role=\"textbox\" contenteditable=\"true\" aria-multiline=\"true\" aria-label=\"Corpo \u5355\u5143\u683c\u6587\u5b57\"><strong>Tipos de bico<\/strong><\/div>\n<\/td>\n<td class=\"wp-block-table__cell-content\">\n<div class=\"block-editor-rich-text__editable rich-text\" role=\"textbox\" contenteditable=\"true\" aria-multiline=\"true\" aria-label=\"Corpo \u5355\u5143\u683c\u6587\u5b57\">Padr\u00e3o<\/div>\n<\/td>\n<\/tr>\n<tr>\n<td class=\"wp-block-table__cell-content\">\n<div class=\"block-editor-rich-text__editable rich-text\" role=\"textbox\" contenteditable=\"true\" aria-multiline=\"true\" aria-label=\"Corpo \u5355\u5143\u683c\u6587\u5b57\"><strong>peso<\/strong><\/div>\n<\/td>\n<td class=\"wp-block-table__cell-content\">\n<div class=\"block-editor-rich-text__editable rich-text\" role=\"textbox\" contenteditable=\"true\" aria-multiline=\"true\" aria-label=\"Corpo \u5355\u5143\u683c\u6587\u5b57\">\u00a0<\/div>\n<\/td>\n<\/tr>\n<tr>\n<td class=\"wp-block-table__cell-content\">\n<div class=\"block-editor-rich-text__editable rich-text\" role=\"textbox\" contenteditable=\"true\" aria-multiline=\"true\" aria-label=\"Corpo \u5355\u5143\u683c\u6587\u5b57\"><strong>N\u00famero de furos para instala\u00e7\u00e3o<\/strong><\/div>\n<\/td>\n<td class=\"wp-block-table__cell-content\">\n<div class=\"block-editor-rich-text__editable rich-text\" role=\"textbox\" contenteditable=\"true\" aria-multiline=\"true\" aria-label=\"Corpo \u5355\u5143\u683c\u6587\u5b57\">Furo \u00fanico<\/div>\n<\/td>\n<\/tr>\n<tr>\n<td class=\"wp-block-table__cell-content\">\n<div class=\"block-editor-rich-text__editable rich-text\" role=\"textbox\" contenteditable=\"true\" aria-multiline=\"true\" aria-label=\"Corpo \u5355\u5143\u683c\u6587\u5b57\"><strong>N\u00famero de pegas<\/strong><\/div>\n<\/td>\n<td class=\"wp-block-table__cell-content\">\n<div class=\"block-editor-rich-text__editable rich-text\" role=\"textbox\" contenteditable=\"true\" aria-multiline=\"true\" aria-label=\"Corpo \u5355\u5143\u683c\u6587\u5b57\">pega \u00fanica<\/div>\n<\/td>\n<\/tr>\n<tr>\n<td class=\"wp-block-table__cell-content\">\n<div class=\"block-editor-rich-text__editable rich-text\" role=\"textbox\" contenteditable=\"true\" aria-multiline=\"true\" aria-label=\"Corpo \u5355\u5143\u683c\u6587\u5b57\"><strong>Tipo de instala\u00e7\u00e3o<\/strong><\/div>\n<\/td>\n<td class=\"wp-block-table__cell-content\">\n<div class=\"block-editor-rich-text__editable rich-text\" role=\"textbox\" contenteditable=\"true\" aria-multiline=\"true\" aria-label=\"Corpo \u5355\u5143\u683c\u6587\u5b57\">Montagem no conv\u00e9s<\/div>\n<\/td>\n<\/tr>\n<tr>\n<td class=\"wp-block-table__cell-content\">\n<div class=\"block-editor-rich-text__editable rich-text\" role=\"textbox\" contenteditable=\"true\" aria-multiline=\"true\" aria-label=\"Corpo \u5355\u5143\u683c\u6587\u5b57\"><strong>InsCartridge Lifetime<\/strong><\/div>\n<\/td>\n<td class=\"wp-block-table__cell-content\">\n<div class=\"block-editor-rich-text__editable rich-text\" role=\"textbox\" contenteditable=\"true\" aria-multiline=\"true\" aria-label=\"Corpo \u5355\u5143\u683c\u6587\u5b57\">500000 vezes Tipos de instala\u00e7\u00e3o de abertura<\/div>\n<\/td>\n<\/tr>\n<tr>\n<td class=\"wp-block-table__cell-content\">\n<div class=\"block-editor-rich-text__editable rich-text\" role=\"textbox\" contenteditable=\"true\" aria-multiline=\"true\" aria-label=\"Corpo \u5355\u5143\u683c\u6587\u5b57\"><strong>Garantia<\/strong><\/div>\n<\/td>\n<td class=\"wp-block-table__cell-content\">\n<div class=\"block-editor-rich-text__editable rich-text\" role=\"textbox\" contenteditable=\"true\" aria-multiline=\"true\" aria-label=\"Corpo \u5355\u5143\u683c\u6587\u5b57\">5 anos de garantia de qualidade<\/div>\n<\/td>\n<\/tr>\n<tr>\n<td class=\"wp-block-table__cell-content\">\n<div class=\"block-editor-rich-text__editable rich-text\" role=\"textbox\" contenteditable=\"true\" aria-multiline=\"true\" aria-label=\"Corpo \u5355\u5143\u683c\u6587\u5b57\"><strong>Press\u00e3o da \u00e1gua<\/strong><\/div>\n<\/td>\n<td class=\"wp-block-table__cell-content\">\n<div class=\"block-editor-rich-text__editable rich-text\" role=\"textbox\" contenteditable=\"true\" aria-multiline=\"true\" aria-label=\"Corpo \u5355\u5143\u683c\u6587\u5b57\">0,05-0,8 mpa<\/div>\n<\/td>\n<\/tr>\n<tr>\n<td class=\"wp-block-table__cell-content\">\n<div class=\"block-editor-rich-text__editable rich-text\" role=\"textbox\" contenteditable=\"true\" aria-multiline=\"true\" aria-label=\"Corpo \u5355\u5143\u683c\u6587\u5b57\"><strong>Temperatura de trabalho<\/strong><\/div>\n<\/td>\n<td class=\"wp-block-table__cell-content\">\n<div class=\"block-editor-rich-text__editable rich-text\" role=\"textbox\" contenteditable=\"true\" aria-multiline=\"true\" aria-label=\"Corpo \u5355\u5143\u683c\u6587\u5b57\">5-99\u2103<\/div>\n<\/td>\n<\/tr>\n<\/tbody>\n<\/table>\n<p>\u00a0<\/p><\/div>\n<div class=\"product_meta\">\u00a0<\/div>\n<div class=\"wp-block-kadence-advancedbtn kb-buttons-wrap kb-btns1303_b530bc-a6\">\u00a0<\/div>","protected":false},"featured_media":10216,"template":"","meta":{"_acf_changed":false,"_kad_post_transparent":"default","_kad_post_title":"","_kad_post_layout":"default","_kad_post_sidebar_id":"","_kad_post_content_style":"default","_kad_post_vertical_padding":"default","_kad_post_feature":"","_kad_post_feature_position":"","_kad_post_header":false,"_kad_post_footer":false},"product_brand":[],"product_cat":[219],"product_tag":[3458,3383],"class_list":{"0":"post-10211","1":"product","2":"type-product","3":"status-publish","4":"has-post-thumbnail","6":"product_cat-single-cold-basin-faucet","7":"product_tag-gold-bathroom-basin-taps","8":"product_tag-tall-basin-faucet-gold","10":"first","11":"instock","12":"shipping-taxable","13":"purchasable","14":"product-type-variable","15":"wvs-archive-product-wrapper","16":"entry","17":"content-bg","18":"loop-entry"},"acf":[],"yoast_head":"<!-- This site is optimized with the Yoast SEO Premium plugin v25.4 (Yoast SEO v27.0) - https:\/\/yoast.com\/product\/yoast-seo-premium-wordpress\/ -->\n<title>High-Quality Gold Hotel Bathroom Zinc Body Cold Water Tap Deck Mounted Basin Faucet Tall Design Gold Bibcocks for Bathroom Basin Taps - YOROOW<\/title>\n<meta name=\"description\" content=\"High-quality gold hotel bathroom zinc body cold water tap deck mounted basin faucet. Tall design gold bibcocks for bathroom basin taps. Factory direct exports serve South American and Southeast Asian luxury markets.\" \/>\n<meta name=\"robots\" content=\"index, follow, max-snippet:-1, max-image-preview:large, max-video-preview:-1\" \/>\n<link rel=\"canonical\" href=\"https:\/\/www.yoroow.com\/pt\/pormenor-do-produto\/torneira-de-lavatorio-de-ouro-moderno-para-hotel-lavatorio-de-latao-cartucho-de-zinco-torneira-de-agua-fria-para-lavatorio\/\" \/>\n<meta property=\"og:locale\" content=\"pt_PT\" \/>\n<meta property=\"og:type\" content=\"article\" \/>\n<meta property=\"og:title\" content=\"High-Quality Gold Hotel Bathroom Zinc Body Cold Water Tap Deck Mounted Basin Faucet Tall Design Gold Bibcocks for Bathroom Basin Taps\" \/>\n<meta property=\"og:description\" content=\"High-quality gold hotel bathroom zinc body cold water tap deck mounted basin faucet. Tall design gold bibcocks for bathroom basin taps. Factory direct exports serve South American and Southeast Asian luxury markets.\" \/>\n<meta property=\"og:url\" content=\"https:\/\/www.yoroow.com\/pt\/pormenor-do-produto\/torneira-de-lavatorio-de-ouro-moderno-para-hotel-lavatorio-de-latao-cartucho-de-zinco-torneira-de-agua-fria-para-lavatorio\/\" \/>\n<meta property=\"og:site_name\" content=\"YOROOW\" \/>\n<meta property=\"article:publisher\" content=\"https:\/\/www.facebook.com\/people\/yoroowfaucetfactory\/61564236752362\/\" \/>\n<meta property=\"article:modified_time\" content=\"2025-05-16T01:21:06+00:00\" \/>\n<meta property=\"og:image\" content=\"https:\/\/www.yoroow.com\/wp-content\/uploads\/2025\/02\/\u5fae\u4fe1\u56fe\u7247_20240709134726.jpg\" \/>\n\t<meta property=\"og:image:width\" content=\"631\" \/>\n\t<meta property=\"og:image:height\" content=\"631\" \/>\n\t<meta property=\"og:image:type\" content=\"image\/jpeg\" \/>\n<meta name=\"twitter:card\" content=\"summary_large_image\" \/>\n<meta name=\"twitter:label1\" content=\"Est. reading time\" \/>\n\t<meta name=\"twitter:data1\" content=\"2 minutos\" \/>\n<script type=\"application\/ld+json\" class=\"yoast-schema-graph\">{\"@context\":\"https:\/\/schema.org\",\"@graph\":[{\"@type\":\"WebPage\",\"@id\":\"https:\/\/www.yoroow.com\/pt\/pormenor-do-produto\/torneira-de-lavatorio-de-ouro-moderno-para-hotel-lavatorio-de-latao-cartucho-de-zinco-torneira-de-agua-fria-para-lavatorio\/\",\"url\":\"https:\/\/www.yoroow.com\/pt\/pormenor-do-produto\/torneira-de-lavatorio-de-ouro-moderno-para-hotel-lavatorio-de-latao-cartucho-de-zinco-torneira-de-agua-fria-para-lavatorio\/\",\"name\":\"High-Quality Gold Hotel Bathroom Zinc Body Cold Water Tap Deck Mounted Basin Faucet Tall Design Gold Bibcocks for Bathroom Basin Taps - YOROOW\",\"isPartOf\":{\"@id\":\"https:\/\/www.yoroow.com\/pt\/#website\"},\"primaryImageOfPage\":{\"@id\":\"https:\/\/www.yoroow.com\/pt\/pormenor-do-produto\/torneira-de-lavatorio-de-ouro-moderno-para-hotel-lavatorio-de-latao-cartucho-de-zinco-torneira-de-agua-fria-para-lavatorio\/#primaryimage\"},\"image\":{\"@id\":\"https:\/\/www.yoroow.com\/pt\/pormenor-do-produto\/torneira-de-lavatorio-de-ouro-moderno-para-hotel-lavatorio-de-latao-cartucho-de-zinco-torneira-de-agua-fria-para-lavatorio\/#primaryimage\"},\"thumbnailUrl\":\"https:\/\/www.yoroow.com\/wp-content\/uploads\/2025\/02\/\u5fae\u4fe1\u56fe\u7247_20240709134726.jpg\",\"datePublished\":\"2025-02-14T08:21:10+00:00\",\"dateModified\":\"2025-05-16T01:21:06+00:00\",\"description\":\"High-quality gold hotel bathroom zinc body cold water tap deck mounted basin faucet. Tall design gold bibcocks for bathroom basin taps. Factory direct exports serve South American and Southeast Asian luxury markets.\",\"breadcrumb\":{\"@id\":\"https:\/\/www.yoroow.com\/pt\/pormenor-do-produto\/torneira-de-lavatorio-de-ouro-moderno-para-hotel-lavatorio-de-latao-cartucho-de-zinco-torneira-de-agua-fria-para-lavatorio\/#breadcrumb\"},\"inLanguage\":\"pt-PT\",\"potentialAction\":[{\"@type\":\"ReadAction\",\"target\":[\"https:\/\/www.yoroow.com\/pt\/pormenor-do-produto\/torneira-de-lavatorio-de-ouro-moderno-para-hotel-lavatorio-de-latao-cartucho-de-zinco-torneira-de-agua-fria-para-lavatorio\/\"]}]},{\"@type\":\"ImageObject\",\"inLanguage\":\"pt-PT\",\"@id\":\"https:\/\/www.yoroow.com\/pt\/pormenor-do-produto\/torneira-de-lavatorio-de-ouro-moderno-para-hotel-lavatorio-de-latao-cartucho-de-zinco-torneira-de-agua-fria-para-lavatorio\/#primaryimage\",\"url\":\"https:\/\/www.yoroow.com\/wp-content\/uploads\/2025\/02\/\u5fae\u4fe1\u56fe\u7247_20240709134726.jpg\",\"contentUrl\":\"https:\/\/www.yoroow.com\/wp-content\/uploads\/2025\/02\/\u5fae\u4fe1\u56fe\u7247_20240709134726.jpg\",\"width\":631,\"height\":631,\"caption\":\"304 Stainless Steel Modern Single Handle Single Hole Mount Gold Tall Basin Faucet for Bathroom Single Cold Basin Faucet Tap\"},{\"@type\":\"BreadcrumbList\",\"@id\":\"https:\/\/www.yoroow.com\/pt\/pormenor-do-produto\/torneira-de-lavatorio-de-ouro-moderno-para-hotel-lavatorio-de-latao-cartucho-de-zinco-torneira-de-agua-fria-para-lavatorio\/#breadcrumb\",\"itemListElement\":[{\"@type\":\"ListItem\",\"position\":1,\"name\":\"home\",\"item\":\"https:\/\/www.yoroow.com\/\"},{\"@type\":\"ListItem\",\"position\":2,\"name\":\"Product\",\"item\":\"https:\/\/www.yoroow.com\/product\/\"},{\"@type\":\"ListItem\",\"position\":3,\"name\":\"High-Quality Gold Hotel Bathroom Zinc Body Cold Water Tap Deck Mounted Basin Faucet Tall Design Gold Bibcocks for Bathroom Basin Taps\"}]},{\"@type\":\"WebSite\",\"@id\":\"https:\/\/www.yoroow.com\/pt\/#website\",\"url\":\"https:\/\/www.yoroow.com\/pt\/\",\"name\":\"YOROOW\",\"description\":\"\",\"publisher\":{\"@id\":\"https:\/\/www.yoroow.com\/pt\/#organization\"},\"potentialAction\":[{\"@type\":\"SearchAction\",\"target\":{\"@type\":\"EntryPoint\",\"urlTemplate\":\"https:\/\/www.yoroow.com\/pt\/?s={search_term_string}\"},\"query-input\":{\"@type\":\"PropertyValueSpecification\",\"valueRequired\":true,\"valueName\":\"search_term_string\"}}],\"inLanguage\":\"pt-PT\"},{\"@type\":\"Organization\",\"@id\":\"https:\/\/www.yoroow.com\/pt\/#organization\",\"name\":\"YOROOW\",\"url\":\"https:\/\/www.yoroow.com\/pt\/\",\"logo\":{\"@type\":\"ImageObject\",\"inLanguage\":\"pt-PT\",\"@id\":\"https:\/\/www.yoroow.com\/pt\/#\/schema\/logo\/image\/\",\"url\":\"https:\/\/www.yoroow.com\/wp-content\/uploads\/2024\/12\/2024123007131061.png\",\"contentUrl\":\"https:\/\/www.yoroow.com\/wp-content\/uploads\/2024\/12\/2024123007131061.png\",\"width\":168,\"height\":27,\"caption\":\"YOROOW\"},\"image\":{\"@id\":\"https:\/\/www.yoroow.com\/pt\/#\/schema\/logo\/image\/\"},\"sameAs\":[\"https:\/\/www.facebook.com\/people\/yoroowfaucetfactory\/61564236752362\/\"]}]}<\/script>\n<!-- \/ Yoast SEO Premium plugin. -->","yoast_head_json":{"title":"High-Quality Gold Hotel Bathroom Zinc Body Cold Water Tap Deck Mounted Basin Faucet Tall Design Gold Bibcocks for Bathroom Basin Taps - YOROOW","description":"High-quality gold hotel bathroom zinc body cold water tap deck mounted basin faucet. Tall design gold bibcocks for bathroom basin taps. Factory direct exports serve South American and Southeast Asian luxury markets.","robots":{"index":"index","follow":"follow","max-snippet":"max-snippet:-1","max-image-preview":"max-image-preview:large","max-video-preview":"max-video-preview:-1"},"canonical":"https:\/\/www.yoroow.com\/pt\/pormenor-do-produto\/torneira-de-lavatorio-de-ouro-moderno-para-hotel-lavatorio-de-latao-cartucho-de-zinco-torneira-de-agua-fria-para-lavatorio\/","og_locale":"pt_PT","og_type":"article","og_title":"High-Quality Gold Hotel Bathroom Zinc Body Cold Water Tap Deck Mounted Basin Faucet Tall Design Gold Bibcocks for Bathroom Basin Taps","og_description":"High-quality gold hotel bathroom zinc body cold water tap deck mounted basin faucet. Tall design gold bibcocks for bathroom basin taps. Factory direct exports serve South American and Southeast Asian luxury markets.","og_url":"https:\/\/www.yoroow.com\/pt\/pormenor-do-produto\/torneira-de-lavatorio-de-ouro-moderno-para-hotel-lavatorio-de-latao-cartucho-de-zinco-torneira-de-agua-fria-para-lavatorio\/","og_site_name":"YOROOW","article_publisher":"https:\/\/www.facebook.com\/people\/yoroowfaucetfactory\/61564236752362\/","article_modified_time":"2025-05-16T01:21:06+00:00","og_image":[{"width":631,"height":631,"url":"https:\/\/www.yoroow.com\/wp-content\/uploads\/2025\/02\/\u5fae\u4fe1\u56fe\u7247_20240709134726.jpg","type":"image\/jpeg"}],"twitter_card":"summary_large_image","twitter_misc":{"Est. reading time":"2 minutos"},"schema":{"@context":"https:\/\/schema.org","@graph":[{"@type":"WebPage","@id":"https:\/\/www.yoroow.com\/pt\/pormenor-do-produto\/torneira-de-lavatorio-de-ouro-moderno-para-hotel-lavatorio-de-latao-cartucho-de-zinco-torneira-de-agua-fria-para-lavatorio\/","url":"https:\/\/www.yoroow.com\/pt\/pormenor-do-produto\/torneira-de-lavatorio-de-ouro-moderno-para-hotel-lavatorio-de-latao-cartucho-de-zinco-torneira-de-agua-fria-para-lavatorio\/","name":"High-Quality Gold Hotel Bathroom Zinc Body Cold Water Tap Deck Mounted Basin Faucet Tall Design Gold Bibcocks for Bathroom Basin Taps - YOROOW","isPartOf":{"@id":"https:\/\/www.yoroow.com\/pt\/#website"},"primaryImageOfPage":{"@id":"https:\/\/www.yoroow.com\/pt\/pormenor-do-produto\/torneira-de-lavatorio-de-ouro-moderno-para-hotel-lavatorio-de-latao-cartucho-de-zinco-torneira-de-agua-fria-para-lavatorio\/#primaryimage"},"image":{"@id":"https:\/\/www.yoroow.com\/pt\/pormenor-do-produto\/torneira-de-lavatorio-de-ouro-moderno-para-hotel-lavatorio-de-latao-cartucho-de-zinco-torneira-de-agua-fria-para-lavatorio\/#primaryimage"},"thumbnailUrl":"https:\/\/www.yoroow.com\/wp-content\/uploads\/2025\/02\/\u5fae\u4fe1\u56fe\u7247_20240709134726.jpg","datePublished":"2025-02-14T08:21:10+00:00","dateModified":"2025-05-16T01:21:06+00:00","description":"High-quality gold hotel bathroom zinc body cold water tap deck mounted basin faucet. Tall design gold bibcocks for bathroom basin taps. Factory direct exports serve South American and Southeast Asian luxury markets.","breadcrumb":{"@id":"https:\/\/www.yoroow.com\/pt\/pormenor-do-produto\/torneira-de-lavatorio-de-ouro-moderno-para-hotel-lavatorio-de-latao-cartucho-de-zinco-torneira-de-agua-fria-para-lavatorio\/#breadcrumb"},"inLanguage":"pt-PT","potentialAction":[{"@type":"ReadAction","target":["https:\/\/www.yoroow.com\/pt\/pormenor-do-produto\/torneira-de-lavatorio-de-ouro-moderno-para-hotel-lavatorio-de-latao-cartucho-de-zinco-torneira-de-agua-fria-para-lavatorio\/"]}]},{"@type":"ImageObject","inLanguage":"pt-PT","@id":"https:\/\/www.yoroow.com\/pt\/pormenor-do-produto\/torneira-de-lavatorio-de-ouro-moderno-para-hotel-lavatorio-de-latao-cartucho-de-zinco-torneira-de-agua-fria-para-lavatorio\/#primaryimage","url":"https:\/\/www.yoroow.com\/wp-content\/uploads\/2025\/02\/\u5fae\u4fe1\u56fe\u7247_20240709134726.jpg","contentUrl":"https:\/\/www.yoroow.com\/wp-content\/uploads\/2025\/02\/\u5fae\u4fe1\u56fe\u7247_20240709134726.jpg","width":631,"height":631,"caption":"304 Stainless Steel Modern Single Handle Single Hole Mount Gold Tall Basin Faucet for Bathroom Single Cold Basin Faucet Tap"},{"@type":"BreadcrumbList","@id":"https:\/\/www.yoroow.com\/pt\/pormenor-do-produto\/torneira-de-lavatorio-de-ouro-moderno-para-hotel-lavatorio-de-latao-cartucho-de-zinco-torneira-de-agua-fria-para-lavatorio\/#breadcrumb","itemListElement":[{"@type":"ListItem","position":1,"name":"home","item":"https:\/\/www.yoroow.com\/"},{"@type":"ListItem","position":2,"name":"Product","item":"https:\/\/www.yoroow.com\/product\/"},{"@type":"ListItem","position":3,"name":"High-Quality Gold Hotel Bathroom Zinc Body Cold Water Tap Deck Mounted Basin Faucet Tall Design Gold Bibcocks for Bathroom Basin Taps"}]},{"@type":"WebSite","@id":"https:\/\/www.yoroow.com\/pt\/#website","url":"https:\/\/www.yoroow.com\/pt\/","name":"YOROOW","description":"","publisher":{"@id":"https:\/\/www.yoroow.com\/pt\/#organization"},"potentialAction":[{"@type":"SearchAction","target":{"@type":"EntryPoint","urlTemplate":"https:\/\/www.yoroow.com\/pt\/?s={search_term_string}"},"query-input":{"@type":"PropertyValueSpecification","valueRequired":true,"valueName":"search_term_string"}}],"inLanguage":"pt-PT"},{"@type":"Organization","@id":"https:\/\/www.yoroow.com\/pt\/#organization","name":"YOROOW","url":"https:\/\/www.yoroow.com\/pt\/","logo":{"@type":"ImageObject","inLanguage":"pt-PT","@id":"https:\/\/www.yoroow.com\/pt\/#\/schema\/logo\/image\/","url":"https:\/\/www.yoroow.com\/wp-content\/uploads\/2024\/12\/2024123007131061.png","contentUrl":"https:\/\/www.yoroow.com\/wp-content\/uploads\/2024\/12\/2024123007131061.png","width":168,"height":27,"caption":"YOROOW"},"image":{"@id":"https:\/\/www.yoroow.com\/pt\/#\/schema\/logo\/image\/"},"sameAs":["https:\/\/www.facebook.com\/people\/yoroowfaucetfactory\/61564236752362\/"]}]}},"_links":{"self":[{"href":"https:\/\/www.yoroow.com\/pt\/wp-json\/wp\/v2\/product\/10211","targetHints":{"allow":["GET"]}}],"collection":[{"href":"https:\/\/www.yoroow.com\/pt\/wp-json\/wp\/v2\/product"}],"about":[{"href":"https:\/\/www.yoroow.com\/pt\/wp-json\/wp\/v2\/types\/product"}],"wp:featuredmedia":[{"embeddable":true,"href":"https:\/\/www.yoroow.com\/pt\/wp-json\/wp\/v2\/media\/10216"}],"wp:attachment":[{"href":"https:\/\/www.yoroow.com\/pt\/wp-json\/wp\/v2\/media?parent=10211"}],"wp:term":[{"taxonomy":"product_brand","embeddable":true,"href":"https:\/\/www.yoroow.com\/pt\/wp-json\/wp\/v2\/product_brand?post=10211"},{"taxonomy":"product_cat","embeddable":true,"href":"https:\/\/www.yoroow.com\/pt\/wp-json\/wp\/v2\/product_cat?post=10211"},{"taxonomy":"product_tag","embeddable":true,"href":"https:\/\/www.yoroow.com\/pt\/wp-json\/wp\/v2\/product_tag?post=10211"}],"curies":[{"name":"wp","href":"https:\/\/api.w.org\/{rel}","templated":true}]}}