{"id":10013,"date":"2025-02-13T18:01:34","date_gmt":"2025-02-13T10:01:34","guid":{"rendered":"https:\/\/www.yoroow.com\/?post_type=product&#038;p=10013"},"modified":"2025-05-16T09:20:29","modified_gmt":"2025-05-16T01:20:29","slug":"torneira-de-agua-de-manipulo-unico-agua-fria-cromada-torneira-de-lavatorio-de-cozinha-cromada-para-casa-de-banho","status":"publish","type":"product","link":"https:\/\/www.yoroow.com\/pt\/pormenor-do-produto\/torneira-de-agua-de-manipulo-unico-agua-fria-cromada-torneira-de-lavatorio-de-cozinha-cromada-para-casa-de-banho\/","title":{"rendered":"Torneira de lavat\u00f3rio antiga de man\u00edpulo \u00fanico de luxo Torneira de \u00e1gua de a\u00e7o inoxid\u00e1vel 304 para \u00e1gua fria N\u00facleo de v\u00e1lvula de lat\u00e3o para moradias"},"content":{"rendered":"<p>Esta luxuosa torneira de lavat\u00f3rio de estilo antigo \u00e9 fabricada em a\u00e7o inoxid\u00e1vel 304 de alta qualidade, ideal para moradias e propriedades de luxo. O design de man\u00edpulo \u00fanico proporciona um controlo f\u00e1cil da \u00e1gua fria e o n\u00facleo da v\u00e1lvula em lat\u00e3o garante durabilidade e um desempenho suave. O seu acabamento antigo d\u00e1 um toque de eleg\u00e2ncia a qualquer casa de banho. Fabricada na China, esta torneira tira partido da tecnologia avan\u00e7ada do a\u00e7o inoxid\u00e1vel e de pre\u00e7os competitivos, oferecendo uma excelente rela\u00e7\u00e3o qualidade\/pre\u00e7o para exporta\u00e7\u00e3o para a Am\u00e9rica do Sul e o Sudeste Asi\u00e1tico, onde a procura de acess\u00f3rios de casa de banho de qualidade superior est\u00e1 a aumentar. O seu design luxuoso e a sua fun\u00e7\u00e3o fi\u00e1vel fazem dela a escolha perfeita para propriedades de luxo.<\/p>","protected":false},"excerpt":{"rendered":"<p>This luxury antique-style basin faucet is made from high-quality 304 stainless steel, ideal for villas and upscale properties. The single-handle design provides easy control of cold water, and the brass valve core ensures durability and smooth performance. Its antique finish adds a touch of elegance to any bathroom. Manufactured in China, this faucet takes advantage&#8230;<\/p>","protected":false},"featured_media":9997,"template":"","meta":{"_acf_changed":false,"_kad_post_transparent":"default","_kad_post_title":"","_kad_post_layout":"default","_kad_post_sidebar_id":"","_kad_post_content_style":"default","_kad_post_vertical_padding":"default","_kad_post_feature":"","_kad_post_feature_position":"","_kad_post_header":false,"_kad_post_footer":false},"product_brand":[],"product_cat":[219],"product_tag":[3385,3393],"class_list":{"0":"post-10013","1":"product","2":"type-product","3":"status-publish","4":"has-post-thumbnail","6":"product_cat-single-cold-basin-faucet","7":"product_tag-faucets-single-handle-antique-basin-faucet","8":"product_tag-luxury-basin-faucet","10":"first","11":"instock","12":"shipping-taxable","13":"purchasable","14":"product-type-variable","15":"wvs-archive-product-wrapper","16":"entry","17":"content-bg","18":"loop-entry"},"acf":[],"yoast_head":"<!-- This site is optimized with the Yoast SEO Premium plugin v25.4 (Yoast SEO v27.0) - https:\/\/yoast.com\/product\/yoast-seo-premium-wordpress\/ -->\n<title>Luxury Single-Handle Antique Basin Faucet 304 Stainless Steel Water Faucet for Cold Water Brass Valve Core for Villas - YOROOW<\/title>\n<meta name=\"description\" content=\"Luxury single-handle antique basin faucet made of 304 stainless steel. Brass valve core for cold water. Suitable for villas. Chinese factory exports focus on South American and Southeast Asian premium bathroom markets.\" \/>\n<meta name=\"robots\" content=\"index, follow, max-snippet:-1, max-image-preview:large, max-video-preview:-1\" \/>\n<link rel=\"canonical\" href=\"https:\/\/www.yoroow.com\/pt\/pormenor-do-produto\/torneira-de-agua-de-manipulo-unico-agua-fria-cromada-torneira-de-lavatorio-de-cozinha-cromada-para-casa-de-banho\/\" \/>\n<meta property=\"og:locale\" content=\"pt_PT\" \/>\n<meta property=\"og:type\" content=\"article\" \/>\n<meta property=\"og:title\" content=\"Luxury Single-Handle Antique Basin Faucet 304 Stainless Steel Water Faucet for Cold Water Brass Valve Core for Villas\" \/>\n<meta property=\"og:description\" content=\"Luxury single-handle antique basin faucet made of 304 stainless steel. Brass valve core for cold water. Suitable for villas. Chinese factory exports focus on South American and Southeast Asian premium bathroom markets.\" \/>\n<meta property=\"og:url\" content=\"https:\/\/www.yoroow.com\/pt\/pormenor-do-produto\/torneira-de-agua-de-manipulo-unico-agua-fria-cromada-torneira-de-lavatorio-de-cozinha-cromada-para-casa-de-banho\/\" \/>\n<meta property=\"og:site_name\" content=\"YOROOW\" \/>\n<meta property=\"article:publisher\" content=\"https:\/\/www.facebook.com\/people\/yoroowfaucetfactory\/61564236752362\/\" \/>\n<meta property=\"article:modified_time\" content=\"2025-05-16T01:20:29+00:00\" \/>\n<meta property=\"og:image\" content=\"https:\/\/www.yoroow.com\/wp-content\/uploads\/2025\/02\/sku\u56fe_4.jpg\" \/>\n\t<meta property=\"og:image:width\" content=\"746\" \/>\n\t<meta property=\"og:image:height\" content=\"746\" \/>\n\t<meta property=\"og:image:type\" content=\"image\/jpeg\" \/>\n<meta name=\"twitter:card\" content=\"summary_large_image\" \/>\n<meta name=\"twitter:label1\" content=\"Est. reading time\" \/>\n\t<meta name=\"twitter:data1\" content=\"2 minutos\" \/>\n<script type=\"application\/ld+json\" class=\"yoast-schema-graph\">{\"@context\":\"https:\/\/schema.org\",\"@graph\":[{\"@type\":\"WebPage\",\"@id\":\"https:\/\/www.yoroow.com\/pt\/pormenor-do-produto\/torneira-de-agua-de-manipulo-unico-agua-fria-cromada-torneira-de-lavatorio-de-cozinha-cromada-para-casa-de-banho\/\",\"url\":\"https:\/\/www.yoroow.com\/pt\/pormenor-do-produto\/torneira-de-agua-de-manipulo-unico-agua-fria-cromada-torneira-de-lavatorio-de-cozinha-cromada-para-casa-de-banho\/\",\"name\":\"Luxury Single-Handle Antique Basin Faucet 304 Stainless Steel Water Faucet for Cold Water Brass Valve Core for Villas - YOROOW\",\"isPartOf\":{\"@id\":\"https:\/\/www.yoroow.com\/pt\/#website\"},\"primaryImageOfPage\":{\"@id\":\"https:\/\/www.yoroow.com\/pt\/pormenor-do-produto\/torneira-de-agua-de-manipulo-unico-agua-fria-cromada-torneira-de-lavatorio-de-cozinha-cromada-para-casa-de-banho\/#primaryimage\"},\"image\":{\"@id\":\"https:\/\/www.yoroow.com\/pt\/pormenor-do-produto\/torneira-de-agua-de-manipulo-unico-agua-fria-cromada-torneira-de-lavatorio-de-cozinha-cromada-para-casa-de-banho\/#primaryimage\"},\"thumbnailUrl\":\"https:\/\/www.yoroow.com\/wp-content\/uploads\/2025\/02\/sku\u56fe_4.jpg\",\"datePublished\":\"2025-02-13T10:01:34+00:00\",\"dateModified\":\"2025-05-16T01:20:29+00:00\",\"description\":\"Luxury single-handle antique basin faucet made of 304 stainless steel. Brass valve core for cold water. Suitable for villas. Chinese factory exports focus on South American and Southeast Asian premium bathroom markets.\",\"breadcrumb\":{\"@id\":\"https:\/\/www.yoroow.com\/pt\/pormenor-do-produto\/torneira-de-agua-de-manipulo-unico-agua-fria-cromada-torneira-de-lavatorio-de-cozinha-cromada-para-casa-de-banho\/#breadcrumb\"},\"inLanguage\":\"pt-PT\",\"potentialAction\":[{\"@type\":\"ReadAction\",\"target\":[\"https:\/\/www.yoroow.com\/pt\/pormenor-do-produto\/torneira-de-agua-de-manipulo-unico-agua-fria-cromada-torneira-de-lavatorio-de-cozinha-cromada-para-casa-de-banho\/\"]}]},{\"@type\":\"ImageObject\",\"inLanguage\":\"pt-PT\",\"@id\":\"https:\/\/www.yoroow.com\/pt\/pormenor-do-produto\/torneira-de-agua-de-manipulo-unico-agua-fria-cromada-torneira-de-lavatorio-de-cozinha-cromada-para-casa-de-banho\/#primaryimage\",\"url\":\"https:\/\/www.yoroow.com\/wp-content\/uploads\/2025\/02\/sku\u56fe_4.jpg\",\"contentUrl\":\"https:\/\/www.yoroow.com\/wp-content\/uploads\/2025\/02\/sku\u56fe_4.jpg\",\"width\":746,\"height\":746,\"caption\":\"Fancy 304 Stainless Steel Basin Taps Metered Faucets for School Hotel Use Black Wash Basin Tap with Brass Valve Core\"},{\"@type\":\"BreadcrumbList\",\"@id\":\"https:\/\/www.yoroow.com\/pt\/pormenor-do-produto\/torneira-de-agua-de-manipulo-unico-agua-fria-cromada-torneira-de-lavatorio-de-cozinha-cromada-para-casa-de-banho\/#breadcrumb\",\"itemListElement\":[{\"@type\":\"ListItem\",\"position\":1,\"name\":\"home\",\"item\":\"https:\/\/www.yoroow.com\/\"},{\"@type\":\"ListItem\",\"position\":2,\"name\":\"Product\",\"item\":\"https:\/\/www.yoroow.com\/product\/\"},{\"@type\":\"ListItem\",\"position\":3,\"name\":\"Luxury Single-Handle Antique Basin Faucet 304 Stainless Steel Water Faucet for Cold Water Brass Valve Core for Villas\"}]},{\"@type\":\"WebSite\",\"@id\":\"https:\/\/www.yoroow.com\/pt\/#website\",\"url\":\"https:\/\/www.yoroow.com\/pt\/\",\"name\":\"YOROOW\",\"description\":\"\",\"publisher\":{\"@id\":\"https:\/\/www.yoroow.com\/pt\/#organization\"},\"potentialAction\":[{\"@type\":\"SearchAction\",\"target\":{\"@type\":\"EntryPoint\",\"urlTemplate\":\"https:\/\/www.yoroow.com\/pt\/?s={search_term_string}\"},\"query-input\":{\"@type\":\"PropertyValueSpecification\",\"valueRequired\":true,\"valueName\":\"search_term_string\"}}],\"inLanguage\":\"pt-PT\"},{\"@type\":\"Organization\",\"@id\":\"https:\/\/www.yoroow.com\/pt\/#organization\",\"name\":\"YOROOW\",\"url\":\"https:\/\/www.yoroow.com\/pt\/\",\"logo\":{\"@type\":\"ImageObject\",\"inLanguage\":\"pt-PT\",\"@id\":\"https:\/\/www.yoroow.com\/pt\/#\/schema\/logo\/image\/\",\"url\":\"https:\/\/www.yoroow.com\/wp-content\/uploads\/2024\/12\/2024123007131061.png\",\"contentUrl\":\"https:\/\/www.yoroow.com\/wp-content\/uploads\/2024\/12\/2024123007131061.png\",\"width\":168,\"height\":27,\"caption\":\"YOROOW\"},\"image\":{\"@id\":\"https:\/\/www.yoroow.com\/pt\/#\/schema\/logo\/image\/\"},\"sameAs\":[\"https:\/\/www.facebook.com\/people\/yoroowfaucetfactory\/61564236752362\/\"]}]}<\/script>\n<!-- \/ Yoast SEO Premium plugin. -->","yoast_head_json":{"title":"Luxury Single-Handle Antique Basin Faucet 304 Stainless Steel Water Faucet for Cold Water Brass Valve Core for Villas - YOROOW","description":"Luxury single-handle antique basin faucet made of 304 stainless steel. Brass valve core for cold water. Suitable for villas. Chinese factory exports focus on South American and Southeast Asian premium bathroom markets.","robots":{"index":"index","follow":"follow","max-snippet":"max-snippet:-1","max-image-preview":"max-image-preview:large","max-video-preview":"max-video-preview:-1"},"canonical":"https:\/\/www.yoroow.com\/pt\/pormenor-do-produto\/torneira-de-agua-de-manipulo-unico-agua-fria-cromada-torneira-de-lavatorio-de-cozinha-cromada-para-casa-de-banho\/","og_locale":"pt_PT","og_type":"article","og_title":"Luxury Single-Handle Antique Basin Faucet 304 Stainless Steel Water Faucet for Cold Water Brass Valve Core for Villas","og_description":"Luxury single-handle antique basin faucet made of 304 stainless steel. Brass valve core for cold water. Suitable for villas. Chinese factory exports focus on South American and Southeast Asian premium bathroom markets.","og_url":"https:\/\/www.yoroow.com\/pt\/pormenor-do-produto\/torneira-de-agua-de-manipulo-unico-agua-fria-cromada-torneira-de-lavatorio-de-cozinha-cromada-para-casa-de-banho\/","og_site_name":"YOROOW","article_publisher":"https:\/\/www.facebook.com\/people\/yoroowfaucetfactory\/61564236752362\/","article_modified_time":"2025-05-16T01:20:29+00:00","og_image":[{"width":746,"height":746,"url":"https:\/\/www.yoroow.com\/wp-content\/uploads\/2025\/02\/sku\u56fe_4.jpg","type":"image\/jpeg"}],"twitter_card":"summary_large_image","twitter_misc":{"Est. reading time":"2 minutos"},"schema":{"@context":"https:\/\/schema.org","@graph":[{"@type":"WebPage","@id":"https:\/\/www.yoroow.com\/pt\/pormenor-do-produto\/torneira-de-agua-de-manipulo-unico-agua-fria-cromada-torneira-de-lavatorio-de-cozinha-cromada-para-casa-de-banho\/","url":"https:\/\/www.yoroow.com\/pt\/pormenor-do-produto\/torneira-de-agua-de-manipulo-unico-agua-fria-cromada-torneira-de-lavatorio-de-cozinha-cromada-para-casa-de-banho\/","name":"Luxury Single-Handle Antique Basin Faucet 304 Stainless Steel Water Faucet for Cold Water Brass Valve Core for Villas - YOROOW","isPartOf":{"@id":"https:\/\/www.yoroow.com\/pt\/#website"},"primaryImageOfPage":{"@id":"https:\/\/www.yoroow.com\/pt\/pormenor-do-produto\/torneira-de-agua-de-manipulo-unico-agua-fria-cromada-torneira-de-lavatorio-de-cozinha-cromada-para-casa-de-banho\/#primaryimage"},"image":{"@id":"https:\/\/www.yoroow.com\/pt\/pormenor-do-produto\/torneira-de-agua-de-manipulo-unico-agua-fria-cromada-torneira-de-lavatorio-de-cozinha-cromada-para-casa-de-banho\/#primaryimage"},"thumbnailUrl":"https:\/\/www.yoroow.com\/wp-content\/uploads\/2025\/02\/sku\u56fe_4.jpg","datePublished":"2025-02-13T10:01:34+00:00","dateModified":"2025-05-16T01:20:29+00:00","description":"Luxury single-handle antique basin faucet made of 304 stainless steel. Brass valve core for cold water. Suitable for villas. Chinese factory exports focus on South American and Southeast Asian premium bathroom markets.","breadcrumb":{"@id":"https:\/\/www.yoroow.com\/pt\/pormenor-do-produto\/torneira-de-agua-de-manipulo-unico-agua-fria-cromada-torneira-de-lavatorio-de-cozinha-cromada-para-casa-de-banho\/#breadcrumb"},"inLanguage":"pt-PT","potentialAction":[{"@type":"ReadAction","target":["https:\/\/www.yoroow.com\/pt\/pormenor-do-produto\/torneira-de-agua-de-manipulo-unico-agua-fria-cromada-torneira-de-lavatorio-de-cozinha-cromada-para-casa-de-banho\/"]}]},{"@type":"ImageObject","inLanguage":"pt-PT","@id":"https:\/\/www.yoroow.com\/pt\/pormenor-do-produto\/torneira-de-agua-de-manipulo-unico-agua-fria-cromada-torneira-de-lavatorio-de-cozinha-cromada-para-casa-de-banho\/#primaryimage","url":"https:\/\/www.yoroow.com\/wp-content\/uploads\/2025\/02\/sku\u56fe_4.jpg","contentUrl":"https:\/\/www.yoroow.com\/wp-content\/uploads\/2025\/02\/sku\u56fe_4.jpg","width":746,"height":746,"caption":"Fancy 304 Stainless Steel Basin Taps Metered Faucets for School Hotel Use Black Wash Basin Tap with Brass Valve Core"},{"@type":"BreadcrumbList","@id":"https:\/\/www.yoroow.com\/pt\/pormenor-do-produto\/torneira-de-agua-de-manipulo-unico-agua-fria-cromada-torneira-de-lavatorio-de-cozinha-cromada-para-casa-de-banho\/#breadcrumb","itemListElement":[{"@type":"ListItem","position":1,"name":"home","item":"https:\/\/www.yoroow.com\/"},{"@type":"ListItem","position":2,"name":"Product","item":"https:\/\/www.yoroow.com\/product\/"},{"@type":"ListItem","position":3,"name":"Luxury Single-Handle Antique Basin Faucet 304 Stainless Steel Water Faucet for Cold Water Brass Valve Core for Villas"}]},{"@type":"WebSite","@id":"https:\/\/www.yoroow.com\/pt\/#website","url":"https:\/\/www.yoroow.com\/pt\/","name":"YOROOW","description":"","publisher":{"@id":"https:\/\/www.yoroow.com\/pt\/#organization"},"potentialAction":[{"@type":"SearchAction","target":{"@type":"EntryPoint","urlTemplate":"https:\/\/www.yoroow.com\/pt\/?s={search_term_string}"},"query-input":{"@type":"PropertyValueSpecification","valueRequired":true,"valueName":"search_term_string"}}],"inLanguage":"pt-PT"},{"@type":"Organization","@id":"https:\/\/www.yoroow.com\/pt\/#organization","name":"YOROOW","url":"https:\/\/www.yoroow.com\/pt\/","logo":{"@type":"ImageObject","inLanguage":"pt-PT","@id":"https:\/\/www.yoroow.com\/pt\/#\/schema\/logo\/image\/","url":"https:\/\/www.yoroow.com\/wp-content\/uploads\/2024\/12\/2024123007131061.png","contentUrl":"https:\/\/www.yoroow.com\/wp-content\/uploads\/2024\/12\/2024123007131061.png","width":168,"height":27,"caption":"YOROOW"},"image":{"@id":"https:\/\/www.yoroow.com\/pt\/#\/schema\/logo\/image\/"},"sameAs":["https:\/\/www.facebook.com\/people\/yoroowfaucetfactory\/61564236752362\/"]}]}},"_links":{"self":[{"href":"https:\/\/www.yoroow.com\/pt\/wp-json\/wp\/v2\/product\/10013","targetHints":{"allow":["GET"]}}],"collection":[{"href":"https:\/\/www.yoroow.com\/pt\/wp-json\/wp\/v2\/product"}],"about":[{"href":"https:\/\/www.yoroow.com\/pt\/wp-json\/wp\/v2\/types\/product"}],"wp:featuredmedia":[{"embeddable":true,"href":"https:\/\/www.yoroow.com\/pt\/wp-json\/wp\/v2\/media\/9997"}],"wp:attachment":[{"href":"https:\/\/www.yoroow.com\/pt\/wp-json\/wp\/v2\/media?parent=10013"}],"wp:term":[{"taxonomy":"product_brand","embeddable":true,"href":"https:\/\/www.yoroow.com\/pt\/wp-json\/wp\/v2\/product_brand?post=10013"},{"taxonomy":"product_cat","embeddable":true,"href":"https:\/\/www.yoroow.com\/pt\/wp-json\/wp\/v2\/product_cat?post=10013"},{"taxonomy":"product_tag","embeddable":true,"href":"https:\/\/www.yoroow.com\/pt\/wp-json\/wp\/v2\/product_tag?post=10013"}],"curies":[{"name":"wp","href":"https:\/\/api.w.org\/{rel}","templated":true}]}}