{"id":19619,"date":"2025-05-08T09:16:53","date_gmt":"2025-05-08T01:16:53","guid":{"rendered":"https:\/\/www.yoroow.com\/?post_type=product&#038;p=19619"},"modified":"2025-05-16T09:52:23","modified_gmt":"2025-05-16T01:52:23","slug":"moderne-roestvrij-staal-304-handheld-bidet-sproeiset-badkamer-jet-sproeiset-met-muur-spray-bevestiging-slang","status":"publish","type":"product","link":"https:\/\/www.yoroow.com\/nl\/productdetail\/moderne-roestvrij-staal-304-handheld-bidet-sproeiset-badkamer-jet-sproeiset-met-muur-spray-bevestiging-slang\/","title":{"rendered":"Moderne Roestvrij staal 304 Handheld Bidet Sprayer Set Badkamer Jet Sprayer Kit met muur Spray hulpstuk slang"},"content":{"rendered":"<p>Moderne roestvrijstalen 304 handbediende bidet sproeiset badkamerjet sproeiset met slang voor bevestiging aan de muur biedt een complete oplossing voor persoonlijke hygi\u00ebne en badkamerreiniging. De set is gemaakt van robuust 304 roestvrij staal en bevat een handsproeier, muurbeugel en flexibele slang, ontworpen voor eenvoudige installatie en langdurig gebruik. De sproeier levert een soepele waterstroom met instelbare druk, geschikt voor vrouwelijke hygi\u00ebne en toiletreiniging. De set is geproduceerd in een Chinese fabriek met strenge kwaliteitscontroles en voldoet aan internationale normen voor veiligheid en duurzaamheid. De strakke roestvrijstalen afwerking past bij verschillende badkamerdecors. Dit product is een gevestigde markt in Zuid-Amerika en Zuidoost-Azi\u00eb, met name in Brazili\u00eb, Vietnam en Thailand, waar klanten waarde hechten aan betrouwbare en hygi\u00ebnische bidetoplossingen. Het bedrijf biedt OEM-diensten op maat en ondersteunt klanten met tijdige exportlogistiek. |<\/p>","protected":false},"excerpt":{"rendered":"<p>Moderne roestvrijstalen 304 handbediende bidet sproeiset badkamerjet sproeiset met slang voor bevestiging aan de muur biedt een complete oplossing voor persoonlijke hygi\u00ebne en badkamerreiniging. De set is gemaakt van robuust 304 roestvrij staal en bevat een handsproeier, muurbeugel en flexibele slang, ontworpen voor eenvoudige installatie en langdurig gebruik. De sproeier zorgt...<\/p>","protected":false},"featured_media":19620,"template":"","meta":{"_acf_changed":false,"_kad_post_transparent":"default","_kad_post_title":"","_kad_post_layout":"default","_kad_post_sidebar_id":"","_kad_post_content_style":"default","_kad_post_vertical_padding":"default","_kad_post_feature":"","_kad_post_feature_position":"","_kad_post_header":false,"_kad_post_footer":false},"product_brand":[],"product_cat":[132,7864],"product_tag":[3522,3512],"class_list":{"0":"post-19619","1":"product","2":"type-product","3":"status-publish","4":"has-post-thumbnail","6":"product_cat-bidet-sprayer","7":"product_cat-c-bidetsprayer","8":"product_tag-handheld-bidet-sprayer","9":"product_tag-stainless-steel-handheld-toilet-bidets-sprayer-set-wall","11":"first","12":"instock","13":"shipping-taxable","14":"purchasable","15":"product-type-variable","16":"wvs-archive-product-wrapper","17":"entry","18":"content-bg","19":"loop-entry"},"acf":[],"yoast_head":"<!-- This site is optimized with the Yoast SEO Premium plugin v25.4 (Yoast SEO v27.0) - https:\/\/yoast.com\/product\/yoast-seo-premium-wordpress\/ -->\n<title>Modern Stainless Steel 304 Handheld Bidet Sprayer Set Bathroom Jet Sprayer Kit with Wall Spray Attachment Hose - YOROOW<\/title>\n<meta name=\"description\" content=\"Modern stainless steel 304 handheld bidet sprayer set with bathroom jet sprayer kit and wall spray attachment hose. High-quality manufacture in China with exports to South America and Southeast Asia.\" \/>\n<meta name=\"robots\" content=\"index, follow, max-snippet:-1, max-image-preview:large, max-video-preview:-1\" \/>\n<link rel=\"canonical\" href=\"https:\/\/www.yoroow.com\/nl\/productdetail\/moderne-roestvrij-staal-304-handheld-bidet-sproeiset-badkamer-jet-sproeiset-met-muur-spray-bevestiging-slang\/\" \/>\n<meta property=\"og:locale\" content=\"nl_NL\" \/>\n<meta property=\"og:type\" content=\"article\" \/>\n<meta property=\"og:title\" content=\"Modern Stainless Steel 304 Handheld Bidet Sprayer Set Bathroom Jet Sprayer Kit with Wall Spray Attachment Hose\" \/>\n<meta property=\"og:description\" content=\"Modern stainless steel 304 handheld bidet sprayer set with bathroom jet sprayer kit and wall spray attachment hose. High-quality manufacture in China with exports to South America and Southeast Asia.\" \/>\n<meta property=\"og:url\" content=\"https:\/\/www.yoroow.com\/nl\/productdetail\/moderne-roestvrij-staal-304-handheld-bidet-sproeiset-badkamer-jet-sproeiset-met-muur-spray-bevestiging-slang\/\" \/>\n<meta property=\"og:site_name\" content=\"YOROOW\" \/>\n<meta property=\"article:publisher\" content=\"https:\/\/www.facebook.com\/people\/yoroowfaucetfactory\/61564236752362\/\" \/>\n<meta property=\"article:modified_time\" content=\"2025-05-16T01:52:23+00:00\" \/>\n<meta property=\"og:image\" content=\"https:\/\/www.yoroow.com\/wp-content\/uploads\/2025\/05\/\u5fae\u4fe1\u56fe\u7247_20211102100747.jpg\" \/>\n\t<meta property=\"og:image:width\" content=\"592\" \/>\n\t<meta property=\"og:image:height\" content=\"592\" \/>\n\t<meta property=\"og:image:type\" content=\"image\/jpeg\" \/>\n<meta name=\"twitter:card\" content=\"summary_large_image\" \/>\n<meta name=\"twitter:label1\" content=\"Geschatte leestijd\" \/>\n\t<meta name=\"twitter:data1\" content=\"1 minuut\" \/>\n<script type=\"application\/ld+json\" class=\"yoast-schema-graph\">{\"@context\":\"https:\/\/schema.org\",\"@graph\":[{\"@type\":\"WebPage\",\"@id\":\"https:\/\/www.yoroow.com\/nl\/productdetail\/moderne-roestvrij-staal-304-handheld-bidet-sproeiset-badkamer-jet-sproeiset-met-muur-spray-bevestiging-slang\/\",\"url\":\"https:\/\/www.yoroow.com\/nl\/productdetail\/moderne-roestvrij-staal-304-handheld-bidet-sproeiset-badkamer-jet-sproeiset-met-muur-spray-bevestiging-slang\/\",\"name\":\"Modern Stainless Steel 304 Handheld Bidet Sprayer Set Bathroom Jet Sprayer Kit with Wall Spray Attachment Hose - YOROOW\",\"isPartOf\":{\"@id\":\"https:\/\/www.yoroow.com\/nl\/#website\"},\"primaryImageOfPage\":{\"@id\":\"https:\/\/www.yoroow.com\/nl\/productdetail\/moderne-roestvrij-staal-304-handheld-bidet-sproeiset-badkamer-jet-sproeiset-met-muur-spray-bevestiging-slang\/#primaryimage\"},\"image\":{\"@id\":\"https:\/\/www.yoroow.com\/nl\/productdetail\/moderne-roestvrij-staal-304-handheld-bidet-sproeiset-badkamer-jet-sproeiset-met-muur-spray-bevestiging-slang\/#primaryimage\"},\"thumbnailUrl\":\"https:\/\/www.yoroow.com\/wp-content\/uploads\/2025\/05\/\u5fae\u4fe1\u56fe\u7247_20211102100747.jpg\",\"datePublished\":\"2025-05-08T01:16:53+00:00\",\"dateModified\":\"2025-05-16T01:52:23+00:00\",\"description\":\"Modern stainless steel 304 handheld bidet sprayer set with bathroom jet sprayer kit and wall spray attachment hose. High-quality manufacture in China with exports to South America and Southeast Asia.\",\"breadcrumb\":{\"@id\":\"https:\/\/www.yoroow.com\/nl\/productdetail\/moderne-roestvrij-staal-304-handheld-bidet-sproeiset-badkamer-jet-sproeiset-met-muur-spray-bevestiging-slang\/#breadcrumb\"},\"inLanguage\":\"nl-NL\",\"potentialAction\":[{\"@type\":\"ReadAction\",\"target\":[\"https:\/\/www.yoroow.com\/nl\/productdetail\/moderne-roestvrij-staal-304-handheld-bidet-sproeiset-badkamer-jet-sproeiset-met-muur-spray-bevestiging-slang\/\"]}]},{\"@type\":\"ImageObject\",\"inLanguage\":\"nl-NL\",\"@id\":\"https:\/\/www.yoroow.com\/nl\/productdetail\/moderne-roestvrij-staal-304-handheld-bidet-sproeiset-badkamer-jet-sproeiset-met-muur-spray-bevestiging-slang\/#primaryimage\",\"url\":\"https:\/\/www.yoroow.com\/wp-content\/uploads\/2025\/05\/\u5fae\u4fe1\u56fe\u7247_20211102100747.jpg\",\"contentUrl\":\"https:\/\/www.yoroow.com\/wp-content\/uploads\/2025\/05\/\u5fae\u4fe1\u56fe\u7247_20211102100747.jpg\",\"width\":592,\"height\":592,\"caption\":\"Modern Stainless Steel 304 Handheld Bidet Sprayer Set Bathroom Jet Sprayer Kit with Wall Spray Attachment Hose\"},{\"@type\":\"BreadcrumbList\",\"@id\":\"https:\/\/www.yoroow.com\/nl\/productdetail\/moderne-roestvrij-staal-304-handheld-bidet-sproeiset-badkamer-jet-sproeiset-met-muur-spray-bevestiging-slang\/#breadcrumb\",\"itemListElement\":[{\"@type\":\"ListItem\",\"position\":1,\"name\":\"home\",\"item\":\"https:\/\/www.yoroow.com\/\"},{\"@type\":\"ListItem\",\"position\":2,\"name\":\"Product\",\"item\":\"https:\/\/www.yoroow.com\/product\/\"},{\"@type\":\"ListItem\",\"position\":3,\"name\":\"Modern Stainless Steel 304 Handheld Bidet Sprayer Set Bathroom Jet Sprayer Kit with Wall Spray Attachment Hose\"}]},{\"@type\":\"WebSite\",\"@id\":\"https:\/\/www.yoroow.com\/nl\/#website\",\"url\":\"https:\/\/www.yoroow.com\/nl\/\",\"name\":\"YOROOW\",\"description\":\"\",\"publisher\":{\"@id\":\"https:\/\/www.yoroow.com\/nl\/#organization\"},\"potentialAction\":[{\"@type\":\"SearchAction\",\"target\":{\"@type\":\"EntryPoint\",\"urlTemplate\":\"https:\/\/www.yoroow.com\/nl\/?s={search_term_string}\"},\"query-input\":{\"@type\":\"PropertyValueSpecification\",\"valueRequired\":true,\"valueName\":\"search_term_string\"}}],\"inLanguage\":\"nl-NL\"},{\"@type\":\"Organization\",\"@id\":\"https:\/\/www.yoroow.com\/nl\/#organization\",\"name\":\"YOROOW\",\"url\":\"https:\/\/www.yoroow.com\/nl\/\",\"logo\":{\"@type\":\"ImageObject\",\"inLanguage\":\"nl-NL\",\"@id\":\"https:\/\/www.yoroow.com\/nl\/#\/schema\/logo\/image\/\",\"url\":\"https:\/\/www.yoroow.com\/wp-content\/uploads\/2024\/12\/2024123007131061.png\",\"contentUrl\":\"https:\/\/www.yoroow.com\/wp-content\/uploads\/2024\/12\/2024123007131061.png\",\"width\":168,\"height\":27,\"caption\":\"YOROOW\"},\"image\":{\"@id\":\"https:\/\/www.yoroow.com\/nl\/#\/schema\/logo\/image\/\"},\"sameAs\":[\"https:\/\/www.facebook.com\/people\/yoroowfaucetfactory\/61564236752362\/\"]}]}<\/script>\n<!-- \/ Yoast SEO Premium plugin. -->","yoast_head_json":{"title":"Modern Stainless Steel 304 Handheld Bidet Sprayer Set Bathroom Jet Sprayer Kit with Wall Spray Attachment Hose - YOROOW","description":"Modern stainless steel 304 handheld bidet sprayer set with bathroom jet sprayer kit and wall spray attachment hose. High-quality manufacture in China with exports to South America and Southeast Asia.","robots":{"index":"index","follow":"follow","max-snippet":"max-snippet:-1","max-image-preview":"max-image-preview:large","max-video-preview":"max-video-preview:-1"},"canonical":"https:\/\/www.yoroow.com\/nl\/productdetail\/moderne-roestvrij-staal-304-handheld-bidet-sproeiset-badkamer-jet-sproeiset-met-muur-spray-bevestiging-slang\/","og_locale":"nl_NL","og_type":"article","og_title":"Modern Stainless Steel 304 Handheld Bidet Sprayer Set Bathroom Jet Sprayer Kit with Wall Spray Attachment Hose","og_description":"Modern stainless steel 304 handheld bidet sprayer set with bathroom jet sprayer kit and wall spray attachment hose. High-quality manufacture in China with exports to South America and Southeast Asia.","og_url":"https:\/\/www.yoroow.com\/nl\/productdetail\/moderne-roestvrij-staal-304-handheld-bidet-sproeiset-badkamer-jet-sproeiset-met-muur-spray-bevestiging-slang\/","og_site_name":"YOROOW","article_publisher":"https:\/\/www.facebook.com\/people\/yoroowfaucetfactory\/61564236752362\/","article_modified_time":"2025-05-16T01:52:23+00:00","og_image":[{"width":592,"height":592,"url":"https:\/\/www.yoroow.com\/wp-content\/uploads\/2025\/05\/\u5fae\u4fe1\u56fe\u7247_20211102100747.jpg","type":"image\/jpeg"}],"twitter_card":"summary_large_image","twitter_misc":{"Geschatte leestijd":"1 minuut"},"schema":{"@context":"https:\/\/schema.org","@graph":[{"@type":"WebPage","@id":"https:\/\/www.yoroow.com\/nl\/productdetail\/moderne-roestvrij-staal-304-handheld-bidet-sproeiset-badkamer-jet-sproeiset-met-muur-spray-bevestiging-slang\/","url":"https:\/\/www.yoroow.com\/nl\/productdetail\/moderne-roestvrij-staal-304-handheld-bidet-sproeiset-badkamer-jet-sproeiset-met-muur-spray-bevestiging-slang\/","name":"Modern Stainless Steel 304 Handheld Bidet Sprayer Set Bathroom Jet Sprayer Kit with Wall Spray Attachment Hose - YOROOW","isPartOf":{"@id":"https:\/\/www.yoroow.com\/nl\/#website"},"primaryImageOfPage":{"@id":"https:\/\/www.yoroow.com\/nl\/productdetail\/moderne-roestvrij-staal-304-handheld-bidet-sproeiset-badkamer-jet-sproeiset-met-muur-spray-bevestiging-slang\/#primaryimage"},"image":{"@id":"https:\/\/www.yoroow.com\/nl\/productdetail\/moderne-roestvrij-staal-304-handheld-bidet-sproeiset-badkamer-jet-sproeiset-met-muur-spray-bevestiging-slang\/#primaryimage"},"thumbnailUrl":"https:\/\/www.yoroow.com\/wp-content\/uploads\/2025\/05\/\u5fae\u4fe1\u56fe\u7247_20211102100747.jpg","datePublished":"2025-05-08T01:16:53+00:00","dateModified":"2025-05-16T01:52:23+00:00","description":"Modern stainless steel 304 handheld bidet sprayer set with bathroom jet sprayer kit and wall spray attachment hose. High-quality manufacture in China with exports to South America and Southeast Asia.","breadcrumb":{"@id":"https:\/\/www.yoroow.com\/nl\/productdetail\/moderne-roestvrij-staal-304-handheld-bidet-sproeiset-badkamer-jet-sproeiset-met-muur-spray-bevestiging-slang\/#breadcrumb"},"inLanguage":"nl-NL","potentialAction":[{"@type":"ReadAction","target":["https:\/\/www.yoroow.com\/nl\/productdetail\/moderne-roestvrij-staal-304-handheld-bidet-sproeiset-badkamer-jet-sproeiset-met-muur-spray-bevestiging-slang\/"]}]},{"@type":"ImageObject","inLanguage":"nl-NL","@id":"https:\/\/www.yoroow.com\/nl\/productdetail\/moderne-roestvrij-staal-304-handheld-bidet-sproeiset-badkamer-jet-sproeiset-met-muur-spray-bevestiging-slang\/#primaryimage","url":"https:\/\/www.yoroow.com\/wp-content\/uploads\/2025\/05\/\u5fae\u4fe1\u56fe\u7247_20211102100747.jpg","contentUrl":"https:\/\/www.yoroow.com\/wp-content\/uploads\/2025\/05\/\u5fae\u4fe1\u56fe\u7247_20211102100747.jpg","width":592,"height":592,"caption":"Modern Stainless Steel 304 Handheld Bidet Sprayer Set Bathroom Jet Sprayer Kit with Wall Spray Attachment Hose"},{"@type":"BreadcrumbList","@id":"https:\/\/www.yoroow.com\/nl\/productdetail\/moderne-roestvrij-staal-304-handheld-bidet-sproeiset-badkamer-jet-sproeiset-met-muur-spray-bevestiging-slang\/#breadcrumb","itemListElement":[{"@type":"ListItem","position":1,"name":"home","item":"https:\/\/www.yoroow.com\/"},{"@type":"ListItem","position":2,"name":"Product","item":"https:\/\/www.yoroow.com\/product\/"},{"@type":"ListItem","position":3,"name":"Modern Stainless Steel 304 Handheld Bidet Sprayer Set Bathroom Jet Sprayer Kit with Wall Spray Attachment Hose"}]},{"@type":"WebSite","@id":"https:\/\/www.yoroow.com\/nl\/#website","url":"https:\/\/www.yoroow.com\/nl\/","name":"YOROOW","description":"","publisher":{"@id":"https:\/\/www.yoroow.com\/nl\/#organization"},"potentialAction":[{"@type":"SearchAction","target":{"@type":"EntryPoint","urlTemplate":"https:\/\/www.yoroow.com\/nl\/?s={search_term_string}"},"query-input":{"@type":"PropertyValueSpecification","valueRequired":true,"valueName":"search_term_string"}}],"inLanguage":"nl-NL"},{"@type":"Organization","@id":"https:\/\/www.yoroow.com\/nl\/#organization","name":"YOROOW","url":"https:\/\/www.yoroow.com\/nl\/","logo":{"@type":"ImageObject","inLanguage":"nl-NL","@id":"https:\/\/www.yoroow.com\/nl\/#\/schema\/logo\/image\/","url":"https:\/\/www.yoroow.com\/wp-content\/uploads\/2024\/12\/2024123007131061.png","contentUrl":"https:\/\/www.yoroow.com\/wp-content\/uploads\/2024\/12\/2024123007131061.png","width":168,"height":27,"caption":"YOROOW"},"image":{"@id":"https:\/\/www.yoroow.com\/nl\/#\/schema\/logo\/image\/"},"sameAs":["https:\/\/www.facebook.com\/people\/yoroowfaucetfactory\/61564236752362\/"]}]}},"_links":{"self":[{"href":"https:\/\/www.yoroow.com\/nl\/wp-json\/wp\/v2\/product\/19619","targetHints":{"allow":["GET"]}}],"collection":[{"href":"https:\/\/www.yoroow.com\/nl\/wp-json\/wp\/v2\/product"}],"about":[{"href":"https:\/\/www.yoroow.com\/nl\/wp-json\/wp\/v2\/types\/product"}],"wp:featuredmedia":[{"embeddable":true,"href":"https:\/\/www.yoroow.com\/nl\/wp-json\/wp\/v2\/media\/19620"}],"wp:attachment":[{"href":"https:\/\/www.yoroow.com\/nl\/wp-json\/wp\/v2\/media?parent=19619"}],"wp:term":[{"taxonomy":"product_brand","embeddable":true,"href":"https:\/\/www.yoroow.com\/nl\/wp-json\/wp\/v2\/product_brand?post=19619"},{"taxonomy":"product_cat","embeddable":true,"href":"https:\/\/www.yoroow.com\/nl\/wp-json\/wp\/v2\/product_cat?post=19619"},{"taxonomy":"product_tag","embeddable":true,"href":"https:\/\/www.yoroow.com\/nl\/wp-json\/wp\/v2\/product_tag?post=19619"}],"curies":[{"name":"wp","href":"https:\/\/api.w.org\/{rel}","templated":true}]}}