{"id":12186,"date":"2025-02-21T23:09:46","date_gmt":"2025-02-21T15:09:46","guid":{"rendered":"https:\/\/www.yoroow.com\/?post_type=product&#038;p=12186"},"modified":"2025-05-16T09:34:20","modified_gmt":"2025-05-16T01:34:20","slug":"de-moderne-eigentijdse-kraan-van-het-toilet-gouden-groothandel-zinklegering-wastafelkranen-badkamermengkraan","status":"publish","type":"product","link":"https:\/\/www.yoroow.com\/nl\/productdetail\/de-moderne-eigentijdse-kraan-van-het-toilet-gouden-groothandel-zinklegering-wastafelkranen-badkamermengkraan\/","title":{"rendered":"Luxe barokke moderne eigentijdse wastafelkraan goud luxe wastafel kraan groothandel zink legering badkamer mengkraan kraan"},"content":{"rendered":"<p>Luxe barokke moderne eigentijdse wastafelkraan goud luxe wastafelkraan groothandel zinklegering badkamer mengkraan is een statement voor luxe badkamers. Met ingewikkelde barokke designelementen geeft de gouden afwerking de kraan een prestigieuze uitstraling. De zinklegering zorgt voor sterkte, duurzaamheid en corrosiebestendigheid. De geavanceerde productietechnieken van YOROOW maken afwerking van hoge kwaliteit en maatwerk mogelijk en zorgen ervoor dat de kraan voldoet aan de behoeften van high-end residenti\u00eble en commerci\u00eble toepassingen. Met een stijgende vraag naar luxe kranen in Zuid-Amerika en Zuidoost-Azi\u00eb is dit product ideaal voor klanten die op zoek zijn naar stijlvolle en hoogwaardige badkamerarmaturen tegen concurrerende prijzen.<\/p>","protected":false},"excerpt":{"rendered":"<p>Luxury Baroque Modern Contemporary Basin Faucet Gold Luxury Wash Basin Tap Wholesale Zinc Alloy Bathroom Mixer Faucet is a statement piece for luxurious bathrooms. Featuring intricate baroque design elements, the gold finish gives the faucet a prestigious appearance. The zinc alloy construction ensures strength, durability, and corrosion resistance. YOROOW\u2019s advanced production techniques allow for high-quality&#8230;<\/p>","protected":false},"featured_media":12179,"template":"","meta":{"_acf_changed":false,"_kad_post_transparent":"default","_kad_post_title":"","_kad_post_layout":"default","_kad_post_sidebar_id":"","_kad_post_content_style":"default","_kad_post_vertical_padding":"default","_kad_post_feature":"","_kad_post_feature_position":"","_kad_post_header":false,"_kad_post_footer":false},"product_brand":[],"product_cat":[238,1558],"product_tag":[5275,3477],"class_list":{"0":"post-12186","1":"product","2":"type-product","3":"status-publish","4":"has-post-thumbnail","6":"product_cat-mixer-basin-faucet","7":"product_cat-square-basin-mixer-faucet","8":"product_tag-luxury-baroque-basin-faucet","9":"product_tag-wash-basin-faucet-tap","11":"first","12":"instock","13":"shipping-taxable","14":"purchasable","15":"product-type-variable","16":"wvs-archive-product-wrapper","17":"entry","18":"content-bg","19":"loop-entry"},"acf":[],"yoast_head":"<!-- This site is optimized with the Yoast SEO Premium plugin v25.4 (Yoast SEO v27.0) - https:\/\/yoast.com\/product\/yoast-seo-premium-wordpress\/ -->\n<title>Luxury Baroque Modern Contemporary Basin Faucet Gold Luxury Wash Basin Tap Wholesale Zinc Alloy Bathroom Mixer Faucet Faucet - YOROOW<\/title>\n<meta name=\"description\" content=\"Luxury baroque modern contemporary basin faucet with gold luxury finish, wholesale zinc alloy bathroom mixer faucet. Produced in China with premium materials for South American and Southeast Asian export customers.\" \/>\n<meta name=\"robots\" content=\"index, follow, max-snippet:-1, max-image-preview:large, max-video-preview:-1\" \/>\n<link rel=\"canonical\" href=\"https:\/\/www.yoroow.com\/nl\/productdetail\/de-moderne-eigentijdse-kraan-van-het-toilet-gouden-groothandel-zinklegering-wastafelkranen-badkamermengkraan\/\" \/>\n<meta property=\"og:locale\" content=\"nl_NL\" \/>\n<meta property=\"og:type\" content=\"article\" \/>\n<meta property=\"og:title\" content=\"Luxury Baroque Modern Contemporary Basin Faucet Gold Luxury Wash Basin Tap Wholesale Zinc Alloy Bathroom Mixer Faucet Faucet\" \/>\n<meta property=\"og:description\" content=\"Luxury baroque modern contemporary basin faucet with gold luxury finish, wholesale zinc alloy bathroom mixer faucet. Produced in China with premium materials for South American and Southeast Asian export customers.\" \/>\n<meta property=\"og:url\" content=\"https:\/\/www.yoroow.com\/nl\/productdetail\/de-moderne-eigentijdse-kraan-van-het-toilet-gouden-groothandel-zinklegering-wastafelkranen-badkamermengkraan\/\" \/>\n<meta property=\"og:site_name\" content=\"YOROOW\" \/>\n<meta property=\"article:publisher\" content=\"https:\/\/www.facebook.com\/people\/yoroowfaucetfactory\/61564236752362\/\" \/>\n<meta property=\"article:modified_time\" content=\"2025-05-16T01:34:20+00:00\" \/>\n<meta property=\"og:image\" content=\"https:\/\/www.yoroow.com\/wp-content\/uploads\/2025\/02\/\u91d1\u8272-\u77ed.jpg\" \/>\n\t<meta property=\"og:image:width\" content=\"800\" \/>\n\t<meta property=\"og:image:height\" content=\"800\" \/>\n\t<meta property=\"og:image:type\" content=\"image\/jpeg\" \/>\n<meta name=\"twitter:card\" content=\"summary_large_image\" \/>\n<meta name=\"twitter:label1\" content=\"Geschatte leestijd\" \/>\n\t<meta name=\"twitter:data1\" content=\"1 minuut\" \/>\n<script type=\"application\/ld+json\" class=\"yoast-schema-graph\">{\"@context\":\"https:\/\/schema.org\",\"@graph\":[{\"@type\":\"WebPage\",\"@id\":\"https:\/\/www.yoroow.com\/nl\/productdetail\/de-moderne-eigentijdse-kraan-van-het-toilet-gouden-groothandel-zinklegering-wastafelkranen-badkamermengkraan\/\",\"url\":\"https:\/\/www.yoroow.com\/nl\/productdetail\/de-moderne-eigentijdse-kraan-van-het-toilet-gouden-groothandel-zinklegering-wastafelkranen-badkamermengkraan\/\",\"name\":\"Luxury Baroque Modern Contemporary Basin Faucet Gold Luxury Wash Basin Tap Wholesale Zinc Alloy Bathroom Mixer Faucet Faucet - YOROOW\",\"isPartOf\":{\"@id\":\"https:\/\/www.yoroow.com\/nl\/#website\"},\"primaryImageOfPage\":{\"@id\":\"https:\/\/www.yoroow.com\/nl\/productdetail\/de-moderne-eigentijdse-kraan-van-het-toilet-gouden-groothandel-zinklegering-wastafelkranen-badkamermengkraan\/#primaryimage\"},\"image\":{\"@id\":\"https:\/\/www.yoroow.com\/nl\/productdetail\/de-moderne-eigentijdse-kraan-van-het-toilet-gouden-groothandel-zinklegering-wastafelkranen-badkamermengkraan\/#primaryimage\"},\"thumbnailUrl\":\"https:\/\/www.yoroow.com\/wp-content\/uploads\/2025\/02\/\u91d1\u8272-\u77ed.jpg\",\"datePublished\":\"2025-02-21T15:09:46+00:00\",\"dateModified\":\"2025-05-16T01:34:20+00:00\",\"description\":\"Luxury baroque modern contemporary basin faucet with gold luxury finish, wholesale zinc alloy bathroom mixer faucet. Produced in China with premium materials for South American and Southeast Asian export customers.\",\"breadcrumb\":{\"@id\":\"https:\/\/www.yoroow.com\/nl\/productdetail\/de-moderne-eigentijdse-kraan-van-het-toilet-gouden-groothandel-zinklegering-wastafelkranen-badkamermengkraan\/#breadcrumb\"},\"inLanguage\":\"nl-NL\",\"potentialAction\":[{\"@type\":\"ReadAction\",\"target\":[\"https:\/\/www.yoroow.com\/nl\/productdetail\/de-moderne-eigentijdse-kraan-van-het-toilet-gouden-groothandel-zinklegering-wastafelkranen-badkamermengkraan\/\"]}]},{\"@type\":\"ImageObject\",\"inLanguage\":\"nl-NL\",\"@id\":\"https:\/\/www.yoroow.com\/nl\/productdetail\/de-moderne-eigentijdse-kraan-van-het-toilet-gouden-groothandel-zinklegering-wastafelkranen-badkamermengkraan\/#primaryimage\",\"url\":\"https:\/\/www.yoroow.com\/wp-content\/uploads\/2025\/02\/\u91d1\u8272-\u77ed.jpg\",\"contentUrl\":\"https:\/\/www.yoroow.com\/wp-content\/uploads\/2025\/02\/\u91d1\u8272-\u77ed.jpg\",\"width\":800,\"height\":800,\"caption\":\"201 Stainless Steel Single Handle Basin Faucet Classic Zinc Thermostatic Hot\/Cold Water Mixer Metered Faucets for Home Use\"},{\"@type\":\"BreadcrumbList\",\"@id\":\"https:\/\/www.yoroow.com\/nl\/productdetail\/de-moderne-eigentijdse-kraan-van-het-toilet-gouden-groothandel-zinklegering-wastafelkranen-badkamermengkraan\/#breadcrumb\",\"itemListElement\":[{\"@type\":\"ListItem\",\"position\":1,\"name\":\"home\",\"item\":\"https:\/\/www.yoroow.com\/\"},{\"@type\":\"ListItem\",\"position\":2,\"name\":\"Product\",\"item\":\"https:\/\/www.yoroow.com\/product\/\"},{\"@type\":\"ListItem\",\"position\":3,\"name\":\"Luxury Baroque Modern Contemporary Basin Faucet Gold Luxury Wash Basin Tap Wholesale Zinc Alloy Bathroom Mixer Faucet Faucet\"}]},{\"@type\":\"WebSite\",\"@id\":\"https:\/\/www.yoroow.com\/nl\/#website\",\"url\":\"https:\/\/www.yoroow.com\/nl\/\",\"name\":\"YOROOW\",\"description\":\"\",\"publisher\":{\"@id\":\"https:\/\/www.yoroow.com\/nl\/#organization\"},\"potentialAction\":[{\"@type\":\"SearchAction\",\"target\":{\"@type\":\"EntryPoint\",\"urlTemplate\":\"https:\/\/www.yoroow.com\/nl\/?s={search_term_string}\"},\"query-input\":{\"@type\":\"PropertyValueSpecification\",\"valueRequired\":true,\"valueName\":\"search_term_string\"}}],\"inLanguage\":\"nl-NL\"},{\"@type\":\"Organization\",\"@id\":\"https:\/\/www.yoroow.com\/nl\/#organization\",\"name\":\"YOROOW\",\"url\":\"https:\/\/www.yoroow.com\/nl\/\",\"logo\":{\"@type\":\"ImageObject\",\"inLanguage\":\"nl-NL\",\"@id\":\"https:\/\/www.yoroow.com\/nl\/#\/schema\/logo\/image\/\",\"url\":\"https:\/\/www.yoroow.com\/wp-content\/uploads\/2024\/12\/2024123007131061.png\",\"contentUrl\":\"https:\/\/www.yoroow.com\/wp-content\/uploads\/2024\/12\/2024123007131061.png\",\"width\":168,\"height\":27,\"caption\":\"YOROOW\"},\"image\":{\"@id\":\"https:\/\/www.yoroow.com\/nl\/#\/schema\/logo\/image\/\"},\"sameAs\":[\"https:\/\/www.facebook.com\/people\/yoroowfaucetfactory\/61564236752362\/\"]}]}<\/script>\n<!-- \/ Yoast SEO Premium plugin. -->","yoast_head_json":{"title":"Luxury Baroque Modern Contemporary Basin Faucet Gold Luxury Wash Basin Tap Wholesale Zinc Alloy Bathroom Mixer Faucet Faucet - YOROOW","description":"Luxury baroque modern contemporary basin faucet with gold luxury finish, wholesale zinc alloy bathroom mixer faucet. Produced in China with premium materials for South American and Southeast Asian export customers.","robots":{"index":"index","follow":"follow","max-snippet":"max-snippet:-1","max-image-preview":"max-image-preview:large","max-video-preview":"max-video-preview:-1"},"canonical":"https:\/\/www.yoroow.com\/nl\/productdetail\/de-moderne-eigentijdse-kraan-van-het-toilet-gouden-groothandel-zinklegering-wastafelkranen-badkamermengkraan\/","og_locale":"nl_NL","og_type":"article","og_title":"Luxury Baroque Modern Contemporary Basin Faucet Gold Luxury Wash Basin Tap Wholesale Zinc Alloy Bathroom Mixer Faucet Faucet","og_description":"Luxury baroque modern contemporary basin faucet with gold luxury finish, wholesale zinc alloy bathroom mixer faucet. Produced in China with premium materials for South American and Southeast Asian export customers.","og_url":"https:\/\/www.yoroow.com\/nl\/productdetail\/de-moderne-eigentijdse-kraan-van-het-toilet-gouden-groothandel-zinklegering-wastafelkranen-badkamermengkraan\/","og_site_name":"YOROOW","article_publisher":"https:\/\/www.facebook.com\/people\/yoroowfaucetfactory\/61564236752362\/","article_modified_time":"2025-05-16T01:34:20+00:00","og_image":[{"width":800,"height":800,"url":"https:\/\/www.yoroow.com\/wp-content\/uploads\/2025\/02\/\u91d1\u8272-\u77ed.jpg","type":"image\/jpeg"}],"twitter_card":"summary_large_image","twitter_misc":{"Geschatte leestijd":"1 minuut"},"schema":{"@context":"https:\/\/schema.org","@graph":[{"@type":"WebPage","@id":"https:\/\/www.yoroow.com\/nl\/productdetail\/de-moderne-eigentijdse-kraan-van-het-toilet-gouden-groothandel-zinklegering-wastafelkranen-badkamermengkraan\/","url":"https:\/\/www.yoroow.com\/nl\/productdetail\/de-moderne-eigentijdse-kraan-van-het-toilet-gouden-groothandel-zinklegering-wastafelkranen-badkamermengkraan\/","name":"Luxury Baroque Modern Contemporary Basin Faucet Gold Luxury Wash Basin Tap Wholesale Zinc Alloy Bathroom Mixer Faucet Faucet - YOROOW","isPartOf":{"@id":"https:\/\/www.yoroow.com\/nl\/#website"},"primaryImageOfPage":{"@id":"https:\/\/www.yoroow.com\/nl\/productdetail\/de-moderne-eigentijdse-kraan-van-het-toilet-gouden-groothandel-zinklegering-wastafelkranen-badkamermengkraan\/#primaryimage"},"image":{"@id":"https:\/\/www.yoroow.com\/nl\/productdetail\/de-moderne-eigentijdse-kraan-van-het-toilet-gouden-groothandel-zinklegering-wastafelkranen-badkamermengkraan\/#primaryimage"},"thumbnailUrl":"https:\/\/www.yoroow.com\/wp-content\/uploads\/2025\/02\/\u91d1\u8272-\u77ed.jpg","datePublished":"2025-02-21T15:09:46+00:00","dateModified":"2025-05-16T01:34:20+00:00","description":"Luxury baroque modern contemporary basin faucet with gold luxury finish, wholesale zinc alloy bathroom mixer faucet. Produced in China with premium materials for South American and Southeast Asian export customers.","breadcrumb":{"@id":"https:\/\/www.yoroow.com\/nl\/productdetail\/de-moderne-eigentijdse-kraan-van-het-toilet-gouden-groothandel-zinklegering-wastafelkranen-badkamermengkraan\/#breadcrumb"},"inLanguage":"nl-NL","potentialAction":[{"@type":"ReadAction","target":["https:\/\/www.yoroow.com\/nl\/productdetail\/de-moderne-eigentijdse-kraan-van-het-toilet-gouden-groothandel-zinklegering-wastafelkranen-badkamermengkraan\/"]}]},{"@type":"ImageObject","inLanguage":"nl-NL","@id":"https:\/\/www.yoroow.com\/nl\/productdetail\/de-moderne-eigentijdse-kraan-van-het-toilet-gouden-groothandel-zinklegering-wastafelkranen-badkamermengkraan\/#primaryimage","url":"https:\/\/www.yoroow.com\/wp-content\/uploads\/2025\/02\/\u91d1\u8272-\u77ed.jpg","contentUrl":"https:\/\/www.yoroow.com\/wp-content\/uploads\/2025\/02\/\u91d1\u8272-\u77ed.jpg","width":800,"height":800,"caption":"201 Stainless Steel Single Handle Basin Faucet Classic Zinc Thermostatic Hot\/Cold Water Mixer Metered Faucets for Home Use"},{"@type":"BreadcrumbList","@id":"https:\/\/www.yoroow.com\/nl\/productdetail\/de-moderne-eigentijdse-kraan-van-het-toilet-gouden-groothandel-zinklegering-wastafelkranen-badkamermengkraan\/#breadcrumb","itemListElement":[{"@type":"ListItem","position":1,"name":"home","item":"https:\/\/www.yoroow.com\/"},{"@type":"ListItem","position":2,"name":"Product","item":"https:\/\/www.yoroow.com\/product\/"},{"@type":"ListItem","position":3,"name":"Luxury Baroque Modern Contemporary Basin Faucet Gold Luxury Wash Basin Tap Wholesale Zinc Alloy Bathroom Mixer Faucet Faucet"}]},{"@type":"WebSite","@id":"https:\/\/www.yoroow.com\/nl\/#website","url":"https:\/\/www.yoroow.com\/nl\/","name":"YOROOW","description":"","publisher":{"@id":"https:\/\/www.yoroow.com\/nl\/#organization"},"potentialAction":[{"@type":"SearchAction","target":{"@type":"EntryPoint","urlTemplate":"https:\/\/www.yoroow.com\/nl\/?s={search_term_string}"},"query-input":{"@type":"PropertyValueSpecification","valueRequired":true,"valueName":"search_term_string"}}],"inLanguage":"nl-NL"},{"@type":"Organization","@id":"https:\/\/www.yoroow.com\/nl\/#organization","name":"YOROOW","url":"https:\/\/www.yoroow.com\/nl\/","logo":{"@type":"ImageObject","inLanguage":"nl-NL","@id":"https:\/\/www.yoroow.com\/nl\/#\/schema\/logo\/image\/","url":"https:\/\/www.yoroow.com\/wp-content\/uploads\/2024\/12\/2024123007131061.png","contentUrl":"https:\/\/www.yoroow.com\/wp-content\/uploads\/2024\/12\/2024123007131061.png","width":168,"height":27,"caption":"YOROOW"},"image":{"@id":"https:\/\/www.yoroow.com\/nl\/#\/schema\/logo\/image\/"},"sameAs":["https:\/\/www.facebook.com\/people\/yoroowfaucetfactory\/61564236752362\/"]}]}},"_links":{"self":[{"href":"https:\/\/www.yoroow.com\/nl\/wp-json\/wp\/v2\/product\/12186","targetHints":{"allow":["GET"]}}],"collection":[{"href":"https:\/\/www.yoroow.com\/nl\/wp-json\/wp\/v2\/product"}],"about":[{"href":"https:\/\/www.yoroow.com\/nl\/wp-json\/wp\/v2\/types\/product"}],"wp:featuredmedia":[{"embeddable":true,"href":"https:\/\/www.yoroow.com\/nl\/wp-json\/wp\/v2\/media\/12179"}],"wp:attachment":[{"href":"https:\/\/www.yoroow.com\/nl\/wp-json\/wp\/v2\/media?parent=12186"}],"wp:term":[{"taxonomy":"product_brand","embeddable":true,"href":"https:\/\/www.yoroow.com\/nl\/wp-json\/wp\/v2\/product_brand?post=12186"},{"taxonomy":"product_cat","embeddable":true,"href":"https:\/\/www.yoroow.com\/nl\/wp-json\/wp\/v2\/product_cat?post=12186"},{"taxonomy":"product_tag","embeddable":true,"href":"https:\/\/www.yoroow.com\/nl\/wp-json\/wp\/v2\/product_tag?post=12186"}],"curies":[{"name":"wp","href":"https:\/\/api.w.org\/{rel}","templated":true}]}}