{"id":11961,"date":"2025-02-21T17:29:12","date_gmt":"2025-02-21T09:29:12","guid":{"rendered":"https:\/\/www.yoroow.com\/?post_type=product&#038;p=11961"},"modified":"2025-05-16T09:32:09","modified_gmt":"2025-05-16T01:32:09","slug":"nieuw-ontwerp-kleurrijke-siliconen-zwarte-mengkraan-360-rotatie-warm-en-koud-aanrecht-dek-gemonteerde-zinken-keukenkraan","status":"publish","type":"product","link":"https:\/\/www.yoroow.com\/nl\/productdetail\/nieuw-ontwerp-kleurrijke-siliconen-zwarte-mengkraan-360-rotatie-warm-en-koud-aanrecht-dek-gemonteerde-zinken-keukenkraan\/","title":{"rendered":"Kleurrijk Silicium Zwart Nieuw Ontwerp Keukenkraan 360 Rotatie Heet Koud Waterkraan Zink Deck Mounted Spoelbakkraan Keukenkraan"},"content":{"rendered":"<p>De kleurrijke siliconen zwarte nieuwe design keukenkraan is een 360 graden draaibare kraan met warm en koud water opties. Deze op het dek gemonteerde gootsteenkraan biedt flexibiliteit en gebruiksgemak, waardoor hij ideaal is voor keukens die veel beweging en controle vereisen. De kleurrijke siliconen handgreep voegt een modern, aanpasbaar tintje toe, terwijl de zinken constructie zorgt voor duurzaamheid en langdurige prestaties. Deze kraan is gemaakt door een Chinese kraanfabriek en is perfect voor export naar Zuidoost-Azi\u00eb en Latijns-Amerika, waar veel vraag is naar innovatieve keukenkranen met een modern design. Hij is ideaal voor zowel residenti\u00eble keukens als commerci\u00eble ruimtes en biedt functionaliteit en stijl in \u00e9\u00e9n product.<\/p>","protected":false},"excerpt":{"rendered":"<p>De kleurrijke siliconen zwarte nieuwe design keukenkraan is een 360 graden draaibare kraan met warm en koud water opties. Deze op het dek gemonteerde gootsteenkraan biedt flexibiliteit en gebruiksgemak, waardoor hij ideaal is voor keukens die veel beweging en controle vereisen. De kleurrijke siliconen handgreep voegt een moderne, aanpasbare...<\/p>","protected":false},"featured_media":11964,"template":"","meta":{"_acf_changed":false,"_kad_post_transparent":"default","_kad_post_title":"","_kad_post_layout":"default","_kad_post_sidebar_id":"","_kad_post_content_style":"default","_kad_post_vertical_padding":"default","_kad_post_feature":"","_kad_post_feature_position":"","_kad_post_header":false,"_kad_post_footer":false},"product_brand":[],"product_cat":[246,1549],"product_tag":[3187,5764],"class_list":{"0":"post-11961","1":"product","2":"type-product","3":"status-publish","4":"has-post-thumbnail","6":"product_cat-mixer-kitchen-faucet","7":"product_cat-010pseries","8":"product_tag-flexible-kitchen-faucet","9":"product_tag-kitchen-hot-and-cold-water-tap","11":"first","12":"instock","13":"shipping-taxable","14":"purchasable","15":"product-type-variable","16":"wvs-archive-product-wrapper","17":"entry","18":"content-bg","19":"loop-entry"},"acf":[],"yoast_head":"<!-- This site is optimized with the Yoast SEO Premium plugin v25.4 (Yoast SEO v27.0) - https:\/\/yoast.com\/product\/yoast-seo-premium-wordpress\/ -->\n<title>Colorful Silicon Black New Design Kitchen Faucet 360 Rotation Hot Cold Water Tap Zinc Deck Mounted Sink Faucet Kitchen Faucet - YOROOW<\/title>\n<meta name=\"description\" content=\"Colorful silicon black kitchen faucet with 360-degree rotation, hot and cold water tap. Zinc deck-mounted sink faucet with flexible use. Chinese factory provides cost-effective production, exporting mainly to South American and Southeast Asian markets for modern kitchen renovations.\" \/>\n<meta name=\"robots\" content=\"index, follow, max-snippet:-1, max-image-preview:large, max-video-preview:-1\" \/>\n<link rel=\"canonical\" href=\"https:\/\/www.yoroow.com\/nl\/productdetail\/nieuw-ontwerp-kleurrijke-siliconen-zwarte-mengkraan-360-rotatie-warm-en-koud-aanrecht-dek-gemonteerde-zinken-keukenkraan\/\" \/>\n<meta property=\"og:locale\" content=\"nl_NL\" \/>\n<meta property=\"og:type\" content=\"article\" \/>\n<meta property=\"og:title\" content=\"Colorful Silicon Black New Design Kitchen Faucet 360 Rotation Hot Cold Water Tap Zinc Deck Mounted Sink Faucet Kitchen Faucet\" \/>\n<meta property=\"og:description\" content=\"Colorful silicon black kitchen faucet with 360-degree rotation, hot and cold water tap. Zinc deck-mounted sink faucet with flexible use. Chinese factory provides cost-effective production, exporting mainly to South American and Southeast Asian markets for modern kitchen renovations.\" \/>\n<meta property=\"og:url\" content=\"https:\/\/www.yoroow.com\/nl\/productdetail\/nieuw-ontwerp-kleurrijke-siliconen-zwarte-mengkraan-360-rotatie-warm-en-koud-aanrecht-dek-gemonteerde-zinken-keukenkraan\/\" \/>\n<meta property=\"og:site_name\" content=\"YOROOW\" \/>\n<meta property=\"article:publisher\" content=\"https:\/\/www.facebook.com\/people\/yoroowfaucetfactory\/61564236752362\/\" \/>\n<meta property=\"article:modified_time\" content=\"2025-05-16T01:32:09+00:00\" \/>\n<meta property=\"og:image\" content=\"https:\/\/www.yoroow.com\/wp-content\/uploads\/2025\/02\/image-9.png\" \/>\n\t<meta property=\"og:image:width\" content=\"446\" \/>\n\t<meta property=\"og:image:height\" content=\"448\" \/>\n\t<meta property=\"og:image:type\" content=\"image\/png\" \/>\n<meta name=\"twitter:card\" content=\"summary_large_image\" \/>\n<meta name=\"twitter:label1\" content=\"Geschatte leestijd\" \/>\n\t<meta name=\"twitter:data1\" content=\"1 minuut\" \/>\n<script type=\"application\/ld+json\" class=\"yoast-schema-graph\">{\"@context\":\"https:\/\/schema.org\",\"@graph\":[{\"@type\":\"WebPage\",\"@id\":\"https:\/\/www.yoroow.com\/nl\/productdetail\/nieuw-ontwerp-kleurrijke-siliconen-zwarte-mengkraan-360-rotatie-warm-en-koud-aanrecht-dek-gemonteerde-zinken-keukenkraan\/\",\"url\":\"https:\/\/www.yoroow.com\/nl\/productdetail\/nieuw-ontwerp-kleurrijke-siliconen-zwarte-mengkraan-360-rotatie-warm-en-koud-aanrecht-dek-gemonteerde-zinken-keukenkraan\/\",\"name\":\"Colorful Silicon Black New Design Kitchen Faucet 360 Rotation Hot Cold Water Tap Zinc Deck Mounted Sink Faucet Kitchen Faucet - YOROOW\",\"isPartOf\":{\"@id\":\"https:\/\/www.yoroow.com\/nl\/#website\"},\"primaryImageOfPage\":{\"@id\":\"https:\/\/www.yoroow.com\/nl\/productdetail\/nieuw-ontwerp-kleurrijke-siliconen-zwarte-mengkraan-360-rotatie-warm-en-koud-aanrecht-dek-gemonteerde-zinken-keukenkraan\/#primaryimage\"},\"image\":{\"@id\":\"https:\/\/www.yoroow.com\/nl\/productdetail\/nieuw-ontwerp-kleurrijke-siliconen-zwarte-mengkraan-360-rotatie-warm-en-koud-aanrecht-dek-gemonteerde-zinken-keukenkraan\/#primaryimage\"},\"thumbnailUrl\":\"https:\/\/www.yoroow.com\/wp-content\/uploads\/2025\/02\/image-9.png\",\"datePublished\":\"2025-02-21T09:29:12+00:00\",\"dateModified\":\"2025-05-16T01:32:09+00:00\",\"description\":\"Colorful silicon black kitchen faucet with 360-degree rotation, hot and cold water tap. Zinc deck-mounted sink faucet with flexible use. Chinese factory provides cost-effective production, exporting mainly to South American and Southeast Asian markets for modern kitchen renovations.\",\"breadcrumb\":{\"@id\":\"https:\/\/www.yoroow.com\/nl\/productdetail\/nieuw-ontwerp-kleurrijke-siliconen-zwarte-mengkraan-360-rotatie-warm-en-koud-aanrecht-dek-gemonteerde-zinken-keukenkraan\/#breadcrumb\"},\"inLanguage\":\"nl-NL\",\"potentialAction\":[{\"@type\":\"ReadAction\",\"target\":[\"https:\/\/www.yoroow.com\/nl\/productdetail\/nieuw-ontwerp-kleurrijke-siliconen-zwarte-mengkraan-360-rotatie-warm-en-koud-aanrecht-dek-gemonteerde-zinken-keukenkraan\/\"]}]},{\"@type\":\"ImageObject\",\"inLanguage\":\"nl-NL\",\"@id\":\"https:\/\/www.yoroow.com\/nl\/productdetail\/nieuw-ontwerp-kleurrijke-siliconen-zwarte-mengkraan-360-rotatie-warm-en-koud-aanrecht-dek-gemonteerde-zinken-keukenkraan\/#primaryimage\",\"url\":\"https:\/\/www.yoroow.com\/wp-content\/uploads\/2025\/02\/image-9.png\",\"contentUrl\":\"https:\/\/www.yoroow.com\/wp-content\/uploads\/2025\/02\/image-9.png\",\"width\":446,\"height\":448,\"caption\":\"Luxury Style Chrome Zinc Alloy Single-Hole Basin Faucet Mixer Faucet for Kitchen Hot Cold Features\"},{\"@type\":\"BreadcrumbList\",\"@id\":\"https:\/\/www.yoroow.com\/nl\/productdetail\/nieuw-ontwerp-kleurrijke-siliconen-zwarte-mengkraan-360-rotatie-warm-en-koud-aanrecht-dek-gemonteerde-zinken-keukenkraan\/#breadcrumb\",\"itemListElement\":[{\"@type\":\"ListItem\",\"position\":1,\"name\":\"home\",\"item\":\"https:\/\/www.yoroow.com\/\"},{\"@type\":\"ListItem\",\"position\":2,\"name\":\"Product\",\"item\":\"https:\/\/www.yoroow.com\/product\/\"},{\"@type\":\"ListItem\",\"position\":3,\"name\":\"Colorful Silicon Black New Design Kitchen Faucet 360 Rotation Hot Cold Water Tap Zinc Deck Mounted Sink Faucet Kitchen Faucet\"}]},{\"@type\":\"WebSite\",\"@id\":\"https:\/\/www.yoroow.com\/nl\/#website\",\"url\":\"https:\/\/www.yoroow.com\/nl\/\",\"name\":\"YOROOW\",\"description\":\"\",\"publisher\":{\"@id\":\"https:\/\/www.yoroow.com\/nl\/#organization\"},\"potentialAction\":[{\"@type\":\"SearchAction\",\"target\":{\"@type\":\"EntryPoint\",\"urlTemplate\":\"https:\/\/www.yoroow.com\/nl\/?s={search_term_string}\"},\"query-input\":{\"@type\":\"PropertyValueSpecification\",\"valueRequired\":true,\"valueName\":\"search_term_string\"}}],\"inLanguage\":\"nl-NL\"},{\"@type\":\"Organization\",\"@id\":\"https:\/\/www.yoroow.com\/nl\/#organization\",\"name\":\"YOROOW\",\"url\":\"https:\/\/www.yoroow.com\/nl\/\",\"logo\":{\"@type\":\"ImageObject\",\"inLanguage\":\"nl-NL\",\"@id\":\"https:\/\/www.yoroow.com\/nl\/#\/schema\/logo\/image\/\",\"url\":\"https:\/\/www.yoroow.com\/wp-content\/uploads\/2024\/12\/2024123007131061.png\",\"contentUrl\":\"https:\/\/www.yoroow.com\/wp-content\/uploads\/2024\/12\/2024123007131061.png\",\"width\":168,\"height\":27,\"caption\":\"YOROOW\"},\"image\":{\"@id\":\"https:\/\/www.yoroow.com\/nl\/#\/schema\/logo\/image\/\"},\"sameAs\":[\"https:\/\/www.facebook.com\/people\/yoroowfaucetfactory\/61564236752362\/\"]}]}<\/script>\n<!-- \/ Yoast SEO Premium plugin. -->","yoast_head_json":{"title":"Colorful Silicon Black New Design Kitchen Faucet 360 Rotation Hot Cold Water Tap Zinc Deck Mounted Sink Faucet Kitchen Faucet - YOROOW","description":"Colorful silicon black kitchen faucet with 360-degree rotation, hot and cold water tap. Zinc deck-mounted sink faucet with flexible use. Chinese factory provides cost-effective production, exporting mainly to South American and Southeast Asian markets for modern kitchen renovations.","robots":{"index":"index","follow":"follow","max-snippet":"max-snippet:-1","max-image-preview":"max-image-preview:large","max-video-preview":"max-video-preview:-1"},"canonical":"https:\/\/www.yoroow.com\/nl\/productdetail\/nieuw-ontwerp-kleurrijke-siliconen-zwarte-mengkraan-360-rotatie-warm-en-koud-aanrecht-dek-gemonteerde-zinken-keukenkraan\/","og_locale":"nl_NL","og_type":"article","og_title":"Colorful Silicon Black New Design Kitchen Faucet 360 Rotation Hot Cold Water Tap Zinc Deck Mounted Sink Faucet Kitchen Faucet","og_description":"Colorful silicon black kitchen faucet with 360-degree rotation, hot and cold water tap. Zinc deck-mounted sink faucet with flexible use. Chinese factory provides cost-effective production, exporting mainly to South American and Southeast Asian markets for modern kitchen renovations.","og_url":"https:\/\/www.yoroow.com\/nl\/productdetail\/nieuw-ontwerp-kleurrijke-siliconen-zwarte-mengkraan-360-rotatie-warm-en-koud-aanrecht-dek-gemonteerde-zinken-keukenkraan\/","og_site_name":"YOROOW","article_publisher":"https:\/\/www.facebook.com\/people\/yoroowfaucetfactory\/61564236752362\/","article_modified_time":"2025-05-16T01:32:09+00:00","og_image":[{"width":446,"height":448,"url":"https:\/\/www.yoroow.com\/wp-content\/uploads\/2025\/02\/image-9.png","type":"image\/png"}],"twitter_card":"summary_large_image","twitter_misc":{"Geschatte leestijd":"1 minuut"},"schema":{"@context":"https:\/\/schema.org","@graph":[{"@type":"WebPage","@id":"https:\/\/www.yoroow.com\/nl\/productdetail\/nieuw-ontwerp-kleurrijke-siliconen-zwarte-mengkraan-360-rotatie-warm-en-koud-aanrecht-dek-gemonteerde-zinken-keukenkraan\/","url":"https:\/\/www.yoroow.com\/nl\/productdetail\/nieuw-ontwerp-kleurrijke-siliconen-zwarte-mengkraan-360-rotatie-warm-en-koud-aanrecht-dek-gemonteerde-zinken-keukenkraan\/","name":"Colorful Silicon Black New Design Kitchen Faucet 360 Rotation Hot Cold Water Tap Zinc Deck Mounted Sink Faucet Kitchen Faucet - YOROOW","isPartOf":{"@id":"https:\/\/www.yoroow.com\/nl\/#website"},"primaryImageOfPage":{"@id":"https:\/\/www.yoroow.com\/nl\/productdetail\/nieuw-ontwerp-kleurrijke-siliconen-zwarte-mengkraan-360-rotatie-warm-en-koud-aanrecht-dek-gemonteerde-zinken-keukenkraan\/#primaryimage"},"image":{"@id":"https:\/\/www.yoroow.com\/nl\/productdetail\/nieuw-ontwerp-kleurrijke-siliconen-zwarte-mengkraan-360-rotatie-warm-en-koud-aanrecht-dek-gemonteerde-zinken-keukenkraan\/#primaryimage"},"thumbnailUrl":"https:\/\/www.yoroow.com\/wp-content\/uploads\/2025\/02\/image-9.png","datePublished":"2025-02-21T09:29:12+00:00","dateModified":"2025-05-16T01:32:09+00:00","description":"Colorful silicon black kitchen faucet with 360-degree rotation, hot and cold water tap. Zinc deck-mounted sink faucet with flexible use. Chinese factory provides cost-effective production, exporting mainly to South American and Southeast Asian markets for modern kitchen renovations.","breadcrumb":{"@id":"https:\/\/www.yoroow.com\/nl\/productdetail\/nieuw-ontwerp-kleurrijke-siliconen-zwarte-mengkraan-360-rotatie-warm-en-koud-aanrecht-dek-gemonteerde-zinken-keukenkraan\/#breadcrumb"},"inLanguage":"nl-NL","potentialAction":[{"@type":"ReadAction","target":["https:\/\/www.yoroow.com\/nl\/productdetail\/nieuw-ontwerp-kleurrijke-siliconen-zwarte-mengkraan-360-rotatie-warm-en-koud-aanrecht-dek-gemonteerde-zinken-keukenkraan\/"]}]},{"@type":"ImageObject","inLanguage":"nl-NL","@id":"https:\/\/www.yoroow.com\/nl\/productdetail\/nieuw-ontwerp-kleurrijke-siliconen-zwarte-mengkraan-360-rotatie-warm-en-koud-aanrecht-dek-gemonteerde-zinken-keukenkraan\/#primaryimage","url":"https:\/\/www.yoroow.com\/wp-content\/uploads\/2025\/02\/image-9.png","contentUrl":"https:\/\/www.yoroow.com\/wp-content\/uploads\/2025\/02\/image-9.png","width":446,"height":448,"caption":"Luxury Style Chrome Zinc Alloy Single-Hole Basin Faucet Mixer Faucet for Kitchen Hot Cold Features"},{"@type":"BreadcrumbList","@id":"https:\/\/www.yoroow.com\/nl\/productdetail\/nieuw-ontwerp-kleurrijke-siliconen-zwarte-mengkraan-360-rotatie-warm-en-koud-aanrecht-dek-gemonteerde-zinken-keukenkraan\/#breadcrumb","itemListElement":[{"@type":"ListItem","position":1,"name":"home","item":"https:\/\/www.yoroow.com\/"},{"@type":"ListItem","position":2,"name":"Product","item":"https:\/\/www.yoroow.com\/product\/"},{"@type":"ListItem","position":3,"name":"Colorful Silicon Black New Design Kitchen Faucet 360 Rotation Hot Cold Water Tap Zinc Deck Mounted Sink Faucet Kitchen Faucet"}]},{"@type":"WebSite","@id":"https:\/\/www.yoroow.com\/nl\/#website","url":"https:\/\/www.yoroow.com\/nl\/","name":"YOROOW","description":"","publisher":{"@id":"https:\/\/www.yoroow.com\/nl\/#organization"},"potentialAction":[{"@type":"SearchAction","target":{"@type":"EntryPoint","urlTemplate":"https:\/\/www.yoroow.com\/nl\/?s={search_term_string}"},"query-input":{"@type":"PropertyValueSpecification","valueRequired":true,"valueName":"search_term_string"}}],"inLanguage":"nl-NL"},{"@type":"Organization","@id":"https:\/\/www.yoroow.com\/nl\/#organization","name":"YOROOW","url":"https:\/\/www.yoroow.com\/nl\/","logo":{"@type":"ImageObject","inLanguage":"nl-NL","@id":"https:\/\/www.yoroow.com\/nl\/#\/schema\/logo\/image\/","url":"https:\/\/www.yoroow.com\/wp-content\/uploads\/2024\/12\/2024123007131061.png","contentUrl":"https:\/\/www.yoroow.com\/wp-content\/uploads\/2024\/12\/2024123007131061.png","width":168,"height":27,"caption":"YOROOW"},"image":{"@id":"https:\/\/www.yoroow.com\/nl\/#\/schema\/logo\/image\/"},"sameAs":["https:\/\/www.facebook.com\/people\/yoroowfaucetfactory\/61564236752362\/"]}]}},"_links":{"self":[{"href":"https:\/\/www.yoroow.com\/nl\/wp-json\/wp\/v2\/product\/11961","targetHints":{"allow":["GET"]}}],"collection":[{"href":"https:\/\/www.yoroow.com\/nl\/wp-json\/wp\/v2\/product"}],"about":[{"href":"https:\/\/www.yoroow.com\/nl\/wp-json\/wp\/v2\/types\/product"}],"wp:featuredmedia":[{"embeddable":true,"href":"https:\/\/www.yoroow.com\/nl\/wp-json\/wp\/v2\/media\/11964"}],"wp:attachment":[{"href":"https:\/\/www.yoroow.com\/nl\/wp-json\/wp\/v2\/media?parent=11961"}],"wp:term":[{"taxonomy":"product_brand","embeddable":true,"href":"https:\/\/www.yoroow.com\/nl\/wp-json\/wp\/v2\/product_brand?post=11961"},{"taxonomy":"product_cat","embeddable":true,"href":"https:\/\/www.yoroow.com\/nl\/wp-json\/wp\/v2\/product_cat?post=11961"},{"taxonomy":"product_tag","embeddable":true,"href":"https:\/\/www.yoroow.com\/nl\/wp-json\/wp\/v2\/product_tag?post=11961"}],"curies":[{"name":"wp","href":"https:\/\/api.w.org\/{rel}","templated":true}]}}