{"id":10218,"date":"2025-02-14T16:25:24","date_gmt":"2025-02-14T08:25:24","guid":{"rendered":"https:\/\/www.yoroow.com\/?post_type=product&#038;p=10218"},"modified":"2025-05-16T09:21:09","modified_gmt":"2025-05-16T01:21:09","slug":"luxe-gouden-badkamer-wastafel-messing-cartridge-hoge-zink-lichaam-koud-water-kraan-dek-gemonteerd-wastafel-kraan-%e5%a4%8d%e5%88%b6","status":"publish","type":"product","link":"https:\/\/www.yoroow.com\/nl\/productdetail\/luxe-gouden-badkamer-wastafel-messing-cartridge-hoge-zink-lichaam-koud-water-kraan-dek-gemonteerd-wastafel-kraan-%e5%a4%8d%e5%88%b6\/","title":{"rendered":"Moderne gouden \u00e9\u00e9ngats badkamerkraan 304 roestvrij staal \u00e9\u00e9ngreeps wastafel met watervalfunctie voor in de winkel"},"content":{"rendered":"<p>This modern gold single-hole bathroom faucet features a 304 stainless steel body with a single handle for easy temperature control. The waterfall feature adds a touch of elegance to any bathroom, and its tall basin design makes it suitable for commercial applications such as malls. Manufactured in China, this faucet takes advantage of advanced stainless steel technology and efficient production processes, making it an attractive option for export to South America and Southeast Asia, where modern, high-end bathroom fixtures are sought after.<\/p>","protected":false},"excerpt":{"rendered":"<div class=\"woocommerce-product-details__short-description\">\n<table class=\"has-fixed-layout\">\n<tbody>\n<tr>\n<td class=\"wp-block-table__cell-content\">\n<div class=\"block-editor-rich-text__editable rich-text\" role=\"textbox\" contenteditable=\"true\" aria-multiline=\"true\" aria-label=\"Lichaam \u5355\u5143\u683c\u6587\u5b57\"><strong data-rich-text-format-boundary=\"true\">Modelnummer<\/strong><\/div>\n<\/td>\n<td class=\"wp-block-table__cell-content\">9139A<\/td>\n<\/tr>\n<tr>\n<td class=\"wp-block-table__cell-content\">\n<div class=\"block-editor-rich-text__editable rich-text\" role=\"textbox\" contenteditable=\"true\" aria-multiline=\"true\" aria-label=\"Lichaam \u5355\u5143\u683c\u6587\u5b57\"><strong>Stijl<\/strong><\/div>\n<\/td>\n<td class=\"wp-block-table__cell-content\">\n<div class=\"block-editor-rich-text__editable rich-text\" role=\"textbox\" contenteditable=\"true\" aria-multiline=\"true\" aria-label=\"Lichaam \u5355\u5143\u683c\u6587\u5b57\">Modern<\/div>\n<\/td>\n<\/tr>\n<tr>\n<td class=\"wp-block-table__cell-content\">\n<div class=\"block-editor-rich-text__editable rich-text\" role=\"textbox\" contenteditable=\"true\" aria-multiline=\"true\" aria-label=\"Lichaam \u5355\u5143\u683c\u6587\u5b57\"><strong>Materiaal<\/strong><\/div>\n<\/td>\n<td class=\"wp-block-table__cell-content\">\n<div class=\"block-editor-rich-text__editable rich-text\" role=\"textbox\" contenteditable=\"true\" aria-multiline=\"true\" aria-label=\"Lichaam \u5355\u5143\u683c\u6587\u5b57\">Zink<\/div>\n<\/td>\n<\/tr>\n<tr>\n<td class=\"wp-block-table__cell-content\">\n<div class=\"block-editor-rich-text__editable rich-text\" role=\"textbox\" contenteditable=\"true\" aria-multiline=\"true\" aria-label=\"Lichaam \u5355\u5143\u683c\u6587\u5b57\"><strong>Patroon<\/strong><\/div>\n<\/td>\n<td class=\"wp-block-table__cell-content\">\n<div class=\"block-editor-rich-text__editable rich-text\" role=\"textbox\" contenteditable=\"true\" aria-multiline=\"true\" aria-label=\"Lichaam \u5355\u5143\u683c\u6587\u5b57\">Messing patroon<\/div>\n<\/td>\n<\/tr>\n<tr>\n<td class=\"wp-block-table__cell-content\">\n<div class=\"block-editor-rich-text__editable rich-text\" role=\"textbox\" contenteditable=\"true\" aria-multiline=\"true\" aria-label=\"Lichaam \u5355\u5143\u683c\u6587\u5b57\"><strong>Oppervlaktebehandeling<\/strong><\/div>\n<\/td>\n<td class=\"wp-block-table__cell-content\">\n<div class=\"block-editor-rich-text__editable rich-text\" role=\"textbox\" contenteditable=\"true\" aria-multiline=\"true\" aria-label=\"Lichaam \u5355\u5143\u683c\u6587\u5b57\">Chroom<\/div>\n<\/td>\n<\/tr>\n<tr>\n<td class=\"wp-block-table__cell-content\">\n<div class=\"block-editor-rich-text__editable rich-text\" role=\"textbox\" contenteditable=\"true\" aria-multiline=\"true\" aria-label=\"Lichaam \u5355\u5143\u683c\u6587\u5b57\"><strong>Soorten uitlopen<\/strong><\/div>\n<\/td>\n<td class=\"wp-block-table__cell-content\">\n<div class=\"block-editor-rich-text__editable rich-text\" role=\"textbox\" contenteditable=\"true\" aria-multiline=\"true\" aria-label=\"Lichaam \u5355\u5143\u683c\u6587\u5b57\">Standaard<\/div>\n<\/td>\n<\/tr>\n<tr>\n<td class=\"wp-block-table__cell-content\">\n<div class=\"block-editor-rich-text__editable rich-text\" role=\"textbox\" contenteditable=\"true\" aria-multiline=\"true\" aria-label=\"Lichaam \u5355\u5143\u683c\u6587\u5b57\"><strong>gewicht<\/strong><\/div>\n<\/td>\n<td class=\"wp-block-table__cell-content\">\n<div class=\"block-editor-rich-text__editable rich-text\" role=\"textbox\" contenteditable=\"true\" aria-multiline=\"true\" aria-label=\"Lichaam \u5355\u5143\u683c\u6587\u5b57\">\u00a0<\/div>\n<\/td>\n<\/tr>\n<tr>\n<td class=\"wp-block-table__cell-content\">\n<div class=\"block-editor-rich-text__editable rich-text\" role=\"textbox\" contenteditable=\"true\" aria-multiline=\"true\" aria-label=\"Lichaam \u5355\u5143\u683c\u6587\u5b57\"><strong>Aantal gaten voor installatie<\/strong><\/div>\n<\/td>\n<td class=\"wp-block-table__cell-content\">\n<div class=\"block-editor-rich-text__editable rich-text\" role=\"textbox\" contenteditable=\"true\" aria-multiline=\"true\" aria-label=\"Lichaam \u5355\u5143\u683c\u6587\u5b57\">Enkel gat<\/div>\n<\/td>\n<\/tr>\n<tr>\n<td class=\"wp-block-table__cell-content\">\n<div class=\"block-editor-rich-text__editable rich-text\" role=\"textbox\" contenteditable=\"true\" aria-multiline=\"true\" aria-label=\"Lichaam \u5355\u5143\u683c\u6587\u5b57\"><strong>Aantal handgrepen<\/strong><\/div>\n<\/td>\n<td class=\"wp-block-table__cell-content\">\n<div class=\"block-editor-rich-text__editable rich-text\" role=\"textbox\" contenteditable=\"true\" aria-multiline=\"true\" aria-label=\"Lichaam \u5355\u5143\u683c\u6587\u5b57\">enkele handgreep<\/div>\n<\/td>\n<\/tr>\n<tr>\n<td class=\"wp-block-table__cell-content\">\n<div class=\"block-editor-rich-text__editable rich-text\" role=\"textbox\" contenteditable=\"true\" aria-multiline=\"true\" aria-label=\"Lichaam \u5355\u5143\u683c\u6587\u5b57\"><strong>Type installatie<\/strong><\/div>\n<\/td>\n<td class=\"wp-block-table__cell-content\">\n<div class=\"block-editor-rich-text__editable rich-text\" role=\"textbox\" contenteditable=\"true\" aria-multiline=\"true\" aria-label=\"Lichaam \u5355\u5143\u683c\u6587\u5b57\">Dekmontage<\/div>\n<\/td>\n<\/tr>\n<tr>\n<td class=\"wp-block-table__cell-content\">\n<div class=\"block-editor-rich-text__editable rich-text\" role=\"textbox\" contenteditable=\"true\" aria-multiline=\"true\" aria-label=\"Lichaam \u5355\u5143\u683c\u6587\u5b57\"><strong>InsCartridge Levensduur<\/strong><\/div>\n<\/td>\n<td class=\"wp-block-table__cell-content\">\n<div class=\"block-editor-rich-text__editable rich-text\" role=\"textbox\" contenteditable=\"true\" aria-multiline=\"true\" aria-label=\"Lichaam \u5355\u5143\u683c\u6587\u5b57\">500000 Tijden Openingstallatie types<\/div>\n<\/td>\n<\/tr>\n<tr>\n<td class=\"wp-block-table__cell-content\">\n<div class=\"block-editor-rich-text__editable rich-text\" role=\"textbox\" contenteditable=\"true\" aria-multiline=\"true\" aria-label=\"Lichaam \u5355\u5143\u683c\u6587\u5b57\"><strong>Garantie<\/strong><\/div>\n<\/td>\n<td class=\"wp-block-table__cell-content\">\n<div class=\"block-editor-rich-text__editable rich-text\" role=\"textbox\" contenteditable=\"true\" aria-multiline=\"true\" aria-label=\"Lichaam \u5355\u5143\u683c\u6587\u5b57\">5 jaar kwaliteitsgarantie<\/div>\n<\/td>\n<\/tr>\n<tr>\n<td class=\"wp-block-table__cell-content\">\n<div class=\"block-editor-rich-text__editable rich-text\" role=\"textbox\" contenteditable=\"true\" aria-multiline=\"true\" aria-label=\"Lichaam \u5355\u5143\u683c\u6587\u5b57\"><strong>Waterdruk<\/strong><\/div>\n<\/td>\n<td class=\"wp-block-table__cell-content\">\n<div class=\"block-editor-rich-text__editable rich-text\" role=\"textbox\" contenteditable=\"true\" aria-multiline=\"true\" aria-label=\"Lichaam \u5355\u5143\u683c\u6587\u5b57\">0,05-0,8mpa<\/div>\n<\/td>\n<\/tr>\n<tr>\n<td class=\"wp-block-table__cell-content\">\n<div class=\"block-editor-rich-text__editable rich-text\" role=\"textbox\" contenteditable=\"true\" aria-multiline=\"true\" aria-label=\"Lichaam \u5355\u5143\u683c\u6587\u5b57\"><strong>Werktemperatuur<\/strong><\/div>\n<\/td>\n<td class=\"wp-block-table__cell-content\">\n<div class=\"block-editor-rich-text__editable rich-text\" role=\"textbox\" contenteditable=\"true\" aria-multiline=\"true\" aria-label=\"Lichaam \u5355\u5143\u683c\u6587\u5b57\">5-99\u2103<\/div>\n<\/td>\n<\/tr>\n<\/tbody>\n<\/table>\n<p>\u00a0<\/p><\/div>\n<div class=\"product_meta\">\u00a0<\/div>\n<div class=\"wp-block-kadence-advancedbtn kb-buttons-wrap kb-btns1303_b530bc-a6\">\u00a0<\/div>","protected":false},"featured_media":10223,"template":"","meta":{"_acf_changed":false,"_kad_post_transparent":"default","_kad_post_title":"","_kad_post_layout":"default","_kad_post_sidebar_id":"","_kad_post_content_style":"default","_kad_post_vertical_padding":"default","_kad_post_feature":"","_kad_post_feature_position":"","_kad_post_header":false,"_kad_post_footer":false},"product_brand":[],"product_cat":[219],"product_tag":[3395,3383],"class_list":{"0":"post-10218","1":"product","2":"type-product","3":"status-publish","4":"has-post-thumbnail","6":"product_cat-single-cold-basin-faucet","7":"product_tag-bathroom-faucets-waterfall-face-basin-faucet","8":"product_tag-tall-basin-faucet-gold","10":"first","11":"instock","12":"shipping-taxable","13":"purchasable","14":"product-type-variable","15":"wvs-archive-product-wrapper","16":"entry","17":"content-bg","18":"loop-entry"},"acf":[],"yoast_head":"<!-- This site is optimized with the Yoast SEO Premium plugin v25.4 (Yoast SEO v27.0) - https:\/\/yoast.com\/product\/yoast-seo-premium-wordpress\/ -->\n<title>Modern Gold Single-Hole Bathroom Faucet 304 Stainless Steel Single Handle Tall Basin Design with Waterfall Feature for Mall Use - YOROOW<\/title>\n<meta name=\"description\" content=\"Modern gold single-hole bathroom faucet made of 304 stainless steel. Single handle tall basin design with waterfall feature. Suitable for malls. Chinese factory exports target South American and Southeast Asian premium markets.\" \/>\n<meta name=\"robots\" content=\"index, follow, max-snippet:-1, max-image-preview:large, max-video-preview:-1\" \/>\n<link rel=\"canonical\" href=\"https:\/\/www.yoroow.com\/nl\/productdetail\/luxe-gouden-badkamer-wastafel-messing-cartridge-hoge-zink-lichaam-koud-water-kraan-dek-gemonteerd-wastafel-kraan-\u590d\u5236\/\" \/>\n<meta property=\"og:locale\" content=\"nl_NL\" \/>\n<meta property=\"og:type\" content=\"article\" \/>\n<meta property=\"og:title\" content=\"Modern Gold Single-Hole Bathroom Faucet 304 Stainless Steel Single Handle Tall Basin Design with Waterfall Feature for Mall Use\" \/>\n<meta property=\"og:description\" content=\"Modern gold single-hole bathroom faucet made of 304 stainless steel. Single handle tall basin design with waterfall feature. Suitable for malls. Chinese factory exports target South American and Southeast Asian premium markets.\" \/>\n<meta property=\"og:url\" content=\"https:\/\/www.yoroow.com\/nl\/productdetail\/luxe-gouden-badkamer-wastafel-messing-cartridge-hoge-zink-lichaam-koud-water-kraan-dek-gemonteerd-wastafel-kraan-\u590d\u5236\/\" \/>\n<meta property=\"og:site_name\" content=\"YOROOW\" \/>\n<meta property=\"article:publisher\" content=\"https:\/\/www.facebook.com\/people\/yoroowfaucetfactory\/61564236752362\/\" \/>\n<meta property=\"article:modified_time\" content=\"2025-05-16T01:21:09+00:00\" \/>\n<meta property=\"og:image\" content=\"https:\/\/www.yoroow.com\/wp-content\/uploads\/2025\/02\/\u5fae\u4fe1\u56fe\u7247_20240709134802.jpg\" \/>\n\t<meta property=\"og:image:width\" content=\"639\" \/>\n\t<meta property=\"og:image:height\" content=\"639\" \/>\n\t<meta property=\"og:image:type\" content=\"image\/jpeg\" \/>\n<meta name=\"twitter:card\" content=\"summary_large_image\" \/>\n<meta name=\"twitter:label1\" content=\"Geschatte leestijd\" \/>\n\t<meta name=\"twitter:data1\" content=\"2 minuten\" \/>\n<script type=\"application\/ld+json\" class=\"yoast-schema-graph\">{\"@context\":\"https:\/\/schema.org\",\"@graph\":[{\"@type\":\"WebPage\",\"@id\":\"https:\/\/www.yoroow.com\/nl\/productdetail\/luxe-gouden-badkamer-wastafel-messing-cartridge-hoge-zink-lichaam-koud-water-kraan-dek-gemonteerd-wastafel-kraan-%e5%a4%8d%e5%88%b6\/\",\"url\":\"https:\/\/www.yoroow.com\/nl\/productdetail\/luxe-gouden-badkamer-wastafel-messing-cartridge-hoge-zink-lichaam-koud-water-kraan-dek-gemonteerd-wastafel-kraan-%e5%a4%8d%e5%88%b6\/\",\"name\":\"Modern Gold Single-Hole Bathroom Faucet 304 Stainless Steel Single Handle Tall Basin Design with Waterfall Feature for Mall Use - YOROOW\",\"isPartOf\":{\"@id\":\"https:\/\/www.yoroow.com\/nl\/#website\"},\"primaryImageOfPage\":{\"@id\":\"https:\/\/www.yoroow.com\/nl\/productdetail\/luxe-gouden-badkamer-wastafel-messing-cartridge-hoge-zink-lichaam-koud-water-kraan-dek-gemonteerd-wastafel-kraan-%e5%a4%8d%e5%88%b6\/#primaryimage\"},\"image\":{\"@id\":\"https:\/\/www.yoroow.com\/nl\/productdetail\/luxe-gouden-badkamer-wastafel-messing-cartridge-hoge-zink-lichaam-koud-water-kraan-dek-gemonteerd-wastafel-kraan-%e5%a4%8d%e5%88%b6\/#primaryimage\"},\"thumbnailUrl\":\"https:\/\/www.yoroow.com\/wp-content\/uploads\/2025\/02\/\u5fae\u4fe1\u56fe\u7247_20240709134802.jpg\",\"datePublished\":\"2025-02-14T08:25:24+00:00\",\"dateModified\":\"2025-05-16T01:21:09+00:00\",\"description\":\"Modern gold single-hole bathroom faucet made of 304 stainless steel. Single handle tall basin design with waterfall feature. Suitable for malls. Chinese factory exports target South American and Southeast Asian premium markets.\",\"breadcrumb\":{\"@id\":\"https:\/\/www.yoroow.com\/nl\/productdetail\/luxe-gouden-badkamer-wastafel-messing-cartridge-hoge-zink-lichaam-koud-water-kraan-dek-gemonteerd-wastafel-kraan-%e5%a4%8d%e5%88%b6\/#breadcrumb\"},\"inLanguage\":\"nl-NL\",\"potentialAction\":[{\"@type\":\"ReadAction\",\"target\":[\"https:\/\/www.yoroow.com\/nl\/productdetail\/luxe-gouden-badkamer-wastafel-messing-cartridge-hoge-zink-lichaam-koud-water-kraan-dek-gemonteerd-wastafel-kraan-%e5%a4%8d%e5%88%b6\/\"]}]},{\"@type\":\"ImageObject\",\"inLanguage\":\"nl-NL\",\"@id\":\"https:\/\/www.yoroow.com\/nl\/productdetail\/luxe-gouden-badkamer-wastafel-messing-cartridge-hoge-zink-lichaam-koud-water-kraan-dek-gemonteerd-wastafel-kraan-%e5%a4%8d%e5%88%b6\/#primaryimage\",\"url\":\"https:\/\/www.yoroow.com\/wp-content\/uploads\/2025\/02\/\u5fae\u4fe1\u56fe\u7247_20240709134802.jpg\",\"contentUrl\":\"https:\/\/www.yoroow.com\/wp-content\/uploads\/2025\/02\/\u5fae\u4fe1\u56fe\u7247_20240709134802.jpg\",\"width\":639,\"height\":639,\"caption\":\"Modern Gold Single-Hole Bathroom Faucet 304 Stainless Steel Single Handle Tall Basin Design with Waterfall Feature for Mall Use\"},{\"@type\":\"BreadcrumbList\",\"@id\":\"https:\/\/www.yoroow.com\/nl\/productdetail\/luxe-gouden-badkamer-wastafel-messing-cartridge-hoge-zink-lichaam-koud-water-kraan-dek-gemonteerd-wastafel-kraan-%e5%a4%8d%e5%88%b6\/#breadcrumb\",\"itemListElement\":[{\"@type\":\"ListItem\",\"position\":1,\"name\":\"home\",\"item\":\"https:\/\/www.yoroow.com\/\"},{\"@type\":\"ListItem\",\"position\":2,\"name\":\"Product\",\"item\":\"https:\/\/www.yoroow.com\/product\/\"},{\"@type\":\"ListItem\",\"position\":3,\"name\":\"Modern Gold Single-Hole Bathroom Faucet 304 Stainless Steel Single Handle Tall Basin Design with Waterfall Feature for Mall Use\"}]},{\"@type\":\"WebSite\",\"@id\":\"https:\/\/www.yoroow.com\/nl\/#website\",\"url\":\"https:\/\/www.yoroow.com\/nl\/\",\"name\":\"YOROOW\",\"description\":\"\",\"publisher\":{\"@id\":\"https:\/\/www.yoroow.com\/nl\/#organization\"},\"potentialAction\":[{\"@type\":\"SearchAction\",\"target\":{\"@type\":\"EntryPoint\",\"urlTemplate\":\"https:\/\/www.yoroow.com\/nl\/?s={search_term_string}\"},\"query-input\":{\"@type\":\"PropertyValueSpecification\",\"valueRequired\":true,\"valueName\":\"search_term_string\"}}],\"inLanguage\":\"nl-NL\"},{\"@type\":\"Organization\",\"@id\":\"https:\/\/www.yoroow.com\/nl\/#organization\",\"name\":\"YOROOW\",\"url\":\"https:\/\/www.yoroow.com\/nl\/\",\"logo\":{\"@type\":\"ImageObject\",\"inLanguage\":\"nl-NL\",\"@id\":\"https:\/\/www.yoroow.com\/nl\/#\/schema\/logo\/image\/\",\"url\":\"https:\/\/www.yoroow.com\/wp-content\/uploads\/2024\/12\/2024123007131061.png\",\"contentUrl\":\"https:\/\/www.yoroow.com\/wp-content\/uploads\/2024\/12\/2024123007131061.png\",\"width\":168,\"height\":27,\"caption\":\"YOROOW\"},\"image\":{\"@id\":\"https:\/\/www.yoroow.com\/nl\/#\/schema\/logo\/image\/\"},\"sameAs\":[\"https:\/\/www.facebook.com\/people\/yoroowfaucetfactory\/61564236752362\/\"]}]}<\/script>\n<!-- \/ Yoast SEO Premium plugin. -->","yoast_head_json":{"title":"Modern Gold Single-Hole Bathroom Faucet 304 Stainless Steel Single Handle Tall Basin Design with Waterfall Feature for Mall Use - YOROOW","description":"Modern gold single-hole bathroom faucet made of 304 stainless steel. Single handle tall basin design with waterfall feature. Suitable for malls. Chinese factory exports target South American and Southeast Asian premium markets.","robots":{"index":"index","follow":"follow","max-snippet":"max-snippet:-1","max-image-preview":"max-image-preview:large","max-video-preview":"max-video-preview:-1"},"canonical":"https:\/\/www.yoroow.com\/nl\/productdetail\/luxe-gouden-badkamer-wastafel-messing-cartridge-hoge-zink-lichaam-koud-water-kraan-dek-gemonteerd-wastafel-kraan-\u590d\u5236\/","og_locale":"nl_NL","og_type":"article","og_title":"Modern Gold Single-Hole Bathroom Faucet 304 Stainless Steel Single Handle Tall Basin Design with Waterfall Feature for Mall Use","og_description":"Modern gold single-hole bathroom faucet made of 304 stainless steel. Single handle tall basin design with waterfall feature. Suitable for malls. Chinese factory exports target South American and Southeast Asian premium markets.","og_url":"https:\/\/www.yoroow.com\/nl\/productdetail\/luxe-gouden-badkamer-wastafel-messing-cartridge-hoge-zink-lichaam-koud-water-kraan-dek-gemonteerd-wastafel-kraan-\u590d\u5236\/","og_site_name":"YOROOW","article_publisher":"https:\/\/www.facebook.com\/people\/yoroowfaucetfactory\/61564236752362\/","article_modified_time":"2025-05-16T01:21:09+00:00","og_image":[{"width":639,"height":639,"url":"https:\/\/www.yoroow.com\/wp-content\/uploads\/2025\/02\/\u5fae\u4fe1\u56fe\u7247_20240709134802.jpg","type":"image\/jpeg"}],"twitter_card":"summary_large_image","twitter_misc":{"Geschatte leestijd":"2 minuten"},"schema":{"@context":"https:\/\/schema.org","@graph":[{"@type":"WebPage","@id":"https:\/\/www.yoroow.com\/nl\/productdetail\/luxe-gouden-badkamer-wastafel-messing-cartridge-hoge-zink-lichaam-koud-water-kraan-dek-gemonteerd-wastafel-kraan-%e5%a4%8d%e5%88%b6\/","url":"https:\/\/www.yoroow.com\/nl\/productdetail\/luxe-gouden-badkamer-wastafel-messing-cartridge-hoge-zink-lichaam-koud-water-kraan-dek-gemonteerd-wastafel-kraan-%e5%a4%8d%e5%88%b6\/","name":"Modern Gold Single-Hole Bathroom Faucet 304 Stainless Steel Single Handle Tall Basin Design with Waterfall Feature for Mall Use - YOROOW","isPartOf":{"@id":"https:\/\/www.yoroow.com\/nl\/#website"},"primaryImageOfPage":{"@id":"https:\/\/www.yoroow.com\/nl\/productdetail\/luxe-gouden-badkamer-wastafel-messing-cartridge-hoge-zink-lichaam-koud-water-kraan-dek-gemonteerd-wastafel-kraan-%e5%a4%8d%e5%88%b6\/#primaryimage"},"image":{"@id":"https:\/\/www.yoroow.com\/nl\/productdetail\/luxe-gouden-badkamer-wastafel-messing-cartridge-hoge-zink-lichaam-koud-water-kraan-dek-gemonteerd-wastafel-kraan-%e5%a4%8d%e5%88%b6\/#primaryimage"},"thumbnailUrl":"https:\/\/www.yoroow.com\/wp-content\/uploads\/2025\/02\/\u5fae\u4fe1\u56fe\u7247_20240709134802.jpg","datePublished":"2025-02-14T08:25:24+00:00","dateModified":"2025-05-16T01:21:09+00:00","description":"Modern gold single-hole bathroom faucet made of 304 stainless steel. Single handle tall basin design with waterfall feature. Suitable for malls. Chinese factory exports target South American and Southeast Asian premium markets.","breadcrumb":{"@id":"https:\/\/www.yoroow.com\/nl\/productdetail\/luxe-gouden-badkamer-wastafel-messing-cartridge-hoge-zink-lichaam-koud-water-kraan-dek-gemonteerd-wastafel-kraan-%e5%a4%8d%e5%88%b6\/#breadcrumb"},"inLanguage":"nl-NL","potentialAction":[{"@type":"ReadAction","target":["https:\/\/www.yoroow.com\/nl\/productdetail\/luxe-gouden-badkamer-wastafel-messing-cartridge-hoge-zink-lichaam-koud-water-kraan-dek-gemonteerd-wastafel-kraan-%e5%a4%8d%e5%88%b6\/"]}]},{"@type":"ImageObject","inLanguage":"nl-NL","@id":"https:\/\/www.yoroow.com\/nl\/productdetail\/luxe-gouden-badkamer-wastafel-messing-cartridge-hoge-zink-lichaam-koud-water-kraan-dek-gemonteerd-wastafel-kraan-%e5%a4%8d%e5%88%b6\/#primaryimage","url":"https:\/\/www.yoroow.com\/wp-content\/uploads\/2025\/02\/\u5fae\u4fe1\u56fe\u7247_20240709134802.jpg","contentUrl":"https:\/\/www.yoroow.com\/wp-content\/uploads\/2025\/02\/\u5fae\u4fe1\u56fe\u7247_20240709134802.jpg","width":639,"height":639,"caption":"Modern Gold Single-Hole Bathroom Faucet 304 Stainless Steel Single Handle Tall Basin Design with Waterfall Feature for Mall Use"},{"@type":"BreadcrumbList","@id":"https:\/\/www.yoroow.com\/nl\/productdetail\/luxe-gouden-badkamer-wastafel-messing-cartridge-hoge-zink-lichaam-koud-water-kraan-dek-gemonteerd-wastafel-kraan-%e5%a4%8d%e5%88%b6\/#breadcrumb","itemListElement":[{"@type":"ListItem","position":1,"name":"home","item":"https:\/\/www.yoroow.com\/"},{"@type":"ListItem","position":2,"name":"Product","item":"https:\/\/www.yoroow.com\/product\/"},{"@type":"ListItem","position":3,"name":"Modern Gold Single-Hole Bathroom Faucet 304 Stainless Steel Single Handle Tall Basin Design with Waterfall Feature for Mall Use"}]},{"@type":"WebSite","@id":"https:\/\/www.yoroow.com\/nl\/#website","url":"https:\/\/www.yoroow.com\/nl\/","name":"YOROOW","description":"","publisher":{"@id":"https:\/\/www.yoroow.com\/nl\/#organization"},"potentialAction":[{"@type":"SearchAction","target":{"@type":"EntryPoint","urlTemplate":"https:\/\/www.yoroow.com\/nl\/?s={search_term_string}"},"query-input":{"@type":"PropertyValueSpecification","valueRequired":true,"valueName":"search_term_string"}}],"inLanguage":"nl-NL"},{"@type":"Organization","@id":"https:\/\/www.yoroow.com\/nl\/#organization","name":"YOROOW","url":"https:\/\/www.yoroow.com\/nl\/","logo":{"@type":"ImageObject","inLanguage":"nl-NL","@id":"https:\/\/www.yoroow.com\/nl\/#\/schema\/logo\/image\/","url":"https:\/\/www.yoroow.com\/wp-content\/uploads\/2024\/12\/2024123007131061.png","contentUrl":"https:\/\/www.yoroow.com\/wp-content\/uploads\/2024\/12\/2024123007131061.png","width":168,"height":27,"caption":"YOROOW"},"image":{"@id":"https:\/\/www.yoroow.com\/nl\/#\/schema\/logo\/image\/"},"sameAs":["https:\/\/www.facebook.com\/people\/yoroowfaucetfactory\/61564236752362\/"]}]}},"_links":{"self":[{"href":"https:\/\/www.yoroow.com\/nl\/wp-json\/wp\/v2\/product\/10218","targetHints":{"allow":["GET"]}}],"collection":[{"href":"https:\/\/www.yoroow.com\/nl\/wp-json\/wp\/v2\/product"}],"about":[{"href":"https:\/\/www.yoroow.com\/nl\/wp-json\/wp\/v2\/types\/product"}],"wp:featuredmedia":[{"embeddable":true,"href":"https:\/\/www.yoroow.com\/nl\/wp-json\/wp\/v2\/media\/10223"}],"wp:attachment":[{"href":"https:\/\/www.yoroow.com\/nl\/wp-json\/wp\/v2\/media?parent=10218"}],"wp:term":[{"taxonomy":"product_brand","embeddable":true,"href":"https:\/\/www.yoroow.com\/nl\/wp-json\/wp\/v2\/product_brand?post=10218"},{"taxonomy":"product_cat","embeddable":true,"href":"https:\/\/www.yoroow.com\/nl\/wp-json\/wp\/v2\/product_cat?post=10218"},{"taxonomy":"product_tag","embeddable":true,"href":"https:\/\/www.yoroow.com\/nl\/wp-json\/wp\/v2\/product_tag?post=10218"}],"curies":[{"name":"wp","href":"https:\/\/api.w.org\/{rel}","templated":true}]}}