{"id":9358,"date":"2025-01-23T17:17:41","date_gmt":"2025-01-23T09:17:41","guid":{"rendered":"https:\/\/www.yoroow.com\/?post_type=product&#038;p=9358"},"modified":"2025-05-16T09:17:44","modified_gmt":"2025-05-16T01:17:44","slug":"prezzo-allingrosso-304-rubinetto-del-barile-di-vino-dellacciaio-inossidabile-per-il-rubinetto-della-bottiglia-di-vino-della-bolla-di-vetro-della-birra-di-acqua-bollente-del-succo-della-bevanda","status":"publish","type":"product","link":"https:\/\/www.yoroow.com\/it\/dettaglio-prodotto\/prezzo-allingrosso-304-rubinetto-del-barile-di-vino-dellacciaio-inossidabile-per-il-rubinetto-della-bottiglia-di-vino-della-bolla-di-vetro-della-birra-di-acqua-bollente-del-succo-della-bevanda\/","title":{"rendered":"Commercio all'ingrosso 304 in acciaio inox birra Keg Tap Dispenser Vino barile rubinetto per bevande acqua bollente vetro per birra vino rubinetto"},"content":{"rendered":"<p>Progettato per l'erogazione di bevande come birra, vino e acqua bollente, questo rubinetto \u00e8 realizzato in acciaio inox 304, per garantire igiene e durata. Il suo design facile da usare si adatta sia all'uso commerciale che a quello domestico. I produttori cinesi forniscono questi dispenser a prezzi all'ingrosso, mantenendo elevati standard di qualit\u00e0. La versatilit\u00e0 e l'economicit\u00e0 del prodotto lo rendono popolare nei mercati delle bevande del Sud America e del Sud-Est asiatico.<\/p>","protected":false},"excerpt":{"rendered":"<p>Progettato per l'erogazione di bevande come birra, vino e acqua bollente, questo rubinetto \u00e8 realizzato in acciaio inox 304, per garantire igiene e durata. Il suo design facile da usare si adatta sia all'uso commerciale che a quello domestico. I produttori cinesi forniscono questi dispenser a prezzi all'ingrosso, mantenendo elevati standard di qualit\u00e0. La versatilit\u00e0 e l'economicit\u00e0 del prodotto lo rendono popolare nel Sud...<\/p>","protected":false},"featured_media":9363,"template":"","meta":{"_acf_changed":false,"_kad_post_transparent":"default","_kad_post_title":"","_kad_post_layout":"default","_kad_post_sidebar_id":"","_kad_post_content_style":"default","_kad_post_vertical_padding":"default","_kad_post_feature":"","_kad_post_feature_position":"","_kad_post_header":false,"_kad_post_footer":false},"product_brand":[],"product_cat":[151],"product_tag":[6708,6723],"class_list":{"0":"post-9358","1":"product","2":"type-product","3":"status-publish","4":"has-post-thumbnail","6":"product_cat-beer-tap","7":"product_tag-beer-keg-tap","8":"product_tag-beer-tap-dispenser","10":"first","11":"instock","12":"shipping-taxable","13":"purchasable","14":"product-type-variable","15":"wvs-archive-product-wrapper","16":"entry","17":"content-bg","18":"loop-entry"},"acf":[],"yoast_head":"<!-- This site is optimized with the Yoast SEO Premium plugin v25.4 (Yoast SEO v27.0) - https:\/\/yoast.com\/product\/yoast-seo-premium-wordpress\/ -->\n<title>Wholesale 304 Stainless Steel Beer Keg Tap Dispenser Wine Barrel Faucet for Beverage Boiling Water Glass for Beer Wine Faucet - YOROOW<\/title>\n<meta name=\"description\" content=\"Wholesale 304 stainless steel beer keg tap dispenser for wine and beer barrels. Durable and suitable for beverage and boiling water dispensing. Factory direct exports target South America and Southeast Asia markets.\" \/>\n<meta name=\"robots\" content=\"index, follow, max-snippet:-1, max-image-preview:large, max-video-preview:-1\" \/>\n<link rel=\"canonical\" href=\"https:\/\/www.yoroow.com\/it\/dettaglio-prodotto\/prezzo-allingrosso-304-rubinetto-del-barile-di-vino-dellacciaio-inossidabile-per-il-rubinetto-della-bottiglia-di-vino-della-bolla-di-vetro-della-birra-di-acqua-bollente-del-succo-della-bevanda\/\" \/>\n<meta property=\"og:locale\" content=\"it_IT\" \/>\n<meta property=\"og:type\" content=\"article\" \/>\n<meta property=\"og:title\" content=\"Wholesale 304 Stainless Steel Beer Keg Tap Dispenser Wine Barrel Faucet for Beverage Boiling Water Glass for Beer Wine Faucet\" \/>\n<meta property=\"og:description\" content=\"Wholesale 304 stainless steel beer keg tap dispenser for wine and beer barrels. Durable and suitable for beverage and boiling water dispensing. Factory direct exports target South America and Southeast Asia markets.\" \/>\n<meta property=\"og:url\" content=\"https:\/\/www.yoroow.com\/it\/dettaglio-prodotto\/prezzo-allingrosso-304-rubinetto-del-barile-di-vino-dellacciaio-inossidabile-per-il-rubinetto-della-bottiglia-di-vino-della-bolla-di-vetro-della-birra-di-acqua-bollente-del-succo-della-bevanda\/\" \/>\n<meta property=\"og:site_name\" content=\"YOROOW\" \/>\n<meta property=\"article:publisher\" content=\"https:\/\/www.facebook.com\/people\/yoroowfaucetfactory\/61564236752362\/\" \/>\n<meta property=\"article:modified_time\" content=\"2025-05-16T01:17:44+00:00\" \/>\n<meta property=\"og:image\" content=\"https:\/\/www.yoroow.com\/wp-content\/uploads\/2025\/01\/\u4e3b\u56fe_1-30.jpg\" \/>\n\t<meta property=\"og:image:width\" content=\"1080\" \/>\n\t<meta property=\"og:image:height\" content=\"1080\" \/>\n\t<meta property=\"og:image:type\" content=\"image\/jpeg\" \/>\n<meta name=\"twitter:card\" content=\"summary_large_image\" \/>\n<meta name=\"twitter:label1\" content=\"Tempo di lettura stimato\" \/>\n\t<meta name=\"twitter:data1\" content=\"1 minuto\" \/>\n<script type=\"application\/ld+json\" class=\"yoast-schema-graph\">{\"@context\":\"https:\/\/schema.org\",\"@graph\":[{\"@type\":\"WebPage\",\"@id\":\"https:\/\/www.yoroow.com\/it\/dettaglio-prodotto\/prezzo-allingrosso-304-rubinetto-del-barile-di-vino-dellacciaio-inossidabile-per-il-rubinetto-della-bottiglia-di-vino-della-bolla-di-vetro-della-birra-di-acqua-bollente-del-succo-della-bevanda\/\",\"url\":\"https:\/\/www.yoroow.com\/it\/dettaglio-prodotto\/prezzo-allingrosso-304-rubinetto-del-barile-di-vino-dellacciaio-inossidabile-per-il-rubinetto-della-bottiglia-di-vino-della-bolla-di-vetro-della-birra-di-acqua-bollente-del-succo-della-bevanda\/\",\"name\":\"Wholesale 304 Stainless Steel Beer Keg Tap Dispenser Wine Barrel Faucet for Beverage Boiling Water Glass for Beer Wine Faucet - YOROOW\",\"isPartOf\":{\"@id\":\"https:\/\/www.yoroow.com\/it\/#website\"},\"primaryImageOfPage\":{\"@id\":\"https:\/\/www.yoroow.com\/it\/dettaglio-prodotto\/prezzo-allingrosso-304-rubinetto-del-barile-di-vino-dellacciaio-inossidabile-per-il-rubinetto-della-bottiglia-di-vino-della-bolla-di-vetro-della-birra-di-acqua-bollente-del-succo-della-bevanda\/#primaryimage\"},\"image\":{\"@id\":\"https:\/\/www.yoroow.com\/it\/dettaglio-prodotto\/prezzo-allingrosso-304-rubinetto-del-barile-di-vino-dellacciaio-inossidabile-per-il-rubinetto-della-bottiglia-di-vino-della-bolla-di-vetro-della-birra-di-acqua-bollente-del-succo-della-bevanda\/#primaryimage\"},\"thumbnailUrl\":\"https:\/\/www.yoroow.com\/wp-content\/uploads\/2025\/01\/\u4e3b\u56fe_1-30.jpg\",\"datePublished\":\"2025-01-23T09:17:41+00:00\",\"dateModified\":\"2025-05-16T01:17:44+00:00\",\"description\":\"Wholesale 304 stainless steel beer keg tap dispenser for wine and beer barrels. Durable and suitable for beverage and boiling water dispensing. Factory direct exports target South America and Southeast Asia markets.\",\"breadcrumb\":{\"@id\":\"https:\/\/www.yoroow.com\/it\/dettaglio-prodotto\/prezzo-allingrosso-304-rubinetto-del-barile-di-vino-dellacciaio-inossidabile-per-il-rubinetto-della-bottiglia-di-vino-della-bolla-di-vetro-della-birra-di-acqua-bollente-del-succo-della-bevanda\/#breadcrumb\"},\"inLanguage\":\"it-IT\",\"potentialAction\":[{\"@type\":\"ReadAction\",\"target\":[\"https:\/\/www.yoroow.com\/it\/dettaglio-prodotto\/prezzo-allingrosso-304-rubinetto-del-barile-di-vino-dellacciaio-inossidabile-per-il-rubinetto-della-bottiglia-di-vino-della-bolla-di-vetro-della-birra-di-acqua-bollente-del-succo-della-bevanda\/\"]}]},{\"@type\":\"ImageObject\",\"inLanguage\":\"it-IT\",\"@id\":\"https:\/\/www.yoroow.com\/it\/dettaglio-prodotto\/prezzo-allingrosso-304-rubinetto-del-barile-di-vino-dellacciaio-inossidabile-per-il-rubinetto-della-bottiglia-di-vino-della-bolla-di-vetro-della-birra-di-acqua-bollente-del-succo-della-bevanda\/#primaryimage\",\"url\":\"https:\/\/www.yoroow.com\/wp-content\/uploads\/2025\/01\/\u4e3b\u56fe_1-30.jpg\",\"contentUrl\":\"https:\/\/www.yoroow.com\/wp-content\/uploads\/2025\/01\/\u4e3b\u56fe_1-30.jpg\",\"width\":1080,\"height\":1080,\"caption\":\"Wholesale 304 Stainless Steel Beer Keg Tap Dispenser Wine Barrel Faucet for Beverage Boiling Water Glass for Beer Wine Faucet\"},{\"@type\":\"BreadcrumbList\",\"@id\":\"https:\/\/www.yoroow.com\/it\/dettaglio-prodotto\/prezzo-allingrosso-304-rubinetto-del-barile-di-vino-dellacciaio-inossidabile-per-il-rubinetto-della-bottiglia-di-vino-della-bolla-di-vetro-della-birra-di-acqua-bollente-del-succo-della-bevanda\/#breadcrumb\",\"itemListElement\":[{\"@type\":\"ListItem\",\"position\":1,\"name\":\"home\",\"item\":\"https:\/\/www.yoroow.com\/\"},{\"@type\":\"ListItem\",\"position\":2,\"name\":\"Product\",\"item\":\"https:\/\/www.yoroow.com\/product\/\"},{\"@type\":\"ListItem\",\"position\":3,\"name\":\"Wholesale 304 Stainless Steel Beer Keg Tap Dispenser Wine Barrel Faucet for Beverage Boiling Water Glass for Beer Wine Faucet\"}]},{\"@type\":\"WebSite\",\"@id\":\"https:\/\/www.yoroow.com\/it\/#website\",\"url\":\"https:\/\/www.yoroow.com\/it\/\",\"name\":\"YOROOW\",\"description\":\"\",\"publisher\":{\"@id\":\"https:\/\/www.yoroow.com\/it\/#organization\"},\"potentialAction\":[{\"@type\":\"SearchAction\",\"target\":{\"@type\":\"EntryPoint\",\"urlTemplate\":\"https:\/\/www.yoroow.com\/it\/?s={search_term_string}\"},\"query-input\":{\"@type\":\"PropertyValueSpecification\",\"valueRequired\":true,\"valueName\":\"search_term_string\"}}],\"inLanguage\":\"it-IT\"},{\"@type\":\"Organization\",\"@id\":\"https:\/\/www.yoroow.com\/it\/#organization\",\"name\":\"YOROOW\",\"url\":\"https:\/\/www.yoroow.com\/it\/\",\"logo\":{\"@type\":\"ImageObject\",\"inLanguage\":\"it-IT\",\"@id\":\"https:\/\/www.yoroow.com\/it\/#\/schema\/logo\/image\/\",\"url\":\"https:\/\/www.yoroow.com\/wp-content\/uploads\/2024\/12\/2024123007131061.png\",\"contentUrl\":\"https:\/\/www.yoroow.com\/wp-content\/uploads\/2024\/12\/2024123007131061.png\",\"width\":168,\"height\":27,\"caption\":\"YOROOW\"},\"image\":{\"@id\":\"https:\/\/www.yoroow.com\/it\/#\/schema\/logo\/image\/\"},\"sameAs\":[\"https:\/\/www.facebook.com\/people\/yoroowfaucetfactory\/61564236752362\/\"]}]}<\/script>\n<!-- \/ Yoast SEO Premium plugin. -->","yoast_head_json":{"title":"Wholesale 304 Stainless Steel Beer Keg Tap Dispenser Wine Barrel Faucet for Beverage Boiling Water Glass for Beer Wine Faucet - YOROOW","description":"Wholesale 304 stainless steel beer keg tap dispenser for wine and beer barrels. Durable and suitable for beverage and boiling water dispensing. Factory direct exports target South America and Southeast Asia markets.","robots":{"index":"index","follow":"follow","max-snippet":"max-snippet:-1","max-image-preview":"max-image-preview:large","max-video-preview":"max-video-preview:-1"},"canonical":"https:\/\/www.yoroow.com\/it\/dettaglio-prodotto\/prezzo-allingrosso-304-rubinetto-del-barile-di-vino-dellacciaio-inossidabile-per-il-rubinetto-della-bottiglia-di-vino-della-bolla-di-vetro-della-birra-di-acqua-bollente-del-succo-della-bevanda\/","og_locale":"it_IT","og_type":"article","og_title":"Wholesale 304 Stainless Steel Beer Keg Tap Dispenser Wine Barrel Faucet for Beverage Boiling Water Glass for Beer Wine Faucet","og_description":"Wholesale 304 stainless steel beer keg tap dispenser for wine and beer barrels. Durable and suitable for beverage and boiling water dispensing. Factory direct exports target South America and Southeast Asia markets.","og_url":"https:\/\/www.yoroow.com\/it\/dettaglio-prodotto\/prezzo-allingrosso-304-rubinetto-del-barile-di-vino-dellacciaio-inossidabile-per-il-rubinetto-della-bottiglia-di-vino-della-bolla-di-vetro-della-birra-di-acqua-bollente-del-succo-della-bevanda\/","og_site_name":"YOROOW","article_publisher":"https:\/\/www.facebook.com\/people\/yoroowfaucetfactory\/61564236752362\/","article_modified_time":"2025-05-16T01:17:44+00:00","og_image":[{"width":1080,"height":1080,"url":"https:\/\/www.yoroow.com\/wp-content\/uploads\/2025\/01\/\u4e3b\u56fe_1-30.jpg","type":"image\/jpeg"}],"twitter_card":"summary_large_image","twitter_misc":{"Tempo di lettura stimato":"1 minuto"},"schema":{"@context":"https:\/\/schema.org","@graph":[{"@type":"WebPage","@id":"https:\/\/www.yoroow.com\/it\/dettaglio-prodotto\/prezzo-allingrosso-304-rubinetto-del-barile-di-vino-dellacciaio-inossidabile-per-il-rubinetto-della-bottiglia-di-vino-della-bolla-di-vetro-della-birra-di-acqua-bollente-del-succo-della-bevanda\/","url":"https:\/\/www.yoroow.com\/it\/dettaglio-prodotto\/prezzo-allingrosso-304-rubinetto-del-barile-di-vino-dellacciaio-inossidabile-per-il-rubinetto-della-bottiglia-di-vino-della-bolla-di-vetro-della-birra-di-acqua-bollente-del-succo-della-bevanda\/","name":"Wholesale 304 Stainless Steel Beer Keg Tap Dispenser Wine Barrel Faucet for Beverage Boiling Water Glass for Beer Wine Faucet - YOROOW","isPartOf":{"@id":"https:\/\/www.yoroow.com\/it\/#website"},"primaryImageOfPage":{"@id":"https:\/\/www.yoroow.com\/it\/dettaglio-prodotto\/prezzo-allingrosso-304-rubinetto-del-barile-di-vino-dellacciaio-inossidabile-per-il-rubinetto-della-bottiglia-di-vino-della-bolla-di-vetro-della-birra-di-acqua-bollente-del-succo-della-bevanda\/#primaryimage"},"image":{"@id":"https:\/\/www.yoroow.com\/it\/dettaglio-prodotto\/prezzo-allingrosso-304-rubinetto-del-barile-di-vino-dellacciaio-inossidabile-per-il-rubinetto-della-bottiglia-di-vino-della-bolla-di-vetro-della-birra-di-acqua-bollente-del-succo-della-bevanda\/#primaryimage"},"thumbnailUrl":"https:\/\/www.yoroow.com\/wp-content\/uploads\/2025\/01\/\u4e3b\u56fe_1-30.jpg","datePublished":"2025-01-23T09:17:41+00:00","dateModified":"2025-05-16T01:17:44+00:00","description":"Wholesale 304 stainless steel beer keg tap dispenser for wine and beer barrels. Durable and suitable for beverage and boiling water dispensing. Factory direct exports target South America and Southeast Asia markets.","breadcrumb":{"@id":"https:\/\/www.yoroow.com\/it\/dettaglio-prodotto\/prezzo-allingrosso-304-rubinetto-del-barile-di-vino-dellacciaio-inossidabile-per-il-rubinetto-della-bottiglia-di-vino-della-bolla-di-vetro-della-birra-di-acqua-bollente-del-succo-della-bevanda\/#breadcrumb"},"inLanguage":"it-IT","potentialAction":[{"@type":"ReadAction","target":["https:\/\/www.yoroow.com\/it\/dettaglio-prodotto\/prezzo-allingrosso-304-rubinetto-del-barile-di-vino-dellacciaio-inossidabile-per-il-rubinetto-della-bottiglia-di-vino-della-bolla-di-vetro-della-birra-di-acqua-bollente-del-succo-della-bevanda\/"]}]},{"@type":"ImageObject","inLanguage":"it-IT","@id":"https:\/\/www.yoroow.com\/it\/dettaglio-prodotto\/prezzo-allingrosso-304-rubinetto-del-barile-di-vino-dellacciaio-inossidabile-per-il-rubinetto-della-bottiglia-di-vino-della-bolla-di-vetro-della-birra-di-acqua-bollente-del-succo-della-bevanda\/#primaryimage","url":"https:\/\/www.yoroow.com\/wp-content\/uploads\/2025\/01\/\u4e3b\u56fe_1-30.jpg","contentUrl":"https:\/\/www.yoroow.com\/wp-content\/uploads\/2025\/01\/\u4e3b\u56fe_1-30.jpg","width":1080,"height":1080,"caption":"Wholesale 304 Stainless Steel Beer Keg Tap Dispenser Wine Barrel Faucet for Beverage Boiling Water Glass for Beer Wine Faucet"},{"@type":"BreadcrumbList","@id":"https:\/\/www.yoroow.com\/it\/dettaglio-prodotto\/prezzo-allingrosso-304-rubinetto-del-barile-di-vino-dellacciaio-inossidabile-per-il-rubinetto-della-bottiglia-di-vino-della-bolla-di-vetro-della-birra-di-acqua-bollente-del-succo-della-bevanda\/#breadcrumb","itemListElement":[{"@type":"ListItem","position":1,"name":"home","item":"https:\/\/www.yoroow.com\/"},{"@type":"ListItem","position":2,"name":"Product","item":"https:\/\/www.yoroow.com\/product\/"},{"@type":"ListItem","position":3,"name":"Wholesale 304 Stainless Steel Beer Keg Tap Dispenser Wine Barrel Faucet for Beverage Boiling Water Glass for Beer Wine Faucet"}]},{"@type":"WebSite","@id":"https:\/\/www.yoroow.com\/it\/#website","url":"https:\/\/www.yoroow.com\/it\/","name":"YOROOW","description":"","publisher":{"@id":"https:\/\/www.yoroow.com\/it\/#organization"},"potentialAction":[{"@type":"SearchAction","target":{"@type":"EntryPoint","urlTemplate":"https:\/\/www.yoroow.com\/it\/?s={search_term_string}"},"query-input":{"@type":"PropertyValueSpecification","valueRequired":true,"valueName":"search_term_string"}}],"inLanguage":"it-IT"},{"@type":"Organization","@id":"https:\/\/www.yoroow.com\/it\/#organization","name":"YOROOW","url":"https:\/\/www.yoroow.com\/it\/","logo":{"@type":"ImageObject","inLanguage":"it-IT","@id":"https:\/\/www.yoroow.com\/it\/#\/schema\/logo\/image\/","url":"https:\/\/www.yoroow.com\/wp-content\/uploads\/2024\/12\/2024123007131061.png","contentUrl":"https:\/\/www.yoroow.com\/wp-content\/uploads\/2024\/12\/2024123007131061.png","width":168,"height":27,"caption":"YOROOW"},"image":{"@id":"https:\/\/www.yoroow.com\/it\/#\/schema\/logo\/image\/"},"sameAs":["https:\/\/www.facebook.com\/people\/yoroowfaucetfactory\/61564236752362\/"]}]}},"_links":{"self":[{"href":"https:\/\/www.yoroow.com\/it\/wp-json\/wp\/v2\/product\/9358","targetHints":{"allow":["GET"]}}],"collection":[{"href":"https:\/\/www.yoroow.com\/it\/wp-json\/wp\/v2\/product"}],"about":[{"href":"https:\/\/www.yoroow.com\/it\/wp-json\/wp\/v2\/types\/product"}],"wp:featuredmedia":[{"embeddable":true,"href":"https:\/\/www.yoroow.com\/it\/wp-json\/wp\/v2\/media\/9363"}],"wp:attachment":[{"href":"https:\/\/www.yoroow.com\/it\/wp-json\/wp\/v2\/media?parent=9358"}],"wp:term":[{"taxonomy":"product_brand","embeddable":true,"href":"https:\/\/www.yoroow.com\/it\/wp-json\/wp\/v2\/product_brand?post=9358"},{"taxonomy":"product_cat","embeddable":true,"href":"https:\/\/www.yoroow.com\/it\/wp-json\/wp\/v2\/product_cat?post=9358"},{"taxonomy":"product_tag","embeddable":true,"href":"https:\/\/www.yoroow.com\/it\/wp-json\/wp\/v2\/product_tag?post=9358"}],"curies":[{"name":"wp","href":"https:\/\/api.w.org\/{rel}","templated":true}]}}