{"id":4844,"date":"2024-12-20T13:43:49","date_gmt":"2024-12-20T05:43:49","guid":{"rendered":"https:\/\/www.yoroow.com\/?post_type=product&#038;p=4844"},"modified":"2025-05-16T09:13:22","modified_gmt":"2025-05-16T01:13:22","slug":"fabbrica-della-porcellana-spruzzatore-bidet-portatile-bagno-spruzzatore-bidet-set-per-wc-controllo-pressione-acqua-regolabile","status":"publish","type":"product","link":"https:\/\/www.yoroow.com\/it\/dettaglio-prodotto\/fabbrica-della-porcellana-spruzzatore-bidet-portatile-bagno-spruzzatore-bidet-set-per-wc-controllo-pressione-acqua-regolabile\/","title":{"rendered":"Spruzzatore di bidet manuale in acciaio inossidabile di grado commerciale Controllo della pressione dell'acqua regolabile Spruzzatore di bidet per bagno"},"content":{"rendered":"<p>Spruzzatore per bidet portatile in acciaio inox di grado commerciale Controllo della pressione dell'acqua regolabile Spruzzatore per bidet da bagno Questo spruzzatore per bidet portatile offre un controllo della pressione dell'acqua regolabile, rendendolo altamente versatile e perfetto sia per l'igiene personale che per le attivit\u00e0 di pulizia. Realizzato in acciaio inox per uso commerciale, \u00e8 progettato per garantire durata e prestazioni a lungo termine. Lo spruzzatore \u00e8 ampiamente utilizzato in bagni residenziali, hotel e altre strutture commerciali. La fabbrica di YOROOW \u00e8 specializzata in spruzzatori per bidet e offre opzioni di personalizzazione per soddisfare le diverse esigenze dei clienti. Grazie alla forte esperienza nelle esportazioni, YOROOW \u00e8 ben posizionata per soddisfare la crescente domanda in Sud America e nel Sud-Est asiatico, fornendo soluzioni economicamente vantaggiose con consegne rapide.<\/p>","protected":false},"excerpt":{"rendered":"<p>Spruzzatore per bidet portatile in acciaio inox di grado commerciale Controllo della pressione dell'acqua regolabile Spruzzatore per bidet da bagno Questo spruzzatore per bidet portatile offre un controllo della pressione dell'acqua regolabile, rendendolo altamente versatile e perfetto sia per l'igiene personale che per le attivit\u00e0 di pulizia. Realizzato in acciaio inossidabile di qualit\u00e0 commerciale, \u00e8 progettato per garantire la durata e le prestazioni a lungo termine. Lo spruzzatore \u00e8 ampiamente utilizzato...<\/p>","protected":false},"featured_media":9679,"template":"","meta":{"_acf_changed":false,"_kad_post_transparent":"default","_kad_post_title":"","_kad_post_layout":"default","_kad_post_sidebar_id":"","_kad_post_content_style":"default","_kad_post_vertical_padding":"default","_kad_post_feature":"","_kad_post_feature_position":"","_kad_post_header":false,"_kad_post_footer":false},"product_brand":[],"product_cat":[132,7864],"product_tag":[3637,3515],"class_list":{"0":"post-4844","1":"product","2":"type-product","3":"status-publish","4":"has-post-thumbnail","6":"product_cat-bidet-sprayer","7":"product_cat-c-bidetsprayer","8":"product_tag-commercial-grade-bidet-sprayer","9":"product_tag-stainless-steel-handheld-bidet-sprayer-for-toilet","11":"first","12":"instock","13":"shipping-taxable","14":"purchasable","15":"product-type-variable","16":"wvs-archive-product-wrapper","17":"entry","18":"content-bg","19":"loop-entry"},"acf":[],"yoast_head":"<!-- This site is optimized with the Yoast SEO Premium plugin v25.4 (Yoast SEO v27.0) - https:\/\/yoast.com\/product\/yoast-seo-premium-wordpress\/ -->\n<title>Commercial Grade Stainless Steel Handheld Bidet Sprayer Adjustable Water Pressure Control Bathroom Bidet Sprayer - YOROOW<\/title>\n<meta name=\"description\" content=\"Commercial Grade Stainless Steel Handheld Bidet Sprayer with adjustable water pressure control is designed for bathroom use. Manufactured in China with high-quality stainless steel, ideal for commercial and residential bidet markets. Export focus is on South America and Southeast Asia.\" \/>\n<meta name=\"robots\" content=\"index, follow, max-snippet:-1, max-image-preview:large, max-video-preview:-1\" \/>\n<link rel=\"canonical\" href=\"https:\/\/www.yoroow.com\/it\/dettaglio-prodotto\/fabbrica-della-porcellana-spruzzatore-bidet-portatile-bagno-spruzzatore-bidet-set-per-wc-controllo-pressione-acqua-regolabile\/\" \/>\n<meta property=\"og:locale\" content=\"it_IT\" \/>\n<meta property=\"og:type\" content=\"article\" \/>\n<meta property=\"og:title\" content=\"Commercial Grade Stainless Steel Handheld Bidet Sprayer Adjustable Water Pressure Control Bathroom Bidet Sprayer\" \/>\n<meta property=\"og:description\" content=\"Commercial Grade Stainless Steel Handheld Bidet Sprayer with adjustable water pressure control is designed for bathroom use. Manufactured in China with high-quality stainless steel, ideal for commercial and residential bidet markets. Export focus is on South America and Southeast Asia.\" \/>\n<meta property=\"og:url\" content=\"https:\/\/www.yoroow.com\/it\/dettaglio-prodotto\/fabbrica-della-porcellana-spruzzatore-bidet-portatile-bagno-spruzzatore-bidet-set-per-wc-controllo-pressione-acqua-regolabile\/\" \/>\n<meta property=\"og:site_name\" content=\"YOROOW\" \/>\n<meta property=\"article:publisher\" content=\"https:\/\/www.facebook.com\/people\/yoroowfaucetfactory\/61564236752362\/\" \/>\n<meta property=\"article:modified_time\" content=\"2025-05-16T01:13:22+00:00\" \/>\n<meta property=\"og:image\" content=\"https:\/\/www.yoroow.com\/wp-content\/uploads\/2024\/12\/A3.jpg\" \/>\n\t<meta property=\"og:image:width\" content=\"800\" \/>\n\t<meta property=\"og:image:height\" content=\"800\" \/>\n\t<meta property=\"og:image:type\" content=\"image\/jpeg\" \/>\n<meta name=\"twitter:card\" content=\"summary_large_image\" \/>\n<meta name=\"twitter:label1\" content=\"Tempo di lettura stimato\" \/>\n\t<meta name=\"twitter:data1\" content=\"1 minuto\" \/>\n<script type=\"application\/ld+json\" class=\"yoast-schema-graph\">{\"@context\":\"https:\/\/schema.org\",\"@graph\":[{\"@type\":\"WebPage\",\"@id\":\"https:\/\/www.yoroow.com\/it\/dettaglio-prodotto\/fabbrica-della-porcellana-spruzzatore-bidet-portatile-bagno-spruzzatore-bidet-set-per-wc-controllo-pressione-acqua-regolabile\/\",\"url\":\"https:\/\/www.yoroow.com\/it\/dettaglio-prodotto\/fabbrica-della-porcellana-spruzzatore-bidet-portatile-bagno-spruzzatore-bidet-set-per-wc-controllo-pressione-acqua-regolabile\/\",\"name\":\"Commercial Grade Stainless Steel Handheld Bidet Sprayer Adjustable Water Pressure Control Bathroom Bidet Sprayer - YOROOW\",\"isPartOf\":{\"@id\":\"https:\/\/www.yoroow.com\/it\/#website\"},\"primaryImageOfPage\":{\"@id\":\"https:\/\/www.yoroow.com\/it\/dettaglio-prodotto\/fabbrica-della-porcellana-spruzzatore-bidet-portatile-bagno-spruzzatore-bidet-set-per-wc-controllo-pressione-acqua-regolabile\/#primaryimage\"},\"image\":{\"@id\":\"https:\/\/www.yoroow.com\/it\/dettaglio-prodotto\/fabbrica-della-porcellana-spruzzatore-bidet-portatile-bagno-spruzzatore-bidet-set-per-wc-controllo-pressione-acqua-regolabile\/#primaryimage\"},\"thumbnailUrl\":\"https:\/\/www.yoroow.com\/wp-content\/uploads\/2024\/12\/A3.jpg\",\"datePublished\":\"2024-12-20T05:43:49+00:00\",\"dateModified\":\"2025-05-16T01:13:22+00:00\",\"description\":\"Commercial Grade Stainless Steel Handheld Bidet Sprayer with adjustable water pressure control is designed for bathroom use. Manufactured in China with high-quality stainless steel, ideal for commercial and residential bidet markets. Export focus is on South America and Southeast Asia.\",\"breadcrumb\":{\"@id\":\"https:\/\/www.yoroow.com\/it\/dettaglio-prodotto\/fabbrica-della-porcellana-spruzzatore-bidet-portatile-bagno-spruzzatore-bidet-set-per-wc-controllo-pressione-acqua-regolabile\/#breadcrumb\"},\"inLanguage\":\"it-IT\",\"potentialAction\":[{\"@type\":\"ReadAction\",\"target\":[\"https:\/\/www.yoroow.com\/it\/dettaglio-prodotto\/fabbrica-della-porcellana-spruzzatore-bidet-portatile-bagno-spruzzatore-bidet-set-per-wc-controllo-pressione-acqua-regolabile\/\"]}]},{\"@type\":\"ImageObject\",\"inLanguage\":\"it-IT\",\"@id\":\"https:\/\/www.yoroow.com\/it\/dettaglio-prodotto\/fabbrica-della-porcellana-spruzzatore-bidet-portatile-bagno-spruzzatore-bidet-set-per-wc-controllo-pressione-acqua-regolabile\/#primaryimage\",\"url\":\"https:\/\/www.yoroow.com\/wp-content\/uploads\/2024\/12\/A3.jpg\",\"contentUrl\":\"https:\/\/www.yoroow.com\/wp-content\/uploads\/2024\/12\/A3.jpg\",\"width\":800,\"height\":800,\"caption\":\"Commercial Grade Stainless Steel Handheld Bidet Sprayer Adjustable Water Pressure Control Bathroom Bidet Sprayer\"},{\"@type\":\"BreadcrumbList\",\"@id\":\"https:\/\/www.yoroow.com\/it\/dettaglio-prodotto\/fabbrica-della-porcellana-spruzzatore-bidet-portatile-bagno-spruzzatore-bidet-set-per-wc-controllo-pressione-acqua-regolabile\/#breadcrumb\",\"itemListElement\":[{\"@type\":\"ListItem\",\"position\":1,\"name\":\"home\",\"item\":\"https:\/\/www.yoroow.com\/\"},{\"@type\":\"ListItem\",\"position\":2,\"name\":\"Product\",\"item\":\"https:\/\/www.yoroow.com\/product\/\"},{\"@type\":\"ListItem\",\"position\":3,\"name\":\"Commercial Grade Stainless Steel Handheld Bidet Sprayer Adjustable Water Pressure Control Bathroom Bidet Sprayer\"}]},{\"@type\":\"WebSite\",\"@id\":\"https:\/\/www.yoroow.com\/it\/#website\",\"url\":\"https:\/\/www.yoroow.com\/it\/\",\"name\":\"YOROOW\",\"description\":\"\",\"publisher\":{\"@id\":\"https:\/\/www.yoroow.com\/it\/#organization\"},\"potentialAction\":[{\"@type\":\"SearchAction\",\"target\":{\"@type\":\"EntryPoint\",\"urlTemplate\":\"https:\/\/www.yoroow.com\/it\/?s={search_term_string}\"},\"query-input\":{\"@type\":\"PropertyValueSpecification\",\"valueRequired\":true,\"valueName\":\"search_term_string\"}}],\"inLanguage\":\"it-IT\"},{\"@type\":\"Organization\",\"@id\":\"https:\/\/www.yoroow.com\/it\/#organization\",\"name\":\"YOROOW\",\"url\":\"https:\/\/www.yoroow.com\/it\/\",\"logo\":{\"@type\":\"ImageObject\",\"inLanguage\":\"it-IT\",\"@id\":\"https:\/\/www.yoroow.com\/it\/#\/schema\/logo\/image\/\",\"url\":\"https:\/\/www.yoroow.com\/wp-content\/uploads\/2024\/12\/2024123007131061.png\",\"contentUrl\":\"https:\/\/www.yoroow.com\/wp-content\/uploads\/2024\/12\/2024123007131061.png\",\"width\":168,\"height\":27,\"caption\":\"YOROOW\"},\"image\":{\"@id\":\"https:\/\/www.yoroow.com\/it\/#\/schema\/logo\/image\/\"},\"sameAs\":[\"https:\/\/www.facebook.com\/people\/yoroowfaucetfactory\/61564236752362\/\"]}]}<\/script>\n<!-- \/ Yoast SEO Premium plugin. -->","yoast_head_json":{"title":"Commercial Grade Stainless Steel Handheld Bidet Sprayer Adjustable Water Pressure Control Bathroom Bidet Sprayer - YOROOW","description":"Commercial Grade Stainless Steel Handheld Bidet Sprayer with adjustable water pressure control is designed for bathroom use. Manufactured in China with high-quality stainless steel, ideal for commercial and residential bidet markets. Export focus is on South America and Southeast Asia.","robots":{"index":"index","follow":"follow","max-snippet":"max-snippet:-1","max-image-preview":"max-image-preview:large","max-video-preview":"max-video-preview:-1"},"canonical":"https:\/\/www.yoroow.com\/it\/dettaglio-prodotto\/fabbrica-della-porcellana-spruzzatore-bidet-portatile-bagno-spruzzatore-bidet-set-per-wc-controllo-pressione-acqua-regolabile\/","og_locale":"it_IT","og_type":"article","og_title":"Commercial Grade Stainless Steel Handheld Bidet Sprayer Adjustable Water Pressure Control Bathroom Bidet Sprayer","og_description":"Commercial Grade Stainless Steel Handheld Bidet Sprayer with adjustable water pressure control is designed for bathroom use. Manufactured in China with high-quality stainless steel, ideal for commercial and residential bidet markets. Export focus is on South America and Southeast Asia.","og_url":"https:\/\/www.yoroow.com\/it\/dettaglio-prodotto\/fabbrica-della-porcellana-spruzzatore-bidet-portatile-bagno-spruzzatore-bidet-set-per-wc-controllo-pressione-acqua-regolabile\/","og_site_name":"YOROOW","article_publisher":"https:\/\/www.facebook.com\/people\/yoroowfaucetfactory\/61564236752362\/","article_modified_time":"2025-05-16T01:13:22+00:00","og_image":[{"width":800,"height":800,"url":"https:\/\/www.yoroow.com\/wp-content\/uploads\/2024\/12\/A3.jpg","type":"image\/jpeg"}],"twitter_card":"summary_large_image","twitter_misc":{"Tempo di lettura stimato":"1 minuto"},"schema":{"@context":"https:\/\/schema.org","@graph":[{"@type":"WebPage","@id":"https:\/\/www.yoroow.com\/it\/dettaglio-prodotto\/fabbrica-della-porcellana-spruzzatore-bidet-portatile-bagno-spruzzatore-bidet-set-per-wc-controllo-pressione-acqua-regolabile\/","url":"https:\/\/www.yoroow.com\/it\/dettaglio-prodotto\/fabbrica-della-porcellana-spruzzatore-bidet-portatile-bagno-spruzzatore-bidet-set-per-wc-controllo-pressione-acqua-regolabile\/","name":"Commercial Grade Stainless Steel Handheld Bidet Sprayer Adjustable Water Pressure Control Bathroom Bidet Sprayer - YOROOW","isPartOf":{"@id":"https:\/\/www.yoroow.com\/it\/#website"},"primaryImageOfPage":{"@id":"https:\/\/www.yoroow.com\/it\/dettaglio-prodotto\/fabbrica-della-porcellana-spruzzatore-bidet-portatile-bagno-spruzzatore-bidet-set-per-wc-controllo-pressione-acqua-regolabile\/#primaryimage"},"image":{"@id":"https:\/\/www.yoroow.com\/it\/dettaglio-prodotto\/fabbrica-della-porcellana-spruzzatore-bidet-portatile-bagno-spruzzatore-bidet-set-per-wc-controllo-pressione-acqua-regolabile\/#primaryimage"},"thumbnailUrl":"https:\/\/www.yoroow.com\/wp-content\/uploads\/2024\/12\/A3.jpg","datePublished":"2024-12-20T05:43:49+00:00","dateModified":"2025-05-16T01:13:22+00:00","description":"Commercial Grade Stainless Steel Handheld Bidet Sprayer with adjustable water pressure control is designed for bathroom use. Manufactured in China with high-quality stainless steel, ideal for commercial and residential bidet markets. Export focus is on South America and Southeast Asia.","breadcrumb":{"@id":"https:\/\/www.yoroow.com\/it\/dettaglio-prodotto\/fabbrica-della-porcellana-spruzzatore-bidet-portatile-bagno-spruzzatore-bidet-set-per-wc-controllo-pressione-acqua-regolabile\/#breadcrumb"},"inLanguage":"it-IT","potentialAction":[{"@type":"ReadAction","target":["https:\/\/www.yoroow.com\/it\/dettaglio-prodotto\/fabbrica-della-porcellana-spruzzatore-bidet-portatile-bagno-spruzzatore-bidet-set-per-wc-controllo-pressione-acqua-regolabile\/"]}]},{"@type":"ImageObject","inLanguage":"it-IT","@id":"https:\/\/www.yoroow.com\/it\/dettaglio-prodotto\/fabbrica-della-porcellana-spruzzatore-bidet-portatile-bagno-spruzzatore-bidet-set-per-wc-controllo-pressione-acqua-regolabile\/#primaryimage","url":"https:\/\/www.yoroow.com\/wp-content\/uploads\/2024\/12\/A3.jpg","contentUrl":"https:\/\/www.yoroow.com\/wp-content\/uploads\/2024\/12\/A3.jpg","width":800,"height":800,"caption":"Commercial Grade Stainless Steel Handheld Bidet Sprayer Adjustable Water Pressure Control Bathroom Bidet Sprayer"},{"@type":"BreadcrumbList","@id":"https:\/\/www.yoroow.com\/it\/dettaglio-prodotto\/fabbrica-della-porcellana-spruzzatore-bidet-portatile-bagno-spruzzatore-bidet-set-per-wc-controllo-pressione-acqua-regolabile\/#breadcrumb","itemListElement":[{"@type":"ListItem","position":1,"name":"home","item":"https:\/\/www.yoroow.com\/"},{"@type":"ListItem","position":2,"name":"Product","item":"https:\/\/www.yoroow.com\/product\/"},{"@type":"ListItem","position":3,"name":"Commercial Grade Stainless Steel Handheld Bidet Sprayer Adjustable Water Pressure Control Bathroom Bidet Sprayer"}]},{"@type":"WebSite","@id":"https:\/\/www.yoroow.com\/it\/#website","url":"https:\/\/www.yoroow.com\/it\/","name":"YOROOW","description":"","publisher":{"@id":"https:\/\/www.yoroow.com\/it\/#organization"},"potentialAction":[{"@type":"SearchAction","target":{"@type":"EntryPoint","urlTemplate":"https:\/\/www.yoroow.com\/it\/?s={search_term_string}"},"query-input":{"@type":"PropertyValueSpecification","valueRequired":true,"valueName":"search_term_string"}}],"inLanguage":"it-IT"},{"@type":"Organization","@id":"https:\/\/www.yoroow.com\/it\/#organization","name":"YOROOW","url":"https:\/\/www.yoroow.com\/it\/","logo":{"@type":"ImageObject","inLanguage":"it-IT","@id":"https:\/\/www.yoroow.com\/it\/#\/schema\/logo\/image\/","url":"https:\/\/www.yoroow.com\/wp-content\/uploads\/2024\/12\/2024123007131061.png","contentUrl":"https:\/\/www.yoroow.com\/wp-content\/uploads\/2024\/12\/2024123007131061.png","width":168,"height":27,"caption":"YOROOW"},"image":{"@id":"https:\/\/www.yoroow.com\/it\/#\/schema\/logo\/image\/"},"sameAs":["https:\/\/www.facebook.com\/people\/yoroowfaucetfactory\/61564236752362\/"]}]}},"_links":{"self":[{"href":"https:\/\/www.yoroow.com\/it\/wp-json\/wp\/v2\/product\/4844","targetHints":{"allow":["GET"]}}],"collection":[{"href":"https:\/\/www.yoroow.com\/it\/wp-json\/wp\/v2\/product"}],"about":[{"href":"https:\/\/www.yoroow.com\/it\/wp-json\/wp\/v2\/types\/product"}],"wp:featuredmedia":[{"embeddable":true,"href":"https:\/\/www.yoroow.com\/it\/wp-json\/wp\/v2\/media\/9679"}],"wp:attachment":[{"href":"https:\/\/www.yoroow.com\/it\/wp-json\/wp\/v2\/media?parent=4844"}],"wp:term":[{"taxonomy":"product_brand","embeddable":true,"href":"https:\/\/www.yoroow.com\/it\/wp-json\/wp\/v2\/product_brand?post=4844"},{"taxonomy":"product_cat","embeddable":true,"href":"https:\/\/www.yoroow.com\/it\/wp-json\/wp\/v2\/product_cat?post=4844"},{"taxonomy":"product_tag","embeddable":true,"href":"https:\/\/www.yoroow.com\/it\/wp-json\/wp\/v2\/product_tag?post=4844"}],"curies":[{"name":"wp","href":"https:\/\/api.w.org\/{rel}","templated":true}]}}