{"id":2371,"date":"2024-11-27T16:34:03","date_gmt":"2024-11-27T08:34:03","guid":{"rendered":"https:\/\/www.yoroow.com\/?post_type=product&#038;p=2371"},"modified":"2025-05-16T09:11:06","modified_gmt":"2025-05-16T01:11:06","slug":"nuovo-design-accessori-bagno-hotel-moderno-porta-carta-igienica-in-zinco-porta-rotolo-di-carta-cromato-per-bagno-e-toilette","status":"publish","type":"product","link":"https:\/\/www.yoroow.com\/it\/dettaglio-prodotto\/nuovo-design-accessori-bagno-hotel-moderno-porta-carta-igienica-in-zinco-porta-rotolo-di-carta-cromato-per-bagno-e-toilette\/","title":{"rendered":"Accessori per il bagno dell'hotel di nuovo design moderno Porta carta igienica in lega di zinco Finitura cromata Accessori per rubinetti in acciaio inox"},"content":{"rendered":"<p>Accessori per il bagno in lega di zinco con finitura cromata Gli accessori per il rubinetto in acciaio inox sono un'aggiunta di alta qualit\u00e0 a qualsiasi bagno, che unisce funzionalit\u00e0 e stile. La costruzione in lega di zinco garantisce durata e resistenza alla ruggine, mentre la finitura cromata offre un look elegante e moderno che si adatta sia agli ambienti alberghieri che a quelli domestici. Questi accessori per il bagno sono progettati con precisione e con elevati standard di artigianalit\u00e0. Prodotto nella nostra avanzata fabbrica di rubinetti cinese, questo prodotto beneficia della nostra profonda esperienza nella creazione di soluzioni per il bagno durevoli ed eleganti. Gli accessori sono ideali per hotel di lusso, case moderne o spazi commerciali alla ricerca di prodotti affidabili ed eleganti. Le vendite dirette della nostra fabbrica offrono prezzi competitivi per i mercati del Sud America e del Sud-Est asiatico, dove la domanda di prodotti per il bagno di alta qualit\u00e0 ma a prezzi accessibili continua a crescere. Con un'attenzione particolare alla sostenibilit\u00e0, all'innovazione e alla qualit\u00e0, YOROOW offre accessori per il bagno che valorizzano ogni spazio, fornendo soluzioni pratiche che durano nel tempo.<\/p>","protected":false},"excerpt":{"rendered":"<p>Accessori per il bagno in lega di zinco con finitura cromata Gli accessori per il rubinetto in acciaio inox sono un'aggiunta di alta qualit\u00e0 a qualsiasi bagno, che unisce funzionalit\u00e0 e stile. La costruzione in lega di zinco garantisce durata e resistenza alla ruggine, mentre la finitura cromata offre un look elegante e moderno che si adatta sia agli ambienti alberghieri che a quelli domestici. Questi...<\/p>","protected":false},"featured_media":2373,"template":"","meta":{"_acf_changed":false,"_kad_post_transparent":"default","_kad_post_title":"","_kad_post_layout":"default","_kad_post_sidebar_id":"","_kad_post_content_style":"default","_kad_post_vertical_padding":"default","_kad_post_feature":"","_kad_post_feature_position":"","_kad_post_header":false,"_kad_post_footer":false},"product_brand":[],"product_cat":[7845],"product_tag":[3803],"class_list":{"0":"post-2371","1":"product","2":"type-product","3":"status-publish","4":"has-post-thumbnail","6":"product_cat-bathroom-accessories","7":"product_tag-bathroom","9":"first","10":"instock","11":"shipping-taxable","12":"purchasable","13":"product-type-variable","14":"wvs-archive-product-wrapper","15":"entry","16":"content-bg","17":"loop-entry"},"acf":[],"yoast_head":"<!-- This site is optimized with the Yoast SEO Premium plugin v25.4 (Yoast SEO v27.0) - https:\/\/yoast.com\/product\/yoast-seo-premium-wordpress\/ -->\n<title>Modern New Design Hotel Bathroom Accessories Zinc Alloy Toilet Paper Holder Chrome Finish Stainless Steel Faucet Accessories - YOROOW<\/title>\n<meta name=\"description\" content=\"Modern New Design Hotel Bathroom Accessories include zinc alloy toilet paper holders and chrome finish stainless steel faucet accessories. Made in China with attention to detail, these accessories suit upscale hotels and villas. Export focus on South America and Southeast Asia emphasizes quality and stylish bathroom fittings.\" \/>\n<meta name=\"robots\" content=\"index, follow, max-snippet:-1, max-image-preview:large, max-video-preview:-1\" \/>\n<link rel=\"canonical\" href=\"https:\/\/www.yoroow.com\/it\/dettaglio-prodotto\/nuovo-design-accessori-bagno-hotel-moderno-porta-carta-igienica-in-zinco-porta-rotolo-di-carta-cromato-per-bagno-e-toilette\/\" \/>\n<meta property=\"og:locale\" content=\"it_IT\" \/>\n<meta property=\"og:type\" content=\"article\" \/>\n<meta property=\"og:title\" content=\"Modern New Design Hotel Bathroom Accessories Zinc Alloy Toilet Paper Holder Chrome Finish Stainless Steel Faucet Accessories\" \/>\n<meta property=\"og:description\" content=\"Modern New Design Hotel Bathroom Accessories include zinc alloy toilet paper holders and chrome finish stainless steel faucet accessories. Made in China with attention to detail, these accessories suit upscale hotels and villas. Export focus on South America and Southeast Asia emphasizes quality and stylish bathroom fittings.\" \/>\n<meta property=\"og:url\" content=\"https:\/\/www.yoroow.com\/it\/dettaglio-prodotto\/nuovo-design-accessori-bagno-hotel-moderno-porta-carta-igienica-in-zinco-porta-rotolo-di-carta-cromato-per-bagno-e-toilette\/\" \/>\n<meta property=\"og:site_name\" content=\"YOROOW\" \/>\n<meta property=\"article:publisher\" content=\"https:\/\/www.facebook.com\/people\/yoroowfaucetfactory\/61564236752362\/\" \/>\n<meta property=\"article:modified_time\" content=\"2025-05-16T01:11:06+00:00\" \/>\n<meta property=\"og:image\" content=\"https:\/\/www.yoroow.com\/wp-content\/uploads\/2024\/11\/\u4e3b\u56fe_2-12.jpg\" \/>\n\t<meta property=\"og:image:width\" content=\"800\" \/>\n\t<meta property=\"og:image:height\" content=\"800\" \/>\n\t<meta property=\"og:image:type\" content=\"image\/jpeg\" \/>\n<meta name=\"twitter:card\" content=\"summary_large_image\" \/>\n<meta name=\"twitter:label1\" content=\"Tempo di lettura stimato\" \/>\n\t<meta name=\"twitter:data1\" content=\"1 minuto\" \/>\n<script type=\"application\/ld+json\" class=\"yoast-schema-graph\">{\"@context\":\"https:\/\/schema.org\",\"@graph\":[{\"@type\":\"WebPage\",\"@id\":\"https:\/\/www.yoroow.com\/it\/dettaglio-prodotto\/nuovo-design-accessori-bagno-hotel-moderno-porta-carta-igienica-in-zinco-porta-rotolo-di-carta-cromato-per-bagno-e-toilette\/\",\"url\":\"https:\/\/www.yoroow.com\/it\/dettaglio-prodotto\/nuovo-design-accessori-bagno-hotel-moderno-porta-carta-igienica-in-zinco-porta-rotolo-di-carta-cromato-per-bagno-e-toilette\/\",\"name\":\"Modern New Design Hotel Bathroom Accessories Zinc Alloy Toilet Paper Holder Chrome Finish Stainless Steel Faucet Accessories - YOROOW\",\"isPartOf\":{\"@id\":\"https:\/\/www.yoroow.com\/it\/#website\"},\"primaryImageOfPage\":{\"@id\":\"https:\/\/www.yoroow.com\/it\/dettaglio-prodotto\/nuovo-design-accessori-bagno-hotel-moderno-porta-carta-igienica-in-zinco-porta-rotolo-di-carta-cromato-per-bagno-e-toilette\/#primaryimage\"},\"image\":{\"@id\":\"https:\/\/www.yoroow.com\/it\/dettaglio-prodotto\/nuovo-design-accessori-bagno-hotel-moderno-porta-carta-igienica-in-zinco-porta-rotolo-di-carta-cromato-per-bagno-e-toilette\/#primaryimage\"},\"thumbnailUrl\":\"https:\/\/www.yoroow.com\/wp-content\/uploads\/2024\/11\/\u4e3b\u56fe_2-12.jpg\",\"datePublished\":\"2024-11-27T08:34:03+00:00\",\"dateModified\":\"2025-05-16T01:11:06+00:00\",\"description\":\"Modern New Design Hotel Bathroom Accessories include zinc alloy toilet paper holders and chrome finish stainless steel faucet accessories. Made in China with attention to detail, these accessories suit upscale hotels and villas. Export focus on South America and Southeast Asia emphasizes quality and stylish bathroom fittings.\",\"breadcrumb\":{\"@id\":\"https:\/\/www.yoroow.com\/it\/dettaglio-prodotto\/nuovo-design-accessori-bagno-hotel-moderno-porta-carta-igienica-in-zinco-porta-rotolo-di-carta-cromato-per-bagno-e-toilette\/#breadcrumb\"},\"inLanguage\":\"it-IT\",\"potentialAction\":[{\"@type\":\"ReadAction\",\"target\":[\"https:\/\/www.yoroow.com\/it\/dettaglio-prodotto\/nuovo-design-accessori-bagno-hotel-moderno-porta-carta-igienica-in-zinco-porta-rotolo-di-carta-cromato-per-bagno-e-toilette\/\"]}]},{\"@type\":\"ImageObject\",\"inLanguage\":\"it-IT\",\"@id\":\"https:\/\/www.yoroow.com\/it\/dettaglio-prodotto\/nuovo-design-accessori-bagno-hotel-moderno-porta-carta-igienica-in-zinco-porta-rotolo-di-carta-cromato-per-bagno-e-toilette\/#primaryimage\",\"url\":\"https:\/\/www.yoroow.com\/wp-content\/uploads\/2024\/11\/\u4e3b\u56fe_2-12.jpg\",\"contentUrl\":\"https:\/\/www.yoroow.com\/wp-content\/uploads\/2024\/11\/\u4e3b\u56fe_2-12.jpg\",\"width\":800,\"height\":800,\"caption\":\"New Design Hotel Bathroom Accessories Modern Zinc Toilet Paper Holder Chrome Paper Roll Holder For Bathroom And Toilet\"},{\"@type\":\"BreadcrumbList\",\"@id\":\"https:\/\/www.yoroow.com\/it\/dettaglio-prodotto\/nuovo-design-accessori-bagno-hotel-moderno-porta-carta-igienica-in-zinco-porta-rotolo-di-carta-cromato-per-bagno-e-toilette\/#breadcrumb\",\"itemListElement\":[{\"@type\":\"ListItem\",\"position\":1,\"name\":\"home\",\"item\":\"https:\/\/www.yoroow.com\/\"},{\"@type\":\"ListItem\",\"position\":2,\"name\":\"Product\",\"item\":\"https:\/\/www.yoroow.com\/product\/\"},{\"@type\":\"ListItem\",\"position\":3,\"name\":\"Modern New Design Hotel Bathroom Accessories Zinc Alloy Toilet Paper Holder Chrome Finish Stainless Steel Faucet Accessories\"}]},{\"@type\":\"WebSite\",\"@id\":\"https:\/\/www.yoroow.com\/it\/#website\",\"url\":\"https:\/\/www.yoroow.com\/it\/\",\"name\":\"YOROOW\",\"description\":\"\",\"publisher\":{\"@id\":\"https:\/\/www.yoroow.com\/it\/#organization\"},\"potentialAction\":[{\"@type\":\"SearchAction\",\"target\":{\"@type\":\"EntryPoint\",\"urlTemplate\":\"https:\/\/www.yoroow.com\/it\/?s={search_term_string}\"},\"query-input\":{\"@type\":\"PropertyValueSpecification\",\"valueRequired\":true,\"valueName\":\"search_term_string\"}}],\"inLanguage\":\"it-IT\"},{\"@type\":\"Organization\",\"@id\":\"https:\/\/www.yoroow.com\/it\/#organization\",\"name\":\"YOROOW\",\"url\":\"https:\/\/www.yoroow.com\/it\/\",\"logo\":{\"@type\":\"ImageObject\",\"inLanguage\":\"it-IT\",\"@id\":\"https:\/\/www.yoroow.com\/it\/#\/schema\/logo\/image\/\",\"url\":\"https:\/\/www.yoroow.com\/wp-content\/uploads\/2024\/12\/2024123007131061.png\",\"contentUrl\":\"https:\/\/www.yoroow.com\/wp-content\/uploads\/2024\/12\/2024123007131061.png\",\"width\":168,\"height\":27,\"caption\":\"YOROOW\"},\"image\":{\"@id\":\"https:\/\/www.yoroow.com\/it\/#\/schema\/logo\/image\/\"},\"sameAs\":[\"https:\/\/www.facebook.com\/people\/yoroowfaucetfactory\/61564236752362\/\"]}]}<\/script>\n<!-- \/ Yoast SEO Premium plugin. -->","yoast_head_json":{"title":"Modern New Design Hotel Bathroom Accessories Zinc Alloy Toilet Paper Holder Chrome Finish Stainless Steel Faucet Accessories - YOROOW","description":"Modern New Design Hotel Bathroom Accessories include zinc alloy toilet paper holders and chrome finish stainless steel faucet accessories. Made in China with attention to detail, these accessories suit upscale hotels and villas. Export focus on South America and Southeast Asia emphasizes quality and stylish bathroom fittings.","robots":{"index":"index","follow":"follow","max-snippet":"max-snippet:-1","max-image-preview":"max-image-preview:large","max-video-preview":"max-video-preview:-1"},"canonical":"https:\/\/www.yoroow.com\/it\/dettaglio-prodotto\/nuovo-design-accessori-bagno-hotel-moderno-porta-carta-igienica-in-zinco-porta-rotolo-di-carta-cromato-per-bagno-e-toilette\/","og_locale":"it_IT","og_type":"article","og_title":"Modern New Design Hotel Bathroom Accessories Zinc Alloy Toilet Paper Holder Chrome Finish Stainless Steel Faucet Accessories","og_description":"Modern New Design Hotel Bathroom Accessories include zinc alloy toilet paper holders and chrome finish stainless steel faucet accessories. Made in China with attention to detail, these accessories suit upscale hotels and villas. Export focus on South America and Southeast Asia emphasizes quality and stylish bathroom fittings.","og_url":"https:\/\/www.yoroow.com\/it\/dettaglio-prodotto\/nuovo-design-accessori-bagno-hotel-moderno-porta-carta-igienica-in-zinco-porta-rotolo-di-carta-cromato-per-bagno-e-toilette\/","og_site_name":"YOROOW","article_publisher":"https:\/\/www.facebook.com\/people\/yoroowfaucetfactory\/61564236752362\/","article_modified_time":"2025-05-16T01:11:06+00:00","og_image":[{"width":800,"height":800,"url":"https:\/\/www.yoroow.com\/wp-content\/uploads\/2024\/11\/\u4e3b\u56fe_2-12.jpg","type":"image\/jpeg"}],"twitter_card":"summary_large_image","twitter_misc":{"Tempo di lettura stimato":"1 minuto"},"schema":{"@context":"https:\/\/schema.org","@graph":[{"@type":"WebPage","@id":"https:\/\/www.yoroow.com\/it\/dettaglio-prodotto\/nuovo-design-accessori-bagno-hotel-moderno-porta-carta-igienica-in-zinco-porta-rotolo-di-carta-cromato-per-bagno-e-toilette\/","url":"https:\/\/www.yoroow.com\/it\/dettaglio-prodotto\/nuovo-design-accessori-bagno-hotel-moderno-porta-carta-igienica-in-zinco-porta-rotolo-di-carta-cromato-per-bagno-e-toilette\/","name":"Modern New Design Hotel Bathroom Accessories Zinc Alloy Toilet Paper Holder Chrome Finish Stainless Steel Faucet Accessories - YOROOW","isPartOf":{"@id":"https:\/\/www.yoroow.com\/it\/#website"},"primaryImageOfPage":{"@id":"https:\/\/www.yoroow.com\/it\/dettaglio-prodotto\/nuovo-design-accessori-bagno-hotel-moderno-porta-carta-igienica-in-zinco-porta-rotolo-di-carta-cromato-per-bagno-e-toilette\/#primaryimage"},"image":{"@id":"https:\/\/www.yoroow.com\/it\/dettaglio-prodotto\/nuovo-design-accessori-bagno-hotel-moderno-porta-carta-igienica-in-zinco-porta-rotolo-di-carta-cromato-per-bagno-e-toilette\/#primaryimage"},"thumbnailUrl":"https:\/\/www.yoroow.com\/wp-content\/uploads\/2024\/11\/\u4e3b\u56fe_2-12.jpg","datePublished":"2024-11-27T08:34:03+00:00","dateModified":"2025-05-16T01:11:06+00:00","description":"Modern New Design Hotel Bathroom Accessories include zinc alloy toilet paper holders and chrome finish stainless steel faucet accessories. Made in China with attention to detail, these accessories suit upscale hotels and villas. Export focus on South America and Southeast Asia emphasizes quality and stylish bathroom fittings.","breadcrumb":{"@id":"https:\/\/www.yoroow.com\/it\/dettaglio-prodotto\/nuovo-design-accessori-bagno-hotel-moderno-porta-carta-igienica-in-zinco-porta-rotolo-di-carta-cromato-per-bagno-e-toilette\/#breadcrumb"},"inLanguage":"it-IT","potentialAction":[{"@type":"ReadAction","target":["https:\/\/www.yoroow.com\/it\/dettaglio-prodotto\/nuovo-design-accessori-bagno-hotel-moderno-porta-carta-igienica-in-zinco-porta-rotolo-di-carta-cromato-per-bagno-e-toilette\/"]}]},{"@type":"ImageObject","inLanguage":"it-IT","@id":"https:\/\/www.yoroow.com\/it\/dettaglio-prodotto\/nuovo-design-accessori-bagno-hotel-moderno-porta-carta-igienica-in-zinco-porta-rotolo-di-carta-cromato-per-bagno-e-toilette\/#primaryimage","url":"https:\/\/www.yoroow.com\/wp-content\/uploads\/2024\/11\/\u4e3b\u56fe_2-12.jpg","contentUrl":"https:\/\/www.yoroow.com\/wp-content\/uploads\/2024\/11\/\u4e3b\u56fe_2-12.jpg","width":800,"height":800,"caption":"New Design Hotel Bathroom Accessories Modern Zinc Toilet Paper Holder Chrome Paper Roll Holder For Bathroom And Toilet"},{"@type":"BreadcrumbList","@id":"https:\/\/www.yoroow.com\/it\/dettaglio-prodotto\/nuovo-design-accessori-bagno-hotel-moderno-porta-carta-igienica-in-zinco-porta-rotolo-di-carta-cromato-per-bagno-e-toilette\/#breadcrumb","itemListElement":[{"@type":"ListItem","position":1,"name":"home","item":"https:\/\/www.yoroow.com\/"},{"@type":"ListItem","position":2,"name":"Product","item":"https:\/\/www.yoroow.com\/product\/"},{"@type":"ListItem","position":3,"name":"Modern New Design Hotel Bathroom Accessories Zinc Alloy Toilet Paper Holder Chrome Finish Stainless Steel Faucet Accessories"}]},{"@type":"WebSite","@id":"https:\/\/www.yoroow.com\/it\/#website","url":"https:\/\/www.yoroow.com\/it\/","name":"YOROOW","description":"","publisher":{"@id":"https:\/\/www.yoroow.com\/it\/#organization"},"potentialAction":[{"@type":"SearchAction","target":{"@type":"EntryPoint","urlTemplate":"https:\/\/www.yoroow.com\/it\/?s={search_term_string}"},"query-input":{"@type":"PropertyValueSpecification","valueRequired":true,"valueName":"search_term_string"}}],"inLanguage":"it-IT"},{"@type":"Organization","@id":"https:\/\/www.yoroow.com\/it\/#organization","name":"YOROOW","url":"https:\/\/www.yoroow.com\/it\/","logo":{"@type":"ImageObject","inLanguage":"it-IT","@id":"https:\/\/www.yoroow.com\/it\/#\/schema\/logo\/image\/","url":"https:\/\/www.yoroow.com\/wp-content\/uploads\/2024\/12\/2024123007131061.png","contentUrl":"https:\/\/www.yoroow.com\/wp-content\/uploads\/2024\/12\/2024123007131061.png","width":168,"height":27,"caption":"YOROOW"},"image":{"@id":"https:\/\/www.yoroow.com\/it\/#\/schema\/logo\/image\/"},"sameAs":["https:\/\/www.facebook.com\/people\/yoroowfaucetfactory\/61564236752362\/"]}]}},"_links":{"self":[{"href":"https:\/\/www.yoroow.com\/it\/wp-json\/wp\/v2\/product\/2371","targetHints":{"allow":["GET"]}}],"collection":[{"href":"https:\/\/www.yoroow.com\/it\/wp-json\/wp\/v2\/product"}],"about":[{"href":"https:\/\/www.yoroow.com\/it\/wp-json\/wp\/v2\/types\/product"}],"wp:featuredmedia":[{"embeddable":true,"href":"https:\/\/www.yoroow.com\/it\/wp-json\/wp\/v2\/media\/2373"}],"wp:attachment":[{"href":"https:\/\/www.yoroow.com\/it\/wp-json\/wp\/v2\/media?parent=2371"}],"wp:term":[{"taxonomy":"product_brand","embeddable":true,"href":"https:\/\/www.yoroow.com\/it\/wp-json\/wp\/v2\/product_brand?post=2371"},{"taxonomy":"product_cat","embeddable":true,"href":"https:\/\/www.yoroow.com\/it\/wp-json\/wp\/v2\/product_cat?post=2371"},{"taxonomy":"product_tag","embeddable":true,"href":"https:\/\/www.yoroow.com\/it\/wp-json\/wp\/v2\/product_tag?post=2371"}],"curies":[{"name":"wp","href":"https:\/\/api.w.org\/{rel}","templated":true}]}}