{"id":19645,"date":"2025-05-08T11:12:09","date_gmt":"2025-05-08T03:12:09","guid":{"rendered":"https:\/\/www.yoroow.com\/?post_type=product&#038;p=19645"},"modified":"2025-05-16T09:52:34","modified_gmt":"2025-05-16T01:52:34","slug":"uscita-di-fabbrica-ottone-lucido-nascosto-soffitto-bagno-doccia-set-con-scatola-pre-incorporato-freddo-caldo-modalita-nascosto-cono-design-soffione-doccia","status":"publish","type":"product","link":"https:\/\/www.yoroow.com\/it\/dettaglio-prodotto\/uscita-di-fabbrica-ottone-lucido-nascosto-soffitto-bagno-doccia-set-con-scatola-pre-incorporato-freddo-caldo-modalita-nascosto-cono-design-soffione-doccia\/","title":{"rendered":"Uscita di fabbrica Set doccia bagno a soffitto in ottone lucido con box incorporato Modalit\u00e0 caldo freddo Soffione doccia a cono a scomparsa"},"content":{"rendered":"<p>Factory Outlet Set doccia bagno a soffitto in ottone lucido con scatola preincorporata Il soffione a cono a modalit\u00e0 fredda e calda offre un'esperienza di doccia di lusso con un design integrato a soffitto. Realizzato in ottone lucido con un sistema di valvole a scomparsa, questo set doccia \u00e8 dotato di una scatola preincorporata per un'installazione semplificata e un controllo affidabile dell'acqua calda\/fredda. Il soffione doccia dal design a cono offre una copertura d'acqua ampia e uniforme con un effetto di getto morbido. Prodotto da una fabbrica cinese esperta in rubinetteria di fascia alta, \u00e8 sottoposto a controlli di qualit\u00e0 approfonditi e offre la possibilit\u00e0 di personalizzazione OEM per le finiture e le configurazioni delle valvole. Il prodotto \u00e8 popolare nei mercati di lusso del Sud America e del Sud-Est asiatico, come Brasile, Malesia e Tailandia, dove gli accessori per il bagno di alta qualit\u00e0 sono molto richiesti. La logistica per l'esportazione supporta consegne tempestive e una comunicazione completa con i clienti. |<\/p>","protected":false},"excerpt":{"rendered":"<p>Factory Outlet Polished Brass Concealed Ceiling Bathroom Shower Set with Pre-Embedded Box Cold Hot Mode Concealed Cone Design Shower Head provides a luxurious shower experience with an integrated ceiling-mounted design. Made from polished brass with a concealed valve system, this shower set features a pre-embedded box for simplified installation and reliable hot\/cold water control. The\u2026<\/p>","protected":false},"featured_media":19646,"template":"","meta":{"_acf_changed":false,"_kad_post_transparent":"default","_kad_post_title":"","_kad_post_layout":"default","_kad_post_sidebar_id":"","_kad_post_content_style":"default","_kad_post_vertical_padding":"default","_kad_post_feature":"","_kad_post_feature_position":"","_kad_post_header":false,"_kad_post_footer":false},"product_brand":[],"product_cat":[234,7865],"product_tag":[3056,3070],"class_list":{"0":"post-19645","1":"product","2":"type-product","3":"status-publish","4":"has-post-thumbnail","6":"product_cat-concealed-shower-set","7":"product_cat-c-shower","8":"product_tag-ceiling-concealed-bathroom-shower-set","9":"product_tag-shower-head-set-concealed-cone-design","11":"first","12":"instock","13":"shipping-taxable","14":"product-type-variable","15":"wvs-archive-product-wrapper","16":"entry","17":"content-bg","18":"loop-entry"},"acf":[],"yoast_head":"<!-- This site is optimized with the Yoast SEO Premium plugin v25.4 (Yoast SEO v27.0) - https:\/\/yoast.com\/product\/yoast-seo-premium-wordpress\/ -->\n<title>Factory Outlet Polished Brass Concealed Ceiling Bathroom Shower Set with Pre-Embedded Box Cold Hot Mode Concealed Cone Design Shower Head - YOROOW<\/title>\n<meta name=\"description\" content=\"Factory outlet polished brass concealed ceiling shower set with pre-embedded box and concealed cone design shower head, suitable for hotels and homes, strong export focus on South America and Southeast Asia.\" \/>\n<meta name=\"robots\" content=\"index, follow, max-snippet:-1, max-image-preview:large, max-video-preview:-1\" \/>\n<link rel=\"canonical\" href=\"https:\/\/www.yoroow.com\/it\/dettaglio-prodotto\/uscita-di-fabbrica-ottone-lucido-nascosto-soffitto-bagno-doccia-set-con-scatola-pre-incorporato-freddo-caldo-modalita-nascosto-cono-design-soffione-doccia\/\" \/>\n<meta property=\"og:locale\" content=\"it_IT\" \/>\n<meta property=\"og:type\" content=\"article\" \/>\n<meta property=\"og:title\" content=\"Factory Outlet Polished Brass Concealed Ceiling Bathroom Shower Set with Pre-Embedded Box Cold Hot Mode Concealed Cone Design Shower Head\" \/>\n<meta property=\"og:description\" content=\"Factory outlet polished brass concealed ceiling shower set with pre-embedded box and concealed cone design shower head, suitable for hotels and homes, strong export focus on South America and Southeast Asia.\" \/>\n<meta property=\"og:url\" content=\"https:\/\/www.yoroow.com\/it\/dettaglio-prodotto\/uscita-di-fabbrica-ottone-lucido-nascosto-soffitto-bagno-doccia-set-con-scatola-pre-incorporato-freddo-caldo-modalita-nascosto-cono-design-soffione-doccia\/\" \/>\n<meta property=\"og:site_name\" content=\"YOROOW\" \/>\n<meta property=\"article:publisher\" content=\"https:\/\/www.facebook.com\/people\/yoroowfaucetfactory\/61564236752362\/\" \/>\n<meta property=\"article:modified_time\" content=\"2025-05-16T01:52:34+00:00\" \/>\n<meta property=\"og:image\" content=\"https:\/\/www.yoroow.com\/wp-content\/uploads\/2025\/05\/\u6697\u9600\u5957\u88c5-\u65b9.jpg\" \/>\n\t<meta property=\"og:image:width\" content=\"744\" \/>\n\t<meta property=\"og:image:height\" content=\"744\" \/>\n\t<meta property=\"og:image:type\" content=\"image\/jpeg\" \/>\n<meta name=\"twitter:card\" content=\"summary_large_image\" \/>\n<meta name=\"twitter:label1\" content=\"Tempo di lettura stimato\" \/>\n\t<meta name=\"twitter:data1\" content=\"1 minuto\" \/>\n<script type=\"application\/ld+json\" class=\"yoast-schema-graph\">{\"@context\":\"https:\/\/schema.org\",\"@graph\":[{\"@type\":\"WebPage\",\"@id\":\"https:\/\/www.yoroow.com\/it\/dettaglio-prodotto\/uscita-di-fabbrica-ottone-lucido-nascosto-soffitto-bagno-doccia-set-con-scatola-pre-incorporato-freddo-caldo-modalita-nascosto-cono-design-soffione-doccia\/\",\"url\":\"https:\/\/www.yoroow.com\/it\/dettaglio-prodotto\/uscita-di-fabbrica-ottone-lucido-nascosto-soffitto-bagno-doccia-set-con-scatola-pre-incorporato-freddo-caldo-modalita-nascosto-cono-design-soffione-doccia\/\",\"name\":\"Factory Outlet Polished Brass Concealed Ceiling Bathroom Shower Set with Pre-Embedded Box Cold Hot Mode Concealed Cone Design Shower Head - YOROOW\",\"isPartOf\":{\"@id\":\"https:\/\/www.yoroow.com\/it\/#website\"},\"primaryImageOfPage\":{\"@id\":\"https:\/\/www.yoroow.com\/it\/dettaglio-prodotto\/uscita-di-fabbrica-ottone-lucido-nascosto-soffitto-bagno-doccia-set-con-scatola-pre-incorporato-freddo-caldo-modalita-nascosto-cono-design-soffione-doccia\/#primaryimage\"},\"image\":{\"@id\":\"https:\/\/www.yoroow.com\/it\/dettaglio-prodotto\/uscita-di-fabbrica-ottone-lucido-nascosto-soffitto-bagno-doccia-set-con-scatola-pre-incorporato-freddo-caldo-modalita-nascosto-cono-design-soffione-doccia\/#primaryimage\"},\"thumbnailUrl\":\"https:\/\/www.yoroow.com\/wp-content\/uploads\/2025\/05\/\u6697\u9600\u5957\u88c5-\u65b9.jpg\",\"datePublished\":\"2025-05-08T03:12:09+00:00\",\"dateModified\":\"2025-05-16T01:52:34+00:00\",\"description\":\"Factory outlet polished brass concealed ceiling shower set with pre-embedded box and concealed cone design shower head, suitable for hotels and homes, strong export focus on South America and Southeast Asia.\",\"breadcrumb\":{\"@id\":\"https:\/\/www.yoroow.com\/it\/dettaglio-prodotto\/uscita-di-fabbrica-ottone-lucido-nascosto-soffitto-bagno-doccia-set-con-scatola-pre-incorporato-freddo-caldo-modalita-nascosto-cono-design-soffione-doccia\/#breadcrumb\"},\"inLanguage\":\"it-IT\",\"potentialAction\":[{\"@type\":\"ReadAction\",\"target\":[\"https:\/\/www.yoroow.com\/it\/dettaglio-prodotto\/uscita-di-fabbrica-ottone-lucido-nascosto-soffitto-bagno-doccia-set-con-scatola-pre-incorporato-freddo-caldo-modalita-nascosto-cono-design-soffione-doccia\/\"]}]},{\"@type\":\"ImageObject\",\"inLanguage\":\"it-IT\",\"@id\":\"https:\/\/www.yoroow.com\/it\/dettaglio-prodotto\/uscita-di-fabbrica-ottone-lucido-nascosto-soffitto-bagno-doccia-set-con-scatola-pre-incorporato-freddo-caldo-modalita-nascosto-cono-design-soffione-doccia\/#primaryimage\",\"url\":\"https:\/\/www.yoroow.com\/wp-content\/uploads\/2025\/05\/\u6697\u9600\u5957\u88c5-\u65b9.jpg\",\"contentUrl\":\"https:\/\/www.yoroow.com\/wp-content\/uploads\/2025\/05\/\u6697\u9600\u5957\u88c5-\u65b9.jpg\",\"width\":744,\"height\":744,\"caption\":\"Factory Outlet Polished Brass Concealed Ceiling Bathroom Shower Set with Pre-Embedded Box Cold Hot Mode Concealed Cone Design Shower Head\"},{\"@type\":\"BreadcrumbList\",\"@id\":\"https:\/\/www.yoroow.com\/it\/dettaglio-prodotto\/uscita-di-fabbrica-ottone-lucido-nascosto-soffitto-bagno-doccia-set-con-scatola-pre-incorporato-freddo-caldo-modalita-nascosto-cono-design-soffione-doccia\/#breadcrumb\",\"itemListElement\":[{\"@type\":\"ListItem\",\"position\":1,\"name\":\"home\",\"item\":\"https:\/\/www.yoroow.com\/\"},{\"@type\":\"ListItem\",\"position\":2,\"name\":\"Product\",\"item\":\"https:\/\/www.yoroow.com\/product\/\"},{\"@type\":\"ListItem\",\"position\":3,\"name\":\"Factory Outlet Polished Brass Concealed Ceiling Bathroom Shower Set with Pre-Embedded Box Cold Hot Mode Concealed Cone Design Shower Head\"}]},{\"@type\":\"WebSite\",\"@id\":\"https:\/\/www.yoroow.com\/it\/#website\",\"url\":\"https:\/\/www.yoroow.com\/it\/\",\"name\":\"YOROOW\",\"description\":\"\",\"publisher\":{\"@id\":\"https:\/\/www.yoroow.com\/it\/#organization\"},\"potentialAction\":[{\"@type\":\"SearchAction\",\"target\":{\"@type\":\"EntryPoint\",\"urlTemplate\":\"https:\/\/www.yoroow.com\/it\/?s={search_term_string}\"},\"query-input\":{\"@type\":\"PropertyValueSpecification\",\"valueRequired\":true,\"valueName\":\"search_term_string\"}}],\"inLanguage\":\"it-IT\"},{\"@type\":\"Organization\",\"@id\":\"https:\/\/www.yoroow.com\/it\/#organization\",\"name\":\"YOROOW\",\"url\":\"https:\/\/www.yoroow.com\/it\/\",\"logo\":{\"@type\":\"ImageObject\",\"inLanguage\":\"it-IT\",\"@id\":\"https:\/\/www.yoroow.com\/it\/#\/schema\/logo\/image\/\",\"url\":\"https:\/\/www.yoroow.com\/wp-content\/uploads\/2024\/12\/2024123007131061.png\",\"contentUrl\":\"https:\/\/www.yoroow.com\/wp-content\/uploads\/2024\/12\/2024123007131061.png\",\"width\":168,\"height\":27,\"caption\":\"YOROOW\"},\"image\":{\"@id\":\"https:\/\/www.yoroow.com\/it\/#\/schema\/logo\/image\/\"},\"sameAs\":[\"https:\/\/www.facebook.com\/people\/yoroowfaucetfactory\/61564236752362\/\"]}]}<\/script>\n<!-- \/ Yoast SEO Premium plugin. -->","yoast_head_json":{"title":"Factory Outlet Polished Brass Concealed Ceiling Bathroom Shower Set with Pre-Embedded Box Cold Hot Mode Concealed Cone Design Shower Head - YOROOW","description":"Factory outlet polished brass concealed ceiling shower set with pre-embedded box and concealed cone design shower head, suitable for hotels and homes, strong export focus on South America and Southeast Asia.","robots":{"index":"index","follow":"follow","max-snippet":"max-snippet:-1","max-image-preview":"max-image-preview:large","max-video-preview":"max-video-preview:-1"},"canonical":"https:\/\/www.yoroow.com\/it\/dettaglio-prodotto\/uscita-di-fabbrica-ottone-lucido-nascosto-soffitto-bagno-doccia-set-con-scatola-pre-incorporato-freddo-caldo-modalita-nascosto-cono-design-soffione-doccia\/","og_locale":"it_IT","og_type":"article","og_title":"Factory Outlet Polished Brass Concealed Ceiling Bathroom Shower Set with Pre-Embedded Box Cold Hot Mode Concealed Cone Design Shower Head","og_description":"Factory outlet polished brass concealed ceiling shower set with pre-embedded box and concealed cone design shower head, suitable for hotels and homes, strong export focus on South America and Southeast Asia.","og_url":"https:\/\/www.yoroow.com\/it\/dettaglio-prodotto\/uscita-di-fabbrica-ottone-lucido-nascosto-soffitto-bagno-doccia-set-con-scatola-pre-incorporato-freddo-caldo-modalita-nascosto-cono-design-soffione-doccia\/","og_site_name":"YOROOW","article_publisher":"https:\/\/www.facebook.com\/people\/yoroowfaucetfactory\/61564236752362\/","article_modified_time":"2025-05-16T01:52:34+00:00","og_image":[{"width":744,"height":744,"url":"https:\/\/www.yoroow.com\/wp-content\/uploads\/2025\/05\/\u6697\u9600\u5957\u88c5-\u65b9.jpg","type":"image\/jpeg"}],"twitter_card":"summary_large_image","twitter_misc":{"Tempo di lettura stimato":"1 minuto"},"schema":{"@context":"https:\/\/schema.org","@graph":[{"@type":"WebPage","@id":"https:\/\/www.yoroow.com\/it\/dettaglio-prodotto\/uscita-di-fabbrica-ottone-lucido-nascosto-soffitto-bagno-doccia-set-con-scatola-pre-incorporato-freddo-caldo-modalita-nascosto-cono-design-soffione-doccia\/","url":"https:\/\/www.yoroow.com\/it\/dettaglio-prodotto\/uscita-di-fabbrica-ottone-lucido-nascosto-soffitto-bagno-doccia-set-con-scatola-pre-incorporato-freddo-caldo-modalita-nascosto-cono-design-soffione-doccia\/","name":"Factory Outlet Polished Brass Concealed Ceiling Bathroom Shower Set with Pre-Embedded Box Cold Hot Mode Concealed Cone Design Shower Head - YOROOW","isPartOf":{"@id":"https:\/\/www.yoroow.com\/it\/#website"},"primaryImageOfPage":{"@id":"https:\/\/www.yoroow.com\/it\/dettaglio-prodotto\/uscita-di-fabbrica-ottone-lucido-nascosto-soffitto-bagno-doccia-set-con-scatola-pre-incorporato-freddo-caldo-modalita-nascosto-cono-design-soffione-doccia\/#primaryimage"},"image":{"@id":"https:\/\/www.yoroow.com\/it\/dettaglio-prodotto\/uscita-di-fabbrica-ottone-lucido-nascosto-soffitto-bagno-doccia-set-con-scatola-pre-incorporato-freddo-caldo-modalita-nascosto-cono-design-soffione-doccia\/#primaryimage"},"thumbnailUrl":"https:\/\/www.yoroow.com\/wp-content\/uploads\/2025\/05\/\u6697\u9600\u5957\u88c5-\u65b9.jpg","datePublished":"2025-05-08T03:12:09+00:00","dateModified":"2025-05-16T01:52:34+00:00","description":"Factory outlet polished brass concealed ceiling shower set with pre-embedded box and concealed cone design shower head, suitable for hotels and homes, strong export focus on South America and Southeast Asia.","breadcrumb":{"@id":"https:\/\/www.yoroow.com\/it\/dettaglio-prodotto\/uscita-di-fabbrica-ottone-lucido-nascosto-soffitto-bagno-doccia-set-con-scatola-pre-incorporato-freddo-caldo-modalita-nascosto-cono-design-soffione-doccia\/#breadcrumb"},"inLanguage":"it-IT","potentialAction":[{"@type":"ReadAction","target":["https:\/\/www.yoroow.com\/it\/dettaglio-prodotto\/uscita-di-fabbrica-ottone-lucido-nascosto-soffitto-bagno-doccia-set-con-scatola-pre-incorporato-freddo-caldo-modalita-nascosto-cono-design-soffione-doccia\/"]}]},{"@type":"ImageObject","inLanguage":"it-IT","@id":"https:\/\/www.yoroow.com\/it\/dettaglio-prodotto\/uscita-di-fabbrica-ottone-lucido-nascosto-soffitto-bagno-doccia-set-con-scatola-pre-incorporato-freddo-caldo-modalita-nascosto-cono-design-soffione-doccia\/#primaryimage","url":"https:\/\/www.yoroow.com\/wp-content\/uploads\/2025\/05\/\u6697\u9600\u5957\u88c5-\u65b9.jpg","contentUrl":"https:\/\/www.yoroow.com\/wp-content\/uploads\/2025\/05\/\u6697\u9600\u5957\u88c5-\u65b9.jpg","width":744,"height":744,"caption":"Factory Outlet Polished Brass Concealed Ceiling Bathroom Shower Set with Pre-Embedded Box Cold Hot Mode Concealed Cone Design Shower Head"},{"@type":"BreadcrumbList","@id":"https:\/\/www.yoroow.com\/it\/dettaglio-prodotto\/uscita-di-fabbrica-ottone-lucido-nascosto-soffitto-bagno-doccia-set-con-scatola-pre-incorporato-freddo-caldo-modalita-nascosto-cono-design-soffione-doccia\/#breadcrumb","itemListElement":[{"@type":"ListItem","position":1,"name":"home","item":"https:\/\/www.yoroow.com\/"},{"@type":"ListItem","position":2,"name":"Product","item":"https:\/\/www.yoroow.com\/product\/"},{"@type":"ListItem","position":3,"name":"Factory Outlet Polished Brass Concealed Ceiling Bathroom Shower Set with Pre-Embedded Box Cold Hot Mode Concealed Cone Design Shower Head"}]},{"@type":"WebSite","@id":"https:\/\/www.yoroow.com\/it\/#website","url":"https:\/\/www.yoroow.com\/it\/","name":"YOROOW","description":"","publisher":{"@id":"https:\/\/www.yoroow.com\/it\/#organization"},"potentialAction":[{"@type":"SearchAction","target":{"@type":"EntryPoint","urlTemplate":"https:\/\/www.yoroow.com\/it\/?s={search_term_string}"},"query-input":{"@type":"PropertyValueSpecification","valueRequired":true,"valueName":"search_term_string"}}],"inLanguage":"it-IT"},{"@type":"Organization","@id":"https:\/\/www.yoroow.com\/it\/#organization","name":"YOROOW","url":"https:\/\/www.yoroow.com\/it\/","logo":{"@type":"ImageObject","inLanguage":"it-IT","@id":"https:\/\/www.yoroow.com\/it\/#\/schema\/logo\/image\/","url":"https:\/\/www.yoroow.com\/wp-content\/uploads\/2024\/12\/2024123007131061.png","contentUrl":"https:\/\/www.yoroow.com\/wp-content\/uploads\/2024\/12\/2024123007131061.png","width":168,"height":27,"caption":"YOROOW"},"image":{"@id":"https:\/\/www.yoroow.com\/it\/#\/schema\/logo\/image\/"},"sameAs":["https:\/\/www.facebook.com\/people\/yoroowfaucetfactory\/61564236752362\/"]}]}},"_links":{"self":[{"href":"https:\/\/www.yoroow.com\/it\/wp-json\/wp\/v2\/product\/19645","targetHints":{"allow":["GET"]}}],"collection":[{"href":"https:\/\/www.yoroow.com\/it\/wp-json\/wp\/v2\/product"}],"about":[{"href":"https:\/\/www.yoroow.com\/it\/wp-json\/wp\/v2\/types\/product"}],"wp:featuredmedia":[{"embeddable":true,"href":"https:\/\/www.yoroow.com\/it\/wp-json\/wp\/v2\/media\/19646"}],"wp:attachment":[{"href":"https:\/\/www.yoroow.com\/it\/wp-json\/wp\/v2\/media?parent=19645"}],"wp:term":[{"taxonomy":"product_brand","embeddable":true,"href":"https:\/\/www.yoroow.com\/it\/wp-json\/wp\/v2\/product_brand?post=19645"},{"taxonomy":"product_cat","embeddable":true,"href":"https:\/\/www.yoroow.com\/it\/wp-json\/wp\/v2\/product_cat?post=19645"},{"taxonomy":"product_tag","embeddable":true,"href":"https:\/\/www.yoroow.com\/it\/wp-json\/wp\/v2\/product_tag?post=19645"}],"curies":[{"name":"wp","href":"https:\/\/api.w.org\/{rel}","templated":true}]}}