{"id":19628,"date":"2025-05-08T09:52:18","date_gmt":"2025-05-08T01:52:18","guid":{"rendered":"https:\/\/www.yoroow.com\/?post_type=product&#038;p=19628"},"modified":"2025-06-20T10:12:17","modified_gmt":"2025-06-20T02:12:17","slug":"buon-prezzo-spruzzatore-bidet-a-mano-con-caratteristiche-durevoli-e-flessibili-design-moderno-set-di-tre-pezzi-per-lavare-le-donne-in-bagno","status":"publish","type":"product","link":"https:\/\/www.yoroow.com\/it\/dettaglio-prodotto\/buon-prezzo-spruzzatore-bidet-a-mano-con-caratteristiche-durevoli-e-flessibili-design-moderno-set-di-tre-pezzi-per-lavare-le-donne-in-bagno\/","title":{"rendered":"Buon prezzo Spruzzatore bidet palmare con caratteristiche flessibili e durevoli Design moderno Set di tre pezzi per il lavaggio femminile del bagno"},"content":{"rendered":"<p>Buon prezzo Spruzzatore per bidet portatile con caratteristiche flessibili e durevoli Il set di tre pezzi per il lavaggio femminile del bagno dal design moderno offre una soluzione compatta ed ergonomica per le esigenze di igiene personale. Costruito con lega di zinco resistente e componenti in plastica di alta qualit\u00e0, lo spruzzatore offre un flusso d'acqua regolare e una manovrabilit\u00e0 flessibile. Il set comprende lo spruzzatore manuale, il supporto a parete e il tubo flessibile, progettato per una facile installazione e un uso quotidiano. Prodotto in una rinomata fabbrica cinese nota per la qualit\u00e0 costante e le capacit\u00e0 OEM, \u00e8 sottoposto a numerosi test di prestazione per garantire affidabilit\u00e0 e funzionamento a prova di perdite. Il design combina un'estetica moderna con caratteristiche pratiche adatte all'igiene femminile e alla pulizia generale del bagno. Il prodotto \u00e8 molto richiesto nei mercati del Sud America e del Sud-Est asiatico, come Brasile, Colombia, Thailandia e Vietnam. La fabbrica supporta i clienti con prezzi competitivi, spedizioni tempestive e un attento servizio post-vendita. |<\/p>","protected":false},"excerpt":{"rendered":"<p>Good Price Handheld Bidet Sprayer with Durable Flexible Features Modern Design Three-Piece Feminine Washer Set for Bathroom Use offers a compact and ergonomic solution for personal hygiene needs. Constructed with durable zinc alloy and high-quality plastic components, the sprayer provides smooth water flow and flexible maneuverability. The set includes the handheld sprayer, wall mount, and&#8230;<\/p>","protected":false},"featured_media":19629,"template":"","meta":{"_acf_changed":false,"_kad_post_transparent":"default","_kad_post_title":"","_kad_post_layout":"default","_kad_post_sidebar_id":"","_kad_post_content_style":"default","_kad_post_vertical_padding":"default","_kad_post_feature":"","_kad_post_feature_position":"","_kad_post_header":false,"_kad_post_footer":false},"product_brand":[],"product_cat":[132,7864],"product_tag":[3611,3522],"class_list":{"0":"post-19628","1":"product","2":"type-product","3":"status-publish","4":"has-post-thumbnail","6":"product_cat-bidet-sprayer","7":"product_cat-c-bidetsprayer","8":"product_tag-compact-bidet-sprayer","9":"product_tag-handheld-bidet-sprayer","11":"first","12":"instock","13":"featured","14":"shipping-taxable","15":"purchasable","16":"product-type-variable","17":"wvs-archive-product-wrapper","18":"entry","19":"content-bg","20":"loop-entry"},"acf":[],"yoast_head":"<!-- This site is optimized with the Yoast SEO Premium plugin v25.4 (Yoast SEO v27.0) - https:\/\/yoast.com\/product\/yoast-seo-premium-wordpress\/ -->\n<title>Good Price Handheld Bidet Sprayer with Durable Flexible Features Modern Design Three-Piece Feminine Washer Set for Bathroom Use - YOROOW<\/title>\n<meta name=\"description\" content=\"Good price handheld bidet sprayer with durable flexible features and modern design three-piece feminine washer set. Compact and practical bathroom accessory made in China for South American and Southeast Asian markets.\" \/>\n<meta name=\"robots\" content=\"index, follow, max-snippet:-1, max-image-preview:large, max-video-preview:-1\" \/>\n<link rel=\"canonical\" href=\"https:\/\/www.yoroow.com\/it\/dettaglio-prodotto\/buon-prezzo-spruzzatore-bidet-a-mano-con-caratteristiche-durevoli-e-flessibili-design-moderno-set-di-tre-pezzi-per-lavare-le-donne-in-bagno\/\" \/>\n<meta property=\"og:locale\" content=\"it_IT\" \/>\n<meta property=\"og:type\" content=\"article\" \/>\n<meta property=\"og:title\" content=\"Good Price Handheld Bidet Sprayer with Durable Flexible Features Modern Design Three-Piece Feminine Washer Set for Bathroom Use\" \/>\n<meta property=\"og:description\" content=\"Good price handheld bidet sprayer with durable flexible features and modern design three-piece feminine washer set. Compact and practical bathroom accessory made in China for South American and Southeast Asian markets.\" \/>\n<meta property=\"og:url\" content=\"https:\/\/www.yoroow.com\/it\/dettaglio-prodotto\/buon-prezzo-spruzzatore-bidet-a-mano-con-caratteristiche-durevoli-e-flessibili-design-moderno-set-di-tre-pezzi-per-lavare-le-donne-in-bagno\/\" \/>\n<meta property=\"og:site_name\" content=\"YOROOW\" \/>\n<meta property=\"article:publisher\" content=\"https:\/\/www.facebook.com\/people\/yoroowfaucetfactory\/61564236752362\/\" \/>\n<meta property=\"article:modified_time\" content=\"2025-06-20T02:12:17+00:00\" \/>\n<meta property=\"og:image\" content=\"https:\/\/www.yoroow.com\/wp-content\/uploads\/2025\/05\/02.jpg\" \/>\n\t<meta property=\"og:image:width\" content=\"751\" \/>\n\t<meta property=\"og:image:height\" content=\"751\" \/>\n\t<meta property=\"og:image:type\" content=\"image\/jpeg\" \/>\n<meta name=\"twitter:card\" content=\"summary_large_image\" \/>\n<meta name=\"twitter:label1\" content=\"Tempo di lettura stimato\" \/>\n\t<meta name=\"twitter:data1\" content=\"1 minuto\" \/>\n<script type=\"application\/ld+json\" class=\"yoast-schema-graph\">{\"@context\":\"https:\/\/schema.org\",\"@graph\":[{\"@type\":\"WebPage\",\"@id\":\"https:\/\/www.yoroow.com\/it\/dettaglio-prodotto\/buon-prezzo-spruzzatore-bidet-a-mano-con-caratteristiche-durevoli-e-flessibili-design-moderno-set-di-tre-pezzi-per-lavare-le-donne-in-bagno\/\",\"url\":\"https:\/\/www.yoroow.com\/it\/dettaglio-prodotto\/buon-prezzo-spruzzatore-bidet-a-mano-con-caratteristiche-durevoli-e-flessibili-design-moderno-set-di-tre-pezzi-per-lavare-le-donne-in-bagno\/\",\"name\":\"Good Price Handheld Bidet Sprayer with Durable Flexible Features Modern Design Three-Piece Feminine Washer Set for Bathroom Use - YOROOW\",\"isPartOf\":{\"@id\":\"https:\/\/www.yoroow.com\/it\/#website\"},\"primaryImageOfPage\":{\"@id\":\"https:\/\/www.yoroow.com\/it\/dettaglio-prodotto\/buon-prezzo-spruzzatore-bidet-a-mano-con-caratteristiche-durevoli-e-flessibili-design-moderno-set-di-tre-pezzi-per-lavare-le-donne-in-bagno\/#primaryimage\"},\"image\":{\"@id\":\"https:\/\/www.yoroow.com\/it\/dettaglio-prodotto\/buon-prezzo-spruzzatore-bidet-a-mano-con-caratteristiche-durevoli-e-flessibili-design-moderno-set-di-tre-pezzi-per-lavare-le-donne-in-bagno\/#primaryimage\"},\"thumbnailUrl\":\"https:\/\/www.yoroow.com\/wp-content\/uploads\/2025\/05\/02.jpg\",\"datePublished\":\"2025-05-08T01:52:18+00:00\",\"dateModified\":\"2025-06-20T02:12:17+00:00\",\"description\":\"Good price handheld bidet sprayer with durable flexible features and modern design three-piece feminine washer set. Compact and practical bathroom accessory made in China for South American and Southeast Asian markets.\",\"breadcrumb\":{\"@id\":\"https:\/\/www.yoroow.com\/it\/dettaglio-prodotto\/buon-prezzo-spruzzatore-bidet-a-mano-con-caratteristiche-durevoli-e-flessibili-design-moderno-set-di-tre-pezzi-per-lavare-le-donne-in-bagno\/#breadcrumb\"},\"inLanguage\":\"it-IT\",\"potentialAction\":[{\"@type\":\"ReadAction\",\"target\":[\"https:\/\/www.yoroow.com\/it\/dettaglio-prodotto\/buon-prezzo-spruzzatore-bidet-a-mano-con-caratteristiche-durevoli-e-flessibili-design-moderno-set-di-tre-pezzi-per-lavare-le-donne-in-bagno\/\"]}]},{\"@type\":\"ImageObject\",\"inLanguage\":\"it-IT\",\"@id\":\"https:\/\/www.yoroow.com\/it\/dettaglio-prodotto\/buon-prezzo-spruzzatore-bidet-a-mano-con-caratteristiche-durevoli-e-flessibili-design-moderno-set-di-tre-pezzi-per-lavare-le-donne-in-bagno\/#primaryimage\",\"url\":\"https:\/\/www.yoroow.com\/wp-content\/uploads\/2025\/05\/02.jpg\",\"contentUrl\":\"https:\/\/www.yoroow.com\/wp-content\/uploads\/2025\/05\/02.jpg\",\"width\":751,\"height\":751,\"caption\":\"Good Price Handheld Bidet Sprayer with Durable Flexible Features Modern Design Three-Piece Feminine Washer Set for Bathroom Use\"},{\"@type\":\"BreadcrumbList\",\"@id\":\"https:\/\/www.yoroow.com\/it\/dettaglio-prodotto\/buon-prezzo-spruzzatore-bidet-a-mano-con-caratteristiche-durevoli-e-flessibili-design-moderno-set-di-tre-pezzi-per-lavare-le-donne-in-bagno\/#breadcrumb\",\"itemListElement\":[{\"@type\":\"ListItem\",\"position\":1,\"name\":\"home\",\"item\":\"https:\/\/www.yoroow.com\/\"},{\"@type\":\"ListItem\",\"position\":2,\"name\":\"Product\",\"item\":\"https:\/\/www.yoroow.com\/product\/\"},{\"@type\":\"ListItem\",\"position\":3,\"name\":\"Good Price Handheld Bidet Sprayer with Durable Flexible Features Modern Design Three-Piece Feminine Washer Set for Bathroom Use\"}]},{\"@type\":\"WebSite\",\"@id\":\"https:\/\/www.yoroow.com\/it\/#website\",\"url\":\"https:\/\/www.yoroow.com\/it\/\",\"name\":\"YOROOW\",\"description\":\"\",\"publisher\":{\"@id\":\"https:\/\/www.yoroow.com\/it\/#organization\"},\"potentialAction\":[{\"@type\":\"SearchAction\",\"target\":{\"@type\":\"EntryPoint\",\"urlTemplate\":\"https:\/\/www.yoroow.com\/it\/?s={search_term_string}\"},\"query-input\":{\"@type\":\"PropertyValueSpecification\",\"valueRequired\":true,\"valueName\":\"search_term_string\"}}],\"inLanguage\":\"it-IT\"},{\"@type\":\"Organization\",\"@id\":\"https:\/\/www.yoroow.com\/it\/#organization\",\"name\":\"YOROOW\",\"url\":\"https:\/\/www.yoroow.com\/it\/\",\"logo\":{\"@type\":\"ImageObject\",\"inLanguage\":\"it-IT\",\"@id\":\"https:\/\/www.yoroow.com\/it\/#\/schema\/logo\/image\/\",\"url\":\"https:\/\/www.yoroow.com\/wp-content\/uploads\/2024\/12\/2024123007131061.png\",\"contentUrl\":\"https:\/\/www.yoroow.com\/wp-content\/uploads\/2024\/12\/2024123007131061.png\",\"width\":168,\"height\":27,\"caption\":\"YOROOW\"},\"image\":{\"@id\":\"https:\/\/www.yoroow.com\/it\/#\/schema\/logo\/image\/\"},\"sameAs\":[\"https:\/\/www.facebook.com\/people\/yoroowfaucetfactory\/61564236752362\/\"]}]}<\/script>\n<!-- \/ Yoast SEO Premium plugin. -->","yoast_head_json":{"title":"Good Price Handheld Bidet Sprayer with Durable Flexible Features Modern Design Three-Piece Feminine Washer Set for Bathroom Use - YOROOW","description":"Good price handheld bidet sprayer with durable flexible features and modern design three-piece feminine washer set. Compact and practical bathroom accessory made in China for South American and Southeast Asian markets.","robots":{"index":"index","follow":"follow","max-snippet":"max-snippet:-1","max-image-preview":"max-image-preview:large","max-video-preview":"max-video-preview:-1"},"canonical":"https:\/\/www.yoroow.com\/it\/dettaglio-prodotto\/buon-prezzo-spruzzatore-bidet-a-mano-con-caratteristiche-durevoli-e-flessibili-design-moderno-set-di-tre-pezzi-per-lavare-le-donne-in-bagno\/","og_locale":"it_IT","og_type":"article","og_title":"Good Price Handheld Bidet Sprayer with Durable Flexible Features Modern Design Three-Piece Feminine Washer Set for Bathroom Use","og_description":"Good price handheld bidet sprayer with durable flexible features and modern design three-piece feminine washer set. Compact and practical bathroom accessory made in China for South American and Southeast Asian markets.","og_url":"https:\/\/www.yoroow.com\/it\/dettaglio-prodotto\/buon-prezzo-spruzzatore-bidet-a-mano-con-caratteristiche-durevoli-e-flessibili-design-moderno-set-di-tre-pezzi-per-lavare-le-donne-in-bagno\/","og_site_name":"YOROOW","article_publisher":"https:\/\/www.facebook.com\/people\/yoroowfaucetfactory\/61564236752362\/","article_modified_time":"2025-06-20T02:12:17+00:00","og_image":[{"width":751,"height":751,"url":"https:\/\/www.yoroow.com\/wp-content\/uploads\/2025\/05\/02.jpg","type":"image\/jpeg"}],"twitter_card":"summary_large_image","twitter_misc":{"Tempo di lettura stimato":"1 minuto"},"schema":{"@context":"https:\/\/schema.org","@graph":[{"@type":"WebPage","@id":"https:\/\/www.yoroow.com\/it\/dettaglio-prodotto\/buon-prezzo-spruzzatore-bidet-a-mano-con-caratteristiche-durevoli-e-flessibili-design-moderno-set-di-tre-pezzi-per-lavare-le-donne-in-bagno\/","url":"https:\/\/www.yoroow.com\/it\/dettaglio-prodotto\/buon-prezzo-spruzzatore-bidet-a-mano-con-caratteristiche-durevoli-e-flessibili-design-moderno-set-di-tre-pezzi-per-lavare-le-donne-in-bagno\/","name":"Good Price Handheld Bidet Sprayer with Durable Flexible Features Modern Design Three-Piece Feminine Washer Set for Bathroom Use - YOROOW","isPartOf":{"@id":"https:\/\/www.yoroow.com\/it\/#website"},"primaryImageOfPage":{"@id":"https:\/\/www.yoroow.com\/it\/dettaglio-prodotto\/buon-prezzo-spruzzatore-bidet-a-mano-con-caratteristiche-durevoli-e-flessibili-design-moderno-set-di-tre-pezzi-per-lavare-le-donne-in-bagno\/#primaryimage"},"image":{"@id":"https:\/\/www.yoroow.com\/it\/dettaglio-prodotto\/buon-prezzo-spruzzatore-bidet-a-mano-con-caratteristiche-durevoli-e-flessibili-design-moderno-set-di-tre-pezzi-per-lavare-le-donne-in-bagno\/#primaryimage"},"thumbnailUrl":"https:\/\/www.yoroow.com\/wp-content\/uploads\/2025\/05\/02.jpg","datePublished":"2025-05-08T01:52:18+00:00","dateModified":"2025-06-20T02:12:17+00:00","description":"Good price handheld bidet sprayer with durable flexible features and modern design three-piece feminine washer set. Compact and practical bathroom accessory made in China for South American and Southeast Asian markets.","breadcrumb":{"@id":"https:\/\/www.yoroow.com\/it\/dettaglio-prodotto\/buon-prezzo-spruzzatore-bidet-a-mano-con-caratteristiche-durevoli-e-flessibili-design-moderno-set-di-tre-pezzi-per-lavare-le-donne-in-bagno\/#breadcrumb"},"inLanguage":"it-IT","potentialAction":[{"@type":"ReadAction","target":["https:\/\/www.yoroow.com\/it\/dettaglio-prodotto\/buon-prezzo-spruzzatore-bidet-a-mano-con-caratteristiche-durevoli-e-flessibili-design-moderno-set-di-tre-pezzi-per-lavare-le-donne-in-bagno\/"]}]},{"@type":"ImageObject","inLanguage":"it-IT","@id":"https:\/\/www.yoroow.com\/it\/dettaglio-prodotto\/buon-prezzo-spruzzatore-bidet-a-mano-con-caratteristiche-durevoli-e-flessibili-design-moderno-set-di-tre-pezzi-per-lavare-le-donne-in-bagno\/#primaryimage","url":"https:\/\/www.yoroow.com\/wp-content\/uploads\/2025\/05\/02.jpg","contentUrl":"https:\/\/www.yoroow.com\/wp-content\/uploads\/2025\/05\/02.jpg","width":751,"height":751,"caption":"Good Price Handheld Bidet Sprayer with Durable Flexible Features Modern Design Three-Piece Feminine Washer Set for Bathroom Use"},{"@type":"BreadcrumbList","@id":"https:\/\/www.yoroow.com\/it\/dettaglio-prodotto\/buon-prezzo-spruzzatore-bidet-a-mano-con-caratteristiche-durevoli-e-flessibili-design-moderno-set-di-tre-pezzi-per-lavare-le-donne-in-bagno\/#breadcrumb","itemListElement":[{"@type":"ListItem","position":1,"name":"home","item":"https:\/\/www.yoroow.com\/"},{"@type":"ListItem","position":2,"name":"Product","item":"https:\/\/www.yoroow.com\/product\/"},{"@type":"ListItem","position":3,"name":"Good Price Handheld Bidet Sprayer with Durable Flexible Features Modern Design Three-Piece Feminine Washer Set for Bathroom Use"}]},{"@type":"WebSite","@id":"https:\/\/www.yoroow.com\/it\/#website","url":"https:\/\/www.yoroow.com\/it\/","name":"YOROOW","description":"","publisher":{"@id":"https:\/\/www.yoroow.com\/it\/#organization"},"potentialAction":[{"@type":"SearchAction","target":{"@type":"EntryPoint","urlTemplate":"https:\/\/www.yoroow.com\/it\/?s={search_term_string}"},"query-input":{"@type":"PropertyValueSpecification","valueRequired":true,"valueName":"search_term_string"}}],"inLanguage":"it-IT"},{"@type":"Organization","@id":"https:\/\/www.yoroow.com\/it\/#organization","name":"YOROOW","url":"https:\/\/www.yoroow.com\/it\/","logo":{"@type":"ImageObject","inLanguage":"it-IT","@id":"https:\/\/www.yoroow.com\/it\/#\/schema\/logo\/image\/","url":"https:\/\/www.yoroow.com\/wp-content\/uploads\/2024\/12\/2024123007131061.png","contentUrl":"https:\/\/www.yoroow.com\/wp-content\/uploads\/2024\/12\/2024123007131061.png","width":168,"height":27,"caption":"YOROOW"},"image":{"@id":"https:\/\/www.yoroow.com\/it\/#\/schema\/logo\/image\/"},"sameAs":["https:\/\/www.facebook.com\/people\/yoroowfaucetfactory\/61564236752362\/"]}]}},"_links":{"self":[{"href":"https:\/\/www.yoroow.com\/it\/wp-json\/wp\/v2\/product\/19628","targetHints":{"allow":["GET"]}}],"collection":[{"href":"https:\/\/www.yoroow.com\/it\/wp-json\/wp\/v2\/product"}],"about":[{"href":"https:\/\/www.yoroow.com\/it\/wp-json\/wp\/v2\/types\/product"}],"wp:featuredmedia":[{"embeddable":true,"href":"https:\/\/www.yoroow.com\/it\/wp-json\/wp\/v2\/media\/19629"}],"wp:attachment":[{"href":"https:\/\/www.yoroow.com\/it\/wp-json\/wp\/v2\/media?parent=19628"}],"wp:term":[{"taxonomy":"product_brand","embeddable":true,"href":"https:\/\/www.yoroow.com\/it\/wp-json\/wp\/v2\/product_brand?post=19628"},{"taxonomy":"product_cat","embeddable":true,"href":"https:\/\/www.yoroow.com\/it\/wp-json\/wp\/v2\/product_cat?post=19628"},{"taxonomy":"product_tag","embeddable":true,"href":"https:\/\/www.yoroow.com\/it\/wp-json\/wp\/v2\/product_tag?post=19628"}],"curies":[{"name":"wp","href":"https:\/\/api.w.org\/{rel}","templated":true}]}}