{"id":13887,"date":"2025-03-04T17:06:56","date_gmt":"2025-03-04T09:06:56","guid":{"rendered":"https:\/\/www.yoroow.com\/?post_type=product&#038;p=13887"},"modified":"2025-05-16T09:45:43","modified_gmt":"2025-05-16T01:45:43","slug":"buona-qualita-singola-maniglia-oro-rubinetto-del-bacino-corpo-in-ottone-e-nucleo-valvola-in-ceramica-per-la-casa-gabinetto-bagno","status":"publish","type":"product","link":"https:\/\/www.yoroow.com\/it\/dettaglio-prodotto\/buona-qualita-singola-maniglia-oro-rubinetto-del-bacino-corpo-in-ottone-e-nucleo-valvola-in-ceramica-per-la-casa-gabinetto-bagno\/","title":{"rendered":"Modernamente popolare rubinetto del bacino d'oro a una mano Buona qualit\u00e0 Miscelatore d'ottone alto per il bagno di casa"},"content":{"rendered":"<p>Questo rubinetto per lavabo a una maniglia \u00e8 progettato con una finitura nera opaca, che aggiunge un look elegante e moderno a qualsiasi bagno. Realizzato in ottone di alta qualit\u00e0, il rubinetto offre durata e resistenza alla ruggine e alla corrosione. Il suo design semplice ed elegante si adatta bene ad ambienti bagno contemporanei e minimalisti. Il rubinetto consente un controllo preciso della temperatura e del flusso con un'unica maniglia, offrendo un'esperienza d'uso eccellente. Prodotto in Cina, questo rubinetto \u00e8 offerto a prezzi competitivi ed \u00e8 ideale per l'esportazione in Sud America e nel Sud-Est asiatico. Le solide capacit\u00e0 produttive della fabbrica garantiscono prodotti di alta qualit\u00e0 con opzioni di personalizzazione flessibili per soddisfare le esigenze specifiche del mercato.<\/p>","protected":false},"excerpt":{"rendered":"<p>This single-handle basin faucet is designed with a matte black finish, adding a sleek and modern look to any bathroom. Made from high-quality brass, the faucet offers durability and resistance to rust and corrosion. Its simple, stylish design fits well in both contemporary and minimalist bathroom settings. The faucet allows for precise temperature and flow&#8230;<\/p>","protected":false},"featured_media":13877,"template":"","meta":{"_acf_changed":false,"_kad_post_transparent":"default","_kad_post_title":"","_kad_post_layout":"default","_kad_post_sidebar_id":"","_kad_post_content_style":"default","_kad_post_vertical_padding":"default","_kad_post_feature":"","_kad_post_feature_position":"","_kad_post_header":false,"_kad_post_footer":false},"product_brand":[],"product_cat":[238],"product_tag":[7843,3383],"class_list":{"0":"post-13887","1":"product","2":"type-product","3":"status-publish","4":"has-post-thumbnail","6":"product_cat-mixer-basin-faucet","7":"product_tag-modern-popular-basin-faucet","8":"product_tag-tall-basin-faucet-gold","10":"first","11":"instock","12":"shipping-taxable","13":"purchasable","14":"product-type-variable","15":"wvs-archive-product-wrapper","16":"entry","17":"content-bg","18":"loop-entry"},"acf":[],"yoast_head":"<!-- This site is optimized with the Yoast SEO Premium plugin v25.4 (Yoast SEO v27.0) - https:\/\/yoast.com\/product\/yoast-seo-premium-wordpress\/ -->\n<title>Modern Popular Single-Handle Gold Basin Faucet Good Quality Tall Brass Mixer for Home Bathroom - YOROOW<\/title>\n<meta name=\"description\" content=\"Modern popular single-handle gold basin faucet made of tall brass mixer, suitable for elegant home bathrooms, combining style with functionality, manufactured in China with advanced production lines, strongly exported to South America and Southeast Asia markets.\" \/>\n<meta name=\"robots\" content=\"index, follow, max-snippet:-1, max-image-preview:large, max-video-preview:-1\" \/>\n<link rel=\"canonical\" href=\"https:\/\/www.yoroow.com\/it\/dettaglio-prodotto\/buona-qualita-singola-maniglia-oro-rubinetto-del-bacino-corpo-in-ottone-e-nucleo-valvola-in-ceramica-per-la-casa-gabinetto-bagno\/\" \/>\n<meta property=\"og:locale\" content=\"it_IT\" \/>\n<meta property=\"og:type\" content=\"article\" \/>\n<meta property=\"og:title\" content=\"Modern Popular Single-Handle Gold Basin Faucet Good Quality Tall Brass Mixer for Home Bathroom\" \/>\n<meta property=\"og:description\" content=\"Modern popular single-handle gold basin faucet made of tall brass mixer, suitable for elegant home bathrooms, combining style with functionality, manufactured in China with advanced production lines, strongly exported to South America and Southeast Asia markets.\" \/>\n<meta property=\"og:url\" content=\"https:\/\/www.yoroow.com\/it\/dettaglio-prodotto\/buona-qualita-singola-maniglia-oro-rubinetto-del-bacino-corpo-in-ottone-e-nucleo-valvola-in-ceramica-per-la-casa-gabinetto-bagno\/\" \/>\n<meta property=\"og:site_name\" content=\"YOROOW\" \/>\n<meta property=\"article:publisher\" content=\"https:\/\/www.facebook.com\/people\/yoroowfaucetfactory\/61564236752362\/\" \/>\n<meta property=\"article:modified_time\" content=\"2025-05-16T01:45:43+00:00\" \/>\n<meta property=\"og:image\" content=\"https:\/\/www.yoroow.com\/wp-content\/uploads\/2025\/03\/FE5BE6DB-5C18-4A90-BF46-B3DFCEAAD512.jpeg\" \/>\n\t<meta property=\"og:image:width\" content=\"603\" \/>\n\t<meta property=\"og:image:height\" content=\"599\" \/>\n\t<meta property=\"og:image:type\" content=\"image\/jpeg\" \/>\n<meta name=\"twitter:card\" content=\"summary_large_image\" \/>\n<meta name=\"twitter:label1\" content=\"Tempo di lettura stimato\" \/>\n\t<meta name=\"twitter:data1\" content=\"1 minuto\" \/>\n<script type=\"application\/ld+json\" class=\"yoast-schema-graph\">{\"@context\":\"https:\/\/schema.org\",\"@graph\":[{\"@type\":\"WebPage\",\"@id\":\"https:\/\/www.yoroow.com\/it\/dettaglio-prodotto\/buona-qualita-singola-maniglia-oro-rubinetto-del-bacino-corpo-in-ottone-e-nucleo-valvola-in-ceramica-per-la-casa-gabinetto-bagno\/\",\"url\":\"https:\/\/www.yoroow.com\/it\/dettaglio-prodotto\/buona-qualita-singola-maniglia-oro-rubinetto-del-bacino-corpo-in-ottone-e-nucleo-valvola-in-ceramica-per-la-casa-gabinetto-bagno\/\",\"name\":\"Modern Popular Single-Handle Gold Basin Faucet Good Quality Tall Brass Mixer for Home Bathroom - YOROOW\",\"isPartOf\":{\"@id\":\"https:\/\/www.yoroow.com\/it\/#website\"},\"primaryImageOfPage\":{\"@id\":\"https:\/\/www.yoroow.com\/it\/dettaglio-prodotto\/buona-qualita-singola-maniglia-oro-rubinetto-del-bacino-corpo-in-ottone-e-nucleo-valvola-in-ceramica-per-la-casa-gabinetto-bagno\/#primaryimage\"},\"image\":{\"@id\":\"https:\/\/www.yoroow.com\/it\/dettaglio-prodotto\/buona-qualita-singola-maniglia-oro-rubinetto-del-bacino-corpo-in-ottone-e-nucleo-valvola-in-ceramica-per-la-casa-gabinetto-bagno\/#primaryimage\"},\"thumbnailUrl\":\"https:\/\/www.yoroow.com\/wp-content\/uploads\/2025\/03\/FE5BE6DB-5C18-4A90-BF46-B3DFCEAAD512.jpeg\",\"datePublished\":\"2025-03-04T09:06:56+00:00\",\"dateModified\":\"2025-05-16T01:45:43+00:00\",\"description\":\"Modern popular single-handle gold basin faucet made of tall brass mixer, suitable for elegant home bathrooms, combining style with functionality, manufactured in China with advanced production lines, strongly exported to South America and Southeast Asia markets.\",\"breadcrumb\":{\"@id\":\"https:\/\/www.yoroow.com\/it\/dettaglio-prodotto\/buona-qualita-singola-maniglia-oro-rubinetto-del-bacino-corpo-in-ottone-e-nucleo-valvola-in-ceramica-per-la-casa-gabinetto-bagno\/#breadcrumb\"},\"inLanguage\":\"it-IT\",\"potentialAction\":[{\"@type\":\"ReadAction\",\"target\":[\"https:\/\/www.yoroow.com\/it\/dettaglio-prodotto\/buona-qualita-singola-maniglia-oro-rubinetto-del-bacino-corpo-in-ottone-e-nucleo-valvola-in-ceramica-per-la-casa-gabinetto-bagno\/\"]}]},{\"@type\":\"ImageObject\",\"inLanguage\":\"it-IT\",\"@id\":\"https:\/\/www.yoroow.com\/it\/dettaglio-prodotto\/buona-qualita-singola-maniglia-oro-rubinetto-del-bacino-corpo-in-ottone-e-nucleo-valvola-in-ceramica-per-la-casa-gabinetto-bagno\/#primaryimage\",\"url\":\"https:\/\/www.yoroow.com\/wp-content\/uploads\/2025\/03\/FE5BE6DB-5C18-4A90-BF46-B3DFCEAAD512.jpeg\",\"contentUrl\":\"https:\/\/www.yoroow.com\/wp-content\/uploads\/2025\/03\/FE5BE6DB-5C18-4A90-BF46-B3DFCEAAD512.jpeg\",\"width\":603,\"height\":599,\"caption\":\"Antique Bronze Basin Faucet Modern Single-Handle Gun Grey Design Premium Copper Brass for Home Bathroom\"},{\"@type\":\"BreadcrumbList\",\"@id\":\"https:\/\/www.yoroow.com\/it\/dettaglio-prodotto\/buona-qualita-singola-maniglia-oro-rubinetto-del-bacino-corpo-in-ottone-e-nucleo-valvola-in-ceramica-per-la-casa-gabinetto-bagno\/#breadcrumb\",\"itemListElement\":[{\"@type\":\"ListItem\",\"position\":1,\"name\":\"home\",\"item\":\"https:\/\/www.yoroow.com\/\"},{\"@type\":\"ListItem\",\"position\":2,\"name\":\"Product\",\"item\":\"https:\/\/www.yoroow.com\/product\/\"},{\"@type\":\"ListItem\",\"position\":3,\"name\":\"Modern Popular Single-Handle Gold Basin Faucet Good Quality Tall Brass Mixer for Home Bathroom\"}]},{\"@type\":\"WebSite\",\"@id\":\"https:\/\/www.yoroow.com\/it\/#website\",\"url\":\"https:\/\/www.yoroow.com\/it\/\",\"name\":\"YOROOW\",\"description\":\"\",\"publisher\":{\"@id\":\"https:\/\/www.yoroow.com\/it\/#organization\"},\"potentialAction\":[{\"@type\":\"SearchAction\",\"target\":{\"@type\":\"EntryPoint\",\"urlTemplate\":\"https:\/\/www.yoroow.com\/it\/?s={search_term_string}\"},\"query-input\":{\"@type\":\"PropertyValueSpecification\",\"valueRequired\":true,\"valueName\":\"search_term_string\"}}],\"inLanguage\":\"it-IT\"},{\"@type\":\"Organization\",\"@id\":\"https:\/\/www.yoroow.com\/it\/#organization\",\"name\":\"YOROOW\",\"url\":\"https:\/\/www.yoroow.com\/it\/\",\"logo\":{\"@type\":\"ImageObject\",\"inLanguage\":\"it-IT\",\"@id\":\"https:\/\/www.yoroow.com\/it\/#\/schema\/logo\/image\/\",\"url\":\"https:\/\/www.yoroow.com\/wp-content\/uploads\/2024\/12\/2024123007131061.png\",\"contentUrl\":\"https:\/\/www.yoroow.com\/wp-content\/uploads\/2024\/12\/2024123007131061.png\",\"width\":168,\"height\":27,\"caption\":\"YOROOW\"},\"image\":{\"@id\":\"https:\/\/www.yoroow.com\/it\/#\/schema\/logo\/image\/\"},\"sameAs\":[\"https:\/\/www.facebook.com\/people\/yoroowfaucetfactory\/61564236752362\/\"]}]}<\/script>\n<!-- \/ Yoast SEO Premium plugin. -->","yoast_head_json":{"title":"Modern Popular Single-Handle Gold Basin Faucet Good Quality Tall Brass Mixer for Home Bathroom - YOROOW","description":"Modern popular single-handle gold basin faucet made of tall brass mixer, suitable for elegant home bathrooms, combining style with functionality, manufactured in China with advanced production lines, strongly exported to South America and Southeast Asia markets.","robots":{"index":"index","follow":"follow","max-snippet":"max-snippet:-1","max-image-preview":"max-image-preview:large","max-video-preview":"max-video-preview:-1"},"canonical":"https:\/\/www.yoroow.com\/it\/dettaglio-prodotto\/buona-qualita-singola-maniglia-oro-rubinetto-del-bacino-corpo-in-ottone-e-nucleo-valvola-in-ceramica-per-la-casa-gabinetto-bagno\/","og_locale":"it_IT","og_type":"article","og_title":"Modern Popular Single-Handle Gold Basin Faucet Good Quality Tall Brass Mixer for Home Bathroom","og_description":"Modern popular single-handle gold basin faucet made of tall brass mixer, suitable for elegant home bathrooms, combining style with functionality, manufactured in China with advanced production lines, strongly exported to South America and Southeast Asia markets.","og_url":"https:\/\/www.yoroow.com\/it\/dettaglio-prodotto\/buona-qualita-singola-maniglia-oro-rubinetto-del-bacino-corpo-in-ottone-e-nucleo-valvola-in-ceramica-per-la-casa-gabinetto-bagno\/","og_site_name":"YOROOW","article_publisher":"https:\/\/www.facebook.com\/people\/yoroowfaucetfactory\/61564236752362\/","article_modified_time":"2025-05-16T01:45:43+00:00","og_image":[{"width":603,"height":599,"url":"https:\/\/www.yoroow.com\/wp-content\/uploads\/2025\/03\/FE5BE6DB-5C18-4A90-BF46-B3DFCEAAD512.jpeg","type":"image\/jpeg"}],"twitter_card":"summary_large_image","twitter_misc":{"Tempo di lettura stimato":"1 minuto"},"schema":{"@context":"https:\/\/schema.org","@graph":[{"@type":"WebPage","@id":"https:\/\/www.yoroow.com\/it\/dettaglio-prodotto\/buona-qualita-singola-maniglia-oro-rubinetto-del-bacino-corpo-in-ottone-e-nucleo-valvola-in-ceramica-per-la-casa-gabinetto-bagno\/","url":"https:\/\/www.yoroow.com\/it\/dettaglio-prodotto\/buona-qualita-singola-maniglia-oro-rubinetto-del-bacino-corpo-in-ottone-e-nucleo-valvola-in-ceramica-per-la-casa-gabinetto-bagno\/","name":"Modern Popular Single-Handle Gold Basin Faucet Good Quality Tall Brass Mixer for Home Bathroom - YOROOW","isPartOf":{"@id":"https:\/\/www.yoroow.com\/it\/#website"},"primaryImageOfPage":{"@id":"https:\/\/www.yoroow.com\/it\/dettaglio-prodotto\/buona-qualita-singola-maniglia-oro-rubinetto-del-bacino-corpo-in-ottone-e-nucleo-valvola-in-ceramica-per-la-casa-gabinetto-bagno\/#primaryimage"},"image":{"@id":"https:\/\/www.yoroow.com\/it\/dettaglio-prodotto\/buona-qualita-singola-maniglia-oro-rubinetto-del-bacino-corpo-in-ottone-e-nucleo-valvola-in-ceramica-per-la-casa-gabinetto-bagno\/#primaryimage"},"thumbnailUrl":"https:\/\/www.yoroow.com\/wp-content\/uploads\/2025\/03\/FE5BE6DB-5C18-4A90-BF46-B3DFCEAAD512.jpeg","datePublished":"2025-03-04T09:06:56+00:00","dateModified":"2025-05-16T01:45:43+00:00","description":"Modern popular single-handle gold basin faucet made of tall brass mixer, suitable for elegant home bathrooms, combining style with functionality, manufactured in China with advanced production lines, strongly exported to South America and Southeast Asia markets.","breadcrumb":{"@id":"https:\/\/www.yoroow.com\/it\/dettaglio-prodotto\/buona-qualita-singola-maniglia-oro-rubinetto-del-bacino-corpo-in-ottone-e-nucleo-valvola-in-ceramica-per-la-casa-gabinetto-bagno\/#breadcrumb"},"inLanguage":"it-IT","potentialAction":[{"@type":"ReadAction","target":["https:\/\/www.yoroow.com\/it\/dettaglio-prodotto\/buona-qualita-singola-maniglia-oro-rubinetto-del-bacino-corpo-in-ottone-e-nucleo-valvola-in-ceramica-per-la-casa-gabinetto-bagno\/"]}]},{"@type":"ImageObject","inLanguage":"it-IT","@id":"https:\/\/www.yoroow.com\/it\/dettaglio-prodotto\/buona-qualita-singola-maniglia-oro-rubinetto-del-bacino-corpo-in-ottone-e-nucleo-valvola-in-ceramica-per-la-casa-gabinetto-bagno\/#primaryimage","url":"https:\/\/www.yoroow.com\/wp-content\/uploads\/2025\/03\/FE5BE6DB-5C18-4A90-BF46-B3DFCEAAD512.jpeg","contentUrl":"https:\/\/www.yoroow.com\/wp-content\/uploads\/2025\/03\/FE5BE6DB-5C18-4A90-BF46-B3DFCEAAD512.jpeg","width":603,"height":599,"caption":"Antique Bronze Basin Faucet Modern Single-Handle Gun Grey Design Premium Copper Brass for Home Bathroom"},{"@type":"BreadcrumbList","@id":"https:\/\/www.yoroow.com\/it\/dettaglio-prodotto\/buona-qualita-singola-maniglia-oro-rubinetto-del-bacino-corpo-in-ottone-e-nucleo-valvola-in-ceramica-per-la-casa-gabinetto-bagno\/#breadcrumb","itemListElement":[{"@type":"ListItem","position":1,"name":"home","item":"https:\/\/www.yoroow.com\/"},{"@type":"ListItem","position":2,"name":"Product","item":"https:\/\/www.yoroow.com\/product\/"},{"@type":"ListItem","position":3,"name":"Modern Popular Single-Handle Gold Basin Faucet Good Quality Tall Brass Mixer for Home Bathroom"}]},{"@type":"WebSite","@id":"https:\/\/www.yoroow.com\/it\/#website","url":"https:\/\/www.yoroow.com\/it\/","name":"YOROOW","description":"","publisher":{"@id":"https:\/\/www.yoroow.com\/it\/#organization"},"potentialAction":[{"@type":"SearchAction","target":{"@type":"EntryPoint","urlTemplate":"https:\/\/www.yoroow.com\/it\/?s={search_term_string}"},"query-input":{"@type":"PropertyValueSpecification","valueRequired":true,"valueName":"search_term_string"}}],"inLanguage":"it-IT"},{"@type":"Organization","@id":"https:\/\/www.yoroow.com\/it\/#organization","name":"YOROOW","url":"https:\/\/www.yoroow.com\/it\/","logo":{"@type":"ImageObject","inLanguage":"it-IT","@id":"https:\/\/www.yoroow.com\/it\/#\/schema\/logo\/image\/","url":"https:\/\/www.yoroow.com\/wp-content\/uploads\/2024\/12\/2024123007131061.png","contentUrl":"https:\/\/www.yoroow.com\/wp-content\/uploads\/2024\/12\/2024123007131061.png","width":168,"height":27,"caption":"YOROOW"},"image":{"@id":"https:\/\/www.yoroow.com\/it\/#\/schema\/logo\/image\/"},"sameAs":["https:\/\/www.facebook.com\/people\/yoroowfaucetfactory\/61564236752362\/"]}]}},"_links":{"self":[{"href":"https:\/\/www.yoroow.com\/it\/wp-json\/wp\/v2\/product\/13887","targetHints":{"allow":["GET"]}}],"collection":[{"href":"https:\/\/www.yoroow.com\/it\/wp-json\/wp\/v2\/product"}],"about":[{"href":"https:\/\/www.yoroow.com\/it\/wp-json\/wp\/v2\/types\/product"}],"wp:featuredmedia":[{"embeddable":true,"href":"https:\/\/www.yoroow.com\/it\/wp-json\/wp\/v2\/media\/13877"}],"wp:attachment":[{"href":"https:\/\/www.yoroow.com\/it\/wp-json\/wp\/v2\/media?parent=13887"}],"wp:term":[{"taxonomy":"product_brand","embeddable":true,"href":"https:\/\/www.yoroow.com\/it\/wp-json\/wp\/v2\/product_brand?post=13887"},{"taxonomy":"product_cat","embeddable":true,"href":"https:\/\/www.yoroow.com\/it\/wp-json\/wp\/v2\/product_cat?post=13887"},{"taxonomy":"product_tag","embeddable":true,"href":"https:\/\/www.yoroow.com\/it\/wp-json\/wp\/v2\/product_tag?post=13887"}],"curies":[{"name":"wp","href":"https:\/\/api.w.org\/{rel}","templated":true}]}}