{"id":13871,"date":"2025-03-04T17:00:54","date_gmt":"2025-03-04T09:00:54","guid":{"rendered":"https:\/\/www.yoroow.com\/?post_type=product&#038;p=13871"},"modified":"2025-05-16T09:45:38","modified_gmt":"2025-05-16T01:45:38","slug":"rubinetto-moderno-per-lavabo-monocomando-grigio-pistola-rame-premium-con-corpo-in-ottone-e-nucleo-valvola-in-ceramica-per-mobile-bagno-casa","status":"publish","type":"product","link":"https:\/\/www.yoroow.com\/it\/dettaglio-prodotto\/rubinetto-moderno-per-lavabo-monocomando-grigio-pistola-rame-premium-con-corpo-in-ottone-e-nucleo-valvola-in-ceramica-per-mobile-bagno-casa\/","title":{"rendered":"Rubinetto del lavabo in bronzo antico Design moderno a una maniglia in rame grigio canna di fucile Premium per il bagno di casa"},"content":{"rendered":"<p>Questo rubinetto per lavabo in cromo antico \u00e8 caratterizzato da un design a maniglia singola, che consente di controllare facilmente sia l'acqua fredda che quella calda. L'estetica vintage \u00e8 completata da una funzionalit\u00e0 moderna, che lo rende una scelta versatile per gli stili di bagno tradizionali e contemporanei. La robusta struttura in ottone garantisce una lunga durata e resistenza alla corrosione. Il rubinetto \u00e8 adatto a bagni residenziali e alberghi, offrendo stile e praticit\u00e0. Prodotto in Cina, questo rubinetto beneficia dell'efficienza dei costi e della rapidit\u00e0 di produzione della fabbrica. La sua popolarit\u00e0 in Sud America e nel Sud-Est asiatico \u00e8 dovuta alla richiesta di rubinetti in stile classico, accessibili e di alta qualit\u00e0, con un'eccellente durata e prezzi competitivi.<\/p>","protected":false},"excerpt":{"rendered":"<p>Questo rubinetto per lavabo in cromo antico \u00e8 caratterizzato da un design a maniglia singola, che consente di controllare facilmente sia l'acqua fredda che quella calda. L'estetica vintage \u00e8 completata da una funzionalit\u00e0 moderna, che lo rende una scelta versatile per gli stili di bagno tradizionali e contemporanei. La robusta struttura in ottone garantisce una lunga durata e resistenza alla corrosione. La rubinetteria \u00e8 adatta per le applicazioni...<\/p>","protected":false},"featured_media":13875,"template":"","meta":{"_acf_changed":false,"_kad_post_transparent":"default","_kad_post_title":"","_kad_post_layout":"default","_kad_post_sidebar_id":"","_kad_post_content_style":"default","_kad_post_vertical_padding":"default","_kad_post_feature":"","_kad_post_feature_position":"","_kad_post_header":false,"_kad_post_footer":false},"product_brand":[],"product_cat":[238],"product_tag":[5273,5897],"class_list":{"0":"post-13871","1":"product","2":"type-product","3":"status-publish","4":"has-post-thumbnail","6":"product_cat-mixer-basin-faucet","7":"product_tag-antique-bathroom-basin-faucet","8":"product_tag-antique-bronze-brass-wash-basin-faucet","10":"first","11":"instock","12":"shipping-taxable","13":"purchasable","14":"product-type-variable","15":"wvs-archive-product-wrapper","16":"entry","17":"content-bg","18":"loop-entry"},"acf":[],"yoast_head":"<!-- This site is optimized with the Yoast SEO Premium plugin v25.4 (Yoast SEO v27.0) - https:\/\/yoast.com\/product\/yoast-seo-premium-wordpress\/ -->\n<title>Antique Bronze Basin Faucet Modern Single-Handle Gun Grey Design Premium Copper Brass for Home Bathroom - YOROOW<\/title>\n<meta name=\"description\" content=\"Antique bronze basin faucet with modern single-handle gun grey design crafted from premium copper brass, perfect for home bathrooms needing vintage style, produced by experienced Chinese manufacturers with strict quality control, targeted for export to South America and Southeast Asia.\" \/>\n<meta name=\"robots\" content=\"index, follow, max-snippet:-1, max-image-preview:large, max-video-preview:-1\" \/>\n<link rel=\"canonical\" href=\"https:\/\/www.yoroow.com\/it\/dettaglio-prodotto\/rubinetto-moderno-per-lavabo-monocomando-grigio-pistola-rame-premium-con-corpo-in-ottone-e-nucleo-valvola-in-ceramica-per-mobile-bagno-casa\/\" \/>\n<meta property=\"og:locale\" content=\"it_IT\" \/>\n<meta property=\"og:type\" content=\"article\" \/>\n<meta property=\"og:title\" content=\"Antique Bronze Basin Faucet Modern Single-Handle Gun Grey Design Premium Copper Brass for Home Bathroom\" \/>\n<meta property=\"og:description\" content=\"Antique bronze basin faucet with modern single-handle gun grey design crafted from premium copper brass, perfect for home bathrooms needing vintage style, produced by experienced Chinese manufacturers with strict quality control, targeted for export to South America and Southeast Asia.\" \/>\n<meta property=\"og:url\" content=\"https:\/\/www.yoroow.com\/it\/dettaglio-prodotto\/rubinetto-moderno-per-lavabo-monocomando-grigio-pistola-rame-premium-con-corpo-in-ottone-e-nucleo-valvola-in-ceramica-per-mobile-bagno-casa\/\" \/>\n<meta property=\"og:site_name\" content=\"YOROOW\" \/>\n<meta property=\"article:publisher\" content=\"https:\/\/www.facebook.com\/people\/yoroowfaucetfactory\/61564236752362\/\" \/>\n<meta property=\"article:modified_time\" content=\"2025-05-16T01:45:38+00:00\" \/>\n<meta property=\"og:image\" content=\"https:\/\/www.yoroow.com\/wp-content\/uploads\/2025\/03\/4958B7C1-53A2-4C39-B90E-B7ADCA871257.jpeg\" \/>\n\t<meta property=\"og:image:width\" content=\"624\" \/>\n\t<meta property=\"og:image:height\" content=\"631\" \/>\n\t<meta property=\"og:image:type\" content=\"image\/jpeg\" \/>\n<meta name=\"twitter:card\" content=\"summary_large_image\" \/>\n<meta name=\"twitter:label1\" content=\"Tempo di lettura stimato\" \/>\n\t<meta name=\"twitter:data1\" content=\"1 minuto\" \/>\n<script type=\"application\/ld+json\" class=\"yoast-schema-graph\">{\"@context\":\"https:\/\/schema.org\",\"@graph\":[{\"@type\":\"WebPage\",\"@id\":\"https:\/\/www.yoroow.com\/it\/dettaglio-prodotto\/rubinetto-moderno-per-lavabo-monocomando-grigio-pistola-rame-premium-con-corpo-in-ottone-e-nucleo-valvola-in-ceramica-per-mobile-bagno-casa\/\",\"url\":\"https:\/\/www.yoroow.com\/it\/dettaglio-prodotto\/rubinetto-moderno-per-lavabo-monocomando-grigio-pistola-rame-premium-con-corpo-in-ottone-e-nucleo-valvola-in-ceramica-per-mobile-bagno-casa\/\",\"name\":\"Antique Bronze Basin Faucet Modern Single-Handle Gun Grey Design Premium Copper Brass for Home Bathroom - YOROOW\",\"isPartOf\":{\"@id\":\"https:\/\/www.yoroow.com\/it\/#website\"},\"primaryImageOfPage\":{\"@id\":\"https:\/\/www.yoroow.com\/it\/dettaglio-prodotto\/rubinetto-moderno-per-lavabo-monocomando-grigio-pistola-rame-premium-con-corpo-in-ottone-e-nucleo-valvola-in-ceramica-per-mobile-bagno-casa\/#primaryimage\"},\"image\":{\"@id\":\"https:\/\/www.yoroow.com\/it\/dettaglio-prodotto\/rubinetto-moderno-per-lavabo-monocomando-grigio-pistola-rame-premium-con-corpo-in-ottone-e-nucleo-valvola-in-ceramica-per-mobile-bagno-casa\/#primaryimage\"},\"thumbnailUrl\":\"https:\/\/www.yoroow.com\/wp-content\/uploads\/2025\/03\/4958B7C1-53A2-4C39-B90E-B7ADCA871257.jpeg\",\"datePublished\":\"2025-03-04T09:00:54+00:00\",\"dateModified\":\"2025-05-16T01:45:38+00:00\",\"description\":\"Antique bronze basin faucet with modern single-handle gun grey design crafted from premium copper brass, perfect for home bathrooms needing vintage style, produced by experienced Chinese manufacturers with strict quality control, targeted for export to South America and Southeast Asia.\",\"breadcrumb\":{\"@id\":\"https:\/\/www.yoroow.com\/it\/dettaglio-prodotto\/rubinetto-moderno-per-lavabo-monocomando-grigio-pistola-rame-premium-con-corpo-in-ottone-e-nucleo-valvola-in-ceramica-per-mobile-bagno-casa\/#breadcrumb\"},\"inLanguage\":\"it-IT\",\"potentialAction\":[{\"@type\":\"ReadAction\",\"target\":[\"https:\/\/www.yoroow.com\/it\/dettaglio-prodotto\/rubinetto-moderno-per-lavabo-monocomando-grigio-pistola-rame-premium-con-corpo-in-ottone-e-nucleo-valvola-in-ceramica-per-mobile-bagno-casa\/\"]}]},{\"@type\":\"ImageObject\",\"inLanguage\":\"it-IT\",\"@id\":\"https:\/\/www.yoroow.com\/it\/dettaglio-prodotto\/rubinetto-moderno-per-lavabo-monocomando-grigio-pistola-rame-premium-con-corpo-in-ottone-e-nucleo-valvola-in-ceramica-per-mobile-bagno-casa\/#primaryimage\",\"url\":\"https:\/\/www.yoroow.com\/wp-content\/uploads\/2025\/03\/4958B7C1-53A2-4C39-B90E-B7ADCA871257.jpeg\",\"contentUrl\":\"https:\/\/www.yoroow.com\/wp-content\/uploads\/2025\/03\/4958B7C1-53A2-4C39-B90E-B7ADCA871257.jpeg\",\"width\":624,\"height\":631,\"caption\":\"Antique Bronze Basin Faucet Modern Single-Handle Gun Grey Design Premium Copper Brass for Home Bathroom\"},{\"@type\":\"BreadcrumbList\",\"@id\":\"https:\/\/www.yoroow.com\/it\/dettaglio-prodotto\/rubinetto-moderno-per-lavabo-monocomando-grigio-pistola-rame-premium-con-corpo-in-ottone-e-nucleo-valvola-in-ceramica-per-mobile-bagno-casa\/#breadcrumb\",\"itemListElement\":[{\"@type\":\"ListItem\",\"position\":1,\"name\":\"home\",\"item\":\"https:\/\/www.yoroow.com\/\"},{\"@type\":\"ListItem\",\"position\":2,\"name\":\"Product\",\"item\":\"https:\/\/www.yoroow.com\/product\/\"},{\"@type\":\"ListItem\",\"position\":3,\"name\":\"Antique Bronze Basin Faucet Modern Single-Handle Gun Grey Design Premium Copper Brass for Home Bathroom\"}]},{\"@type\":\"WebSite\",\"@id\":\"https:\/\/www.yoroow.com\/it\/#website\",\"url\":\"https:\/\/www.yoroow.com\/it\/\",\"name\":\"YOROOW\",\"description\":\"\",\"publisher\":{\"@id\":\"https:\/\/www.yoroow.com\/it\/#organization\"},\"potentialAction\":[{\"@type\":\"SearchAction\",\"target\":{\"@type\":\"EntryPoint\",\"urlTemplate\":\"https:\/\/www.yoroow.com\/it\/?s={search_term_string}\"},\"query-input\":{\"@type\":\"PropertyValueSpecification\",\"valueRequired\":true,\"valueName\":\"search_term_string\"}}],\"inLanguage\":\"it-IT\"},{\"@type\":\"Organization\",\"@id\":\"https:\/\/www.yoroow.com\/it\/#organization\",\"name\":\"YOROOW\",\"url\":\"https:\/\/www.yoroow.com\/it\/\",\"logo\":{\"@type\":\"ImageObject\",\"inLanguage\":\"it-IT\",\"@id\":\"https:\/\/www.yoroow.com\/it\/#\/schema\/logo\/image\/\",\"url\":\"https:\/\/www.yoroow.com\/wp-content\/uploads\/2024\/12\/2024123007131061.png\",\"contentUrl\":\"https:\/\/www.yoroow.com\/wp-content\/uploads\/2024\/12\/2024123007131061.png\",\"width\":168,\"height\":27,\"caption\":\"YOROOW\"},\"image\":{\"@id\":\"https:\/\/www.yoroow.com\/it\/#\/schema\/logo\/image\/\"},\"sameAs\":[\"https:\/\/www.facebook.com\/people\/yoroowfaucetfactory\/61564236752362\/\"]}]}<\/script>\n<!-- \/ Yoast SEO Premium plugin. -->","yoast_head_json":{"title":"Antique Bronze Basin Faucet Modern Single-Handle Gun Grey Design Premium Copper Brass for Home Bathroom - YOROOW","description":"Antique bronze basin faucet with modern single-handle gun grey design crafted from premium copper brass, perfect for home bathrooms needing vintage style, produced by experienced Chinese manufacturers with strict quality control, targeted for export to South America and Southeast Asia.","robots":{"index":"index","follow":"follow","max-snippet":"max-snippet:-1","max-image-preview":"max-image-preview:large","max-video-preview":"max-video-preview:-1"},"canonical":"https:\/\/www.yoroow.com\/it\/dettaglio-prodotto\/rubinetto-moderno-per-lavabo-monocomando-grigio-pistola-rame-premium-con-corpo-in-ottone-e-nucleo-valvola-in-ceramica-per-mobile-bagno-casa\/","og_locale":"it_IT","og_type":"article","og_title":"Antique Bronze Basin Faucet Modern Single-Handle Gun Grey Design Premium Copper Brass for Home Bathroom","og_description":"Antique bronze basin faucet with modern single-handle gun grey design crafted from premium copper brass, perfect for home bathrooms needing vintage style, produced by experienced Chinese manufacturers with strict quality control, targeted for export to South America and Southeast Asia.","og_url":"https:\/\/www.yoroow.com\/it\/dettaglio-prodotto\/rubinetto-moderno-per-lavabo-monocomando-grigio-pistola-rame-premium-con-corpo-in-ottone-e-nucleo-valvola-in-ceramica-per-mobile-bagno-casa\/","og_site_name":"YOROOW","article_publisher":"https:\/\/www.facebook.com\/people\/yoroowfaucetfactory\/61564236752362\/","article_modified_time":"2025-05-16T01:45:38+00:00","og_image":[{"width":624,"height":631,"url":"https:\/\/www.yoroow.com\/wp-content\/uploads\/2025\/03\/4958B7C1-53A2-4C39-B90E-B7ADCA871257.jpeg","type":"image\/jpeg"}],"twitter_card":"summary_large_image","twitter_misc":{"Tempo di lettura stimato":"1 minuto"},"schema":{"@context":"https:\/\/schema.org","@graph":[{"@type":"WebPage","@id":"https:\/\/www.yoroow.com\/it\/dettaglio-prodotto\/rubinetto-moderno-per-lavabo-monocomando-grigio-pistola-rame-premium-con-corpo-in-ottone-e-nucleo-valvola-in-ceramica-per-mobile-bagno-casa\/","url":"https:\/\/www.yoroow.com\/it\/dettaglio-prodotto\/rubinetto-moderno-per-lavabo-monocomando-grigio-pistola-rame-premium-con-corpo-in-ottone-e-nucleo-valvola-in-ceramica-per-mobile-bagno-casa\/","name":"Antique Bronze Basin Faucet Modern Single-Handle Gun Grey Design Premium Copper Brass for Home Bathroom - YOROOW","isPartOf":{"@id":"https:\/\/www.yoroow.com\/it\/#website"},"primaryImageOfPage":{"@id":"https:\/\/www.yoroow.com\/it\/dettaglio-prodotto\/rubinetto-moderno-per-lavabo-monocomando-grigio-pistola-rame-premium-con-corpo-in-ottone-e-nucleo-valvola-in-ceramica-per-mobile-bagno-casa\/#primaryimage"},"image":{"@id":"https:\/\/www.yoroow.com\/it\/dettaglio-prodotto\/rubinetto-moderno-per-lavabo-monocomando-grigio-pistola-rame-premium-con-corpo-in-ottone-e-nucleo-valvola-in-ceramica-per-mobile-bagno-casa\/#primaryimage"},"thumbnailUrl":"https:\/\/www.yoroow.com\/wp-content\/uploads\/2025\/03\/4958B7C1-53A2-4C39-B90E-B7ADCA871257.jpeg","datePublished":"2025-03-04T09:00:54+00:00","dateModified":"2025-05-16T01:45:38+00:00","description":"Antique bronze basin faucet with modern single-handle gun grey design crafted from premium copper brass, perfect for home bathrooms needing vintage style, produced by experienced Chinese manufacturers with strict quality control, targeted for export to South America and Southeast Asia.","breadcrumb":{"@id":"https:\/\/www.yoroow.com\/it\/dettaglio-prodotto\/rubinetto-moderno-per-lavabo-monocomando-grigio-pistola-rame-premium-con-corpo-in-ottone-e-nucleo-valvola-in-ceramica-per-mobile-bagno-casa\/#breadcrumb"},"inLanguage":"it-IT","potentialAction":[{"@type":"ReadAction","target":["https:\/\/www.yoroow.com\/it\/dettaglio-prodotto\/rubinetto-moderno-per-lavabo-monocomando-grigio-pistola-rame-premium-con-corpo-in-ottone-e-nucleo-valvola-in-ceramica-per-mobile-bagno-casa\/"]}]},{"@type":"ImageObject","inLanguage":"it-IT","@id":"https:\/\/www.yoroow.com\/it\/dettaglio-prodotto\/rubinetto-moderno-per-lavabo-monocomando-grigio-pistola-rame-premium-con-corpo-in-ottone-e-nucleo-valvola-in-ceramica-per-mobile-bagno-casa\/#primaryimage","url":"https:\/\/www.yoroow.com\/wp-content\/uploads\/2025\/03\/4958B7C1-53A2-4C39-B90E-B7ADCA871257.jpeg","contentUrl":"https:\/\/www.yoroow.com\/wp-content\/uploads\/2025\/03\/4958B7C1-53A2-4C39-B90E-B7ADCA871257.jpeg","width":624,"height":631,"caption":"Antique Bronze Basin Faucet Modern Single-Handle Gun Grey Design Premium Copper Brass for Home Bathroom"},{"@type":"BreadcrumbList","@id":"https:\/\/www.yoroow.com\/it\/dettaglio-prodotto\/rubinetto-moderno-per-lavabo-monocomando-grigio-pistola-rame-premium-con-corpo-in-ottone-e-nucleo-valvola-in-ceramica-per-mobile-bagno-casa\/#breadcrumb","itemListElement":[{"@type":"ListItem","position":1,"name":"home","item":"https:\/\/www.yoroow.com\/"},{"@type":"ListItem","position":2,"name":"Product","item":"https:\/\/www.yoroow.com\/product\/"},{"@type":"ListItem","position":3,"name":"Antique Bronze Basin Faucet Modern Single-Handle Gun Grey Design Premium Copper Brass for Home Bathroom"}]},{"@type":"WebSite","@id":"https:\/\/www.yoroow.com\/it\/#website","url":"https:\/\/www.yoroow.com\/it\/","name":"YOROOW","description":"","publisher":{"@id":"https:\/\/www.yoroow.com\/it\/#organization"},"potentialAction":[{"@type":"SearchAction","target":{"@type":"EntryPoint","urlTemplate":"https:\/\/www.yoroow.com\/it\/?s={search_term_string}"},"query-input":{"@type":"PropertyValueSpecification","valueRequired":true,"valueName":"search_term_string"}}],"inLanguage":"it-IT"},{"@type":"Organization","@id":"https:\/\/www.yoroow.com\/it\/#organization","name":"YOROOW","url":"https:\/\/www.yoroow.com\/it\/","logo":{"@type":"ImageObject","inLanguage":"it-IT","@id":"https:\/\/www.yoroow.com\/it\/#\/schema\/logo\/image\/","url":"https:\/\/www.yoroow.com\/wp-content\/uploads\/2024\/12\/2024123007131061.png","contentUrl":"https:\/\/www.yoroow.com\/wp-content\/uploads\/2024\/12\/2024123007131061.png","width":168,"height":27,"caption":"YOROOW"},"image":{"@id":"https:\/\/www.yoroow.com\/it\/#\/schema\/logo\/image\/"},"sameAs":["https:\/\/www.facebook.com\/people\/yoroowfaucetfactory\/61564236752362\/"]}]}},"_links":{"self":[{"href":"https:\/\/www.yoroow.com\/it\/wp-json\/wp\/v2\/product\/13871","targetHints":{"allow":["GET"]}}],"collection":[{"href":"https:\/\/www.yoroow.com\/it\/wp-json\/wp\/v2\/product"}],"about":[{"href":"https:\/\/www.yoroow.com\/it\/wp-json\/wp\/v2\/types\/product"}],"wp:featuredmedia":[{"embeddable":true,"href":"https:\/\/www.yoroow.com\/it\/wp-json\/wp\/v2\/media\/13875"}],"wp:attachment":[{"href":"https:\/\/www.yoroow.com\/it\/wp-json\/wp\/v2\/media?parent=13871"}],"wp:term":[{"taxonomy":"product_brand","embeddable":true,"href":"https:\/\/www.yoroow.com\/it\/wp-json\/wp\/v2\/product_brand?post=13871"},{"taxonomy":"product_cat","embeddable":true,"href":"https:\/\/www.yoroow.com\/it\/wp-json\/wp\/v2\/product_cat?post=13871"},{"taxonomy":"product_tag","embeddable":true,"href":"https:\/\/www.yoroow.com\/it\/wp-json\/wp\/v2\/product_tag?post=13871"}],"curies":[{"name":"wp","href":"https:\/\/api.w.org\/{rel}","templated":true}]}}