{"id":12721,"date":"2025-02-24T17:13:14","date_gmt":"2025-02-24T09:13:14","guid":{"rendered":"https:\/\/www.yoroow.com\/?post_type=product&#038;p=12721"},"modified":"2025-05-16T09:39:39","modified_gmt":"2025-05-16T01:39:39","slug":"vendita-calda-di-alta-qualita-bacino-rubinetto-ceramica-bobina-grigio-argento-placcatura-rubinetto-singolo-foro-ottone-rubinetto-mixer","status":"publish","type":"product","link":"https:\/\/www.yoroow.com\/it\/dettaglio-prodotto\/vendita-calda-di-alta-qualita-bacino-rubinetto-ceramica-bobina-grigio-argento-placcatura-rubinetto-singolo-foro-ottone-rubinetto-mixer\/","title":{"rendered":"Rubinetto multifunzionale per lavabo contemporaneo con miscelatore a leva in plastica a cascata per lavabo caldo e freddo Caratteristiche"},"content":{"rendered":"<p>Questo rubinetto multifunzionale per lavabo contemporaneo presenta un design a leva per un facile controllo dell'acqua calda e fredda. Il miscelatore a cascata in plastica aggiunge un elemento di design unico a qualsiasi lavabo, garantendo funzionalit\u00e0 ed estetica. Ideale per spazi residenziali e commerciali, questo rubinetto \u00e8 facile da installare e da mantenere. La fabbrica di YOROOW in Cina offre opzioni personalizzabili, garantendo cos\u00ec la soddisfazione delle esigenze dei mercati del Sud America e del Sud-Est asiatico, dove praticit\u00e0 e design sono considerazioni fondamentali per i clienti.<\/p>","protected":false},"excerpt":{"rendered":"<p>Questo rubinetto multifunzionale per lavabo contemporaneo presenta un design a leva per un facile controllo dell'acqua calda e fredda. Il miscelatore a cascata in plastica aggiunge un elemento di design unico a qualsiasi lavabo, garantendo funzionalit\u00e0 ed estetica. Ideale per spazi residenziali e commerciali, questo rubinetto \u00e8 facile da installare e da mantenere. La fabbrica di YOROOW in Cina...<\/p>","protected":false},"featured_media":12682,"template":"","meta":{"_acf_changed":false,"_kad_post_transparent":"default","_kad_post_title":"","_kad_post_layout":"default","_kad_post_sidebar_id":"","_kad_post_content_style":"default","_kad_post_vertical_padding":"default","_kad_post_feature":"","_kad_post_feature_position":"","_kad_post_header":false,"_kad_post_footer":false},"product_brand":[],"product_cat":[238,1560],"product_tag":[5921,5997],"class_list":{"0":"post-12721","1":"product","2":"type-product","3":"status-publish","4":"has-post-thumbnail","6":"product_cat-mixer-basin-faucet","7":"product_cat-tall-basin-mixer-faucet","8":"product_tag-basin-faucet-with-lever","9":"product_tag-multifunctional-waterfall-basin-faucet","11":"first","12":"instock","13":"shipping-taxable","14":"purchasable","15":"product-type-variable","16":"wvs-archive-product-wrapper","17":"entry","18":"content-bg","19":"loop-entry"},"acf":[],"yoast_head":"<!-- This site is optimized with the Yoast SEO Premium plugin v25.4 (Yoast SEO v27.0) - https:\/\/yoast.com\/product\/yoast-seo-premium-wordpress\/ -->\n<title>Multifunctional Contemporary Basin Faucet with Lever Plastic Waterfall Mixer for Washbasin Hot &amp; Cold Features - YOROOW<\/title>\n<meta name=\"description\" content=\"Multifunctional basin faucet with lever and plastic waterfall mixer. Suitable for washbasins with hot and cold water. Produced in China with stable quality and fast shipping. Marketed in Southeast Asia and South America.\" \/>\n<meta name=\"robots\" content=\"index, follow, max-snippet:-1, max-image-preview:large, max-video-preview:-1\" \/>\n<link rel=\"canonical\" href=\"https:\/\/www.yoroow.com\/it\/dettaglio-prodotto\/vendita-calda-di-alta-qualita-bacino-rubinetto-ceramica-bobina-grigio-argento-placcatura-rubinetto-singolo-foro-ottone-rubinetto-mixer\/\" \/>\n<meta property=\"og:locale\" content=\"it_IT\" \/>\n<meta property=\"og:type\" content=\"article\" \/>\n<meta property=\"og:title\" content=\"Multifunctional Contemporary Basin Faucet with Lever Plastic Waterfall Mixer for Washbasin Hot &amp; Cold Features\" \/>\n<meta property=\"og:description\" content=\"Multifunctional basin faucet with lever and plastic waterfall mixer. Suitable for washbasins with hot and cold water. Produced in China with stable quality and fast shipping. Marketed in Southeast Asia and South America.\" \/>\n<meta property=\"og:url\" content=\"https:\/\/www.yoroow.com\/it\/dettaglio-prodotto\/vendita-calda-di-alta-qualita-bacino-rubinetto-ceramica-bobina-grigio-argento-placcatura-rubinetto-singolo-foro-ottone-rubinetto-mixer\/\" \/>\n<meta property=\"og:site_name\" content=\"YOROOW\" \/>\n<meta property=\"article:publisher\" content=\"https:\/\/www.facebook.com\/people\/yoroowfaucetfactory\/61564236752362\/\" \/>\n<meta property=\"article:modified_time\" content=\"2025-05-16T01:39:39+00:00\" \/>\n<meta property=\"og:image\" content=\"https:\/\/www.yoroow.com\/wp-content\/uploads\/2025\/02\/image-1-3.png\" \/>\n\t<meta property=\"og:image:width\" content=\"685\" \/>\n\t<meta property=\"og:image:height\" content=\"682\" \/>\n\t<meta property=\"og:image:type\" content=\"image\/png\" \/>\n<meta name=\"twitter:card\" content=\"summary_large_image\" \/>\n<meta name=\"twitter:label1\" content=\"Tempo di lettura stimato\" \/>\n\t<meta name=\"twitter:data1\" content=\"1 minuto\" \/>\n<script type=\"application\/ld+json\" class=\"yoast-schema-graph\">{\"@context\":\"https:\/\/schema.org\",\"@graph\":[{\"@type\":\"WebPage\",\"@id\":\"https:\/\/www.yoroow.com\/it\/dettaglio-prodotto\/vendita-calda-di-alta-qualita-bacino-rubinetto-ceramica-bobina-grigio-argento-placcatura-rubinetto-singolo-foro-ottone-rubinetto-mixer\/\",\"url\":\"https:\/\/www.yoroow.com\/it\/dettaglio-prodotto\/vendita-calda-di-alta-qualita-bacino-rubinetto-ceramica-bobina-grigio-argento-placcatura-rubinetto-singolo-foro-ottone-rubinetto-mixer\/\",\"name\":\"Multifunctional Contemporary Basin Faucet with Lever Plastic Waterfall Mixer for Washbasin Hot & Cold Features - YOROOW\",\"isPartOf\":{\"@id\":\"https:\/\/www.yoroow.com\/it\/#website\"},\"primaryImageOfPage\":{\"@id\":\"https:\/\/www.yoroow.com\/it\/dettaglio-prodotto\/vendita-calda-di-alta-qualita-bacino-rubinetto-ceramica-bobina-grigio-argento-placcatura-rubinetto-singolo-foro-ottone-rubinetto-mixer\/#primaryimage\"},\"image\":{\"@id\":\"https:\/\/www.yoroow.com\/it\/dettaglio-prodotto\/vendita-calda-di-alta-qualita-bacino-rubinetto-ceramica-bobina-grigio-argento-placcatura-rubinetto-singolo-foro-ottone-rubinetto-mixer\/#primaryimage\"},\"thumbnailUrl\":\"https:\/\/www.yoroow.com\/wp-content\/uploads\/2025\/02\/image-1-3.png\",\"datePublished\":\"2025-02-24T09:13:14+00:00\",\"dateModified\":\"2025-05-16T01:39:39+00:00\",\"description\":\"Multifunctional basin faucet with lever and plastic waterfall mixer. Suitable for washbasins with hot and cold water. Produced in China with stable quality and fast shipping. Marketed in Southeast Asia and South America.\",\"breadcrumb\":{\"@id\":\"https:\/\/www.yoroow.com\/it\/dettaglio-prodotto\/vendita-calda-di-alta-qualita-bacino-rubinetto-ceramica-bobina-grigio-argento-placcatura-rubinetto-singolo-foro-ottone-rubinetto-mixer\/#breadcrumb\"},\"inLanguage\":\"it-IT\",\"potentialAction\":[{\"@type\":\"ReadAction\",\"target\":[\"https:\/\/www.yoroow.com\/it\/dettaglio-prodotto\/vendita-calda-di-alta-qualita-bacino-rubinetto-ceramica-bobina-grigio-argento-placcatura-rubinetto-singolo-foro-ottone-rubinetto-mixer\/\"]}]},{\"@type\":\"ImageObject\",\"inLanguage\":\"it-IT\",\"@id\":\"https:\/\/www.yoroow.com\/it\/dettaglio-prodotto\/vendita-calda-di-alta-qualita-bacino-rubinetto-ceramica-bobina-grigio-argento-placcatura-rubinetto-singolo-foro-ottone-rubinetto-mixer\/#primaryimage\",\"url\":\"https:\/\/www.yoroow.com\/wp-content\/uploads\/2025\/02\/image-1-3.png\",\"contentUrl\":\"https:\/\/www.yoroow.com\/wp-content\/uploads\/2025\/02\/image-1-3.png\",\"width\":685,\"height\":682,\"caption\":\"Classic Brass Single-Handle Basin Faucet Zinc Brass Waterfall Tap Tall Body Hot Cold Water Bathroom Sink Faucet Toilet Faucet\"},{\"@type\":\"BreadcrumbList\",\"@id\":\"https:\/\/www.yoroow.com\/it\/dettaglio-prodotto\/vendita-calda-di-alta-qualita-bacino-rubinetto-ceramica-bobina-grigio-argento-placcatura-rubinetto-singolo-foro-ottone-rubinetto-mixer\/#breadcrumb\",\"itemListElement\":[{\"@type\":\"ListItem\",\"position\":1,\"name\":\"home\",\"item\":\"https:\/\/www.yoroow.com\/\"},{\"@type\":\"ListItem\",\"position\":2,\"name\":\"Product\",\"item\":\"https:\/\/www.yoroow.com\/product\/\"},{\"@type\":\"ListItem\",\"position\":3,\"name\":\"Multifunctional Contemporary Basin Faucet with Lever Plastic Waterfall Mixer for Washbasin Hot &#038; Cold Features\"}]},{\"@type\":\"WebSite\",\"@id\":\"https:\/\/www.yoroow.com\/it\/#website\",\"url\":\"https:\/\/www.yoroow.com\/it\/\",\"name\":\"YOROOW\",\"description\":\"\",\"publisher\":{\"@id\":\"https:\/\/www.yoroow.com\/it\/#organization\"},\"potentialAction\":[{\"@type\":\"SearchAction\",\"target\":{\"@type\":\"EntryPoint\",\"urlTemplate\":\"https:\/\/www.yoroow.com\/it\/?s={search_term_string}\"},\"query-input\":{\"@type\":\"PropertyValueSpecification\",\"valueRequired\":true,\"valueName\":\"search_term_string\"}}],\"inLanguage\":\"it-IT\"},{\"@type\":\"Organization\",\"@id\":\"https:\/\/www.yoroow.com\/it\/#organization\",\"name\":\"YOROOW\",\"url\":\"https:\/\/www.yoroow.com\/it\/\",\"logo\":{\"@type\":\"ImageObject\",\"inLanguage\":\"it-IT\",\"@id\":\"https:\/\/www.yoroow.com\/it\/#\/schema\/logo\/image\/\",\"url\":\"https:\/\/www.yoroow.com\/wp-content\/uploads\/2024\/12\/2024123007131061.png\",\"contentUrl\":\"https:\/\/www.yoroow.com\/wp-content\/uploads\/2024\/12\/2024123007131061.png\",\"width\":168,\"height\":27,\"caption\":\"YOROOW\"},\"image\":{\"@id\":\"https:\/\/www.yoroow.com\/it\/#\/schema\/logo\/image\/\"},\"sameAs\":[\"https:\/\/www.facebook.com\/people\/yoroowfaucetfactory\/61564236752362\/\"]}]}<\/script>\n<!-- \/ Yoast SEO Premium plugin. -->","yoast_head_json":{"title":"Multifunctional Contemporary Basin Faucet with Lever Plastic Waterfall Mixer for Washbasin Hot & Cold Features - YOROOW","description":"Multifunctional basin faucet with lever and plastic waterfall mixer. Suitable for washbasins with hot and cold water. Produced in China with stable quality and fast shipping. Marketed in Southeast Asia and South America.","robots":{"index":"index","follow":"follow","max-snippet":"max-snippet:-1","max-image-preview":"max-image-preview:large","max-video-preview":"max-video-preview:-1"},"canonical":"https:\/\/www.yoroow.com\/it\/dettaglio-prodotto\/vendita-calda-di-alta-qualita-bacino-rubinetto-ceramica-bobina-grigio-argento-placcatura-rubinetto-singolo-foro-ottone-rubinetto-mixer\/","og_locale":"it_IT","og_type":"article","og_title":"Multifunctional Contemporary Basin Faucet with Lever Plastic Waterfall Mixer for Washbasin Hot & Cold Features","og_description":"Multifunctional basin faucet with lever and plastic waterfall mixer. Suitable for washbasins with hot and cold water. Produced in China with stable quality and fast shipping. Marketed in Southeast Asia and South America.","og_url":"https:\/\/www.yoroow.com\/it\/dettaglio-prodotto\/vendita-calda-di-alta-qualita-bacino-rubinetto-ceramica-bobina-grigio-argento-placcatura-rubinetto-singolo-foro-ottone-rubinetto-mixer\/","og_site_name":"YOROOW","article_publisher":"https:\/\/www.facebook.com\/people\/yoroowfaucetfactory\/61564236752362\/","article_modified_time":"2025-05-16T01:39:39+00:00","og_image":[{"width":685,"height":682,"url":"https:\/\/www.yoroow.com\/wp-content\/uploads\/2025\/02\/image-1-3.png","type":"image\/png"}],"twitter_card":"summary_large_image","twitter_misc":{"Tempo di lettura stimato":"1 minuto"},"schema":{"@context":"https:\/\/schema.org","@graph":[{"@type":"WebPage","@id":"https:\/\/www.yoroow.com\/it\/dettaglio-prodotto\/vendita-calda-di-alta-qualita-bacino-rubinetto-ceramica-bobina-grigio-argento-placcatura-rubinetto-singolo-foro-ottone-rubinetto-mixer\/","url":"https:\/\/www.yoroow.com\/it\/dettaglio-prodotto\/vendita-calda-di-alta-qualita-bacino-rubinetto-ceramica-bobina-grigio-argento-placcatura-rubinetto-singolo-foro-ottone-rubinetto-mixer\/","name":"Multifunctional Contemporary Basin Faucet with Lever Plastic Waterfall Mixer for Washbasin Hot & Cold Features - YOROOW","isPartOf":{"@id":"https:\/\/www.yoroow.com\/it\/#website"},"primaryImageOfPage":{"@id":"https:\/\/www.yoroow.com\/it\/dettaglio-prodotto\/vendita-calda-di-alta-qualita-bacino-rubinetto-ceramica-bobina-grigio-argento-placcatura-rubinetto-singolo-foro-ottone-rubinetto-mixer\/#primaryimage"},"image":{"@id":"https:\/\/www.yoroow.com\/it\/dettaglio-prodotto\/vendita-calda-di-alta-qualita-bacino-rubinetto-ceramica-bobina-grigio-argento-placcatura-rubinetto-singolo-foro-ottone-rubinetto-mixer\/#primaryimage"},"thumbnailUrl":"https:\/\/www.yoroow.com\/wp-content\/uploads\/2025\/02\/image-1-3.png","datePublished":"2025-02-24T09:13:14+00:00","dateModified":"2025-05-16T01:39:39+00:00","description":"Multifunctional basin faucet with lever and plastic waterfall mixer. Suitable for washbasins with hot and cold water. Produced in China with stable quality and fast shipping. Marketed in Southeast Asia and South America.","breadcrumb":{"@id":"https:\/\/www.yoroow.com\/it\/dettaglio-prodotto\/vendita-calda-di-alta-qualita-bacino-rubinetto-ceramica-bobina-grigio-argento-placcatura-rubinetto-singolo-foro-ottone-rubinetto-mixer\/#breadcrumb"},"inLanguage":"it-IT","potentialAction":[{"@type":"ReadAction","target":["https:\/\/www.yoroow.com\/it\/dettaglio-prodotto\/vendita-calda-di-alta-qualita-bacino-rubinetto-ceramica-bobina-grigio-argento-placcatura-rubinetto-singolo-foro-ottone-rubinetto-mixer\/"]}]},{"@type":"ImageObject","inLanguage":"it-IT","@id":"https:\/\/www.yoroow.com\/it\/dettaglio-prodotto\/vendita-calda-di-alta-qualita-bacino-rubinetto-ceramica-bobina-grigio-argento-placcatura-rubinetto-singolo-foro-ottone-rubinetto-mixer\/#primaryimage","url":"https:\/\/www.yoroow.com\/wp-content\/uploads\/2025\/02\/image-1-3.png","contentUrl":"https:\/\/www.yoroow.com\/wp-content\/uploads\/2025\/02\/image-1-3.png","width":685,"height":682,"caption":"Classic Brass Single-Handle Basin Faucet Zinc Brass Waterfall Tap Tall Body Hot Cold Water Bathroom Sink Faucet Toilet Faucet"},{"@type":"BreadcrumbList","@id":"https:\/\/www.yoroow.com\/it\/dettaglio-prodotto\/vendita-calda-di-alta-qualita-bacino-rubinetto-ceramica-bobina-grigio-argento-placcatura-rubinetto-singolo-foro-ottone-rubinetto-mixer\/#breadcrumb","itemListElement":[{"@type":"ListItem","position":1,"name":"home","item":"https:\/\/www.yoroow.com\/"},{"@type":"ListItem","position":2,"name":"Product","item":"https:\/\/www.yoroow.com\/product\/"},{"@type":"ListItem","position":3,"name":"Multifunctional Contemporary Basin Faucet with Lever Plastic Waterfall Mixer for Washbasin Hot &#038; Cold Features"}]},{"@type":"WebSite","@id":"https:\/\/www.yoroow.com\/it\/#website","url":"https:\/\/www.yoroow.com\/it\/","name":"YOROOW","description":"","publisher":{"@id":"https:\/\/www.yoroow.com\/it\/#organization"},"potentialAction":[{"@type":"SearchAction","target":{"@type":"EntryPoint","urlTemplate":"https:\/\/www.yoroow.com\/it\/?s={search_term_string}"},"query-input":{"@type":"PropertyValueSpecification","valueRequired":true,"valueName":"search_term_string"}}],"inLanguage":"it-IT"},{"@type":"Organization","@id":"https:\/\/www.yoroow.com\/it\/#organization","name":"YOROOW","url":"https:\/\/www.yoroow.com\/it\/","logo":{"@type":"ImageObject","inLanguage":"it-IT","@id":"https:\/\/www.yoroow.com\/it\/#\/schema\/logo\/image\/","url":"https:\/\/www.yoroow.com\/wp-content\/uploads\/2024\/12\/2024123007131061.png","contentUrl":"https:\/\/www.yoroow.com\/wp-content\/uploads\/2024\/12\/2024123007131061.png","width":168,"height":27,"caption":"YOROOW"},"image":{"@id":"https:\/\/www.yoroow.com\/it\/#\/schema\/logo\/image\/"},"sameAs":["https:\/\/www.facebook.com\/people\/yoroowfaucetfactory\/61564236752362\/"]}]}},"_links":{"self":[{"href":"https:\/\/www.yoroow.com\/it\/wp-json\/wp\/v2\/product\/12721","targetHints":{"allow":["GET"]}}],"collection":[{"href":"https:\/\/www.yoroow.com\/it\/wp-json\/wp\/v2\/product"}],"about":[{"href":"https:\/\/www.yoroow.com\/it\/wp-json\/wp\/v2\/types\/product"}],"wp:featuredmedia":[{"embeddable":true,"href":"https:\/\/www.yoroow.com\/it\/wp-json\/wp\/v2\/media\/12682"}],"wp:attachment":[{"href":"https:\/\/www.yoroow.com\/it\/wp-json\/wp\/v2\/media?parent=12721"}],"wp:term":[{"taxonomy":"product_brand","embeddable":true,"href":"https:\/\/www.yoroow.com\/it\/wp-json\/wp\/v2\/product_brand?post=12721"},{"taxonomy":"product_cat","embeddable":true,"href":"https:\/\/www.yoroow.com\/it\/wp-json\/wp\/v2\/product_cat?post=12721"},{"taxonomy":"product_tag","embeddable":true,"href":"https:\/\/www.yoroow.com\/it\/wp-json\/wp\/v2\/product_tag?post=12721"}],"curies":[{"name":"wp","href":"https:\/\/api.w.org\/{rel}","templated":true}]}}