{"id":12663,"date":"2025-02-24T15:25:37","date_gmt":"2025-02-24T07:25:37","guid":{"rendered":"https:\/\/www.yoroow.com\/?post_type=product&#038;p=12663"},"modified":"2025-05-16T09:38:53","modified_gmt":"2025-05-16T01:38:53","slug":"rubinetti-alti-moderni-in-cromo-rubinetto-monoforo-maniglia-in-ottone-rubinetto-bagno-rubinetto-lavabo-miscelatore-lavabo","status":"publish","type":"product","link":"https:\/\/www.yoroow.com\/it\/dettaglio-prodotto\/rubinetti-alti-moderni-in-cromo-rubinetto-monoforo-maniglia-in-ottone-rubinetto-bagno-rubinetto-lavabo-miscelatore-lavabo\/","title":{"rendered":"Contemporaneo Cromo Alto rubinetto del lavabo a foro singolo Miscelatore bagno in ottone a maniglia singola con design elegante"},"content":{"rendered":"<p>Contemporaneo Cromo Rubinetto alto monoforo per lavabo Miscelatore bagno monocomando in ottone dal design elegante Questo rubinetto alto monoforo per lavabo \u00e8 caratterizzato da una finitura cromata contemporanea che offre stile e praticit\u00e0. L'installazione a foro singolo assicura la facilit\u00e0 d'uso, mentre la costruzione in ottone garantisce durata e resistenza alla corrosione. Questo rubinetto \u00e8 perfetto per i bagni moderni e offre il controllo dell'acqua calda e fredda in un design elegante e funzionale. Le capacit\u00e0 produttive all'avanguardia di YOROOW assicurano che questo rubinetto sia prodotto con i pi\u00f9 alti standard di qualit\u00e0, pur mantenendo un prezzo accessibile. Il prodotto \u00e8 particolarmente adatto all'esportazione in Sud America e nel Sud-Est asiatico, dove la domanda di sanitari di alta qualit\u00e0, resistenti ed esteticamente gradevoli \u00e8 in aumento. I prezzi competitivi e le opzioni di personalizzazione flessibili fanno di YOROOW la scelta preferita dagli acquirenti internazionali.<\/p>","protected":false},"excerpt":{"rendered":"<p>Contemporaneo Cromo Rubinetto per lavabo alto monoforo Miscelatore per bagno in ottone a una maniglia dal design elegante Questo rubinetto per lavabo alto a una maniglia presenta una finitura cromata contemporanea che offre stile e praticit\u00e0. L'installazione a foro singolo assicura la facilit\u00e0 d'uso, mentre la costruzione in ottone garantisce durata e resistenza alla corrosione. Questo rubinetto \u00e8 perfetto per i bagni moderni e fornisce acqua calda e fredda...<\/p>","protected":false},"featured_media":12665,"template":"","meta":{"_acf_changed":false,"_kad_post_transparent":"default","_kad_post_title":"","_kad_post_layout":"default","_kad_post_sidebar_id":"","_kad_post_content_style":"default","_kad_post_vertical_padding":"default","_kad_post_feature":"","_kad_post_feature_position":"","_kad_post_header":false,"_kad_post_footer":false},"product_brand":[],"product_cat":[238,1560],"product_tag":[5896,5964],"class_list":{"0":"post-12663","1":"product","2":"type-product","3":"status-publish","4":"has-post-thumbnail","6":"product_cat-mixer-basin-faucet","7":"product_cat-tall-basin-mixer-faucet","8":"product_tag-brass-bathroom-basin-faucet","9":"product_tag-single-hole-basin-faucets-modern-contemporary","11":"first","12":"instock","13":"shipping-taxable","14":"purchasable","15":"product-type-variable","16":"wvs-archive-product-wrapper","17":"entry","18":"content-bg","19":"loop-entry"},"acf":[],"yoast_head":"<!-- This site is optimized with the Yoast SEO Premium plugin v25.4 (Yoast SEO v27.0) - https:\/\/yoast.com\/product\/yoast-seo-premium-wordpress\/ -->\n<title>Contemporary Chrome Tall Single-Hole Basin Faucet Single-Handle Brass Bathroom Mixer with Elegant Design - YOROOW<\/title>\n<meta name=\"description\" content=\"Contemporary chrome tall single-hole basin faucet with brass body and elegant single handle. Ideal for upscale bathrooms. Produced by our Chinese factory with custom branding support. Popular in South America and Southeast Asia for stylish installations.\" \/>\n<meta name=\"robots\" content=\"index, follow, max-snippet:-1, max-image-preview:large, max-video-preview:-1\" \/>\n<link rel=\"canonical\" href=\"https:\/\/www.yoroow.com\/it\/dettaglio-prodotto\/rubinetti-alti-moderni-in-cromo-rubinetto-monoforo-maniglia-in-ottone-rubinetto-bagno-rubinetto-lavabo-miscelatore-lavabo\/\" \/>\n<meta property=\"og:locale\" content=\"it_IT\" \/>\n<meta property=\"og:type\" content=\"article\" \/>\n<meta property=\"og:title\" content=\"Contemporary Chrome Tall Single-Hole Basin Faucet Single-Handle Brass Bathroom Mixer with Elegant Design\" \/>\n<meta property=\"og:description\" content=\"Contemporary chrome tall single-hole basin faucet with brass body and elegant single handle. Ideal for upscale bathrooms. Produced by our Chinese factory with custom branding support. Popular in South America and Southeast Asia for stylish installations.\" \/>\n<meta property=\"og:url\" content=\"https:\/\/www.yoroow.com\/it\/dettaglio-prodotto\/rubinetti-alti-moderni-in-cromo-rubinetto-monoforo-maniglia-in-ottone-rubinetto-bagno-rubinetto-lavabo-miscelatore-lavabo\/\" \/>\n<meta property=\"og:site_name\" content=\"YOROOW\" \/>\n<meta property=\"article:publisher\" content=\"https:\/\/www.facebook.com\/people\/yoroowfaucetfactory\/61564236752362\/\" \/>\n<meta property=\"article:modified_time\" content=\"2025-05-16T01:38:53+00:00\" \/>\n<meta property=\"og:image\" content=\"https:\/\/www.yoroow.com\/wp-content\/uploads\/2025\/02\/\u65e0-1.jpg\" \/>\n\t<meta property=\"og:image:width\" content=\"709\" \/>\n\t<meta property=\"og:image:height\" content=\"709\" \/>\n\t<meta property=\"og:image:type\" content=\"image\/jpeg\" \/>\n<meta name=\"twitter:card\" content=\"summary_large_image\" \/>\n<meta name=\"twitter:label1\" content=\"Tempo di lettura stimato\" \/>\n\t<meta name=\"twitter:data1\" content=\"1 minuto\" \/>\n<script type=\"application\/ld+json\" class=\"yoast-schema-graph\">{\"@context\":\"https:\/\/schema.org\",\"@graph\":[{\"@type\":\"WebPage\",\"@id\":\"https:\/\/www.yoroow.com\/it\/dettaglio-prodotto\/rubinetti-alti-moderni-in-cromo-rubinetto-monoforo-maniglia-in-ottone-rubinetto-bagno-rubinetto-lavabo-miscelatore-lavabo\/\",\"url\":\"https:\/\/www.yoroow.com\/it\/dettaglio-prodotto\/rubinetti-alti-moderni-in-cromo-rubinetto-monoforo-maniglia-in-ottone-rubinetto-bagno-rubinetto-lavabo-miscelatore-lavabo\/\",\"name\":\"Contemporary Chrome Tall Single-Hole Basin Faucet Single-Handle Brass Bathroom Mixer with Elegant Design - YOROOW\",\"isPartOf\":{\"@id\":\"https:\/\/www.yoroow.com\/it\/#website\"},\"primaryImageOfPage\":{\"@id\":\"https:\/\/www.yoroow.com\/it\/dettaglio-prodotto\/rubinetti-alti-moderni-in-cromo-rubinetto-monoforo-maniglia-in-ottone-rubinetto-bagno-rubinetto-lavabo-miscelatore-lavabo\/#primaryimage\"},\"image\":{\"@id\":\"https:\/\/www.yoroow.com\/it\/dettaglio-prodotto\/rubinetti-alti-moderni-in-cromo-rubinetto-monoforo-maniglia-in-ottone-rubinetto-bagno-rubinetto-lavabo-miscelatore-lavabo\/#primaryimage\"},\"thumbnailUrl\":\"https:\/\/www.yoroow.com\/wp-content\/uploads\/2025\/02\/\u65e0-1.jpg\",\"datePublished\":\"2025-02-24T07:25:37+00:00\",\"dateModified\":\"2025-05-16T01:38:53+00:00\",\"description\":\"Contemporary chrome tall single-hole basin faucet with brass body and elegant single handle. Ideal for upscale bathrooms. Produced by our Chinese factory with custom branding support. Popular in South America and Southeast Asia for stylish installations.\",\"breadcrumb\":{\"@id\":\"https:\/\/www.yoroow.com\/it\/dettaglio-prodotto\/rubinetti-alti-moderni-in-cromo-rubinetto-monoforo-maniglia-in-ottone-rubinetto-bagno-rubinetto-lavabo-miscelatore-lavabo\/#breadcrumb\"},\"inLanguage\":\"it-IT\",\"potentialAction\":[{\"@type\":\"ReadAction\",\"target\":[\"https:\/\/www.yoroow.com\/it\/dettaglio-prodotto\/rubinetti-alti-moderni-in-cromo-rubinetto-monoforo-maniglia-in-ottone-rubinetto-bagno-rubinetto-lavabo-miscelatore-lavabo\/\"]}]},{\"@type\":\"ImageObject\",\"inLanguage\":\"it-IT\",\"@id\":\"https:\/\/www.yoroow.com\/it\/dettaglio-prodotto\/rubinetti-alti-moderni-in-cromo-rubinetto-monoforo-maniglia-in-ottone-rubinetto-bagno-rubinetto-lavabo-miscelatore-lavabo\/#primaryimage\",\"url\":\"https:\/\/www.yoroow.com\/wp-content\/uploads\/2025\/02\/\u65e0-1.jpg\",\"contentUrl\":\"https:\/\/www.yoroow.com\/wp-content\/uploads\/2025\/02\/\u65e0-1.jpg\",\"width\":709,\"height\":709,\"caption\":\"Contemporary Chrome Tall Single-Hole Basin Faucet Single-Handle Brass Bathroom Mixer with Elegant Design\"},{\"@type\":\"BreadcrumbList\",\"@id\":\"https:\/\/www.yoroow.com\/it\/dettaglio-prodotto\/rubinetti-alti-moderni-in-cromo-rubinetto-monoforo-maniglia-in-ottone-rubinetto-bagno-rubinetto-lavabo-miscelatore-lavabo\/#breadcrumb\",\"itemListElement\":[{\"@type\":\"ListItem\",\"position\":1,\"name\":\"home\",\"item\":\"https:\/\/www.yoroow.com\/\"},{\"@type\":\"ListItem\",\"position\":2,\"name\":\"Product\",\"item\":\"https:\/\/www.yoroow.com\/product\/\"},{\"@type\":\"ListItem\",\"position\":3,\"name\":\"Contemporary Chrome Tall Single-Hole Basin Faucet Single-Handle Brass Bathroom Mixer with Elegant Design\"}]},{\"@type\":\"WebSite\",\"@id\":\"https:\/\/www.yoroow.com\/it\/#website\",\"url\":\"https:\/\/www.yoroow.com\/it\/\",\"name\":\"YOROOW\",\"description\":\"\",\"publisher\":{\"@id\":\"https:\/\/www.yoroow.com\/it\/#organization\"},\"potentialAction\":[{\"@type\":\"SearchAction\",\"target\":{\"@type\":\"EntryPoint\",\"urlTemplate\":\"https:\/\/www.yoroow.com\/it\/?s={search_term_string}\"},\"query-input\":{\"@type\":\"PropertyValueSpecification\",\"valueRequired\":true,\"valueName\":\"search_term_string\"}}],\"inLanguage\":\"it-IT\"},{\"@type\":\"Organization\",\"@id\":\"https:\/\/www.yoroow.com\/it\/#organization\",\"name\":\"YOROOW\",\"url\":\"https:\/\/www.yoroow.com\/it\/\",\"logo\":{\"@type\":\"ImageObject\",\"inLanguage\":\"it-IT\",\"@id\":\"https:\/\/www.yoroow.com\/it\/#\/schema\/logo\/image\/\",\"url\":\"https:\/\/www.yoroow.com\/wp-content\/uploads\/2024\/12\/2024123007131061.png\",\"contentUrl\":\"https:\/\/www.yoroow.com\/wp-content\/uploads\/2024\/12\/2024123007131061.png\",\"width\":168,\"height\":27,\"caption\":\"YOROOW\"},\"image\":{\"@id\":\"https:\/\/www.yoroow.com\/it\/#\/schema\/logo\/image\/\"},\"sameAs\":[\"https:\/\/www.facebook.com\/people\/yoroowfaucetfactory\/61564236752362\/\"]}]}<\/script>\n<!-- \/ Yoast SEO Premium plugin. -->","yoast_head_json":{"title":"Contemporary Chrome Tall Single-Hole Basin Faucet Single-Handle Brass Bathroom Mixer with Elegant Design - YOROOW","description":"Contemporary chrome tall single-hole basin faucet with brass body and elegant single handle. Ideal for upscale bathrooms. Produced by our Chinese factory with custom branding support. Popular in South America and Southeast Asia for stylish installations.","robots":{"index":"index","follow":"follow","max-snippet":"max-snippet:-1","max-image-preview":"max-image-preview:large","max-video-preview":"max-video-preview:-1"},"canonical":"https:\/\/www.yoroow.com\/it\/dettaglio-prodotto\/rubinetti-alti-moderni-in-cromo-rubinetto-monoforo-maniglia-in-ottone-rubinetto-bagno-rubinetto-lavabo-miscelatore-lavabo\/","og_locale":"it_IT","og_type":"article","og_title":"Contemporary Chrome Tall Single-Hole Basin Faucet Single-Handle Brass Bathroom Mixer with Elegant Design","og_description":"Contemporary chrome tall single-hole basin faucet with brass body and elegant single handle. Ideal for upscale bathrooms. Produced by our Chinese factory with custom branding support. Popular in South America and Southeast Asia for stylish installations.","og_url":"https:\/\/www.yoroow.com\/it\/dettaglio-prodotto\/rubinetti-alti-moderni-in-cromo-rubinetto-monoforo-maniglia-in-ottone-rubinetto-bagno-rubinetto-lavabo-miscelatore-lavabo\/","og_site_name":"YOROOW","article_publisher":"https:\/\/www.facebook.com\/people\/yoroowfaucetfactory\/61564236752362\/","article_modified_time":"2025-05-16T01:38:53+00:00","og_image":[{"width":709,"height":709,"url":"https:\/\/www.yoroow.com\/wp-content\/uploads\/2025\/02\/\u65e0-1.jpg","type":"image\/jpeg"}],"twitter_card":"summary_large_image","twitter_misc":{"Tempo di lettura stimato":"1 minuto"},"schema":{"@context":"https:\/\/schema.org","@graph":[{"@type":"WebPage","@id":"https:\/\/www.yoroow.com\/it\/dettaglio-prodotto\/rubinetti-alti-moderni-in-cromo-rubinetto-monoforo-maniglia-in-ottone-rubinetto-bagno-rubinetto-lavabo-miscelatore-lavabo\/","url":"https:\/\/www.yoroow.com\/it\/dettaglio-prodotto\/rubinetti-alti-moderni-in-cromo-rubinetto-monoforo-maniglia-in-ottone-rubinetto-bagno-rubinetto-lavabo-miscelatore-lavabo\/","name":"Contemporary Chrome Tall Single-Hole Basin Faucet Single-Handle Brass Bathroom Mixer with Elegant Design - YOROOW","isPartOf":{"@id":"https:\/\/www.yoroow.com\/it\/#website"},"primaryImageOfPage":{"@id":"https:\/\/www.yoroow.com\/it\/dettaglio-prodotto\/rubinetti-alti-moderni-in-cromo-rubinetto-monoforo-maniglia-in-ottone-rubinetto-bagno-rubinetto-lavabo-miscelatore-lavabo\/#primaryimage"},"image":{"@id":"https:\/\/www.yoroow.com\/it\/dettaglio-prodotto\/rubinetti-alti-moderni-in-cromo-rubinetto-monoforo-maniglia-in-ottone-rubinetto-bagno-rubinetto-lavabo-miscelatore-lavabo\/#primaryimage"},"thumbnailUrl":"https:\/\/www.yoroow.com\/wp-content\/uploads\/2025\/02\/\u65e0-1.jpg","datePublished":"2025-02-24T07:25:37+00:00","dateModified":"2025-05-16T01:38:53+00:00","description":"Contemporary chrome tall single-hole basin faucet with brass body and elegant single handle. Ideal for upscale bathrooms. Produced by our Chinese factory with custom branding support. Popular in South America and Southeast Asia for stylish installations.","breadcrumb":{"@id":"https:\/\/www.yoroow.com\/it\/dettaglio-prodotto\/rubinetti-alti-moderni-in-cromo-rubinetto-monoforo-maniglia-in-ottone-rubinetto-bagno-rubinetto-lavabo-miscelatore-lavabo\/#breadcrumb"},"inLanguage":"it-IT","potentialAction":[{"@type":"ReadAction","target":["https:\/\/www.yoroow.com\/it\/dettaglio-prodotto\/rubinetti-alti-moderni-in-cromo-rubinetto-monoforo-maniglia-in-ottone-rubinetto-bagno-rubinetto-lavabo-miscelatore-lavabo\/"]}]},{"@type":"ImageObject","inLanguage":"it-IT","@id":"https:\/\/www.yoroow.com\/it\/dettaglio-prodotto\/rubinetti-alti-moderni-in-cromo-rubinetto-monoforo-maniglia-in-ottone-rubinetto-bagno-rubinetto-lavabo-miscelatore-lavabo\/#primaryimage","url":"https:\/\/www.yoroow.com\/wp-content\/uploads\/2025\/02\/\u65e0-1.jpg","contentUrl":"https:\/\/www.yoroow.com\/wp-content\/uploads\/2025\/02\/\u65e0-1.jpg","width":709,"height":709,"caption":"Contemporary Chrome Tall Single-Hole Basin Faucet Single-Handle Brass Bathroom Mixer with Elegant Design"},{"@type":"BreadcrumbList","@id":"https:\/\/www.yoroow.com\/it\/dettaglio-prodotto\/rubinetti-alti-moderni-in-cromo-rubinetto-monoforo-maniglia-in-ottone-rubinetto-bagno-rubinetto-lavabo-miscelatore-lavabo\/#breadcrumb","itemListElement":[{"@type":"ListItem","position":1,"name":"home","item":"https:\/\/www.yoroow.com\/"},{"@type":"ListItem","position":2,"name":"Product","item":"https:\/\/www.yoroow.com\/product\/"},{"@type":"ListItem","position":3,"name":"Contemporary Chrome Tall Single-Hole Basin Faucet Single-Handle Brass Bathroom Mixer with Elegant Design"}]},{"@type":"WebSite","@id":"https:\/\/www.yoroow.com\/it\/#website","url":"https:\/\/www.yoroow.com\/it\/","name":"YOROOW","description":"","publisher":{"@id":"https:\/\/www.yoroow.com\/it\/#organization"},"potentialAction":[{"@type":"SearchAction","target":{"@type":"EntryPoint","urlTemplate":"https:\/\/www.yoroow.com\/it\/?s={search_term_string}"},"query-input":{"@type":"PropertyValueSpecification","valueRequired":true,"valueName":"search_term_string"}}],"inLanguage":"it-IT"},{"@type":"Organization","@id":"https:\/\/www.yoroow.com\/it\/#organization","name":"YOROOW","url":"https:\/\/www.yoroow.com\/it\/","logo":{"@type":"ImageObject","inLanguage":"it-IT","@id":"https:\/\/www.yoroow.com\/it\/#\/schema\/logo\/image\/","url":"https:\/\/www.yoroow.com\/wp-content\/uploads\/2024\/12\/2024123007131061.png","contentUrl":"https:\/\/www.yoroow.com\/wp-content\/uploads\/2024\/12\/2024123007131061.png","width":168,"height":27,"caption":"YOROOW"},"image":{"@id":"https:\/\/www.yoroow.com\/it\/#\/schema\/logo\/image\/"},"sameAs":["https:\/\/www.facebook.com\/people\/yoroowfaucetfactory\/61564236752362\/"]}]}},"_links":{"self":[{"href":"https:\/\/www.yoroow.com\/it\/wp-json\/wp\/v2\/product\/12663","targetHints":{"allow":["GET"]}}],"collection":[{"href":"https:\/\/www.yoroow.com\/it\/wp-json\/wp\/v2\/product"}],"about":[{"href":"https:\/\/www.yoroow.com\/it\/wp-json\/wp\/v2\/types\/product"}],"wp:featuredmedia":[{"embeddable":true,"href":"https:\/\/www.yoroow.com\/it\/wp-json\/wp\/v2\/media\/12665"}],"wp:attachment":[{"href":"https:\/\/www.yoroow.com\/it\/wp-json\/wp\/v2\/media?parent=12663"}],"wp:term":[{"taxonomy":"product_brand","embeddable":true,"href":"https:\/\/www.yoroow.com\/it\/wp-json\/wp\/v2\/product_brand?post=12663"},{"taxonomy":"product_cat","embeddable":true,"href":"https:\/\/www.yoroow.com\/it\/wp-json\/wp\/v2\/product_cat?post=12663"},{"taxonomy":"product_tag","embeddable":true,"href":"https:\/\/www.yoroow.com\/it\/wp-json\/wp\/v2\/product_tag?post=12663"}],"curies":[{"name":"wp","href":"https:\/\/api.w.org\/{rel}","templated":true}]}}