{"id":12358,"date":"2025-02-22T11:12:53","date_gmt":"2025-02-22T03:12:53","guid":{"rendered":"https:\/\/www.yoroow.com\/?post_type=product&#038;p=12358"},"modified":"2025-05-16T09:36:19","modified_gmt":"2025-05-16T01:36:19","slug":"luoghi-pubblici-uso-ospedaliero-accessori-di-lavaggio-ritardo-in-ottone-con-pedana-rubinetto-lavabo-freddo","status":"publish","type":"product","link":"https:\/\/www.yoroow.com\/it\/dettaglio-prodotto\/luoghi-pubblici-uso-ospedaliero-accessori-di-lavaggio-ritardo-in-ottone-con-pedana-rubinetto-lavabo-freddo\/","title":{"rendered":"Commerciale Tempo di ritardo in ottone Footboard Basin Faucet rame piede pedale lavandino valvola per luoghi pubblici Ospedali lavare accessori"},"content":{"rendered":"<p>Rubinetto commerciale per lavabo a pedale in ottone con ritardo temporale Valvola per lavello a pedale in rame per luoghi pubblici Ospedali Accessori per il lavaggio Questo rubinetto commerciale per lavabo a pedale \u00e8 stato progettato per spazi pubblici, ospedali e altri ambienti ad alto traffico dove il funzionamento a mani libere \u00e8 fondamentale. Realizzato in ottone di alta qualit\u00e0 con un pedale in rame, offre prestazioni affidabili con funzionalit\u00e0 di ritardo per un uso efficiente dell'acqua. Il pedale consente agli utenti di attivare il flusso d'acqua senza toccare il rubinetto, garantendo condizioni igieniche in ambienti in cui l'igiene \u00e8 fondamentale. L'esperienza di YOROOW nella produzione cinese offre questo prodotto a prezzi competitivi, rendendolo una scelta eccellente per l'esportazione nei mercati del Sud America e del Sud-Est asiatico, dove i rubinetti di tipo commerciale sono molto richiesti.<\/p>","protected":false},"excerpt":{"rendered":"<p>Rubinetto commerciale per lavabo a pedale in ottone con ritardo temporale Valvola per lavello a pedale in rame per luoghi pubblici Ospedali Accessori per il lavaggio Questo rubinetto commerciale per lavabo a pedale \u00e8 stato progettato per spazi pubblici, ospedali e altri ambienti ad alto traffico dove il funzionamento a mani libere \u00e8 fondamentale. Realizzato in ottone di alta qualit\u00e0 con un pedale in rame, offre prestazioni affidabili con funzionalit\u00e0 di ritardo...<\/p>","protected":false},"featured_media":12360,"template":"","meta":{"_acf_changed":false,"_kad_post_transparent":"default","_kad_post_title":"","_kad_post_layout":"default","_kad_post_sidebar_id":"","_kad_post_content_style":"default","_kad_post_vertical_padding":"default","_kad_post_feature":"","_kad_post_feature_position":"","_kad_post_header":false,"_kad_post_footer":false},"product_brand":[],"product_cat":[233],"product_tag":[7394,7408],"class_list":{"0":"post-12358","1":"product","2":"type-product","3":"status-publish","4":"has-post-thumbnail","6":"product_cat-pedaled-faucet","7":"product_tag-commercial-foot-pedal-sink","8":"product_tag-copper-foot-pedal-sink-valve","10":"first","11":"instock","12":"shipping-taxable","13":"purchasable","14":"product-type-variable","15":"wvs-archive-product-wrapper","16":"entry","17":"content-bg","18":"loop-entry"},"acf":[],"yoast_head":"<!-- This site is optimized with the Yoast SEO Premium plugin v25.4 (Yoast SEO v27.0) - https:\/\/yoast.com\/product\/yoast-seo-premium-wordpress\/ -->\n<title>Commercial Time Delay Brass Footboard Basin Faucet Copper Foot Pedal Sink Valve for Public Places Hospitals Wash Accessories - YOROOW<\/title>\n<meta name=\"description\" content=\"Commercial time-delay brass footboard basin faucet with copper construction for public places and hospitals. Durable and hygienic design made in China, perfect for high-traffic wash areas. Widely exported to healthcare facilities in South America and Southeast Asia.\" \/>\n<meta name=\"robots\" content=\"index, follow, max-snippet:-1, max-image-preview:large, max-video-preview:-1\" \/>\n<link rel=\"canonical\" href=\"https:\/\/www.yoroow.com\/it\/dettaglio-prodotto\/luoghi-pubblici-uso-ospedaliero-accessori-di-lavaggio-ritardo-in-ottone-con-pedana-rubinetto-lavabo-freddo\/\" \/>\n<meta property=\"og:locale\" content=\"it_IT\" \/>\n<meta property=\"og:type\" content=\"article\" \/>\n<meta property=\"og:title\" content=\"Commercial Time Delay Brass Footboard Basin Faucet Copper Foot Pedal Sink Valve for Public Places Hospitals Wash Accessories\" \/>\n<meta property=\"og:description\" content=\"Commercial time-delay brass footboard basin faucet with copper construction for public places and hospitals. Durable and hygienic design made in China, perfect for high-traffic wash areas. Widely exported to healthcare facilities in South America and Southeast Asia.\" \/>\n<meta property=\"og:url\" content=\"https:\/\/www.yoroow.com\/it\/dettaglio-prodotto\/luoghi-pubblici-uso-ospedaliero-accessori-di-lavaggio-ritardo-in-ottone-con-pedana-rubinetto-lavabo-freddo\/\" \/>\n<meta property=\"og:site_name\" content=\"YOROOW\" \/>\n<meta property=\"article:publisher\" content=\"https:\/\/www.facebook.com\/people\/yoroowfaucetfactory\/61564236752362\/\" \/>\n<meta property=\"article:modified_time\" content=\"2025-05-16T01:36:19+00:00\" \/>\n<meta property=\"og:image\" content=\"https:\/\/www.yoroow.com\/wp-content\/uploads\/2025\/02\/image-1-1.png\" \/>\n\t<meta property=\"og:image:width\" content=\"730\" \/>\n\t<meta property=\"og:image:height\" content=\"721\" \/>\n\t<meta property=\"og:image:type\" content=\"image\/png\" \/>\n<meta name=\"twitter:card\" content=\"summary_large_image\" \/>\n<meta name=\"twitter:label1\" content=\"Tempo di lettura stimato\" \/>\n\t<meta name=\"twitter:data1\" content=\"1 minuto\" \/>\n<script type=\"application\/ld+json\" class=\"yoast-schema-graph\">{\"@context\":\"https:\/\/schema.org\",\"@graph\":[{\"@type\":\"WebPage\",\"@id\":\"https:\/\/www.yoroow.com\/it\/dettaglio-prodotto\/luoghi-pubblici-uso-ospedaliero-accessori-di-lavaggio-ritardo-in-ottone-con-pedana-rubinetto-lavabo-freddo\/\",\"url\":\"https:\/\/www.yoroow.com\/it\/dettaglio-prodotto\/luoghi-pubblici-uso-ospedaliero-accessori-di-lavaggio-ritardo-in-ottone-con-pedana-rubinetto-lavabo-freddo\/\",\"name\":\"Commercial Time Delay Brass Footboard Basin Faucet Copper Foot Pedal Sink Valve for Public Places Hospitals Wash Accessories - YOROOW\",\"isPartOf\":{\"@id\":\"https:\/\/www.yoroow.com\/it\/#website\"},\"primaryImageOfPage\":{\"@id\":\"https:\/\/www.yoroow.com\/it\/dettaglio-prodotto\/luoghi-pubblici-uso-ospedaliero-accessori-di-lavaggio-ritardo-in-ottone-con-pedana-rubinetto-lavabo-freddo\/#primaryimage\"},\"image\":{\"@id\":\"https:\/\/www.yoroow.com\/it\/dettaglio-prodotto\/luoghi-pubblici-uso-ospedaliero-accessori-di-lavaggio-ritardo-in-ottone-con-pedana-rubinetto-lavabo-freddo\/#primaryimage\"},\"thumbnailUrl\":\"https:\/\/www.yoroow.com\/wp-content\/uploads\/2025\/02\/image-1-1.png\",\"datePublished\":\"2025-02-22T03:12:53+00:00\",\"dateModified\":\"2025-05-16T01:36:19+00:00\",\"description\":\"Commercial time-delay brass footboard basin faucet with copper construction for public places and hospitals. Durable and hygienic design made in China, perfect for high-traffic wash areas. Widely exported to healthcare facilities in South America and Southeast Asia.\",\"breadcrumb\":{\"@id\":\"https:\/\/www.yoroow.com\/it\/dettaglio-prodotto\/luoghi-pubblici-uso-ospedaliero-accessori-di-lavaggio-ritardo-in-ottone-con-pedana-rubinetto-lavabo-freddo\/#breadcrumb\"},\"inLanguage\":\"it-IT\",\"potentialAction\":[{\"@type\":\"ReadAction\",\"target\":[\"https:\/\/www.yoroow.com\/it\/dettaglio-prodotto\/luoghi-pubblici-uso-ospedaliero-accessori-di-lavaggio-ritardo-in-ottone-con-pedana-rubinetto-lavabo-freddo\/\"]}]},{\"@type\":\"ImageObject\",\"inLanguage\":\"it-IT\",\"@id\":\"https:\/\/www.yoroow.com\/it\/dettaglio-prodotto\/luoghi-pubblici-uso-ospedaliero-accessori-di-lavaggio-ritardo-in-ottone-con-pedana-rubinetto-lavabo-freddo\/#primaryimage\",\"url\":\"https:\/\/www.yoroow.com\/wp-content\/uploads\/2025\/02\/image-1-1.png\",\"contentUrl\":\"https:\/\/www.yoroow.com\/wp-content\/uploads\/2025\/02\/image-1-1.png\",\"width\":730,\"height\":721,\"caption\":\"Public Places Hospital Use Wash Accessories Time Delay Brass with Footboard Wash Cold Basin Faucet\"},{\"@type\":\"BreadcrumbList\",\"@id\":\"https:\/\/www.yoroow.com\/it\/dettaglio-prodotto\/luoghi-pubblici-uso-ospedaliero-accessori-di-lavaggio-ritardo-in-ottone-con-pedana-rubinetto-lavabo-freddo\/#breadcrumb\",\"itemListElement\":[{\"@type\":\"ListItem\",\"position\":1,\"name\":\"home\",\"item\":\"https:\/\/www.yoroow.com\/\"},{\"@type\":\"ListItem\",\"position\":2,\"name\":\"Product\",\"item\":\"https:\/\/www.yoroow.com\/product\/\"},{\"@type\":\"ListItem\",\"position\":3,\"name\":\"Commercial Time Delay Brass Footboard Basin Faucet Copper Foot Pedal Sink Valve for Public Places Hospitals Wash Accessories\"}]},{\"@type\":\"WebSite\",\"@id\":\"https:\/\/www.yoroow.com\/it\/#website\",\"url\":\"https:\/\/www.yoroow.com\/it\/\",\"name\":\"YOROOW\",\"description\":\"\",\"publisher\":{\"@id\":\"https:\/\/www.yoroow.com\/it\/#organization\"},\"potentialAction\":[{\"@type\":\"SearchAction\",\"target\":{\"@type\":\"EntryPoint\",\"urlTemplate\":\"https:\/\/www.yoroow.com\/it\/?s={search_term_string}\"},\"query-input\":{\"@type\":\"PropertyValueSpecification\",\"valueRequired\":true,\"valueName\":\"search_term_string\"}}],\"inLanguage\":\"it-IT\"},{\"@type\":\"Organization\",\"@id\":\"https:\/\/www.yoroow.com\/it\/#organization\",\"name\":\"YOROOW\",\"url\":\"https:\/\/www.yoroow.com\/it\/\",\"logo\":{\"@type\":\"ImageObject\",\"inLanguage\":\"it-IT\",\"@id\":\"https:\/\/www.yoroow.com\/it\/#\/schema\/logo\/image\/\",\"url\":\"https:\/\/www.yoroow.com\/wp-content\/uploads\/2024\/12\/2024123007131061.png\",\"contentUrl\":\"https:\/\/www.yoroow.com\/wp-content\/uploads\/2024\/12\/2024123007131061.png\",\"width\":168,\"height\":27,\"caption\":\"YOROOW\"},\"image\":{\"@id\":\"https:\/\/www.yoroow.com\/it\/#\/schema\/logo\/image\/\"},\"sameAs\":[\"https:\/\/www.facebook.com\/people\/yoroowfaucetfactory\/61564236752362\/\"]}]}<\/script>\n<!-- \/ Yoast SEO Premium plugin. -->","yoast_head_json":{"title":"Commercial Time Delay Brass Footboard Basin Faucet Copper Foot Pedal Sink Valve for Public Places Hospitals Wash Accessories - YOROOW","description":"Commercial time-delay brass footboard basin faucet with copper construction for public places and hospitals. Durable and hygienic design made in China, perfect for high-traffic wash areas. Widely exported to healthcare facilities in South America and Southeast Asia.","robots":{"index":"index","follow":"follow","max-snippet":"max-snippet:-1","max-image-preview":"max-image-preview:large","max-video-preview":"max-video-preview:-1"},"canonical":"https:\/\/www.yoroow.com\/it\/dettaglio-prodotto\/luoghi-pubblici-uso-ospedaliero-accessori-di-lavaggio-ritardo-in-ottone-con-pedana-rubinetto-lavabo-freddo\/","og_locale":"it_IT","og_type":"article","og_title":"Commercial Time Delay Brass Footboard Basin Faucet Copper Foot Pedal Sink Valve for Public Places Hospitals Wash Accessories","og_description":"Commercial time-delay brass footboard basin faucet with copper construction for public places and hospitals. Durable and hygienic design made in China, perfect for high-traffic wash areas. Widely exported to healthcare facilities in South America and Southeast Asia.","og_url":"https:\/\/www.yoroow.com\/it\/dettaglio-prodotto\/luoghi-pubblici-uso-ospedaliero-accessori-di-lavaggio-ritardo-in-ottone-con-pedana-rubinetto-lavabo-freddo\/","og_site_name":"YOROOW","article_publisher":"https:\/\/www.facebook.com\/people\/yoroowfaucetfactory\/61564236752362\/","article_modified_time":"2025-05-16T01:36:19+00:00","og_image":[{"width":730,"height":721,"url":"https:\/\/www.yoroow.com\/wp-content\/uploads\/2025\/02\/image-1-1.png","type":"image\/png"}],"twitter_card":"summary_large_image","twitter_misc":{"Tempo di lettura stimato":"1 minuto"},"schema":{"@context":"https:\/\/schema.org","@graph":[{"@type":"WebPage","@id":"https:\/\/www.yoroow.com\/it\/dettaglio-prodotto\/luoghi-pubblici-uso-ospedaliero-accessori-di-lavaggio-ritardo-in-ottone-con-pedana-rubinetto-lavabo-freddo\/","url":"https:\/\/www.yoroow.com\/it\/dettaglio-prodotto\/luoghi-pubblici-uso-ospedaliero-accessori-di-lavaggio-ritardo-in-ottone-con-pedana-rubinetto-lavabo-freddo\/","name":"Commercial Time Delay Brass Footboard Basin Faucet Copper Foot Pedal Sink Valve for Public Places Hospitals Wash Accessories - YOROOW","isPartOf":{"@id":"https:\/\/www.yoroow.com\/it\/#website"},"primaryImageOfPage":{"@id":"https:\/\/www.yoroow.com\/it\/dettaglio-prodotto\/luoghi-pubblici-uso-ospedaliero-accessori-di-lavaggio-ritardo-in-ottone-con-pedana-rubinetto-lavabo-freddo\/#primaryimage"},"image":{"@id":"https:\/\/www.yoroow.com\/it\/dettaglio-prodotto\/luoghi-pubblici-uso-ospedaliero-accessori-di-lavaggio-ritardo-in-ottone-con-pedana-rubinetto-lavabo-freddo\/#primaryimage"},"thumbnailUrl":"https:\/\/www.yoroow.com\/wp-content\/uploads\/2025\/02\/image-1-1.png","datePublished":"2025-02-22T03:12:53+00:00","dateModified":"2025-05-16T01:36:19+00:00","description":"Commercial time-delay brass footboard basin faucet with copper construction for public places and hospitals. Durable and hygienic design made in China, perfect for high-traffic wash areas. Widely exported to healthcare facilities in South America and Southeast Asia.","breadcrumb":{"@id":"https:\/\/www.yoroow.com\/it\/dettaglio-prodotto\/luoghi-pubblici-uso-ospedaliero-accessori-di-lavaggio-ritardo-in-ottone-con-pedana-rubinetto-lavabo-freddo\/#breadcrumb"},"inLanguage":"it-IT","potentialAction":[{"@type":"ReadAction","target":["https:\/\/www.yoroow.com\/it\/dettaglio-prodotto\/luoghi-pubblici-uso-ospedaliero-accessori-di-lavaggio-ritardo-in-ottone-con-pedana-rubinetto-lavabo-freddo\/"]}]},{"@type":"ImageObject","inLanguage":"it-IT","@id":"https:\/\/www.yoroow.com\/it\/dettaglio-prodotto\/luoghi-pubblici-uso-ospedaliero-accessori-di-lavaggio-ritardo-in-ottone-con-pedana-rubinetto-lavabo-freddo\/#primaryimage","url":"https:\/\/www.yoroow.com\/wp-content\/uploads\/2025\/02\/image-1-1.png","contentUrl":"https:\/\/www.yoroow.com\/wp-content\/uploads\/2025\/02\/image-1-1.png","width":730,"height":721,"caption":"Public Places Hospital Use Wash Accessories Time Delay Brass with Footboard Wash Cold Basin Faucet"},{"@type":"BreadcrumbList","@id":"https:\/\/www.yoroow.com\/it\/dettaglio-prodotto\/luoghi-pubblici-uso-ospedaliero-accessori-di-lavaggio-ritardo-in-ottone-con-pedana-rubinetto-lavabo-freddo\/#breadcrumb","itemListElement":[{"@type":"ListItem","position":1,"name":"home","item":"https:\/\/www.yoroow.com\/"},{"@type":"ListItem","position":2,"name":"Product","item":"https:\/\/www.yoroow.com\/product\/"},{"@type":"ListItem","position":3,"name":"Commercial Time Delay Brass Footboard Basin Faucet Copper Foot Pedal Sink Valve for Public Places Hospitals Wash Accessories"}]},{"@type":"WebSite","@id":"https:\/\/www.yoroow.com\/it\/#website","url":"https:\/\/www.yoroow.com\/it\/","name":"YOROOW","description":"","publisher":{"@id":"https:\/\/www.yoroow.com\/it\/#organization"},"potentialAction":[{"@type":"SearchAction","target":{"@type":"EntryPoint","urlTemplate":"https:\/\/www.yoroow.com\/it\/?s={search_term_string}"},"query-input":{"@type":"PropertyValueSpecification","valueRequired":true,"valueName":"search_term_string"}}],"inLanguage":"it-IT"},{"@type":"Organization","@id":"https:\/\/www.yoroow.com\/it\/#organization","name":"YOROOW","url":"https:\/\/www.yoroow.com\/it\/","logo":{"@type":"ImageObject","inLanguage":"it-IT","@id":"https:\/\/www.yoroow.com\/it\/#\/schema\/logo\/image\/","url":"https:\/\/www.yoroow.com\/wp-content\/uploads\/2024\/12\/2024123007131061.png","contentUrl":"https:\/\/www.yoroow.com\/wp-content\/uploads\/2024\/12\/2024123007131061.png","width":168,"height":27,"caption":"YOROOW"},"image":{"@id":"https:\/\/www.yoroow.com\/it\/#\/schema\/logo\/image\/"},"sameAs":["https:\/\/www.facebook.com\/people\/yoroowfaucetfactory\/61564236752362\/"]}]}},"_links":{"self":[{"href":"https:\/\/www.yoroow.com\/it\/wp-json\/wp\/v2\/product\/12358","targetHints":{"allow":["GET"]}}],"collection":[{"href":"https:\/\/www.yoroow.com\/it\/wp-json\/wp\/v2\/product"}],"about":[{"href":"https:\/\/www.yoroow.com\/it\/wp-json\/wp\/v2\/types\/product"}],"wp:featuredmedia":[{"embeddable":true,"href":"https:\/\/www.yoroow.com\/it\/wp-json\/wp\/v2\/media\/12360"}],"wp:attachment":[{"href":"https:\/\/www.yoroow.com\/it\/wp-json\/wp\/v2\/media?parent=12358"}],"wp:term":[{"taxonomy":"product_brand","embeddable":true,"href":"https:\/\/www.yoroow.com\/it\/wp-json\/wp\/v2\/product_brand?post=12358"},{"taxonomy":"product_cat","embeddable":true,"href":"https:\/\/www.yoroow.com\/it\/wp-json\/wp\/v2\/product_cat?post=12358"},{"taxonomy":"product_tag","embeddable":true,"href":"https:\/\/www.yoroow.com\/it\/wp-json\/wp\/v2\/product_tag?post=12358"}],"curies":[{"name":"wp","href":"https:\/\/api.w.org\/{rel}","templated":true}]}}