{"id":12246,"date":"2025-02-22T09:34:34","date_gmt":"2025-02-22T01:34:34","guid":{"rendered":"https:\/\/www.yoroow.com\/?post_type=product&#038;p=12246"},"modified":"2025-05-16T09:35:06","modified_gmt":"2025-05-16T01:35:06","slug":"alta-qualita-tirare-fuori-rubinetto-lavello-cucina-rubinetto-acqua-bollente-cucina-oro-cucina-rubinetto-mixer","status":"publish","type":"product","link":"https:\/\/www.yoroow.com\/it\/dettaglio-prodotto\/alta-qualita-tirare-fuori-rubinetto-lavello-cucina-rubinetto-acqua-bollente-cucina-oro-cucina-rubinetto-mixer\/","title":{"rendered":"Alta qualit\u00e0 in acciaio inox oro rubinetto cucina miscelatore Pull-Down rubinetto lavello cucina ad alto flusso d'acqua oro cucina rubinetto"},"content":{"rendered":"<p>Miscelatore in acciaio inox di alta qualit\u00e0 per rubinetto da cucina oro Rubinetto a discesa per lavello da cucina ad alto flusso d'acqua Il rubinetto da cucina oro offre una lussuosa finitura dorata con un eccellente flusso d'acqua, che lo rende un elemento di spicco in qualsiasi cucina. Il design a scomparsa aggiunge versatilit\u00e0, mentre la struttura in acciaio inossidabile garantisce durata e resistenza alla corrosione. Il processo di produzione di YOROOW garantisce standard di alta qualit\u00e0 e prezzi convenienti. Il rubinetto \u00e8 adatto ai mercati del Sud America e del Sud-Est asiatico, dove le cucine di lusso stanno diventando sempre pi\u00f9 popolari.<\/p>","protected":false},"excerpt":{"rendered":"<p>Miscelatore in acciaio inox di alta qualit\u00e0 per rubinetto da cucina oro Rubinetto a discesa per lavello da cucina ad alto flusso d'acqua Il rubinetto da cucina oro offre una lussuosa finitura dorata con un eccellente flusso d'acqua, che lo rende un elemento di spicco in qualsiasi cucina. Il design a scomparsa aggiunge versatilit\u00e0, mentre la struttura in acciaio inossidabile garantisce durata e resistenza alla corrosione. Il processo di produzione di YOROOW garantisce...<\/p>","protected":false},"featured_media":12241,"template":"","meta":{"_acf_changed":false,"_kad_post_transparent":"default","_kad_post_title":"","_kad_post_layout":"default","_kad_post_sidebar_id":"","_kad_post_content_style":"default","_kad_post_vertical_padding":"default","_kad_post_feature":"","_kad_post_feature_position":"","_kad_post_header":false,"_kad_post_footer":false},"product_brand":[],"product_cat":[246,1564],"product_tag":[3093,5838],"class_list":{"0":"post-12246","1":"product","2":"type-product","3":"status-publish","4":"has-post-thumbnail","6":"product_cat-mixer-kitchen-faucet","7":"product_cat-spring-mixer-faucet","8":"product_tag-kitchen-faucet-stainless-steel-gold","9":"product_tag-kitchen-sink-gold-tap-pull-out-kitchen-mixer-tap","11":"first","12":"instock","13":"shipping-taxable","14":"purchasable","15":"product-type-variable","16":"wvs-archive-product-wrapper","17":"entry","18":"content-bg","19":"loop-entry"},"acf":[],"yoast_head":"<!-- This site is optimized with the Yoast SEO Premium plugin v25.4 (Yoast SEO v27.0) - https:\/\/yoast.com\/product\/yoast-seo-premium-wordpress\/ -->\n<title>High Quality Stainless Steel Gold Kitchen Faucet Mixer Pull-Down Kitchen Sink Faucet High Water Flow Gold Kitchen Tap Kitchen - YOROOW<\/title>\n<meta name=\"description\" content=\"High quality stainless steel gold kitchen faucet mixer with pull-down kitchen sink faucet and high water flow. Chinese factory manufacturing with premium materials targeting South American and Southeast Asian export markets.\" \/>\n<meta name=\"robots\" content=\"index, follow, max-snippet:-1, max-image-preview:large, max-video-preview:-1\" \/>\n<link rel=\"canonical\" href=\"https:\/\/www.yoroow.com\/it\/dettaglio-prodotto\/alta-qualita-tirare-fuori-rubinetto-lavello-cucina-rubinetto-acqua-bollente-cucina-oro-cucina-rubinetto-mixer\/\" \/>\n<meta property=\"og:locale\" content=\"it_IT\" \/>\n<meta property=\"og:type\" content=\"article\" \/>\n<meta property=\"og:title\" content=\"High Quality Stainless Steel Gold Kitchen Faucet Mixer Pull-Down Kitchen Sink Faucet High Water Flow Gold Kitchen Tap Kitchen\" \/>\n<meta property=\"og:description\" content=\"High quality stainless steel gold kitchen faucet mixer with pull-down kitchen sink faucet and high water flow. Chinese factory manufacturing with premium materials targeting South American and Southeast Asian export markets.\" \/>\n<meta property=\"og:url\" content=\"https:\/\/www.yoroow.com\/it\/dettaglio-prodotto\/alta-qualita-tirare-fuori-rubinetto-lavello-cucina-rubinetto-acqua-bollente-cucina-oro-cucina-rubinetto-mixer\/\" \/>\n<meta property=\"og:site_name\" content=\"YOROOW\" \/>\n<meta property=\"article:publisher\" content=\"https:\/\/www.facebook.com\/people\/yoroowfaucetfactory\/61564236752362\/\" \/>\n<meta property=\"article:modified_time\" content=\"2025-05-16T01:35:06+00:00\" \/>\n<meta property=\"og:image\" content=\"https:\/\/www.yoroow.com\/wp-content\/uploads\/2025\/02\/O1CN01J4luwx29SjnhAN259_3989878067-0-cib.jpg\" \/>\n\t<meta property=\"og:image:width\" content=\"800\" \/>\n\t<meta property=\"og:image:height\" content=\"800\" \/>\n\t<meta property=\"og:image:type\" content=\"image\/jpeg\" \/>\n<meta name=\"twitter:card\" content=\"summary_large_image\" \/>\n<meta name=\"twitter:label1\" content=\"Tempo di lettura stimato\" \/>\n\t<meta name=\"twitter:data1\" content=\"1 minuto\" \/>\n<script type=\"application\/ld+json\" class=\"yoast-schema-graph\">{\"@context\":\"https:\/\/schema.org\",\"@graph\":[{\"@type\":\"WebPage\",\"@id\":\"https:\/\/www.yoroow.com\/it\/dettaglio-prodotto\/alta-qualita-tirare-fuori-rubinetto-lavello-cucina-rubinetto-acqua-bollente-cucina-oro-cucina-rubinetto-mixer\/\",\"url\":\"https:\/\/www.yoroow.com\/it\/dettaglio-prodotto\/alta-qualita-tirare-fuori-rubinetto-lavello-cucina-rubinetto-acqua-bollente-cucina-oro-cucina-rubinetto-mixer\/\",\"name\":\"High Quality Stainless Steel Gold Kitchen Faucet Mixer Pull-Down Kitchen Sink Faucet High Water Flow Gold Kitchen Tap Kitchen - YOROOW\",\"isPartOf\":{\"@id\":\"https:\/\/www.yoroow.com\/it\/#website\"},\"primaryImageOfPage\":{\"@id\":\"https:\/\/www.yoroow.com\/it\/dettaglio-prodotto\/alta-qualita-tirare-fuori-rubinetto-lavello-cucina-rubinetto-acqua-bollente-cucina-oro-cucina-rubinetto-mixer\/#primaryimage\"},\"image\":{\"@id\":\"https:\/\/www.yoroow.com\/it\/dettaglio-prodotto\/alta-qualita-tirare-fuori-rubinetto-lavello-cucina-rubinetto-acqua-bollente-cucina-oro-cucina-rubinetto-mixer\/#primaryimage\"},\"thumbnailUrl\":\"https:\/\/www.yoroow.com\/wp-content\/uploads\/2025\/02\/O1CN01J4luwx29SjnhAN259_3989878067-0-cib.jpg\",\"datePublished\":\"2025-02-22T01:34:34+00:00\",\"dateModified\":\"2025-05-16T01:35:06+00:00\",\"description\":\"High quality stainless steel gold kitchen faucet mixer with pull-down kitchen sink faucet and high water flow. Chinese factory manufacturing with premium materials targeting South American and Southeast Asian export markets.\",\"breadcrumb\":{\"@id\":\"https:\/\/www.yoroow.com\/it\/dettaglio-prodotto\/alta-qualita-tirare-fuori-rubinetto-lavello-cucina-rubinetto-acqua-bollente-cucina-oro-cucina-rubinetto-mixer\/#breadcrumb\"},\"inLanguage\":\"it-IT\",\"potentialAction\":[{\"@type\":\"ReadAction\",\"target\":[\"https:\/\/www.yoroow.com\/it\/dettaglio-prodotto\/alta-qualita-tirare-fuori-rubinetto-lavello-cucina-rubinetto-acqua-bollente-cucina-oro-cucina-rubinetto-mixer\/\"]}]},{\"@type\":\"ImageObject\",\"inLanguage\":\"it-IT\",\"@id\":\"https:\/\/www.yoroow.com\/it\/dettaglio-prodotto\/alta-qualita-tirare-fuori-rubinetto-lavello-cucina-rubinetto-acqua-bollente-cucina-oro-cucina-rubinetto-mixer\/#primaryimage\",\"url\":\"https:\/\/www.yoroow.com\/wp-content\/uploads\/2025\/02\/O1CN01J4luwx29SjnhAN259_3989878067-0-cib.jpg\",\"contentUrl\":\"https:\/\/www.yoroow.com\/wp-content\/uploads\/2025\/02\/O1CN01J4luwx29SjnhAN259_3989878067-0-cib.jpg\",\"width\":800,\"height\":800,\"caption\":\"Modern Design 360 Degree Rotatable Kitchen Faucet High Quality Chrome Spring Pull Sprayer 304 Stainless Steel Hot Cold Mixer Tap\"},{\"@type\":\"BreadcrumbList\",\"@id\":\"https:\/\/www.yoroow.com\/it\/dettaglio-prodotto\/alta-qualita-tirare-fuori-rubinetto-lavello-cucina-rubinetto-acqua-bollente-cucina-oro-cucina-rubinetto-mixer\/#breadcrumb\",\"itemListElement\":[{\"@type\":\"ListItem\",\"position\":1,\"name\":\"home\",\"item\":\"https:\/\/www.yoroow.com\/\"},{\"@type\":\"ListItem\",\"position\":2,\"name\":\"Product\",\"item\":\"https:\/\/www.yoroow.com\/product\/\"},{\"@type\":\"ListItem\",\"position\":3,\"name\":\"High Quality Stainless Steel Gold Kitchen Faucet Mixer Pull-Down Kitchen Sink Faucet High Water Flow Gold Kitchen Tap Kitchen\"}]},{\"@type\":\"WebSite\",\"@id\":\"https:\/\/www.yoroow.com\/it\/#website\",\"url\":\"https:\/\/www.yoroow.com\/it\/\",\"name\":\"YOROOW\",\"description\":\"\",\"publisher\":{\"@id\":\"https:\/\/www.yoroow.com\/it\/#organization\"},\"potentialAction\":[{\"@type\":\"SearchAction\",\"target\":{\"@type\":\"EntryPoint\",\"urlTemplate\":\"https:\/\/www.yoroow.com\/it\/?s={search_term_string}\"},\"query-input\":{\"@type\":\"PropertyValueSpecification\",\"valueRequired\":true,\"valueName\":\"search_term_string\"}}],\"inLanguage\":\"it-IT\"},{\"@type\":\"Organization\",\"@id\":\"https:\/\/www.yoroow.com\/it\/#organization\",\"name\":\"YOROOW\",\"url\":\"https:\/\/www.yoroow.com\/it\/\",\"logo\":{\"@type\":\"ImageObject\",\"inLanguage\":\"it-IT\",\"@id\":\"https:\/\/www.yoroow.com\/it\/#\/schema\/logo\/image\/\",\"url\":\"https:\/\/www.yoroow.com\/wp-content\/uploads\/2024\/12\/2024123007131061.png\",\"contentUrl\":\"https:\/\/www.yoroow.com\/wp-content\/uploads\/2024\/12\/2024123007131061.png\",\"width\":168,\"height\":27,\"caption\":\"YOROOW\"},\"image\":{\"@id\":\"https:\/\/www.yoroow.com\/it\/#\/schema\/logo\/image\/\"},\"sameAs\":[\"https:\/\/www.facebook.com\/people\/yoroowfaucetfactory\/61564236752362\/\"]}]}<\/script>\n<!-- \/ Yoast SEO Premium plugin. -->","yoast_head_json":{"title":"High Quality Stainless Steel Gold Kitchen Faucet Mixer Pull-Down Kitchen Sink Faucet High Water Flow Gold Kitchen Tap Kitchen - YOROOW","description":"High quality stainless steel gold kitchen faucet mixer with pull-down kitchen sink faucet and high water flow. Chinese factory manufacturing with premium materials targeting South American and Southeast Asian export markets.","robots":{"index":"index","follow":"follow","max-snippet":"max-snippet:-1","max-image-preview":"max-image-preview:large","max-video-preview":"max-video-preview:-1"},"canonical":"https:\/\/www.yoroow.com\/it\/dettaglio-prodotto\/alta-qualita-tirare-fuori-rubinetto-lavello-cucina-rubinetto-acqua-bollente-cucina-oro-cucina-rubinetto-mixer\/","og_locale":"it_IT","og_type":"article","og_title":"High Quality Stainless Steel Gold Kitchen Faucet Mixer Pull-Down Kitchen Sink Faucet High Water Flow Gold Kitchen Tap Kitchen","og_description":"High quality stainless steel gold kitchen faucet mixer with pull-down kitchen sink faucet and high water flow. Chinese factory manufacturing with premium materials targeting South American and Southeast Asian export markets.","og_url":"https:\/\/www.yoroow.com\/it\/dettaglio-prodotto\/alta-qualita-tirare-fuori-rubinetto-lavello-cucina-rubinetto-acqua-bollente-cucina-oro-cucina-rubinetto-mixer\/","og_site_name":"YOROOW","article_publisher":"https:\/\/www.facebook.com\/people\/yoroowfaucetfactory\/61564236752362\/","article_modified_time":"2025-05-16T01:35:06+00:00","og_image":[{"width":800,"height":800,"url":"https:\/\/www.yoroow.com\/wp-content\/uploads\/2025\/02\/O1CN01J4luwx29SjnhAN259_3989878067-0-cib.jpg","type":"image\/jpeg"}],"twitter_card":"summary_large_image","twitter_misc":{"Tempo di lettura stimato":"1 minuto"},"schema":{"@context":"https:\/\/schema.org","@graph":[{"@type":"WebPage","@id":"https:\/\/www.yoroow.com\/it\/dettaglio-prodotto\/alta-qualita-tirare-fuori-rubinetto-lavello-cucina-rubinetto-acqua-bollente-cucina-oro-cucina-rubinetto-mixer\/","url":"https:\/\/www.yoroow.com\/it\/dettaglio-prodotto\/alta-qualita-tirare-fuori-rubinetto-lavello-cucina-rubinetto-acqua-bollente-cucina-oro-cucina-rubinetto-mixer\/","name":"High Quality Stainless Steel Gold Kitchen Faucet Mixer Pull-Down Kitchen Sink Faucet High Water Flow Gold Kitchen Tap Kitchen - YOROOW","isPartOf":{"@id":"https:\/\/www.yoroow.com\/it\/#website"},"primaryImageOfPage":{"@id":"https:\/\/www.yoroow.com\/it\/dettaglio-prodotto\/alta-qualita-tirare-fuori-rubinetto-lavello-cucina-rubinetto-acqua-bollente-cucina-oro-cucina-rubinetto-mixer\/#primaryimage"},"image":{"@id":"https:\/\/www.yoroow.com\/it\/dettaglio-prodotto\/alta-qualita-tirare-fuori-rubinetto-lavello-cucina-rubinetto-acqua-bollente-cucina-oro-cucina-rubinetto-mixer\/#primaryimage"},"thumbnailUrl":"https:\/\/www.yoroow.com\/wp-content\/uploads\/2025\/02\/O1CN01J4luwx29SjnhAN259_3989878067-0-cib.jpg","datePublished":"2025-02-22T01:34:34+00:00","dateModified":"2025-05-16T01:35:06+00:00","description":"High quality stainless steel gold kitchen faucet mixer with pull-down kitchen sink faucet and high water flow. Chinese factory manufacturing with premium materials targeting South American and Southeast Asian export markets.","breadcrumb":{"@id":"https:\/\/www.yoroow.com\/it\/dettaglio-prodotto\/alta-qualita-tirare-fuori-rubinetto-lavello-cucina-rubinetto-acqua-bollente-cucina-oro-cucina-rubinetto-mixer\/#breadcrumb"},"inLanguage":"it-IT","potentialAction":[{"@type":"ReadAction","target":["https:\/\/www.yoroow.com\/it\/dettaglio-prodotto\/alta-qualita-tirare-fuori-rubinetto-lavello-cucina-rubinetto-acqua-bollente-cucina-oro-cucina-rubinetto-mixer\/"]}]},{"@type":"ImageObject","inLanguage":"it-IT","@id":"https:\/\/www.yoroow.com\/it\/dettaglio-prodotto\/alta-qualita-tirare-fuori-rubinetto-lavello-cucina-rubinetto-acqua-bollente-cucina-oro-cucina-rubinetto-mixer\/#primaryimage","url":"https:\/\/www.yoroow.com\/wp-content\/uploads\/2025\/02\/O1CN01J4luwx29SjnhAN259_3989878067-0-cib.jpg","contentUrl":"https:\/\/www.yoroow.com\/wp-content\/uploads\/2025\/02\/O1CN01J4luwx29SjnhAN259_3989878067-0-cib.jpg","width":800,"height":800,"caption":"Modern Design 360 Degree Rotatable Kitchen Faucet High Quality Chrome Spring Pull Sprayer 304 Stainless Steel Hot Cold Mixer Tap"},{"@type":"BreadcrumbList","@id":"https:\/\/www.yoroow.com\/it\/dettaglio-prodotto\/alta-qualita-tirare-fuori-rubinetto-lavello-cucina-rubinetto-acqua-bollente-cucina-oro-cucina-rubinetto-mixer\/#breadcrumb","itemListElement":[{"@type":"ListItem","position":1,"name":"home","item":"https:\/\/www.yoroow.com\/"},{"@type":"ListItem","position":2,"name":"Product","item":"https:\/\/www.yoroow.com\/product\/"},{"@type":"ListItem","position":3,"name":"High Quality Stainless Steel Gold Kitchen Faucet Mixer Pull-Down Kitchen Sink Faucet High Water Flow Gold Kitchen Tap Kitchen"}]},{"@type":"WebSite","@id":"https:\/\/www.yoroow.com\/it\/#website","url":"https:\/\/www.yoroow.com\/it\/","name":"YOROOW","description":"","publisher":{"@id":"https:\/\/www.yoroow.com\/it\/#organization"},"potentialAction":[{"@type":"SearchAction","target":{"@type":"EntryPoint","urlTemplate":"https:\/\/www.yoroow.com\/it\/?s={search_term_string}"},"query-input":{"@type":"PropertyValueSpecification","valueRequired":true,"valueName":"search_term_string"}}],"inLanguage":"it-IT"},{"@type":"Organization","@id":"https:\/\/www.yoroow.com\/it\/#organization","name":"YOROOW","url":"https:\/\/www.yoroow.com\/it\/","logo":{"@type":"ImageObject","inLanguage":"it-IT","@id":"https:\/\/www.yoroow.com\/it\/#\/schema\/logo\/image\/","url":"https:\/\/www.yoroow.com\/wp-content\/uploads\/2024\/12\/2024123007131061.png","contentUrl":"https:\/\/www.yoroow.com\/wp-content\/uploads\/2024\/12\/2024123007131061.png","width":168,"height":27,"caption":"YOROOW"},"image":{"@id":"https:\/\/www.yoroow.com\/it\/#\/schema\/logo\/image\/"},"sameAs":["https:\/\/www.facebook.com\/people\/yoroowfaucetfactory\/61564236752362\/"]}]}},"_links":{"self":[{"href":"https:\/\/www.yoroow.com\/it\/wp-json\/wp\/v2\/product\/12246","targetHints":{"allow":["GET"]}}],"collection":[{"href":"https:\/\/www.yoroow.com\/it\/wp-json\/wp\/v2\/product"}],"about":[{"href":"https:\/\/www.yoroow.com\/it\/wp-json\/wp\/v2\/types\/product"}],"wp:featuredmedia":[{"embeddable":true,"href":"https:\/\/www.yoroow.com\/it\/wp-json\/wp\/v2\/media\/12241"}],"wp:attachment":[{"href":"https:\/\/www.yoroow.com\/it\/wp-json\/wp\/v2\/media?parent=12246"}],"wp:term":[{"taxonomy":"product_brand","embeddable":true,"href":"https:\/\/www.yoroow.com\/it\/wp-json\/wp\/v2\/product_brand?post=12246"},{"taxonomy":"product_cat","embeddable":true,"href":"https:\/\/www.yoroow.com\/it\/wp-json\/wp\/v2\/product_cat?post=12246"},{"taxonomy":"product_tag","embeddable":true,"href":"https:\/\/www.yoroow.com\/it\/wp-json\/wp\/v2\/product_tag?post=12246"}],"curies":[{"name":"wp","href":"https:\/\/api.w.org\/{rel}","templated":true}]}}