{"id":11981,"date":"2025-02-21T17:54:59","date_gmt":"2025-02-21T09:54:59","guid":{"rendered":"https:\/\/www.yoroow.com\/?post_type=product&#038;p=11981"},"modified":"2025-05-16T09:32:39","modified_gmt":"2025-05-16T01:32:39","slug":"prezzo-economico-rubinetto-miscelatore-doccia-cromo-bagno-moderno-sus201-rubinetti-doccia-a-parete-miscelatori","status":"publish","type":"product","link":"https:\/\/www.yoroow.com\/it\/dettaglio-prodotto\/prezzo-economico-rubinetto-miscelatore-doccia-cromo-bagno-moderno-sus201-rubinetti-doccia-a-parete-miscelatori\/","title":{"rendered":"Moderno bilancio bagno e doccia rubinetti in acciaio inox caldo freddo cromato doccia miscelatore rubinetto SUS201 montaggio a parete"},"content":{"rendered":"<p>Questo rubinetto per vasca e doccia economico \u00e8 realizzato in resistente acciaio inox SUS201 e presenta un'elegante finitura cromata, che offre la funzionalit\u00e0 di miscelazione dell'acqua calda e fredda. Il design con montaggio a parete \u00e8 perfetto per i bagni di case, hotel e altri ambienti commerciali che richiedono poco spazio. Il design facile da installare garantisce una rapida messa a punto, mentre la struttura in acciaio inox di alta qualit\u00e0 assicura longevit\u00e0 e resistenza alla corrosione. Prodotto da YOROOW in Cina, questo rubinetto offre un eccellente rapporto qualit\u00e0-prezzo, che lo rende una scelta popolare per i clienti del Sud America e del Sud-Est asiatico, dove la domanda di prodotti per il bagno economici e di alta qualit\u00e0 \u00e8 in aumento. L'esperienza di YOROOW nella produzione su larga scala e nella logistica internazionale garantisce che il rubinetto venga consegnato in tempo e soddisfi le esigenze di un'ampia gamma di clienti. Grazie al prezzo accessibile, alla durata e al design elegante, questo rubinetto \u00e8 la soluzione ideale per i consumatori attenti al budget che non vogliono scendere a compromessi con la qualit\u00e0.<\/p>","protected":false},"excerpt":{"rendered":"<p>This budget-friendly bath and shower faucet is constructed from durable SUS201 stainless steel and features a sleek chrome finish, providing both hot and cold water mixing functionality. The wall-mounted design is perfect for space-efficient bathrooms in homes, hotels, and other commercial settings. The easy-to-install design ensures quick setup, while the high-quality stainless steel construction ensures\u2026<\/p>","protected":false},"featured_media":11988,"template":"","meta":{"_acf_changed":false,"_kad_post_transparent":"default","_kad_post_title":"","_kad_post_layout":"default","_kad_post_sidebar_id":"","_kad_post_content_style":"default","_kad_post_vertical_padding":"default","_kad_post_feature":"","_kad_post_feature_position":"","_kad_post_header":false,"_kad_post_footer":false},"product_brand":[],"product_cat":[122,1552],"product_tag":[6562,6335],"class_list":{"0":"post-11981","1":"product","2":"type-product","3":"status-publish","4":"has-post-thumbnail","6":"product_cat-bathshower-faucet","7":"product_cat-bxg01series","8":"product_tag-budget-bath-faucet","9":"product_tag-stainless-steel-hot-and-cold-shower-faucet-set","11":"first","12":"instock","13":"shipping-taxable","14":"purchasable","15":"product-type-variable","16":"wvs-archive-product-wrapper","17":"entry","18":"content-bg","19":"loop-entry"},"acf":[],"yoast_head":"<!-- This site is optimized with the Yoast SEO Premium plugin v25.4 (Yoast SEO v27.0) - https:\/\/yoast.com\/product\/yoast-seo-premium-wordpress\/ -->\n<title>Modern Budget Bath &amp; Shower Faucets Stainless Steel Hot Cold Chrome Shower Mixer Faucet SUS201 Wall Mount - YOROOW<\/title>\n<meta name=\"description\" content=\"Modern budget bath and shower faucet set made from stainless steel SUS201 with hot and cold chrome shower mixer. Wall mount design for easy installation. Produced in China with cost efficiency, targeting South American and Southeast Asian budget-conscious consumers.\" \/>\n<meta name=\"robots\" content=\"index, follow, max-snippet:-1, max-image-preview:large, max-video-preview:-1\" \/>\n<link rel=\"canonical\" href=\"https:\/\/www.yoroow.com\/it\/dettaglio-prodotto\/prezzo-economico-rubinetto-miscelatore-doccia-cromo-bagno-moderno-sus201-rubinetti-doccia-a-parete-miscelatori\/\" \/>\n<meta property=\"og:locale\" content=\"it_IT\" \/>\n<meta property=\"og:type\" content=\"article\" \/>\n<meta property=\"og:title\" content=\"Modern Budget Bath &amp; Shower Faucets Stainless Steel Hot Cold Chrome Shower Mixer Faucet SUS201 Wall Mount\" \/>\n<meta property=\"og:description\" content=\"Modern budget bath and shower faucet set made from stainless steel SUS201 with hot and cold chrome shower mixer. Wall mount design for easy installation. Produced in China with cost efficiency, targeting South American and Southeast Asian budget-conscious consumers.\" \/>\n<meta property=\"og:url\" content=\"https:\/\/www.yoroow.com\/it\/dettaglio-prodotto\/prezzo-economico-rubinetto-miscelatore-doccia-cromo-bagno-moderno-sus201-rubinetti-doccia-a-parete-miscelatori\/\" \/>\n<meta property=\"og:site_name\" content=\"YOROOW\" \/>\n<meta property=\"article:publisher\" content=\"https:\/\/www.facebook.com\/people\/yoroowfaucetfactory\/61564236752362\/\" \/>\n<meta property=\"article:modified_time\" content=\"2025-05-16T01:32:39+00:00\" \/>\n<meta property=\"og:image\" content=\"https:\/\/www.yoroow.com\/wp-content\/uploads\/2025\/02\/O1CN01eip6sz1mwIDVP3QIZ_3084865018-0-cib.jpg\" \/>\n\t<meta property=\"og:image:width\" content=\"673\" \/>\n\t<meta property=\"og:image:height\" content=\"673\" \/>\n\t<meta property=\"og:image:type\" content=\"image\/jpeg\" \/>\n<meta name=\"twitter:card\" content=\"summary_large_image\" \/>\n<meta name=\"twitter:label1\" content=\"Tempo di lettura stimato\" \/>\n\t<meta name=\"twitter:data1\" content=\"1 minuto\" \/>\n<script type=\"application\/ld+json\" class=\"yoast-schema-graph\">{\"@context\":\"https:\/\/schema.org\",\"@graph\":[{\"@type\":\"WebPage\",\"@id\":\"https:\/\/www.yoroow.com\/it\/dettaglio-prodotto\/prezzo-economico-rubinetto-miscelatore-doccia-cromo-bagno-moderno-sus201-rubinetti-doccia-a-parete-miscelatori\/\",\"url\":\"https:\/\/www.yoroow.com\/it\/dettaglio-prodotto\/prezzo-economico-rubinetto-miscelatore-doccia-cromo-bagno-moderno-sus201-rubinetti-doccia-a-parete-miscelatori\/\",\"name\":\"Modern Budget Bath & Shower Faucets Stainless Steel Hot Cold Chrome Shower Mixer Faucet SUS201 Wall Mount - YOROOW\",\"isPartOf\":{\"@id\":\"https:\/\/www.yoroow.com\/it\/#website\"},\"primaryImageOfPage\":{\"@id\":\"https:\/\/www.yoroow.com\/it\/dettaglio-prodotto\/prezzo-economico-rubinetto-miscelatore-doccia-cromo-bagno-moderno-sus201-rubinetti-doccia-a-parete-miscelatori\/#primaryimage\"},\"image\":{\"@id\":\"https:\/\/www.yoroow.com\/it\/dettaglio-prodotto\/prezzo-economico-rubinetto-miscelatore-doccia-cromo-bagno-moderno-sus201-rubinetti-doccia-a-parete-miscelatori\/#primaryimage\"},\"thumbnailUrl\":\"https:\/\/www.yoroow.com\/wp-content\/uploads\/2025\/02\/O1CN01eip6sz1mwIDVP3QIZ_3084865018-0-cib.jpg\",\"datePublished\":\"2025-02-21T09:54:59+00:00\",\"dateModified\":\"2025-05-16T01:32:39+00:00\",\"description\":\"Modern budget bath and shower faucet set made from stainless steel SUS201 with hot and cold chrome shower mixer. Wall mount design for easy installation. Produced in China with cost efficiency, targeting South American and Southeast Asian budget-conscious consumers.\",\"breadcrumb\":{\"@id\":\"https:\/\/www.yoroow.com\/it\/dettaglio-prodotto\/prezzo-economico-rubinetto-miscelatore-doccia-cromo-bagno-moderno-sus201-rubinetti-doccia-a-parete-miscelatori\/#breadcrumb\"},\"inLanguage\":\"it-IT\",\"potentialAction\":[{\"@type\":\"ReadAction\",\"target\":[\"https:\/\/www.yoroow.com\/it\/dettaglio-prodotto\/prezzo-economico-rubinetto-miscelatore-doccia-cromo-bagno-moderno-sus201-rubinetti-doccia-a-parete-miscelatori\/\"]}]},{\"@type\":\"ImageObject\",\"inLanguage\":\"it-IT\",\"@id\":\"https:\/\/www.yoroow.com\/it\/dettaglio-prodotto\/prezzo-economico-rubinetto-miscelatore-doccia-cromo-bagno-moderno-sus201-rubinetti-doccia-a-parete-miscelatori\/#primaryimage\",\"url\":\"https:\/\/www.yoroow.com\/wp-content\/uploads\/2025\/02\/O1CN01eip6sz1mwIDVP3QIZ_3084865018-0-cib.jpg\",\"contentUrl\":\"https:\/\/www.yoroow.com\/wp-content\/uploads\/2025\/02\/O1CN01eip6sz1mwIDVP3QIZ_3084865018-0-cib.jpg\",\"width\":673,\"height\":673,\"caption\":\"Modern Budget Bath & Shower Faucets Stainless Steel Hot Cold Chrome Shower Mixer Faucet SUS201 Wall Mount\"},{\"@type\":\"BreadcrumbList\",\"@id\":\"https:\/\/www.yoroow.com\/it\/dettaglio-prodotto\/prezzo-economico-rubinetto-miscelatore-doccia-cromo-bagno-moderno-sus201-rubinetti-doccia-a-parete-miscelatori\/#breadcrumb\",\"itemListElement\":[{\"@type\":\"ListItem\",\"position\":1,\"name\":\"home\",\"item\":\"https:\/\/www.yoroow.com\/\"},{\"@type\":\"ListItem\",\"position\":2,\"name\":\"Product\",\"item\":\"https:\/\/www.yoroow.com\/product\/\"},{\"@type\":\"ListItem\",\"position\":3,\"name\":\"Modern Budget Bath &#038; Shower Faucets Stainless Steel Hot Cold Chrome Shower Mixer Faucet SUS201 Wall Mount\"}]},{\"@type\":\"WebSite\",\"@id\":\"https:\/\/www.yoroow.com\/it\/#website\",\"url\":\"https:\/\/www.yoroow.com\/it\/\",\"name\":\"YOROOW\",\"description\":\"\",\"publisher\":{\"@id\":\"https:\/\/www.yoroow.com\/it\/#organization\"},\"potentialAction\":[{\"@type\":\"SearchAction\",\"target\":{\"@type\":\"EntryPoint\",\"urlTemplate\":\"https:\/\/www.yoroow.com\/it\/?s={search_term_string}\"},\"query-input\":{\"@type\":\"PropertyValueSpecification\",\"valueRequired\":true,\"valueName\":\"search_term_string\"}}],\"inLanguage\":\"it-IT\"},{\"@type\":\"Organization\",\"@id\":\"https:\/\/www.yoroow.com\/it\/#organization\",\"name\":\"YOROOW\",\"url\":\"https:\/\/www.yoroow.com\/it\/\",\"logo\":{\"@type\":\"ImageObject\",\"inLanguage\":\"it-IT\",\"@id\":\"https:\/\/www.yoroow.com\/it\/#\/schema\/logo\/image\/\",\"url\":\"https:\/\/www.yoroow.com\/wp-content\/uploads\/2024\/12\/2024123007131061.png\",\"contentUrl\":\"https:\/\/www.yoroow.com\/wp-content\/uploads\/2024\/12\/2024123007131061.png\",\"width\":168,\"height\":27,\"caption\":\"YOROOW\"},\"image\":{\"@id\":\"https:\/\/www.yoroow.com\/it\/#\/schema\/logo\/image\/\"},\"sameAs\":[\"https:\/\/www.facebook.com\/people\/yoroowfaucetfactory\/61564236752362\/\"]}]}<\/script>\n<!-- \/ Yoast SEO Premium plugin. -->","yoast_head_json":{"title":"Modern Budget Bath & Shower Faucets Stainless Steel Hot Cold Chrome Shower Mixer Faucet SUS201 Wall Mount - YOROOW","description":"Modern budget bath and shower faucet set made from stainless steel SUS201 with hot and cold chrome shower mixer. Wall mount design for easy installation. Produced in China with cost efficiency, targeting South American and Southeast Asian budget-conscious consumers.","robots":{"index":"index","follow":"follow","max-snippet":"max-snippet:-1","max-image-preview":"max-image-preview:large","max-video-preview":"max-video-preview:-1"},"canonical":"https:\/\/www.yoroow.com\/it\/dettaglio-prodotto\/prezzo-economico-rubinetto-miscelatore-doccia-cromo-bagno-moderno-sus201-rubinetti-doccia-a-parete-miscelatori\/","og_locale":"it_IT","og_type":"article","og_title":"Modern Budget Bath & Shower Faucets Stainless Steel Hot Cold Chrome Shower Mixer Faucet SUS201 Wall Mount","og_description":"Modern budget bath and shower faucet set made from stainless steel SUS201 with hot and cold chrome shower mixer. Wall mount design for easy installation. Produced in China with cost efficiency, targeting South American and Southeast Asian budget-conscious consumers.","og_url":"https:\/\/www.yoroow.com\/it\/dettaglio-prodotto\/prezzo-economico-rubinetto-miscelatore-doccia-cromo-bagno-moderno-sus201-rubinetti-doccia-a-parete-miscelatori\/","og_site_name":"YOROOW","article_publisher":"https:\/\/www.facebook.com\/people\/yoroowfaucetfactory\/61564236752362\/","article_modified_time":"2025-05-16T01:32:39+00:00","og_image":[{"width":673,"height":673,"url":"https:\/\/www.yoroow.com\/wp-content\/uploads\/2025\/02\/O1CN01eip6sz1mwIDVP3QIZ_3084865018-0-cib.jpg","type":"image\/jpeg"}],"twitter_card":"summary_large_image","twitter_misc":{"Tempo di lettura stimato":"1 minuto"},"schema":{"@context":"https:\/\/schema.org","@graph":[{"@type":"WebPage","@id":"https:\/\/www.yoroow.com\/it\/dettaglio-prodotto\/prezzo-economico-rubinetto-miscelatore-doccia-cromo-bagno-moderno-sus201-rubinetti-doccia-a-parete-miscelatori\/","url":"https:\/\/www.yoroow.com\/it\/dettaglio-prodotto\/prezzo-economico-rubinetto-miscelatore-doccia-cromo-bagno-moderno-sus201-rubinetti-doccia-a-parete-miscelatori\/","name":"Modern Budget Bath & Shower Faucets Stainless Steel Hot Cold Chrome Shower Mixer Faucet SUS201 Wall Mount - YOROOW","isPartOf":{"@id":"https:\/\/www.yoroow.com\/it\/#website"},"primaryImageOfPage":{"@id":"https:\/\/www.yoroow.com\/it\/dettaglio-prodotto\/prezzo-economico-rubinetto-miscelatore-doccia-cromo-bagno-moderno-sus201-rubinetti-doccia-a-parete-miscelatori\/#primaryimage"},"image":{"@id":"https:\/\/www.yoroow.com\/it\/dettaglio-prodotto\/prezzo-economico-rubinetto-miscelatore-doccia-cromo-bagno-moderno-sus201-rubinetti-doccia-a-parete-miscelatori\/#primaryimage"},"thumbnailUrl":"https:\/\/www.yoroow.com\/wp-content\/uploads\/2025\/02\/O1CN01eip6sz1mwIDVP3QIZ_3084865018-0-cib.jpg","datePublished":"2025-02-21T09:54:59+00:00","dateModified":"2025-05-16T01:32:39+00:00","description":"Modern budget bath and shower faucet set made from stainless steel SUS201 with hot and cold chrome shower mixer. Wall mount design for easy installation. Produced in China with cost efficiency, targeting South American and Southeast Asian budget-conscious consumers.","breadcrumb":{"@id":"https:\/\/www.yoroow.com\/it\/dettaglio-prodotto\/prezzo-economico-rubinetto-miscelatore-doccia-cromo-bagno-moderno-sus201-rubinetti-doccia-a-parete-miscelatori\/#breadcrumb"},"inLanguage":"it-IT","potentialAction":[{"@type":"ReadAction","target":["https:\/\/www.yoroow.com\/it\/dettaglio-prodotto\/prezzo-economico-rubinetto-miscelatore-doccia-cromo-bagno-moderno-sus201-rubinetti-doccia-a-parete-miscelatori\/"]}]},{"@type":"ImageObject","inLanguage":"it-IT","@id":"https:\/\/www.yoroow.com\/it\/dettaglio-prodotto\/prezzo-economico-rubinetto-miscelatore-doccia-cromo-bagno-moderno-sus201-rubinetti-doccia-a-parete-miscelatori\/#primaryimage","url":"https:\/\/www.yoroow.com\/wp-content\/uploads\/2025\/02\/O1CN01eip6sz1mwIDVP3QIZ_3084865018-0-cib.jpg","contentUrl":"https:\/\/www.yoroow.com\/wp-content\/uploads\/2025\/02\/O1CN01eip6sz1mwIDVP3QIZ_3084865018-0-cib.jpg","width":673,"height":673,"caption":"Modern Budget Bath & Shower Faucets Stainless Steel Hot Cold Chrome Shower Mixer Faucet SUS201 Wall Mount"},{"@type":"BreadcrumbList","@id":"https:\/\/www.yoroow.com\/it\/dettaglio-prodotto\/prezzo-economico-rubinetto-miscelatore-doccia-cromo-bagno-moderno-sus201-rubinetti-doccia-a-parete-miscelatori\/#breadcrumb","itemListElement":[{"@type":"ListItem","position":1,"name":"home","item":"https:\/\/www.yoroow.com\/"},{"@type":"ListItem","position":2,"name":"Product","item":"https:\/\/www.yoroow.com\/product\/"},{"@type":"ListItem","position":3,"name":"Modern Budget Bath &#038; Shower Faucets Stainless Steel Hot Cold Chrome Shower Mixer Faucet SUS201 Wall Mount"}]},{"@type":"WebSite","@id":"https:\/\/www.yoroow.com\/it\/#website","url":"https:\/\/www.yoroow.com\/it\/","name":"YOROOW","description":"","publisher":{"@id":"https:\/\/www.yoroow.com\/it\/#organization"},"potentialAction":[{"@type":"SearchAction","target":{"@type":"EntryPoint","urlTemplate":"https:\/\/www.yoroow.com\/it\/?s={search_term_string}"},"query-input":{"@type":"PropertyValueSpecification","valueRequired":true,"valueName":"search_term_string"}}],"inLanguage":"it-IT"},{"@type":"Organization","@id":"https:\/\/www.yoroow.com\/it\/#organization","name":"YOROOW","url":"https:\/\/www.yoroow.com\/it\/","logo":{"@type":"ImageObject","inLanguage":"it-IT","@id":"https:\/\/www.yoroow.com\/it\/#\/schema\/logo\/image\/","url":"https:\/\/www.yoroow.com\/wp-content\/uploads\/2024\/12\/2024123007131061.png","contentUrl":"https:\/\/www.yoroow.com\/wp-content\/uploads\/2024\/12\/2024123007131061.png","width":168,"height":27,"caption":"YOROOW"},"image":{"@id":"https:\/\/www.yoroow.com\/it\/#\/schema\/logo\/image\/"},"sameAs":["https:\/\/www.facebook.com\/people\/yoroowfaucetfactory\/61564236752362\/"]}]}},"_links":{"self":[{"href":"https:\/\/www.yoroow.com\/it\/wp-json\/wp\/v2\/product\/11981","targetHints":{"allow":["GET"]}}],"collection":[{"href":"https:\/\/www.yoroow.com\/it\/wp-json\/wp\/v2\/product"}],"about":[{"href":"https:\/\/www.yoroow.com\/it\/wp-json\/wp\/v2\/types\/product"}],"wp:featuredmedia":[{"embeddable":true,"href":"https:\/\/www.yoroow.com\/it\/wp-json\/wp\/v2\/media\/11988"}],"wp:attachment":[{"href":"https:\/\/www.yoroow.com\/it\/wp-json\/wp\/v2\/media?parent=11981"}],"wp:term":[{"taxonomy":"product_brand","embeddable":true,"href":"https:\/\/www.yoroow.com\/it\/wp-json\/wp\/v2\/product_brand?post=11981"},{"taxonomy":"product_cat","embeddable":true,"href":"https:\/\/www.yoroow.com\/it\/wp-json\/wp\/v2\/product_cat?post=11981"},{"taxonomy":"product_tag","embeddable":true,"href":"https:\/\/www.yoroow.com\/it\/wp-json\/wp\/v2\/product_tag?post=11981"}],"curies":[{"name":"wp","href":"https:\/\/api.w.org\/{rel}","templated":true}]}}