{"id":11959,"date":"2025-02-21T17:38:05","date_gmt":"2025-02-21T09:38:05","guid":{"rendered":"https:\/\/www.yoroow.com\/?post_type=product&#038;p=11959"},"modified":"2025-05-16T09:32:07","modified_gmt":"2025-05-16T01:32:07","slug":"vendite-calde-acqua-calda-e-fredda-rubinetto-lavello-singola-maniglia-a-parete-bar-rubinetto-del-mixer-per-la-cucina","status":"publish","type":"product","link":"https:\/\/www.yoroow.com\/it\/dettaglio-prodotto\/vendite-calde-acqua-calda-e-fredda-rubinetto-lavello-singola-maniglia-a-parete-bar-rubinetto-del-mixer-per-la-cucina\/","title":{"rendered":"Design moderno rubinetto da cucina a parete a una maniglia Vendite calde Rubinetto lavello acqua calda fredda Armadietti da cucina Rubinetto Cucina"},"content":{"rendered":"<p>Il rubinetto da cucina a parete con una sola maniglia dal design moderno \u00e8 perfetto per i mobili della cucina e offre una soluzione di rubinetto per lavello con acqua calda e fredda. Il suo design contemporaneo aggiunge un tocco di stile a qualsiasi cucina, mentre il design a maniglia singola garantisce un facile controllo del flusso d'acqua e della temperatura. Realizzato con materiali di alta qualit\u00e0, \u00e8 resistente e duraturo. Prodotto in una fabbrica cinese esperta nella produzione di rubinetti da cucina, questo prodotto \u00e8 ideale per l'esportazione nel sud-est asiatico e in America Latina, dove la domanda di rubinetti da cucina funzionali e attraenti \u00e8 in crescita. La sua versatilit\u00e0 e facilit\u00e0 di installazione lo rendono una scelta popolare sia per le cucine residenziali che per quelle commerciali.<\/p>","protected":false},"excerpt":{"rendered":"<p>The modern design single-handle wall-mounted kitchen faucet is perfect for kitchen cabinets and provides a hot and cold water sink faucet solution. Its contemporary design adds a stylish touch to any kitchen, while its single-handle design ensures easy water flow and temperature control. Made from high-quality materials, it is durable and long-lasting. Manufactured in a\u2026<\/p>","protected":false},"featured_media":11965,"template":"","meta":{"_acf_changed":false,"_kad_post_transparent":"default","_kad_post_title":"","_kad_post_layout":"default","_kad_post_sidebar_id":"","_kad_post_content_style":"default","_kad_post_vertical_padding":"default","_kad_post_feature":"","_kad_post_feature_position":"","_kad_post_header":false,"_kad_post_footer":false},"product_brand":[],"product_cat":[102,246,223,1549],"product_tag":[5823,3203],"class_list":{"0":"post-11959","1":"product","2":"type-product","3":"status-publish","4":"has-post-thumbnail","6":"product_cat-kitchen-faucet","7":"product_cat-mixer-kitchen-faucet","8":"product_cat-wall-mounted-kitchen-faucet","9":"product_cat-010pseries","10":"product_tag-kitchen-cabinets-tap","11":"product_tag-modern-design-kitchen-faucet","13":"first","14":"instock","15":"shipping-taxable","16":"purchasable","17":"product-type-variable","18":"wvs-archive-product-wrapper","19":"entry","20":"content-bg","21":"loop-entry"},"acf":[],"yoast_head":"<!-- This site is optimized with the Yoast SEO Premium plugin v25.4 (Yoast SEO v27.0) - https:\/\/yoast.com\/product\/yoast-seo-premium-wordpress\/ -->\n<title>Modern Design Single Handle Wall Mounted Kitchen Faucet Hot Sales Hot Cold Water Sink Faucet Kitchen Cabinets Tap Faucet Kitchen - YOROOW<\/title>\n<meta name=\"description\" content=\"Modern design single handle wall-mounted kitchen faucet with hot and cold water supply. Hot sales product for kitchen cabinets and sinks. Made in China with quality control, widely exported to South America and Southeast Asia for residential and commercial kitchens.\" \/>\n<meta name=\"robots\" content=\"index, follow, max-snippet:-1, max-image-preview:large, max-video-preview:-1\" \/>\n<link rel=\"canonical\" href=\"https:\/\/www.yoroow.com\/it\/dettaglio-prodotto\/vendite-calde-acqua-calda-e-fredda-rubinetto-lavello-singola-maniglia-a-parete-bar-rubinetto-del-mixer-per-la-cucina\/\" \/>\n<meta property=\"og:locale\" content=\"it_IT\" \/>\n<meta property=\"og:type\" content=\"article\" \/>\n<meta property=\"og:title\" content=\"Modern Design Single Handle Wall Mounted Kitchen Faucet Hot Sales Hot Cold Water Sink Faucet Kitchen Cabinets Tap Faucet Kitchen\" \/>\n<meta property=\"og:description\" content=\"Modern design single handle wall-mounted kitchen faucet with hot and cold water supply. Hot sales product for kitchen cabinets and sinks. Made in China with quality control, widely exported to South America and Southeast Asia for residential and commercial kitchens.\" \/>\n<meta property=\"og:url\" content=\"https:\/\/www.yoroow.com\/it\/dettaglio-prodotto\/vendite-calde-acqua-calda-e-fredda-rubinetto-lavello-singola-maniglia-a-parete-bar-rubinetto-del-mixer-per-la-cucina\/\" \/>\n<meta property=\"og:site_name\" content=\"YOROOW\" \/>\n<meta property=\"article:publisher\" content=\"https:\/\/www.facebook.com\/people\/yoroowfaucetfactory\/61564236752362\/\" \/>\n<meta property=\"article:modified_time\" content=\"2025-05-16T01:32:07+00:00\" \/>\n<meta property=\"og:image\" content=\"https:\/\/www.yoroow.com\/wp-content\/uploads\/2025\/02\/MYKONOS-04.jpg\" \/>\n\t<meta property=\"og:image:width\" content=\"541\" \/>\n\t<meta property=\"og:image:height\" content=\"541\" \/>\n\t<meta property=\"og:image:type\" content=\"image\/jpeg\" \/>\n<meta name=\"twitter:card\" content=\"summary_large_image\" \/>\n<meta name=\"twitter:label1\" content=\"Tempo di lettura stimato\" \/>\n\t<meta name=\"twitter:data1\" content=\"1 minuto\" \/>\n<script type=\"application\/ld+json\" class=\"yoast-schema-graph\">{\"@context\":\"https:\/\/schema.org\",\"@graph\":[{\"@type\":\"WebPage\",\"@id\":\"https:\/\/www.yoroow.com\/it\/dettaglio-prodotto\/vendite-calde-acqua-calda-e-fredda-rubinetto-lavello-singola-maniglia-a-parete-bar-rubinetto-del-mixer-per-la-cucina\/\",\"url\":\"https:\/\/www.yoroow.com\/it\/dettaglio-prodotto\/vendite-calde-acqua-calda-e-fredda-rubinetto-lavello-singola-maniglia-a-parete-bar-rubinetto-del-mixer-per-la-cucina\/\",\"name\":\"Modern Design Single Handle Wall Mounted Kitchen Faucet Hot Sales Hot Cold Water Sink Faucet Kitchen Cabinets Tap Faucet Kitchen - YOROOW\",\"isPartOf\":{\"@id\":\"https:\/\/www.yoroow.com\/it\/#website\"},\"primaryImageOfPage\":{\"@id\":\"https:\/\/www.yoroow.com\/it\/dettaglio-prodotto\/vendite-calde-acqua-calda-e-fredda-rubinetto-lavello-singola-maniglia-a-parete-bar-rubinetto-del-mixer-per-la-cucina\/#primaryimage\"},\"image\":{\"@id\":\"https:\/\/www.yoroow.com\/it\/dettaglio-prodotto\/vendite-calde-acqua-calda-e-fredda-rubinetto-lavello-singola-maniglia-a-parete-bar-rubinetto-del-mixer-per-la-cucina\/#primaryimage\"},\"thumbnailUrl\":\"https:\/\/www.yoroow.com\/wp-content\/uploads\/2025\/02\/MYKONOS-04.jpg\",\"datePublished\":\"2025-02-21T09:38:05+00:00\",\"dateModified\":\"2025-05-16T01:32:07+00:00\",\"description\":\"Modern design single handle wall-mounted kitchen faucet with hot and cold water supply. Hot sales product for kitchen cabinets and sinks. Made in China with quality control, widely exported to South America and Southeast Asia for residential and commercial kitchens.\",\"breadcrumb\":{\"@id\":\"https:\/\/www.yoroow.com\/it\/dettaglio-prodotto\/vendite-calde-acqua-calda-e-fredda-rubinetto-lavello-singola-maniglia-a-parete-bar-rubinetto-del-mixer-per-la-cucina\/#breadcrumb\"},\"inLanguage\":\"it-IT\",\"potentialAction\":[{\"@type\":\"ReadAction\",\"target\":[\"https:\/\/www.yoroow.com\/it\/dettaglio-prodotto\/vendite-calde-acqua-calda-e-fredda-rubinetto-lavello-singola-maniglia-a-parete-bar-rubinetto-del-mixer-per-la-cucina\/\"]}]},{\"@type\":\"ImageObject\",\"inLanguage\":\"it-IT\",\"@id\":\"https:\/\/www.yoroow.com\/it\/dettaglio-prodotto\/vendite-calde-acqua-calda-e-fredda-rubinetto-lavello-singola-maniglia-a-parete-bar-rubinetto-del-mixer-per-la-cucina\/#primaryimage\",\"url\":\"https:\/\/www.yoroow.com\/wp-content\/uploads\/2025\/02\/MYKONOS-04.jpg\",\"contentUrl\":\"https:\/\/www.yoroow.com\/wp-content\/uploads\/2025\/02\/MYKONOS-04.jpg\",\"width\":541,\"height\":541,\"caption\":\"Luxury Style Chrome Zinc Alloy Single-Hole Basin Faucet Mixer Faucet for Kitchen Hot Cold Features\"},{\"@type\":\"BreadcrumbList\",\"@id\":\"https:\/\/www.yoroow.com\/it\/dettaglio-prodotto\/vendite-calde-acqua-calda-e-fredda-rubinetto-lavello-singola-maniglia-a-parete-bar-rubinetto-del-mixer-per-la-cucina\/#breadcrumb\",\"itemListElement\":[{\"@type\":\"ListItem\",\"position\":1,\"name\":\"home\",\"item\":\"https:\/\/www.yoroow.com\/\"},{\"@type\":\"ListItem\",\"position\":2,\"name\":\"Product\",\"item\":\"https:\/\/www.yoroow.com\/product\/\"},{\"@type\":\"ListItem\",\"position\":3,\"name\":\"Modern Design Single Handle Wall Mounted Kitchen Faucet Hot Sales Hot Cold Water Sink Faucet Kitchen Cabinets Tap Faucet Kitchen\"}]},{\"@type\":\"WebSite\",\"@id\":\"https:\/\/www.yoroow.com\/it\/#website\",\"url\":\"https:\/\/www.yoroow.com\/it\/\",\"name\":\"YOROOW\",\"description\":\"\",\"publisher\":{\"@id\":\"https:\/\/www.yoroow.com\/it\/#organization\"},\"potentialAction\":[{\"@type\":\"SearchAction\",\"target\":{\"@type\":\"EntryPoint\",\"urlTemplate\":\"https:\/\/www.yoroow.com\/it\/?s={search_term_string}\"},\"query-input\":{\"@type\":\"PropertyValueSpecification\",\"valueRequired\":true,\"valueName\":\"search_term_string\"}}],\"inLanguage\":\"it-IT\"},{\"@type\":\"Organization\",\"@id\":\"https:\/\/www.yoroow.com\/it\/#organization\",\"name\":\"YOROOW\",\"url\":\"https:\/\/www.yoroow.com\/it\/\",\"logo\":{\"@type\":\"ImageObject\",\"inLanguage\":\"it-IT\",\"@id\":\"https:\/\/www.yoroow.com\/it\/#\/schema\/logo\/image\/\",\"url\":\"https:\/\/www.yoroow.com\/wp-content\/uploads\/2024\/12\/2024123007131061.png\",\"contentUrl\":\"https:\/\/www.yoroow.com\/wp-content\/uploads\/2024\/12\/2024123007131061.png\",\"width\":168,\"height\":27,\"caption\":\"YOROOW\"},\"image\":{\"@id\":\"https:\/\/www.yoroow.com\/it\/#\/schema\/logo\/image\/\"},\"sameAs\":[\"https:\/\/www.facebook.com\/people\/yoroowfaucetfactory\/61564236752362\/\"]}]}<\/script>\n<!-- \/ Yoast SEO Premium plugin. -->","yoast_head_json":{"title":"Modern Design Single Handle Wall Mounted Kitchen Faucet Hot Sales Hot Cold Water Sink Faucet Kitchen Cabinets Tap Faucet Kitchen - YOROOW","description":"Modern design single handle wall-mounted kitchen faucet with hot and cold water supply. Hot sales product for kitchen cabinets and sinks. Made in China with quality control, widely exported to South America and Southeast Asia for residential and commercial kitchens.","robots":{"index":"index","follow":"follow","max-snippet":"max-snippet:-1","max-image-preview":"max-image-preview:large","max-video-preview":"max-video-preview:-1"},"canonical":"https:\/\/www.yoroow.com\/it\/dettaglio-prodotto\/vendite-calde-acqua-calda-e-fredda-rubinetto-lavello-singola-maniglia-a-parete-bar-rubinetto-del-mixer-per-la-cucina\/","og_locale":"it_IT","og_type":"article","og_title":"Modern Design Single Handle Wall Mounted Kitchen Faucet Hot Sales Hot Cold Water Sink Faucet Kitchen Cabinets Tap Faucet Kitchen","og_description":"Modern design single handle wall-mounted kitchen faucet with hot and cold water supply. Hot sales product for kitchen cabinets and sinks. Made in China with quality control, widely exported to South America and Southeast Asia for residential and commercial kitchens.","og_url":"https:\/\/www.yoroow.com\/it\/dettaglio-prodotto\/vendite-calde-acqua-calda-e-fredda-rubinetto-lavello-singola-maniglia-a-parete-bar-rubinetto-del-mixer-per-la-cucina\/","og_site_name":"YOROOW","article_publisher":"https:\/\/www.facebook.com\/people\/yoroowfaucetfactory\/61564236752362\/","article_modified_time":"2025-05-16T01:32:07+00:00","og_image":[{"width":541,"height":541,"url":"https:\/\/www.yoroow.com\/wp-content\/uploads\/2025\/02\/MYKONOS-04.jpg","type":"image\/jpeg"}],"twitter_card":"summary_large_image","twitter_misc":{"Tempo di lettura stimato":"1 minuto"},"schema":{"@context":"https:\/\/schema.org","@graph":[{"@type":"WebPage","@id":"https:\/\/www.yoroow.com\/it\/dettaglio-prodotto\/vendite-calde-acqua-calda-e-fredda-rubinetto-lavello-singola-maniglia-a-parete-bar-rubinetto-del-mixer-per-la-cucina\/","url":"https:\/\/www.yoroow.com\/it\/dettaglio-prodotto\/vendite-calde-acqua-calda-e-fredda-rubinetto-lavello-singola-maniglia-a-parete-bar-rubinetto-del-mixer-per-la-cucina\/","name":"Modern Design Single Handle Wall Mounted Kitchen Faucet Hot Sales Hot Cold Water Sink Faucet Kitchen Cabinets Tap Faucet Kitchen - YOROOW","isPartOf":{"@id":"https:\/\/www.yoroow.com\/it\/#website"},"primaryImageOfPage":{"@id":"https:\/\/www.yoroow.com\/it\/dettaglio-prodotto\/vendite-calde-acqua-calda-e-fredda-rubinetto-lavello-singola-maniglia-a-parete-bar-rubinetto-del-mixer-per-la-cucina\/#primaryimage"},"image":{"@id":"https:\/\/www.yoroow.com\/it\/dettaglio-prodotto\/vendite-calde-acqua-calda-e-fredda-rubinetto-lavello-singola-maniglia-a-parete-bar-rubinetto-del-mixer-per-la-cucina\/#primaryimage"},"thumbnailUrl":"https:\/\/www.yoroow.com\/wp-content\/uploads\/2025\/02\/MYKONOS-04.jpg","datePublished":"2025-02-21T09:38:05+00:00","dateModified":"2025-05-16T01:32:07+00:00","description":"Modern design single handle wall-mounted kitchen faucet with hot and cold water supply. Hot sales product for kitchen cabinets and sinks. Made in China with quality control, widely exported to South America and Southeast Asia for residential and commercial kitchens.","breadcrumb":{"@id":"https:\/\/www.yoroow.com\/it\/dettaglio-prodotto\/vendite-calde-acqua-calda-e-fredda-rubinetto-lavello-singola-maniglia-a-parete-bar-rubinetto-del-mixer-per-la-cucina\/#breadcrumb"},"inLanguage":"it-IT","potentialAction":[{"@type":"ReadAction","target":["https:\/\/www.yoroow.com\/it\/dettaglio-prodotto\/vendite-calde-acqua-calda-e-fredda-rubinetto-lavello-singola-maniglia-a-parete-bar-rubinetto-del-mixer-per-la-cucina\/"]}]},{"@type":"ImageObject","inLanguage":"it-IT","@id":"https:\/\/www.yoroow.com\/it\/dettaglio-prodotto\/vendite-calde-acqua-calda-e-fredda-rubinetto-lavello-singola-maniglia-a-parete-bar-rubinetto-del-mixer-per-la-cucina\/#primaryimage","url":"https:\/\/www.yoroow.com\/wp-content\/uploads\/2025\/02\/MYKONOS-04.jpg","contentUrl":"https:\/\/www.yoroow.com\/wp-content\/uploads\/2025\/02\/MYKONOS-04.jpg","width":541,"height":541,"caption":"Luxury Style Chrome Zinc Alloy Single-Hole Basin Faucet Mixer Faucet for Kitchen Hot Cold Features"},{"@type":"BreadcrumbList","@id":"https:\/\/www.yoroow.com\/it\/dettaglio-prodotto\/vendite-calde-acqua-calda-e-fredda-rubinetto-lavello-singola-maniglia-a-parete-bar-rubinetto-del-mixer-per-la-cucina\/#breadcrumb","itemListElement":[{"@type":"ListItem","position":1,"name":"home","item":"https:\/\/www.yoroow.com\/"},{"@type":"ListItem","position":2,"name":"Product","item":"https:\/\/www.yoroow.com\/product\/"},{"@type":"ListItem","position":3,"name":"Modern Design Single Handle Wall Mounted Kitchen Faucet Hot Sales Hot Cold Water Sink Faucet Kitchen Cabinets Tap Faucet Kitchen"}]},{"@type":"WebSite","@id":"https:\/\/www.yoroow.com\/it\/#website","url":"https:\/\/www.yoroow.com\/it\/","name":"YOROOW","description":"","publisher":{"@id":"https:\/\/www.yoroow.com\/it\/#organization"},"potentialAction":[{"@type":"SearchAction","target":{"@type":"EntryPoint","urlTemplate":"https:\/\/www.yoroow.com\/it\/?s={search_term_string}"},"query-input":{"@type":"PropertyValueSpecification","valueRequired":true,"valueName":"search_term_string"}}],"inLanguage":"it-IT"},{"@type":"Organization","@id":"https:\/\/www.yoroow.com\/it\/#organization","name":"YOROOW","url":"https:\/\/www.yoroow.com\/it\/","logo":{"@type":"ImageObject","inLanguage":"it-IT","@id":"https:\/\/www.yoroow.com\/it\/#\/schema\/logo\/image\/","url":"https:\/\/www.yoroow.com\/wp-content\/uploads\/2024\/12\/2024123007131061.png","contentUrl":"https:\/\/www.yoroow.com\/wp-content\/uploads\/2024\/12\/2024123007131061.png","width":168,"height":27,"caption":"YOROOW"},"image":{"@id":"https:\/\/www.yoroow.com\/it\/#\/schema\/logo\/image\/"},"sameAs":["https:\/\/www.facebook.com\/people\/yoroowfaucetfactory\/61564236752362\/"]}]}},"_links":{"self":[{"href":"https:\/\/www.yoroow.com\/it\/wp-json\/wp\/v2\/product\/11959","targetHints":{"allow":["GET"]}}],"collection":[{"href":"https:\/\/www.yoroow.com\/it\/wp-json\/wp\/v2\/product"}],"about":[{"href":"https:\/\/www.yoroow.com\/it\/wp-json\/wp\/v2\/types\/product"}],"wp:featuredmedia":[{"embeddable":true,"href":"https:\/\/www.yoroow.com\/it\/wp-json\/wp\/v2\/media\/11965"}],"wp:attachment":[{"href":"https:\/\/www.yoroow.com\/it\/wp-json\/wp\/v2\/media?parent=11959"}],"wp:term":[{"taxonomy":"product_brand","embeddable":true,"href":"https:\/\/www.yoroow.com\/it\/wp-json\/wp\/v2\/product_brand?post=11959"},{"taxonomy":"product_cat","embeddable":true,"href":"https:\/\/www.yoroow.com\/it\/wp-json\/wp\/v2\/product_cat?post=11959"},{"taxonomy":"product_tag","embeddable":true,"href":"https:\/\/www.yoroow.com\/it\/wp-json\/wp\/v2\/product_tag?post=11959"}],"curies":[{"name":"wp","href":"https:\/\/api.w.org\/{rel}","templated":true}]}}