{"id":11706,"date":"2025-02-21T09:31:28","date_gmt":"2025-02-21T01:31:28","guid":{"rendered":"https:\/\/www.yoroow.com\/?post_type=product&#038;p=11706"},"modified":"2025-05-16T09:26:19","modified_gmt":"2025-05-16T01:26:19","slug":"buona-qualita-moderno-monoforo-montato-sul-bacino-cromato-miscelatore-rubinetto-bagno-in-ottone","status":"publish","type":"product","link":"https:\/\/www.yoroow.com\/it\/dettaglio-prodotto\/buona-qualita-moderno-monoforo-montato-sul-bacino-cromato-miscelatore-rubinetto-bagno-in-ottone\/","title":{"rendered":"Vendita calda contemporanea rubinetto miscelatore lavabo risparmio d'acqua zinco ottone per scuola ospedale e hotel Vanit\u00e0 per lavabo"},"content":{"rendered":"<p>Il rubinetto contemporaneo Hot Sale Basin Mixer \u00e8 realizzato con materiali in zinco e ottone per garantire una lunga durata e un design elegante. Questo rubinetto \u00e8 progettato con funzioni di risparmio idrico ed \u00e8 perfetto per scuole, ospedali e lavanderie di hotel. Il miscelatore assicura un controllo fluido dell'acqua calda e fredda, rendendolo ideale per lavabi pubblici e privati. Il rubinetto \u00e8 facile da installare e da manutenere e rappresenta una scelta conveniente per i progetti commerciali. La fabbrica di YOROOW in Cina offre vendite dirette, un basso MOQ e opzioni di consegna flessibili, rendendola una scelta interessante per le aziende del Sud America e del Sud-Est asiatico, che richiedono qualit\u00e0 e convenienza.<\/p>","protected":false},"excerpt":{"rendered":"<p>The Hot Sale Contemporary Basin Mixer Faucet is crafted with zinc and brass materials to ensure both durability and a stylish design. This faucet is designed with water-saving features and is perfect for schools, hospitals, and hotel vanities. The mixer tap ensures smooth control of hot and cold water, making it ideal for public and\u2026<\/p>","protected":false},"featured_media":11712,"template":"","meta":{"_acf_changed":false,"_kad_post_transparent":"default","_kad_post_title":"","_kad_post_layout":"default","_kad_post_sidebar_id":"","_kad_post_content_style":"default","_kad_post_vertical_padding":"default","_kad_post_feature":"","_kad_post_feature_position":"","_kad_post_header":false,"_kad_post_footer":false},"product_brand":[],"product_cat":[238,1526],"product_tag":[5898,5913],"class_list":{"0":"post-11706","1":"product","2":"type-product","3":"status-publish","4":"has-post-thumbnail","6":"product_cat-mixer-basin-faucet","7":"product_cat-109pseries","8":"product_tag-basin-faucet-brass-hot-sale-basin-mixer","9":"product_tag-traditional-basin-faucet","11":"first","12":"instock","13":"shipping-taxable","14":"purchasable","15":"product-type-variable","16":"wvs-archive-product-wrapper","17":"entry","18":"content-bg","19":"loop-entry"},"acf":[],"yoast_head":"<!-- This site is optimized with the Yoast SEO Premium plugin v25.4 (Yoast SEO v27.0) - https:\/\/yoast.com\/product\/yoast-seo-premium-wordpress\/ -->\n<title>Hot Sale Contemporary Basin Mixer Faucet Water Saving Zinc Brass for School Hospital and Hotel Vanities for Washbasin - YOROOW<\/title>\n<meta name=\"description\" content=\"Contemporary zinc brass basin mixer faucet offers water-saving features ideal for schools, hospitals, and hotels. China factory\u2019s strict manufacturing standards support exports to South America and Southeast Asia.\" \/>\n<meta name=\"robots\" content=\"index, follow, max-snippet:-1, max-image-preview:large, max-video-preview:-1\" \/>\n<link rel=\"canonical\" href=\"https:\/\/www.yoroow.com\/it\/dettaglio-prodotto\/buona-qualita-moderno-monoforo-montato-sul-bacino-cromato-miscelatore-rubinetto-bagno-in-ottone\/\" \/>\n<meta property=\"og:locale\" content=\"it_IT\" \/>\n<meta property=\"og:type\" content=\"article\" \/>\n<meta property=\"og:title\" content=\"Hot Sale Contemporary Basin Mixer Faucet Water Saving Zinc Brass for School Hospital and Hotel Vanities for Washbasin\" \/>\n<meta property=\"og:description\" content=\"Contemporary zinc brass basin mixer faucet offers water-saving features ideal for schools, hospitals, and hotels. China factory\u2019s strict manufacturing standards support exports to South America and Southeast Asia.\" \/>\n<meta property=\"og:url\" content=\"https:\/\/www.yoroow.com\/it\/dettaglio-prodotto\/buona-qualita-moderno-monoforo-montato-sul-bacino-cromato-miscelatore-rubinetto-bagno-in-ottone\/\" \/>\n<meta property=\"og:site_name\" content=\"YOROOW\" \/>\n<meta property=\"article:publisher\" content=\"https:\/\/www.facebook.com\/people\/yoroowfaucetfactory\/61564236752362\/\" \/>\n<meta property=\"article:modified_time\" content=\"2025-05-16T01:26:19+00:00\" \/>\n<meta property=\"og:image\" content=\"https:\/\/www.yoroow.com\/wp-content\/uploads\/2025\/02\/7329C-110P-1.jpg\" \/>\n\t<meta property=\"og:image:width\" content=\"546\" \/>\n\t<meta property=\"og:image:height\" content=\"546\" \/>\n\t<meta property=\"og:image:type\" content=\"image\/jpeg\" \/>\n<meta name=\"twitter:card\" content=\"summary_large_image\" \/>\n<meta name=\"twitter:label1\" content=\"Tempo di lettura stimato\" \/>\n\t<meta name=\"twitter:data1\" content=\"1 minuto\" \/>\n<script type=\"application\/ld+json\" class=\"yoast-schema-graph\">{\"@context\":\"https:\/\/schema.org\",\"@graph\":[{\"@type\":\"WebPage\",\"@id\":\"https:\/\/www.yoroow.com\/it\/dettaglio-prodotto\/buona-qualita-moderno-monoforo-montato-sul-bacino-cromato-miscelatore-rubinetto-bagno-in-ottone\/\",\"url\":\"https:\/\/www.yoroow.com\/it\/dettaglio-prodotto\/buona-qualita-moderno-monoforo-montato-sul-bacino-cromato-miscelatore-rubinetto-bagno-in-ottone\/\",\"name\":\"Hot Sale Contemporary Basin Mixer Faucet Water Saving Zinc Brass for School Hospital and Hotel Vanities for Washbasin - YOROOW\",\"isPartOf\":{\"@id\":\"https:\/\/www.yoroow.com\/it\/#website\"},\"primaryImageOfPage\":{\"@id\":\"https:\/\/www.yoroow.com\/it\/dettaglio-prodotto\/buona-qualita-moderno-monoforo-montato-sul-bacino-cromato-miscelatore-rubinetto-bagno-in-ottone\/#primaryimage\"},\"image\":{\"@id\":\"https:\/\/www.yoroow.com\/it\/dettaglio-prodotto\/buona-qualita-moderno-monoforo-montato-sul-bacino-cromato-miscelatore-rubinetto-bagno-in-ottone\/#primaryimage\"},\"thumbnailUrl\":\"https:\/\/www.yoroow.com\/wp-content\/uploads\/2025\/02\/7329C-110P-1.jpg\",\"datePublished\":\"2025-02-21T01:31:28+00:00\",\"dateModified\":\"2025-05-16T01:26:19+00:00\",\"description\":\"Contemporary zinc brass basin mixer faucet offers water-saving features ideal for schools, hospitals, and hotels. China factory\u2019s strict manufacturing standards support exports to South America and Southeast Asia.\",\"breadcrumb\":{\"@id\":\"https:\/\/www.yoroow.com\/it\/dettaglio-prodotto\/buona-qualita-moderno-monoforo-montato-sul-bacino-cromato-miscelatore-rubinetto-bagno-in-ottone\/#breadcrumb\"},\"inLanguage\":\"it-IT\",\"potentialAction\":[{\"@type\":\"ReadAction\",\"target\":[\"https:\/\/www.yoroow.com\/it\/dettaglio-prodotto\/buona-qualita-moderno-monoforo-montato-sul-bacino-cromato-miscelatore-rubinetto-bagno-in-ottone\/\"]}]},{\"@type\":\"ImageObject\",\"inLanguage\":\"it-IT\",\"@id\":\"https:\/\/www.yoroow.com\/it\/dettaglio-prodotto\/buona-qualita-moderno-monoforo-montato-sul-bacino-cromato-miscelatore-rubinetto-bagno-in-ottone\/#primaryimage\",\"url\":\"https:\/\/www.yoroow.com\/wp-content\/uploads\/2025\/02\/7329C-110P-1.jpg\",\"contentUrl\":\"https:\/\/www.yoroow.com\/wp-content\/uploads\/2025\/02\/7329C-110P-1.jpg\",\"width\":546,\"height\":546,\"caption\":\"Hot Sale Contemporary Basin Mixer Faucet Water Saving Zinc Brass for School Hospital and Hotel Vanities for Washbasin\"},{\"@type\":\"BreadcrumbList\",\"@id\":\"https:\/\/www.yoroow.com\/it\/dettaglio-prodotto\/buona-qualita-moderno-monoforo-montato-sul-bacino-cromato-miscelatore-rubinetto-bagno-in-ottone\/#breadcrumb\",\"itemListElement\":[{\"@type\":\"ListItem\",\"position\":1,\"name\":\"home\",\"item\":\"https:\/\/www.yoroow.com\/\"},{\"@type\":\"ListItem\",\"position\":2,\"name\":\"Product\",\"item\":\"https:\/\/www.yoroow.com\/product\/\"},{\"@type\":\"ListItem\",\"position\":3,\"name\":\"Hot Sale Contemporary Basin Mixer Faucet Water Saving Zinc Brass for School Hospital and Hotel Vanities for Washbasin\"}]},{\"@type\":\"WebSite\",\"@id\":\"https:\/\/www.yoroow.com\/it\/#website\",\"url\":\"https:\/\/www.yoroow.com\/it\/\",\"name\":\"YOROOW\",\"description\":\"\",\"publisher\":{\"@id\":\"https:\/\/www.yoroow.com\/it\/#organization\"},\"potentialAction\":[{\"@type\":\"SearchAction\",\"target\":{\"@type\":\"EntryPoint\",\"urlTemplate\":\"https:\/\/www.yoroow.com\/it\/?s={search_term_string}\"},\"query-input\":{\"@type\":\"PropertyValueSpecification\",\"valueRequired\":true,\"valueName\":\"search_term_string\"}}],\"inLanguage\":\"it-IT\"},{\"@type\":\"Organization\",\"@id\":\"https:\/\/www.yoroow.com\/it\/#organization\",\"name\":\"YOROOW\",\"url\":\"https:\/\/www.yoroow.com\/it\/\",\"logo\":{\"@type\":\"ImageObject\",\"inLanguage\":\"it-IT\",\"@id\":\"https:\/\/www.yoroow.com\/it\/#\/schema\/logo\/image\/\",\"url\":\"https:\/\/www.yoroow.com\/wp-content\/uploads\/2024\/12\/2024123007131061.png\",\"contentUrl\":\"https:\/\/www.yoroow.com\/wp-content\/uploads\/2024\/12\/2024123007131061.png\",\"width\":168,\"height\":27,\"caption\":\"YOROOW\"},\"image\":{\"@id\":\"https:\/\/www.yoroow.com\/it\/#\/schema\/logo\/image\/\"},\"sameAs\":[\"https:\/\/www.facebook.com\/people\/yoroowfaucetfactory\/61564236752362\/\"]}]}<\/script>\n<!-- \/ Yoast SEO Premium plugin. -->","yoast_head_json":{"title":"Hot Sale Contemporary Basin Mixer Faucet Water Saving Zinc Brass for School Hospital and Hotel Vanities for Washbasin - YOROOW","description":"Contemporary zinc brass basin mixer faucet offers water-saving features ideal for schools, hospitals, and hotels. China factory\u2019s strict manufacturing standards support exports to South America and Southeast Asia.","robots":{"index":"index","follow":"follow","max-snippet":"max-snippet:-1","max-image-preview":"max-image-preview:large","max-video-preview":"max-video-preview:-1"},"canonical":"https:\/\/www.yoroow.com\/it\/dettaglio-prodotto\/buona-qualita-moderno-monoforo-montato-sul-bacino-cromato-miscelatore-rubinetto-bagno-in-ottone\/","og_locale":"it_IT","og_type":"article","og_title":"Hot Sale Contemporary Basin Mixer Faucet Water Saving Zinc Brass for School Hospital and Hotel Vanities for Washbasin","og_description":"Contemporary zinc brass basin mixer faucet offers water-saving features ideal for schools, hospitals, and hotels. China factory\u2019s strict manufacturing standards support exports to South America and Southeast Asia.","og_url":"https:\/\/www.yoroow.com\/it\/dettaglio-prodotto\/buona-qualita-moderno-monoforo-montato-sul-bacino-cromato-miscelatore-rubinetto-bagno-in-ottone\/","og_site_name":"YOROOW","article_publisher":"https:\/\/www.facebook.com\/people\/yoroowfaucetfactory\/61564236752362\/","article_modified_time":"2025-05-16T01:26:19+00:00","og_image":[{"width":546,"height":546,"url":"https:\/\/www.yoroow.com\/wp-content\/uploads\/2025\/02\/7329C-110P-1.jpg","type":"image\/jpeg"}],"twitter_card":"summary_large_image","twitter_misc":{"Tempo di lettura stimato":"1 minuto"},"schema":{"@context":"https:\/\/schema.org","@graph":[{"@type":"WebPage","@id":"https:\/\/www.yoroow.com\/it\/dettaglio-prodotto\/buona-qualita-moderno-monoforo-montato-sul-bacino-cromato-miscelatore-rubinetto-bagno-in-ottone\/","url":"https:\/\/www.yoroow.com\/it\/dettaglio-prodotto\/buona-qualita-moderno-monoforo-montato-sul-bacino-cromato-miscelatore-rubinetto-bagno-in-ottone\/","name":"Hot Sale Contemporary Basin Mixer Faucet Water Saving Zinc Brass for School Hospital and Hotel Vanities for Washbasin - YOROOW","isPartOf":{"@id":"https:\/\/www.yoroow.com\/it\/#website"},"primaryImageOfPage":{"@id":"https:\/\/www.yoroow.com\/it\/dettaglio-prodotto\/buona-qualita-moderno-monoforo-montato-sul-bacino-cromato-miscelatore-rubinetto-bagno-in-ottone\/#primaryimage"},"image":{"@id":"https:\/\/www.yoroow.com\/it\/dettaglio-prodotto\/buona-qualita-moderno-monoforo-montato-sul-bacino-cromato-miscelatore-rubinetto-bagno-in-ottone\/#primaryimage"},"thumbnailUrl":"https:\/\/www.yoroow.com\/wp-content\/uploads\/2025\/02\/7329C-110P-1.jpg","datePublished":"2025-02-21T01:31:28+00:00","dateModified":"2025-05-16T01:26:19+00:00","description":"Contemporary zinc brass basin mixer faucet offers water-saving features ideal for schools, hospitals, and hotels. China factory\u2019s strict manufacturing standards support exports to South America and Southeast Asia.","breadcrumb":{"@id":"https:\/\/www.yoroow.com\/it\/dettaglio-prodotto\/buona-qualita-moderno-monoforo-montato-sul-bacino-cromato-miscelatore-rubinetto-bagno-in-ottone\/#breadcrumb"},"inLanguage":"it-IT","potentialAction":[{"@type":"ReadAction","target":["https:\/\/www.yoroow.com\/it\/dettaglio-prodotto\/buona-qualita-moderno-monoforo-montato-sul-bacino-cromato-miscelatore-rubinetto-bagno-in-ottone\/"]}]},{"@type":"ImageObject","inLanguage":"it-IT","@id":"https:\/\/www.yoroow.com\/it\/dettaglio-prodotto\/buona-qualita-moderno-monoforo-montato-sul-bacino-cromato-miscelatore-rubinetto-bagno-in-ottone\/#primaryimage","url":"https:\/\/www.yoroow.com\/wp-content\/uploads\/2025\/02\/7329C-110P-1.jpg","contentUrl":"https:\/\/www.yoroow.com\/wp-content\/uploads\/2025\/02\/7329C-110P-1.jpg","width":546,"height":546,"caption":"Hot Sale Contemporary Basin Mixer Faucet Water Saving Zinc Brass for School Hospital and Hotel Vanities for Washbasin"},{"@type":"BreadcrumbList","@id":"https:\/\/www.yoroow.com\/it\/dettaglio-prodotto\/buona-qualita-moderno-monoforo-montato-sul-bacino-cromato-miscelatore-rubinetto-bagno-in-ottone\/#breadcrumb","itemListElement":[{"@type":"ListItem","position":1,"name":"home","item":"https:\/\/www.yoroow.com\/"},{"@type":"ListItem","position":2,"name":"Product","item":"https:\/\/www.yoroow.com\/product\/"},{"@type":"ListItem","position":3,"name":"Hot Sale Contemporary Basin Mixer Faucet Water Saving Zinc Brass for School Hospital and Hotel Vanities for Washbasin"}]},{"@type":"WebSite","@id":"https:\/\/www.yoroow.com\/it\/#website","url":"https:\/\/www.yoroow.com\/it\/","name":"YOROOW","description":"","publisher":{"@id":"https:\/\/www.yoroow.com\/it\/#organization"},"potentialAction":[{"@type":"SearchAction","target":{"@type":"EntryPoint","urlTemplate":"https:\/\/www.yoroow.com\/it\/?s={search_term_string}"},"query-input":{"@type":"PropertyValueSpecification","valueRequired":true,"valueName":"search_term_string"}}],"inLanguage":"it-IT"},{"@type":"Organization","@id":"https:\/\/www.yoroow.com\/it\/#organization","name":"YOROOW","url":"https:\/\/www.yoroow.com\/it\/","logo":{"@type":"ImageObject","inLanguage":"it-IT","@id":"https:\/\/www.yoroow.com\/it\/#\/schema\/logo\/image\/","url":"https:\/\/www.yoroow.com\/wp-content\/uploads\/2024\/12\/2024123007131061.png","contentUrl":"https:\/\/www.yoroow.com\/wp-content\/uploads\/2024\/12\/2024123007131061.png","width":168,"height":27,"caption":"YOROOW"},"image":{"@id":"https:\/\/www.yoroow.com\/it\/#\/schema\/logo\/image\/"},"sameAs":["https:\/\/www.facebook.com\/people\/yoroowfaucetfactory\/61564236752362\/"]}]}},"_links":{"self":[{"href":"https:\/\/www.yoroow.com\/it\/wp-json\/wp\/v2\/product\/11706","targetHints":{"allow":["GET"]}}],"collection":[{"href":"https:\/\/www.yoroow.com\/it\/wp-json\/wp\/v2\/product"}],"about":[{"href":"https:\/\/www.yoroow.com\/it\/wp-json\/wp\/v2\/types\/product"}],"wp:featuredmedia":[{"embeddable":true,"href":"https:\/\/www.yoroow.com\/it\/wp-json\/wp\/v2\/media\/11712"}],"wp:attachment":[{"href":"https:\/\/www.yoroow.com\/it\/wp-json\/wp\/v2\/media?parent=11706"}],"wp:term":[{"taxonomy":"product_brand","embeddable":true,"href":"https:\/\/www.yoroow.com\/it\/wp-json\/wp\/v2\/product_brand?post=11706"},{"taxonomy":"product_cat","embeddable":true,"href":"https:\/\/www.yoroow.com\/it\/wp-json\/wp\/v2\/product_cat?post=11706"},{"taxonomy":"product_tag","embeddable":true,"href":"https:\/\/www.yoroow.com\/it\/wp-json\/wp\/v2\/product_tag?post=11706"}],"curies":[{"name":"wp","href":"https:\/\/api.w.org\/{rel}","templated":true}]}}