{"id":11683,"date":"2025-02-20T17:48:12","date_gmt":"2025-02-20T09:48:12","guid":{"rendered":"https:\/\/www.yoroow.com\/?post_type=product&#038;p=11683"},"modified":"2025-05-16T09:26:13","modified_gmt":"2025-05-16T01:26:13","slug":"rubinetti-di-buona-qualita-rubinetti-in-ottone-per-il-bagno-rubinetti-per-il-bagno-miscelatore-freddo-e-caldo-del-bacino","status":"publish","type":"product","link":"https:\/\/www.yoroow.com\/it\/dettaglio-prodotto\/rubinetti-di-buona-qualita-rubinetti-in-ottone-per-il-bagno-rubinetti-per-il-bagno-miscelatore-freddo-e-caldo-del-bacino\/","title":{"rendered":"Buona qualit\u00e0 Rubinetto del bacino cromato a una maniglia Rubinetto termostatico dello zinco Materiale del montaggio a un foro del bagno Rubinetto del miscelatore del lavaggio manuale"},"content":{"rendered":"<p>Questo rubinetto per lavabo cromato a una maniglia \u00e8 un apparecchio per il bagno di alta qualit\u00e0, progettato per garantire facilit\u00e0 d'uso e durata. La struttura in zinco garantisce prestazioni durature, mentre la finitura cromata aggiunge un tocco elegante ai bagni moderni. Il design a maniglia singola del rubinetto consente di controllare facilmente la temperatura e il flusso dell'acqua. Ideale per hotel, appartamenti e bagni residenziali, \u00e8 un'opzione conveniente ma affidabile per ambienti ad alto traffico. Prodotto da YOROOW in Cina, questo rubinetto \u00e8 progettato per i mercati nazionali e internazionali, con particolare attenzione alle soluzioni economiche per il Sud America e il Sud-Est asiatico.<\/p>","protected":false},"excerpt":{"rendered":"<p>This Single-Handle Chrome Basin Faucet is a high-quality bathroom fixture designed for ease of use and durability. Its zinc construction ensures long-lasting performance, while the chrome finish adds a sleek touch to modern bathrooms. The faucet\u2019s single-handle design allows for easy water temperature and flow control. Ideal for hotels, apartments, and residential bathrooms, it is\u2026<\/p>","protected":false},"featured_media":11688,"template":"","meta":{"_acf_changed":false,"_kad_post_transparent":"default","_kad_post_title":"","_kad_post_layout":"default","_kad_post_sidebar_id":"","_kad_post_content_style":"default","_kad_post_vertical_padding":"default","_kad_post_feature":"","_kad_post_feature_position":"","_kad_post_header":false,"_kad_post_footer":false},"product_brand":[],"product_cat":[238,1526],"product_tag":[5891,3397],"class_list":{"0":"post-11683","1":"product","2":"type-product","3":"status-publish","4":"has-post-thumbnail","6":"product_cat-mixer-basin-faucet","7":"product_cat-109pseries","8":"product_tag-single-handle-brass-chrome-basin-faucet-bathroom","9":"product_tag-wash-hand-basin-faucet","11":"first","12":"instock","13":"shipping-taxable","14":"purchasable","15":"product-type-variable","16":"wvs-archive-product-wrapper","17":"entry","18":"content-bg","19":"loop-entry"},"acf":[],"yoast_head":"<!-- This site is optimized with the Yoast SEO Premium plugin v25.4 (Yoast SEO v27.0) - https:\/\/yoast.com\/product\/yoast-seo-premium-wordpress\/ -->\n<title>Good Quality Single-Handle Chrome Basin Faucet Thermostatic Zinc Material Single-Hole Mount Bathroom Wash Hand Mixer Faucet - YOROOW<\/title>\n<meta name=\"description\" content=\"Single-handle chrome basin faucet with thermostatic zinc material and single-hole mounting designed for bathrooms. Chinese factory ensures quality control and fast delivery for Latin America and Southeast Asia export.\" \/>\n<meta name=\"robots\" content=\"index, follow, max-snippet:-1, max-image-preview:large, max-video-preview:-1\" \/>\n<link rel=\"canonical\" href=\"https:\/\/www.yoroow.com\/it\/dettaglio-prodotto\/rubinetti-di-buona-qualita-rubinetti-in-ottone-per-il-bagno-rubinetti-per-il-bagno-miscelatore-freddo-e-caldo-del-bacino\/\" \/>\n<meta property=\"og:locale\" content=\"it_IT\" \/>\n<meta property=\"og:type\" content=\"article\" \/>\n<meta property=\"og:title\" content=\"Good Quality Single-Handle Chrome Basin Faucet Thermostatic Zinc Material Single-Hole Mount Bathroom Wash Hand Mixer Faucet\" \/>\n<meta property=\"og:description\" content=\"Single-handle chrome basin faucet with thermostatic zinc material and single-hole mounting designed for bathrooms. Chinese factory ensures quality control and fast delivery for Latin America and Southeast Asia export.\" \/>\n<meta property=\"og:url\" content=\"https:\/\/www.yoroow.com\/it\/dettaglio-prodotto\/rubinetti-di-buona-qualita-rubinetti-in-ottone-per-il-bagno-rubinetti-per-il-bagno-miscelatore-freddo-e-caldo-del-bacino\/\" \/>\n<meta property=\"og:site_name\" content=\"YOROOW\" \/>\n<meta property=\"article:publisher\" content=\"https:\/\/www.facebook.com\/people\/yoroowfaucetfactory\/61564236752362\/\" \/>\n<meta property=\"article:modified_time\" content=\"2025-05-16T01:26:13+00:00\" \/>\n<meta property=\"og:image\" content=\"https:\/\/www.yoroow.com\/wp-content\/uploads\/2025\/02\/7031C-110P.jpg\" \/>\n\t<meta property=\"og:image:width\" content=\"874\" \/>\n\t<meta property=\"og:image:height\" content=\"874\" \/>\n\t<meta property=\"og:image:type\" content=\"image\/jpeg\" \/>\n<meta name=\"twitter:card\" content=\"summary_large_image\" \/>\n<meta name=\"twitter:label1\" content=\"Tempo di lettura stimato\" \/>\n\t<meta name=\"twitter:data1\" content=\"1 minuto\" \/>\n<script type=\"application\/ld+json\" class=\"yoast-schema-graph\">{\"@context\":\"https:\/\/schema.org\",\"@graph\":[{\"@type\":\"WebPage\",\"@id\":\"https:\/\/www.yoroow.com\/it\/dettaglio-prodotto\/rubinetti-di-buona-qualita-rubinetti-in-ottone-per-il-bagno-rubinetti-per-il-bagno-miscelatore-freddo-e-caldo-del-bacino\/\",\"url\":\"https:\/\/www.yoroow.com\/it\/dettaglio-prodotto\/rubinetti-di-buona-qualita-rubinetti-in-ottone-per-il-bagno-rubinetti-per-il-bagno-miscelatore-freddo-e-caldo-del-bacino\/\",\"name\":\"Good Quality Single-Handle Chrome Basin Faucet Thermostatic Zinc Material Single-Hole Mount Bathroom Wash Hand Mixer Faucet - YOROOW\",\"isPartOf\":{\"@id\":\"https:\/\/www.yoroow.com\/it\/#website\"},\"primaryImageOfPage\":{\"@id\":\"https:\/\/www.yoroow.com\/it\/dettaglio-prodotto\/rubinetti-di-buona-qualita-rubinetti-in-ottone-per-il-bagno-rubinetti-per-il-bagno-miscelatore-freddo-e-caldo-del-bacino\/#primaryimage\"},\"image\":{\"@id\":\"https:\/\/www.yoroow.com\/it\/dettaglio-prodotto\/rubinetti-di-buona-qualita-rubinetti-in-ottone-per-il-bagno-rubinetti-per-il-bagno-miscelatore-freddo-e-caldo-del-bacino\/#primaryimage\"},\"thumbnailUrl\":\"https:\/\/www.yoroow.com\/wp-content\/uploads\/2025\/02\/7031C-110P.jpg\",\"datePublished\":\"2025-02-20T09:48:12+00:00\",\"dateModified\":\"2025-05-16T01:26:13+00:00\",\"description\":\"Single-handle chrome basin faucet with thermostatic zinc material and single-hole mounting designed for bathrooms. Chinese factory ensures quality control and fast delivery for Latin America and Southeast Asia export.\",\"breadcrumb\":{\"@id\":\"https:\/\/www.yoroow.com\/it\/dettaglio-prodotto\/rubinetti-di-buona-qualita-rubinetti-in-ottone-per-il-bagno-rubinetti-per-il-bagno-miscelatore-freddo-e-caldo-del-bacino\/#breadcrumb\"},\"inLanguage\":\"it-IT\",\"potentialAction\":[{\"@type\":\"ReadAction\",\"target\":[\"https:\/\/www.yoroow.com\/it\/dettaglio-prodotto\/rubinetti-di-buona-qualita-rubinetti-in-ottone-per-il-bagno-rubinetti-per-il-bagno-miscelatore-freddo-e-caldo-del-bacino\/\"]}]},{\"@type\":\"ImageObject\",\"inLanguage\":\"it-IT\",\"@id\":\"https:\/\/www.yoroow.com\/it\/dettaglio-prodotto\/rubinetti-di-buona-qualita-rubinetti-in-ottone-per-il-bagno-rubinetti-per-il-bagno-miscelatore-freddo-e-caldo-del-bacino\/#primaryimage\",\"url\":\"https:\/\/www.yoroow.com\/wp-content\/uploads\/2025\/02\/7031C-110P.jpg\",\"contentUrl\":\"https:\/\/www.yoroow.com\/wp-content\/uploads\/2025\/02\/7031C-110P.jpg\",\"width\":874,\"height\":874,\"caption\":\"Good Quality Single-Handle Chrome Basin Faucet Thermostatic Zinc Material Single-Hole Mount Bathroom Wash Hand Mixer Faucet\"},{\"@type\":\"BreadcrumbList\",\"@id\":\"https:\/\/www.yoroow.com\/it\/dettaglio-prodotto\/rubinetti-di-buona-qualita-rubinetti-in-ottone-per-il-bagno-rubinetti-per-il-bagno-miscelatore-freddo-e-caldo-del-bacino\/#breadcrumb\",\"itemListElement\":[{\"@type\":\"ListItem\",\"position\":1,\"name\":\"home\",\"item\":\"https:\/\/www.yoroow.com\/\"},{\"@type\":\"ListItem\",\"position\":2,\"name\":\"Product\",\"item\":\"https:\/\/www.yoroow.com\/product\/\"},{\"@type\":\"ListItem\",\"position\":3,\"name\":\"Good Quality Single-Handle Chrome Basin Faucet Thermostatic Zinc Material Single-Hole Mount Bathroom Wash Hand Mixer Faucet\"}]},{\"@type\":\"WebSite\",\"@id\":\"https:\/\/www.yoroow.com\/it\/#website\",\"url\":\"https:\/\/www.yoroow.com\/it\/\",\"name\":\"YOROOW\",\"description\":\"\",\"publisher\":{\"@id\":\"https:\/\/www.yoroow.com\/it\/#organization\"},\"potentialAction\":[{\"@type\":\"SearchAction\",\"target\":{\"@type\":\"EntryPoint\",\"urlTemplate\":\"https:\/\/www.yoroow.com\/it\/?s={search_term_string}\"},\"query-input\":{\"@type\":\"PropertyValueSpecification\",\"valueRequired\":true,\"valueName\":\"search_term_string\"}}],\"inLanguage\":\"it-IT\"},{\"@type\":\"Organization\",\"@id\":\"https:\/\/www.yoroow.com\/it\/#organization\",\"name\":\"YOROOW\",\"url\":\"https:\/\/www.yoroow.com\/it\/\",\"logo\":{\"@type\":\"ImageObject\",\"inLanguage\":\"it-IT\",\"@id\":\"https:\/\/www.yoroow.com\/it\/#\/schema\/logo\/image\/\",\"url\":\"https:\/\/www.yoroow.com\/wp-content\/uploads\/2024\/12\/2024123007131061.png\",\"contentUrl\":\"https:\/\/www.yoroow.com\/wp-content\/uploads\/2024\/12\/2024123007131061.png\",\"width\":168,\"height\":27,\"caption\":\"YOROOW\"},\"image\":{\"@id\":\"https:\/\/www.yoroow.com\/it\/#\/schema\/logo\/image\/\"},\"sameAs\":[\"https:\/\/www.facebook.com\/people\/yoroowfaucetfactory\/61564236752362\/\"]}]}<\/script>\n<!-- \/ Yoast SEO Premium plugin. -->","yoast_head_json":{"title":"Good Quality Single-Handle Chrome Basin Faucet Thermostatic Zinc Material Single-Hole Mount Bathroom Wash Hand Mixer Faucet - YOROOW","description":"Single-handle chrome basin faucet with thermostatic zinc material and single-hole mounting designed for bathrooms. Chinese factory ensures quality control and fast delivery for Latin America and Southeast Asia export.","robots":{"index":"index","follow":"follow","max-snippet":"max-snippet:-1","max-image-preview":"max-image-preview:large","max-video-preview":"max-video-preview:-1"},"canonical":"https:\/\/www.yoroow.com\/it\/dettaglio-prodotto\/rubinetti-di-buona-qualita-rubinetti-in-ottone-per-il-bagno-rubinetti-per-il-bagno-miscelatore-freddo-e-caldo-del-bacino\/","og_locale":"it_IT","og_type":"article","og_title":"Good Quality Single-Handle Chrome Basin Faucet Thermostatic Zinc Material Single-Hole Mount Bathroom Wash Hand Mixer Faucet","og_description":"Single-handle chrome basin faucet with thermostatic zinc material and single-hole mounting designed for bathrooms. Chinese factory ensures quality control and fast delivery for Latin America and Southeast Asia export.","og_url":"https:\/\/www.yoroow.com\/it\/dettaglio-prodotto\/rubinetti-di-buona-qualita-rubinetti-in-ottone-per-il-bagno-rubinetti-per-il-bagno-miscelatore-freddo-e-caldo-del-bacino\/","og_site_name":"YOROOW","article_publisher":"https:\/\/www.facebook.com\/people\/yoroowfaucetfactory\/61564236752362\/","article_modified_time":"2025-05-16T01:26:13+00:00","og_image":[{"width":874,"height":874,"url":"https:\/\/www.yoroow.com\/wp-content\/uploads\/2025\/02\/7031C-110P.jpg","type":"image\/jpeg"}],"twitter_card":"summary_large_image","twitter_misc":{"Tempo di lettura stimato":"1 minuto"},"schema":{"@context":"https:\/\/schema.org","@graph":[{"@type":"WebPage","@id":"https:\/\/www.yoroow.com\/it\/dettaglio-prodotto\/rubinetti-di-buona-qualita-rubinetti-in-ottone-per-il-bagno-rubinetti-per-il-bagno-miscelatore-freddo-e-caldo-del-bacino\/","url":"https:\/\/www.yoroow.com\/it\/dettaglio-prodotto\/rubinetti-di-buona-qualita-rubinetti-in-ottone-per-il-bagno-rubinetti-per-il-bagno-miscelatore-freddo-e-caldo-del-bacino\/","name":"Good Quality Single-Handle Chrome Basin Faucet Thermostatic Zinc Material Single-Hole Mount Bathroom Wash Hand Mixer Faucet - YOROOW","isPartOf":{"@id":"https:\/\/www.yoroow.com\/it\/#website"},"primaryImageOfPage":{"@id":"https:\/\/www.yoroow.com\/it\/dettaglio-prodotto\/rubinetti-di-buona-qualita-rubinetti-in-ottone-per-il-bagno-rubinetti-per-il-bagno-miscelatore-freddo-e-caldo-del-bacino\/#primaryimage"},"image":{"@id":"https:\/\/www.yoroow.com\/it\/dettaglio-prodotto\/rubinetti-di-buona-qualita-rubinetti-in-ottone-per-il-bagno-rubinetti-per-il-bagno-miscelatore-freddo-e-caldo-del-bacino\/#primaryimage"},"thumbnailUrl":"https:\/\/www.yoroow.com\/wp-content\/uploads\/2025\/02\/7031C-110P.jpg","datePublished":"2025-02-20T09:48:12+00:00","dateModified":"2025-05-16T01:26:13+00:00","description":"Single-handle chrome basin faucet with thermostatic zinc material and single-hole mounting designed for bathrooms. Chinese factory ensures quality control and fast delivery for Latin America and Southeast Asia export.","breadcrumb":{"@id":"https:\/\/www.yoroow.com\/it\/dettaglio-prodotto\/rubinetti-di-buona-qualita-rubinetti-in-ottone-per-il-bagno-rubinetti-per-il-bagno-miscelatore-freddo-e-caldo-del-bacino\/#breadcrumb"},"inLanguage":"it-IT","potentialAction":[{"@type":"ReadAction","target":["https:\/\/www.yoroow.com\/it\/dettaglio-prodotto\/rubinetti-di-buona-qualita-rubinetti-in-ottone-per-il-bagno-rubinetti-per-il-bagno-miscelatore-freddo-e-caldo-del-bacino\/"]}]},{"@type":"ImageObject","inLanguage":"it-IT","@id":"https:\/\/www.yoroow.com\/it\/dettaglio-prodotto\/rubinetti-di-buona-qualita-rubinetti-in-ottone-per-il-bagno-rubinetti-per-il-bagno-miscelatore-freddo-e-caldo-del-bacino\/#primaryimage","url":"https:\/\/www.yoroow.com\/wp-content\/uploads\/2025\/02\/7031C-110P.jpg","contentUrl":"https:\/\/www.yoroow.com\/wp-content\/uploads\/2025\/02\/7031C-110P.jpg","width":874,"height":874,"caption":"Good Quality Single-Handle Chrome Basin Faucet Thermostatic Zinc Material Single-Hole Mount Bathroom Wash Hand Mixer Faucet"},{"@type":"BreadcrumbList","@id":"https:\/\/www.yoroow.com\/it\/dettaglio-prodotto\/rubinetti-di-buona-qualita-rubinetti-in-ottone-per-il-bagno-rubinetti-per-il-bagno-miscelatore-freddo-e-caldo-del-bacino\/#breadcrumb","itemListElement":[{"@type":"ListItem","position":1,"name":"home","item":"https:\/\/www.yoroow.com\/"},{"@type":"ListItem","position":2,"name":"Product","item":"https:\/\/www.yoroow.com\/product\/"},{"@type":"ListItem","position":3,"name":"Good Quality Single-Handle Chrome Basin Faucet Thermostatic Zinc Material Single-Hole Mount Bathroom Wash Hand Mixer Faucet"}]},{"@type":"WebSite","@id":"https:\/\/www.yoroow.com\/it\/#website","url":"https:\/\/www.yoroow.com\/it\/","name":"YOROOW","description":"","publisher":{"@id":"https:\/\/www.yoroow.com\/it\/#organization"},"potentialAction":[{"@type":"SearchAction","target":{"@type":"EntryPoint","urlTemplate":"https:\/\/www.yoroow.com\/it\/?s={search_term_string}"},"query-input":{"@type":"PropertyValueSpecification","valueRequired":true,"valueName":"search_term_string"}}],"inLanguage":"it-IT"},{"@type":"Organization","@id":"https:\/\/www.yoroow.com\/it\/#organization","name":"YOROOW","url":"https:\/\/www.yoroow.com\/it\/","logo":{"@type":"ImageObject","inLanguage":"it-IT","@id":"https:\/\/www.yoroow.com\/it\/#\/schema\/logo\/image\/","url":"https:\/\/www.yoroow.com\/wp-content\/uploads\/2024\/12\/2024123007131061.png","contentUrl":"https:\/\/www.yoroow.com\/wp-content\/uploads\/2024\/12\/2024123007131061.png","width":168,"height":27,"caption":"YOROOW"},"image":{"@id":"https:\/\/www.yoroow.com\/it\/#\/schema\/logo\/image\/"},"sameAs":["https:\/\/www.facebook.com\/people\/yoroowfaucetfactory\/61564236752362\/"]}]}},"_links":{"self":[{"href":"https:\/\/www.yoroow.com\/it\/wp-json\/wp\/v2\/product\/11683","targetHints":{"allow":["GET"]}}],"collection":[{"href":"https:\/\/www.yoroow.com\/it\/wp-json\/wp\/v2\/product"}],"about":[{"href":"https:\/\/www.yoroow.com\/it\/wp-json\/wp\/v2\/types\/product"}],"wp:featuredmedia":[{"embeddable":true,"href":"https:\/\/www.yoroow.com\/it\/wp-json\/wp\/v2\/media\/11688"}],"wp:attachment":[{"href":"https:\/\/www.yoroow.com\/it\/wp-json\/wp\/v2\/media?parent=11683"}],"wp:term":[{"taxonomy":"product_brand","embeddable":true,"href":"https:\/\/www.yoroow.com\/it\/wp-json\/wp\/v2\/product_brand?post=11683"},{"taxonomy":"product_cat","embeddable":true,"href":"https:\/\/www.yoroow.com\/it\/wp-json\/wp\/v2\/product_cat?post=11683"},{"taxonomy":"product_tag","embeddable":true,"href":"https:\/\/www.yoroow.com\/it\/wp-json\/wp\/v2\/product_tag?post=11683"}],"curies":[{"name":"wp","href":"https:\/\/api.w.org\/{rel}","templated":true}]}}