{"id":10191,"date":"2025-02-14T15:59:59","date_gmt":"2025-02-14T07:59:59","guid":{"rendered":"https:\/\/www.yoroow.com\/?post_type=product&#038;p=10191"},"modified":"2025-05-16T09:20:37","modified_gmt":"2025-05-16T01:20:37","slug":"vendita-diretta-della-fabbrica-singola-maniglia-del-rubinetto-del-bacino-del-corpo-dello-zinco-acqua-fredda-rubinetto-rapido-aperto-del-bacino-per-i-rubinetti-di-plastica-dellacqua-del-bagno","status":"publish","type":"product","link":"https:\/\/www.yoroow.com\/it\/dettaglio-prodotto\/vendita-diretta-della-fabbrica-singola-maniglia-del-rubinetto-del-bacino-del-corpo-dello-zinco-acqua-fredda-rubinetto-rapido-aperto-del-bacino-per-i-rubinetti-di-plastica-dellacqua-del-bagno\/","title":{"rendered":"Rubinetto moderno per lavabo singolo freddo Maniglia singola Rubinetto per lavabo in plastica di zinco Nucleo valvola in ceramica misurato per uso scolastico Foro singolo"},"content":{"rendered":"<p>Questo rubinetto singolo per lavabo freddo \u00e8 progettato per l'uso scolastico ed \u00e8 dotato di un sistema di misurazione per l'efficienza del risparmio idrico. \u00c8 realizzato in zinco e plastica con un nucleo di valvola in ceramica per una maggiore durata e un funzionamento pi\u00f9 fluido. Il design a maniglia singola consente un facile controllo del flusso d'acqua e la sua struttura semplice lo rende ideale per aree ad alto traffico come le scuole. Prodotto in Cina, questo rubinetto beneficia di una produzione conveniente e di una solida catena di fornitura, che lo rendono perfetto per l'esportazione in Sud America e nel Sud-Est asiatico, dove le scuole e le strutture pubbliche richiedono impianti efficienti e a bassa manutenzione.<\/p>","protected":false},"excerpt":{"rendered":"<p>Questo rubinetto singolo per lavabo freddo \u00e8 progettato per l'uso scolastico ed \u00e8 dotato di un sistema di misurazione per l'efficienza del risparmio idrico. \u00c8 realizzato in zinco e plastica con un nucleo di valvola in ceramica per una maggiore durata e un funzionamento pi\u00f9 fluido. Il design a una sola maniglia consente un facile controllo del flusso d'acqua e la sua struttura semplice lo rende ideale per le aree ad alto traffico come le scuole....<\/p>","protected":false},"featured_media":10185,"template":"","meta":{"_acf_changed":false,"_kad_post_transparent":"default","_kad_post_title":"","_kad_post_layout":"default","_kad_post_sidebar_id":"","_kad_post_content_style":"default","_kad_post_vertical_padding":"default","_kad_post_feature":"","_kad_post_feature_position":"","_kad_post_header":false,"_kad_post_footer":false},"product_brand":[],"product_cat":[219],"product_tag":[3497,3430],"class_list":{"0":"post-10191","1":"product","2":"type-product","3":"status-publish","4":"has-post-thumbnail","6":"product_cat-single-cold-basin-faucet","7":"product_tag-china-basin-taps","8":"product_tag-plastic-wash-basin-tap","10":"first","11":"instock","12":"shipping-taxable","13":"purchasable","14":"product-type-variable","15":"wvs-archive-product-wrapper","16":"entry","17":"content-bg","18":"loop-entry"},"acf":[],"yoast_head":"<!-- This site is optimized with the Yoast SEO Premium plugin v25.4 (Yoast SEO v27.0) - https:\/\/yoast.com\/product\/yoast-seo-premium-wordpress\/ -->\n<title>Modern Single Cold Basin Faucet Single Handle Zinc Plastic Wash Basin Tap Ceramic Valve Core Metered for School Use Single Hole - YOROOW<\/title>\n<meta name=\"description\" content=\"Modern single cold basin faucet with single handle zinc plastic wash basin tap. Ceramic valve core metered for school use. Single hole design. Chinese factory exports focus on South American and Southeast Asian markets.\" \/>\n<meta name=\"robots\" content=\"index, follow, max-snippet:-1, max-image-preview:large, max-video-preview:-1\" \/>\n<link rel=\"canonical\" href=\"https:\/\/www.yoroow.com\/it\/dettaglio-prodotto\/vendita-diretta-della-fabbrica-singola-maniglia-del-rubinetto-del-bacino-del-corpo-dello-zinco-acqua-fredda-rubinetto-rapido-aperto-del-bacino-per-i-rubinetti-di-plastica-dellacqua-del-bagno\/\" \/>\n<meta property=\"og:locale\" content=\"it_IT\" \/>\n<meta property=\"og:type\" content=\"article\" \/>\n<meta property=\"og:title\" content=\"Modern Single Cold Basin Faucet Single Handle Zinc Plastic Wash Basin Tap Ceramic Valve Core Metered for School Use Single Hole\" \/>\n<meta property=\"og:description\" content=\"Modern single cold basin faucet with single handle zinc plastic wash basin tap. Ceramic valve core metered for school use. Single hole design. Chinese factory exports focus on South American and Southeast Asian markets.\" \/>\n<meta property=\"og:url\" content=\"https:\/\/www.yoroow.com\/it\/dettaglio-prodotto\/vendita-diretta-della-fabbrica-singola-maniglia-del-rubinetto-del-bacino-del-corpo-dello-zinco-acqua-fredda-rubinetto-rapido-aperto-del-bacino-per-i-rubinetti-di-plastica-dellacqua-del-bagno\/\" \/>\n<meta property=\"og:site_name\" content=\"YOROOW\" \/>\n<meta property=\"article:publisher\" content=\"https:\/\/www.facebook.com\/people\/yoroowfaucetfactory\/61564236752362\/\" \/>\n<meta property=\"article:modified_time\" content=\"2025-05-16T01:20:37+00:00\" \/>\n<meta property=\"og:image\" content=\"https:\/\/www.yoroow.com\/wp-content\/uploads\/2025\/02\/image.png\" \/>\n\t<meta property=\"og:image:width\" content=\"499\" \/>\n\t<meta property=\"og:image:height\" content=\"498\" \/>\n\t<meta property=\"og:image:type\" content=\"image\/png\" \/>\n<meta name=\"twitter:card\" content=\"summary_large_image\" \/>\n<meta name=\"twitter:label1\" content=\"Tempo di lettura stimato\" \/>\n\t<meta name=\"twitter:data1\" content=\"3 minuti\" \/>\n<script type=\"application\/ld+json\" class=\"yoast-schema-graph\">{\"@context\":\"https:\/\/schema.org\",\"@graph\":[{\"@type\":\"WebPage\",\"@id\":\"https:\/\/www.yoroow.com\/it\/dettaglio-prodotto\/vendita-diretta-della-fabbrica-singola-maniglia-del-rubinetto-del-bacino-del-corpo-dello-zinco-acqua-fredda-rubinetto-rapido-aperto-del-bacino-per-i-rubinetti-di-plastica-dellacqua-del-bagno\/\",\"url\":\"https:\/\/www.yoroow.com\/it\/dettaglio-prodotto\/vendita-diretta-della-fabbrica-singola-maniglia-del-rubinetto-del-bacino-del-corpo-dello-zinco-acqua-fredda-rubinetto-rapido-aperto-del-bacino-per-i-rubinetti-di-plastica-dellacqua-del-bagno\/\",\"name\":\"Modern Single Cold Basin Faucet Single Handle Zinc Plastic Wash Basin Tap Ceramic Valve Core Metered for School Use Single Hole - YOROOW\",\"isPartOf\":{\"@id\":\"https:\/\/www.yoroow.com\/it\/#website\"},\"primaryImageOfPage\":{\"@id\":\"https:\/\/www.yoroow.com\/it\/dettaglio-prodotto\/vendita-diretta-della-fabbrica-singola-maniglia-del-rubinetto-del-bacino-del-corpo-dello-zinco-acqua-fredda-rubinetto-rapido-aperto-del-bacino-per-i-rubinetti-di-plastica-dellacqua-del-bagno\/#primaryimage\"},\"image\":{\"@id\":\"https:\/\/www.yoroow.com\/it\/dettaglio-prodotto\/vendita-diretta-della-fabbrica-singola-maniglia-del-rubinetto-del-bacino-del-corpo-dello-zinco-acqua-fredda-rubinetto-rapido-aperto-del-bacino-per-i-rubinetti-di-plastica-dellacqua-del-bagno\/#primaryimage\"},\"thumbnailUrl\":\"https:\/\/www.yoroow.com\/wp-content\/uploads\/2025\/02\/image.png\",\"datePublished\":\"2025-02-14T07:59:59+00:00\",\"dateModified\":\"2025-05-16T01:20:37+00:00\",\"description\":\"Modern single cold basin faucet with single handle zinc plastic wash basin tap. Ceramic valve core metered for school use. Single hole design. Chinese factory exports focus on South American and Southeast Asian markets.\",\"breadcrumb\":{\"@id\":\"https:\/\/www.yoroow.com\/it\/dettaglio-prodotto\/vendita-diretta-della-fabbrica-singola-maniglia-del-rubinetto-del-bacino-del-corpo-dello-zinco-acqua-fredda-rubinetto-rapido-aperto-del-bacino-per-i-rubinetti-di-plastica-dellacqua-del-bagno\/#breadcrumb\"},\"inLanguage\":\"it-IT\",\"potentialAction\":[{\"@type\":\"ReadAction\",\"target\":[\"https:\/\/www.yoroow.com\/it\/dettaglio-prodotto\/vendita-diretta-della-fabbrica-singola-maniglia-del-rubinetto-del-bacino-del-corpo-dello-zinco-acqua-fredda-rubinetto-rapido-aperto-del-bacino-per-i-rubinetti-di-plastica-dellacqua-del-bagno\/\"]}]},{\"@type\":\"ImageObject\",\"inLanguage\":\"it-IT\",\"@id\":\"https:\/\/www.yoroow.com\/it\/dettaglio-prodotto\/vendita-diretta-della-fabbrica-singola-maniglia-del-rubinetto-del-bacino-del-corpo-dello-zinco-acqua-fredda-rubinetto-rapido-aperto-del-bacino-per-i-rubinetti-di-plastica-dellacqua-del-bagno\/#primaryimage\",\"url\":\"https:\/\/www.yoroow.com\/wp-content\/uploads\/2025\/02\/image.png\",\"contentUrl\":\"https:\/\/www.yoroow.com\/wp-content\/uploads\/2025\/02\/image.png\",\"width\":499,\"height\":498,\"caption\":\"Modern Single Cold Basin Faucet Hand Taps for Modern Designed Basins Faucet Accessories\"},{\"@type\":\"BreadcrumbList\",\"@id\":\"https:\/\/www.yoroow.com\/it\/dettaglio-prodotto\/vendita-diretta-della-fabbrica-singola-maniglia-del-rubinetto-del-bacino-del-corpo-dello-zinco-acqua-fredda-rubinetto-rapido-aperto-del-bacino-per-i-rubinetti-di-plastica-dellacqua-del-bagno\/#breadcrumb\",\"itemListElement\":[{\"@type\":\"ListItem\",\"position\":1,\"name\":\"home\",\"item\":\"https:\/\/www.yoroow.com\/\"},{\"@type\":\"ListItem\",\"position\":2,\"name\":\"Product\",\"item\":\"https:\/\/www.yoroow.com\/product\/\"},{\"@type\":\"ListItem\",\"position\":3,\"name\":\"Modern Single Cold Basin Faucet Single Handle Zinc Plastic Wash Basin Tap Ceramic Valve Core Metered for School Use Single Hole\"}]},{\"@type\":\"WebSite\",\"@id\":\"https:\/\/www.yoroow.com\/it\/#website\",\"url\":\"https:\/\/www.yoroow.com\/it\/\",\"name\":\"YOROOW\",\"description\":\"\",\"publisher\":{\"@id\":\"https:\/\/www.yoroow.com\/it\/#organization\"},\"potentialAction\":[{\"@type\":\"SearchAction\",\"target\":{\"@type\":\"EntryPoint\",\"urlTemplate\":\"https:\/\/www.yoroow.com\/it\/?s={search_term_string}\"},\"query-input\":{\"@type\":\"PropertyValueSpecification\",\"valueRequired\":true,\"valueName\":\"search_term_string\"}}],\"inLanguage\":\"it-IT\"},{\"@type\":\"Organization\",\"@id\":\"https:\/\/www.yoroow.com\/it\/#organization\",\"name\":\"YOROOW\",\"url\":\"https:\/\/www.yoroow.com\/it\/\",\"logo\":{\"@type\":\"ImageObject\",\"inLanguage\":\"it-IT\",\"@id\":\"https:\/\/www.yoroow.com\/it\/#\/schema\/logo\/image\/\",\"url\":\"https:\/\/www.yoroow.com\/wp-content\/uploads\/2024\/12\/2024123007131061.png\",\"contentUrl\":\"https:\/\/www.yoroow.com\/wp-content\/uploads\/2024\/12\/2024123007131061.png\",\"width\":168,\"height\":27,\"caption\":\"YOROOW\"},\"image\":{\"@id\":\"https:\/\/www.yoroow.com\/it\/#\/schema\/logo\/image\/\"},\"sameAs\":[\"https:\/\/www.facebook.com\/people\/yoroowfaucetfactory\/61564236752362\/\"]}]}<\/script>\n<!-- \/ Yoast SEO Premium plugin. -->","yoast_head_json":{"title":"Modern Single Cold Basin Faucet Single Handle Zinc Plastic Wash Basin Tap Ceramic Valve Core Metered for School Use Single Hole - YOROOW","description":"Modern single cold basin faucet with single handle zinc plastic wash basin tap. Ceramic valve core metered for school use. Single hole design. Chinese factory exports focus on South American and Southeast Asian markets.","robots":{"index":"index","follow":"follow","max-snippet":"max-snippet:-1","max-image-preview":"max-image-preview:large","max-video-preview":"max-video-preview:-1"},"canonical":"https:\/\/www.yoroow.com\/it\/dettaglio-prodotto\/vendita-diretta-della-fabbrica-singola-maniglia-del-rubinetto-del-bacino-del-corpo-dello-zinco-acqua-fredda-rubinetto-rapido-aperto-del-bacino-per-i-rubinetti-di-plastica-dellacqua-del-bagno\/","og_locale":"it_IT","og_type":"article","og_title":"Modern Single Cold Basin Faucet Single Handle Zinc Plastic Wash Basin Tap Ceramic Valve Core Metered for School Use Single Hole","og_description":"Modern single cold basin faucet with single handle zinc plastic wash basin tap. Ceramic valve core metered for school use. Single hole design. Chinese factory exports focus on South American and Southeast Asian markets.","og_url":"https:\/\/www.yoroow.com\/it\/dettaglio-prodotto\/vendita-diretta-della-fabbrica-singola-maniglia-del-rubinetto-del-bacino-del-corpo-dello-zinco-acqua-fredda-rubinetto-rapido-aperto-del-bacino-per-i-rubinetti-di-plastica-dellacqua-del-bagno\/","og_site_name":"YOROOW","article_publisher":"https:\/\/www.facebook.com\/people\/yoroowfaucetfactory\/61564236752362\/","article_modified_time":"2025-05-16T01:20:37+00:00","og_image":[{"width":499,"height":498,"url":"https:\/\/www.yoroow.com\/wp-content\/uploads\/2025\/02\/image.png","type":"image\/png"}],"twitter_card":"summary_large_image","twitter_misc":{"Tempo di lettura stimato":"3 minuti"},"schema":{"@context":"https:\/\/schema.org","@graph":[{"@type":"WebPage","@id":"https:\/\/www.yoroow.com\/it\/dettaglio-prodotto\/vendita-diretta-della-fabbrica-singola-maniglia-del-rubinetto-del-bacino-del-corpo-dello-zinco-acqua-fredda-rubinetto-rapido-aperto-del-bacino-per-i-rubinetti-di-plastica-dellacqua-del-bagno\/","url":"https:\/\/www.yoroow.com\/it\/dettaglio-prodotto\/vendita-diretta-della-fabbrica-singola-maniglia-del-rubinetto-del-bacino-del-corpo-dello-zinco-acqua-fredda-rubinetto-rapido-aperto-del-bacino-per-i-rubinetti-di-plastica-dellacqua-del-bagno\/","name":"Modern Single Cold Basin Faucet Single Handle Zinc Plastic Wash Basin Tap Ceramic Valve Core Metered for School Use Single Hole - YOROOW","isPartOf":{"@id":"https:\/\/www.yoroow.com\/it\/#website"},"primaryImageOfPage":{"@id":"https:\/\/www.yoroow.com\/it\/dettaglio-prodotto\/vendita-diretta-della-fabbrica-singola-maniglia-del-rubinetto-del-bacino-del-corpo-dello-zinco-acqua-fredda-rubinetto-rapido-aperto-del-bacino-per-i-rubinetti-di-plastica-dellacqua-del-bagno\/#primaryimage"},"image":{"@id":"https:\/\/www.yoroow.com\/it\/dettaglio-prodotto\/vendita-diretta-della-fabbrica-singola-maniglia-del-rubinetto-del-bacino-del-corpo-dello-zinco-acqua-fredda-rubinetto-rapido-aperto-del-bacino-per-i-rubinetti-di-plastica-dellacqua-del-bagno\/#primaryimage"},"thumbnailUrl":"https:\/\/www.yoroow.com\/wp-content\/uploads\/2025\/02\/image.png","datePublished":"2025-02-14T07:59:59+00:00","dateModified":"2025-05-16T01:20:37+00:00","description":"Modern single cold basin faucet with single handle zinc plastic wash basin tap. Ceramic valve core metered for school use. Single hole design. Chinese factory exports focus on South American and Southeast Asian markets.","breadcrumb":{"@id":"https:\/\/www.yoroow.com\/it\/dettaglio-prodotto\/vendita-diretta-della-fabbrica-singola-maniglia-del-rubinetto-del-bacino-del-corpo-dello-zinco-acqua-fredda-rubinetto-rapido-aperto-del-bacino-per-i-rubinetti-di-plastica-dellacqua-del-bagno\/#breadcrumb"},"inLanguage":"it-IT","potentialAction":[{"@type":"ReadAction","target":["https:\/\/www.yoroow.com\/it\/dettaglio-prodotto\/vendita-diretta-della-fabbrica-singola-maniglia-del-rubinetto-del-bacino-del-corpo-dello-zinco-acqua-fredda-rubinetto-rapido-aperto-del-bacino-per-i-rubinetti-di-plastica-dellacqua-del-bagno\/"]}]},{"@type":"ImageObject","inLanguage":"it-IT","@id":"https:\/\/www.yoroow.com\/it\/dettaglio-prodotto\/vendita-diretta-della-fabbrica-singola-maniglia-del-rubinetto-del-bacino-del-corpo-dello-zinco-acqua-fredda-rubinetto-rapido-aperto-del-bacino-per-i-rubinetti-di-plastica-dellacqua-del-bagno\/#primaryimage","url":"https:\/\/www.yoroow.com\/wp-content\/uploads\/2025\/02\/image.png","contentUrl":"https:\/\/www.yoroow.com\/wp-content\/uploads\/2025\/02\/image.png","width":499,"height":498,"caption":"Modern Single Cold Basin Faucet Hand Taps for Modern Designed Basins Faucet Accessories"},{"@type":"BreadcrumbList","@id":"https:\/\/www.yoroow.com\/it\/dettaglio-prodotto\/vendita-diretta-della-fabbrica-singola-maniglia-del-rubinetto-del-bacino-del-corpo-dello-zinco-acqua-fredda-rubinetto-rapido-aperto-del-bacino-per-i-rubinetti-di-plastica-dellacqua-del-bagno\/#breadcrumb","itemListElement":[{"@type":"ListItem","position":1,"name":"home","item":"https:\/\/www.yoroow.com\/"},{"@type":"ListItem","position":2,"name":"Product","item":"https:\/\/www.yoroow.com\/product\/"},{"@type":"ListItem","position":3,"name":"Modern Single Cold Basin Faucet Single Handle Zinc Plastic Wash Basin Tap Ceramic Valve Core Metered for School Use Single Hole"}]},{"@type":"WebSite","@id":"https:\/\/www.yoroow.com\/it\/#website","url":"https:\/\/www.yoroow.com\/it\/","name":"YOROOW","description":"","publisher":{"@id":"https:\/\/www.yoroow.com\/it\/#organization"},"potentialAction":[{"@type":"SearchAction","target":{"@type":"EntryPoint","urlTemplate":"https:\/\/www.yoroow.com\/it\/?s={search_term_string}"},"query-input":{"@type":"PropertyValueSpecification","valueRequired":true,"valueName":"search_term_string"}}],"inLanguage":"it-IT"},{"@type":"Organization","@id":"https:\/\/www.yoroow.com\/it\/#organization","name":"YOROOW","url":"https:\/\/www.yoroow.com\/it\/","logo":{"@type":"ImageObject","inLanguage":"it-IT","@id":"https:\/\/www.yoroow.com\/it\/#\/schema\/logo\/image\/","url":"https:\/\/www.yoroow.com\/wp-content\/uploads\/2024\/12\/2024123007131061.png","contentUrl":"https:\/\/www.yoroow.com\/wp-content\/uploads\/2024\/12\/2024123007131061.png","width":168,"height":27,"caption":"YOROOW"},"image":{"@id":"https:\/\/www.yoroow.com\/it\/#\/schema\/logo\/image\/"},"sameAs":["https:\/\/www.facebook.com\/people\/yoroowfaucetfactory\/61564236752362\/"]}]}},"_links":{"self":[{"href":"https:\/\/www.yoroow.com\/it\/wp-json\/wp\/v2\/product\/10191","targetHints":{"allow":["GET"]}}],"collection":[{"href":"https:\/\/www.yoroow.com\/it\/wp-json\/wp\/v2\/product"}],"about":[{"href":"https:\/\/www.yoroow.com\/it\/wp-json\/wp\/v2\/types\/product"}],"wp:featuredmedia":[{"embeddable":true,"href":"https:\/\/www.yoroow.com\/it\/wp-json\/wp\/v2\/media\/10185"}],"wp:attachment":[{"href":"https:\/\/www.yoroow.com\/it\/wp-json\/wp\/v2\/media?parent=10191"}],"wp:term":[{"taxonomy":"product_brand","embeddable":true,"href":"https:\/\/www.yoroow.com\/it\/wp-json\/wp\/v2\/product_brand?post=10191"},{"taxonomy":"product_cat","embeddable":true,"href":"https:\/\/www.yoroow.com\/it\/wp-json\/wp\/v2\/product_cat?post=10191"},{"taxonomy":"product_tag","embeddable":true,"href":"https:\/\/www.yoroow.com\/it\/wp-json\/wp\/v2\/product_tag?post=10191"}],"curies":[{"name":"wp","href":"https:\/\/api.w.org\/{rel}","templated":true}]}}