{"id":9999,"date":"2025-02-13T17:53:59","date_gmt":"2025-02-13T09:53:59","guid":{"rendered":"https:\/\/www.yoroow.com\/?post_type=product&#038;p=9999"},"modified":"2025-05-16T09:20:27","modified_gmt":"2025-05-16T01:20:27","slug":"new-arrivals-single-handle-water-tap-cold-water-smart-bathroom-chrome-kitchen-sink-basin-faucet-tap-2","status":"publish","type":"product","link":"https:\/\/www.yoroow.com\/fr\/detail-du-produit\/new-arrivals-single-handle-water-tap-cold-water-smart-bathroom-chrome-kitchen-sink-basin-faucet-tap-2\/","title":{"rendered":"Robinet moderne \u00e0 une poign\u00e9e en acier inoxydable et laiton massif Robinet de lavabo chrom\u00e9 robuste avec montage \u00e0 un trou pour la maison et la chambre \u00e0 coucher"},"content":{"rendered":"<p>Ce robinet moderne associe l'acier inoxydable et le laiton massif pour offrir \u00e0 la fois durabilit\u00e9 et style. Dot\u00e9 d'une solide finition chrom\u00e9e, il est con\u00e7u pour \u00eatre utilis\u00e9 dans les chambres \u00e0 coucher et les salles de bains. Le design \u00e0 une poign\u00e9e permet de contr\u00f4ler facilement la temp\u00e9rature et le d\u00e9bit de l'eau. Il est dot\u00e9 d'un montage monotrou pour une installation rapide et efficace, ce qui le rend id\u00e9al pour les salles de bains modernes. Fabriqu\u00e9 en Chine, ce robinet b\u00e9n\u00e9ficie d'une production rentable et de capacit\u00e9s de fabrication avanc\u00e9es, garantissant des prix comp\u00e9titifs pour les exportations vers les march\u00e9s d'Am\u00e9rique du Sud et d'Asie du Sud-Est. Son design \u00e9l\u00e9gant et ses mat\u00e9riaux durables sont parfaits pour les maisons modernes.<\/p>","protected":false},"excerpt":{"rendered":"<p>Ce robinet moderne associe l'acier inoxydable et le laiton massif pour offrir \u00e0 la fois durabilit\u00e9 et style. Dot\u00e9 d'une solide finition chrom\u00e9e, il est con\u00e7u pour \u00eatre utilis\u00e9 dans les chambres \u00e0 coucher et les salles de bains. Le design \u00e0 une poign\u00e9e permet de contr\u00f4ler facilement la temp\u00e9rature et le d\u00e9bit de l'eau. Il est dot\u00e9 d'un montage monotrou pour une installation rapide et efficace, ce qui permet de...<\/p>","protected":false},"featured_media":9995,"template":"","meta":{"_acf_changed":false,"_kad_post_transparent":"default","_kad_post_title":"","_kad_post_layout":"default","_kad_post_sidebar_id":"","_kad_post_content_style":"default","_kad_post_vertical_padding":"default","_kad_post_feature":"","_kad_post_feature_position":"","_kad_post_header":false,"_kad_post_footer":false},"product_brand":[],"product_cat":[219],"product_tag":[3410,3414],"class_list":{"0":"post-9999","1":"product","2":"type-product","3":"status-publish","4":"has-post-thumbnail","6":"product_cat-single-cold-basin-faucet","7":"product_tag-faucet-wash-basin","8":"product_tag-sturdy-faucet-single-handle-chrome-bathroom-basin","10":"first","11":"instock","12":"shipping-taxable","13":"purchasable","14":"product-type-variable","15":"wvs-archive-product-wrapper","16":"entry","17":"content-bg","18":"loop-entry"},"acf":[],"yoast_head":"<!-- This site is optimized with the Yoast SEO Premium plugin v25.4 (Yoast SEO v27.0) - https:\/\/yoast.com\/product\/yoast-seo-premium-wordpress\/ -->\n<title>Modern Single-Handle Stainless Steel and Solid Brass Faucet Sturdy Chrome Basin Faucet with Single Hole Mount for Home Bedroom - YOROOW<\/title>\n<meta name=\"description\" content=\"Modern single-handle stainless steel and solid brass faucet. Sturdy chrome basin faucet with single hole mount for home bedrooms. Made in China and exported to South American and Southeast Asian markets.\" \/>\n<meta name=\"robots\" content=\"index, follow, max-snippet:-1, max-image-preview:large, max-video-preview:-1\" \/>\n<link rel=\"canonical\" href=\"https:\/\/www.yoroow.com\/fr\/detail-du-produit\/new-arrivals-single-handle-water-tap-cold-water-smart-bathroom-chrome-kitchen-sink-basin-faucet-tap-2\/\" \/>\n<meta property=\"og:locale\" content=\"fr_FR\" \/>\n<meta property=\"og:type\" content=\"article\" \/>\n<meta property=\"og:title\" content=\"Modern Single-Handle Stainless Steel and Solid Brass Faucet Sturdy Chrome Basin Faucet with Single Hole Mount for Home Bedroom\" \/>\n<meta property=\"og:description\" content=\"Modern single-handle stainless steel and solid brass faucet. Sturdy chrome basin faucet with single hole mount for home bedrooms. Made in China and exported to South American and Southeast Asian markets.\" \/>\n<meta property=\"og:url\" content=\"https:\/\/www.yoroow.com\/fr\/detail-du-produit\/new-arrivals-single-handle-water-tap-cold-water-smart-bathroom-chrome-kitchen-sink-basin-faucet-tap-2\/\" \/>\n<meta property=\"og:site_name\" content=\"YOROOW\" \/>\n<meta property=\"article:publisher\" content=\"https:\/\/www.facebook.com\/people\/yoroowfaucetfactory\/61564236752362\/\" \/>\n<meta property=\"article:modified_time\" content=\"2025-05-16T01:20:27+00:00\" \/>\n<meta property=\"og:image\" content=\"https:\/\/www.yoroow.com\/wp-content\/uploads\/2025\/02\/sku\u56fe_2.jpg\" \/>\n\t<meta property=\"og:image:width\" content=\"708\" \/>\n\t<meta property=\"og:image:height\" content=\"708\" \/>\n\t<meta property=\"og:image:type\" content=\"image\/jpeg\" \/>\n<meta name=\"twitter:card\" content=\"summary_large_image\" \/>\n<meta name=\"twitter:label1\" content=\"Dur\u00e9e de lecture estim\u00e9e\" \/>\n\t<meta name=\"twitter:data1\" content=\"2 minutes\" \/>\n<script type=\"application\/ld+json\" class=\"yoast-schema-graph\">{\"@context\":\"https:\/\/schema.org\",\"@graph\":[{\"@type\":\"WebPage\",\"@id\":\"https:\/\/www.yoroow.com\/fr\/detail-du-produit\/new-arrivals-single-handle-water-tap-cold-water-smart-bathroom-chrome-kitchen-sink-basin-faucet-tap-2\/\",\"url\":\"https:\/\/www.yoroow.com\/fr\/detail-du-produit\/new-arrivals-single-handle-water-tap-cold-water-smart-bathroom-chrome-kitchen-sink-basin-faucet-tap-2\/\",\"name\":\"Modern Single-Handle Stainless Steel and Solid Brass Faucet Sturdy Chrome Basin Faucet with Single Hole Mount for Home Bedroom - YOROOW\",\"isPartOf\":{\"@id\":\"https:\/\/www.yoroow.com\/fr\/#website\"},\"primaryImageOfPage\":{\"@id\":\"https:\/\/www.yoroow.com\/fr\/detail-du-produit\/new-arrivals-single-handle-water-tap-cold-water-smart-bathroom-chrome-kitchen-sink-basin-faucet-tap-2\/#primaryimage\"},\"image\":{\"@id\":\"https:\/\/www.yoroow.com\/fr\/detail-du-produit\/new-arrivals-single-handle-water-tap-cold-water-smart-bathroom-chrome-kitchen-sink-basin-faucet-tap-2\/#primaryimage\"},\"thumbnailUrl\":\"https:\/\/www.yoroow.com\/wp-content\/uploads\/2025\/02\/sku\u56fe_2.jpg\",\"datePublished\":\"2025-02-13T09:53:59+00:00\",\"dateModified\":\"2025-05-16T01:20:27+00:00\",\"description\":\"Modern single-handle stainless steel and solid brass faucet. Sturdy chrome basin faucet with single hole mount for home bedrooms. Made in China and exported to South American and Southeast Asian markets.\",\"breadcrumb\":{\"@id\":\"https:\/\/www.yoroow.com\/fr\/detail-du-produit\/new-arrivals-single-handle-water-tap-cold-water-smart-bathroom-chrome-kitchen-sink-basin-faucet-tap-2\/#breadcrumb\"},\"inLanguage\":\"fr-FR\",\"potentialAction\":[{\"@type\":\"ReadAction\",\"target\":[\"https:\/\/www.yoroow.com\/fr\/detail-du-produit\/new-arrivals-single-handle-water-tap-cold-water-smart-bathroom-chrome-kitchen-sink-basin-faucet-tap-2\/\"]}]},{\"@type\":\"ImageObject\",\"inLanguage\":\"fr-FR\",\"@id\":\"https:\/\/www.yoroow.com\/fr\/detail-du-produit\/new-arrivals-single-handle-water-tap-cold-water-smart-bathroom-chrome-kitchen-sink-basin-faucet-tap-2\/#primaryimage\",\"url\":\"https:\/\/www.yoroow.com\/wp-content\/uploads\/2025\/02\/sku\u56fe_2.jpg\",\"contentUrl\":\"https:\/\/www.yoroow.com\/wp-content\/uploads\/2025\/02\/sku\u56fe_2.jpg\",\"width\":708,\"height\":708,\"caption\":\"Fancy 304 Stainless Steel Basin Taps Metered Faucets for School Hotel Use Black Wash Basin Tap with Brass Valve Core\"},{\"@type\":\"BreadcrumbList\",\"@id\":\"https:\/\/www.yoroow.com\/fr\/detail-du-produit\/new-arrivals-single-handle-water-tap-cold-water-smart-bathroom-chrome-kitchen-sink-basin-faucet-tap-2\/#breadcrumb\",\"itemListElement\":[{\"@type\":\"ListItem\",\"position\":1,\"name\":\"home\",\"item\":\"https:\/\/www.yoroow.com\/\"},{\"@type\":\"ListItem\",\"position\":2,\"name\":\"Product\",\"item\":\"https:\/\/www.yoroow.com\/product\/\"},{\"@type\":\"ListItem\",\"position\":3,\"name\":\"Modern Single-Handle Stainless Steel and Solid Brass Faucet Sturdy Chrome Basin Faucet with Single Hole Mount for Home Bedroom\"}]},{\"@type\":\"WebSite\",\"@id\":\"https:\/\/www.yoroow.com\/fr\/#website\",\"url\":\"https:\/\/www.yoroow.com\/fr\/\",\"name\":\"YOROOW\",\"description\":\"\",\"publisher\":{\"@id\":\"https:\/\/www.yoroow.com\/fr\/#organization\"},\"potentialAction\":[{\"@type\":\"SearchAction\",\"target\":{\"@type\":\"EntryPoint\",\"urlTemplate\":\"https:\/\/www.yoroow.com\/fr\/?s={search_term_string}\"},\"query-input\":{\"@type\":\"PropertyValueSpecification\",\"valueRequired\":true,\"valueName\":\"search_term_string\"}}],\"inLanguage\":\"fr-FR\"},{\"@type\":\"Organization\",\"@id\":\"https:\/\/www.yoroow.com\/fr\/#organization\",\"name\":\"YOROOW\",\"url\":\"https:\/\/www.yoroow.com\/fr\/\",\"logo\":{\"@type\":\"ImageObject\",\"inLanguage\":\"fr-FR\",\"@id\":\"https:\/\/www.yoroow.com\/fr\/#\/schema\/logo\/image\/\",\"url\":\"https:\/\/www.yoroow.com\/wp-content\/uploads\/2024\/12\/2024123007131061.png\",\"contentUrl\":\"https:\/\/www.yoroow.com\/wp-content\/uploads\/2024\/12\/2024123007131061.png\",\"width\":168,\"height\":27,\"caption\":\"YOROOW\"},\"image\":{\"@id\":\"https:\/\/www.yoroow.com\/fr\/#\/schema\/logo\/image\/\"},\"sameAs\":[\"https:\/\/www.facebook.com\/people\/yoroowfaucetfactory\/61564236752362\/\"]}]}<\/script>\n<!-- \/ Yoast SEO Premium plugin. -->","yoast_head_json":{"title":"Modern Single-Handle Stainless Steel and Solid Brass Faucet Sturdy Chrome Basin Faucet with Single Hole Mount for Home Bedroom - YOROOW","description":"Modern single-handle stainless steel and solid brass faucet. Sturdy chrome basin faucet with single hole mount for home bedrooms. Made in China and exported to South American and Southeast Asian markets.","robots":{"index":"index","follow":"follow","max-snippet":"max-snippet:-1","max-image-preview":"max-image-preview:large","max-video-preview":"max-video-preview:-1"},"canonical":"https:\/\/www.yoroow.com\/fr\/detail-du-produit\/new-arrivals-single-handle-water-tap-cold-water-smart-bathroom-chrome-kitchen-sink-basin-faucet-tap-2\/","og_locale":"fr_FR","og_type":"article","og_title":"Modern Single-Handle Stainless Steel and Solid Brass Faucet Sturdy Chrome Basin Faucet with Single Hole Mount for Home Bedroom","og_description":"Modern single-handle stainless steel and solid brass faucet. Sturdy chrome basin faucet with single hole mount for home bedrooms. Made in China and exported to South American and Southeast Asian markets.","og_url":"https:\/\/www.yoroow.com\/fr\/detail-du-produit\/new-arrivals-single-handle-water-tap-cold-water-smart-bathroom-chrome-kitchen-sink-basin-faucet-tap-2\/","og_site_name":"YOROOW","article_publisher":"https:\/\/www.facebook.com\/people\/yoroowfaucetfactory\/61564236752362\/","article_modified_time":"2025-05-16T01:20:27+00:00","og_image":[{"width":708,"height":708,"url":"https:\/\/www.yoroow.com\/wp-content\/uploads\/2025\/02\/sku\u56fe_2.jpg","type":"image\/jpeg"}],"twitter_card":"summary_large_image","twitter_misc":{"Dur\u00e9e de lecture estim\u00e9e":"2 minutes"},"schema":{"@context":"https:\/\/schema.org","@graph":[{"@type":"WebPage","@id":"https:\/\/www.yoroow.com\/fr\/detail-du-produit\/new-arrivals-single-handle-water-tap-cold-water-smart-bathroom-chrome-kitchen-sink-basin-faucet-tap-2\/","url":"https:\/\/www.yoroow.com\/fr\/detail-du-produit\/new-arrivals-single-handle-water-tap-cold-water-smart-bathroom-chrome-kitchen-sink-basin-faucet-tap-2\/","name":"Modern Single-Handle Stainless Steel and Solid Brass Faucet Sturdy Chrome Basin Faucet with Single Hole Mount for Home Bedroom - YOROOW","isPartOf":{"@id":"https:\/\/www.yoroow.com\/fr\/#website"},"primaryImageOfPage":{"@id":"https:\/\/www.yoroow.com\/fr\/detail-du-produit\/new-arrivals-single-handle-water-tap-cold-water-smart-bathroom-chrome-kitchen-sink-basin-faucet-tap-2\/#primaryimage"},"image":{"@id":"https:\/\/www.yoroow.com\/fr\/detail-du-produit\/new-arrivals-single-handle-water-tap-cold-water-smart-bathroom-chrome-kitchen-sink-basin-faucet-tap-2\/#primaryimage"},"thumbnailUrl":"https:\/\/www.yoroow.com\/wp-content\/uploads\/2025\/02\/sku\u56fe_2.jpg","datePublished":"2025-02-13T09:53:59+00:00","dateModified":"2025-05-16T01:20:27+00:00","description":"Modern single-handle stainless steel and solid brass faucet. Sturdy chrome basin faucet with single hole mount for home bedrooms. Made in China and exported to South American and Southeast Asian markets.","breadcrumb":{"@id":"https:\/\/www.yoroow.com\/fr\/detail-du-produit\/new-arrivals-single-handle-water-tap-cold-water-smart-bathroom-chrome-kitchen-sink-basin-faucet-tap-2\/#breadcrumb"},"inLanguage":"fr-FR","potentialAction":[{"@type":"ReadAction","target":["https:\/\/www.yoroow.com\/fr\/detail-du-produit\/new-arrivals-single-handle-water-tap-cold-water-smart-bathroom-chrome-kitchen-sink-basin-faucet-tap-2\/"]}]},{"@type":"ImageObject","inLanguage":"fr-FR","@id":"https:\/\/www.yoroow.com\/fr\/detail-du-produit\/new-arrivals-single-handle-water-tap-cold-water-smart-bathroom-chrome-kitchen-sink-basin-faucet-tap-2\/#primaryimage","url":"https:\/\/www.yoroow.com\/wp-content\/uploads\/2025\/02\/sku\u56fe_2.jpg","contentUrl":"https:\/\/www.yoroow.com\/wp-content\/uploads\/2025\/02\/sku\u56fe_2.jpg","width":708,"height":708,"caption":"Fancy 304 Stainless Steel Basin Taps Metered Faucets for School Hotel Use Black Wash Basin Tap with Brass Valve Core"},{"@type":"BreadcrumbList","@id":"https:\/\/www.yoroow.com\/fr\/detail-du-produit\/new-arrivals-single-handle-water-tap-cold-water-smart-bathroom-chrome-kitchen-sink-basin-faucet-tap-2\/#breadcrumb","itemListElement":[{"@type":"ListItem","position":1,"name":"home","item":"https:\/\/www.yoroow.com\/"},{"@type":"ListItem","position":2,"name":"Product","item":"https:\/\/www.yoroow.com\/product\/"},{"@type":"ListItem","position":3,"name":"Modern Single-Handle Stainless Steel and Solid Brass Faucet Sturdy Chrome Basin Faucet with Single Hole Mount for Home Bedroom"}]},{"@type":"WebSite","@id":"https:\/\/www.yoroow.com\/fr\/#website","url":"https:\/\/www.yoroow.com\/fr\/","name":"YOROOW","description":"","publisher":{"@id":"https:\/\/www.yoroow.com\/fr\/#organization"},"potentialAction":[{"@type":"SearchAction","target":{"@type":"EntryPoint","urlTemplate":"https:\/\/www.yoroow.com\/fr\/?s={search_term_string}"},"query-input":{"@type":"PropertyValueSpecification","valueRequired":true,"valueName":"search_term_string"}}],"inLanguage":"fr-FR"},{"@type":"Organization","@id":"https:\/\/www.yoroow.com\/fr\/#organization","name":"YOROOW","url":"https:\/\/www.yoroow.com\/fr\/","logo":{"@type":"ImageObject","inLanguage":"fr-FR","@id":"https:\/\/www.yoroow.com\/fr\/#\/schema\/logo\/image\/","url":"https:\/\/www.yoroow.com\/wp-content\/uploads\/2024\/12\/2024123007131061.png","contentUrl":"https:\/\/www.yoroow.com\/wp-content\/uploads\/2024\/12\/2024123007131061.png","width":168,"height":27,"caption":"YOROOW"},"image":{"@id":"https:\/\/www.yoroow.com\/fr\/#\/schema\/logo\/image\/"},"sameAs":["https:\/\/www.facebook.com\/people\/yoroowfaucetfactory\/61564236752362\/"]}]}},"_links":{"self":[{"href":"https:\/\/www.yoroow.com\/fr\/wp-json\/wp\/v2\/product\/9999","targetHints":{"allow":["GET"]}}],"collection":[{"href":"https:\/\/www.yoroow.com\/fr\/wp-json\/wp\/v2\/product"}],"about":[{"href":"https:\/\/www.yoroow.com\/fr\/wp-json\/wp\/v2\/types\/product"}],"wp:featuredmedia":[{"embeddable":true,"href":"https:\/\/www.yoroow.com\/fr\/wp-json\/wp\/v2\/media\/9995"}],"wp:attachment":[{"href":"https:\/\/www.yoroow.com\/fr\/wp-json\/wp\/v2\/media?parent=9999"}],"wp:term":[{"taxonomy":"product_brand","embeddable":true,"href":"https:\/\/www.yoroow.com\/fr\/wp-json\/wp\/v2\/product_brand?post=9999"},{"taxonomy":"product_cat","embeddable":true,"href":"https:\/\/www.yoroow.com\/fr\/wp-json\/wp\/v2\/product_cat?post=9999"},{"taxonomy":"product_tag","embeddable":true,"href":"https:\/\/www.yoroow.com\/fr\/wp-json\/wp\/v2\/product_tag?post=9999"}],"curies":[{"name":"wp","href":"https:\/\/api.w.org\/{rel}","templated":true}]}}