{"id":9989,"date":"2025-02-13T17:50:10","date_gmt":"2025-02-13T09:50:10","guid":{"rendered":"https:\/\/www.yoroow.com\/?post_type=product&#038;p=9989"},"modified":"2025-05-16T09:20:24","modified_gmt":"2025-05-16T01:20:24","slug":"new-arrivals-single-handle-water-tap-cold-water-smart-bathroom-chrome-kitchen-sink-basin-faucet-tap","status":"publish","type":"product","link":"https:\/\/www.yoroow.com\/fr\/detail-du-produit\/new-arrivals-single-handle-water-tap-cold-water-smart-bathroom-chrome-kitchen-sink-basin-faucet-tap\/","title":{"rendered":"Robinetterie de lavabo en acier inoxydable 304 pour l'\u00e9cole et l'h\u00f4tel Robinet de lavabo noir avec robinet en laiton"},"content":{"rendered":"<p>Ce robinet \u00e0 compteur est con\u00e7u pour les \u00e9coles et les h\u00f4tels. Il pr\u00e9sente une finition noire durable et un c\u0153ur de vanne en laiton pour des performances durables. Le robinet est fabriqu\u00e9 en acier inoxydable 304 de haute qualit\u00e9, offrant une excellente r\u00e9sistance \u00e0 la corrosion. Sa fonction de dosage permet d'\u00e9conomiser l'eau, ce qui est parfait pour les environnements tr\u00e8s fr\u00e9quent\u00e9s. Le design noir moderne s'adapte \u00e0 une vari\u00e9t\u00e9 de styles de salles de bains, tandis que le noyau de la valve en laiton assure un fonctionnement en douceur et une fiabilit\u00e9 \u00e0 toute \u00e9preuve. Fabriqu\u00e9 en Chine, ce robinet b\u00e9n\u00e9ficie des processus de production avanc\u00e9s et de la rentabilit\u00e9 des usines chinoises, ce qui le rend id\u00e9al pour l'exportation vers l'Am\u00e9rique du Sud et l'Asie du Sud-Est, o\u00f9 la demande de robinets abordables et de haute qualit\u00e9 est en hausse.<\/p>","protected":false},"excerpt":{"rendered":"<p>Ce robinet \u00e0 compteur est con\u00e7u pour les \u00e9coles et les h\u00f4tels. Il pr\u00e9sente une finition noire durable et un c\u0153ur de vanne en laiton pour des performances durables. Le robinet est fabriqu\u00e9 en acier inoxydable 304 de haute qualit\u00e9, offrant une excellente r\u00e9sistance \u00e0 la corrosion. Sa fonction de dosage permet d'\u00e9conomiser l'eau, ce qui est parfait pour les environnements tr\u00e8s fr\u00e9quent\u00e9s. Le design noir moderne s'adapte \u00e0 une vari\u00e9t\u00e9 de styles de salles de bains,...<\/p>","protected":false},"featured_media":9996,"template":"","meta":{"_acf_changed":false,"_kad_post_transparent":"default","_kad_post_title":"","_kad_post_layout":"default","_kad_post_sidebar_id":"","_kad_post_content_style":"default","_kad_post_vertical_padding":"default","_kad_post_feature":"","_kad_post_feature_position":"","_kad_post_header":false,"_kad_post_footer":false},"product_brand":[],"product_cat":[219],"product_tag":[3454,3436],"class_list":{"0":"post-9989","1":"product","2":"type-product","3":"status-publish","4":"has-post-thumbnail","6":"product_cat-single-cold-basin-faucet","7":"product_tag-fancy-black-basin-taps","8":"product_tag-wash-basin-tap","10":"first","11":"instock","12":"shipping-taxable","13":"purchasable","14":"product-type-variable","15":"wvs-archive-product-wrapper","16":"entry","17":"content-bg","18":"loop-entry"},"acf":[],"yoast_head":"<!-- This site is optimized with the Yoast SEO Premium plugin v25.4 (Yoast SEO v27.0) - https:\/\/yoast.com\/product\/yoast-seo-premium-wordpress\/ -->\n<title>Fancy 304 Stainless Steel Basin Taps Metered Faucets for School Hotel Use Black Wash Basin Tap with Brass Valve Core - YOROOW<\/title>\n<meta name=\"description\" content=\"Fancy 304 stainless steel basin taps with metered faucets. Black wash basin tap with brass valve core for schools and hotels. Factory direct supply with export focus on South America and Southeast Asia.\" \/>\n<meta name=\"robots\" content=\"index, follow, max-snippet:-1, max-image-preview:large, max-video-preview:-1\" \/>\n<link rel=\"canonical\" href=\"https:\/\/www.yoroow.com\/fr\/detail-du-produit\/new-arrivals-single-handle-water-tap-cold-water-smart-bathroom-chrome-kitchen-sink-basin-faucet-tap\/\" \/>\n<meta property=\"og:locale\" content=\"fr_FR\" \/>\n<meta property=\"og:type\" content=\"article\" \/>\n<meta property=\"og:title\" content=\"Fancy 304 Stainless Steel Basin Taps Metered Faucets for School Hotel Use Black Wash Basin Tap with Brass Valve Core\" \/>\n<meta property=\"og:description\" content=\"Fancy 304 stainless steel basin taps with metered faucets. Black wash basin tap with brass valve core for schools and hotels. Factory direct supply with export focus on South America and Southeast Asia.\" \/>\n<meta property=\"og:url\" content=\"https:\/\/www.yoroow.com\/fr\/detail-du-produit\/new-arrivals-single-handle-water-tap-cold-water-smart-bathroom-chrome-kitchen-sink-basin-faucet-tap\/\" \/>\n<meta property=\"og:site_name\" content=\"YOROOW\" \/>\n<meta property=\"article:publisher\" content=\"https:\/\/www.facebook.com\/people\/yoroowfaucetfactory\/61564236752362\/\" \/>\n<meta property=\"article:modified_time\" content=\"2025-05-16T01:20:24+00:00\" \/>\n<meta property=\"og:image\" content=\"https:\/\/www.yoroow.com\/wp-content\/uploads\/2025\/02\/sku\u56fe_3.jpg\" \/>\n\t<meta property=\"og:image:width\" content=\"748\" \/>\n\t<meta property=\"og:image:height\" content=\"748\" \/>\n\t<meta property=\"og:image:type\" content=\"image\/jpeg\" \/>\n<meta name=\"twitter:card\" content=\"summary_large_image\" \/>\n<meta name=\"twitter:label1\" content=\"Dur\u00e9e de lecture estim\u00e9e\" \/>\n\t<meta name=\"twitter:data1\" content=\"2 minutes\" \/>\n<script type=\"application\/ld+json\" class=\"yoast-schema-graph\">{\"@context\":\"https:\/\/schema.org\",\"@graph\":[{\"@type\":\"WebPage\",\"@id\":\"https:\/\/www.yoroow.com\/fr\/detail-du-produit\/new-arrivals-single-handle-water-tap-cold-water-smart-bathroom-chrome-kitchen-sink-basin-faucet-tap\/\",\"url\":\"https:\/\/www.yoroow.com\/fr\/detail-du-produit\/new-arrivals-single-handle-water-tap-cold-water-smart-bathroom-chrome-kitchen-sink-basin-faucet-tap\/\",\"name\":\"Fancy 304 Stainless Steel Basin Taps Metered Faucets for School Hotel Use Black Wash Basin Tap with Brass Valve Core - YOROOW\",\"isPartOf\":{\"@id\":\"https:\/\/www.yoroow.com\/fr\/#website\"},\"primaryImageOfPage\":{\"@id\":\"https:\/\/www.yoroow.com\/fr\/detail-du-produit\/new-arrivals-single-handle-water-tap-cold-water-smart-bathroom-chrome-kitchen-sink-basin-faucet-tap\/#primaryimage\"},\"image\":{\"@id\":\"https:\/\/www.yoroow.com\/fr\/detail-du-produit\/new-arrivals-single-handle-water-tap-cold-water-smart-bathroom-chrome-kitchen-sink-basin-faucet-tap\/#primaryimage\"},\"thumbnailUrl\":\"https:\/\/www.yoroow.com\/wp-content\/uploads\/2025\/02\/sku\u56fe_3.jpg\",\"datePublished\":\"2025-02-13T09:50:10+00:00\",\"dateModified\":\"2025-05-16T01:20:24+00:00\",\"description\":\"Fancy 304 stainless steel basin taps with metered faucets. Black wash basin tap with brass valve core for schools and hotels. Factory direct supply with export focus on South America and Southeast Asia.\",\"breadcrumb\":{\"@id\":\"https:\/\/www.yoroow.com\/fr\/detail-du-produit\/new-arrivals-single-handle-water-tap-cold-water-smart-bathroom-chrome-kitchen-sink-basin-faucet-tap\/#breadcrumb\"},\"inLanguage\":\"fr-FR\",\"potentialAction\":[{\"@type\":\"ReadAction\",\"target\":[\"https:\/\/www.yoroow.com\/fr\/detail-du-produit\/new-arrivals-single-handle-water-tap-cold-water-smart-bathroom-chrome-kitchen-sink-basin-faucet-tap\/\"]}]},{\"@type\":\"ImageObject\",\"inLanguage\":\"fr-FR\",\"@id\":\"https:\/\/www.yoroow.com\/fr\/detail-du-produit\/new-arrivals-single-handle-water-tap-cold-water-smart-bathroom-chrome-kitchen-sink-basin-faucet-tap\/#primaryimage\",\"url\":\"https:\/\/www.yoroow.com\/wp-content\/uploads\/2025\/02\/sku\u56fe_3.jpg\",\"contentUrl\":\"https:\/\/www.yoroow.com\/wp-content\/uploads\/2025\/02\/sku\u56fe_3.jpg\",\"width\":748,\"height\":748,\"caption\":\"Fancy 304 Stainless Steel Basin Taps Metered Faucets for School Hotel Use Black Wash Basin Tap with Brass Valve Core\"},{\"@type\":\"BreadcrumbList\",\"@id\":\"https:\/\/www.yoroow.com\/fr\/detail-du-produit\/new-arrivals-single-handle-water-tap-cold-water-smart-bathroom-chrome-kitchen-sink-basin-faucet-tap\/#breadcrumb\",\"itemListElement\":[{\"@type\":\"ListItem\",\"position\":1,\"name\":\"home\",\"item\":\"https:\/\/www.yoroow.com\/\"},{\"@type\":\"ListItem\",\"position\":2,\"name\":\"Product\",\"item\":\"https:\/\/www.yoroow.com\/product\/\"},{\"@type\":\"ListItem\",\"position\":3,\"name\":\"Fancy 304 Stainless Steel Basin Taps Metered Faucets for School Hotel Use Black Wash Basin Tap with Brass Valve Core\"}]},{\"@type\":\"WebSite\",\"@id\":\"https:\/\/www.yoroow.com\/fr\/#website\",\"url\":\"https:\/\/www.yoroow.com\/fr\/\",\"name\":\"YOROOW\",\"description\":\"\",\"publisher\":{\"@id\":\"https:\/\/www.yoroow.com\/fr\/#organization\"},\"potentialAction\":[{\"@type\":\"SearchAction\",\"target\":{\"@type\":\"EntryPoint\",\"urlTemplate\":\"https:\/\/www.yoroow.com\/fr\/?s={search_term_string}\"},\"query-input\":{\"@type\":\"PropertyValueSpecification\",\"valueRequired\":true,\"valueName\":\"search_term_string\"}}],\"inLanguage\":\"fr-FR\"},{\"@type\":\"Organization\",\"@id\":\"https:\/\/www.yoroow.com\/fr\/#organization\",\"name\":\"YOROOW\",\"url\":\"https:\/\/www.yoroow.com\/fr\/\",\"logo\":{\"@type\":\"ImageObject\",\"inLanguage\":\"fr-FR\",\"@id\":\"https:\/\/www.yoroow.com\/fr\/#\/schema\/logo\/image\/\",\"url\":\"https:\/\/www.yoroow.com\/wp-content\/uploads\/2024\/12\/2024123007131061.png\",\"contentUrl\":\"https:\/\/www.yoroow.com\/wp-content\/uploads\/2024\/12\/2024123007131061.png\",\"width\":168,\"height\":27,\"caption\":\"YOROOW\"},\"image\":{\"@id\":\"https:\/\/www.yoroow.com\/fr\/#\/schema\/logo\/image\/\"},\"sameAs\":[\"https:\/\/www.facebook.com\/people\/yoroowfaucetfactory\/61564236752362\/\"]}]}<\/script>\n<!-- \/ Yoast SEO Premium plugin. -->","yoast_head_json":{"title":"Fancy 304 Stainless Steel Basin Taps Metered Faucets for School Hotel Use Black Wash Basin Tap with Brass Valve Core - YOROOW","description":"Fancy 304 stainless steel basin taps with metered faucets. Black wash basin tap with brass valve core for schools and hotels. Factory direct supply with export focus on South America and Southeast Asia.","robots":{"index":"index","follow":"follow","max-snippet":"max-snippet:-1","max-image-preview":"max-image-preview:large","max-video-preview":"max-video-preview:-1"},"canonical":"https:\/\/www.yoroow.com\/fr\/detail-du-produit\/new-arrivals-single-handle-water-tap-cold-water-smart-bathroom-chrome-kitchen-sink-basin-faucet-tap\/","og_locale":"fr_FR","og_type":"article","og_title":"Fancy 304 Stainless Steel Basin Taps Metered Faucets for School Hotel Use Black Wash Basin Tap with Brass Valve Core","og_description":"Fancy 304 stainless steel basin taps with metered faucets. Black wash basin tap with brass valve core for schools and hotels. Factory direct supply with export focus on South America and Southeast Asia.","og_url":"https:\/\/www.yoroow.com\/fr\/detail-du-produit\/new-arrivals-single-handle-water-tap-cold-water-smart-bathroom-chrome-kitchen-sink-basin-faucet-tap\/","og_site_name":"YOROOW","article_publisher":"https:\/\/www.facebook.com\/people\/yoroowfaucetfactory\/61564236752362\/","article_modified_time":"2025-05-16T01:20:24+00:00","og_image":[{"width":748,"height":748,"url":"https:\/\/www.yoroow.com\/wp-content\/uploads\/2025\/02\/sku\u56fe_3.jpg","type":"image\/jpeg"}],"twitter_card":"summary_large_image","twitter_misc":{"Dur\u00e9e de lecture estim\u00e9e":"2 minutes"},"schema":{"@context":"https:\/\/schema.org","@graph":[{"@type":"WebPage","@id":"https:\/\/www.yoroow.com\/fr\/detail-du-produit\/new-arrivals-single-handle-water-tap-cold-water-smart-bathroom-chrome-kitchen-sink-basin-faucet-tap\/","url":"https:\/\/www.yoroow.com\/fr\/detail-du-produit\/new-arrivals-single-handle-water-tap-cold-water-smart-bathroom-chrome-kitchen-sink-basin-faucet-tap\/","name":"Fancy 304 Stainless Steel Basin Taps Metered Faucets for School Hotel Use Black Wash Basin Tap with Brass Valve Core - YOROOW","isPartOf":{"@id":"https:\/\/www.yoroow.com\/fr\/#website"},"primaryImageOfPage":{"@id":"https:\/\/www.yoroow.com\/fr\/detail-du-produit\/new-arrivals-single-handle-water-tap-cold-water-smart-bathroom-chrome-kitchen-sink-basin-faucet-tap\/#primaryimage"},"image":{"@id":"https:\/\/www.yoroow.com\/fr\/detail-du-produit\/new-arrivals-single-handle-water-tap-cold-water-smart-bathroom-chrome-kitchen-sink-basin-faucet-tap\/#primaryimage"},"thumbnailUrl":"https:\/\/www.yoroow.com\/wp-content\/uploads\/2025\/02\/sku\u56fe_3.jpg","datePublished":"2025-02-13T09:50:10+00:00","dateModified":"2025-05-16T01:20:24+00:00","description":"Fancy 304 stainless steel basin taps with metered faucets. Black wash basin tap with brass valve core for schools and hotels. Factory direct supply with export focus on South America and Southeast Asia.","breadcrumb":{"@id":"https:\/\/www.yoroow.com\/fr\/detail-du-produit\/new-arrivals-single-handle-water-tap-cold-water-smart-bathroom-chrome-kitchen-sink-basin-faucet-tap\/#breadcrumb"},"inLanguage":"fr-FR","potentialAction":[{"@type":"ReadAction","target":["https:\/\/www.yoroow.com\/fr\/detail-du-produit\/new-arrivals-single-handle-water-tap-cold-water-smart-bathroom-chrome-kitchen-sink-basin-faucet-tap\/"]}]},{"@type":"ImageObject","inLanguage":"fr-FR","@id":"https:\/\/www.yoroow.com\/fr\/detail-du-produit\/new-arrivals-single-handle-water-tap-cold-water-smart-bathroom-chrome-kitchen-sink-basin-faucet-tap\/#primaryimage","url":"https:\/\/www.yoroow.com\/wp-content\/uploads\/2025\/02\/sku\u56fe_3.jpg","contentUrl":"https:\/\/www.yoroow.com\/wp-content\/uploads\/2025\/02\/sku\u56fe_3.jpg","width":748,"height":748,"caption":"Fancy 304 Stainless Steel Basin Taps Metered Faucets for School Hotel Use Black Wash Basin Tap with Brass Valve Core"},{"@type":"BreadcrumbList","@id":"https:\/\/www.yoroow.com\/fr\/detail-du-produit\/new-arrivals-single-handle-water-tap-cold-water-smart-bathroom-chrome-kitchen-sink-basin-faucet-tap\/#breadcrumb","itemListElement":[{"@type":"ListItem","position":1,"name":"home","item":"https:\/\/www.yoroow.com\/"},{"@type":"ListItem","position":2,"name":"Product","item":"https:\/\/www.yoroow.com\/product\/"},{"@type":"ListItem","position":3,"name":"Fancy 304 Stainless Steel Basin Taps Metered Faucets for School Hotel Use Black Wash Basin Tap with Brass Valve Core"}]},{"@type":"WebSite","@id":"https:\/\/www.yoroow.com\/fr\/#website","url":"https:\/\/www.yoroow.com\/fr\/","name":"YOROOW","description":"","publisher":{"@id":"https:\/\/www.yoroow.com\/fr\/#organization"},"potentialAction":[{"@type":"SearchAction","target":{"@type":"EntryPoint","urlTemplate":"https:\/\/www.yoroow.com\/fr\/?s={search_term_string}"},"query-input":{"@type":"PropertyValueSpecification","valueRequired":true,"valueName":"search_term_string"}}],"inLanguage":"fr-FR"},{"@type":"Organization","@id":"https:\/\/www.yoroow.com\/fr\/#organization","name":"YOROOW","url":"https:\/\/www.yoroow.com\/fr\/","logo":{"@type":"ImageObject","inLanguage":"fr-FR","@id":"https:\/\/www.yoroow.com\/fr\/#\/schema\/logo\/image\/","url":"https:\/\/www.yoroow.com\/wp-content\/uploads\/2024\/12\/2024123007131061.png","contentUrl":"https:\/\/www.yoroow.com\/wp-content\/uploads\/2024\/12\/2024123007131061.png","width":168,"height":27,"caption":"YOROOW"},"image":{"@id":"https:\/\/www.yoroow.com\/fr\/#\/schema\/logo\/image\/"},"sameAs":["https:\/\/www.facebook.com\/people\/yoroowfaucetfactory\/61564236752362\/"]}]}},"_links":{"self":[{"href":"https:\/\/www.yoroow.com\/fr\/wp-json\/wp\/v2\/product\/9989","targetHints":{"allow":["GET"]}}],"collection":[{"href":"https:\/\/www.yoroow.com\/fr\/wp-json\/wp\/v2\/product"}],"about":[{"href":"https:\/\/www.yoroow.com\/fr\/wp-json\/wp\/v2\/types\/product"}],"wp:featuredmedia":[{"embeddable":true,"href":"https:\/\/www.yoroow.com\/fr\/wp-json\/wp\/v2\/media\/9996"}],"wp:attachment":[{"href":"https:\/\/www.yoroow.com\/fr\/wp-json\/wp\/v2\/media?parent=9989"}],"wp:term":[{"taxonomy":"product_brand","embeddable":true,"href":"https:\/\/www.yoroow.com\/fr\/wp-json\/wp\/v2\/product_brand?post=9989"},{"taxonomy":"product_cat","embeddable":true,"href":"https:\/\/www.yoroow.com\/fr\/wp-json\/wp\/v2\/product_cat?post=9989"},{"taxonomy":"product_tag","embeddable":true,"href":"https:\/\/www.yoroow.com\/fr\/wp-json\/wp\/v2\/product_tag?post=9989"}],"curies":[{"name":"wp","href":"https:\/\/api.w.org\/{rel}","templated":true}]}}