{"id":9983,"date":"2025-02-13T17:47:03","date_gmt":"2025-02-13T09:47:03","guid":{"rendered":"https:\/\/www.yoroow.com\/?post_type=product&#038;p=9983"},"modified":"2025-05-16T09:20:22","modified_gmt":"2025-05-16T01:20:22","slug":"robinet-de-salle-de-bain-yoroow-robinet-devier-simple-eau-froide-robinet-de-salle-de-bain-carre-lavabo-robinet-deau","status":"publish","type":"product","link":"https:\/\/www.yoroow.com\/fr\/detail-du-produit\/robinet-de-salle-de-bain-yoroow-robinet-devier-simple-eau-froide-robinet-de-salle-de-bain-carre-lavabo-robinet-deau\/","title":{"rendered":"Robinet de lavabo luxueux en or classique avec valve en c\u00e9ramique pour villa, supermarch\u00e9, centre commercial, appartement, h\u00f4tel, atelier."},"content":{"rendered":"<p>Ce luxueux robinet de lavabo en or classique est dot\u00e9 d'un noyau de soupape en c\u00e9ramique pour un fonctionnement et un contr\u00f4le de l'eau en douceur. Sa conception avec compteur en fait un excellent choix pour les applications d'\u00e9conomie d'eau dans les villas, les supermarch\u00e9s, les centres commerciaux, les appartements, les h\u00f4tels et les ateliers. La finition dor\u00e9e du robinet ajoute une touche luxueuse \u00e0 toute salle de bains ou salle d'eau, ce qui en fait un choix privil\u00e9gi\u00e9 pour les installations haut de gamme. Fabriqu\u00e9 en Chine par une usine r\u00e9put\u00e9e pour son savoir-faire et son souci du d\u00e9tail, ce robinet allie \u00e0 la fois style et praticit\u00e9. Il est tr\u00e8s recherch\u00e9 en Am\u00e9rique du Sud et en Asie du Sud-Est, o\u00f9 la demande d'\u00e9quipements de salle de bains de luxe est en hausse. L'usine propose des options de personnalisation, notamment la gravure de logos, des solutions d'emballage et des modifications de conception, afin de r\u00e9pondre aux besoins sp\u00e9cifiques des march\u00e9s internationaux.<\/p>","protected":false},"excerpt":{"rendered":"<p>Ce luxueux robinet de lavabo en or classique est dot\u00e9 d'un noyau de soupape en c\u00e9ramique pour un fonctionnement et un contr\u00f4le de l'eau en douceur. Sa conception avec compteur en fait un excellent choix pour les applications d'\u00e9conomie d'eau dans les villas, les supermarch\u00e9s, les centres commerciaux, les appartements, les h\u00f4tels et les ateliers. La finition dor\u00e9e du robinet ajoute une touche luxueuse \u00e0 toute salle de bains ou salle d'eau, ce qui en fait un choix privil\u00e9gi\u00e9 pour...<\/p>","protected":false},"featured_media":9804,"template":"","meta":{"_acf_changed":false,"_kad_post_transparent":"default","_kad_post_title":"","_kad_post_layout":"default","_kad_post_sidebar_id":"","_kad_post_content_style":"default","_kad_post_vertical_padding":"default","_kad_post_feature":"","_kad_post_feature_position":"","_kad_post_header":false,"_kad_post_footer":false},"product_brand":[],"product_cat":[219],"product_tag":[3457,3393],"class_list":{"0":"post-9983","1":"product","2":"type-product","3":"status-publish","4":"has-post-thumbnail","6":"product_cat-single-cold-basin-faucet","7":"product_tag-classic-gold-basin-tap","8":"product_tag-luxury-basin-faucet","10":"first","11":"instock","12":"shipping-taxable","13":"purchasable","14":"product-type-variable","15":"wvs-archive-product-wrapper","16":"entry","17":"content-bg","18":"loop-entry"},"acf":[],"yoast_head":"<!-- This site is optimized with the Yoast SEO Premium plugin v25.4 (Yoast SEO v27.0) - https:\/\/yoast.com\/product\/yoast-seo-premium-wordpress\/ -->\n<title>Luxury Classic Gold Basin Tap Ceramic Valve Core Metered Faucet for Villa Supermarket Mall Apartment Hotel Workshop Use - YOROOW<\/title>\n<meta name=\"description\" content=\"Luxury classic gold basin tap with ceramic valve core metered faucet. Suitable for villas, supermarkets, malls, apartments, and hotels. Chinese factory exports focus on South American and Southeast Asian premium markets.\" \/>\n<meta name=\"robots\" content=\"index, follow, max-snippet:-1, max-image-preview:large, max-video-preview:-1\" \/>\n<link rel=\"canonical\" href=\"https:\/\/www.yoroow.com\/fr\/detail-du-produit\/robinet-de-salle-de-bain-yoroow-robinet-devier-simple-eau-froide-robinet-de-salle-de-bain-carre-lavabo-robinet-deau\/\" \/>\n<meta property=\"og:locale\" content=\"fr_FR\" \/>\n<meta property=\"og:type\" content=\"article\" \/>\n<meta property=\"og:title\" content=\"Luxury Classic Gold Basin Tap Ceramic Valve Core Metered Faucet for Villa Supermarket Mall Apartment Hotel Workshop Use\" \/>\n<meta property=\"og:description\" content=\"Luxury classic gold basin tap with ceramic valve core metered faucet. Suitable for villas, supermarkets, malls, apartments, and hotels. Chinese factory exports focus on South American and Southeast Asian premium markets.\" \/>\n<meta property=\"og:url\" content=\"https:\/\/www.yoroow.com\/fr\/detail-du-produit\/robinet-de-salle-de-bain-yoroow-robinet-devier-simple-eau-froide-robinet-de-salle-de-bain-carre-lavabo-robinet-deau\/\" \/>\n<meta property=\"og:site_name\" content=\"YOROOW\" \/>\n<meta property=\"article:publisher\" content=\"https:\/\/www.facebook.com\/people\/yoroowfaucetfactory\/61564236752362\/\" \/>\n<meta property=\"article:modified_time\" content=\"2025-05-16T01:20:22+00:00\" \/>\n<meta property=\"og:image\" content=\"https:\/\/www.yoroow.com\/wp-content\/uploads\/2025\/02\/\u91d1\u8272.jpg\" \/>\n\t<meta property=\"og:image:width\" content=\"694\" \/>\n\t<meta property=\"og:image:height\" content=\"694\" \/>\n\t<meta property=\"og:image:type\" content=\"image\/jpeg\" \/>\n<meta name=\"twitter:card\" content=\"summary_large_image\" \/>\n<meta name=\"twitter:label1\" content=\"Dur\u00e9e de lecture estim\u00e9e\" \/>\n\t<meta name=\"twitter:data1\" content=\"2 minutes\" \/>\n<script type=\"application\/ld+json\" class=\"yoast-schema-graph\">{\"@context\":\"https:\/\/schema.org\",\"@graph\":[{\"@type\":\"WebPage\",\"@id\":\"https:\/\/www.yoroow.com\/fr\/detail-du-produit\/robinet-de-salle-de-bain-yoroow-robinet-devier-simple-eau-froide-robinet-de-salle-de-bain-carre-lavabo-robinet-deau\/\",\"url\":\"https:\/\/www.yoroow.com\/fr\/detail-du-produit\/robinet-de-salle-de-bain-yoroow-robinet-devier-simple-eau-froide-robinet-de-salle-de-bain-carre-lavabo-robinet-deau\/\",\"name\":\"Luxury Classic Gold Basin Tap Ceramic Valve Core Metered Faucet for Villa Supermarket Mall Apartment Hotel Workshop Use - YOROOW\",\"isPartOf\":{\"@id\":\"https:\/\/www.yoroow.com\/fr\/#website\"},\"primaryImageOfPage\":{\"@id\":\"https:\/\/www.yoroow.com\/fr\/detail-du-produit\/robinet-de-salle-de-bain-yoroow-robinet-devier-simple-eau-froide-robinet-de-salle-de-bain-carre-lavabo-robinet-deau\/#primaryimage\"},\"image\":{\"@id\":\"https:\/\/www.yoroow.com\/fr\/detail-du-produit\/robinet-de-salle-de-bain-yoroow-robinet-devier-simple-eau-froide-robinet-de-salle-de-bain-carre-lavabo-robinet-deau\/#primaryimage\"},\"thumbnailUrl\":\"https:\/\/www.yoroow.com\/wp-content\/uploads\/2025\/02\/\u91d1\u8272.jpg\",\"datePublished\":\"2025-02-13T09:47:03+00:00\",\"dateModified\":\"2025-05-16T01:20:22+00:00\",\"description\":\"Luxury classic gold basin tap with ceramic valve core metered faucet. Suitable for villas, supermarkets, malls, apartments, and hotels. Chinese factory exports focus on South American and Southeast Asian premium markets.\",\"breadcrumb\":{\"@id\":\"https:\/\/www.yoroow.com\/fr\/detail-du-produit\/robinet-de-salle-de-bain-yoroow-robinet-devier-simple-eau-froide-robinet-de-salle-de-bain-carre-lavabo-robinet-deau\/#breadcrumb\"},\"inLanguage\":\"fr-FR\",\"potentialAction\":[{\"@type\":\"ReadAction\",\"target\":[\"https:\/\/www.yoroow.com\/fr\/detail-du-produit\/robinet-de-salle-de-bain-yoroow-robinet-devier-simple-eau-froide-robinet-de-salle-de-bain-carre-lavabo-robinet-deau\/\"]}]},{\"@type\":\"ImageObject\",\"inLanguage\":\"fr-FR\",\"@id\":\"https:\/\/www.yoroow.com\/fr\/detail-du-produit\/robinet-de-salle-de-bain-yoroow-robinet-devier-simple-eau-froide-robinet-de-salle-de-bain-carre-lavabo-robinet-deau\/#primaryimage\",\"url\":\"https:\/\/www.yoroow.com\/wp-content\/uploads\/2025\/02\/\u91d1\u8272.jpg\",\"contentUrl\":\"https:\/\/www.yoroow.com\/wp-content\/uploads\/2025\/02\/\u91d1\u8272.jpg\",\"width\":694,\"height\":694,\"caption\":\"Good Price Square Chrome Basin Faucet Zinc Alloy Material Cold Water Tap Ceramic Valve Core Metered Faucets for Villa Hotel Use - 9046A4\"},{\"@type\":\"BreadcrumbList\",\"@id\":\"https:\/\/www.yoroow.com\/fr\/detail-du-produit\/robinet-de-salle-de-bain-yoroow-robinet-devier-simple-eau-froide-robinet-de-salle-de-bain-carre-lavabo-robinet-deau\/#breadcrumb\",\"itemListElement\":[{\"@type\":\"ListItem\",\"position\":1,\"name\":\"home\",\"item\":\"https:\/\/www.yoroow.com\/\"},{\"@type\":\"ListItem\",\"position\":2,\"name\":\"Product\",\"item\":\"https:\/\/www.yoroow.com\/product\/\"},{\"@type\":\"ListItem\",\"position\":3,\"name\":\"Luxury Classic Gold Basin Tap Ceramic Valve Core Metered Faucet for Villa Supermarket Mall Apartment Hotel Workshop Use\"}]},{\"@type\":\"WebSite\",\"@id\":\"https:\/\/www.yoroow.com\/fr\/#website\",\"url\":\"https:\/\/www.yoroow.com\/fr\/\",\"name\":\"YOROOW\",\"description\":\"\",\"publisher\":{\"@id\":\"https:\/\/www.yoroow.com\/fr\/#organization\"},\"potentialAction\":[{\"@type\":\"SearchAction\",\"target\":{\"@type\":\"EntryPoint\",\"urlTemplate\":\"https:\/\/www.yoroow.com\/fr\/?s={search_term_string}\"},\"query-input\":{\"@type\":\"PropertyValueSpecification\",\"valueRequired\":true,\"valueName\":\"search_term_string\"}}],\"inLanguage\":\"fr-FR\"},{\"@type\":\"Organization\",\"@id\":\"https:\/\/www.yoroow.com\/fr\/#organization\",\"name\":\"YOROOW\",\"url\":\"https:\/\/www.yoroow.com\/fr\/\",\"logo\":{\"@type\":\"ImageObject\",\"inLanguage\":\"fr-FR\",\"@id\":\"https:\/\/www.yoroow.com\/fr\/#\/schema\/logo\/image\/\",\"url\":\"https:\/\/www.yoroow.com\/wp-content\/uploads\/2024\/12\/2024123007131061.png\",\"contentUrl\":\"https:\/\/www.yoroow.com\/wp-content\/uploads\/2024\/12\/2024123007131061.png\",\"width\":168,\"height\":27,\"caption\":\"YOROOW\"},\"image\":{\"@id\":\"https:\/\/www.yoroow.com\/fr\/#\/schema\/logo\/image\/\"},\"sameAs\":[\"https:\/\/www.facebook.com\/people\/yoroowfaucetfactory\/61564236752362\/\"]}]}<\/script>\n<!-- \/ Yoast SEO Premium plugin. -->","yoast_head_json":{"title":"Luxury Classic Gold Basin Tap Ceramic Valve Core Metered Faucet for Villa Supermarket Mall Apartment Hotel Workshop Use - YOROOW","description":"Luxury classic gold basin tap with ceramic valve core metered faucet. Suitable for villas, supermarkets, malls, apartments, and hotels. Chinese factory exports focus on South American and Southeast Asian premium markets.","robots":{"index":"index","follow":"follow","max-snippet":"max-snippet:-1","max-image-preview":"max-image-preview:large","max-video-preview":"max-video-preview:-1"},"canonical":"https:\/\/www.yoroow.com\/fr\/detail-du-produit\/robinet-de-salle-de-bain-yoroow-robinet-devier-simple-eau-froide-robinet-de-salle-de-bain-carre-lavabo-robinet-deau\/","og_locale":"fr_FR","og_type":"article","og_title":"Luxury Classic Gold Basin Tap Ceramic Valve Core Metered Faucet for Villa Supermarket Mall Apartment Hotel Workshop Use","og_description":"Luxury classic gold basin tap with ceramic valve core metered faucet. Suitable for villas, supermarkets, malls, apartments, and hotels. Chinese factory exports focus on South American and Southeast Asian premium markets.","og_url":"https:\/\/www.yoroow.com\/fr\/detail-du-produit\/robinet-de-salle-de-bain-yoroow-robinet-devier-simple-eau-froide-robinet-de-salle-de-bain-carre-lavabo-robinet-deau\/","og_site_name":"YOROOW","article_publisher":"https:\/\/www.facebook.com\/people\/yoroowfaucetfactory\/61564236752362\/","article_modified_time":"2025-05-16T01:20:22+00:00","og_image":[{"width":694,"height":694,"url":"https:\/\/www.yoroow.com\/wp-content\/uploads\/2025\/02\/\u91d1\u8272.jpg","type":"image\/jpeg"}],"twitter_card":"summary_large_image","twitter_misc":{"Dur\u00e9e de lecture estim\u00e9e":"2 minutes"},"schema":{"@context":"https:\/\/schema.org","@graph":[{"@type":"WebPage","@id":"https:\/\/www.yoroow.com\/fr\/detail-du-produit\/robinet-de-salle-de-bain-yoroow-robinet-devier-simple-eau-froide-robinet-de-salle-de-bain-carre-lavabo-robinet-deau\/","url":"https:\/\/www.yoroow.com\/fr\/detail-du-produit\/robinet-de-salle-de-bain-yoroow-robinet-devier-simple-eau-froide-robinet-de-salle-de-bain-carre-lavabo-robinet-deau\/","name":"Luxury Classic Gold Basin Tap Ceramic Valve Core Metered Faucet for Villa Supermarket Mall Apartment Hotel Workshop Use - YOROOW","isPartOf":{"@id":"https:\/\/www.yoroow.com\/fr\/#website"},"primaryImageOfPage":{"@id":"https:\/\/www.yoroow.com\/fr\/detail-du-produit\/robinet-de-salle-de-bain-yoroow-robinet-devier-simple-eau-froide-robinet-de-salle-de-bain-carre-lavabo-robinet-deau\/#primaryimage"},"image":{"@id":"https:\/\/www.yoroow.com\/fr\/detail-du-produit\/robinet-de-salle-de-bain-yoroow-robinet-devier-simple-eau-froide-robinet-de-salle-de-bain-carre-lavabo-robinet-deau\/#primaryimage"},"thumbnailUrl":"https:\/\/www.yoroow.com\/wp-content\/uploads\/2025\/02\/\u91d1\u8272.jpg","datePublished":"2025-02-13T09:47:03+00:00","dateModified":"2025-05-16T01:20:22+00:00","description":"Luxury classic gold basin tap with ceramic valve core metered faucet. Suitable for villas, supermarkets, malls, apartments, and hotels. Chinese factory exports focus on South American and Southeast Asian premium markets.","breadcrumb":{"@id":"https:\/\/www.yoroow.com\/fr\/detail-du-produit\/robinet-de-salle-de-bain-yoroow-robinet-devier-simple-eau-froide-robinet-de-salle-de-bain-carre-lavabo-robinet-deau\/#breadcrumb"},"inLanguage":"fr-FR","potentialAction":[{"@type":"ReadAction","target":["https:\/\/www.yoroow.com\/fr\/detail-du-produit\/robinet-de-salle-de-bain-yoroow-robinet-devier-simple-eau-froide-robinet-de-salle-de-bain-carre-lavabo-robinet-deau\/"]}]},{"@type":"ImageObject","inLanguage":"fr-FR","@id":"https:\/\/www.yoroow.com\/fr\/detail-du-produit\/robinet-de-salle-de-bain-yoroow-robinet-devier-simple-eau-froide-robinet-de-salle-de-bain-carre-lavabo-robinet-deau\/#primaryimage","url":"https:\/\/www.yoroow.com\/wp-content\/uploads\/2025\/02\/\u91d1\u8272.jpg","contentUrl":"https:\/\/www.yoroow.com\/wp-content\/uploads\/2025\/02\/\u91d1\u8272.jpg","width":694,"height":694,"caption":"Good Price Square Chrome Basin Faucet Zinc Alloy Material Cold Water Tap Ceramic Valve Core Metered Faucets for Villa Hotel Use - 9046A4"},{"@type":"BreadcrumbList","@id":"https:\/\/www.yoroow.com\/fr\/detail-du-produit\/robinet-de-salle-de-bain-yoroow-robinet-devier-simple-eau-froide-robinet-de-salle-de-bain-carre-lavabo-robinet-deau\/#breadcrumb","itemListElement":[{"@type":"ListItem","position":1,"name":"home","item":"https:\/\/www.yoroow.com\/"},{"@type":"ListItem","position":2,"name":"Product","item":"https:\/\/www.yoroow.com\/product\/"},{"@type":"ListItem","position":3,"name":"Luxury Classic Gold Basin Tap Ceramic Valve Core Metered Faucet for Villa Supermarket Mall Apartment Hotel Workshop Use"}]},{"@type":"WebSite","@id":"https:\/\/www.yoroow.com\/fr\/#website","url":"https:\/\/www.yoroow.com\/fr\/","name":"YOROOW","description":"","publisher":{"@id":"https:\/\/www.yoroow.com\/fr\/#organization"},"potentialAction":[{"@type":"SearchAction","target":{"@type":"EntryPoint","urlTemplate":"https:\/\/www.yoroow.com\/fr\/?s={search_term_string}"},"query-input":{"@type":"PropertyValueSpecification","valueRequired":true,"valueName":"search_term_string"}}],"inLanguage":"fr-FR"},{"@type":"Organization","@id":"https:\/\/www.yoroow.com\/fr\/#organization","name":"YOROOW","url":"https:\/\/www.yoroow.com\/fr\/","logo":{"@type":"ImageObject","inLanguage":"fr-FR","@id":"https:\/\/www.yoroow.com\/fr\/#\/schema\/logo\/image\/","url":"https:\/\/www.yoroow.com\/wp-content\/uploads\/2024\/12\/2024123007131061.png","contentUrl":"https:\/\/www.yoroow.com\/wp-content\/uploads\/2024\/12\/2024123007131061.png","width":168,"height":27,"caption":"YOROOW"},"image":{"@id":"https:\/\/www.yoroow.com\/fr\/#\/schema\/logo\/image\/"},"sameAs":["https:\/\/www.facebook.com\/people\/yoroowfaucetfactory\/61564236752362\/"]}]}},"_links":{"self":[{"href":"https:\/\/www.yoroow.com\/fr\/wp-json\/wp\/v2\/product\/9983","targetHints":{"allow":["GET"]}}],"collection":[{"href":"https:\/\/www.yoroow.com\/fr\/wp-json\/wp\/v2\/product"}],"about":[{"href":"https:\/\/www.yoroow.com\/fr\/wp-json\/wp\/v2\/types\/product"}],"wp:featuredmedia":[{"embeddable":true,"href":"https:\/\/www.yoroow.com\/fr\/wp-json\/wp\/v2\/media\/9804"}],"wp:attachment":[{"href":"https:\/\/www.yoroow.com\/fr\/wp-json\/wp\/v2\/media?parent=9983"}],"wp:term":[{"taxonomy":"product_brand","embeddable":true,"href":"https:\/\/www.yoroow.com\/fr\/wp-json\/wp\/v2\/product_brand?post=9983"},{"taxonomy":"product_cat","embeddable":true,"href":"https:\/\/www.yoroow.com\/fr\/wp-json\/wp\/v2\/product_cat?post=9983"},{"taxonomy":"product_tag","embeddable":true,"href":"https:\/\/www.yoroow.com\/fr\/wp-json\/wp\/v2\/product_tag?post=9983"}],"curies":[{"name":"wp","href":"https:\/\/api.w.org\/{rel}","templated":true}]}}