{"id":9953,"date":"2025-02-13T17:01:50","date_gmt":"2025-02-13T09:01:50","guid":{"rendered":"https:\/\/www.yoroow.com\/?post_type=product&#038;p=9953"},"modified":"2025-05-16T09:19:50","modified_gmt":"2025-05-16T01:19:50","slug":"luxueux-robinet-moderne-en-laiton-gun-greywaterfall-robinet-devier-de-cuisine-flexible-simple-et-froid-robinet-de-douche-de-cuisine","status":"publish","type":"product","link":"https:\/\/www.yoroow.com\/fr\/detail-du-produit\/luxueux-robinet-moderne-en-laiton-gun-greywaterfall-robinet-devier-de-cuisine-flexible-simple-et-froid-robinet-de-douche-de-cuisine\/","title":{"rendered":"Robinet de cuisine mural moderne en laiton Flexible Gun Grey WaterFall Sink Faucet Kitchen Tap Shower Tap Waterfall Design"},"content":{"rendered":"<p>Ce luxueux robinet de cuisine mural en laiton est dot\u00e9 d'un design flexible gris canon, parfait pour ajouter une touche d'\u00e9l\u00e9gance et de fonctionnalit\u00e9 \u00e0 n'importe quelle cuisine. Le design du robinet d'\u00e9vier en cascade assure un \u00e9coulement fluide et ininterrompu de l'eau, cr\u00e9ant une exp\u00e9rience luxueuse \u00e0 chaque utilisation. Gr\u00e2ce \u00e0 sa construction en laiton durable, ce robinet est con\u00e7u pour durer et offre une excellente r\u00e9sistance \u00e0 la corrosion et \u00e0 l'usure. Le robinet est \u00e9quip\u00e9 d'une fonction de douchette pour des options d'\u00e9coulement d'eau polyvalentes, ce qui le rend id\u00e9al pour diverses t\u00e2ches dans la cuisine. Fabriqu\u00e9 en Chine par une usine connue pour son expertise dans la production de robinets de cuisine haut de gamme, ce robinet offre \u00e0 la fois style et praticit\u00e9. Il est particuli\u00e8rement populaire sur les march\u00e9s d'Am\u00e9rique du Sud et d'Asie du Sud-Est, o\u00f9 les \u00e9quipements de cuisine modernes et luxueux sont tr\u00e8s demand\u00e9s. L'usine propose des services OEM pour la personnalisation du design, de l'emballage et de la marque, ce qui en fait le choix id\u00e9al pour l'exportation.<\/p>","protected":false},"excerpt":{"rendered":"<p>Ce luxueux robinet de cuisine mural en laiton est dot\u00e9 d'un design flexible gris canon, parfait pour ajouter une touche d'\u00e9l\u00e9gance et de fonctionnalit\u00e9 \u00e0 n'importe quelle cuisine. Le design du robinet d'\u00e9vier en cascade assure un \u00e9coulement fluide et ininterrompu de l'eau, cr\u00e9ant une exp\u00e9rience luxueuse \u00e0 chaque fois qu'il est utilis\u00e9. Avec une construction en laiton durable, ce robinet est...<\/p>","protected":false},"featured_media":9961,"template":"","meta":{"_acf_changed":false,"_kad_post_transparent":"default","_kad_post_title":"","_kad_post_layout":"default","_kad_post_sidebar_id":"","_kad_post_content_style":"default","_kad_post_vertical_padding":"default","_kad_post_feature":"","_kad_post_feature_position":"","_kad_post_header":false,"_kad_post_footer":false},"product_brand":[],"product_cat":[102,223],"product_tag":[3310,3353],"class_list":{"0":"post-9953","1":"product","2":"type-product","3":"status-publish","4":"has-post-thumbnail","6":"product_cat-kitchen-faucet","7":"product_cat-wall-mounted-kitchen-faucet","8":"product_tag-kitchen-tap-water","9":"product_tag-kitchen-taps-wall-mounted","11":"first","12":"instock","13":"shipping-taxable","14":"purchasable","15":"product-type-variable","16":"wvs-archive-product-wrapper","17":"entry","18":"content-bg","19":"loop-entry"},"acf":[],"yoast_head":"<!-- This site is optimized with the Yoast SEO Premium plugin v25.4 (Yoast SEO v27.0) - https:\/\/yoast.com\/product\/yoast-seo-premium-wordpress\/ -->\n<title>Luxury Modern Brass Wall Mounted Kitchen Faucet Flexible Gun Grey WaterFall Sink Faucet Kitchen Tap Shower Tap Waterfall Design - YOROOW<\/title>\n<meta name=\"description\" content=\"Luxury modern brass wall mounted kitchen faucet with flexible gun grey waterfall design. Sink faucet with shower tap functionality. Made in China and exported to South America and Southeast Asia.\" \/>\n<meta name=\"robots\" content=\"index, follow, max-snippet:-1, max-image-preview:large, max-video-preview:-1\" \/>\n<link rel=\"canonical\" href=\"https:\/\/www.yoroow.com\/fr\/detail-du-produit\/luxueux-robinet-moderne-en-laiton-gun-greywaterfall-robinet-devier-de-cuisine-flexible-simple-et-froid-robinet-de-douche-de-cuisine\/\" \/>\n<meta property=\"og:locale\" content=\"fr_FR\" \/>\n<meta property=\"og:type\" content=\"article\" \/>\n<meta property=\"og:title\" content=\"Luxury Modern Brass Wall Mounted Kitchen Faucet Flexible Gun Grey WaterFall Sink Faucet Kitchen Tap Shower Tap Waterfall Design\" \/>\n<meta property=\"og:description\" content=\"Luxury modern brass wall mounted kitchen faucet with flexible gun grey waterfall design. Sink faucet with shower tap functionality. Made in China and exported to South America and Southeast Asia.\" \/>\n<meta property=\"og:url\" content=\"https:\/\/www.yoroow.com\/fr\/detail-du-produit\/luxueux-robinet-moderne-en-laiton-gun-greywaterfall-robinet-devier-de-cuisine-flexible-simple-et-froid-robinet-de-douche-de-cuisine\/\" \/>\n<meta property=\"og:site_name\" content=\"YOROOW\" \/>\n<meta property=\"article:publisher\" content=\"https:\/\/www.facebook.com\/people\/yoroowfaucetfactory\/61564236752362\/\" \/>\n<meta property=\"article:modified_time\" content=\"2025-05-16T01:19:50+00:00\" \/>\n<meta property=\"og:image\" content=\"https:\/\/www.yoroow.com\/wp-content\/uploads\/2025\/02\/\u4e3b\u56fe_4-scaled.jpg\" \/>\n\t<meta property=\"og:image:width\" content=\"2560\" \/>\n\t<meta property=\"og:image:height\" content=\"2560\" \/>\n\t<meta property=\"og:image:type\" content=\"image\/jpeg\" \/>\n<meta name=\"twitter:card\" content=\"summary_large_image\" \/>\n<meta name=\"twitter:label1\" content=\"Dur\u00e9e de lecture estim\u00e9e\" \/>\n\t<meta name=\"twitter:data1\" content=\"2 minutes\" \/>\n<script type=\"application\/ld+json\" class=\"yoast-schema-graph\">{\"@context\":\"https:\/\/schema.org\",\"@graph\":[{\"@type\":\"WebPage\",\"@id\":\"https:\/\/www.yoroow.com\/fr\/detail-du-produit\/luxueux-robinet-moderne-en-laiton-gun-greywaterfall-robinet-devier-de-cuisine-flexible-simple-et-froid-robinet-de-douche-de-cuisine\/\",\"url\":\"https:\/\/www.yoroow.com\/fr\/detail-du-produit\/luxueux-robinet-moderne-en-laiton-gun-greywaterfall-robinet-devier-de-cuisine-flexible-simple-et-froid-robinet-de-douche-de-cuisine\/\",\"name\":\"Luxury Modern Brass Wall Mounted Kitchen Faucet Flexible Gun Grey WaterFall Sink Faucet Kitchen Tap Shower Tap Waterfall Design - YOROOW\",\"isPartOf\":{\"@id\":\"https:\/\/www.yoroow.com\/fr\/#website\"},\"primaryImageOfPage\":{\"@id\":\"https:\/\/www.yoroow.com\/fr\/detail-du-produit\/luxueux-robinet-moderne-en-laiton-gun-greywaterfall-robinet-devier-de-cuisine-flexible-simple-et-froid-robinet-de-douche-de-cuisine\/#primaryimage\"},\"image\":{\"@id\":\"https:\/\/www.yoroow.com\/fr\/detail-du-produit\/luxueux-robinet-moderne-en-laiton-gun-greywaterfall-robinet-devier-de-cuisine-flexible-simple-et-froid-robinet-de-douche-de-cuisine\/#primaryimage\"},\"thumbnailUrl\":\"https:\/\/www.yoroow.com\/wp-content\/uploads\/2025\/02\/\u4e3b\u56fe_4-scaled.jpg\",\"datePublished\":\"2025-02-13T09:01:50+00:00\",\"dateModified\":\"2025-05-16T01:19:50+00:00\",\"description\":\"Luxury modern brass wall mounted kitchen faucet with flexible gun grey waterfall design. Sink faucet with shower tap functionality. Made in China and exported to South America and Southeast Asia.\",\"breadcrumb\":{\"@id\":\"https:\/\/www.yoroow.com\/fr\/detail-du-produit\/luxueux-robinet-moderne-en-laiton-gun-greywaterfall-robinet-devier-de-cuisine-flexible-simple-et-froid-robinet-de-douche-de-cuisine\/#breadcrumb\"},\"inLanguage\":\"fr-FR\",\"potentialAction\":[{\"@type\":\"ReadAction\",\"target\":[\"https:\/\/www.yoroow.com\/fr\/detail-du-produit\/luxueux-robinet-moderne-en-laiton-gun-greywaterfall-robinet-devier-de-cuisine-flexible-simple-et-froid-robinet-de-douche-de-cuisine\/\"]}]},{\"@type\":\"ImageObject\",\"inLanguage\":\"fr-FR\",\"@id\":\"https:\/\/www.yoroow.com\/fr\/detail-du-produit\/luxueux-robinet-moderne-en-laiton-gun-greywaterfall-robinet-devier-de-cuisine-flexible-simple-et-froid-robinet-de-douche-de-cuisine\/#primaryimage\",\"url\":\"https:\/\/www.yoroow.com\/wp-content\/uploads\/2025\/02\/\u4e3b\u56fe_4-scaled.jpg\",\"contentUrl\":\"https:\/\/www.yoroow.com\/wp-content\/uploads\/2025\/02\/\u4e3b\u56fe_4-scaled.jpg\",\"width\":2560,\"height\":2560,\"caption\":\"Luxury Modern Brass Wall Mounted Kitchen Faucet Flexible Gun Grey WaterFall Sink Faucet Kitchen Tap Shower Tap Waterfall Design\"},{\"@type\":\"BreadcrumbList\",\"@id\":\"https:\/\/www.yoroow.com\/fr\/detail-du-produit\/luxueux-robinet-moderne-en-laiton-gun-greywaterfall-robinet-devier-de-cuisine-flexible-simple-et-froid-robinet-de-douche-de-cuisine\/#breadcrumb\",\"itemListElement\":[{\"@type\":\"ListItem\",\"position\":1,\"name\":\"home\",\"item\":\"https:\/\/www.yoroow.com\/\"},{\"@type\":\"ListItem\",\"position\":2,\"name\":\"Product\",\"item\":\"https:\/\/www.yoroow.com\/product\/\"},{\"@type\":\"ListItem\",\"position\":3,\"name\":\"Luxury Modern Brass Wall Mounted Kitchen Faucet Flexible Gun Grey WaterFall Sink Faucet Kitchen Tap Shower Tap Waterfall Design\"}]},{\"@type\":\"WebSite\",\"@id\":\"https:\/\/www.yoroow.com\/fr\/#website\",\"url\":\"https:\/\/www.yoroow.com\/fr\/\",\"name\":\"YOROOW\",\"description\":\"\",\"publisher\":{\"@id\":\"https:\/\/www.yoroow.com\/fr\/#organization\"},\"potentialAction\":[{\"@type\":\"SearchAction\",\"target\":{\"@type\":\"EntryPoint\",\"urlTemplate\":\"https:\/\/www.yoroow.com\/fr\/?s={search_term_string}\"},\"query-input\":{\"@type\":\"PropertyValueSpecification\",\"valueRequired\":true,\"valueName\":\"search_term_string\"}}],\"inLanguage\":\"fr-FR\"},{\"@type\":\"Organization\",\"@id\":\"https:\/\/www.yoroow.com\/fr\/#organization\",\"name\":\"YOROOW\",\"url\":\"https:\/\/www.yoroow.com\/fr\/\",\"logo\":{\"@type\":\"ImageObject\",\"inLanguage\":\"fr-FR\",\"@id\":\"https:\/\/www.yoroow.com\/fr\/#\/schema\/logo\/image\/\",\"url\":\"https:\/\/www.yoroow.com\/wp-content\/uploads\/2024\/12\/2024123007131061.png\",\"contentUrl\":\"https:\/\/www.yoroow.com\/wp-content\/uploads\/2024\/12\/2024123007131061.png\",\"width\":168,\"height\":27,\"caption\":\"YOROOW\"},\"image\":{\"@id\":\"https:\/\/www.yoroow.com\/fr\/#\/schema\/logo\/image\/\"},\"sameAs\":[\"https:\/\/www.facebook.com\/people\/yoroowfaucetfactory\/61564236752362\/\"]}]}<\/script>\n<!-- \/ Yoast SEO Premium plugin. -->","yoast_head_json":{"title":"Luxury Modern Brass Wall Mounted Kitchen Faucet Flexible Gun Grey WaterFall Sink Faucet Kitchen Tap Shower Tap Waterfall Design - YOROOW","description":"Luxury modern brass wall mounted kitchen faucet with flexible gun grey waterfall design. Sink faucet with shower tap functionality. Made in China and exported to South America and Southeast Asia.","robots":{"index":"index","follow":"follow","max-snippet":"max-snippet:-1","max-image-preview":"max-image-preview:large","max-video-preview":"max-video-preview:-1"},"canonical":"https:\/\/www.yoroow.com\/fr\/detail-du-produit\/luxueux-robinet-moderne-en-laiton-gun-greywaterfall-robinet-devier-de-cuisine-flexible-simple-et-froid-robinet-de-douche-de-cuisine\/","og_locale":"fr_FR","og_type":"article","og_title":"Luxury Modern Brass Wall Mounted Kitchen Faucet Flexible Gun Grey WaterFall Sink Faucet Kitchen Tap Shower Tap Waterfall Design","og_description":"Luxury modern brass wall mounted kitchen faucet with flexible gun grey waterfall design. Sink faucet with shower tap functionality. Made in China and exported to South America and Southeast Asia.","og_url":"https:\/\/www.yoroow.com\/fr\/detail-du-produit\/luxueux-robinet-moderne-en-laiton-gun-greywaterfall-robinet-devier-de-cuisine-flexible-simple-et-froid-robinet-de-douche-de-cuisine\/","og_site_name":"YOROOW","article_publisher":"https:\/\/www.facebook.com\/people\/yoroowfaucetfactory\/61564236752362\/","article_modified_time":"2025-05-16T01:19:50+00:00","og_image":[{"width":2560,"height":2560,"url":"https:\/\/www.yoroow.com\/wp-content\/uploads\/2025\/02\/\u4e3b\u56fe_4-scaled.jpg","type":"image\/jpeg"}],"twitter_card":"summary_large_image","twitter_misc":{"Dur\u00e9e de lecture estim\u00e9e":"2 minutes"},"schema":{"@context":"https:\/\/schema.org","@graph":[{"@type":"WebPage","@id":"https:\/\/www.yoroow.com\/fr\/detail-du-produit\/luxueux-robinet-moderne-en-laiton-gun-greywaterfall-robinet-devier-de-cuisine-flexible-simple-et-froid-robinet-de-douche-de-cuisine\/","url":"https:\/\/www.yoroow.com\/fr\/detail-du-produit\/luxueux-robinet-moderne-en-laiton-gun-greywaterfall-robinet-devier-de-cuisine-flexible-simple-et-froid-robinet-de-douche-de-cuisine\/","name":"Luxury Modern Brass Wall Mounted Kitchen Faucet Flexible Gun Grey WaterFall Sink Faucet Kitchen Tap Shower Tap Waterfall Design - YOROOW","isPartOf":{"@id":"https:\/\/www.yoroow.com\/fr\/#website"},"primaryImageOfPage":{"@id":"https:\/\/www.yoroow.com\/fr\/detail-du-produit\/luxueux-robinet-moderne-en-laiton-gun-greywaterfall-robinet-devier-de-cuisine-flexible-simple-et-froid-robinet-de-douche-de-cuisine\/#primaryimage"},"image":{"@id":"https:\/\/www.yoroow.com\/fr\/detail-du-produit\/luxueux-robinet-moderne-en-laiton-gun-greywaterfall-robinet-devier-de-cuisine-flexible-simple-et-froid-robinet-de-douche-de-cuisine\/#primaryimage"},"thumbnailUrl":"https:\/\/www.yoroow.com\/wp-content\/uploads\/2025\/02\/\u4e3b\u56fe_4-scaled.jpg","datePublished":"2025-02-13T09:01:50+00:00","dateModified":"2025-05-16T01:19:50+00:00","description":"Luxury modern brass wall mounted kitchen faucet with flexible gun grey waterfall design. Sink faucet with shower tap functionality. Made in China and exported to South America and Southeast Asia.","breadcrumb":{"@id":"https:\/\/www.yoroow.com\/fr\/detail-du-produit\/luxueux-robinet-moderne-en-laiton-gun-greywaterfall-robinet-devier-de-cuisine-flexible-simple-et-froid-robinet-de-douche-de-cuisine\/#breadcrumb"},"inLanguage":"fr-FR","potentialAction":[{"@type":"ReadAction","target":["https:\/\/www.yoroow.com\/fr\/detail-du-produit\/luxueux-robinet-moderne-en-laiton-gun-greywaterfall-robinet-devier-de-cuisine-flexible-simple-et-froid-robinet-de-douche-de-cuisine\/"]}]},{"@type":"ImageObject","inLanguage":"fr-FR","@id":"https:\/\/www.yoroow.com\/fr\/detail-du-produit\/luxueux-robinet-moderne-en-laiton-gun-greywaterfall-robinet-devier-de-cuisine-flexible-simple-et-froid-robinet-de-douche-de-cuisine\/#primaryimage","url":"https:\/\/www.yoroow.com\/wp-content\/uploads\/2025\/02\/\u4e3b\u56fe_4-scaled.jpg","contentUrl":"https:\/\/www.yoroow.com\/wp-content\/uploads\/2025\/02\/\u4e3b\u56fe_4-scaled.jpg","width":2560,"height":2560,"caption":"Luxury Modern Brass Wall Mounted Kitchen Faucet Flexible Gun Grey WaterFall Sink Faucet Kitchen Tap Shower Tap Waterfall Design"},{"@type":"BreadcrumbList","@id":"https:\/\/www.yoroow.com\/fr\/detail-du-produit\/luxueux-robinet-moderne-en-laiton-gun-greywaterfall-robinet-devier-de-cuisine-flexible-simple-et-froid-robinet-de-douche-de-cuisine\/#breadcrumb","itemListElement":[{"@type":"ListItem","position":1,"name":"home","item":"https:\/\/www.yoroow.com\/"},{"@type":"ListItem","position":2,"name":"Product","item":"https:\/\/www.yoroow.com\/product\/"},{"@type":"ListItem","position":3,"name":"Luxury Modern Brass Wall Mounted Kitchen Faucet Flexible Gun Grey WaterFall Sink Faucet Kitchen Tap Shower Tap Waterfall Design"}]},{"@type":"WebSite","@id":"https:\/\/www.yoroow.com\/fr\/#website","url":"https:\/\/www.yoroow.com\/fr\/","name":"YOROOW","description":"","publisher":{"@id":"https:\/\/www.yoroow.com\/fr\/#organization"},"potentialAction":[{"@type":"SearchAction","target":{"@type":"EntryPoint","urlTemplate":"https:\/\/www.yoroow.com\/fr\/?s={search_term_string}"},"query-input":{"@type":"PropertyValueSpecification","valueRequired":true,"valueName":"search_term_string"}}],"inLanguage":"fr-FR"},{"@type":"Organization","@id":"https:\/\/www.yoroow.com\/fr\/#organization","name":"YOROOW","url":"https:\/\/www.yoroow.com\/fr\/","logo":{"@type":"ImageObject","inLanguage":"fr-FR","@id":"https:\/\/www.yoroow.com\/fr\/#\/schema\/logo\/image\/","url":"https:\/\/www.yoroow.com\/wp-content\/uploads\/2024\/12\/2024123007131061.png","contentUrl":"https:\/\/www.yoroow.com\/wp-content\/uploads\/2024\/12\/2024123007131061.png","width":168,"height":27,"caption":"YOROOW"},"image":{"@id":"https:\/\/www.yoroow.com\/fr\/#\/schema\/logo\/image\/"},"sameAs":["https:\/\/www.facebook.com\/people\/yoroowfaucetfactory\/61564236752362\/"]}]}},"_links":{"self":[{"href":"https:\/\/www.yoroow.com\/fr\/wp-json\/wp\/v2\/product\/9953","targetHints":{"allow":["GET"]}}],"collection":[{"href":"https:\/\/www.yoroow.com\/fr\/wp-json\/wp\/v2\/product"}],"about":[{"href":"https:\/\/www.yoroow.com\/fr\/wp-json\/wp\/v2\/types\/product"}],"wp:featuredmedia":[{"embeddable":true,"href":"https:\/\/www.yoroow.com\/fr\/wp-json\/wp\/v2\/media\/9961"}],"wp:attachment":[{"href":"https:\/\/www.yoroow.com\/fr\/wp-json\/wp\/v2\/media?parent=9953"}],"wp:term":[{"taxonomy":"product_brand","embeddable":true,"href":"https:\/\/www.yoroow.com\/fr\/wp-json\/wp\/v2\/product_brand?post=9953"},{"taxonomy":"product_cat","embeddable":true,"href":"https:\/\/www.yoroow.com\/fr\/wp-json\/wp\/v2\/product_cat?post=9953"},{"taxonomy":"product_tag","embeddable":true,"href":"https:\/\/www.yoroow.com\/fr\/wp-json\/wp\/v2\/product_tag?post=9953"}],"curies":[{"name":"wp","href":"https:\/\/api.w.org\/{rel}","templated":true}]}}