{"id":9925,"date":"2025-02-13T15:30:31","date_gmt":"2025-02-13T07:30:31","guid":{"rendered":"https:\/\/www.yoroow.com\/?post_type=product&#038;p=9925"},"modified":"2025-05-16T09:19:46","modified_gmt":"2025-05-16T01:19:46","slug":"yoroow-stainless-steel-handheld-high-pressure-showerhead-handheld-bathroom-liquid-silicon-nozzle-hand-stainless-steel","status":"publish","type":"product","link":"https:\/\/www.yoroow.com\/fr\/detail-du-produit\/yoroow-stainless-steel-handheld-high-pressure-showerhead-handheld-bathroom-liquid-silicon-nozzle-hand-stainless-steel\/","title":{"rendered":"Shattaf Stainless Steel Handheld High Pressure Showerhead Bath Robot Trim Bath Shower (douchette \u00e0 main haute pression en acier inoxydable)"},"content":{"rendered":"<p>Cette douchette \u00e0 main Shattaf en acier inoxydable de haute qualit\u00e9 est con\u00e7ue pour fournir un d\u00e9bit d'eau \u00e0 haute pression, ce qui la rend parfaite pour les salles de bains qui exigent des performances puissantes. Elle pr\u00e9sente un design \u00e9l\u00e9gant, avec une construction en acier inoxydable qui garantit \u00e0 la fois la durabilit\u00e9 et la r\u00e9sistance \u00e0 la corrosion. La fonction de douchette permet une plus grande flexibilit\u00e9 et une plus grande facilit\u00e9 d'utilisation, tandis que le syst\u00e8me \u00e0 haute pression garantit une exp\u00e9rience de douche satisfaisante. La garniture du robinet est con\u00e7ue pour s'adapter \u00e0 diff\u00e9rents d\u00e9cors de salle de bains, offrant \u00e0 la fois praticit\u00e9 et style. Fabriqu\u00e9 en Chine par une usine reconnue pour son expertise dans la production d'appareils sanitaires de haute performance, ce produit b\u00e9n\u00e9ficie de processus de fabrication avanc\u00e9s qui garantissent des r\u00e9sultats de qualit\u00e9 sup\u00e9rieure. Cette pomme de douche est particuli\u00e8rement populaire en Am\u00e9rique du Sud et en Asie du Sud-Est, o\u00f9 la demande d'appareils sanitaires durables et performants est \u00e9lev\u00e9e. L'usine propose des services OEM, notamment la personnalisation de la marque, de l'emballage et du design, afin de r\u00e9pondre aux besoins sp\u00e9cifiques des march\u00e9s internationaux.<\/p>","protected":false},"excerpt":{"rendered":"<p>This high-quality Shattaf stainless steel handheld showerhead is designed to provide high-pressure water flow, making it perfect for bathrooms that require powerful performance. It features a sleek design, with a stainless steel construction ensuring both durability and resistance to corrosion. The handheld feature allows for greater flexibility and ease of use, while the high-pressure system\u2026<\/p>","protected":false},"featured_media":9927,"template":"","meta":{"_acf_changed":false,"_kad_post_transparent":"default","_kad_post_title":"","_kad_post_layout":"default","_kad_post_sidebar_id":"","_kad_post_content_style":"default","_kad_post_vertical_padding":"default","_kad_post_feature":"","_kad_post_feature_position":"","_kad_post_header":false,"_kad_post_footer":false},"product_brand":[],"product_cat":[236],"product_tag":[5262,5284],"class_list":{"0":"post-9925","1":"product","2":"type-product","3":"status-publish","4":"has-post-thumbnail","6":"product_cat-shower-head-hand","7":"product_tag-basin-faucet-with-shattaf-shower","8":"product_tag-shower-hand-held-trim","10":"first","11":"instock","12":"shipping-taxable","13":"product-type-simple","14":"entry","15":"content-bg","16":"loop-entry"},"acf":[],"yoast_head":"<!-- This site is optimized with the Yoast SEO Premium plugin v25.4 (Yoast SEO v27.0) - https:\/\/yoast.com\/product\/yoast-seo-premium-wordpress\/ -->\n<title>High-quality Shattaf Stainless Steel Handheld High Pressure Showerhead Bathroom Faucet Trim Bath Shower - YOROOW<\/title>\n<meta name=\"description\" content=\"High-quality shattaf stainless steel handheld high-pressure showerhead. Suitable for bathroom faucet trim and bath showers. Factory direct exports serve South American and Southeast Asian customers.\" \/>\n<meta name=\"robots\" content=\"index, follow, max-snippet:-1, max-image-preview:large, max-video-preview:-1\" \/>\n<link rel=\"canonical\" href=\"https:\/\/www.yoroow.com\/fr\/detail-du-produit\/yoroow-stainless-steel-handheld-high-pressure-showerhead-handheld-bathroom-liquid-silicon-nozzle-hand-stainless-steel\/\" \/>\n<meta property=\"og:locale\" content=\"fr_FR\" \/>\n<meta property=\"og:type\" content=\"article\" \/>\n<meta property=\"og:title\" content=\"High-quality Shattaf Stainless Steel Handheld High Pressure Showerhead Bathroom Faucet Trim Bath Shower\" \/>\n<meta property=\"og:description\" content=\"High-quality shattaf stainless steel handheld high-pressure showerhead. Suitable for bathroom faucet trim and bath showers. Factory direct exports serve South American and Southeast Asian customers.\" \/>\n<meta property=\"og:url\" content=\"https:\/\/www.yoroow.com\/fr\/detail-du-produit\/yoroow-stainless-steel-handheld-high-pressure-showerhead-handheld-bathroom-liquid-silicon-nozzle-hand-stainless-steel\/\" \/>\n<meta property=\"og:site_name\" content=\"YOROOW\" \/>\n<meta property=\"article:publisher\" content=\"https:\/\/www.facebook.com\/people\/yoroowfaucetfactory\/61564236752362\/\" \/>\n<meta property=\"article:modified_time\" content=\"2025-05-16T01:19:46+00:00\" \/>\n<meta property=\"og:image\" content=\"https:\/\/www.yoroow.com\/wp-content\/uploads\/2025\/02\/HS-3307-5.webp\" \/>\n\t<meta property=\"og:image:width\" content=\"1000\" \/>\n\t<meta property=\"og:image:height\" content=\"1000\" \/>\n\t<meta property=\"og:image:type\" content=\"image\/webp\" \/>\n<meta name=\"twitter:card\" content=\"summary_large_image\" \/>\n<meta name=\"twitter:label1\" content=\"Dur\u00e9e de lecture estim\u00e9e\" \/>\n\t<meta name=\"twitter:data1\" content=\"1 minute\" \/>\n<script type=\"application\/ld+json\" class=\"yoast-schema-graph\">{\"@context\":\"https:\/\/schema.org\",\"@graph\":[{\"@type\":\"WebPage\",\"@id\":\"https:\/\/www.yoroow.com\/fr\/detail-du-produit\/yoroow-stainless-steel-handheld-high-pressure-showerhead-handheld-bathroom-liquid-silicon-nozzle-hand-stainless-steel\/\",\"url\":\"https:\/\/www.yoroow.com\/fr\/detail-du-produit\/yoroow-stainless-steel-handheld-high-pressure-showerhead-handheld-bathroom-liquid-silicon-nozzle-hand-stainless-steel\/\",\"name\":\"High-quality Shattaf Stainless Steel Handheld High Pressure Showerhead Bathroom Faucet Trim Bath Shower - YOROOW\",\"isPartOf\":{\"@id\":\"https:\/\/www.yoroow.com\/fr\/#website\"},\"primaryImageOfPage\":{\"@id\":\"https:\/\/www.yoroow.com\/fr\/detail-du-produit\/yoroow-stainless-steel-handheld-high-pressure-showerhead-handheld-bathroom-liquid-silicon-nozzle-hand-stainless-steel\/#primaryimage\"},\"image\":{\"@id\":\"https:\/\/www.yoroow.com\/fr\/detail-du-produit\/yoroow-stainless-steel-handheld-high-pressure-showerhead-handheld-bathroom-liquid-silicon-nozzle-hand-stainless-steel\/#primaryimage\"},\"thumbnailUrl\":\"https:\/\/www.yoroow.com\/wp-content\/uploads\/2025\/02\/HS-3307-5.webp\",\"datePublished\":\"2025-02-13T07:30:31+00:00\",\"dateModified\":\"2025-05-16T01:19:46+00:00\",\"description\":\"High-quality shattaf stainless steel handheld high-pressure showerhead. Suitable for bathroom faucet trim and bath showers. Factory direct exports serve South American and Southeast Asian customers.\",\"breadcrumb\":{\"@id\":\"https:\/\/www.yoroow.com\/fr\/detail-du-produit\/yoroow-stainless-steel-handheld-high-pressure-showerhead-handheld-bathroom-liquid-silicon-nozzle-hand-stainless-steel\/#breadcrumb\"},\"inLanguage\":\"fr-FR\",\"potentialAction\":[{\"@type\":\"ReadAction\",\"target\":[\"https:\/\/www.yoroow.com\/fr\/detail-du-produit\/yoroow-stainless-steel-handheld-high-pressure-showerhead-handheld-bathroom-liquid-silicon-nozzle-hand-stainless-steel\/\"]}]},{\"@type\":\"ImageObject\",\"inLanguage\":\"fr-FR\",\"@id\":\"https:\/\/www.yoroow.com\/fr\/detail-du-produit\/yoroow-stainless-steel-handheld-high-pressure-showerhead-handheld-bathroom-liquid-silicon-nozzle-hand-stainless-steel\/#primaryimage\",\"url\":\"https:\/\/www.yoroow.com\/wp-content\/uploads\/2025\/02\/HS-3307-5.webp\",\"contentUrl\":\"https:\/\/www.yoroow.com\/wp-content\/uploads\/2025\/02\/HS-3307-5.webp\",\"width\":1000,\"height\":1000,\"caption\":\"High-quality Shattaf Stainless Steel Handheld High Pressure Showerhead Bathroom Faucet Trim Bath Shower\"},{\"@type\":\"BreadcrumbList\",\"@id\":\"https:\/\/www.yoroow.com\/fr\/detail-du-produit\/yoroow-stainless-steel-handheld-high-pressure-showerhead-handheld-bathroom-liquid-silicon-nozzle-hand-stainless-steel\/#breadcrumb\",\"itemListElement\":[{\"@type\":\"ListItem\",\"position\":1,\"name\":\"home\",\"item\":\"https:\/\/www.yoroow.com\/\"},{\"@type\":\"ListItem\",\"position\":2,\"name\":\"Product\",\"item\":\"https:\/\/www.yoroow.com\/product\/\"},{\"@type\":\"ListItem\",\"position\":3,\"name\":\"High-quality Shattaf Stainless Steel Handheld High Pressure Showerhead Bathroom Faucet Trim Bath Shower\"}]},{\"@type\":\"WebSite\",\"@id\":\"https:\/\/www.yoroow.com\/fr\/#website\",\"url\":\"https:\/\/www.yoroow.com\/fr\/\",\"name\":\"YOROOW\",\"description\":\"\",\"publisher\":{\"@id\":\"https:\/\/www.yoroow.com\/fr\/#organization\"},\"potentialAction\":[{\"@type\":\"SearchAction\",\"target\":{\"@type\":\"EntryPoint\",\"urlTemplate\":\"https:\/\/www.yoroow.com\/fr\/?s={search_term_string}\"},\"query-input\":{\"@type\":\"PropertyValueSpecification\",\"valueRequired\":true,\"valueName\":\"search_term_string\"}}],\"inLanguage\":\"fr-FR\"},{\"@type\":\"Organization\",\"@id\":\"https:\/\/www.yoroow.com\/fr\/#organization\",\"name\":\"YOROOW\",\"url\":\"https:\/\/www.yoroow.com\/fr\/\",\"logo\":{\"@type\":\"ImageObject\",\"inLanguage\":\"fr-FR\",\"@id\":\"https:\/\/www.yoroow.com\/fr\/#\/schema\/logo\/image\/\",\"url\":\"https:\/\/www.yoroow.com\/wp-content\/uploads\/2024\/12\/2024123007131061.png\",\"contentUrl\":\"https:\/\/www.yoroow.com\/wp-content\/uploads\/2024\/12\/2024123007131061.png\",\"width\":168,\"height\":27,\"caption\":\"YOROOW\"},\"image\":{\"@id\":\"https:\/\/www.yoroow.com\/fr\/#\/schema\/logo\/image\/\"},\"sameAs\":[\"https:\/\/www.facebook.com\/people\/yoroowfaucetfactory\/61564236752362\/\"]}]}<\/script>\n<!-- \/ Yoast SEO Premium plugin. -->","yoast_head_json":{"title":"High-quality Shattaf Stainless Steel Handheld High Pressure Showerhead Bathroom Faucet Trim Bath Shower - YOROOW","description":"High-quality shattaf stainless steel handheld high-pressure showerhead. Suitable for bathroom faucet trim and bath showers. Factory direct exports serve South American and Southeast Asian customers.","robots":{"index":"index","follow":"follow","max-snippet":"max-snippet:-1","max-image-preview":"max-image-preview:large","max-video-preview":"max-video-preview:-1"},"canonical":"https:\/\/www.yoroow.com\/fr\/detail-du-produit\/yoroow-stainless-steel-handheld-high-pressure-showerhead-handheld-bathroom-liquid-silicon-nozzle-hand-stainless-steel\/","og_locale":"fr_FR","og_type":"article","og_title":"High-quality Shattaf Stainless Steel Handheld High Pressure Showerhead Bathroom Faucet Trim Bath Shower","og_description":"High-quality shattaf stainless steel handheld high-pressure showerhead. Suitable for bathroom faucet trim and bath showers. Factory direct exports serve South American and Southeast Asian customers.","og_url":"https:\/\/www.yoroow.com\/fr\/detail-du-produit\/yoroow-stainless-steel-handheld-high-pressure-showerhead-handheld-bathroom-liquid-silicon-nozzle-hand-stainless-steel\/","og_site_name":"YOROOW","article_publisher":"https:\/\/www.facebook.com\/people\/yoroowfaucetfactory\/61564236752362\/","article_modified_time":"2025-05-16T01:19:46+00:00","og_image":[{"width":1000,"height":1000,"url":"https:\/\/www.yoroow.com\/wp-content\/uploads\/2025\/02\/HS-3307-5.webp","type":"image\/webp"}],"twitter_card":"summary_large_image","twitter_misc":{"Dur\u00e9e de lecture estim\u00e9e":"1 minute"},"schema":{"@context":"https:\/\/schema.org","@graph":[{"@type":"WebPage","@id":"https:\/\/www.yoroow.com\/fr\/detail-du-produit\/yoroow-stainless-steel-handheld-high-pressure-showerhead-handheld-bathroom-liquid-silicon-nozzle-hand-stainless-steel\/","url":"https:\/\/www.yoroow.com\/fr\/detail-du-produit\/yoroow-stainless-steel-handheld-high-pressure-showerhead-handheld-bathroom-liquid-silicon-nozzle-hand-stainless-steel\/","name":"High-quality Shattaf Stainless Steel Handheld High Pressure Showerhead Bathroom Faucet Trim Bath Shower - YOROOW","isPartOf":{"@id":"https:\/\/www.yoroow.com\/fr\/#website"},"primaryImageOfPage":{"@id":"https:\/\/www.yoroow.com\/fr\/detail-du-produit\/yoroow-stainless-steel-handheld-high-pressure-showerhead-handheld-bathroom-liquid-silicon-nozzle-hand-stainless-steel\/#primaryimage"},"image":{"@id":"https:\/\/www.yoroow.com\/fr\/detail-du-produit\/yoroow-stainless-steel-handheld-high-pressure-showerhead-handheld-bathroom-liquid-silicon-nozzle-hand-stainless-steel\/#primaryimage"},"thumbnailUrl":"https:\/\/www.yoroow.com\/wp-content\/uploads\/2025\/02\/HS-3307-5.webp","datePublished":"2025-02-13T07:30:31+00:00","dateModified":"2025-05-16T01:19:46+00:00","description":"High-quality shattaf stainless steel handheld high-pressure showerhead. Suitable for bathroom faucet trim and bath showers. Factory direct exports serve South American and Southeast Asian customers.","breadcrumb":{"@id":"https:\/\/www.yoroow.com\/fr\/detail-du-produit\/yoroow-stainless-steel-handheld-high-pressure-showerhead-handheld-bathroom-liquid-silicon-nozzle-hand-stainless-steel\/#breadcrumb"},"inLanguage":"fr-FR","potentialAction":[{"@type":"ReadAction","target":["https:\/\/www.yoroow.com\/fr\/detail-du-produit\/yoroow-stainless-steel-handheld-high-pressure-showerhead-handheld-bathroom-liquid-silicon-nozzle-hand-stainless-steel\/"]}]},{"@type":"ImageObject","inLanguage":"fr-FR","@id":"https:\/\/www.yoroow.com\/fr\/detail-du-produit\/yoroow-stainless-steel-handheld-high-pressure-showerhead-handheld-bathroom-liquid-silicon-nozzle-hand-stainless-steel\/#primaryimage","url":"https:\/\/www.yoroow.com\/wp-content\/uploads\/2025\/02\/HS-3307-5.webp","contentUrl":"https:\/\/www.yoroow.com\/wp-content\/uploads\/2025\/02\/HS-3307-5.webp","width":1000,"height":1000,"caption":"High-quality Shattaf Stainless Steel Handheld High Pressure Showerhead Bathroom Faucet Trim Bath Shower"},{"@type":"BreadcrumbList","@id":"https:\/\/www.yoroow.com\/fr\/detail-du-produit\/yoroow-stainless-steel-handheld-high-pressure-showerhead-handheld-bathroom-liquid-silicon-nozzle-hand-stainless-steel\/#breadcrumb","itemListElement":[{"@type":"ListItem","position":1,"name":"home","item":"https:\/\/www.yoroow.com\/"},{"@type":"ListItem","position":2,"name":"Product","item":"https:\/\/www.yoroow.com\/product\/"},{"@type":"ListItem","position":3,"name":"High-quality Shattaf Stainless Steel Handheld High Pressure Showerhead Bathroom Faucet Trim Bath Shower"}]},{"@type":"WebSite","@id":"https:\/\/www.yoroow.com\/fr\/#website","url":"https:\/\/www.yoroow.com\/fr\/","name":"YOROOW","description":"","publisher":{"@id":"https:\/\/www.yoroow.com\/fr\/#organization"},"potentialAction":[{"@type":"SearchAction","target":{"@type":"EntryPoint","urlTemplate":"https:\/\/www.yoroow.com\/fr\/?s={search_term_string}"},"query-input":{"@type":"PropertyValueSpecification","valueRequired":true,"valueName":"search_term_string"}}],"inLanguage":"fr-FR"},{"@type":"Organization","@id":"https:\/\/www.yoroow.com\/fr\/#organization","name":"YOROOW","url":"https:\/\/www.yoroow.com\/fr\/","logo":{"@type":"ImageObject","inLanguage":"fr-FR","@id":"https:\/\/www.yoroow.com\/fr\/#\/schema\/logo\/image\/","url":"https:\/\/www.yoroow.com\/wp-content\/uploads\/2024\/12\/2024123007131061.png","contentUrl":"https:\/\/www.yoroow.com\/wp-content\/uploads\/2024\/12\/2024123007131061.png","width":168,"height":27,"caption":"YOROOW"},"image":{"@id":"https:\/\/www.yoroow.com\/fr\/#\/schema\/logo\/image\/"},"sameAs":["https:\/\/www.facebook.com\/people\/yoroowfaucetfactory\/61564236752362\/"]}]}},"_links":{"self":[{"href":"https:\/\/www.yoroow.com\/fr\/wp-json\/wp\/v2\/product\/9925","targetHints":{"allow":["GET"]}}],"collection":[{"href":"https:\/\/www.yoroow.com\/fr\/wp-json\/wp\/v2\/product"}],"about":[{"href":"https:\/\/www.yoroow.com\/fr\/wp-json\/wp\/v2\/types\/product"}],"wp:featuredmedia":[{"embeddable":true,"href":"https:\/\/www.yoroow.com\/fr\/wp-json\/wp\/v2\/media\/9927"}],"wp:attachment":[{"href":"https:\/\/www.yoroow.com\/fr\/wp-json\/wp\/v2\/media?parent=9925"}],"wp:term":[{"taxonomy":"product_brand","embeddable":true,"href":"https:\/\/www.yoroow.com\/fr\/wp-json\/wp\/v2\/product_brand?post=9925"},{"taxonomy":"product_cat","embeddable":true,"href":"https:\/\/www.yoroow.com\/fr\/wp-json\/wp\/v2\/product_cat?post=9925"},{"taxonomy":"product_tag","embeddable":true,"href":"https:\/\/www.yoroow.com\/fr\/wp-json\/wp\/v2\/product_tag?post=9925"}],"curies":[{"name":"wp","href":"https:\/\/api.w.org\/{rel}","templated":true}]}}