{"id":9606,"date":"2025-01-24T15:00:33","date_gmt":"2025-01-24T07:00:33","guid":{"rendered":"https:\/\/www.yoroow.com\/?post_type=product&#038;p=9606"},"modified":"2025-05-16T09:19:36","modified_gmt":"2025-05-16T01:19:36","slug":"yoroow-robinet-mural-de-haute-qualite-a-une-seule-poignee-en-laiton-pour-leau-froide-et-leau-sanitaire","status":"publish","type":"product","link":"https:\/\/www.yoroow.com\/fr\/detail-du-produit\/yoroow-robinet-mural-de-haute-qualite-a-une-seule-poignee-en-laiton-pour-leau-froide-et-leau-sanitaire\/","title":{"rendered":"Good Price Single Handle Cold Water Brass Concealed Shower Valve with Wall Mounted Ball Valve for Bathroom Use (Robinet de douche encastr\u00e9 en laiton pour l'eau froide et robinet \u00e0 bille mural pour la salle de bains)"},"content":{"rendered":"<p>Ce robinet de douche encastr\u00e9 en laiton \u00e0 une seule poign\u00e9e pour l'eau froide avec un robinet \u00e0 bille mural offre une solution \u00e9l\u00e9gante et moderne pour les installations de salle de bains. La construction en laiton offre une durabilit\u00e9 et une r\u00e9sistance \u00e0 l'usure durables, ce qui la rend adapt\u00e9e aux salles de bains r\u00e9sidentielles et commerciales. Produite par une usine chinoise dot\u00e9e de capacit\u00e9s de fabrication avanc\u00e9es, cette vanne est con\u00e7ue pour une installation facile et un fonctionnement fiable. Il est particuli\u00e8rement appr\u00e9ci\u00e9 en Am\u00e9rique du Sud et en Asie du Sud-Est pour sa qualit\u00e9, son prix abordable et ses caract\u00e9ristiques d'\u00e9conomie d'eau. Des options OEM de personnalisation et de marquage sont disponibles pour r\u00e9pondre aux besoins sp\u00e9cifiques du march\u00e9.<\/p>","protected":false},"excerpt":{"rendered":"<p>This single-handle cold water brass concealed shower valve with a wall-mounted ball valve offers a sleek and modern solution for bathroom installations. The brass construction provides long-lasting durability and resistance to wear, making it suitable for both residential and commercial bathrooms. Produced by a Chinese factory with advanced manufacturing capabilities, this valve is designed for\u2026<\/p>","protected":false},"featured_media":9669,"template":"","meta":{"_acf_changed":false,"_kad_post_transparent":"default","_kad_post_title":"","_kad_post_layout":"default","_kad_post_sidebar_id":"","_kad_post_content_style":"default","_kad_post_vertical_padding":"default","_kad_post_feature":"","_kad_post_feature_position":"","_kad_post_header":false,"_kad_post_footer":false},"product_brand":[],"product_cat":[224],"product_tag":[2989,3001],"class_list":{"0":"post-9606","1":"product","2":"type-product","3":"status-publish","4":"has-post-thumbnail","6":"product_cat-single-cold-concealed-valve","7":"product_tag-brass-ball-valve","8":"product_tag-concealed-shower-valve-sets","10":"first","11":"instock","12":"shipping-taxable","13":"purchasable","14":"product-type-variable","15":"wvs-archive-product-wrapper","16":"entry","17":"content-bg","18":"loop-entry"},"acf":[],"yoast_head":"<!-- This site is optimized with the Yoast SEO Premium plugin v25.4 (Yoast SEO v27.0) - https:\/\/yoast.com\/product\/yoast-seo-premium-wordpress\/ -->\n<title>Good Price Single Handle Cold Water Brass Concealed Shower Valve with Wall Mounted Ball Valve for Bathroom Use - YOROOW<\/title>\n<meta name=\"description\" content=\"Good price single handle cold water brass concealed shower valve with wall mounted ball valve. Suitable for bathroom use. Factory direct exports target South American and Southeast Asian customers.\" \/>\n<meta name=\"robots\" content=\"index, follow, max-snippet:-1, max-image-preview:large, max-video-preview:-1\" \/>\n<link rel=\"canonical\" href=\"https:\/\/www.yoroow.com\/fr\/detail-du-produit\/yoroow-robinet-mural-de-haute-qualite-a-une-seule-poignee-en-laiton-pour-leau-froide-et-leau-sanitaire\/\" \/>\n<meta property=\"og:locale\" content=\"fr_FR\" \/>\n<meta property=\"og:type\" content=\"article\" \/>\n<meta property=\"og:title\" content=\"Good Price Single Handle Cold Water Brass Concealed Shower Valve with Wall Mounted Ball Valve for Bathroom Use\" \/>\n<meta property=\"og:description\" content=\"Good price single handle cold water brass concealed shower valve with wall mounted ball valve. Suitable for bathroom use. Factory direct exports target South American and Southeast Asian customers.\" \/>\n<meta property=\"og:url\" content=\"https:\/\/www.yoroow.com\/fr\/detail-du-produit\/yoroow-robinet-mural-de-haute-qualite-a-une-seule-poignee-en-laiton-pour-leau-froide-et-leau-sanitaire\/\" \/>\n<meta property=\"og:site_name\" content=\"YOROOW\" \/>\n<meta property=\"article:publisher\" content=\"https:\/\/www.facebook.com\/people\/yoroowfaucetfactory\/61564236752362\/\" \/>\n<meta property=\"article:modified_time\" content=\"2025-05-16T01:19:36+00:00\" \/>\n<meta property=\"og:image\" content=\"https:\/\/www.yoroow.com\/wp-content\/uploads\/2025\/01\/fcaad6094efaaeca574df257e79c931.jpg\" \/>\n\t<meta property=\"og:image:width\" content=\"800\" \/>\n\t<meta property=\"og:image:height\" content=\"800\" \/>\n\t<meta property=\"og:image:type\" content=\"image\/jpeg\" \/>\n<meta name=\"twitter:card\" content=\"summary_large_image\" \/>\n<meta name=\"twitter:label1\" content=\"Dur\u00e9e de lecture estim\u00e9e\" \/>\n\t<meta name=\"twitter:data1\" content=\"1 minute\" \/>\n<script type=\"application\/ld+json\" class=\"yoast-schema-graph\">{\"@context\":\"https:\/\/schema.org\",\"@graph\":[{\"@type\":\"WebPage\",\"@id\":\"https:\/\/www.yoroow.com\/fr\/detail-du-produit\/yoroow-robinet-mural-de-haute-qualite-a-une-seule-poignee-en-laiton-pour-leau-froide-et-leau-sanitaire\/\",\"url\":\"https:\/\/www.yoroow.com\/fr\/detail-du-produit\/yoroow-robinet-mural-de-haute-qualite-a-une-seule-poignee-en-laiton-pour-leau-froide-et-leau-sanitaire\/\",\"name\":\"Good Price Single Handle Cold Water Brass Concealed Shower Valve with Wall Mounted Ball Valve for Bathroom Use - YOROOW\",\"isPartOf\":{\"@id\":\"https:\/\/www.yoroow.com\/fr\/#website\"},\"primaryImageOfPage\":{\"@id\":\"https:\/\/www.yoroow.com\/fr\/detail-du-produit\/yoroow-robinet-mural-de-haute-qualite-a-une-seule-poignee-en-laiton-pour-leau-froide-et-leau-sanitaire\/#primaryimage\"},\"image\":{\"@id\":\"https:\/\/www.yoroow.com\/fr\/detail-du-produit\/yoroow-robinet-mural-de-haute-qualite-a-une-seule-poignee-en-laiton-pour-leau-froide-et-leau-sanitaire\/#primaryimage\"},\"thumbnailUrl\":\"https:\/\/www.yoroow.com\/wp-content\/uploads\/2025\/01\/fcaad6094efaaeca574df257e79c931.jpg\",\"datePublished\":\"2025-01-24T07:00:33+00:00\",\"dateModified\":\"2025-05-16T01:19:36+00:00\",\"description\":\"Good price single handle cold water brass concealed shower valve with wall mounted ball valve. Suitable for bathroom use. Factory direct exports target South American and Southeast Asian customers.\",\"breadcrumb\":{\"@id\":\"https:\/\/www.yoroow.com\/fr\/detail-du-produit\/yoroow-robinet-mural-de-haute-qualite-a-une-seule-poignee-en-laiton-pour-leau-froide-et-leau-sanitaire\/#breadcrumb\"},\"inLanguage\":\"fr-FR\",\"potentialAction\":[{\"@type\":\"ReadAction\",\"target\":[\"https:\/\/www.yoroow.com\/fr\/detail-du-produit\/yoroow-robinet-mural-de-haute-qualite-a-une-seule-poignee-en-laiton-pour-leau-froide-et-leau-sanitaire\/\"]}]},{\"@type\":\"ImageObject\",\"inLanguage\":\"fr-FR\",\"@id\":\"https:\/\/www.yoroow.com\/fr\/detail-du-produit\/yoroow-robinet-mural-de-haute-qualite-a-une-seule-poignee-en-laiton-pour-leau-froide-et-leau-sanitaire\/#primaryimage\",\"url\":\"https:\/\/www.yoroow.com\/wp-content\/uploads\/2025\/01\/fcaad6094efaaeca574df257e79c931.jpg\",\"contentUrl\":\"https:\/\/www.yoroow.com\/wp-content\/uploads\/2025\/01\/fcaad6094efaaeca574df257e79c931.jpg\",\"width\":800,\"height\":800},{\"@type\":\"BreadcrumbList\",\"@id\":\"https:\/\/www.yoroow.com\/fr\/detail-du-produit\/yoroow-robinet-mural-de-haute-qualite-a-une-seule-poignee-en-laiton-pour-leau-froide-et-leau-sanitaire\/#breadcrumb\",\"itemListElement\":[{\"@type\":\"ListItem\",\"position\":1,\"name\":\"home\",\"item\":\"https:\/\/www.yoroow.com\/\"},{\"@type\":\"ListItem\",\"position\":2,\"name\":\"Product\",\"item\":\"https:\/\/www.yoroow.com\/product\/\"},{\"@type\":\"ListItem\",\"position\":3,\"name\":\"Good Price Single Handle Cold Water Brass Concealed Shower Valve with Wall Mounted Ball Valve for Bathroom Use\"}]},{\"@type\":\"WebSite\",\"@id\":\"https:\/\/www.yoroow.com\/fr\/#website\",\"url\":\"https:\/\/www.yoroow.com\/fr\/\",\"name\":\"YOROOW\",\"description\":\"\",\"publisher\":{\"@id\":\"https:\/\/www.yoroow.com\/fr\/#organization\"},\"potentialAction\":[{\"@type\":\"SearchAction\",\"target\":{\"@type\":\"EntryPoint\",\"urlTemplate\":\"https:\/\/www.yoroow.com\/fr\/?s={search_term_string}\"},\"query-input\":{\"@type\":\"PropertyValueSpecification\",\"valueRequired\":true,\"valueName\":\"search_term_string\"}}],\"inLanguage\":\"fr-FR\"},{\"@type\":\"Organization\",\"@id\":\"https:\/\/www.yoroow.com\/fr\/#organization\",\"name\":\"YOROOW\",\"url\":\"https:\/\/www.yoroow.com\/fr\/\",\"logo\":{\"@type\":\"ImageObject\",\"inLanguage\":\"fr-FR\",\"@id\":\"https:\/\/www.yoroow.com\/fr\/#\/schema\/logo\/image\/\",\"url\":\"https:\/\/www.yoroow.com\/wp-content\/uploads\/2024\/12\/2024123007131061.png\",\"contentUrl\":\"https:\/\/www.yoroow.com\/wp-content\/uploads\/2024\/12\/2024123007131061.png\",\"width\":168,\"height\":27,\"caption\":\"YOROOW\"},\"image\":{\"@id\":\"https:\/\/www.yoroow.com\/fr\/#\/schema\/logo\/image\/\"},\"sameAs\":[\"https:\/\/www.facebook.com\/people\/yoroowfaucetfactory\/61564236752362\/\"]}]}<\/script>\n<!-- \/ Yoast SEO Premium plugin. -->","yoast_head_json":{"title":"Good Price Single Handle Cold Water Brass Concealed Shower Valve with Wall Mounted Ball Valve for Bathroom Use - YOROOW","description":"Good price single handle cold water brass concealed shower valve with wall mounted ball valve. Suitable for bathroom use. Factory direct exports target South American and Southeast Asian customers.","robots":{"index":"index","follow":"follow","max-snippet":"max-snippet:-1","max-image-preview":"max-image-preview:large","max-video-preview":"max-video-preview:-1"},"canonical":"https:\/\/www.yoroow.com\/fr\/detail-du-produit\/yoroow-robinet-mural-de-haute-qualite-a-une-seule-poignee-en-laiton-pour-leau-froide-et-leau-sanitaire\/","og_locale":"fr_FR","og_type":"article","og_title":"Good Price Single Handle Cold Water Brass Concealed Shower Valve with Wall Mounted Ball Valve for Bathroom Use","og_description":"Good price single handle cold water brass concealed shower valve with wall mounted ball valve. Suitable for bathroom use. Factory direct exports target South American and Southeast Asian customers.","og_url":"https:\/\/www.yoroow.com\/fr\/detail-du-produit\/yoroow-robinet-mural-de-haute-qualite-a-une-seule-poignee-en-laiton-pour-leau-froide-et-leau-sanitaire\/","og_site_name":"YOROOW","article_publisher":"https:\/\/www.facebook.com\/people\/yoroowfaucetfactory\/61564236752362\/","article_modified_time":"2025-05-16T01:19:36+00:00","og_image":[{"width":800,"height":800,"url":"https:\/\/www.yoroow.com\/wp-content\/uploads\/2025\/01\/fcaad6094efaaeca574df257e79c931.jpg","type":"image\/jpeg"}],"twitter_card":"summary_large_image","twitter_misc":{"Dur\u00e9e de lecture estim\u00e9e":"1 minute"},"schema":{"@context":"https:\/\/schema.org","@graph":[{"@type":"WebPage","@id":"https:\/\/www.yoroow.com\/fr\/detail-du-produit\/yoroow-robinet-mural-de-haute-qualite-a-une-seule-poignee-en-laiton-pour-leau-froide-et-leau-sanitaire\/","url":"https:\/\/www.yoroow.com\/fr\/detail-du-produit\/yoroow-robinet-mural-de-haute-qualite-a-une-seule-poignee-en-laiton-pour-leau-froide-et-leau-sanitaire\/","name":"Good Price Single Handle Cold Water Brass Concealed Shower Valve with Wall Mounted Ball Valve for Bathroom Use - YOROOW","isPartOf":{"@id":"https:\/\/www.yoroow.com\/fr\/#website"},"primaryImageOfPage":{"@id":"https:\/\/www.yoroow.com\/fr\/detail-du-produit\/yoroow-robinet-mural-de-haute-qualite-a-une-seule-poignee-en-laiton-pour-leau-froide-et-leau-sanitaire\/#primaryimage"},"image":{"@id":"https:\/\/www.yoroow.com\/fr\/detail-du-produit\/yoroow-robinet-mural-de-haute-qualite-a-une-seule-poignee-en-laiton-pour-leau-froide-et-leau-sanitaire\/#primaryimage"},"thumbnailUrl":"https:\/\/www.yoroow.com\/wp-content\/uploads\/2025\/01\/fcaad6094efaaeca574df257e79c931.jpg","datePublished":"2025-01-24T07:00:33+00:00","dateModified":"2025-05-16T01:19:36+00:00","description":"Good price single handle cold water brass concealed shower valve with wall mounted ball valve. Suitable for bathroom use. Factory direct exports target South American and Southeast Asian customers.","breadcrumb":{"@id":"https:\/\/www.yoroow.com\/fr\/detail-du-produit\/yoroow-robinet-mural-de-haute-qualite-a-une-seule-poignee-en-laiton-pour-leau-froide-et-leau-sanitaire\/#breadcrumb"},"inLanguage":"fr-FR","potentialAction":[{"@type":"ReadAction","target":["https:\/\/www.yoroow.com\/fr\/detail-du-produit\/yoroow-robinet-mural-de-haute-qualite-a-une-seule-poignee-en-laiton-pour-leau-froide-et-leau-sanitaire\/"]}]},{"@type":"ImageObject","inLanguage":"fr-FR","@id":"https:\/\/www.yoroow.com\/fr\/detail-du-produit\/yoroow-robinet-mural-de-haute-qualite-a-une-seule-poignee-en-laiton-pour-leau-froide-et-leau-sanitaire\/#primaryimage","url":"https:\/\/www.yoroow.com\/wp-content\/uploads\/2025\/01\/fcaad6094efaaeca574df257e79c931.jpg","contentUrl":"https:\/\/www.yoroow.com\/wp-content\/uploads\/2025\/01\/fcaad6094efaaeca574df257e79c931.jpg","width":800,"height":800},{"@type":"BreadcrumbList","@id":"https:\/\/www.yoroow.com\/fr\/detail-du-produit\/yoroow-robinet-mural-de-haute-qualite-a-une-seule-poignee-en-laiton-pour-leau-froide-et-leau-sanitaire\/#breadcrumb","itemListElement":[{"@type":"ListItem","position":1,"name":"home","item":"https:\/\/www.yoroow.com\/"},{"@type":"ListItem","position":2,"name":"Product","item":"https:\/\/www.yoroow.com\/product\/"},{"@type":"ListItem","position":3,"name":"Good Price Single Handle Cold Water Brass Concealed Shower Valve with Wall Mounted Ball Valve for Bathroom Use"}]},{"@type":"WebSite","@id":"https:\/\/www.yoroow.com\/fr\/#website","url":"https:\/\/www.yoroow.com\/fr\/","name":"YOROOW","description":"","publisher":{"@id":"https:\/\/www.yoroow.com\/fr\/#organization"},"potentialAction":[{"@type":"SearchAction","target":{"@type":"EntryPoint","urlTemplate":"https:\/\/www.yoroow.com\/fr\/?s={search_term_string}"},"query-input":{"@type":"PropertyValueSpecification","valueRequired":true,"valueName":"search_term_string"}}],"inLanguage":"fr-FR"},{"@type":"Organization","@id":"https:\/\/www.yoroow.com\/fr\/#organization","name":"YOROOW","url":"https:\/\/www.yoroow.com\/fr\/","logo":{"@type":"ImageObject","inLanguage":"fr-FR","@id":"https:\/\/www.yoroow.com\/fr\/#\/schema\/logo\/image\/","url":"https:\/\/www.yoroow.com\/wp-content\/uploads\/2024\/12\/2024123007131061.png","contentUrl":"https:\/\/www.yoroow.com\/wp-content\/uploads\/2024\/12\/2024123007131061.png","width":168,"height":27,"caption":"YOROOW"},"image":{"@id":"https:\/\/www.yoroow.com\/fr\/#\/schema\/logo\/image\/"},"sameAs":["https:\/\/www.facebook.com\/people\/yoroowfaucetfactory\/61564236752362\/"]}]}},"_links":{"self":[{"href":"https:\/\/www.yoroow.com\/fr\/wp-json\/wp\/v2\/product\/9606","targetHints":{"allow":["GET"]}}],"collection":[{"href":"https:\/\/www.yoroow.com\/fr\/wp-json\/wp\/v2\/product"}],"about":[{"href":"https:\/\/www.yoroow.com\/fr\/wp-json\/wp\/v2\/types\/product"}],"wp:featuredmedia":[{"embeddable":true,"href":"https:\/\/www.yoroow.com\/fr\/wp-json\/wp\/v2\/media\/9669"}],"wp:attachment":[{"href":"https:\/\/www.yoroow.com\/fr\/wp-json\/wp\/v2\/media?parent=9606"}],"wp:term":[{"taxonomy":"product_brand","embeddable":true,"href":"https:\/\/www.yoroow.com\/fr\/wp-json\/wp\/v2\/product_brand?post=9606"},{"taxonomy":"product_cat","embeddable":true,"href":"https:\/\/www.yoroow.com\/fr\/wp-json\/wp\/v2\/product_cat?post=9606"},{"taxonomy":"product_tag","embeddable":true,"href":"https:\/\/www.yoroow.com\/fr\/wp-json\/wp\/v2\/product_tag?post=9606"}],"curies":[{"name":"wp","href":"https:\/\/api.w.org\/{rel}","templated":true}]}}