{"id":9491,"date":"2025-01-24T11:22:31","date_gmt":"2025-01-24T03:22:31","guid":{"rendered":"https:\/\/www.yoroow.com\/?post_type=product&#038;p=9491"},"modified":"2025-05-16T09:18:25","modified_gmt":"2025-05-16T01:18:25","slug":"combinaison-de-pomme-de-douche-carree-en-acier-inoxydable-304-avec-bras-dextension-ajustable-de-10-pouces","status":"publish","type":"product","link":"https:\/\/www.yoroow.com\/fr\/detail-du-produit\/combinaison-de-pomme-de-douche-carree-en-acier-inoxydable-304-avec-bras-dextension-ajustable-de-10-pouces\/","title":{"rendered":"Kit de t\u00eate de douche carr\u00e9e haute pression en acier inoxydable Syst\u00e8me de douche pour salle de bain Robinetterie de douche"},"content":{"rendered":"<p>Ce kit de douchette carr\u00e9e haute pression fait partie d'un syst\u00e8me de tour en acier inoxydable con\u00e7u pour les r\u00e9novations de salles de bains modernes et les besoins en eau \u00e0 haut volume. Dot\u00e9 d'un design g\u00e9om\u00e9trique \u00e9pur\u00e9, il est id\u00e9al pour les appartements et les h\u00f4tels \u00e9l\u00e9gants. Fabriqu\u00e9 par une usine chinoise avec un \u00e9quipement CNC \u00e0 haut rendement, le produit garantit un d\u00e9bit d'eau pr\u00e9cis et une longue dur\u00e9e de vie. Son prix abordable et sa qualit\u00e9 s\u00e9duisent les march\u00e9s d'Am\u00e9rique du Sud et d'Asie du Sud-Est. Disponible pour des partenariats OEM, avec un soutien flexible pour la personnalisation de la marque et du projet.<\/p>","protected":false},"excerpt":{"rendered":"<p>This high-pressure square shower head kit is part of a stainless steel tower system designed for modern bathroom renovations and high-volume water needs. Featuring a clean geometric design, it\u2019s ideal for stylish apartments and hotels. Built by a Chinese factory with high-efficiency CNC equipment, the product ensures precise water flow and long service life. Its\u2026<\/p>","protected":false},"featured_media":9498,"template":"","meta":{"_acf_changed":false,"_kad_post_transparent":"default","_kad_post_title":"","_kad_post_layout":"default","_kad_post_sidebar_id":"","_kad_post_content_style":"default","_kad_post_vertical_padding":"default","_kad_post_feature":"","_kad_post_feature_position":"","_kad_post_header":false,"_kad_post_footer":false},"product_brand":[],"product_cat":[1570],"product_tag":[5397,5470],"class_list":{"0":"post-9491","1":"product","2":"type-product","3":"status-publish","4":"has-post-thumbnail","6":"product_cat-shower-arm","7":"product_tag-high-pressure-handheld-shower-head-set","8":"product_tag-stainless-steel-shower-panel-tower-system","10":"first","11":"instock","12":"shipping-taxable","13":"purchasable","14":"product-type-variable","15":"wvs-archive-product-wrapper","16":"entry","17":"content-bg","18":"loop-entry"},"acf":[],"yoast_head":"<!-- This site is optimized with the Yoast SEO Premium plugin v25.4 (Yoast SEO v27.0) - https:\/\/yoast.com\/product\/yoast-seo-premium-wordpress\/ -->\n<title>High-Pressure Square Shower Head Kit Stainless Steel Tower System Shower Bath Shower Faucets - YOROOW<\/title>\n<meta name=\"description\" content=\"High-pressure square shower head kit stainless steel tower system. Durable design for bath and shower faucets. Chinese factory OEM and export focus on South America and Southeast Asia markets.\" \/>\n<meta name=\"robots\" content=\"index, follow, max-snippet:-1, max-image-preview:large, max-video-preview:-1\" \/>\n<link rel=\"canonical\" href=\"https:\/\/www.yoroow.com\/fr\/detail-du-produit\/combinaison-de-pomme-de-douche-carree-en-acier-inoxydable-304-avec-bras-dextension-ajustable-de-10-pouces\/\" \/>\n<meta property=\"og:locale\" content=\"fr_FR\" \/>\n<meta property=\"og:type\" content=\"article\" \/>\n<meta property=\"og:title\" content=\"High-Pressure Square Shower Head Kit Stainless Steel Tower System Shower Bath Shower Faucets\" \/>\n<meta property=\"og:description\" content=\"High-pressure square shower head kit stainless steel tower system. Durable design for bath and shower faucets. Chinese factory OEM and export focus on South America and Southeast Asia markets.\" \/>\n<meta property=\"og:url\" content=\"https:\/\/www.yoroow.com\/fr\/detail-du-produit\/combinaison-de-pomme-de-douche-carree-en-acier-inoxydable-304-avec-bras-dextension-ajustable-de-10-pouces\/\" \/>\n<meta property=\"og:site_name\" content=\"YOROOW\" \/>\n<meta property=\"article:publisher\" content=\"https:\/\/www.facebook.com\/people\/yoroowfaucetfactory\/61564236752362\/\" \/>\n<meta property=\"article:modified_time\" content=\"2025-05-16T01:18:25+00:00\" \/>\n<meta property=\"og:image\" content=\"https:\/\/www.yoroow.com\/wp-content\/uploads\/2025\/01\/\u4e3b\u56fe_1-53.jpg\" \/>\n\t<meta property=\"og:image:width\" content=\"800\" \/>\n\t<meta property=\"og:image:height\" content=\"800\" \/>\n\t<meta property=\"og:image:type\" content=\"image\/jpeg\" \/>\n<meta name=\"twitter:card\" content=\"summary_large_image\" \/>\n<meta name=\"twitter:label1\" content=\"Dur\u00e9e de lecture estim\u00e9e\" \/>\n\t<meta name=\"twitter:data1\" content=\"2 minutes\" \/>\n<script type=\"application\/ld+json\" class=\"yoast-schema-graph\">{\"@context\":\"https:\/\/schema.org\",\"@graph\":[{\"@type\":\"WebPage\",\"@id\":\"https:\/\/www.yoroow.com\/fr\/detail-du-produit\/combinaison-de-pomme-de-douche-carree-en-acier-inoxydable-304-avec-bras-dextension-ajustable-de-10-pouces\/\",\"url\":\"https:\/\/www.yoroow.com\/fr\/detail-du-produit\/combinaison-de-pomme-de-douche-carree-en-acier-inoxydable-304-avec-bras-dextension-ajustable-de-10-pouces\/\",\"name\":\"High-Pressure Square Shower Head Kit Stainless Steel Tower System Shower Bath Shower Faucets - YOROOW\",\"isPartOf\":{\"@id\":\"https:\/\/www.yoroow.com\/fr\/#website\"},\"primaryImageOfPage\":{\"@id\":\"https:\/\/www.yoroow.com\/fr\/detail-du-produit\/combinaison-de-pomme-de-douche-carree-en-acier-inoxydable-304-avec-bras-dextension-ajustable-de-10-pouces\/#primaryimage\"},\"image\":{\"@id\":\"https:\/\/www.yoroow.com\/fr\/detail-du-produit\/combinaison-de-pomme-de-douche-carree-en-acier-inoxydable-304-avec-bras-dextension-ajustable-de-10-pouces\/#primaryimage\"},\"thumbnailUrl\":\"https:\/\/www.yoroow.com\/wp-content\/uploads\/2025\/01\/\u4e3b\u56fe_1-53.jpg\",\"datePublished\":\"2025-01-24T03:22:31+00:00\",\"dateModified\":\"2025-05-16T01:18:25+00:00\",\"description\":\"High-pressure square shower head kit stainless steel tower system. Durable design for bath and shower faucets. Chinese factory OEM and export focus on South America and Southeast Asia markets.\",\"breadcrumb\":{\"@id\":\"https:\/\/www.yoroow.com\/fr\/detail-du-produit\/combinaison-de-pomme-de-douche-carree-en-acier-inoxydable-304-avec-bras-dextension-ajustable-de-10-pouces\/#breadcrumb\"},\"inLanguage\":\"fr-FR\",\"potentialAction\":[{\"@type\":\"ReadAction\",\"target\":[\"https:\/\/www.yoroow.com\/fr\/detail-du-produit\/combinaison-de-pomme-de-douche-carree-en-acier-inoxydable-304-avec-bras-dextension-ajustable-de-10-pouces\/\"]}]},{\"@type\":\"ImageObject\",\"inLanguage\":\"fr-FR\",\"@id\":\"https:\/\/www.yoroow.com\/fr\/detail-du-produit\/combinaison-de-pomme-de-douche-carree-en-acier-inoxydable-304-avec-bras-dextension-ajustable-de-10-pouces\/#primaryimage\",\"url\":\"https:\/\/www.yoroow.com\/wp-content\/uploads\/2025\/01\/\u4e3b\u56fe_1-53.jpg\",\"contentUrl\":\"https:\/\/www.yoroow.com\/wp-content\/uploads\/2025\/01\/\u4e3b\u56fe_1-53.jpg\",\"width\":800,\"height\":800,\"caption\":\"High-Pressure Square Shower Head Kit Stainless Steel Tower System Shower Bath Shower Faucets\"},{\"@type\":\"BreadcrumbList\",\"@id\":\"https:\/\/www.yoroow.com\/fr\/detail-du-produit\/combinaison-de-pomme-de-douche-carree-en-acier-inoxydable-304-avec-bras-dextension-ajustable-de-10-pouces\/#breadcrumb\",\"itemListElement\":[{\"@type\":\"ListItem\",\"position\":1,\"name\":\"home\",\"item\":\"https:\/\/www.yoroow.com\/\"},{\"@type\":\"ListItem\",\"position\":2,\"name\":\"Product\",\"item\":\"https:\/\/www.yoroow.com\/product\/\"},{\"@type\":\"ListItem\",\"position\":3,\"name\":\"High-Pressure Square Shower Head Kit Stainless Steel Tower System Shower Bath Shower Faucets\"}]},{\"@type\":\"WebSite\",\"@id\":\"https:\/\/www.yoroow.com\/fr\/#website\",\"url\":\"https:\/\/www.yoroow.com\/fr\/\",\"name\":\"YOROOW\",\"description\":\"\",\"publisher\":{\"@id\":\"https:\/\/www.yoroow.com\/fr\/#organization\"},\"potentialAction\":[{\"@type\":\"SearchAction\",\"target\":{\"@type\":\"EntryPoint\",\"urlTemplate\":\"https:\/\/www.yoroow.com\/fr\/?s={search_term_string}\"},\"query-input\":{\"@type\":\"PropertyValueSpecification\",\"valueRequired\":true,\"valueName\":\"search_term_string\"}}],\"inLanguage\":\"fr-FR\"},{\"@type\":\"Organization\",\"@id\":\"https:\/\/www.yoroow.com\/fr\/#organization\",\"name\":\"YOROOW\",\"url\":\"https:\/\/www.yoroow.com\/fr\/\",\"logo\":{\"@type\":\"ImageObject\",\"inLanguage\":\"fr-FR\",\"@id\":\"https:\/\/www.yoroow.com\/fr\/#\/schema\/logo\/image\/\",\"url\":\"https:\/\/www.yoroow.com\/wp-content\/uploads\/2024\/12\/2024123007131061.png\",\"contentUrl\":\"https:\/\/www.yoroow.com\/wp-content\/uploads\/2024\/12\/2024123007131061.png\",\"width\":168,\"height\":27,\"caption\":\"YOROOW\"},\"image\":{\"@id\":\"https:\/\/www.yoroow.com\/fr\/#\/schema\/logo\/image\/\"},\"sameAs\":[\"https:\/\/www.facebook.com\/people\/yoroowfaucetfactory\/61564236752362\/\"]}]}<\/script>\n<!-- \/ Yoast SEO Premium plugin. -->","yoast_head_json":{"title":"High-Pressure Square Shower Head Kit Stainless Steel Tower System Shower Bath Shower Faucets - YOROOW","description":"High-pressure square shower head kit stainless steel tower system. Durable design for bath and shower faucets. Chinese factory OEM and export focus on South America and Southeast Asia markets.","robots":{"index":"index","follow":"follow","max-snippet":"max-snippet:-1","max-image-preview":"max-image-preview:large","max-video-preview":"max-video-preview:-1"},"canonical":"https:\/\/www.yoroow.com\/fr\/detail-du-produit\/combinaison-de-pomme-de-douche-carree-en-acier-inoxydable-304-avec-bras-dextension-ajustable-de-10-pouces\/","og_locale":"fr_FR","og_type":"article","og_title":"High-Pressure Square Shower Head Kit Stainless Steel Tower System Shower Bath Shower Faucets","og_description":"High-pressure square shower head kit stainless steel tower system. Durable design for bath and shower faucets. Chinese factory OEM and export focus on South America and Southeast Asia markets.","og_url":"https:\/\/www.yoroow.com\/fr\/detail-du-produit\/combinaison-de-pomme-de-douche-carree-en-acier-inoxydable-304-avec-bras-dextension-ajustable-de-10-pouces\/","og_site_name":"YOROOW","article_publisher":"https:\/\/www.facebook.com\/people\/yoroowfaucetfactory\/61564236752362\/","article_modified_time":"2025-05-16T01:18:25+00:00","og_image":[{"width":800,"height":800,"url":"https:\/\/www.yoroow.com\/wp-content\/uploads\/2025\/01\/\u4e3b\u56fe_1-53.jpg","type":"image\/jpeg"}],"twitter_card":"summary_large_image","twitter_misc":{"Dur\u00e9e de lecture estim\u00e9e":"2 minutes"},"schema":{"@context":"https:\/\/schema.org","@graph":[{"@type":"WebPage","@id":"https:\/\/www.yoroow.com\/fr\/detail-du-produit\/combinaison-de-pomme-de-douche-carree-en-acier-inoxydable-304-avec-bras-dextension-ajustable-de-10-pouces\/","url":"https:\/\/www.yoroow.com\/fr\/detail-du-produit\/combinaison-de-pomme-de-douche-carree-en-acier-inoxydable-304-avec-bras-dextension-ajustable-de-10-pouces\/","name":"High-Pressure Square Shower Head Kit Stainless Steel Tower System Shower Bath Shower Faucets - YOROOW","isPartOf":{"@id":"https:\/\/www.yoroow.com\/fr\/#website"},"primaryImageOfPage":{"@id":"https:\/\/www.yoroow.com\/fr\/detail-du-produit\/combinaison-de-pomme-de-douche-carree-en-acier-inoxydable-304-avec-bras-dextension-ajustable-de-10-pouces\/#primaryimage"},"image":{"@id":"https:\/\/www.yoroow.com\/fr\/detail-du-produit\/combinaison-de-pomme-de-douche-carree-en-acier-inoxydable-304-avec-bras-dextension-ajustable-de-10-pouces\/#primaryimage"},"thumbnailUrl":"https:\/\/www.yoroow.com\/wp-content\/uploads\/2025\/01\/\u4e3b\u56fe_1-53.jpg","datePublished":"2025-01-24T03:22:31+00:00","dateModified":"2025-05-16T01:18:25+00:00","description":"High-pressure square shower head kit stainless steel tower system. Durable design for bath and shower faucets. Chinese factory OEM and export focus on South America and Southeast Asia markets.","breadcrumb":{"@id":"https:\/\/www.yoroow.com\/fr\/detail-du-produit\/combinaison-de-pomme-de-douche-carree-en-acier-inoxydable-304-avec-bras-dextension-ajustable-de-10-pouces\/#breadcrumb"},"inLanguage":"fr-FR","potentialAction":[{"@type":"ReadAction","target":["https:\/\/www.yoroow.com\/fr\/detail-du-produit\/combinaison-de-pomme-de-douche-carree-en-acier-inoxydable-304-avec-bras-dextension-ajustable-de-10-pouces\/"]}]},{"@type":"ImageObject","inLanguage":"fr-FR","@id":"https:\/\/www.yoroow.com\/fr\/detail-du-produit\/combinaison-de-pomme-de-douche-carree-en-acier-inoxydable-304-avec-bras-dextension-ajustable-de-10-pouces\/#primaryimage","url":"https:\/\/www.yoroow.com\/wp-content\/uploads\/2025\/01\/\u4e3b\u56fe_1-53.jpg","contentUrl":"https:\/\/www.yoroow.com\/wp-content\/uploads\/2025\/01\/\u4e3b\u56fe_1-53.jpg","width":800,"height":800,"caption":"High-Pressure Square Shower Head Kit Stainless Steel Tower System Shower Bath Shower Faucets"},{"@type":"BreadcrumbList","@id":"https:\/\/www.yoroow.com\/fr\/detail-du-produit\/combinaison-de-pomme-de-douche-carree-en-acier-inoxydable-304-avec-bras-dextension-ajustable-de-10-pouces\/#breadcrumb","itemListElement":[{"@type":"ListItem","position":1,"name":"home","item":"https:\/\/www.yoroow.com\/"},{"@type":"ListItem","position":2,"name":"Product","item":"https:\/\/www.yoroow.com\/product\/"},{"@type":"ListItem","position":3,"name":"High-Pressure Square Shower Head Kit Stainless Steel Tower System Shower Bath Shower Faucets"}]},{"@type":"WebSite","@id":"https:\/\/www.yoroow.com\/fr\/#website","url":"https:\/\/www.yoroow.com\/fr\/","name":"YOROOW","description":"","publisher":{"@id":"https:\/\/www.yoroow.com\/fr\/#organization"},"potentialAction":[{"@type":"SearchAction","target":{"@type":"EntryPoint","urlTemplate":"https:\/\/www.yoroow.com\/fr\/?s={search_term_string}"},"query-input":{"@type":"PropertyValueSpecification","valueRequired":true,"valueName":"search_term_string"}}],"inLanguage":"fr-FR"},{"@type":"Organization","@id":"https:\/\/www.yoroow.com\/fr\/#organization","name":"YOROOW","url":"https:\/\/www.yoroow.com\/fr\/","logo":{"@type":"ImageObject","inLanguage":"fr-FR","@id":"https:\/\/www.yoroow.com\/fr\/#\/schema\/logo\/image\/","url":"https:\/\/www.yoroow.com\/wp-content\/uploads\/2024\/12\/2024123007131061.png","contentUrl":"https:\/\/www.yoroow.com\/wp-content\/uploads\/2024\/12\/2024123007131061.png","width":168,"height":27,"caption":"YOROOW"},"image":{"@id":"https:\/\/www.yoroow.com\/fr\/#\/schema\/logo\/image\/"},"sameAs":["https:\/\/www.facebook.com\/people\/yoroowfaucetfactory\/61564236752362\/"]}]}},"_links":{"self":[{"href":"https:\/\/www.yoroow.com\/fr\/wp-json\/wp\/v2\/product\/9491","targetHints":{"allow":["GET"]}}],"collection":[{"href":"https:\/\/www.yoroow.com\/fr\/wp-json\/wp\/v2\/product"}],"about":[{"href":"https:\/\/www.yoroow.com\/fr\/wp-json\/wp\/v2\/types\/product"}],"wp:featuredmedia":[{"embeddable":true,"href":"https:\/\/www.yoroow.com\/fr\/wp-json\/wp\/v2\/media\/9498"}],"wp:attachment":[{"href":"https:\/\/www.yoroow.com\/fr\/wp-json\/wp\/v2\/media?parent=9491"}],"wp:term":[{"taxonomy":"product_brand","embeddable":true,"href":"https:\/\/www.yoroow.com\/fr\/wp-json\/wp\/v2\/product_brand?post=9491"},{"taxonomy":"product_cat","embeddable":true,"href":"https:\/\/www.yoroow.com\/fr\/wp-json\/wp\/v2\/product_cat?post=9491"},{"taxonomy":"product_tag","embeddable":true,"href":"https:\/\/www.yoroow.com\/fr\/wp-json\/wp\/v2\/product_tag?post=9491"}],"curies":[{"name":"wp","href":"https:\/\/api.w.org\/{rel}","templated":true}]}}