{"id":9455,"date":"2025-01-24T10:44:39","date_gmt":"2025-01-24T02:44:39","guid":{"rendered":"https:\/\/www.yoroow.com\/?post_type=product&#038;p=9455"},"modified":"2025-05-16T09:18:18","modified_gmt":"2025-05-16T01:18:18","slug":"yoroow-pommeau-de-douche-pluie-en-acier-inoxydable-economisant-leau-plafond-carre-noir","status":"publish","type":"product","link":"https:\/\/www.yoroow.com\/fr\/detail-du-produit\/yoroow-pommeau-de-douche-pluie-en-acier-inoxydable-economisant-leau-plafond-carre-noir\/","title":{"rendered":"Design Moderne 201 Acier Inoxydable Support de T\u00eate de Douche Pluie Tenue en Main Economisant l'Eau Tige de Levage Carr\u00e9e pour Robinet de Bain Douche"},"content":{"rendered":"<p>Ce support de pommeau de douche avec tige de levage carr\u00e9e est fabriqu\u00e9 en acier inoxydable 201, offrant une forte r\u00e9sistance \u00e0 la corrosion et un design moderne. Il est \u00e9quip\u00e9 d'une fonction de douchette et de fonctions d'\u00e9conomie d'eau, ce qui le rend parfait pour les salles de bains compactes, les maisons familiales et les installations h\u00f4teli\u00e8res. L'usine applique des proc\u00e9d\u00e9s avanc\u00e9s de d\u00e9coupe au laser et de polissage pour garantir la qualit\u00e9 et la finition. Particuli\u00e8rement adapt\u00e9 aux march\u00e9s de l'Asie du Sud-Est et de l'Am\u00e9rique du Sud, il allie style et rentabilit\u00e9, et permet de personnaliser les raccords ou l'emballage en fonction des pr\u00e9f\u00e9rences du march\u00e9.<\/p>","protected":false},"excerpt":{"rendered":"<p>This rainfall shower head holder with a square lifting rod is made of 201 stainless steel, offering strong corrosion resistance and a modern design. It\u2019s equipped with a handheld function and water-saving features, making it perfect for compact bathrooms, family homes, and hotel installations. The factory applies advanced laser cutting and polishing processes to ensure\u2026<\/p>","protected":false},"featured_media":9456,"template":"","meta":{"_acf_changed":false,"_kad_post_transparent":"default","_kad_post_title":"","_kad_post_layout":"default","_kad_post_sidebar_id":"","_kad_post_content_style":"default","_kad_post_vertical_padding":"default","_kad_post_feature":"","_kad_post_feature_position":"","_kad_post_header":false,"_kad_post_footer":false},"product_brand":[],"product_cat":[120],"product_tag":[3989,3878],"class_list":{"0":"post-9455","1":"product","2":"type-product","3":"status-publish","4":"has-post-thumbnail","6":"product_cat-shower-hand-set","7":"product_tag-handheld-shower-head-holder","8":"product_tag-shower-head-extension-arm","10":"first","11":"instock","12":"shipping-taxable","13":"product-type-variable","14":"wvs-archive-product-wrapper","15":"entry","16":"content-bg","17":"loop-entry"},"acf":[],"yoast_head":"<!-- This site is optimized with the Yoast SEO Premium plugin v25.4 (Yoast SEO v27.0) - https:\/\/yoast.com\/product\/yoast-seo-premium-wordpress\/ -->\n<title>Modern Design 201 Stainless Steel Rainfall Shower Head Holder Handheld Water Saving Lifting Rod Square for Bath Shower Faucets - YOROOW<\/title>\n<meta name=\"description\" content=\"201 stainless steel rainfall shower head holder with handheld water-saving lifting rod. Square design suitable for bath showers. Factory direct export to South America and Southeast Asia with quality assurance.\" \/>\n<meta name=\"robots\" content=\"index, follow, max-snippet:-1, max-image-preview:large, max-video-preview:-1\" \/>\n<link rel=\"canonical\" href=\"https:\/\/www.yoroow.com\/fr\/detail-du-produit\/yoroow-pommeau-de-douche-pluie-en-acier-inoxydable-economisant-leau-plafond-carre-noir\/\" \/>\n<meta property=\"og:locale\" content=\"fr_FR\" \/>\n<meta property=\"og:type\" content=\"article\" \/>\n<meta property=\"og:title\" content=\"Modern Design 201 Stainless Steel Rainfall Shower Head Holder Handheld Water Saving Lifting Rod Square for Bath Shower Faucets\" \/>\n<meta property=\"og:description\" content=\"201 stainless steel rainfall shower head holder with handheld water-saving lifting rod. Square design suitable for bath showers. Factory direct export to South America and Southeast Asia with quality assurance.\" \/>\n<meta property=\"og:url\" content=\"https:\/\/www.yoroow.com\/fr\/detail-du-produit\/yoroow-pommeau-de-douche-pluie-en-acier-inoxydable-economisant-leau-plafond-carre-noir\/\" \/>\n<meta property=\"og:site_name\" content=\"YOROOW\" \/>\n<meta property=\"article:publisher\" content=\"https:\/\/www.facebook.com\/people\/yoroowfaucetfactory\/61564236752362\/\" \/>\n<meta property=\"article:modified_time\" content=\"2025-05-16T01:18:18+00:00\" \/>\n<meta property=\"og:image\" content=\"https:\/\/www.yoroow.com\/wp-content\/uploads\/2025\/01\/\u4e3b\u56fe_1-48.jpg\" \/>\n\t<meta property=\"og:image:width\" content=\"800\" \/>\n\t<meta property=\"og:image:height\" content=\"800\" \/>\n\t<meta property=\"og:image:type\" content=\"image\/jpeg\" \/>\n<meta name=\"twitter:card\" content=\"summary_large_image\" \/>\n<meta name=\"twitter:label1\" content=\"Dur\u00e9e de lecture estim\u00e9e\" \/>\n\t<meta name=\"twitter:data1\" content=\"2 minutes\" \/>\n<script type=\"application\/ld+json\" class=\"yoast-schema-graph\">{\"@context\":\"https:\/\/schema.org\",\"@graph\":[{\"@type\":\"WebPage\",\"@id\":\"https:\/\/www.yoroow.com\/fr\/detail-du-produit\/yoroow-pommeau-de-douche-pluie-en-acier-inoxydable-economisant-leau-plafond-carre-noir\/\",\"url\":\"https:\/\/www.yoroow.com\/fr\/detail-du-produit\/yoroow-pommeau-de-douche-pluie-en-acier-inoxydable-economisant-leau-plafond-carre-noir\/\",\"name\":\"Modern Design 201 Stainless Steel Rainfall Shower Head Holder Handheld Water Saving Lifting Rod Square for Bath Shower Faucets - YOROOW\",\"isPartOf\":{\"@id\":\"https:\/\/www.yoroow.com\/fr\/#website\"},\"primaryImageOfPage\":{\"@id\":\"https:\/\/www.yoroow.com\/fr\/detail-du-produit\/yoroow-pommeau-de-douche-pluie-en-acier-inoxydable-economisant-leau-plafond-carre-noir\/#primaryimage\"},\"image\":{\"@id\":\"https:\/\/www.yoroow.com\/fr\/detail-du-produit\/yoroow-pommeau-de-douche-pluie-en-acier-inoxydable-economisant-leau-plafond-carre-noir\/#primaryimage\"},\"thumbnailUrl\":\"https:\/\/www.yoroow.com\/wp-content\/uploads\/2025\/01\/\u4e3b\u56fe_1-48.jpg\",\"datePublished\":\"2025-01-24T02:44:39+00:00\",\"dateModified\":\"2025-05-16T01:18:18+00:00\",\"description\":\"201 stainless steel rainfall shower head holder with handheld water-saving lifting rod. Square design suitable for bath showers. Factory direct export to South America and Southeast Asia with quality assurance.\",\"breadcrumb\":{\"@id\":\"https:\/\/www.yoroow.com\/fr\/detail-du-produit\/yoroow-pommeau-de-douche-pluie-en-acier-inoxydable-economisant-leau-plafond-carre-noir\/#breadcrumb\"},\"inLanguage\":\"fr-FR\",\"potentialAction\":[{\"@type\":\"ReadAction\",\"target\":[\"https:\/\/www.yoroow.com\/fr\/detail-du-produit\/yoroow-pommeau-de-douche-pluie-en-acier-inoxydable-economisant-leau-plafond-carre-noir\/\"]}]},{\"@type\":\"ImageObject\",\"inLanguage\":\"fr-FR\",\"@id\":\"https:\/\/www.yoroow.com\/fr\/detail-du-produit\/yoroow-pommeau-de-douche-pluie-en-acier-inoxydable-economisant-leau-plafond-carre-noir\/#primaryimage\",\"url\":\"https:\/\/www.yoroow.com\/wp-content\/uploads\/2025\/01\/\u4e3b\u56fe_1-48.jpg\",\"contentUrl\":\"https:\/\/www.yoroow.com\/wp-content\/uploads\/2025\/01\/\u4e3b\u56fe_1-48.jpg\",\"width\":800,\"height\":800,\"caption\":\"Modern Design 201 Stainless Steel Rainfall Shower Head Holder Handheld Water Saving Lifting Rod Square for Bath Shower Faucets\"},{\"@type\":\"BreadcrumbList\",\"@id\":\"https:\/\/www.yoroow.com\/fr\/detail-du-produit\/yoroow-pommeau-de-douche-pluie-en-acier-inoxydable-economisant-leau-plafond-carre-noir\/#breadcrumb\",\"itemListElement\":[{\"@type\":\"ListItem\",\"position\":1,\"name\":\"home\",\"item\":\"https:\/\/www.yoroow.com\/\"},{\"@type\":\"ListItem\",\"position\":2,\"name\":\"Product\",\"item\":\"https:\/\/www.yoroow.com\/product\/\"},{\"@type\":\"ListItem\",\"position\":3,\"name\":\"Modern Design 201 Stainless Steel Rainfall Shower Head Holder Handheld Water Saving Lifting Rod Square for Bath Shower Faucets\"}]},{\"@type\":\"WebSite\",\"@id\":\"https:\/\/www.yoroow.com\/fr\/#website\",\"url\":\"https:\/\/www.yoroow.com\/fr\/\",\"name\":\"YOROOW\",\"description\":\"\",\"publisher\":{\"@id\":\"https:\/\/www.yoroow.com\/fr\/#organization\"},\"potentialAction\":[{\"@type\":\"SearchAction\",\"target\":{\"@type\":\"EntryPoint\",\"urlTemplate\":\"https:\/\/www.yoroow.com\/fr\/?s={search_term_string}\"},\"query-input\":{\"@type\":\"PropertyValueSpecification\",\"valueRequired\":true,\"valueName\":\"search_term_string\"}}],\"inLanguage\":\"fr-FR\"},{\"@type\":\"Organization\",\"@id\":\"https:\/\/www.yoroow.com\/fr\/#organization\",\"name\":\"YOROOW\",\"url\":\"https:\/\/www.yoroow.com\/fr\/\",\"logo\":{\"@type\":\"ImageObject\",\"inLanguage\":\"fr-FR\",\"@id\":\"https:\/\/www.yoroow.com\/fr\/#\/schema\/logo\/image\/\",\"url\":\"https:\/\/www.yoroow.com\/wp-content\/uploads\/2024\/12\/2024123007131061.png\",\"contentUrl\":\"https:\/\/www.yoroow.com\/wp-content\/uploads\/2024\/12\/2024123007131061.png\",\"width\":168,\"height\":27,\"caption\":\"YOROOW\"},\"image\":{\"@id\":\"https:\/\/www.yoroow.com\/fr\/#\/schema\/logo\/image\/\"},\"sameAs\":[\"https:\/\/www.facebook.com\/people\/yoroowfaucetfactory\/61564236752362\/\"]}]}<\/script>\n<!-- \/ Yoast SEO Premium plugin. -->","yoast_head_json":{"title":"Modern Design 201 Stainless Steel Rainfall Shower Head Holder Handheld Water Saving Lifting Rod Square for Bath Shower Faucets - YOROOW","description":"201 stainless steel rainfall shower head holder with handheld water-saving lifting rod. Square design suitable for bath showers. Factory direct export to South America and Southeast Asia with quality assurance.","robots":{"index":"index","follow":"follow","max-snippet":"max-snippet:-1","max-image-preview":"max-image-preview:large","max-video-preview":"max-video-preview:-1"},"canonical":"https:\/\/www.yoroow.com\/fr\/detail-du-produit\/yoroow-pommeau-de-douche-pluie-en-acier-inoxydable-economisant-leau-plafond-carre-noir\/","og_locale":"fr_FR","og_type":"article","og_title":"Modern Design 201 Stainless Steel Rainfall Shower Head Holder Handheld Water Saving Lifting Rod Square for Bath Shower Faucets","og_description":"201 stainless steel rainfall shower head holder with handheld water-saving lifting rod. Square design suitable for bath showers. Factory direct export to South America and Southeast Asia with quality assurance.","og_url":"https:\/\/www.yoroow.com\/fr\/detail-du-produit\/yoroow-pommeau-de-douche-pluie-en-acier-inoxydable-economisant-leau-plafond-carre-noir\/","og_site_name":"YOROOW","article_publisher":"https:\/\/www.facebook.com\/people\/yoroowfaucetfactory\/61564236752362\/","article_modified_time":"2025-05-16T01:18:18+00:00","og_image":[{"width":800,"height":800,"url":"https:\/\/www.yoroow.com\/wp-content\/uploads\/2025\/01\/\u4e3b\u56fe_1-48.jpg","type":"image\/jpeg"}],"twitter_card":"summary_large_image","twitter_misc":{"Dur\u00e9e de lecture estim\u00e9e":"2 minutes"},"schema":{"@context":"https:\/\/schema.org","@graph":[{"@type":"WebPage","@id":"https:\/\/www.yoroow.com\/fr\/detail-du-produit\/yoroow-pommeau-de-douche-pluie-en-acier-inoxydable-economisant-leau-plafond-carre-noir\/","url":"https:\/\/www.yoroow.com\/fr\/detail-du-produit\/yoroow-pommeau-de-douche-pluie-en-acier-inoxydable-economisant-leau-plafond-carre-noir\/","name":"Modern Design 201 Stainless Steel Rainfall Shower Head Holder Handheld Water Saving Lifting Rod Square for Bath Shower Faucets - YOROOW","isPartOf":{"@id":"https:\/\/www.yoroow.com\/fr\/#website"},"primaryImageOfPage":{"@id":"https:\/\/www.yoroow.com\/fr\/detail-du-produit\/yoroow-pommeau-de-douche-pluie-en-acier-inoxydable-economisant-leau-plafond-carre-noir\/#primaryimage"},"image":{"@id":"https:\/\/www.yoroow.com\/fr\/detail-du-produit\/yoroow-pommeau-de-douche-pluie-en-acier-inoxydable-economisant-leau-plafond-carre-noir\/#primaryimage"},"thumbnailUrl":"https:\/\/www.yoroow.com\/wp-content\/uploads\/2025\/01\/\u4e3b\u56fe_1-48.jpg","datePublished":"2025-01-24T02:44:39+00:00","dateModified":"2025-05-16T01:18:18+00:00","description":"201 stainless steel rainfall shower head holder with handheld water-saving lifting rod. Square design suitable for bath showers. Factory direct export to South America and Southeast Asia with quality assurance.","breadcrumb":{"@id":"https:\/\/www.yoroow.com\/fr\/detail-du-produit\/yoroow-pommeau-de-douche-pluie-en-acier-inoxydable-economisant-leau-plafond-carre-noir\/#breadcrumb"},"inLanguage":"fr-FR","potentialAction":[{"@type":"ReadAction","target":["https:\/\/www.yoroow.com\/fr\/detail-du-produit\/yoroow-pommeau-de-douche-pluie-en-acier-inoxydable-economisant-leau-plafond-carre-noir\/"]}]},{"@type":"ImageObject","inLanguage":"fr-FR","@id":"https:\/\/www.yoroow.com\/fr\/detail-du-produit\/yoroow-pommeau-de-douche-pluie-en-acier-inoxydable-economisant-leau-plafond-carre-noir\/#primaryimage","url":"https:\/\/www.yoroow.com\/wp-content\/uploads\/2025\/01\/\u4e3b\u56fe_1-48.jpg","contentUrl":"https:\/\/www.yoroow.com\/wp-content\/uploads\/2025\/01\/\u4e3b\u56fe_1-48.jpg","width":800,"height":800,"caption":"Modern Design 201 Stainless Steel Rainfall Shower Head Holder Handheld Water Saving Lifting Rod Square for Bath Shower Faucets"},{"@type":"BreadcrumbList","@id":"https:\/\/www.yoroow.com\/fr\/detail-du-produit\/yoroow-pommeau-de-douche-pluie-en-acier-inoxydable-economisant-leau-plafond-carre-noir\/#breadcrumb","itemListElement":[{"@type":"ListItem","position":1,"name":"home","item":"https:\/\/www.yoroow.com\/"},{"@type":"ListItem","position":2,"name":"Product","item":"https:\/\/www.yoroow.com\/product\/"},{"@type":"ListItem","position":3,"name":"Modern Design 201 Stainless Steel Rainfall Shower Head Holder Handheld Water Saving Lifting Rod Square for Bath Shower Faucets"}]},{"@type":"WebSite","@id":"https:\/\/www.yoroow.com\/fr\/#website","url":"https:\/\/www.yoroow.com\/fr\/","name":"YOROOW","description":"","publisher":{"@id":"https:\/\/www.yoroow.com\/fr\/#organization"},"potentialAction":[{"@type":"SearchAction","target":{"@type":"EntryPoint","urlTemplate":"https:\/\/www.yoroow.com\/fr\/?s={search_term_string}"},"query-input":{"@type":"PropertyValueSpecification","valueRequired":true,"valueName":"search_term_string"}}],"inLanguage":"fr-FR"},{"@type":"Organization","@id":"https:\/\/www.yoroow.com\/fr\/#organization","name":"YOROOW","url":"https:\/\/www.yoroow.com\/fr\/","logo":{"@type":"ImageObject","inLanguage":"fr-FR","@id":"https:\/\/www.yoroow.com\/fr\/#\/schema\/logo\/image\/","url":"https:\/\/www.yoroow.com\/wp-content\/uploads\/2024\/12\/2024123007131061.png","contentUrl":"https:\/\/www.yoroow.com\/wp-content\/uploads\/2024\/12\/2024123007131061.png","width":168,"height":27,"caption":"YOROOW"},"image":{"@id":"https:\/\/www.yoroow.com\/fr\/#\/schema\/logo\/image\/"},"sameAs":["https:\/\/www.facebook.com\/people\/yoroowfaucetfactory\/61564236752362\/"]}]}},"_links":{"self":[{"href":"https:\/\/www.yoroow.com\/fr\/wp-json\/wp\/v2\/product\/9455","targetHints":{"allow":["GET"]}}],"collection":[{"href":"https:\/\/www.yoroow.com\/fr\/wp-json\/wp\/v2\/product"}],"about":[{"href":"https:\/\/www.yoroow.com\/fr\/wp-json\/wp\/v2\/types\/product"}],"wp:featuredmedia":[{"embeddable":true,"href":"https:\/\/www.yoroow.com\/fr\/wp-json\/wp\/v2\/media\/9456"}],"wp:attachment":[{"href":"https:\/\/www.yoroow.com\/fr\/wp-json\/wp\/v2\/media?parent=9455"}],"wp:term":[{"taxonomy":"product_brand","embeddable":true,"href":"https:\/\/www.yoroow.com\/fr\/wp-json\/wp\/v2\/product_brand?post=9455"},{"taxonomy":"product_cat","embeddable":true,"href":"https:\/\/www.yoroow.com\/fr\/wp-json\/wp\/v2\/product_cat?post=9455"},{"taxonomy":"product_tag","embeddable":true,"href":"https:\/\/www.yoroow.com\/fr\/wp-json\/wp\/v2\/product_tag?post=9455"}],"curies":[{"name":"wp","href":"https:\/\/api.w.org\/{rel}","templated":true}]}}