{"id":9410,"date":"2025-01-24T08:45:28","date_gmt":"2025-01-24T00:45:28","guid":{"rendered":"https:\/\/www.yoroow.com\/?post_type=product&#038;p=9410"},"modified":"2025-05-16T09:18:12","modified_gmt":"2025-05-16T01:18:12","slug":"yoroow-all-copper-hot-and-cold-mixing-valve-bathroom-hidden-hot-and-cold-faucet-robinet-triple-shower-set","status":"publish","type":"product","link":"https:\/\/www.yoroow.com\/fr\/detail-du-produit\/yoroow-all-copper-hot-and-cold-mixing-valve-bathroom-hidden-hot-and-cold-faucet-robinet-triple-shower-set\/","title":{"rendered":"Good Price Single Handle Brass Shower Tap Wall Mounted Hot Cold Water Bathroom Faucet Chrome Finished Mixer Bathtub Tap Manufactured Faucet"},"content":{"rendered":"<p>Ce robinet de douche en laiton \u00e0 une poign\u00e9e offre un m\u00e9lange d'eau chaude et d'eau froide et pr\u00e9sente une finition chrom\u00e9e pour un look moderne. Sa conception murale permet d'\u00e9conomiser de l'espace. Les fabricants chinois produisent ces robinets avec pr\u00e9cision, en maintenant des normes de qualit\u00e9 \u00e9lev\u00e9es \u00e0 des prix abordables. L'association de la fonctionnalit\u00e9 et de la rentabilit\u00e9 en fait un choix populaire dans les environnements r\u00e9sidentiels et commerciaux en Am\u00e9rique du Sud et en Asie du Sud-Est.<\/p>","protected":false},"excerpt":{"rendered":"<p>This single-handle brass shower tap offers hot and cold water mixing, featuring a chrome finish for a modern look. Its wall-mounted design ensures space efficiency. Chinese manufacturers produce these taps with precision, maintaining high standards of quality at affordable prices. The combination of functionality and cost-effectiveness makes it a popular choice in residential and commercial\u2026<\/p>","protected":false},"featured_media":9411,"template":"","meta":{"_acf_changed":false,"_kad_post_transparent":"default","_kad_post_title":"","_kad_post_layout":"default","_kad_post_sidebar_id":"","_kad_post_content_style":"default","_kad_post_vertical_padding":"default","_kad_post_feature":"","_kad_post_feature_position":"","_kad_post_header":false,"_kad_post_footer":false},"product_brand":[],"product_cat":[122],"product_tag":[6583,6479],"class_list":{"0":"post-9410","1":"product","2":"type-product","3":"status-publish","4":"has-post-thumbnail","6":"product_cat-bathshower-faucet","7":"product_tag-brass-shower-taps-mixer-single-handle","8":"product_tag-dedicated-bathroom-shower-faucet","10":"first","11":"instock","12":"shipping-taxable","13":"purchasable","14":"product-type-variable","15":"wvs-archive-product-wrapper","16":"entry","17":"content-bg","18":"loop-entry"},"acf":[],"yoast_head":"<!-- This site is optimized with the Yoast SEO Premium plugin v25.4 (Yoast SEO v27.0) - https:\/\/yoast.com\/product\/yoast-seo-premium-wordpress\/ -->\n<title>Good Price Single Handle Brass Shower Tap Wall Mounted Hot Cold Water Bathroom Faucet Chrome Finished Mixer Bathtub Tap Manufactured Faucet - YOROOW<\/title>\n<meta name=\"description\" content=\"Single handle brass shower tap, wall-mounted, hot and cold water mixer with chrome finish. Durable and affordable. Factory direct supply with export focus on South American and Southeast Asian markets.\" \/>\n<meta name=\"robots\" content=\"index, follow, max-snippet:-1, max-image-preview:large, max-video-preview:-1\" \/>\n<link rel=\"canonical\" href=\"https:\/\/www.yoroow.com\/fr\/detail-du-produit\/yoroow-all-copper-hot-and-cold-mixing-valve-bathroom-hidden-hot-and-cold-faucet-robinet-triple-shower-set\/\" \/>\n<meta property=\"og:locale\" content=\"fr_FR\" \/>\n<meta property=\"og:type\" content=\"article\" \/>\n<meta property=\"og:title\" content=\"Good Price Single Handle Brass Shower Tap Wall Mounted Hot Cold Water Bathroom Faucet Chrome Finished Mixer Bathtub Tap Manufactured Faucet\" \/>\n<meta property=\"og:description\" content=\"Single handle brass shower tap, wall-mounted, hot and cold water mixer with chrome finish. Durable and affordable. Factory direct supply with export focus on South American and Southeast Asian markets.\" \/>\n<meta property=\"og:url\" content=\"https:\/\/www.yoroow.com\/fr\/detail-du-produit\/yoroow-all-copper-hot-and-cold-mixing-valve-bathroom-hidden-hot-and-cold-faucet-robinet-triple-shower-set\/\" \/>\n<meta property=\"og:site_name\" content=\"YOROOW\" \/>\n<meta property=\"article:publisher\" content=\"https:\/\/www.facebook.com\/people\/yoroowfaucetfactory\/61564236752362\/\" \/>\n<meta property=\"article:modified_time\" content=\"2025-05-16T01:18:12+00:00\" \/>\n<meta property=\"og:image\" content=\"https:\/\/www.yoroow.com\/wp-content\/uploads\/2025\/01\/\u4e3b\u56fe_1-37.jpg\" \/>\n\t<meta property=\"og:image:width\" content=\"800\" \/>\n\t<meta property=\"og:image:height\" content=\"800\" \/>\n\t<meta property=\"og:image:type\" content=\"image\/jpeg\" \/>\n<meta name=\"twitter:card\" content=\"summary_large_image\" \/>\n<meta name=\"twitter:label1\" content=\"Dur\u00e9e de lecture estim\u00e9e\" \/>\n\t<meta name=\"twitter:data1\" content=\"1 minute\" \/>\n<script type=\"application\/ld+json\" class=\"yoast-schema-graph\">{\"@context\":\"https:\/\/schema.org\",\"@graph\":[{\"@type\":\"WebPage\",\"@id\":\"https:\/\/www.yoroow.com\/fr\/detail-du-produit\/yoroow-all-copper-hot-and-cold-mixing-valve-bathroom-hidden-hot-and-cold-faucet-robinet-triple-shower-set\/\",\"url\":\"https:\/\/www.yoroow.com\/fr\/detail-du-produit\/yoroow-all-copper-hot-and-cold-mixing-valve-bathroom-hidden-hot-and-cold-faucet-robinet-triple-shower-set\/\",\"name\":\"Good Price Single Handle Brass Shower Tap Wall Mounted Hot Cold Water Bathroom Faucet Chrome Finished Mixer Bathtub Tap Manufactured Faucet - YOROOW\",\"isPartOf\":{\"@id\":\"https:\/\/www.yoroow.com\/fr\/#website\"},\"primaryImageOfPage\":{\"@id\":\"https:\/\/www.yoroow.com\/fr\/detail-du-produit\/yoroow-all-copper-hot-and-cold-mixing-valve-bathroom-hidden-hot-and-cold-faucet-robinet-triple-shower-set\/#primaryimage\"},\"image\":{\"@id\":\"https:\/\/www.yoroow.com\/fr\/detail-du-produit\/yoroow-all-copper-hot-and-cold-mixing-valve-bathroom-hidden-hot-and-cold-faucet-robinet-triple-shower-set\/#primaryimage\"},\"thumbnailUrl\":\"https:\/\/www.yoroow.com\/wp-content\/uploads\/2025\/01\/\u4e3b\u56fe_1-37.jpg\",\"datePublished\":\"2025-01-24T00:45:28+00:00\",\"dateModified\":\"2025-05-16T01:18:12+00:00\",\"description\":\"Single handle brass shower tap, wall-mounted, hot and cold water mixer with chrome finish. Durable and affordable. Factory direct supply with export focus on South American and Southeast Asian markets.\",\"breadcrumb\":{\"@id\":\"https:\/\/www.yoroow.com\/fr\/detail-du-produit\/yoroow-all-copper-hot-and-cold-mixing-valve-bathroom-hidden-hot-and-cold-faucet-robinet-triple-shower-set\/#breadcrumb\"},\"inLanguage\":\"fr-FR\",\"potentialAction\":[{\"@type\":\"ReadAction\",\"target\":[\"https:\/\/www.yoroow.com\/fr\/detail-du-produit\/yoroow-all-copper-hot-and-cold-mixing-valve-bathroom-hidden-hot-and-cold-faucet-robinet-triple-shower-set\/\"]}]},{\"@type\":\"ImageObject\",\"inLanguage\":\"fr-FR\",\"@id\":\"https:\/\/www.yoroow.com\/fr\/detail-du-produit\/yoroow-all-copper-hot-and-cold-mixing-valve-bathroom-hidden-hot-and-cold-faucet-robinet-triple-shower-set\/#primaryimage\",\"url\":\"https:\/\/www.yoroow.com\/wp-content\/uploads\/2025\/01\/\u4e3b\u56fe_1-37.jpg\",\"contentUrl\":\"https:\/\/www.yoroow.com\/wp-content\/uploads\/2025\/01\/\u4e3b\u56fe_1-37.jpg\",\"width\":800,\"height\":800,\"caption\":\"Good Price Single Handle Brass Shower Tap Wall Mounted Hot Cold Water Bathroom Faucet Chrome Finished Mixer Bathtub Tap Manufactured Faucet\"},{\"@type\":\"BreadcrumbList\",\"@id\":\"https:\/\/www.yoroow.com\/fr\/detail-du-produit\/yoroow-all-copper-hot-and-cold-mixing-valve-bathroom-hidden-hot-and-cold-faucet-robinet-triple-shower-set\/#breadcrumb\",\"itemListElement\":[{\"@type\":\"ListItem\",\"position\":1,\"name\":\"home\",\"item\":\"https:\/\/www.yoroow.com\/\"},{\"@type\":\"ListItem\",\"position\":2,\"name\":\"Product\",\"item\":\"https:\/\/www.yoroow.com\/product\/\"},{\"@type\":\"ListItem\",\"position\":3,\"name\":\"Good Price Single Handle Brass Shower Tap Wall Mounted Hot Cold Water Bathroom Faucet Chrome Finished Mixer Bathtub Tap Manufactured Faucet\"}]},{\"@type\":\"WebSite\",\"@id\":\"https:\/\/www.yoroow.com\/fr\/#website\",\"url\":\"https:\/\/www.yoroow.com\/fr\/\",\"name\":\"YOROOW\",\"description\":\"\",\"publisher\":{\"@id\":\"https:\/\/www.yoroow.com\/fr\/#organization\"},\"potentialAction\":[{\"@type\":\"SearchAction\",\"target\":{\"@type\":\"EntryPoint\",\"urlTemplate\":\"https:\/\/www.yoroow.com\/fr\/?s={search_term_string}\"},\"query-input\":{\"@type\":\"PropertyValueSpecification\",\"valueRequired\":true,\"valueName\":\"search_term_string\"}}],\"inLanguage\":\"fr-FR\"},{\"@type\":\"Organization\",\"@id\":\"https:\/\/www.yoroow.com\/fr\/#organization\",\"name\":\"YOROOW\",\"url\":\"https:\/\/www.yoroow.com\/fr\/\",\"logo\":{\"@type\":\"ImageObject\",\"inLanguage\":\"fr-FR\",\"@id\":\"https:\/\/www.yoroow.com\/fr\/#\/schema\/logo\/image\/\",\"url\":\"https:\/\/www.yoroow.com\/wp-content\/uploads\/2024\/12\/2024123007131061.png\",\"contentUrl\":\"https:\/\/www.yoroow.com\/wp-content\/uploads\/2024\/12\/2024123007131061.png\",\"width\":168,\"height\":27,\"caption\":\"YOROOW\"},\"image\":{\"@id\":\"https:\/\/www.yoroow.com\/fr\/#\/schema\/logo\/image\/\"},\"sameAs\":[\"https:\/\/www.facebook.com\/people\/yoroowfaucetfactory\/61564236752362\/\"]}]}<\/script>\n<!-- \/ Yoast SEO Premium plugin. -->","yoast_head_json":{"title":"Good Price Single Handle Brass Shower Tap Wall Mounted Hot Cold Water Bathroom Faucet Chrome Finished Mixer Bathtub Tap Manufactured Faucet - YOROOW","description":"Single handle brass shower tap, wall-mounted, hot and cold water mixer with chrome finish. Durable and affordable. Factory direct supply with export focus on South American and Southeast Asian markets.","robots":{"index":"index","follow":"follow","max-snippet":"max-snippet:-1","max-image-preview":"max-image-preview:large","max-video-preview":"max-video-preview:-1"},"canonical":"https:\/\/www.yoroow.com\/fr\/detail-du-produit\/yoroow-all-copper-hot-and-cold-mixing-valve-bathroom-hidden-hot-and-cold-faucet-robinet-triple-shower-set\/","og_locale":"fr_FR","og_type":"article","og_title":"Good Price Single Handle Brass Shower Tap Wall Mounted Hot Cold Water Bathroom Faucet Chrome Finished Mixer Bathtub Tap Manufactured Faucet","og_description":"Single handle brass shower tap, wall-mounted, hot and cold water mixer with chrome finish. Durable and affordable. Factory direct supply with export focus on South American and Southeast Asian markets.","og_url":"https:\/\/www.yoroow.com\/fr\/detail-du-produit\/yoroow-all-copper-hot-and-cold-mixing-valve-bathroom-hidden-hot-and-cold-faucet-robinet-triple-shower-set\/","og_site_name":"YOROOW","article_publisher":"https:\/\/www.facebook.com\/people\/yoroowfaucetfactory\/61564236752362\/","article_modified_time":"2025-05-16T01:18:12+00:00","og_image":[{"width":800,"height":800,"url":"https:\/\/www.yoroow.com\/wp-content\/uploads\/2025\/01\/\u4e3b\u56fe_1-37.jpg","type":"image\/jpeg"}],"twitter_card":"summary_large_image","twitter_misc":{"Dur\u00e9e de lecture estim\u00e9e":"1 minute"},"schema":{"@context":"https:\/\/schema.org","@graph":[{"@type":"WebPage","@id":"https:\/\/www.yoroow.com\/fr\/detail-du-produit\/yoroow-all-copper-hot-and-cold-mixing-valve-bathroom-hidden-hot-and-cold-faucet-robinet-triple-shower-set\/","url":"https:\/\/www.yoroow.com\/fr\/detail-du-produit\/yoroow-all-copper-hot-and-cold-mixing-valve-bathroom-hidden-hot-and-cold-faucet-robinet-triple-shower-set\/","name":"Good Price Single Handle Brass Shower Tap Wall Mounted Hot Cold Water Bathroom Faucet Chrome Finished Mixer Bathtub Tap Manufactured Faucet - YOROOW","isPartOf":{"@id":"https:\/\/www.yoroow.com\/fr\/#website"},"primaryImageOfPage":{"@id":"https:\/\/www.yoroow.com\/fr\/detail-du-produit\/yoroow-all-copper-hot-and-cold-mixing-valve-bathroom-hidden-hot-and-cold-faucet-robinet-triple-shower-set\/#primaryimage"},"image":{"@id":"https:\/\/www.yoroow.com\/fr\/detail-du-produit\/yoroow-all-copper-hot-and-cold-mixing-valve-bathroom-hidden-hot-and-cold-faucet-robinet-triple-shower-set\/#primaryimage"},"thumbnailUrl":"https:\/\/www.yoroow.com\/wp-content\/uploads\/2025\/01\/\u4e3b\u56fe_1-37.jpg","datePublished":"2025-01-24T00:45:28+00:00","dateModified":"2025-05-16T01:18:12+00:00","description":"Single handle brass shower tap, wall-mounted, hot and cold water mixer with chrome finish. Durable and affordable. Factory direct supply with export focus on South American and Southeast Asian markets.","breadcrumb":{"@id":"https:\/\/www.yoroow.com\/fr\/detail-du-produit\/yoroow-all-copper-hot-and-cold-mixing-valve-bathroom-hidden-hot-and-cold-faucet-robinet-triple-shower-set\/#breadcrumb"},"inLanguage":"fr-FR","potentialAction":[{"@type":"ReadAction","target":["https:\/\/www.yoroow.com\/fr\/detail-du-produit\/yoroow-all-copper-hot-and-cold-mixing-valve-bathroom-hidden-hot-and-cold-faucet-robinet-triple-shower-set\/"]}]},{"@type":"ImageObject","inLanguage":"fr-FR","@id":"https:\/\/www.yoroow.com\/fr\/detail-du-produit\/yoroow-all-copper-hot-and-cold-mixing-valve-bathroom-hidden-hot-and-cold-faucet-robinet-triple-shower-set\/#primaryimage","url":"https:\/\/www.yoroow.com\/wp-content\/uploads\/2025\/01\/\u4e3b\u56fe_1-37.jpg","contentUrl":"https:\/\/www.yoroow.com\/wp-content\/uploads\/2025\/01\/\u4e3b\u56fe_1-37.jpg","width":800,"height":800,"caption":"Good Price Single Handle Brass Shower Tap Wall Mounted Hot Cold Water Bathroom Faucet Chrome Finished Mixer Bathtub Tap Manufactured Faucet"},{"@type":"BreadcrumbList","@id":"https:\/\/www.yoroow.com\/fr\/detail-du-produit\/yoroow-all-copper-hot-and-cold-mixing-valve-bathroom-hidden-hot-and-cold-faucet-robinet-triple-shower-set\/#breadcrumb","itemListElement":[{"@type":"ListItem","position":1,"name":"home","item":"https:\/\/www.yoroow.com\/"},{"@type":"ListItem","position":2,"name":"Product","item":"https:\/\/www.yoroow.com\/product\/"},{"@type":"ListItem","position":3,"name":"Good Price Single Handle Brass Shower Tap Wall Mounted Hot Cold Water Bathroom Faucet Chrome Finished Mixer Bathtub Tap Manufactured Faucet"}]},{"@type":"WebSite","@id":"https:\/\/www.yoroow.com\/fr\/#website","url":"https:\/\/www.yoroow.com\/fr\/","name":"YOROOW","description":"","publisher":{"@id":"https:\/\/www.yoroow.com\/fr\/#organization"},"potentialAction":[{"@type":"SearchAction","target":{"@type":"EntryPoint","urlTemplate":"https:\/\/www.yoroow.com\/fr\/?s={search_term_string}"},"query-input":{"@type":"PropertyValueSpecification","valueRequired":true,"valueName":"search_term_string"}}],"inLanguage":"fr-FR"},{"@type":"Organization","@id":"https:\/\/www.yoroow.com\/fr\/#organization","name":"YOROOW","url":"https:\/\/www.yoroow.com\/fr\/","logo":{"@type":"ImageObject","inLanguage":"fr-FR","@id":"https:\/\/www.yoroow.com\/fr\/#\/schema\/logo\/image\/","url":"https:\/\/www.yoroow.com\/wp-content\/uploads\/2024\/12\/2024123007131061.png","contentUrl":"https:\/\/www.yoroow.com\/wp-content\/uploads\/2024\/12\/2024123007131061.png","width":168,"height":27,"caption":"YOROOW"},"image":{"@id":"https:\/\/www.yoroow.com\/fr\/#\/schema\/logo\/image\/"},"sameAs":["https:\/\/www.facebook.com\/people\/yoroowfaucetfactory\/61564236752362\/"]}]}},"_links":{"self":[{"href":"https:\/\/www.yoroow.com\/fr\/wp-json\/wp\/v2\/product\/9410","targetHints":{"allow":["GET"]}}],"collection":[{"href":"https:\/\/www.yoroow.com\/fr\/wp-json\/wp\/v2\/product"}],"about":[{"href":"https:\/\/www.yoroow.com\/fr\/wp-json\/wp\/v2\/types\/product"}],"wp:featuredmedia":[{"embeddable":true,"href":"https:\/\/www.yoroow.com\/fr\/wp-json\/wp\/v2\/media\/9411"}],"wp:attachment":[{"href":"https:\/\/www.yoroow.com\/fr\/wp-json\/wp\/v2\/media?parent=9410"}],"wp:term":[{"taxonomy":"product_brand","embeddable":true,"href":"https:\/\/www.yoroow.com\/fr\/wp-json\/wp\/v2\/product_brand?post=9410"},{"taxonomy":"product_cat","embeddable":true,"href":"https:\/\/www.yoroow.com\/fr\/wp-json\/wp\/v2\/product_cat?post=9410"},{"taxonomy":"product_tag","embeddable":true,"href":"https:\/\/www.yoroow.com\/fr\/wp-json\/wp\/v2\/product_tag?post=9410"}],"curies":[{"name":"wp","href":"https:\/\/api.w.org\/{rel}","templated":true}]}}