{"id":9271,"date":"2025-01-23T15:20:20","date_gmt":"2025-01-23T07:20:20","guid":{"rendered":"https:\/\/www.yoroow.com\/?post_type=product&#038;p=9271"},"modified":"2025-05-16T09:17:05","modified_gmt":"2025-05-16T01:17:05","slug":"accessoires-robinetterie-laiton-cartouche-salle-de-bain-corps-zinc-vanne-dangle","status":"publish","type":"product","link":"https:\/\/www.yoroow.com\/fr\/detail-du-produit\/accessoires-robinetterie-laiton-cartouche-salle-de-bain-corps-zinc-vanne-dangle\/","title":{"rendered":"Modern 9\/16\u2033 Angle Valve for Sanitary Bathroom Durable Brass &amp; Zinc Material for Hotel Faucets"},"content":{"rendered":"<p>Ce robinet d'\u00e9querre moderne est dot\u00e9 d'un raccord de 9\/16 de pouce et est fabriqu\u00e9 \u00e0 partir d'une combinaison durable de laiton et d'alliage de zinc pour un contr\u00f4le fiable de l'arr\u00eat dans les syst\u00e8mes de plomberie de la salle de bains. Sa taille compacte et sa r\u00e9sistance \u00e0 la corrosion en font un robinet id\u00e9al pour les espaces restreints derri\u00e8re les lavabos ou les toilettes. Il convient parfaitement aux salles de bains des h\u00f4tels, aux appartements r\u00e9sidentiels et aux toilettes publiques. Notre usine chinoise garantit la pr\u00e9cision du filetage et des tests d'\u00e9tanch\u00e9it\u00e9 sur chaque unit\u00e9. Ce robinet est particuli\u00e8rement adapt\u00e9 aux projets de d\u00e9veloppement de l'Asie du Sud-Est et est fr\u00e9quemment s\u00e9lectionn\u00e9 par les importateurs d'Am\u00e9rique du Sud \u00e0 la recherche de solutions sanitaires rentables et \u00e0 grand volume.<\/p>","protected":false},"excerpt":{"rendered":"<p>This modern angle valve features a 9\/16-inch connection size and is made of a durable combination of brass and zinc alloy for reliable shut-off control in bathroom plumbing systems. Its compact size and corrosion resistance make it ideal for installation in tight spaces behind basins or toilets. Perfect for use in hotel bathrooms, residential apartments,\u2026<\/p>","protected":false},"featured_media":9295,"template":"","meta":{"_acf_changed":false,"_kad_post_transparent":"default","_kad_post_title":"","_kad_post_layout":"default","_kad_post_sidebar_id":"","_kad_post_content_style":"default","_kad_post_vertical_padding":"default","_kad_post_feature":"","_kad_post_feature_position":"","_kad_post_header":false,"_kad_post_footer":false},"product_brand":[],"product_cat":[211,214],"product_tag":[311,675],"class_list":{"0":"post-9271","1":"product","2":"type-product","3":"status-publish","4":"has-post-thumbnail","6":"product_cat-9-16-angle-valve","7":"product_cat-double-outlet-angle-valve","8":"product_tag-9-16-angle-valve","9":"product_tag-sanitary-bathroom-angle-valve","11":"first","12":"instock","13":"shipping-taxable","14":"purchasable","15":"product-type-variable","16":"wvs-archive-product-wrapper","17":"entry","18":"content-bg","19":"loop-entry"},"acf":[],"yoast_head":"<!-- This site is optimized with the Yoast SEO Premium plugin v25.4 (Yoast SEO v27.0) - https:\/\/yoast.com\/product\/yoast-seo-premium-wordpress\/ -->\n<title>Modern 9\/16&quot; Angle Valve for Sanitary Bathroom Durable Brass &amp; Zinc Material for Hotel Faucets - YOROOW<\/title>\n<meta name=\"description\" content=\"Modern 9\/16&quot; angle valve crafted from brass and zinc. Durable and reliable for sanitary bathroom use in hotels. Chinese factory ensures quality control and cost efficiency for export to South America and Southeast Asia.\" \/>\n<meta name=\"robots\" content=\"index, follow, max-snippet:-1, max-image-preview:large, max-video-preview:-1\" \/>\n<link rel=\"canonical\" href=\"https:\/\/www.yoroow.com\/fr\/detail-du-produit\/accessoires-robinetterie-laiton-cartouche-salle-de-bain-corps-zinc-vanne-dangle\/\" \/>\n<meta property=\"og:locale\" content=\"fr_FR\" \/>\n<meta property=\"og:type\" content=\"article\" \/>\n<meta property=\"og:title\" content=\"Modern 9\/16&quot; Angle Valve for Sanitary Bathroom Durable Brass &amp; Zinc Material for Hotel Faucets\" \/>\n<meta property=\"og:description\" content=\"Modern 9\/16&quot; angle valve crafted from brass and zinc. Durable and reliable for sanitary bathroom use in hotels. Chinese factory ensures quality control and cost efficiency for export to South America and Southeast Asia.\" \/>\n<meta property=\"og:url\" content=\"https:\/\/www.yoroow.com\/fr\/detail-du-produit\/accessoires-robinetterie-laiton-cartouche-salle-de-bain-corps-zinc-vanne-dangle\/\" \/>\n<meta property=\"og:site_name\" content=\"YOROOW\" \/>\n<meta property=\"article:publisher\" content=\"https:\/\/www.facebook.com\/people\/yoroowfaucetfactory\/61564236752362\/\" \/>\n<meta property=\"article:modified_time\" content=\"2025-05-16T01:17:05+00:00\" \/>\n<meta property=\"og:image\" content=\"https:\/\/www.yoroow.com\/wp-content\/uploads\/2025\/01\/\u4e3b\u56fe_1-18.jpg\" \/>\n\t<meta property=\"og:image:width\" content=\"800\" \/>\n\t<meta property=\"og:image:height\" content=\"800\" \/>\n\t<meta property=\"og:image:type\" content=\"image\/jpeg\" \/>\n<meta name=\"twitter:card\" content=\"summary_large_image\" \/>\n<meta name=\"twitter:label1\" content=\"Dur\u00e9e de lecture estim\u00e9e\" \/>\n\t<meta name=\"twitter:data1\" content=\"1 minute\" \/>\n<script type=\"application\/ld+json\" class=\"yoast-schema-graph\">{\"@context\":\"https:\/\/schema.org\",\"@graph\":[{\"@type\":\"WebPage\",\"@id\":\"https:\/\/www.yoroow.com\/fr\/detail-du-produit\/accessoires-robinetterie-laiton-cartouche-salle-de-bain-corps-zinc-vanne-dangle\/\",\"url\":\"https:\/\/www.yoroow.com\/fr\/detail-du-produit\/accessoires-robinetterie-laiton-cartouche-salle-de-bain-corps-zinc-vanne-dangle\/\",\"name\":\"Modern 9\/16\\\" Angle Valve for Sanitary Bathroom Durable Brass & Zinc Material for Hotel Faucets - YOROOW\",\"isPartOf\":{\"@id\":\"https:\/\/www.yoroow.com\/fr\/#website\"},\"primaryImageOfPage\":{\"@id\":\"https:\/\/www.yoroow.com\/fr\/detail-du-produit\/accessoires-robinetterie-laiton-cartouche-salle-de-bain-corps-zinc-vanne-dangle\/#primaryimage\"},\"image\":{\"@id\":\"https:\/\/www.yoroow.com\/fr\/detail-du-produit\/accessoires-robinetterie-laiton-cartouche-salle-de-bain-corps-zinc-vanne-dangle\/#primaryimage\"},\"thumbnailUrl\":\"https:\/\/www.yoroow.com\/wp-content\/uploads\/2025\/01\/\u4e3b\u56fe_1-18.jpg\",\"datePublished\":\"2025-01-23T07:20:20+00:00\",\"dateModified\":\"2025-05-16T01:17:05+00:00\",\"description\":\"Modern 9\/16\\\" angle valve crafted from brass and zinc. Durable and reliable for sanitary bathroom use in hotels. Chinese factory ensures quality control and cost efficiency for export to South America and Southeast Asia.\",\"breadcrumb\":{\"@id\":\"https:\/\/www.yoroow.com\/fr\/detail-du-produit\/accessoires-robinetterie-laiton-cartouche-salle-de-bain-corps-zinc-vanne-dangle\/#breadcrumb\"},\"inLanguage\":\"fr-FR\",\"potentialAction\":[{\"@type\":\"ReadAction\",\"target\":[\"https:\/\/www.yoroow.com\/fr\/detail-du-produit\/accessoires-robinetterie-laiton-cartouche-salle-de-bain-corps-zinc-vanne-dangle\/\"]}]},{\"@type\":\"ImageObject\",\"inLanguage\":\"fr-FR\",\"@id\":\"https:\/\/www.yoroow.com\/fr\/detail-du-produit\/accessoires-robinetterie-laiton-cartouche-salle-de-bain-corps-zinc-vanne-dangle\/#primaryimage\",\"url\":\"https:\/\/www.yoroow.com\/wp-content\/uploads\/2025\/01\/\u4e3b\u56fe_1-18.jpg\",\"contentUrl\":\"https:\/\/www.yoroow.com\/wp-content\/uploads\/2025\/01\/\u4e3b\u56fe_1-18.jpg\",\"width\":800,\"height\":800,\"caption\":\"Modern 9\/16\\\" Angle Valve for Sanitary Bathroom Durable Brass & Zinc Material for Hotel Faucets\"},{\"@type\":\"BreadcrumbList\",\"@id\":\"https:\/\/www.yoroow.com\/fr\/detail-du-produit\/accessoires-robinetterie-laiton-cartouche-salle-de-bain-corps-zinc-vanne-dangle\/#breadcrumb\",\"itemListElement\":[{\"@type\":\"ListItem\",\"position\":1,\"name\":\"home\",\"item\":\"https:\/\/www.yoroow.com\/\"},{\"@type\":\"ListItem\",\"position\":2,\"name\":\"Product\",\"item\":\"https:\/\/www.yoroow.com\/product\/\"},{\"@type\":\"ListItem\",\"position\":3,\"name\":\"Modern 9\/16&#8243; Angle Valve for Sanitary Bathroom Durable Brass &#038; Zinc Material for Hotel Faucets\"}]},{\"@type\":\"WebSite\",\"@id\":\"https:\/\/www.yoroow.com\/fr\/#website\",\"url\":\"https:\/\/www.yoroow.com\/fr\/\",\"name\":\"YOROOW\",\"description\":\"\",\"publisher\":{\"@id\":\"https:\/\/www.yoroow.com\/fr\/#organization\"},\"potentialAction\":[{\"@type\":\"SearchAction\",\"target\":{\"@type\":\"EntryPoint\",\"urlTemplate\":\"https:\/\/www.yoroow.com\/fr\/?s={search_term_string}\"},\"query-input\":{\"@type\":\"PropertyValueSpecification\",\"valueRequired\":true,\"valueName\":\"search_term_string\"}}],\"inLanguage\":\"fr-FR\"},{\"@type\":\"Organization\",\"@id\":\"https:\/\/www.yoroow.com\/fr\/#organization\",\"name\":\"YOROOW\",\"url\":\"https:\/\/www.yoroow.com\/fr\/\",\"logo\":{\"@type\":\"ImageObject\",\"inLanguage\":\"fr-FR\",\"@id\":\"https:\/\/www.yoroow.com\/fr\/#\/schema\/logo\/image\/\",\"url\":\"https:\/\/www.yoroow.com\/wp-content\/uploads\/2024\/12\/2024123007131061.png\",\"contentUrl\":\"https:\/\/www.yoroow.com\/wp-content\/uploads\/2024\/12\/2024123007131061.png\",\"width\":168,\"height\":27,\"caption\":\"YOROOW\"},\"image\":{\"@id\":\"https:\/\/www.yoroow.com\/fr\/#\/schema\/logo\/image\/\"},\"sameAs\":[\"https:\/\/www.facebook.com\/people\/yoroowfaucetfactory\/61564236752362\/\"]}]}<\/script>\n<!-- \/ Yoast SEO Premium plugin. -->","yoast_head_json":{"title":"Modern 9\/16\" Angle Valve for Sanitary Bathroom Durable Brass & Zinc Material for Hotel Faucets - YOROOW","description":"Modern 9\/16\" angle valve crafted from brass and zinc. Durable and reliable for sanitary bathroom use in hotels. Chinese factory ensures quality control and cost efficiency for export to South America and Southeast Asia.","robots":{"index":"index","follow":"follow","max-snippet":"max-snippet:-1","max-image-preview":"max-image-preview:large","max-video-preview":"max-video-preview:-1"},"canonical":"https:\/\/www.yoroow.com\/fr\/detail-du-produit\/accessoires-robinetterie-laiton-cartouche-salle-de-bain-corps-zinc-vanne-dangle\/","og_locale":"fr_FR","og_type":"article","og_title":"Modern 9\/16\" Angle Valve for Sanitary Bathroom Durable Brass & Zinc Material for Hotel Faucets","og_description":"Modern 9\/16\" angle valve crafted from brass and zinc. Durable and reliable for sanitary bathroom use in hotels. Chinese factory ensures quality control and cost efficiency for export to South America and Southeast Asia.","og_url":"https:\/\/www.yoroow.com\/fr\/detail-du-produit\/accessoires-robinetterie-laiton-cartouche-salle-de-bain-corps-zinc-vanne-dangle\/","og_site_name":"YOROOW","article_publisher":"https:\/\/www.facebook.com\/people\/yoroowfaucetfactory\/61564236752362\/","article_modified_time":"2025-05-16T01:17:05+00:00","og_image":[{"width":800,"height":800,"url":"https:\/\/www.yoroow.com\/wp-content\/uploads\/2025\/01\/\u4e3b\u56fe_1-18.jpg","type":"image\/jpeg"}],"twitter_card":"summary_large_image","twitter_misc":{"Dur\u00e9e de lecture estim\u00e9e":"1 minute"},"schema":{"@context":"https:\/\/schema.org","@graph":[{"@type":"WebPage","@id":"https:\/\/www.yoroow.com\/fr\/detail-du-produit\/accessoires-robinetterie-laiton-cartouche-salle-de-bain-corps-zinc-vanne-dangle\/","url":"https:\/\/www.yoroow.com\/fr\/detail-du-produit\/accessoires-robinetterie-laiton-cartouche-salle-de-bain-corps-zinc-vanne-dangle\/","name":"Modern 9\/16\" Angle Valve for Sanitary Bathroom Durable Brass & Zinc Material for Hotel Faucets - YOROOW","isPartOf":{"@id":"https:\/\/www.yoroow.com\/fr\/#website"},"primaryImageOfPage":{"@id":"https:\/\/www.yoroow.com\/fr\/detail-du-produit\/accessoires-robinetterie-laiton-cartouche-salle-de-bain-corps-zinc-vanne-dangle\/#primaryimage"},"image":{"@id":"https:\/\/www.yoroow.com\/fr\/detail-du-produit\/accessoires-robinetterie-laiton-cartouche-salle-de-bain-corps-zinc-vanne-dangle\/#primaryimage"},"thumbnailUrl":"https:\/\/www.yoroow.com\/wp-content\/uploads\/2025\/01\/\u4e3b\u56fe_1-18.jpg","datePublished":"2025-01-23T07:20:20+00:00","dateModified":"2025-05-16T01:17:05+00:00","description":"Modern 9\/16\" angle valve crafted from brass and zinc. Durable and reliable for sanitary bathroom use in hotels. Chinese factory ensures quality control and cost efficiency for export to South America and Southeast Asia.","breadcrumb":{"@id":"https:\/\/www.yoroow.com\/fr\/detail-du-produit\/accessoires-robinetterie-laiton-cartouche-salle-de-bain-corps-zinc-vanne-dangle\/#breadcrumb"},"inLanguage":"fr-FR","potentialAction":[{"@type":"ReadAction","target":["https:\/\/www.yoroow.com\/fr\/detail-du-produit\/accessoires-robinetterie-laiton-cartouche-salle-de-bain-corps-zinc-vanne-dangle\/"]}]},{"@type":"ImageObject","inLanguage":"fr-FR","@id":"https:\/\/www.yoroow.com\/fr\/detail-du-produit\/accessoires-robinetterie-laiton-cartouche-salle-de-bain-corps-zinc-vanne-dangle\/#primaryimage","url":"https:\/\/www.yoroow.com\/wp-content\/uploads\/2025\/01\/\u4e3b\u56fe_1-18.jpg","contentUrl":"https:\/\/www.yoroow.com\/wp-content\/uploads\/2025\/01\/\u4e3b\u56fe_1-18.jpg","width":800,"height":800,"caption":"Modern 9\/16\" Angle Valve for Sanitary Bathroom Durable Brass & Zinc Material for Hotel Faucets"},{"@type":"BreadcrumbList","@id":"https:\/\/www.yoroow.com\/fr\/detail-du-produit\/accessoires-robinetterie-laiton-cartouche-salle-de-bain-corps-zinc-vanne-dangle\/#breadcrumb","itemListElement":[{"@type":"ListItem","position":1,"name":"home","item":"https:\/\/www.yoroow.com\/"},{"@type":"ListItem","position":2,"name":"Product","item":"https:\/\/www.yoroow.com\/product\/"},{"@type":"ListItem","position":3,"name":"Modern 9\/16&#8243; Angle Valve for Sanitary Bathroom Durable Brass &#038; Zinc Material for Hotel Faucets"}]},{"@type":"WebSite","@id":"https:\/\/www.yoroow.com\/fr\/#website","url":"https:\/\/www.yoroow.com\/fr\/","name":"YOROOW","description":"","publisher":{"@id":"https:\/\/www.yoroow.com\/fr\/#organization"},"potentialAction":[{"@type":"SearchAction","target":{"@type":"EntryPoint","urlTemplate":"https:\/\/www.yoroow.com\/fr\/?s={search_term_string}"},"query-input":{"@type":"PropertyValueSpecification","valueRequired":true,"valueName":"search_term_string"}}],"inLanguage":"fr-FR"},{"@type":"Organization","@id":"https:\/\/www.yoroow.com\/fr\/#organization","name":"YOROOW","url":"https:\/\/www.yoroow.com\/fr\/","logo":{"@type":"ImageObject","inLanguage":"fr-FR","@id":"https:\/\/www.yoroow.com\/fr\/#\/schema\/logo\/image\/","url":"https:\/\/www.yoroow.com\/wp-content\/uploads\/2024\/12\/2024123007131061.png","contentUrl":"https:\/\/www.yoroow.com\/wp-content\/uploads\/2024\/12\/2024123007131061.png","width":168,"height":27,"caption":"YOROOW"},"image":{"@id":"https:\/\/www.yoroow.com\/fr\/#\/schema\/logo\/image\/"},"sameAs":["https:\/\/www.facebook.com\/people\/yoroowfaucetfactory\/61564236752362\/"]}]}},"_links":{"self":[{"href":"https:\/\/www.yoroow.com\/fr\/wp-json\/wp\/v2\/product\/9271","targetHints":{"allow":["GET"]}}],"collection":[{"href":"https:\/\/www.yoroow.com\/fr\/wp-json\/wp\/v2\/product"}],"about":[{"href":"https:\/\/www.yoroow.com\/fr\/wp-json\/wp\/v2\/types\/product"}],"wp:featuredmedia":[{"embeddable":true,"href":"https:\/\/www.yoroow.com\/fr\/wp-json\/wp\/v2\/media\/9295"}],"wp:attachment":[{"href":"https:\/\/www.yoroow.com\/fr\/wp-json\/wp\/v2\/media?parent=9271"}],"wp:term":[{"taxonomy":"product_brand","embeddable":true,"href":"https:\/\/www.yoroow.com\/fr\/wp-json\/wp\/v2\/product_brand?post=9271"},{"taxonomy":"product_cat","embeddable":true,"href":"https:\/\/www.yoroow.com\/fr\/wp-json\/wp\/v2\/product_cat?post=9271"},{"taxonomy":"product_tag","embeddable":true,"href":"https:\/\/www.yoroow.com\/fr\/wp-json\/wp\/v2\/product_tag?post=9271"}],"curies":[{"name":"wp","href":"https:\/\/api.w.org\/{rel}","templated":true}]}}