{"id":4902,"date":"2024-12-20T15:21:08","date_gmt":"2024-12-20T07:21:08","guid":{"rendered":"https:\/\/www.yoroow.com\/?post_type=product&#038;p=4902"},"modified":"2025-05-16T09:14:03","modified_gmt":"2025-05-16T01:14:03","slug":"fabricant-chinois-de-robinets-de-lavabo-pour-eau-froide-chromee-poignee-en-zinc-corps-en-zinc-pour-salle-de-bain","status":"publish","type":"product","link":"https:\/\/www.yoroow.com\/fr\/detail-du-produit\/fabricant-chinois-de-robinets-de-lavabo-pour-eau-froide-chromee-poignee-en-zinc-corps-en-zinc-pour-salle-de-bain\/","title":{"rendered":"Robinets d'eau froide avec compteur Robinets de lavabo \u00e0 usages multiples pour entrep\u00f4ts Parcs Gymnases Supermarch\u00e9s Centres commerciaux Appartements Salles \u00e0 manger\/H\u00f4tels"},"content":{"rendered":"<p>Ce robinet d'eau froide \u00e0 compteur est con\u00e7u pour les zones \u00e0 forte fr\u00e9quentation telles que les entrep\u00f4ts, les parcs, les gymnases, les supermarch\u00e9s, les centres commerciaux et les h\u00f4tels, o\u00f9 la consommation d'eau doit \u00eatre r\u00e9gul\u00e9e efficacement. La conception \u00e0 compteur garantit que l'eau n'est distribu\u00e9e que pendant une dur\u00e9e sp\u00e9cifique, ce qui permet d'\u00e9conomiser l'eau dans les environnements commerciaux et industriels. Le robinet est fabriqu\u00e9 \u00e0 partir de mat\u00e9riaux durables, garantissant une performance fiable au fil du temps. Fabriqu\u00e9 en Chine, YOROOW offre des options de personnalisation flexibles et des solutions rentables pour l'exportation vers les march\u00e9s d'Am\u00e9rique du Sud et d'Asie du Sud-Est, o\u00f9 les pr\u00e9occupations environnementales et les mesures d'\u00e9conomie sont des priorit\u00e9s.<\/p>","protected":false},"excerpt":{"rendered":"<p>This cold water metered faucet is designed for high-traffic areas like warehouses, parks, gyms, supermarkets, malls, and hotels, where water usage needs to be regulated efficiently. The metered design ensures water is dispensed only for a specific amount of time, helping conserve water in commercial and industrial settings. The faucet is made of durable materials,&#8230;<\/p>","protected":false},"featured_media":5908,"template":"","meta":{"_acf_changed":false,"_kad_post_transparent":"default","_kad_post_title":"","_kad_post_layout":"default","_kad_post_sidebar_id":"","_kad_post_content_style":"default","_kad_post_vertical_padding":"default","_kad_post_feature":"","_kad_post_feature_position":"","_kad_post_header":false,"_kad_post_footer":false},"product_brand":[],"product_cat":[219],"product_tag":[3505,3436],"class_list":{"0":"post-4902","1":"product","2":"type-product","3":"status-publish","4":"has-post-thumbnail","6":"product_cat-single-cold-basin-faucet","7":"product_tag-basin-taps","8":"product_tag-wash-basin-tap","10":"first","11":"instock","12":"shipping-taxable","13":"purchasable","14":"product-type-variable","15":"wvs-archive-product-wrapper","16":"entry","17":"content-bg","18":"loop-entry"},"acf":[],"yoast_head":"<!-- This site is optimized with the Yoast SEO Premium plugin v25.4 (Yoast SEO v27.0) - https:\/\/yoast.com\/product\/yoast-seo-premium-wordpress\/ -->\n<title>Cold Water Metered Faucets Multi-Usage Basin Taps for Warehouses Parks Gyms Supermarkets Malls Apartments Dining\/Hotel Areas - YOROOW<\/title>\n<meta name=\"description\" content=\"Modern Zinc Alloy Single Cold Water Kitchen Faucet offers deck-mounted installation and single-handle operation. Made in China with durable materials and attractive finishes. Exported to South America and Southeast Asia for quality and affordable kitchen plumbing solutions.\" \/>\n<meta name=\"robots\" content=\"index, follow, max-snippet:-1, max-image-preview:large, max-video-preview:-1\" \/>\n<link rel=\"canonical\" href=\"https:\/\/www.yoroow.com\/fr\/detail-du-produit\/fabricant-chinois-de-robinets-de-lavabo-pour-eau-froide-chromee-poignee-en-zinc-corps-en-zinc-pour-salle-de-bain\/\" \/>\n<meta property=\"og:locale\" content=\"fr_FR\" \/>\n<meta property=\"og:type\" content=\"article\" \/>\n<meta property=\"og:title\" content=\"Cold Water Metered Faucets Multi-Usage Basin Taps for Warehouses Parks Gyms Supermarkets Malls Apartments Dining\/Hotel Areas\" \/>\n<meta property=\"og:description\" content=\"Modern Zinc Alloy Single Cold Water Kitchen Faucet offers deck-mounted installation and single-handle operation. Made in China with durable materials and attractive finishes. Exported to South America and Southeast Asia for quality and affordable kitchen plumbing solutions.\" \/>\n<meta property=\"og:url\" content=\"https:\/\/www.yoroow.com\/fr\/detail-du-produit\/fabricant-chinois-de-robinets-de-lavabo-pour-eau-froide-chromee-poignee-en-zinc-corps-en-zinc-pour-salle-de-bain\/\" \/>\n<meta property=\"og:site_name\" content=\"YOROOW\" \/>\n<meta property=\"article:publisher\" content=\"https:\/\/www.facebook.com\/people\/yoroowfaucetfactory\/61564236752362\/\" \/>\n<meta property=\"article:modified_time\" content=\"2025-05-16T01:14:03+00:00\" \/>\n<meta property=\"og:image\" content=\"https:\/\/www.yoroow.com\/wp-content\/uploads\/2024\/12\/2024122109131392-e1739408372804.jpg\" \/>\n\t<meta property=\"og:image:width\" content=\"685\" \/>\n\t<meta property=\"og:image:height\" content=\"685\" \/>\n\t<meta property=\"og:image:type\" content=\"image\/jpeg\" \/>\n<meta name=\"twitter:card\" content=\"summary_large_image\" \/>\n<meta name=\"twitter:label1\" content=\"Dur\u00e9e de lecture estim\u00e9e\" \/>\n\t<meta name=\"twitter:data1\" content=\"1 minute\" \/>\n<script type=\"application\/ld+json\" class=\"yoast-schema-graph\">{\"@context\":\"https:\/\/schema.org\",\"@graph\":[{\"@type\":\"WebPage\",\"@id\":\"https:\/\/www.yoroow.com\/fr\/detail-du-produit\/fabricant-chinois-de-robinets-de-lavabo-pour-eau-froide-chromee-poignee-en-zinc-corps-en-zinc-pour-salle-de-bain\/\",\"url\":\"https:\/\/www.yoroow.com\/fr\/detail-du-produit\/fabricant-chinois-de-robinets-de-lavabo-pour-eau-froide-chromee-poignee-en-zinc-corps-en-zinc-pour-salle-de-bain\/\",\"name\":\"Cold Water Metered Faucets Multi-Usage Basin Taps for Warehouses Parks Gyms Supermarkets Malls Apartments Dining\/Hotel Areas - YOROOW\",\"isPartOf\":{\"@id\":\"https:\/\/www.yoroow.com\/fr\/#website\"},\"primaryImageOfPage\":{\"@id\":\"https:\/\/www.yoroow.com\/fr\/detail-du-produit\/fabricant-chinois-de-robinets-de-lavabo-pour-eau-froide-chromee-poignee-en-zinc-corps-en-zinc-pour-salle-de-bain\/#primaryimage\"},\"image\":{\"@id\":\"https:\/\/www.yoroow.com\/fr\/detail-du-produit\/fabricant-chinois-de-robinets-de-lavabo-pour-eau-froide-chromee-poignee-en-zinc-corps-en-zinc-pour-salle-de-bain\/#primaryimage\"},\"thumbnailUrl\":\"https:\/\/www.yoroow.com\/wp-content\/uploads\/2024\/12\/2024122109131392-e1739408372804.jpg\",\"datePublished\":\"2024-12-20T07:21:08+00:00\",\"dateModified\":\"2025-05-16T01:14:03+00:00\",\"description\":\"Modern Zinc Alloy Single Cold Water Kitchen Faucet offers deck-mounted installation and single-handle operation. Made in China with durable materials and attractive finishes. Exported to South America and Southeast Asia for quality and affordable kitchen plumbing solutions.\",\"breadcrumb\":{\"@id\":\"https:\/\/www.yoroow.com\/fr\/detail-du-produit\/fabricant-chinois-de-robinets-de-lavabo-pour-eau-froide-chromee-poignee-en-zinc-corps-en-zinc-pour-salle-de-bain\/#breadcrumb\"},\"inLanguage\":\"fr-FR\",\"potentialAction\":[{\"@type\":\"ReadAction\",\"target\":[\"https:\/\/www.yoroow.com\/fr\/detail-du-produit\/fabricant-chinois-de-robinets-de-lavabo-pour-eau-froide-chromee-poignee-en-zinc-corps-en-zinc-pour-salle-de-bain\/\"]}]},{\"@type\":\"ImageObject\",\"inLanguage\":\"fr-FR\",\"@id\":\"https:\/\/www.yoroow.com\/fr\/detail-du-produit\/fabricant-chinois-de-robinets-de-lavabo-pour-eau-froide-chromee-poignee-en-zinc-corps-en-zinc-pour-salle-de-bain\/#primaryimage\",\"url\":\"https:\/\/www.yoroow.com\/wp-content\/uploads\/2024\/12\/2024122109131392-e1739408372804.jpg\",\"contentUrl\":\"https:\/\/www.yoroow.com\/wp-content\/uploads\/2024\/12\/2024122109131392-e1739408372804.jpg\",\"width\":685,\"height\":685,\"caption\":\"Cold Water Metered Faucets Multi-Usage Basin Taps for Warehouses Parks Gyms Supermarkets Malls Apartments Dining\/Hotel Areas\"},{\"@type\":\"BreadcrumbList\",\"@id\":\"https:\/\/www.yoroow.com\/fr\/detail-du-produit\/fabricant-chinois-de-robinets-de-lavabo-pour-eau-froide-chromee-poignee-en-zinc-corps-en-zinc-pour-salle-de-bain\/#breadcrumb\",\"itemListElement\":[{\"@type\":\"ListItem\",\"position\":1,\"name\":\"home\",\"item\":\"https:\/\/www.yoroow.com\/\"},{\"@type\":\"ListItem\",\"position\":2,\"name\":\"Product\",\"item\":\"https:\/\/www.yoroow.com\/product\/\"},{\"@type\":\"ListItem\",\"position\":3,\"name\":\"Cold Water Metered Faucets Multi-Usage Basin Taps for Warehouses Parks Gyms Supermarkets Malls Apartments Dining\/Hotel Areas\"}]},{\"@type\":\"WebSite\",\"@id\":\"https:\/\/www.yoroow.com\/fr\/#website\",\"url\":\"https:\/\/www.yoroow.com\/fr\/\",\"name\":\"YOROOW\",\"description\":\"\",\"publisher\":{\"@id\":\"https:\/\/www.yoroow.com\/fr\/#organization\"},\"potentialAction\":[{\"@type\":\"SearchAction\",\"target\":{\"@type\":\"EntryPoint\",\"urlTemplate\":\"https:\/\/www.yoroow.com\/fr\/?s={search_term_string}\"},\"query-input\":{\"@type\":\"PropertyValueSpecification\",\"valueRequired\":true,\"valueName\":\"search_term_string\"}}],\"inLanguage\":\"fr-FR\"},{\"@type\":\"Organization\",\"@id\":\"https:\/\/www.yoroow.com\/fr\/#organization\",\"name\":\"YOROOW\",\"url\":\"https:\/\/www.yoroow.com\/fr\/\",\"logo\":{\"@type\":\"ImageObject\",\"inLanguage\":\"fr-FR\",\"@id\":\"https:\/\/www.yoroow.com\/fr\/#\/schema\/logo\/image\/\",\"url\":\"https:\/\/www.yoroow.com\/wp-content\/uploads\/2024\/12\/2024123007131061.png\",\"contentUrl\":\"https:\/\/www.yoroow.com\/wp-content\/uploads\/2024\/12\/2024123007131061.png\",\"width\":168,\"height\":27,\"caption\":\"YOROOW\"},\"image\":{\"@id\":\"https:\/\/www.yoroow.com\/fr\/#\/schema\/logo\/image\/\"},\"sameAs\":[\"https:\/\/www.facebook.com\/people\/yoroowfaucetfactory\/61564236752362\/\"]}]}<\/script>\n<!-- \/ Yoast SEO Premium plugin. -->","yoast_head_json":{"title":"Cold Water Metered Faucets Multi-Usage Basin Taps for Warehouses Parks Gyms Supermarkets Malls Apartments Dining\/Hotel Areas - YOROOW","description":"Modern Zinc Alloy Single Cold Water Kitchen Faucet offers deck-mounted installation and single-handle operation. Made in China with durable materials and attractive finishes. Exported to South America and Southeast Asia for quality and affordable kitchen plumbing solutions.","robots":{"index":"index","follow":"follow","max-snippet":"max-snippet:-1","max-image-preview":"max-image-preview:large","max-video-preview":"max-video-preview:-1"},"canonical":"https:\/\/www.yoroow.com\/fr\/detail-du-produit\/fabricant-chinois-de-robinets-de-lavabo-pour-eau-froide-chromee-poignee-en-zinc-corps-en-zinc-pour-salle-de-bain\/","og_locale":"fr_FR","og_type":"article","og_title":"Cold Water Metered Faucets Multi-Usage Basin Taps for Warehouses Parks Gyms Supermarkets Malls Apartments Dining\/Hotel Areas","og_description":"Modern Zinc Alloy Single Cold Water Kitchen Faucet offers deck-mounted installation and single-handle operation. Made in China with durable materials and attractive finishes. Exported to South America and Southeast Asia for quality and affordable kitchen plumbing solutions.","og_url":"https:\/\/www.yoroow.com\/fr\/detail-du-produit\/fabricant-chinois-de-robinets-de-lavabo-pour-eau-froide-chromee-poignee-en-zinc-corps-en-zinc-pour-salle-de-bain\/","og_site_name":"YOROOW","article_publisher":"https:\/\/www.facebook.com\/people\/yoroowfaucetfactory\/61564236752362\/","article_modified_time":"2025-05-16T01:14:03+00:00","og_image":[{"width":685,"height":685,"url":"https:\/\/www.yoroow.com\/wp-content\/uploads\/2024\/12\/2024122109131392-e1739408372804.jpg","type":"image\/jpeg"}],"twitter_card":"summary_large_image","twitter_misc":{"Dur\u00e9e de lecture estim\u00e9e":"1 minute"},"schema":{"@context":"https:\/\/schema.org","@graph":[{"@type":"WebPage","@id":"https:\/\/www.yoroow.com\/fr\/detail-du-produit\/fabricant-chinois-de-robinets-de-lavabo-pour-eau-froide-chromee-poignee-en-zinc-corps-en-zinc-pour-salle-de-bain\/","url":"https:\/\/www.yoroow.com\/fr\/detail-du-produit\/fabricant-chinois-de-robinets-de-lavabo-pour-eau-froide-chromee-poignee-en-zinc-corps-en-zinc-pour-salle-de-bain\/","name":"Cold Water Metered Faucets Multi-Usage Basin Taps for Warehouses Parks Gyms Supermarkets Malls Apartments Dining\/Hotel Areas - YOROOW","isPartOf":{"@id":"https:\/\/www.yoroow.com\/fr\/#website"},"primaryImageOfPage":{"@id":"https:\/\/www.yoroow.com\/fr\/detail-du-produit\/fabricant-chinois-de-robinets-de-lavabo-pour-eau-froide-chromee-poignee-en-zinc-corps-en-zinc-pour-salle-de-bain\/#primaryimage"},"image":{"@id":"https:\/\/www.yoroow.com\/fr\/detail-du-produit\/fabricant-chinois-de-robinets-de-lavabo-pour-eau-froide-chromee-poignee-en-zinc-corps-en-zinc-pour-salle-de-bain\/#primaryimage"},"thumbnailUrl":"https:\/\/www.yoroow.com\/wp-content\/uploads\/2024\/12\/2024122109131392-e1739408372804.jpg","datePublished":"2024-12-20T07:21:08+00:00","dateModified":"2025-05-16T01:14:03+00:00","description":"Modern Zinc Alloy Single Cold Water Kitchen Faucet offers deck-mounted installation and single-handle operation. Made in China with durable materials and attractive finishes. Exported to South America and Southeast Asia for quality and affordable kitchen plumbing solutions.","breadcrumb":{"@id":"https:\/\/www.yoroow.com\/fr\/detail-du-produit\/fabricant-chinois-de-robinets-de-lavabo-pour-eau-froide-chromee-poignee-en-zinc-corps-en-zinc-pour-salle-de-bain\/#breadcrumb"},"inLanguage":"fr-FR","potentialAction":[{"@type":"ReadAction","target":["https:\/\/www.yoroow.com\/fr\/detail-du-produit\/fabricant-chinois-de-robinets-de-lavabo-pour-eau-froide-chromee-poignee-en-zinc-corps-en-zinc-pour-salle-de-bain\/"]}]},{"@type":"ImageObject","inLanguage":"fr-FR","@id":"https:\/\/www.yoroow.com\/fr\/detail-du-produit\/fabricant-chinois-de-robinets-de-lavabo-pour-eau-froide-chromee-poignee-en-zinc-corps-en-zinc-pour-salle-de-bain\/#primaryimage","url":"https:\/\/www.yoroow.com\/wp-content\/uploads\/2024\/12\/2024122109131392-e1739408372804.jpg","contentUrl":"https:\/\/www.yoroow.com\/wp-content\/uploads\/2024\/12\/2024122109131392-e1739408372804.jpg","width":685,"height":685,"caption":"Cold Water Metered Faucets Multi-Usage Basin Taps for Warehouses Parks Gyms Supermarkets Malls Apartments Dining\/Hotel Areas"},{"@type":"BreadcrumbList","@id":"https:\/\/www.yoroow.com\/fr\/detail-du-produit\/fabricant-chinois-de-robinets-de-lavabo-pour-eau-froide-chromee-poignee-en-zinc-corps-en-zinc-pour-salle-de-bain\/#breadcrumb","itemListElement":[{"@type":"ListItem","position":1,"name":"home","item":"https:\/\/www.yoroow.com\/"},{"@type":"ListItem","position":2,"name":"Product","item":"https:\/\/www.yoroow.com\/product\/"},{"@type":"ListItem","position":3,"name":"Cold Water Metered Faucets Multi-Usage Basin Taps for Warehouses Parks Gyms Supermarkets Malls Apartments Dining\/Hotel Areas"}]},{"@type":"WebSite","@id":"https:\/\/www.yoroow.com\/fr\/#website","url":"https:\/\/www.yoroow.com\/fr\/","name":"YOROOW","description":"","publisher":{"@id":"https:\/\/www.yoroow.com\/fr\/#organization"},"potentialAction":[{"@type":"SearchAction","target":{"@type":"EntryPoint","urlTemplate":"https:\/\/www.yoroow.com\/fr\/?s={search_term_string}"},"query-input":{"@type":"PropertyValueSpecification","valueRequired":true,"valueName":"search_term_string"}}],"inLanguage":"fr-FR"},{"@type":"Organization","@id":"https:\/\/www.yoroow.com\/fr\/#organization","name":"YOROOW","url":"https:\/\/www.yoroow.com\/fr\/","logo":{"@type":"ImageObject","inLanguage":"fr-FR","@id":"https:\/\/www.yoroow.com\/fr\/#\/schema\/logo\/image\/","url":"https:\/\/www.yoroow.com\/wp-content\/uploads\/2024\/12\/2024123007131061.png","contentUrl":"https:\/\/www.yoroow.com\/wp-content\/uploads\/2024\/12\/2024123007131061.png","width":168,"height":27,"caption":"YOROOW"},"image":{"@id":"https:\/\/www.yoroow.com\/fr\/#\/schema\/logo\/image\/"},"sameAs":["https:\/\/www.facebook.com\/people\/yoroowfaucetfactory\/61564236752362\/"]}]}},"_links":{"self":[{"href":"https:\/\/www.yoroow.com\/fr\/wp-json\/wp\/v2\/product\/4902","targetHints":{"allow":["GET"]}}],"collection":[{"href":"https:\/\/www.yoroow.com\/fr\/wp-json\/wp\/v2\/product"}],"about":[{"href":"https:\/\/www.yoroow.com\/fr\/wp-json\/wp\/v2\/types\/product"}],"wp:featuredmedia":[{"embeddable":true,"href":"https:\/\/www.yoroow.com\/fr\/wp-json\/wp\/v2\/media\/5908"}],"wp:attachment":[{"href":"https:\/\/www.yoroow.com\/fr\/wp-json\/wp\/v2\/media?parent=4902"}],"wp:term":[{"taxonomy":"product_brand","embeddable":true,"href":"https:\/\/www.yoroow.com\/fr\/wp-json\/wp\/v2\/product_brand?post=4902"},{"taxonomy":"product_cat","embeddable":true,"href":"https:\/\/www.yoroow.com\/fr\/wp-json\/wp\/v2\/product_cat?post=4902"},{"taxonomy":"product_tag","embeddable":true,"href":"https:\/\/www.yoroow.com\/fr\/wp-json\/wp\/v2\/product_tag?post=4902"}],"curies":[{"name":"wp","href":"https:\/\/api.w.org\/{rel}","templated":true}]}}