{"id":4462,"date":"2024-12-19T16:24:56","date_gmt":"2024-12-19T08:24:56","guid":{"rendered":"https:\/\/www.yoroow.com\/?post_type=product&#038;p=4462"},"modified":"2025-05-16T09:12:43","modified_gmt":"2025-05-16T01:12:43","slug":"vente-hot-sale-304-stainless-steel-handheld-wall-mounted-sprayer-toilet-bidet-shattaf-set-bathroom-black-toilet-spray-gun","status":"publish","type":"product","link":"https:\/\/www.yoroow.com\/fr\/detail-du-produit\/vente-hot-sale-304-stainless-steel-handheld-wall-mounted-sprayer-toilet-bidet-shattaf-set-bathroom-black-toilet-spray-gun\/","title":{"rendered":"Hot Sale Stainless Steel Handheld Bidet Sprayer Best-Selling 304 Toilet Shower Set with Black Bathroom Spray Gun Quality Bidets"},"content":{"rendered":"<p>Ce pulv\u00e9risateur de bidet portatif est fabriqu\u00e9 en acier inoxydable 304 de haute qualit\u00e9, offrant une durabilit\u00e9 sup\u00e9rieure et une r\u00e9sistance \u00e0 la corrosion. Le design noir du pistolet de salle de bains ajoute une touche de modernit\u00e9 tout en garantissant un d\u00e9bit d'eau efficace. Il est parfait pour un usage r\u00e9sidentiel et commercial, en particulier en Am\u00e9rique du Sud et en Asie du Sud-Est, o\u00f9 les bidets sont de plus en plus populaires. L'expertise de notre usine en mati\u00e8re de fabrication et d'exportation nous permet de fournir des pulv\u00e9risateurs de bidet de haute qualit\u00e9 et d'un bon rapport qualit\u00e9-prix, adapt\u00e9s aux besoins de ces r\u00e9gions, en mettant l'accent sur la fiabilit\u00e9 et la conservation de l'eau.<\/p>","protected":false},"excerpt":{"rendered":"<p>Ce pulv\u00e9risateur de bidet portatif est fabriqu\u00e9 en acier inoxydable 304 de haute qualit\u00e9, offrant une durabilit\u00e9 sup\u00e9rieure et une r\u00e9sistance \u00e0 la corrosion. Le design noir du pistolet de salle de bains ajoute une touche de modernit\u00e9 tout en garantissant un d\u00e9bit d'eau efficace. Parfait pour un usage r\u00e9sidentiel et commercial, en particulier en Am\u00e9rique du Sud et en Asie du Sud-Est, o\u00f9 les bidets sont de plus en plus populaires. L'expertise de notre usine...<\/p>","protected":false},"featured_media":19338,"template":"","meta":{"_acf_changed":false,"_kad_post_transparent":"default","_kad_post_title":"","_kad_post_layout":"default","_kad_post_sidebar_id":"","_kad_post_content_style":"default","_kad_post_vertical_padding":"default","_kad_post_feature":"","_kad_post_feature_position":"","_kad_post_header":false,"_kad_post_footer":false},"product_brand":[],"product_cat":[132,7864],"product_tag":[3678,3514],"class_list":{"0":"post-4462","1":"product","2":"type-product","3":"status-publish","4":"has-post-thumbnail","6":"product_cat-bidet-sprayer","7":"product_cat-c-bidetsprayer","8":"product_tag-best-seller-bidet-sprayer","9":"product_tag-stainless-steel-toilet-handheld-bidet-shower-spray","11":"first","12":"instock","13":"shipping-taxable","14":"purchasable","15":"product-type-variable","16":"wvs-archive-product-wrapper","17":"entry","18":"content-bg","19":"loop-entry"},"acf":[],"yoast_head":"<!-- This site is optimized with the Yoast SEO Premium plugin v25.4 (Yoast SEO v27.0) - https:\/\/yoast.com\/product\/yoast-seo-premium-wordpress\/ -->\n<title>Hot Sale Stainless Steel Handheld Bidet Sprayer Best-Selling 304 Toilet Shower Set with Black Bathroom Spray Gun Quality Bidets - YOROOW<\/title>\n<meta name=\"description\" content=\"Hot Sale Stainless Steel Handheld Bidet Sprayer set includes 304 toilet shower with black bathroom spray gun, offering adjustable water pressure. Made in China with stainless steel, suitable for hygienic use. Exported primarily to South America and Southeast Asia, targeting growing bidet markets.\" \/>\n<meta name=\"robots\" content=\"index, follow, max-snippet:-1, max-image-preview:large, max-video-preview:-1\" \/>\n<link rel=\"canonical\" href=\"https:\/\/www.yoroow.com\/fr\/detail-du-produit\/vente-hot-sale-304-stainless-steel-handheld-wall-mounted-sprayer-toilet-bidet-shattaf-set-bathroom-black-toilet-spray-gun\/\" \/>\n<meta property=\"og:locale\" content=\"fr_FR\" \/>\n<meta property=\"og:type\" content=\"article\" \/>\n<meta property=\"og:title\" content=\"Hot Sale Stainless Steel Handheld Bidet Sprayer Best-Selling 304 Toilet Shower Set with Black Bathroom Spray Gun Quality Bidets\" \/>\n<meta property=\"og:description\" content=\"Hot Sale Stainless Steel Handheld Bidet Sprayer set includes 304 toilet shower with black bathroom spray gun, offering adjustable water pressure. Made in China with stainless steel, suitable for hygienic use. Exported primarily to South America and Southeast Asia, targeting growing bidet markets.\" \/>\n<meta property=\"og:url\" content=\"https:\/\/www.yoroow.com\/fr\/detail-du-produit\/vente-hot-sale-304-stainless-steel-handheld-wall-mounted-sprayer-toilet-bidet-shattaf-set-bathroom-black-toilet-spray-gun\/\" \/>\n<meta property=\"og:site_name\" content=\"YOROOW\" \/>\n<meta property=\"article:publisher\" content=\"https:\/\/www.facebook.com\/people\/yoroowfaucetfactory\/61564236752362\/\" \/>\n<meta property=\"article:modified_time\" content=\"2025-05-16T01:12:43+00:00\" \/>\n<meta property=\"og:image\" content=\"https:\/\/www.yoroow.com\/wp-content\/uploads\/2024\/12\/2025010201501684-300x300-2.jpg\" \/>\n\t<meta property=\"og:image:width\" content=\"300\" \/>\n\t<meta property=\"og:image:height\" content=\"300\" \/>\n\t<meta property=\"og:image:type\" content=\"image\/jpeg\" \/>\n<meta name=\"twitter:card\" content=\"summary_large_image\" \/>\n<meta name=\"twitter:label1\" content=\"Dur\u00e9e de lecture estim\u00e9e\" \/>\n\t<meta name=\"twitter:data1\" content=\"2 minutes\" \/>\n<script type=\"application\/ld+json\" class=\"yoast-schema-graph\">{\"@context\":\"https:\/\/schema.org\",\"@graph\":[{\"@type\":\"WebPage\",\"@id\":\"https:\/\/www.yoroow.com\/fr\/detail-du-produit\/vente-hot-sale-304-stainless-steel-handheld-wall-mounted-sprayer-toilet-bidet-shattaf-set-bathroom-black-toilet-spray-gun\/\",\"url\":\"https:\/\/www.yoroow.com\/fr\/detail-du-produit\/vente-hot-sale-304-stainless-steel-handheld-wall-mounted-sprayer-toilet-bidet-shattaf-set-bathroom-black-toilet-spray-gun\/\",\"name\":\"Hot Sale Stainless Steel Handheld Bidet Sprayer Best-Selling 304 Toilet Shower Set with Black Bathroom Spray Gun Quality Bidets - YOROOW\",\"isPartOf\":{\"@id\":\"https:\/\/www.yoroow.com\/fr\/#website\"},\"primaryImageOfPage\":{\"@id\":\"https:\/\/www.yoroow.com\/fr\/detail-du-produit\/vente-hot-sale-304-stainless-steel-handheld-wall-mounted-sprayer-toilet-bidet-shattaf-set-bathroom-black-toilet-spray-gun\/#primaryimage\"},\"image\":{\"@id\":\"https:\/\/www.yoroow.com\/fr\/detail-du-produit\/vente-hot-sale-304-stainless-steel-handheld-wall-mounted-sprayer-toilet-bidet-shattaf-set-bathroom-black-toilet-spray-gun\/#primaryimage\"},\"thumbnailUrl\":\"https:\/\/www.yoroow.com\/wp-content\/uploads\/2024\/12\/2025010201501684-300x300-2.jpg\",\"datePublished\":\"2024-12-19T08:24:56+00:00\",\"dateModified\":\"2025-05-16T01:12:43+00:00\",\"description\":\"Hot Sale Stainless Steel Handheld Bidet Sprayer set includes 304 toilet shower with black bathroom spray gun, offering adjustable water pressure. Made in China with stainless steel, suitable for hygienic use. Exported primarily to South America and Southeast Asia, targeting growing bidet markets.\",\"breadcrumb\":{\"@id\":\"https:\/\/www.yoroow.com\/fr\/detail-du-produit\/vente-hot-sale-304-stainless-steel-handheld-wall-mounted-sprayer-toilet-bidet-shattaf-set-bathroom-black-toilet-spray-gun\/#breadcrumb\"},\"inLanguage\":\"fr-FR\",\"potentialAction\":[{\"@type\":\"ReadAction\",\"target\":[\"https:\/\/www.yoroow.com\/fr\/detail-du-produit\/vente-hot-sale-304-stainless-steel-handheld-wall-mounted-sprayer-toilet-bidet-shattaf-set-bathroom-black-toilet-spray-gun\/\"]}]},{\"@type\":\"ImageObject\",\"inLanguage\":\"fr-FR\",\"@id\":\"https:\/\/www.yoroow.com\/fr\/detail-du-produit\/vente-hot-sale-304-stainless-steel-handheld-wall-mounted-sprayer-toilet-bidet-shattaf-set-bathroom-black-toilet-spray-gun\/#primaryimage\",\"url\":\"https:\/\/www.yoroow.com\/wp-content\/uploads\/2024\/12\/2025010201501684-300x300-2.jpg\",\"contentUrl\":\"https:\/\/www.yoroow.com\/wp-content\/uploads\/2024\/12\/2025010201501684-300x300-2.jpg\",\"width\":300,\"height\":300,\"caption\":\"Hot Sale Stainless Steel Handheld Bidet Sprayer Best-Selling 304 Toilet Shower Set with Black Bathroom Spray Gun Quality Bidets\"},{\"@type\":\"BreadcrumbList\",\"@id\":\"https:\/\/www.yoroow.com\/fr\/detail-du-produit\/vente-hot-sale-304-stainless-steel-handheld-wall-mounted-sprayer-toilet-bidet-shattaf-set-bathroom-black-toilet-spray-gun\/#breadcrumb\",\"itemListElement\":[{\"@type\":\"ListItem\",\"position\":1,\"name\":\"home\",\"item\":\"https:\/\/www.yoroow.com\/\"},{\"@type\":\"ListItem\",\"position\":2,\"name\":\"Product\",\"item\":\"https:\/\/www.yoroow.com\/product\/\"},{\"@type\":\"ListItem\",\"position\":3,\"name\":\"Hot Sale Stainless Steel Handheld Bidet Sprayer Best-Selling 304 Toilet Shower Set with Black Bathroom Spray Gun Quality Bidets\"}]},{\"@type\":\"WebSite\",\"@id\":\"https:\/\/www.yoroow.com\/fr\/#website\",\"url\":\"https:\/\/www.yoroow.com\/fr\/\",\"name\":\"YOROOW\",\"description\":\"\",\"publisher\":{\"@id\":\"https:\/\/www.yoroow.com\/fr\/#organization\"},\"potentialAction\":[{\"@type\":\"SearchAction\",\"target\":{\"@type\":\"EntryPoint\",\"urlTemplate\":\"https:\/\/www.yoroow.com\/fr\/?s={search_term_string}\"},\"query-input\":{\"@type\":\"PropertyValueSpecification\",\"valueRequired\":true,\"valueName\":\"search_term_string\"}}],\"inLanguage\":\"fr-FR\"},{\"@type\":\"Organization\",\"@id\":\"https:\/\/www.yoroow.com\/fr\/#organization\",\"name\":\"YOROOW\",\"url\":\"https:\/\/www.yoroow.com\/fr\/\",\"logo\":{\"@type\":\"ImageObject\",\"inLanguage\":\"fr-FR\",\"@id\":\"https:\/\/www.yoroow.com\/fr\/#\/schema\/logo\/image\/\",\"url\":\"https:\/\/www.yoroow.com\/wp-content\/uploads\/2024\/12\/2024123007131061.png\",\"contentUrl\":\"https:\/\/www.yoroow.com\/wp-content\/uploads\/2024\/12\/2024123007131061.png\",\"width\":168,\"height\":27,\"caption\":\"YOROOW\"},\"image\":{\"@id\":\"https:\/\/www.yoroow.com\/fr\/#\/schema\/logo\/image\/\"},\"sameAs\":[\"https:\/\/www.facebook.com\/people\/yoroowfaucetfactory\/61564236752362\/\"]}]}<\/script>\n<!-- \/ Yoast SEO Premium plugin. -->","yoast_head_json":{"title":"Hot Sale Stainless Steel Handheld Bidet Sprayer Best-Selling 304 Toilet Shower Set with Black Bathroom Spray Gun Quality Bidets - YOROOW","description":"Hot Sale Stainless Steel Handheld Bidet Sprayer set includes 304 toilet shower with black bathroom spray gun, offering adjustable water pressure. Made in China with stainless steel, suitable for hygienic use. Exported primarily to South America and Southeast Asia, targeting growing bidet markets.","robots":{"index":"index","follow":"follow","max-snippet":"max-snippet:-1","max-image-preview":"max-image-preview:large","max-video-preview":"max-video-preview:-1"},"canonical":"https:\/\/www.yoroow.com\/fr\/detail-du-produit\/vente-hot-sale-304-stainless-steel-handheld-wall-mounted-sprayer-toilet-bidet-shattaf-set-bathroom-black-toilet-spray-gun\/","og_locale":"fr_FR","og_type":"article","og_title":"Hot Sale Stainless Steel Handheld Bidet Sprayer Best-Selling 304 Toilet Shower Set with Black Bathroom Spray Gun Quality Bidets","og_description":"Hot Sale Stainless Steel Handheld Bidet Sprayer set includes 304 toilet shower with black bathroom spray gun, offering adjustable water pressure. Made in China with stainless steel, suitable for hygienic use. Exported primarily to South America and Southeast Asia, targeting growing bidet markets.","og_url":"https:\/\/www.yoroow.com\/fr\/detail-du-produit\/vente-hot-sale-304-stainless-steel-handheld-wall-mounted-sprayer-toilet-bidet-shattaf-set-bathroom-black-toilet-spray-gun\/","og_site_name":"YOROOW","article_publisher":"https:\/\/www.facebook.com\/people\/yoroowfaucetfactory\/61564236752362\/","article_modified_time":"2025-05-16T01:12:43+00:00","og_image":[{"width":300,"height":300,"url":"https:\/\/www.yoroow.com\/wp-content\/uploads\/2024\/12\/2025010201501684-300x300-2.jpg","type":"image\/jpeg"}],"twitter_card":"summary_large_image","twitter_misc":{"Dur\u00e9e de lecture estim\u00e9e":"2 minutes"},"schema":{"@context":"https:\/\/schema.org","@graph":[{"@type":"WebPage","@id":"https:\/\/www.yoroow.com\/fr\/detail-du-produit\/vente-hot-sale-304-stainless-steel-handheld-wall-mounted-sprayer-toilet-bidet-shattaf-set-bathroom-black-toilet-spray-gun\/","url":"https:\/\/www.yoroow.com\/fr\/detail-du-produit\/vente-hot-sale-304-stainless-steel-handheld-wall-mounted-sprayer-toilet-bidet-shattaf-set-bathroom-black-toilet-spray-gun\/","name":"Hot Sale Stainless Steel Handheld Bidet Sprayer Best-Selling 304 Toilet Shower Set with Black Bathroom Spray Gun Quality Bidets - YOROOW","isPartOf":{"@id":"https:\/\/www.yoroow.com\/fr\/#website"},"primaryImageOfPage":{"@id":"https:\/\/www.yoroow.com\/fr\/detail-du-produit\/vente-hot-sale-304-stainless-steel-handheld-wall-mounted-sprayer-toilet-bidet-shattaf-set-bathroom-black-toilet-spray-gun\/#primaryimage"},"image":{"@id":"https:\/\/www.yoroow.com\/fr\/detail-du-produit\/vente-hot-sale-304-stainless-steel-handheld-wall-mounted-sprayer-toilet-bidet-shattaf-set-bathroom-black-toilet-spray-gun\/#primaryimage"},"thumbnailUrl":"https:\/\/www.yoroow.com\/wp-content\/uploads\/2024\/12\/2025010201501684-300x300-2.jpg","datePublished":"2024-12-19T08:24:56+00:00","dateModified":"2025-05-16T01:12:43+00:00","description":"Hot Sale Stainless Steel Handheld Bidet Sprayer set includes 304 toilet shower with black bathroom spray gun, offering adjustable water pressure. Made in China with stainless steel, suitable for hygienic use. Exported primarily to South America and Southeast Asia, targeting growing bidet markets.","breadcrumb":{"@id":"https:\/\/www.yoroow.com\/fr\/detail-du-produit\/vente-hot-sale-304-stainless-steel-handheld-wall-mounted-sprayer-toilet-bidet-shattaf-set-bathroom-black-toilet-spray-gun\/#breadcrumb"},"inLanguage":"fr-FR","potentialAction":[{"@type":"ReadAction","target":["https:\/\/www.yoroow.com\/fr\/detail-du-produit\/vente-hot-sale-304-stainless-steel-handheld-wall-mounted-sprayer-toilet-bidet-shattaf-set-bathroom-black-toilet-spray-gun\/"]}]},{"@type":"ImageObject","inLanguage":"fr-FR","@id":"https:\/\/www.yoroow.com\/fr\/detail-du-produit\/vente-hot-sale-304-stainless-steel-handheld-wall-mounted-sprayer-toilet-bidet-shattaf-set-bathroom-black-toilet-spray-gun\/#primaryimage","url":"https:\/\/www.yoroow.com\/wp-content\/uploads\/2024\/12\/2025010201501684-300x300-2.jpg","contentUrl":"https:\/\/www.yoroow.com\/wp-content\/uploads\/2024\/12\/2025010201501684-300x300-2.jpg","width":300,"height":300,"caption":"Hot Sale Stainless Steel Handheld Bidet Sprayer Best-Selling 304 Toilet Shower Set with Black Bathroom Spray Gun Quality Bidets"},{"@type":"BreadcrumbList","@id":"https:\/\/www.yoroow.com\/fr\/detail-du-produit\/vente-hot-sale-304-stainless-steel-handheld-wall-mounted-sprayer-toilet-bidet-shattaf-set-bathroom-black-toilet-spray-gun\/#breadcrumb","itemListElement":[{"@type":"ListItem","position":1,"name":"home","item":"https:\/\/www.yoroow.com\/"},{"@type":"ListItem","position":2,"name":"Product","item":"https:\/\/www.yoroow.com\/product\/"},{"@type":"ListItem","position":3,"name":"Hot Sale Stainless Steel Handheld Bidet Sprayer Best-Selling 304 Toilet Shower Set with Black Bathroom Spray Gun Quality Bidets"}]},{"@type":"WebSite","@id":"https:\/\/www.yoroow.com\/fr\/#website","url":"https:\/\/www.yoroow.com\/fr\/","name":"YOROOW","description":"","publisher":{"@id":"https:\/\/www.yoroow.com\/fr\/#organization"},"potentialAction":[{"@type":"SearchAction","target":{"@type":"EntryPoint","urlTemplate":"https:\/\/www.yoroow.com\/fr\/?s={search_term_string}"},"query-input":{"@type":"PropertyValueSpecification","valueRequired":true,"valueName":"search_term_string"}}],"inLanguage":"fr-FR"},{"@type":"Organization","@id":"https:\/\/www.yoroow.com\/fr\/#organization","name":"YOROOW","url":"https:\/\/www.yoroow.com\/fr\/","logo":{"@type":"ImageObject","inLanguage":"fr-FR","@id":"https:\/\/www.yoroow.com\/fr\/#\/schema\/logo\/image\/","url":"https:\/\/www.yoroow.com\/wp-content\/uploads\/2024\/12\/2024123007131061.png","contentUrl":"https:\/\/www.yoroow.com\/wp-content\/uploads\/2024\/12\/2024123007131061.png","width":168,"height":27,"caption":"YOROOW"},"image":{"@id":"https:\/\/www.yoroow.com\/fr\/#\/schema\/logo\/image\/"},"sameAs":["https:\/\/www.facebook.com\/people\/yoroowfaucetfactory\/61564236752362\/"]}]}},"_links":{"self":[{"href":"https:\/\/www.yoroow.com\/fr\/wp-json\/wp\/v2\/product\/4462","targetHints":{"allow":["GET"]}}],"collection":[{"href":"https:\/\/www.yoroow.com\/fr\/wp-json\/wp\/v2\/product"}],"about":[{"href":"https:\/\/www.yoroow.com\/fr\/wp-json\/wp\/v2\/types\/product"}],"wp:featuredmedia":[{"embeddable":true,"href":"https:\/\/www.yoroow.com\/fr\/wp-json\/wp\/v2\/media\/19338"}],"wp:attachment":[{"href":"https:\/\/www.yoroow.com\/fr\/wp-json\/wp\/v2\/media?parent=4462"}],"wp:term":[{"taxonomy":"product_brand","embeddable":true,"href":"https:\/\/www.yoroow.com\/fr\/wp-json\/wp\/v2\/product_brand?post=4462"},{"taxonomy":"product_cat","embeddable":true,"href":"https:\/\/www.yoroow.com\/fr\/wp-json\/wp\/v2\/product_cat?post=4462"},{"taxonomy":"product_tag","embeddable":true,"href":"https:\/\/www.yoroow.com\/fr\/wp-json\/wp\/v2\/product_tag?post=4462"}],"curies":[{"name":"wp","href":"https:\/\/api.w.org\/{rel}","templated":true}]}}