{"id":2404,"date":"2024-11-27T16:53:32","date_gmt":"2024-11-27T08:53:32","guid":{"rendered":"https:\/\/www.yoroow.com\/?post_type=product&#038;p=2404"},"modified":"2025-05-16T09:11:13","modified_gmt":"2025-05-16T01:11:13","slug":"vente-directe-dusine-304sus-toilet-bidet-shattaf-set-for-woman-sprayer-portable-spray-head-brushed-nickel-handheld-sprayer","status":"publish","type":"product","link":"https:\/\/www.yoroow.com\/fr\/detail-du-produit\/vente-directe-dusine-304sus-toilet-bidet-shattaf-set-for-woman-sprayer-portable-spray-head-brushed-nickel-handheld-sprayer\/","title":{"rendered":"Factory Direct 304SUS Brushed Nickel Handheld Bidet Sprayer Set Bathroom Shattaf Faucets Chrome Soft Hose Connection Bath Shower"},"content":{"rendered":"<p>Factory Direct 304SUS Brushed Nickel Handheld Bidet Sprayer Set Bathroom Shattaf Faucets with Chrome Soft Hose Connection est un excellent compl\u00e9ment \u00e0 toute salle de bains, offrant commodit\u00e9, hygi\u00e8ne et flexibilit\u00e9. Cet ensemble comprend un pulv\u00e9risateur de bidet manuel, fabriqu\u00e9 en acier inoxydable 304 durable, garantissant qu'il r\u00e9siste \u00e0 une utilisation quotidienne. La finition en nickel bross\u00e9 lui conf\u00e8re un aspect moderne et \u00e9l\u00e9gant, tandis que le raccord de tuyau souple chrom\u00e9 rend l'installation simple et s\u00fbre. Ce bidet est parfait pour l'hygi\u00e8ne personnelle, le nettoyage et m\u00eame le soin des animaux. L'usine chinoise de YOROOW se concentre sur la production d'accessoires de salle de bains de haute qualit\u00e9 r\u00e9pondant aux normes internationales, et ce produit ne fait pas exception. En exportant directement vers les march\u00e9s d'Am\u00e9rique du Sud et d'Asie du Sud-Est, nous nous assurons que les clients de ces r\u00e9gions re\u00e7oivent des produits de premi\u00e8re qualit\u00e9 \u00e0 des prix abordables. La combinaison de mat\u00e9riaux de qualit\u00e9, d'une conception conviviale et d'un d\u00e9bit d'eau efficace fait de cet ensemble de bidet portatif un must pour les maisons, les h\u00f4tels et les toilettes publiques. En outre, la flexibilit\u00e9 de notre usine nous permet de fournir des solutions personnalis\u00e9es pour r\u00e9pondre aux besoins sp\u00e9cifiques du march\u00e9.<\/p>","protected":false},"excerpt":{"rendered":"<p>Factory Direct 304SUS Brushed Nickel Handheld Bidet Sprayer Set Bathroom Shattaf Faucets with Chrome Soft Hose Connection is an excellent addition to any bathroom, offering convenience, hygiene, and flexibility. This set includes a handheld bidet sprayer, made from durable 304 stainless steel, ensuring that it withstands daily use. The brushed nickel finish provides a modern,&#8230;<\/p>","protected":false},"featured_media":19330,"template":"","meta":{"_acf_changed":false,"_kad_post_transparent":"default","_kad_post_title":"","_kad_post_layout":"default","_kad_post_sidebar_id":"","_kad_post_content_style":"default","_kad_post_vertical_padding":"default","_kad_post_feature":"","_kad_post_feature_position":"","_kad_post_header":false,"_kad_post_footer":false},"product_brand":[],"product_cat":[132],"product_tag":[3683,3512],"class_list":{"0":"post-2404","1":"product","2":"type-product","3":"status-publish","4":"has-post-thumbnail","6":"product_cat-bidet-sprayer","7":"product_tag-bathroom-bidet-sprayer","8":"product_tag-stainless-steel-handheld-toilet-bidets-sprayer-set-wall","10":"first","11":"instock","12":"shipping-taxable","13":"purchasable","14":"product-type-variable","15":"wvs-archive-product-wrapper","16":"entry","17":"content-bg","18":"loop-entry"},"acf":[],"yoast_head":"<!-- This site is optimized with the Yoast SEO Premium plugin v25.4 (Yoast SEO v27.0) - https:\/\/yoast.com\/product\/yoast-seo-premium-wordpress\/ -->\n<title>Factory Direct 304SUS Brushed Nickel Handheld Bidet Sprayer Set Bathroom Shattaf Faucets Chrome Soft Hose Connection Bath Shower - YOROOW<\/title>\n<meta name=\"description\" content=\"Factory Direct 304SUS Brushed Nickel Handheld Bidet Sprayer Set includes bathroom shattaf faucets with soft chrome hoses. Chinese-made stainless steel ensures durability and smooth operation. Popular in South American and Southeast Asian markets for hygienic bathroom accessories. Exporters provide technical support and OEM options.\" \/>\n<meta name=\"robots\" content=\"index, follow, max-snippet:-1, max-image-preview:large, max-video-preview:-1\" \/>\n<link rel=\"canonical\" href=\"https:\/\/www.yoroow.com\/fr\/detail-du-produit\/vente-directe-dusine-304sus-toilet-bidet-shattaf-set-for-woman-sprayer-portable-spray-head-brushed-nickel-handheld-sprayer\/\" \/>\n<meta property=\"og:locale\" content=\"fr_FR\" \/>\n<meta property=\"og:type\" content=\"article\" \/>\n<meta property=\"og:title\" content=\"Factory Direct 304SUS Brushed Nickel Handheld Bidet Sprayer Set Bathroom Shattaf Faucets Chrome Soft Hose Connection Bath Shower\" \/>\n<meta property=\"og:description\" content=\"Factory Direct 304SUS Brushed Nickel Handheld Bidet Sprayer Set includes bathroom shattaf faucets with soft chrome hoses. Chinese-made stainless steel ensures durability and smooth operation. Popular in South American and Southeast Asian markets for hygienic bathroom accessories. Exporters provide technical support and OEM options.\" \/>\n<meta property=\"og:url\" content=\"https:\/\/www.yoroow.com\/fr\/detail-du-produit\/vente-directe-dusine-304sus-toilet-bidet-shattaf-set-for-woman-sprayer-portable-spray-head-brushed-nickel-handheld-sprayer\/\" \/>\n<meta property=\"og:site_name\" content=\"YOROOW\" \/>\n<meta property=\"article:publisher\" content=\"https:\/\/www.facebook.com\/people\/yoroowfaucetfactory\/61564236752362\/\" \/>\n<meta property=\"article:modified_time\" content=\"2025-05-16T01:11:13+00:00\" \/>\n<meta property=\"og:image\" content=\"https:\/\/www.yoroow.com\/wp-content\/uploads\/2024\/11\/\u4e3b\u56fe_1-30-300x300-1.jpg\" \/>\n\t<meta property=\"og:image:width\" content=\"300\" \/>\n\t<meta property=\"og:image:height\" content=\"300\" \/>\n\t<meta property=\"og:image:type\" content=\"image\/jpeg\" \/>\n<meta name=\"twitter:card\" content=\"summary_large_image\" \/>\n<meta name=\"twitter:label1\" content=\"Dur\u00e9e de lecture estim\u00e9e\" \/>\n\t<meta name=\"twitter:data1\" content=\"2 minutes\" \/>\n<script type=\"application\/ld+json\" class=\"yoast-schema-graph\">{\"@context\":\"https:\/\/schema.org\",\"@graph\":[{\"@type\":\"WebPage\",\"@id\":\"https:\/\/www.yoroow.com\/fr\/detail-du-produit\/vente-directe-dusine-304sus-toilet-bidet-shattaf-set-for-woman-sprayer-portable-spray-head-brushed-nickel-handheld-sprayer\/\",\"url\":\"https:\/\/www.yoroow.com\/fr\/detail-du-produit\/vente-directe-dusine-304sus-toilet-bidet-shattaf-set-for-woman-sprayer-portable-spray-head-brushed-nickel-handheld-sprayer\/\",\"name\":\"Factory Direct 304SUS Brushed Nickel Handheld Bidet Sprayer Set Bathroom Shattaf Faucets Chrome Soft Hose Connection Bath Shower - YOROOW\",\"isPartOf\":{\"@id\":\"https:\/\/www.yoroow.com\/fr\/#website\"},\"primaryImageOfPage\":{\"@id\":\"https:\/\/www.yoroow.com\/fr\/detail-du-produit\/vente-directe-dusine-304sus-toilet-bidet-shattaf-set-for-woman-sprayer-portable-spray-head-brushed-nickel-handheld-sprayer\/#primaryimage\"},\"image\":{\"@id\":\"https:\/\/www.yoroow.com\/fr\/detail-du-produit\/vente-directe-dusine-304sus-toilet-bidet-shattaf-set-for-woman-sprayer-portable-spray-head-brushed-nickel-handheld-sprayer\/#primaryimage\"},\"thumbnailUrl\":\"https:\/\/www.yoroow.com\/wp-content\/uploads\/2024\/11\/\u4e3b\u56fe_1-30-300x300-1.jpg\",\"datePublished\":\"2024-11-27T08:53:32+00:00\",\"dateModified\":\"2025-05-16T01:11:13+00:00\",\"description\":\"Factory Direct 304SUS Brushed Nickel Handheld Bidet Sprayer Set includes bathroom shattaf faucets with soft chrome hoses. Chinese-made stainless steel ensures durability and smooth operation. Popular in South American and Southeast Asian markets for hygienic bathroom accessories. Exporters provide technical support and OEM options.\",\"breadcrumb\":{\"@id\":\"https:\/\/www.yoroow.com\/fr\/detail-du-produit\/vente-directe-dusine-304sus-toilet-bidet-shattaf-set-for-woman-sprayer-portable-spray-head-brushed-nickel-handheld-sprayer\/#breadcrumb\"},\"inLanguage\":\"fr-FR\",\"potentialAction\":[{\"@type\":\"ReadAction\",\"target\":[\"https:\/\/www.yoroow.com\/fr\/detail-du-produit\/vente-directe-dusine-304sus-toilet-bidet-shattaf-set-for-woman-sprayer-portable-spray-head-brushed-nickel-handheld-sprayer\/\"]}]},{\"@type\":\"ImageObject\",\"inLanguage\":\"fr-FR\",\"@id\":\"https:\/\/www.yoroow.com\/fr\/detail-du-produit\/vente-directe-dusine-304sus-toilet-bidet-shattaf-set-for-woman-sprayer-portable-spray-head-brushed-nickel-handheld-sprayer\/#primaryimage\",\"url\":\"https:\/\/www.yoroow.com\/wp-content\/uploads\/2024\/11\/\u4e3b\u56fe_1-30-300x300-1.jpg\",\"contentUrl\":\"https:\/\/www.yoroow.com\/wp-content\/uploads\/2024\/11\/\u4e3b\u56fe_1-30-300x300-1.jpg\",\"width\":300,\"height\":300,\"caption\":\"Factory Direct 304SUS Brushed Nickel Handheld Bidet Sprayer Set Bathroom Shattaf Faucets Chrome Soft Hose Connection Bath Shower\"},{\"@type\":\"BreadcrumbList\",\"@id\":\"https:\/\/www.yoroow.com\/fr\/detail-du-produit\/vente-directe-dusine-304sus-toilet-bidet-shattaf-set-for-woman-sprayer-portable-spray-head-brushed-nickel-handheld-sprayer\/#breadcrumb\",\"itemListElement\":[{\"@type\":\"ListItem\",\"position\":1,\"name\":\"home\",\"item\":\"https:\/\/www.yoroow.com\/\"},{\"@type\":\"ListItem\",\"position\":2,\"name\":\"Product\",\"item\":\"https:\/\/www.yoroow.com\/product\/\"},{\"@type\":\"ListItem\",\"position\":3,\"name\":\"Factory Direct 304SUS Brushed Nickel Handheld Bidet Sprayer Set Bathroom Shattaf Faucets Chrome Soft Hose Connection Bath Shower\"}]},{\"@type\":\"WebSite\",\"@id\":\"https:\/\/www.yoroow.com\/fr\/#website\",\"url\":\"https:\/\/www.yoroow.com\/fr\/\",\"name\":\"YOROOW\",\"description\":\"\",\"publisher\":{\"@id\":\"https:\/\/www.yoroow.com\/fr\/#organization\"},\"potentialAction\":[{\"@type\":\"SearchAction\",\"target\":{\"@type\":\"EntryPoint\",\"urlTemplate\":\"https:\/\/www.yoroow.com\/fr\/?s={search_term_string}\"},\"query-input\":{\"@type\":\"PropertyValueSpecification\",\"valueRequired\":true,\"valueName\":\"search_term_string\"}}],\"inLanguage\":\"fr-FR\"},{\"@type\":\"Organization\",\"@id\":\"https:\/\/www.yoroow.com\/fr\/#organization\",\"name\":\"YOROOW\",\"url\":\"https:\/\/www.yoroow.com\/fr\/\",\"logo\":{\"@type\":\"ImageObject\",\"inLanguage\":\"fr-FR\",\"@id\":\"https:\/\/www.yoroow.com\/fr\/#\/schema\/logo\/image\/\",\"url\":\"https:\/\/www.yoroow.com\/wp-content\/uploads\/2024\/12\/2024123007131061.png\",\"contentUrl\":\"https:\/\/www.yoroow.com\/wp-content\/uploads\/2024\/12\/2024123007131061.png\",\"width\":168,\"height\":27,\"caption\":\"YOROOW\"},\"image\":{\"@id\":\"https:\/\/www.yoroow.com\/fr\/#\/schema\/logo\/image\/\"},\"sameAs\":[\"https:\/\/www.facebook.com\/people\/yoroowfaucetfactory\/61564236752362\/\"]}]}<\/script>\n<!-- \/ Yoast SEO Premium plugin. -->","yoast_head_json":{"title":"Factory Direct 304SUS Brushed Nickel Handheld Bidet Sprayer Set Bathroom Shattaf Faucets Chrome Soft Hose Connection Bath Shower - YOROOW","description":"Factory Direct 304SUS Brushed Nickel Handheld Bidet Sprayer Set includes bathroom shattaf faucets with soft chrome hoses. Chinese-made stainless steel ensures durability and smooth operation. Popular in South American and Southeast Asian markets for hygienic bathroom accessories. Exporters provide technical support and OEM options.","robots":{"index":"index","follow":"follow","max-snippet":"max-snippet:-1","max-image-preview":"max-image-preview:large","max-video-preview":"max-video-preview:-1"},"canonical":"https:\/\/www.yoroow.com\/fr\/detail-du-produit\/vente-directe-dusine-304sus-toilet-bidet-shattaf-set-for-woman-sprayer-portable-spray-head-brushed-nickel-handheld-sprayer\/","og_locale":"fr_FR","og_type":"article","og_title":"Factory Direct 304SUS Brushed Nickel Handheld Bidet Sprayer Set Bathroom Shattaf Faucets Chrome Soft Hose Connection Bath Shower","og_description":"Factory Direct 304SUS Brushed Nickel Handheld Bidet Sprayer Set includes bathroom shattaf faucets with soft chrome hoses. Chinese-made stainless steel ensures durability and smooth operation. Popular in South American and Southeast Asian markets for hygienic bathroom accessories. Exporters provide technical support and OEM options.","og_url":"https:\/\/www.yoroow.com\/fr\/detail-du-produit\/vente-directe-dusine-304sus-toilet-bidet-shattaf-set-for-woman-sprayer-portable-spray-head-brushed-nickel-handheld-sprayer\/","og_site_name":"YOROOW","article_publisher":"https:\/\/www.facebook.com\/people\/yoroowfaucetfactory\/61564236752362\/","article_modified_time":"2025-05-16T01:11:13+00:00","og_image":[{"width":300,"height":300,"url":"https:\/\/www.yoroow.com\/wp-content\/uploads\/2024\/11\/\u4e3b\u56fe_1-30-300x300-1.jpg","type":"image\/jpeg"}],"twitter_card":"summary_large_image","twitter_misc":{"Dur\u00e9e de lecture estim\u00e9e":"2 minutes"},"schema":{"@context":"https:\/\/schema.org","@graph":[{"@type":"WebPage","@id":"https:\/\/www.yoroow.com\/fr\/detail-du-produit\/vente-directe-dusine-304sus-toilet-bidet-shattaf-set-for-woman-sprayer-portable-spray-head-brushed-nickel-handheld-sprayer\/","url":"https:\/\/www.yoroow.com\/fr\/detail-du-produit\/vente-directe-dusine-304sus-toilet-bidet-shattaf-set-for-woman-sprayer-portable-spray-head-brushed-nickel-handheld-sprayer\/","name":"Factory Direct 304SUS Brushed Nickel Handheld Bidet Sprayer Set Bathroom Shattaf Faucets Chrome Soft Hose Connection Bath Shower - YOROOW","isPartOf":{"@id":"https:\/\/www.yoroow.com\/fr\/#website"},"primaryImageOfPage":{"@id":"https:\/\/www.yoroow.com\/fr\/detail-du-produit\/vente-directe-dusine-304sus-toilet-bidet-shattaf-set-for-woman-sprayer-portable-spray-head-brushed-nickel-handheld-sprayer\/#primaryimage"},"image":{"@id":"https:\/\/www.yoroow.com\/fr\/detail-du-produit\/vente-directe-dusine-304sus-toilet-bidet-shattaf-set-for-woman-sprayer-portable-spray-head-brushed-nickel-handheld-sprayer\/#primaryimage"},"thumbnailUrl":"https:\/\/www.yoroow.com\/wp-content\/uploads\/2024\/11\/\u4e3b\u56fe_1-30-300x300-1.jpg","datePublished":"2024-11-27T08:53:32+00:00","dateModified":"2025-05-16T01:11:13+00:00","description":"Factory Direct 304SUS Brushed Nickel Handheld Bidet Sprayer Set includes bathroom shattaf faucets with soft chrome hoses. Chinese-made stainless steel ensures durability and smooth operation. Popular in South American and Southeast Asian markets for hygienic bathroom accessories. Exporters provide technical support and OEM options.","breadcrumb":{"@id":"https:\/\/www.yoroow.com\/fr\/detail-du-produit\/vente-directe-dusine-304sus-toilet-bidet-shattaf-set-for-woman-sprayer-portable-spray-head-brushed-nickel-handheld-sprayer\/#breadcrumb"},"inLanguage":"fr-FR","potentialAction":[{"@type":"ReadAction","target":["https:\/\/www.yoroow.com\/fr\/detail-du-produit\/vente-directe-dusine-304sus-toilet-bidet-shattaf-set-for-woman-sprayer-portable-spray-head-brushed-nickel-handheld-sprayer\/"]}]},{"@type":"ImageObject","inLanguage":"fr-FR","@id":"https:\/\/www.yoroow.com\/fr\/detail-du-produit\/vente-directe-dusine-304sus-toilet-bidet-shattaf-set-for-woman-sprayer-portable-spray-head-brushed-nickel-handheld-sprayer\/#primaryimage","url":"https:\/\/www.yoroow.com\/wp-content\/uploads\/2024\/11\/\u4e3b\u56fe_1-30-300x300-1.jpg","contentUrl":"https:\/\/www.yoroow.com\/wp-content\/uploads\/2024\/11\/\u4e3b\u56fe_1-30-300x300-1.jpg","width":300,"height":300,"caption":"Factory Direct 304SUS Brushed Nickel Handheld Bidet Sprayer Set Bathroom Shattaf Faucets Chrome Soft Hose Connection Bath Shower"},{"@type":"BreadcrumbList","@id":"https:\/\/www.yoroow.com\/fr\/detail-du-produit\/vente-directe-dusine-304sus-toilet-bidet-shattaf-set-for-woman-sprayer-portable-spray-head-brushed-nickel-handheld-sprayer\/#breadcrumb","itemListElement":[{"@type":"ListItem","position":1,"name":"home","item":"https:\/\/www.yoroow.com\/"},{"@type":"ListItem","position":2,"name":"Product","item":"https:\/\/www.yoroow.com\/product\/"},{"@type":"ListItem","position":3,"name":"Factory Direct 304SUS Brushed Nickel Handheld Bidet Sprayer Set Bathroom Shattaf Faucets Chrome Soft Hose Connection Bath Shower"}]},{"@type":"WebSite","@id":"https:\/\/www.yoroow.com\/fr\/#website","url":"https:\/\/www.yoroow.com\/fr\/","name":"YOROOW","description":"","publisher":{"@id":"https:\/\/www.yoroow.com\/fr\/#organization"},"potentialAction":[{"@type":"SearchAction","target":{"@type":"EntryPoint","urlTemplate":"https:\/\/www.yoroow.com\/fr\/?s={search_term_string}"},"query-input":{"@type":"PropertyValueSpecification","valueRequired":true,"valueName":"search_term_string"}}],"inLanguage":"fr-FR"},{"@type":"Organization","@id":"https:\/\/www.yoroow.com\/fr\/#organization","name":"YOROOW","url":"https:\/\/www.yoroow.com\/fr\/","logo":{"@type":"ImageObject","inLanguage":"fr-FR","@id":"https:\/\/www.yoroow.com\/fr\/#\/schema\/logo\/image\/","url":"https:\/\/www.yoroow.com\/wp-content\/uploads\/2024\/12\/2024123007131061.png","contentUrl":"https:\/\/www.yoroow.com\/wp-content\/uploads\/2024\/12\/2024123007131061.png","width":168,"height":27,"caption":"YOROOW"},"image":{"@id":"https:\/\/www.yoroow.com\/fr\/#\/schema\/logo\/image\/"},"sameAs":["https:\/\/www.facebook.com\/people\/yoroowfaucetfactory\/61564236752362\/"]}]}},"_links":{"self":[{"href":"https:\/\/www.yoroow.com\/fr\/wp-json\/wp\/v2\/product\/2404","targetHints":{"allow":["GET"]}}],"collection":[{"href":"https:\/\/www.yoroow.com\/fr\/wp-json\/wp\/v2\/product"}],"about":[{"href":"https:\/\/www.yoroow.com\/fr\/wp-json\/wp\/v2\/types\/product"}],"wp:featuredmedia":[{"embeddable":true,"href":"https:\/\/www.yoroow.com\/fr\/wp-json\/wp\/v2\/media\/19330"}],"wp:attachment":[{"href":"https:\/\/www.yoroow.com\/fr\/wp-json\/wp\/v2\/media?parent=2404"}],"wp:term":[{"taxonomy":"product_brand","embeddable":true,"href":"https:\/\/www.yoroow.com\/fr\/wp-json\/wp\/v2\/product_brand?post=2404"},{"taxonomy":"product_cat","embeddable":true,"href":"https:\/\/www.yoroow.com\/fr\/wp-json\/wp\/v2\/product_cat?post=2404"},{"taxonomy":"product_tag","embeddable":true,"href":"https:\/\/www.yoroow.com\/fr\/wp-json\/wp\/v2\/product_tag?post=2404"}],"curies":[{"name":"wp","href":"https:\/\/api.w.org\/{rel}","templated":true}]}}