{"id":2397,"date":"2024-11-27T16:46:31","date_gmt":"2024-11-27T08:46:31","guid":{"rendered":"https:\/\/www.yoroow.com\/?post_type=product&#038;p=2397"},"modified":"2025-05-16T09:11:11","modified_gmt":"2025-05-16T01:11:11","slug":"factory-direct-sales-stainless-steel-material-gold-tall-square-bathroom-basin-robinet-waterfall-bathroom-robinet-water-tap","status":"publish","type":"product","link":"https:\/\/www.yoroow.com\/fr\/detail-du-produit\/factory-direct-sales-stainless-steel-material-gold-tall-square-bathroom-basin-robinet-waterfall-bathroom-robinet-water-tap\/","title":{"rendered":"Robinet de lavabo monotrou en acier inoxydable de haute qualit\u00e9 Mitigeur d'eau chaude et froide au design moderne pour la salle de bain ou l'\u00e9cole"},"content":{"rendered":"<p>Robinet de lavabo monotrou en acier inoxydable de haute qualit\u00e9 Le mitigeur d'eau chaude et froide monotrou de conception moderne pour la salle de bains ou l'\u00e9cole allie style et praticit\u00e9. Le robinet est fabriqu\u00e9 en acier inoxydable durable, garantissant des performances durables m\u00eame dans les environnements \u00e0 forte utilisation. Le design \u00e9pur\u00e9 de ce robinet monotrou, associ\u00e9 \u00e0 un mitigeur pour l'eau chaude et l'eau froide, offre une utilisation facile et une esth\u00e9tique minimaliste qui convient aux salles de bains modernes, aux \u00e9coles ou aux \u00e9tablissements publics. L'usine chinoise de YOROOW est sp\u00e9cialis\u00e9e dans la production de robinets de haute qualit\u00e9, s'assurant que chaque produit r\u00e9pond \u00e0 des normes de fabrication strictes en mati\u00e8re de performance et de long\u00e9vit\u00e9. Ce robinet est con\u00e7u pour durer, ce qui le rend id\u00e9al pour un usage r\u00e9sidentiel ou commercial. En tant que fournisseur direct, nous sommes en mesure d'offrir des prix tr\u00e8s comp\u00e9titifs aux clients des march\u00e9s d'Am\u00e9rique du Sud et d'Asie du Sud-Est, en leur proposant des solutions rentables sans compromis sur la qualit\u00e9. Nous mettons l'accent sur la satisfaction du client, en offrant un excellent service apr\u00e8s-vente et une grande flexibilit\u00e9 pour r\u00e9pondre aux exigences sp\u00e9cifiques des projets.<\/p>","protected":false},"excerpt":{"rendered":"<p>High Quality Single-Hole Stainless Steel Basin Faucet Modern Design Single-Handle Hot Cold Water Mixer for bathroom or school use combines style and practicality. The faucet is crafted from durable stainless steel, ensuring long-lasting performance even in high-usage environments. The sleek design of this single-hole faucet, paired with a single-handle mixer for both hot and cold&#8230;<\/p>","protected":false},"featured_media":2403,"template":"","meta":{"_acf_changed":false,"_kad_post_transparent":"default","_kad_post_title":"","_kad_post_layout":"default","_kad_post_sidebar_id":"","_kad_post_content_style":"default","_kad_post_vertical_padding":"default","_kad_post_feature":"","_kad_post_feature_position":"","_kad_post_header":false,"_kad_post_footer":false},"product_brand":[],"product_cat":[238],"product_tag":[5916,5885],"class_list":{"0":"post-2397","1":"product","2":"type-product","3":"status-publish","4":"has-post-thumbnail","6":"product_cat-mixer-basin-faucet","7":"product_tag-hot-and-cold-water-mixer-bathroom-basin-faucet","8":"product_tag-stainless-steel-basin-faucet","10":"first","11":"instock","12":"shipping-taxable","13":"purchasable","14":"product-type-variable","15":"wvs-archive-product-wrapper","16":"entry","17":"content-bg","18":"loop-entry"},"acf":[],"yoast_head":"<!-- This site is optimized with the Yoast SEO Premium plugin v25.4 (Yoast SEO v27.0) - https:\/\/yoast.com\/product\/yoast-seo-premium-wordpress\/ -->\n<title>High Quality Single-Hole Stainless Steel Basin Faucet Modern Design Single-Handle Hot Cold Water Mixer for Bathroom or School - YOROOW<\/title>\n<meta name=\"description\" content=\"High Quality Single-Hole Stainless Steel Basin Faucet features modern design with single-handle hot and cold water mixing for bathrooms or schools. Made from corrosion-resistant stainless steel in China, this basin faucet suits public and private washrooms. Exported primarily to South America and Southeast Asia, supporting bulk orders and OEM.\" \/>\n<meta name=\"robots\" content=\"index, follow, max-snippet:-1, max-image-preview:large, max-video-preview:-1\" \/>\n<link rel=\"canonical\" href=\"https:\/\/www.yoroow.com\/fr\/detail-du-produit\/factory-direct-sales-stainless-steel-material-gold-tall-square-bathroom-basin-robinet-waterfall-bathroom-robinet-water-tap\/\" \/>\n<meta property=\"og:locale\" content=\"fr_FR\" \/>\n<meta property=\"og:type\" content=\"article\" \/>\n<meta property=\"og:title\" content=\"High Quality Single-Hole Stainless Steel Basin Faucet Modern Design Single-Handle Hot Cold Water Mixer for Bathroom or School\" \/>\n<meta property=\"og:description\" content=\"High Quality Single-Hole Stainless Steel Basin Faucet features modern design with single-handle hot and cold water mixing for bathrooms or schools. Made from corrosion-resistant stainless steel in China, this basin faucet suits public and private washrooms. Exported primarily to South America and Southeast Asia, supporting bulk orders and OEM.\" \/>\n<meta property=\"og:url\" content=\"https:\/\/www.yoroow.com\/fr\/detail-du-produit\/factory-direct-sales-stainless-steel-material-gold-tall-square-bathroom-basin-robinet-waterfall-bathroom-robinet-water-tap\/\" \/>\n<meta property=\"og:site_name\" content=\"YOROOW\" \/>\n<meta property=\"article:publisher\" content=\"https:\/\/www.facebook.com\/people\/yoroowfaucetfactory\/61564236752362\/\" \/>\n<meta property=\"article:modified_time\" content=\"2025-05-16T01:11:11+00:00\" \/>\n<meta property=\"og:image\" content=\"https:\/\/www.yoroow.com\/wp-content\/uploads\/2024\/11\/\u4e3b\u56fe_1-28.jpg\" \/>\n\t<meta property=\"og:image:width\" content=\"630\" \/>\n\t<meta property=\"og:image:height\" content=\"630\" \/>\n\t<meta property=\"og:image:type\" content=\"image\/jpeg\" \/>\n<meta name=\"twitter:card\" content=\"summary_large_image\" \/>\n<meta name=\"twitter:label1\" content=\"Dur\u00e9e de lecture estim\u00e9e\" \/>\n\t<meta name=\"twitter:data1\" content=\"1 minute\" \/>\n<script type=\"application\/ld+json\" class=\"yoast-schema-graph\">{\"@context\":\"https:\/\/schema.org\",\"@graph\":[{\"@type\":\"WebPage\",\"@id\":\"https:\/\/www.yoroow.com\/fr\/detail-du-produit\/factory-direct-sales-stainless-steel-material-gold-tall-square-bathroom-basin-robinet-waterfall-bathroom-robinet-water-tap\/\",\"url\":\"https:\/\/www.yoroow.com\/fr\/detail-du-produit\/factory-direct-sales-stainless-steel-material-gold-tall-square-bathroom-basin-robinet-waterfall-bathroom-robinet-water-tap\/\",\"name\":\"High Quality Single-Hole Stainless Steel Basin Faucet Modern Design Single-Handle Hot Cold Water Mixer for Bathroom or School - YOROOW\",\"isPartOf\":{\"@id\":\"https:\/\/www.yoroow.com\/fr\/#website\"},\"primaryImageOfPage\":{\"@id\":\"https:\/\/www.yoroow.com\/fr\/detail-du-produit\/factory-direct-sales-stainless-steel-material-gold-tall-square-bathroom-basin-robinet-waterfall-bathroom-robinet-water-tap\/#primaryimage\"},\"image\":{\"@id\":\"https:\/\/www.yoroow.com\/fr\/detail-du-produit\/factory-direct-sales-stainless-steel-material-gold-tall-square-bathroom-basin-robinet-waterfall-bathroom-robinet-water-tap\/#primaryimage\"},\"thumbnailUrl\":\"https:\/\/www.yoroow.com\/wp-content\/uploads\/2024\/11\/\u4e3b\u56fe_1-28.jpg\",\"datePublished\":\"2024-11-27T08:46:31+00:00\",\"dateModified\":\"2025-05-16T01:11:11+00:00\",\"description\":\"High Quality Single-Hole Stainless Steel Basin Faucet features modern design with single-handle hot and cold water mixing for bathrooms or schools. Made from corrosion-resistant stainless steel in China, this basin faucet suits public and private washrooms. Exported primarily to South America and Southeast Asia, supporting bulk orders and OEM.\",\"breadcrumb\":{\"@id\":\"https:\/\/www.yoroow.com\/fr\/detail-du-produit\/factory-direct-sales-stainless-steel-material-gold-tall-square-bathroom-basin-robinet-waterfall-bathroom-robinet-water-tap\/#breadcrumb\"},\"inLanguage\":\"fr-FR\",\"potentialAction\":[{\"@type\":\"ReadAction\",\"target\":[\"https:\/\/www.yoroow.com\/fr\/detail-du-produit\/factory-direct-sales-stainless-steel-material-gold-tall-square-bathroom-basin-robinet-waterfall-bathroom-robinet-water-tap\/\"]}]},{\"@type\":\"ImageObject\",\"inLanguage\":\"fr-FR\",\"@id\":\"https:\/\/www.yoroow.com\/fr\/detail-du-produit\/factory-direct-sales-stainless-steel-material-gold-tall-square-bathroom-basin-robinet-waterfall-bathroom-robinet-water-tap\/#primaryimage\",\"url\":\"https:\/\/www.yoroow.com\/wp-content\/uploads\/2024\/11\/\u4e3b\u56fe_1-28.jpg\",\"contentUrl\":\"https:\/\/www.yoroow.com\/wp-content\/uploads\/2024\/11\/\u4e3b\u56fe_1-28.jpg\",\"width\":630,\"height\":630,\"caption\":\"High Quality Single-Hole Stainless Steel Basin Faucet Modern Design Single-Handle Hot Cold Water Mixer for Bathroom or School\"},{\"@type\":\"BreadcrumbList\",\"@id\":\"https:\/\/www.yoroow.com\/fr\/detail-du-produit\/factory-direct-sales-stainless-steel-material-gold-tall-square-bathroom-basin-robinet-waterfall-bathroom-robinet-water-tap\/#breadcrumb\",\"itemListElement\":[{\"@type\":\"ListItem\",\"position\":1,\"name\":\"home\",\"item\":\"https:\/\/www.yoroow.com\/\"},{\"@type\":\"ListItem\",\"position\":2,\"name\":\"Product\",\"item\":\"https:\/\/www.yoroow.com\/product\/\"},{\"@type\":\"ListItem\",\"position\":3,\"name\":\"High Quality Single-Hole Stainless Steel Basin Faucet Modern Design Single-Handle Hot Cold Water Mixer for Bathroom or School\"}]},{\"@type\":\"WebSite\",\"@id\":\"https:\/\/www.yoroow.com\/fr\/#website\",\"url\":\"https:\/\/www.yoroow.com\/fr\/\",\"name\":\"YOROOW\",\"description\":\"\",\"publisher\":{\"@id\":\"https:\/\/www.yoroow.com\/fr\/#organization\"},\"potentialAction\":[{\"@type\":\"SearchAction\",\"target\":{\"@type\":\"EntryPoint\",\"urlTemplate\":\"https:\/\/www.yoroow.com\/fr\/?s={search_term_string}\"},\"query-input\":{\"@type\":\"PropertyValueSpecification\",\"valueRequired\":true,\"valueName\":\"search_term_string\"}}],\"inLanguage\":\"fr-FR\"},{\"@type\":\"Organization\",\"@id\":\"https:\/\/www.yoroow.com\/fr\/#organization\",\"name\":\"YOROOW\",\"url\":\"https:\/\/www.yoroow.com\/fr\/\",\"logo\":{\"@type\":\"ImageObject\",\"inLanguage\":\"fr-FR\",\"@id\":\"https:\/\/www.yoroow.com\/fr\/#\/schema\/logo\/image\/\",\"url\":\"https:\/\/www.yoroow.com\/wp-content\/uploads\/2024\/12\/2024123007131061.png\",\"contentUrl\":\"https:\/\/www.yoroow.com\/wp-content\/uploads\/2024\/12\/2024123007131061.png\",\"width\":168,\"height\":27,\"caption\":\"YOROOW\"},\"image\":{\"@id\":\"https:\/\/www.yoroow.com\/fr\/#\/schema\/logo\/image\/\"},\"sameAs\":[\"https:\/\/www.facebook.com\/people\/yoroowfaucetfactory\/61564236752362\/\"]}]}<\/script>\n<!-- \/ Yoast SEO Premium plugin. -->","yoast_head_json":{"title":"High Quality Single-Hole Stainless Steel Basin Faucet Modern Design Single-Handle Hot Cold Water Mixer for Bathroom or School - YOROOW","description":"High Quality Single-Hole Stainless Steel Basin Faucet features modern design with single-handle hot and cold water mixing for bathrooms or schools. Made from corrosion-resistant stainless steel in China, this basin faucet suits public and private washrooms. Exported primarily to South America and Southeast Asia, supporting bulk orders and OEM.","robots":{"index":"index","follow":"follow","max-snippet":"max-snippet:-1","max-image-preview":"max-image-preview:large","max-video-preview":"max-video-preview:-1"},"canonical":"https:\/\/www.yoroow.com\/fr\/detail-du-produit\/factory-direct-sales-stainless-steel-material-gold-tall-square-bathroom-basin-robinet-waterfall-bathroom-robinet-water-tap\/","og_locale":"fr_FR","og_type":"article","og_title":"High Quality Single-Hole Stainless Steel Basin Faucet Modern Design Single-Handle Hot Cold Water Mixer for Bathroom or School","og_description":"High Quality Single-Hole Stainless Steel Basin Faucet features modern design with single-handle hot and cold water mixing for bathrooms or schools. Made from corrosion-resistant stainless steel in China, this basin faucet suits public and private washrooms. Exported primarily to South America and Southeast Asia, supporting bulk orders and OEM.","og_url":"https:\/\/www.yoroow.com\/fr\/detail-du-produit\/factory-direct-sales-stainless-steel-material-gold-tall-square-bathroom-basin-robinet-waterfall-bathroom-robinet-water-tap\/","og_site_name":"YOROOW","article_publisher":"https:\/\/www.facebook.com\/people\/yoroowfaucetfactory\/61564236752362\/","article_modified_time":"2025-05-16T01:11:11+00:00","og_image":[{"width":630,"height":630,"url":"https:\/\/www.yoroow.com\/wp-content\/uploads\/2024\/11\/\u4e3b\u56fe_1-28.jpg","type":"image\/jpeg"}],"twitter_card":"summary_large_image","twitter_misc":{"Dur\u00e9e de lecture estim\u00e9e":"1 minute"},"schema":{"@context":"https:\/\/schema.org","@graph":[{"@type":"WebPage","@id":"https:\/\/www.yoroow.com\/fr\/detail-du-produit\/factory-direct-sales-stainless-steel-material-gold-tall-square-bathroom-basin-robinet-waterfall-bathroom-robinet-water-tap\/","url":"https:\/\/www.yoroow.com\/fr\/detail-du-produit\/factory-direct-sales-stainless-steel-material-gold-tall-square-bathroom-basin-robinet-waterfall-bathroom-robinet-water-tap\/","name":"High Quality Single-Hole Stainless Steel Basin Faucet Modern Design Single-Handle Hot Cold Water Mixer for Bathroom or School - YOROOW","isPartOf":{"@id":"https:\/\/www.yoroow.com\/fr\/#website"},"primaryImageOfPage":{"@id":"https:\/\/www.yoroow.com\/fr\/detail-du-produit\/factory-direct-sales-stainless-steel-material-gold-tall-square-bathroom-basin-robinet-waterfall-bathroom-robinet-water-tap\/#primaryimage"},"image":{"@id":"https:\/\/www.yoroow.com\/fr\/detail-du-produit\/factory-direct-sales-stainless-steel-material-gold-tall-square-bathroom-basin-robinet-waterfall-bathroom-robinet-water-tap\/#primaryimage"},"thumbnailUrl":"https:\/\/www.yoroow.com\/wp-content\/uploads\/2024\/11\/\u4e3b\u56fe_1-28.jpg","datePublished":"2024-11-27T08:46:31+00:00","dateModified":"2025-05-16T01:11:11+00:00","description":"High Quality Single-Hole Stainless Steel Basin Faucet features modern design with single-handle hot and cold water mixing for bathrooms or schools. Made from corrosion-resistant stainless steel in China, this basin faucet suits public and private washrooms. Exported primarily to South America and Southeast Asia, supporting bulk orders and OEM.","breadcrumb":{"@id":"https:\/\/www.yoroow.com\/fr\/detail-du-produit\/factory-direct-sales-stainless-steel-material-gold-tall-square-bathroom-basin-robinet-waterfall-bathroom-robinet-water-tap\/#breadcrumb"},"inLanguage":"fr-FR","potentialAction":[{"@type":"ReadAction","target":["https:\/\/www.yoroow.com\/fr\/detail-du-produit\/factory-direct-sales-stainless-steel-material-gold-tall-square-bathroom-basin-robinet-waterfall-bathroom-robinet-water-tap\/"]}]},{"@type":"ImageObject","inLanguage":"fr-FR","@id":"https:\/\/www.yoroow.com\/fr\/detail-du-produit\/factory-direct-sales-stainless-steel-material-gold-tall-square-bathroom-basin-robinet-waterfall-bathroom-robinet-water-tap\/#primaryimage","url":"https:\/\/www.yoroow.com\/wp-content\/uploads\/2024\/11\/\u4e3b\u56fe_1-28.jpg","contentUrl":"https:\/\/www.yoroow.com\/wp-content\/uploads\/2024\/11\/\u4e3b\u56fe_1-28.jpg","width":630,"height":630,"caption":"High Quality Single-Hole Stainless Steel Basin Faucet Modern Design Single-Handle Hot Cold Water Mixer for Bathroom or School"},{"@type":"BreadcrumbList","@id":"https:\/\/www.yoroow.com\/fr\/detail-du-produit\/factory-direct-sales-stainless-steel-material-gold-tall-square-bathroom-basin-robinet-waterfall-bathroom-robinet-water-tap\/#breadcrumb","itemListElement":[{"@type":"ListItem","position":1,"name":"home","item":"https:\/\/www.yoroow.com\/"},{"@type":"ListItem","position":2,"name":"Product","item":"https:\/\/www.yoroow.com\/product\/"},{"@type":"ListItem","position":3,"name":"High Quality Single-Hole Stainless Steel Basin Faucet Modern Design Single-Handle Hot Cold Water Mixer for Bathroom or School"}]},{"@type":"WebSite","@id":"https:\/\/www.yoroow.com\/fr\/#website","url":"https:\/\/www.yoroow.com\/fr\/","name":"YOROOW","description":"","publisher":{"@id":"https:\/\/www.yoroow.com\/fr\/#organization"},"potentialAction":[{"@type":"SearchAction","target":{"@type":"EntryPoint","urlTemplate":"https:\/\/www.yoroow.com\/fr\/?s={search_term_string}"},"query-input":{"@type":"PropertyValueSpecification","valueRequired":true,"valueName":"search_term_string"}}],"inLanguage":"fr-FR"},{"@type":"Organization","@id":"https:\/\/www.yoroow.com\/fr\/#organization","name":"YOROOW","url":"https:\/\/www.yoroow.com\/fr\/","logo":{"@type":"ImageObject","inLanguage":"fr-FR","@id":"https:\/\/www.yoroow.com\/fr\/#\/schema\/logo\/image\/","url":"https:\/\/www.yoroow.com\/wp-content\/uploads\/2024\/12\/2024123007131061.png","contentUrl":"https:\/\/www.yoroow.com\/wp-content\/uploads\/2024\/12\/2024123007131061.png","width":168,"height":27,"caption":"YOROOW"},"image":{"@id":"https:\/\/www.yoroow.com\/fr\/#\/schema\/logo\/image\/"},"sameAs":["https:\/\/www.facebook.com\/people\/yoroowfaucetfactory\/61564236752362\/"]}]}},"_links":{"self":[{"href":"https:\/\/www.yoroow.com\/fr\/wp-json\/wp\/v2\/product\/2397","targetHints":{"allow":["GET"]}}],"collection":[{"href":"https:\/\/www.yoroow.com\/fr\/wp-json\/wp\/v2\/product"}],"about":[{"href":"https:\/\/www.yoroow.com\/fr\/wp-json\/wp\/v2\/types\/product"}],"wp:featuredmedia":[{"embeddable":true,"href":"https:\/\/www.yoroow.com\/fr\/wp-json\/wp\/v2\/media\/2403"}],"wp:attachment":[{"href":"https:\/\/www.yoroow.com\/fr\/wp-json\/wp\/v2\/media?parent=2397"}],"wp:term":[{"taxonomy":"product_brand","embeddable":true,"href":"https:\/\/www.yoroow.com\/fr\/wp-json\/wp\/v2\/product_brand?post=2397"},{"taxonomy":"product_cat","embeddable":true,"href":"https:\/\/www.yoroow.com\/fr\/wp-json\/wp\/v2\/product_cat?post=2397"},{"taxonomy":"product_tag","embeddable":true,"href":"https:\/\/www.yoroow.com\/fr\/wp-json\/wp\/v2\/product_tag?post=2397"}],"curies":[{"name":"wp","href":"https:\/\/api.w.org\/{rel}","templated":true}]}}