{"id":2352,"date":"2024-11-27T16:24:39","date_gmt":"2024-11-27T08:24:39","guid":{"rendered":"https:\/\/www.yoroow.com\/?post_type=product&#038;p=2352"},"modified":"2025-05-16T09:10:37","modified_gmt":"2025-05-16T01:10:37","slug":"robinet-special-pour-machine-a-laver-en-cuivre-robinet-dequerre-utra-court-robinet-domestique-mini-economiseur-despace-arret-deau-automatique-g1-2","status":"publish","type":"product","link":"https:\/\/www.yoroow.com\/fr\/detail-du-produit\/robinet-special-pour-machine-a-laver-en-cuivre-robinet-dequerre-utra-court-robinet-domestique-mini-economiseur-despace-arret-deau-automatique-g1-2\/","title":{"rendered":"Robinet d'arr\u00eat d'eau automatique \u00e0 angle ultra-court Robinet classique en zinc \u00e0 2 voies pour machine \u00e0 laver Mini Accessoire domestique \u00e0 faible encombrement"},"content":{"rendered":"<p>This Ultra Short Angle Automatic Water Stop Valve Classic 2-Way Zinc Faucet for Washing Machine Mini Space Saving is designed with both modern aesthetics and durable functionality in mind, making it ideal for diverse applications such as homes, gyms, hotels, or commercial restrooms. Manufactured directly from our China-based faucet factory, this product showcases premium material selection, precision engineering, and reliable water-saving technology. With a focus on export excellence, especially for customers in the South American and Southeast Asian markets, our factory ensures quality consistency, competitive pricing, and supports OEM branding to meet unique business needs.<\/p>","protected":false},"excerpt":{"rendered":"<p>This Ultra Short Angle Automatic Water Stop Valve Classic 2-Way Zinc Faucet for Washing Machine Mini Space Saving is designed with both modern aesthetics and durable functionality in mind, making it ideal for diverse applications such as homes, gyms, hotels, or commercial restrooms. Manufactured directly from our China-based faucet factory, this product showcases premium material\u2026<\/p>","protected":false},"featured_media":2358,"template":"","meta":{"_acf_changed":false,"_kad_post_transparent":"default","_kad_post_title":"","_kad_post_layout":"default","_kad_post_sidebar_id":"","_kad_post_content_style":"default","_kad_post_vertical_padding":"default","_kad_post_feature":"","_kad_post_feature_position":"","_kad_post_header":false,"_kad_post_footer":false},"product_brand":[],"product_cat":[218],"product_tag":[1277,1267],"class_list":{"0":"post-2352","1":"product","2":"type-product","3":"status-publish","4":"has-post-thumbnail","6":"product_cat-2-way-tap","7":"product_tag-classic-2-way-tap","8":"product_tag-zinc-2-way-tap","10":"first","11":"instock","12":"shipping-taxable","13":"purchasable","14":"product-type-variable","15":"wvs-archive-product-wrapper","16":"entry","17":"content-bg","18":"loop-entry"},"acf":[],"yoast_head":"<!-- This site is optimized with the Yoast SEO Premium plugin v25.4 (Yoast SEO v27.0) - https:\/\/yoast.com\/product\/yoast-seo-premium-wordpress\/ -->\n<title>Ultra Short Angle Automatic Water Stop Valve Classic 2-Way Zinc Faucet for Washing Machine Mini Space Saving Domestic Accessory - YOROOW<\/title>\n<meta name=\"description\" content=\"Ultra Short Angle Automatic Water Stop Valve Classic 2-Way Zinc Faucet designed for washing machines offers mini space-saving features and automatic water shutoff. Made in China with zinc alloy, suitable for domestic water accessories. Exported mainly to South American and Southeast Asian markets for residential appliance plumbing needs.\" \/>\n<meta name=\"robots\" content=\"index, follow, max-snippet:-1, max-image-preview:large, max-video-preview:-1\" \/>\n<link rel=\"canonical\" href=\"https:\/\/www.yoroow.com\/fr\/detail-du-produit\/robinet-special-pour-machine-a-laver-en-cuivre-robinet-dequerre-utra-court-robinet-domestique-mini-economiseur-despace-arret-deau-automatique-g1-2\/\" \/>\n<meta property=\"og:locale\" content=\"fr_FR\" \/>\n<meta property=\"og:type\" content=\"article\" \/>\n<meta property=\"og:title\" content=\"Ultra Short Angle Automatic Water Stop Valve Classic 2-Way Zinc Faucet for Washing Machine Mini Space Saving Domestic Accessory\" \/>\n<meta property=\"og:description\" content=\"Ultra Short Angle Automatic Water Stop Valve Classic 2-Way Zinc Faucet designed for washing machines offers mini space-saving features and automatic water shutoff. Made in China with zinc alloy, suitable for domestic water accessories. Exported mainly to South American and Southeast Asian markets for residential appliance plumbing needs.\" \/>\n<meta property=\"og:url\" content=\"https:\/\/www.yoroow.com\/fr\/detail-du-produit\/robinet-special-pour-machine-a-laver-en-cuivre-robinet-dequerre-utra-court-robinet-domestique-mini-economiseur-despace-arret-deau-automatique-g1-2\/\" \/>\n<meta property=\"og:site_name\" content=\"YOROOW\" \/>\n<meta property=\"article:publisher\" content=\"https:\/\/www.facebook.com\/people\/yoroowfaucetfactory\/61564236752362\/\" \/>\n<meta property=\"article:modified_time\" content=\"2025-05-16T01:10:37+00:00\" \/>\n<meta property=\"og:image\" content=\"https:\/\/www.yoroow.com\/wp-content\/uploads\/2024\/11\/\u4e3b\u56fe_1-19.jpg\" \/>\n\t<meta property=\"og:image:width\" content=\"800\" \/>\n\t<meta property=\"og:image:height\" content=\"800\" \/>\n\t<meta property=\"og:image:type\" content=\"image\/jpeg\" \/>\n<meta name=\"twitter:card\" content=\"summary_large_image\" \/>\n<meta name=\"twitter:label1\" content=\"Dur\u00e9e de lecture estim\u00e9e\" \/>\n\t<meta name=\"twitter:data1\" content=\"1 minute\" \/>\n<script type=\"application\/ld+json\" class=\"yoast-schema-graph\">{\"@context\":\"https:\/\/schema.org\",\"@graph\":[{\"@type\":\"WebPage\",\"@id\":\"https:\/\/www.yoroow.com\/fr\/detail-du-produit\/robinet-special-pour-machine-a-laver-en-cuivre-robinet-dequerre-utra-court-robinet-domestique-mini-economiseur-despace-arret-deau-automatique-g1-2\/\",\"url\":\"https:\/\/www.yoroow.com\/fr\/detail-du-produit\/robinet-special-pour-machine-a-laver-en-cuivre-robinet-dequerre-utra-court-robinet-domestique-mini-economiseur-despace-arret-deau-automatique-g1-2\/\",\"name\":\"Ultra Short Angle Automatic Water Stop Valve Classic 2-Way Zinc Faucet for Washing Machine Mini Space Saving Domestic Accessory - YOROOW\",\"isPartOf\":{\"@id\":\"https:\/\/www.yoroow.com\/fr\/#website\"},\"primaryImageOfPage\":{\"@id\":\"https:\/\/www.yoroow.com\/fr\/detail-du-produit\/robinet-special-pour-machine-a-laver-en-cuivre-robinet-dequerre-utra-court-robinet-domestique-mini-economiseur-despace-arret-deau-automatique-g1-2\/#primaryimage\"},\"image\":{\"@id\":\"https:\/\/www.yoroow.com\/fr\/detail-du-produit\/robinet-special-pour-machine-a-laver-en-cuivre-robinet-dequerre-utra-court-robinet-domestique-mini-economiseur-despace-arret-deau-automatique-g1-2\/#primaryimage\"},\"thumbnailUrl\":\"https:\/\/www.yoroow.com\/wp-content\/uploads\/2024\/11\/\u4e3b\u56fe_1-19.jpg\",\"datePublished\":\"2024-11-27T08:24:39+00:00\",\"dateModified\":\"2025-05-16T01:10:37+00:00\",\"description\":\"Ultra Short Angle Automatic Water Stop Valve Classic 2-Way Zinc Faucet designed for washing machines offers mini space-saving features and automatic water shutoff. Made in China with zinc alloy, suitable for domestic water accessories. Exported mainly to South American and Southeast Asian markets for residential appliance plumbing needs.\",\"breadcrumb\":{\"@id\":\"https:\/\/www.yoroow.com\/fr\/detail-du-produit\/robinet-special-pour-machine-a-laver-en-cuivre-robinet-dequerre-utra-court-robinet-domestique-mini-economiseur-despace-arret-deau-automatique-g1-2\/#breadcrumb\"},\"inLanguage\":\"fr-FR\",\"potentialAction\":[{\"@type\":\"ReadAction\",\"target\":[\"https:\/\/www.yoroow.com\/fr\/detail-du-produit\/robinet-special-pour-machine-a-laver-en-cuivre-robinet-dequerre-utra-court-robinet-domestique-mini-economiseur-despace-arret-deau-automatique-g1-2\/\"]}]},{\"@type\":\"ImageObject\",\"inLanguage\":\"fr-FR\",\"@id\":\"https:\/\/www.yoroow.com\/fr\/detail-du-produit\/robinet-special-pour-machine-a-laver-en-cuivre-robinet-dequerre-utra-court-robinet-domestique-mini-economiseur-despace-arret-deau-automatique-g1-2\/#primaryimage\",\"url\":\"https:\/\/www.yoroow.com\/wp-content\/uploads\/2024\/11\/\u4e3b\u56fe_1-19.jpg\",\"contentUrl\":\"https:\/\/www.yoroow.com\/wp-content\/uploads\/2024\/11\/\u4e3b\u56fe_1-19.jpg\",\"width\":800,\"height\":800,\"caption\":\"Ultra Short Angle Automatic Water Stop Valve Classic 2-Way Zinc Faucet for Washing Machine Mini Space Saving Domestic Accessory\"},{\"@type\":\"BreadcrumbList\",\"@id\":\"https:\/\/www.yoroow.com\/fr\/detail-du-produit\/robinet-special-pour-machine-a-laver-en-cuivre-robinet-dequerre-utra-court-robinet-domestique-mini-economiseur-despace-arret-deau-automatique-g1-2\/#breadcrumb\",\"itemListElement\":[{\"@type\":\"ListItem\",\"position\":1,\"name\":\"home\",\"item\":\"https:\/\/www.yoroow.com\/\"},{\"@type\":\"ListItem\",\"position\":2,\"name\":\"Product\",\"item\":\"https:\/\/www.yoroow.com\/product\/\"},{\"@type\":\"ListItem\",\"position\":3,\"name\":\"Ultra Short Angle Automatic Water Stop Valve Classic 2-Way Zinc Faucet for Washing Machine Mini Space Saving Domestic Accessory\"}]},{\"@type\":\"WebSite\",\"@id\":\"https:\/\/www.yoroow.com\/fr\/#website\",\"url\":\"https:\/\/www.yoroow.com\/fr\/\",\"name\":\"YOROOW\",\"description\":\"\",\"publisher\":{\"@id\":\"https:\/\/www.yoroow.com\/fr\/#organization\"},\"potentialAction\":[{\"@type\":\"SearchAction\",\"target\":{\"@type\":\"EntryPoint\",\"urlTemplate\":\"https:\/\/www.yoroow.com\/fr\/?s={search_term_string}\"},\"query-input\":{\"@type\":\"PropertyValueSpecification\",\"valueRequired\":true,\"valueName\":\"search_term_string\"}}],\"inLanguage\":\"fr-FR\"},{\"@type\":\"Organization\",\"@id\":\"https:\/\/www.yoroow.com\/fr\/#organization\",\"name\":\"YOROOW\",\"url\":\"https:\/\/www.yoroow.com\/fr\/\",\"logo\":{\"@type\":\"ImageObject\",\"inLanguage\":\"fr-FR\",\"@id\":\"https:\/\/www.yoroow.com\/fr\/#\/schema\/logo\/image\/\",\"url\":\"https:\/\/www.yoroow.com\/wp-content\/uploads\/2024\/12\/2024123007131061.png\",\"contentUrl\":\"https:\/\/www.yoroow.com\/wp-content\/uploads\/2024\/12\/2024123007131061.png\",\"width\":168,\"height\":27,\"caption\":\"YOROOW\"},\"image\":{\"@id\":\"https:\/\/www.yoroow.com\/fr\/#\/schema\/logo\/image\/\"},\"sameAs\":[\"https:\/\/www.facebook.com\/people\/yoroowfaucetfactory\/61564236752362\/\"]}]}<\/script>\n<!-- \/ Yoast SEO Premium plugin. -->","yoast_head_json":{"title":"Ultra Short Angle Automatic Water Stop Valve Classic 2-Way Zinc Faucet for Washing Machine Mini Space Saving Domestic Accessory - YOROOW","description":"Ultra Short Angle Automatic Water Stop Valve Classic 2-Way Zinc Faucet designed for washing machines offers mini space-saving features and automatic water shutoff. Made in China with zinc alloy, suitable for domestic water accessories. Exported mainly to South American and Southeast Asian markets for residential appliance plumbing needs.","robots":{"index":"index","follow":"follow","max-snippet":"max-snippet:-1","max-image-preview":"max-image-preview:large","max-video-preview":"max-video-preview:-1"},"canonical":"https:\/\/www.yoroow.com\/fr\/detail-du-produit\/robinet-special-pour-machine-a-laver-en-cuivre-robinet-dequerre-utra-court-robinet-domestique-mini-economiseur-despace-arret-deau-automatique-g1-2\/","og_locale":"fr_FR","og_type":"article","og_title":"Ultra Short Angle Automatic Water Stop Valve Classic 2-Way Zinc Faucet for Washing Machine Mini Space Saving Domestic Accessory","og_description":"Ultra Short Angle Automatic Water Stop Valve Classic 2-Way Zinc Faucet designed for washing machines offers mini space-saving features and automatic water shutoff. Made in China with zinc alloy, suitable for domestic water accessories. Exported mainly to South American and Southeast Asian markets for residential appliance plumbing needs.","og_url":"https:\/\/www.yoroow.com\/fr\/detail-du-produit\/robinet-special-pour-machine-a-laver-en-cuivre-robinet-dequerre-utra-court-robinet-domestique-mini-economiseur-despace-arret-deau-automatique-g1-2\/","og_site_name":"YOROOW","article_publisher":"https:\/\/www.facebook.com\/people\/yoroowfaucetfactory\/61564236752362\/","article_modified_time":"2025-05-16T01:10:37+00:00","og_image":[{"width":800,"height":800,"url":"https:\/\/www.yoroow.com\/wp-content\/uploads\/2024\/11\/\u4e3b\u56fe_1-19.jpg","type":"image\/jpeg"}],"twitter_card":"summary_large_image","twitter_misc":{"Dur\u00e9e de lecture estim\u00e9e":"1 minute"},"schema":{"@context":"https:\/\/schema.org","@graph":[{"@type":"WebPage","@id":"https:\/\/www.yoroow.com\/fr\/detail-du-produit\/robinet-special-pour-machine-a-laver-en-cuivre-robinet-dequerre-utra-court-robinet-domestique-mini-economiseur-despace-arret-deau-automatique-g1-2\/","url":"https:\/\/www.yoroow.com\/fr\/detail-du-produit\/robinet-special-pour-machine-a-laver-en-cuivre-robinet-dequerre-utra-court-robinet-domestique-mini-economiseur-despace-arret-deau-automatique-g1-2\/","name":"Ultra Short Angle Automatic Water Stop Valve Classic 2-Way Zinc Faucet for Washing Machine Mini Space Saving Domestic Accessory - YOROOW","isPartOf":{"@id":"https:\/\/www.yoroow.com\/fr\/#website"},"primaryImageOfPage":{"@id":"https:\/\/www.yoroow.com\/fr\/detail-du-produit\/robinet-special-pour-machine-a-laver-en-cuivre-robinet-dequerre-utra-court-robinet-domestique-mini-economiseur-despace-arret-deau-automatique-g1-2\/#primaryimage"},"image":{"@id":"https:\/\/www.yoroow.com\/fr\/detail-du-produit\/robinet-special-pour-machine-a-laver-en-cuivre-robinet-dequerre-utra-court-robinet-domestique-mini-economiseur-despace-arret-deau-automatique-g1-2\/#primaryimage"},"thumbnailUrl":"https:\/\/www.yoroow.com\/wp-content\/uploads\/2024\/11\/\u4e3b\u56fe_1-19.jpg","datePublished":"2024-11-27T08:24:39+00:00","dateModified":"2025-05-16T01:10:37+00:00","description":"Ultra Short Angle Automatic Water Stop Valve Classic 2-Way Zinc Faucet designed for washing machines offers mini space-saving features and automatic water shutoff. Made in China with zinc alloy, suitable for domestic water accessories. Exported mainly to South American and Southeast Asian markets for residential appliance plumbing needs.","breadcrumb":{"@id":"https:\/\/www.yoroow.com\/fr\/detail-du-produit\/robinet-special-pour-machine-a-laver-en-cuivre-robinet-dequerre-utra-court-robinet-domestique-mini-economiseur-despace-arret-deau-automatique-g1-2\/#breadcrumb"},"inLanguage":"fr-FR","potentialAction":[{"@type":"ReadAction","target":["https:\/\/www.yoroow.com\/fr\/detail-du-produit\/robinet-special-pour-machine-a-laver-en-cuivre-robinet-dequerre-utra-court-robinet-domestique-mini-economiseur-despace-arret-deau-automatique-g1-2\/"]}]},{"@type":"ImageObject","inLanguage":"fr-FR","@id":"https:\/\/www.yoroow.com\/fr\/detail-du-produit\/robinet-special-pour-machine-a-laver-en-cuivre-robinet-dequerre-utra-court-robinet-domestique-mini-economiseur-despace-arret-deau-automatique-g1-2\/#primaryimage","url":"https:\/\/www.yoroow.com\/wp-content\/uploads\/2024\/11\/\u4e3b\u56fe_1-19.jpg","contentUrl":"https:\/\/www.yoroow.com\/wp-content\/uploads\/2024\/11\/\u4e3b\u56fe_1-19.jpg","width":800,"height":800,"caption":"Ultra Short Angle Automatic Water Stop Valve Classic 2-Way Zinc Faucet for Washing Machine Mini Space Saving Domestic Accessory"},{"@type":"BreadcrumbList","@id":"https:\/\/www.yoroow.com\/fr\/detail-du-produit\/robinet-special-pour-machine-a-laver-en-cuivre-robinet-dequerre-utra-court-robinet-domestique-mini-economiseur-despace-arret-deau-automatique-g1-2\/#breadcrumb","itemListElement":[{"@type":"ListItem","position":1,"name":"home","item":"https:\/\/www.yoroow.com\/"},{"@type":"ListItem","position":2,"name":"Product","item":"https:\/\/www.yoroow.com\/product\/"},{"@type":"ListItem","position":3,"name":"Ultra Short Angle Automatic Water Stop Valve Classic 2-Way Zinc Faucet for Washing Machine Mini Space Saving Domestic Accessory"}]},{"@type":"WebSite","@id":"https:\/\/www.yoroow.com\/fr\/#website","url":"https:\/\/www.yoroow.com\/fr\/","name":"YOROOW","description":"","publisher":{"@id":"https:\/\/www.yoroow.com\/fr\/#organization"},"potentialAction":[{"@type":"SearchAction","target":{"@type":"EntryPoint","urlTemplate":"https:\/\/www.yoroow.com\/fr\/?s={search_term_string}"},"query-input":{"@type":"PropertyValueSpecification","valueRequired":true,"valueName":"search_term_string"}}],"inLanguage":"fr-FR"},{"@type":"Organization","@id":"https:\/\/www.yoroow.com\/fr\/#organization","name":"YOROOW","url":"https:\/\/www.yoroow.com\/fr\/","logo":{"@type":"ImageObject","inLanguage":"fr-FR","@id":"https:\/\/www.yoroow.com\/fr\/#\/schema\/logo\/image\/","url":"https:\/\/www.yoroow.com\/wp-content\/uploads\/2024\/12\/2024123007131061.png","contentUrl":"https:\/\/www.yoroow.com\/wp-content\/uploads\/2024\/12\/2024123007131061.png","width":168,"height":27,"caption":"YOROOW"},"image":{"@id":"https:\/\/www.yoroow.com\/fr\/#\/schema\/logo\/image\/"},"sameAs":["https:\/\/www.facebook.com\/people\/yoroowfaucetfactory\/61564236752362\/"]}]}},"_links":{"self":[{"href":"https:\/\/www.yoroow.com\/fr\/wp-json\/wp\/v2\/product\/2352","targetHints":{"allow":["GET"]}}],"collection":[{"href":"https:\/\/www.yoroow.com\/fr\/wp-json\/wp\/v2\/product"}],"about":[{"href":"https:\/\/www.yoroow.com\/fr\/wp-json\/wp\/v2\/types\/product"}],"wp:featuredmedia":[{"embeddable":true,"href":"https:\/\/www.yoroow.com\/fr\/wp-json\/wp\/v2\/media\/2358"}],"wp:attachment":[{"href":"https:\/\/www.yoroow.com\/fr\/wp-json\/wp\/v2\/media?parent=2352"}],"wp:term":[{"taxonomy":"product_brand","embeddable":true,"href":"https:\/\/www.yoroow.com\/fr\/wp-json\/wp\/v2\/product_brand?post=2352"},{"taxonomy":"product_cat","embeddable":true,"href":"https:\/\/www.yoroow.com\/fr\/wp-json\/wp\/v2\/product_cat?post=2352"},{"taxonomy":"product_tag","embeddable":true,"href":"https:\/\/www.yoroow.com\/fr\/wp-json\/wp\/v2\/product_tag?post=2352"}],"curies":[{"name":"wp","href":"https:\/\/api.w.org\/{rel}","templated":true}]}}