{"id":2300,"date":"2024-11-27T16:00:10","date_gmt":"2024-11-27T08:00:10","guid":{"rendered":"https:\/\/www.yoroow.com\/?post_type=product&#038;p=2300"},"modified":"2025-05-16T09:10:27","modified_gmt":"2025-05-16T01:10:27","slug":"factory-direct-sale-chrome-plated-single-lever-kitchen-mixer-single-cold-water-wall-robinet-kitchen-wall-body-zinc-body-kitchen-water-taps","status":"publish","type":"product","link":"https:\/\/www.yoroow.com\/fr\/detail-du-produit\/factory-direct-sale-chrome-plated-single-lever-kitchen-mixer-single-cold-water-wall-robinet-kitchen-wall-body-zinc-body-kitchen-water-taps\/","title":{"rendered":"Factory Direct Sale Antique Brass Wall Mounted Kitchen Faucet Modern Zinc Single Cold Tap Brushed Nickel FinishSingle Handle"},"content":{"rendered":"<p>Ce robinet de cuisine mural en laiton antique est con\u00e7u pour offrir une esth\u00e9tique moderne et une fonctionnalit\u00e9 durable, ce qui le rend id\u00e9al pour diverses applications telles que les maisons, les gymnases, les h\u00f4tels ou les salles de bains commerciales. Fabriqu\u00e9 directement dans notre usine de robinetterie bas\u00e9e en Chine, ce produit pr\u00e9sente une s\u00e9lection de mat\u00e9riaux de premi\u00e8re qualit\u00e9, une ing\u00e9nierie de pr\u00e9cision et une technologie fiable d'\u00e9conomie d'eau. En mettant l'accent sur l'excellence en mati\u00e8re d'exportation, en particulier pour les clients des march\u00e9s d'Am\u00e9rique du Sud et d'Asie du Sud-Est, notre usine garantit une qualit\u00e9 constante, des prix comp\u00e9titifs et prend en charge le marquage OEM pour r\u00e9pondre aux besoins uniques de l'entreprise.<\/p>","protected":false},"excerpt":{"rendered":"<p>This Factory Direct Sale Antique Brass Wall Mounted Kitchen Faucet Modern Zinc Single Cold Tap Brushed Nickel Finish is designed with both modern aesthetics and durable functionality in mind, making it ideal for diverse applications such as homes, gyms, hotels, or commercial restrooms. Manufactured directly from our China-based faucet factory, this product showcases premium material&#8230;<\/p>","protected":false},"featured_media":2303,"template":"","meta":{"_acf_changed":false,"_kad_post_transparent":"default","_kad_post_title":"","_kad_post_layout":"default","_kad_post_sidebar_id":"","_kad_post_content_style":"default","_kad_post_vertical_padding":"default","_kad_post_feature":"","_kad_post_feature_position":"","_kad_post_header":false,"_kad_post_footer":false},"product_brand":[],"product_cat":[221,223],"product_tag":[3295,3289],"class_list":{"0":"post-2300","1":"product","2":"type-product","3":"status-publish","4":"has-post-thumbnail","6":"product_cat-single-cold-kitchen-faucet-kitchen-faucet","7":"product_cat-wall-mounted-kitchen-faucet","8":"product_tag-antique-brass-kitchen-taps","9":"product_tag-kitchen-tap-water-and-morden-zinc","11":"first","12":"instock","13":"shipping-taxable","14":"purchasable","15":"product-type-variable","16":"wvs-archive-product-wrapper","17":"entry","18":"content-bg","19":"loop-entry"},"acf":[],"yoast_head":"<!-- This site is optimized with the Yoast SEO Premium plugin v25.4 (Yoast SEO v27.0) - https:\/\/yoast.com\/product\/yoast-seo-premium-wordpress\/ -->\n<title>Factory Direct Sale Antique Brass Wall Mounted Kitchen Faucet Modern Zinc Single Cold Tap Brushed Nickel FinishSingle Handle - YOROOW<\/title>\n<meta name=\"description\" content=\"Antique Brass Wall Mounted Kitchen Faucet combines classic aesthetics with modern zinc alloy construction and brushed nickel finish. Suitable for kitchen and utility areas, this single cold tap offers durability and easy wall mounting. Exported from China to South American and Southeast Asian markets focusing on vintage style kitchen solutions.\" \/>\n<meta name=\"robots\" content=\"index, follow, max-snippet:-1, max-image-preview:large, max-video-preview:-1\" \/>\n<link rel=\"canonical\" href=\"https:\/\/www.yoroow.com\/fr\/detail-du-produit\/factory-direct-sale-chrome-plated-single-lever-kitchen-mixer-single-cold-water-wall-robinet-kitchen-wall-body-zinc-body-kitchen-water-taps\/\" \/>\n<meta property=\"og:locale\" content=\"fr_FR\" \/>\n<meta property=\"og:type\" content=\"article\" \/>\n<meta property=\"og:title\" content=\"Factory Direct Sale Antique Brass Wall Mounted Kitchen Faucet Modern Zinc Single Cold Tap Brushed Nickel FinishSingle Handle\" \/>\n<meta property=\"og:description\" content=\"Antique Brass Wall Mounted Kitchen Faucet combines classic aesthetics with modern zinc alloy construction and brushed nickel finish. Suitable for kitchen and utility areas, this single cold tap offers durability and easy wall mounting. Exported from China to South American and Southeast Asian markets focusing on vintage style kitchen solutions.\" \/>\n<meta property=\"og:url\" content=\"https:\/\/www.yoroow.com\/fr\/detail-du-produit\/factory-direct-sale-chrome-plated-single-lever-kitchen-mixer-single-cold-water-wall-robinet-kitchen-wall-body-zinc-body-kitchen-water-taps\/\" \/>\n<meta property=\"og:site_name\" content=\"YOROOW\" \/>\n<meta property=\"article:publisher\" content=\"https:\/\/www.facebook.com\/people\/yoroowfaucetfactory\/61564236752362\/\" \/>\n<meta property=\"article:modified_time\" content=\"2025-05-16T01:10:27+00:00\" \/>\n<meta property=\"og:image\" content=\"https:\/\/www.yoroow.com\/wp-content\/uploads\/2024\/11\/\u4e3b\u56fe_3-2.jpg\" \/>\n\t<meta property=\"og:image:width\" content=\"653\" \/>\n\t<meta property=\"og:image:height\" content=\"653\" \/>\n\t<meta property=\"og:image:type\" content=\"image\/jpeg\" \/>\n<meta name=\"twitter:card\" content=\"summary_large_image\" \/>\n<meta name=\"twitter:label1\" content=\"Dur\u00e9e de lecture estim\u00e9e\" \/>\n\t<meta name=\"twitter:data1\" content=\"1 minute\" \/>\n<script type=\"application\/ld+json\" class=\"yoast-schema-graph\">{\"@context\":\"https:\/\/schema.org\",\"@graph\":[{\"@type\":\"WebPage\",\"@id\":\"https:\/\/www.yoroow.com\/fr\/detail-du-produit\/factory-direct-sale-chrome-plated-single-lever-kitchen-mixer-single-cold-water-wall-robinet-kitchen-wall-body-zinc-body-kitchen-water-taps\/\",\"url\":\"https:\/\/www.yoroow.com\/fr\/detail-du-produit\/factory-direct-sale-chrome-plated-single-lever-kitchen-mixer-single-cold-water-wall-robinet-kitchen-wall-body-zinc-body-kitchen-water-taps\/\",\"name\":\"Factory Direct Sale Antique Brass Wall Mounted Kitchen Faucet Modern Zinc Single Cold Tap Brushed Nickel FinishSingle Handle - YOROOW\",\"isPartOf\":{\"@id\":\"https:\/\/www.yoroow.com\/fr\/#website\"},\"primaryImageOfPage\":{\"@id\":\"https:\/\/www.yoroow.com\/fr\/detail-du-produit\/factory-direct-sale-chrome-plated-single-lever-kitchen-mixer-single-cold-water-wall-robinet-kitchen-wall-body-zinc-body-kitchen-water-taps\/#primaryimage\"},\"image\":{\"@id\":\"https:\/\/www.yoroow.com\/fr\/detail-du-produit\/factory-direct-sale-chrome-plated-single-lever-kitchen-mixer-single-cold-water-wall-robinet-kitchen-wall-body-zinc-body-kitchen-water-taps\/#primaryimage\"},\"thumbnailUrl\":\"https:\/\/www.yoroow.com\/wp-content\/uploads\/2024\/11\/\u4e3b\u56fe_3-2.jpg\",\"datePublished\":\"2024-11-27T08:00:10+00:00\",\"dateModified\":\"2025-05-16T01:10:27+00:00\",\"description\":\"Antique Brass Wall Mounted Kitchen Faucet combines classic aesthetics with modern zinc alloy construction and brushed nickel finish. Suitable for kitchen and utility areas, this single cold tap offers durability and easy wall mounting. Exported from China to South American and Southeast Asian markets focusing on vintage style kitchen solutions.\",\"breadcrumb\":{\"@id\":\"https:\/\/www.yoroow.com\/fr\/detail-du-produit\/factory-direct-sale-chrome-plated-single-lever-kitchen-mixer-single-cold-water-wall-robinet-kitchen-wall-body-zinc-body-kitchen-water-taps\/#breadcrumb\"},\"inLanguage\":\"fr-FR\",\"potentialAction\":[{\"@type\":\"ReadAction\",\"target\":[\"https:\/\/www.yoroow.com\/fr\/detail-du-produit\/factory-direct-sale-chrome-plated-single-lever-kitchen-mixer-single-cold-water-wall-robinet-kitchen-wall-body-zinc-body-kitchen-water-taps\/\"]}]},{\"@type\":\"ImageObject\",\"inLanguage\":\"fr-FR\",\"@id\":\"https:\/\/www.yoroow.com\/fr\/detail-du-produit\/factory-direct-sale-chrome-plated-single-lever-kitchen-mixer-single-cold-water-wall-robinet-kitchen-wall-body-zinc-body-kitchen-water-taps\/#primaryimage\",\"url\":\"https:\/\/www.yoroow.com\/wp-content\/uploads\/2024\/11\/\u4e3b\u56fe_3-2.jpg\",\"contentUrl\":\"https:\/\/www.yoroow.com\/wp-content\/uploads\/2024\/11\/\u4e3b\u56fe_3-2.jpg\",\"width\":653,\"height\":653,\"caption\":\"Factory Direct Sale Antique Brass Wall Mounted Kitchen Faucet Modern Zinc Single Cold Tap Brushed Nickel FinishSingle Handle\"},{\"@type\":\"BreadcrumbList\",\"@id\":\"https:\/\/www.yoroow.com\/fr\/detail-du-produit\/factory-direct-sale-chrome-plated-single-lever-kitchen-mixer-single-cold-water-wall-robinet-kitchen-wall-body-zinc-body-kitchen-water-taps\/#breadcrumb\",\"itemListElement\":[{\"@type\":\"ListItem\",\"position\":1,\"name\":\"home\",\"item\":\"https:\/\/www.yoroow.com\/\"},{\"@type\":\"ListItem\",\"position\":2,\"name\":\"Product\",\"item\":\"https:\/\/www.yoroow.com\/product\/\"},{\"@type\":\"ListItem\",\"position\":3,\"name\":\"Factory Direct Sale Antique Brass Wall Mounted Kitchen Faucet Modern Zinc Single Cold Tap Brushed Nickel FinishSingle Handle\"}]},{\"@type\":\"WebSite\",\"@id\":\"https:\/\/www.yoroow.com\/fr\/#website\",\"url\":\"https:\/\/www.yoroow.com\/fr\/\",\"name\":\"YOROOW\",\"description\":\"\",\"publisher\":{\"@id\":\"https:\/\/www.yoroow.com\/fr\/#organization\"},\"potentialAction\":[{\"@type\":\"SearchAction\",\"target\":{\"@type\":\"EntryPoint\",\"urlTemplate\":\"https:\/\/www.yoroow.com\/fr\/?s={search_term_string}\"},\"query-input\":{\"@type\":\"PropertyValueSpecification\",\"valueRequired\":true,\"valueName\":\"search_term_string\"}}],\"inLanguage\":\"fr-FR\"},{\"@type\":\"Organization\",\"@id\":\"https:\/\/www.yoroow.com\/fr\/#organization\",\"name\":\"YOROOW\",\"url\":\"https:\/\/www.yoroow.com\/fr\/\",\"logo\":{\"@type\":\"ImageObject\",\"inLanguage\":\"fr-FR\",\"@id\":\"https:\/\/www.yoroow.com\/fr\/#\/schema\/logo\/image\/\",\"url\":\"https:\/\/www.yoroow.com\/wp-content\/uploads\/2024\/12\/2024123007131061.png\",\"contentUrl\":\"https:\/\/www.yoroow.com\/wp-content\/uploads\/2024\/12\/2024123007131061.png\",\"width\":168,\"height\":27,\"caption\":\"YOROOW\"},\"image\":{\"@id\":\"https:\/\/www.yoroow.com\/fr\/#\/schema\/logo\/image\/\"},\"sameAs\":[\"https:\/\/www.facebook.com\/people\/yoroowfaucetfactory\/61564236752362\/\"]}]}<\/script>\n<!-- \/ Yoast SEO Premium plugin. -->","yoast_head_json":{"title":"Factory Direct Sale Antique Brass Wall Mounted Kitchen Faucet Modern Zinc Single Cold Tap Brushed Nickel FinishSingle Handle - YOROOW","description":"Antique Brass Wall Mounted Kitchen Faucet combines classic aesthetics with modern zinc alloy construction and brushed nickel finish. Suitable for kitchen and utility areas, this single cold tap offers durability and easy wall mounting. Exported from China to South American and Southeast Asian markets focusing on vintage style kitchen solutions.","robots":{"index":"index","follow":"follow","max-snippet":"max-snippet:-1","max-image-preview":"max-image-preview:large","max-video-preview":"max-video-preview:-1"},"canonical":"https:\/\/www.yoroow.com\/fr\/detail-du-produit\/factory-direct-sale-chrome-plated-single-lever-kitchen-mixer-single-cold-water-wall-robinet-kitchen-wall-body-zinc-body-kitchen-water-taps\/","og_locale":"fr_FR","og_type":"article","og_title":"Factory Direct Sale Antique Brass Wall Mounted Kitchen Faucet Modern Zinc Single Cold Tap Brushed Nickel FinishSingle Handle","og_description":"Antique Brass Wall Mounted Kitchen Faucet combines classic aesthetics with modern zinc alloy construction and brushed nickel finish. Suitable for kitchen and utility areas, this single cold tap offers durability and easy wall mounting. Exported from China to South American and Southeast Asian markets focusing on vintage style kitchen solutions.","og_url":"https:\/\/www.yoroow.com\/fr\/detail-du-produit\/factory-direct-sale-chrome-plated-single-lever-kitchen-mixer-single-cold-water-wall-robinet-kitchen-wall-body-zinc-body-kitchen-water-taps\/","og_site_name":"YOROOW","article_publisher":"https:\/\/www.facebook.com\/people\/yoroowfaucetfactory\/61564236752362\/","article_modified_time":"2025-05-16T01:10:27+00:00","og_image":[{"width":653,"height":653,"url":"https:\/\/www.yoroow.com\/wp-content\/uploads\/2024\/11\/\u4e3b\u56fe_3-2.jpg","type":"image\/jpeg"}],"twitter_card":"summary_large_image","twitter_misc":{"Dur\u00e9e de lecture estim\u00e9e":"1 minute"},"schema":{"@context":"https:\/\/schema.org","@graph":[{"@type":"WebPage","@id":"https:\/\/www.yoroow.com\/fr\/detail-du-produit\/factory-direct-sale-chrome-plated-single-lever-kitchen-mixer-single-cold-water-wall-robinet-kitchen-wall-body-zinc-body-kitchen-water-taps\/","url":"https:\/\/www.yoroow.com\/fr\/detail-du-produit\/factory-direct-sale-chrome-plated-single-lever-kitchen-mixer-single-cold-water-wall-robinet-kitchen-wall-body-zinc-body-kitchen-water-taps\/","name":"Factory Direct Sale Antique Brass Wall Mounted Kitchen Faucet Modern Zinc Single Cold Tap Brushed Nickel FinishSingle Handle - YOROOW","isPartOf":{"@id":"https:\/\/www.yoroow.com\/fr\/#website"},"primaryImageOfPage":{"@id":"https:\/\/www.yoroow.com\/fr\/detail-du-produit\/factory-direct-sale-chrome-plated-single-lever-kitchen-mixer-single-cold-water-wall-robinet-kitchen-wall-body-zinc-body-kitchen-water-taps\/#primaryimage"},"image":{"@id":"https:\/\/www.yoroow.com\/fr\/detail-du-produit\/factory-direct-sale-chrome-plated-single-lever-kitchen-mixer-single-cold-water-wall-robinet-kitchen-wall-body-zinc-body-kitchen-water-taps\/#primaryimage"},"thumbnailUrl":"https:\/\/www.yoroow.com\/wp-content\/uploads\/2024\/11\/\u4e3b\u56fe_3-2.jpg","datePublished":"2024-11-27T08:00:10+00:00","dateModified":"2025-05-16T01:10:27+00:00","description":"Antique Brass Wall Mounted Kitchen Faucet combines classic aesthetics with modern zinc alloy construction and brushed nickel finish. Suitable for kitchen and utility areas, this single cold tap offers durability and easy wall mounting. Exported from China to South American and Southeast Asian markets focusing on vintage style kitchen solutions.","breadcrumb":{"@id":"https:\/\/www.yoroow.com\/fr\/detail-du-produit\/factory-direct-sale-chrome-plated-single-lever-kitchen-mixer-single-cold-water-wall-robinet-kitchen-wall-body-zinc-body-kitchen-water-taps\/#breadcrumb"},"inLanguage":"fr-FR","potentialAction":[{"@type":"ReadAction","target":["https:\/\/www.yoroow.com\/fr\/detail-du-produit\/factory-direct-sale-chrome-plated-single-lever-kitchen-mixer-single-cold-water-wall-robinet-kitchen-wall-body-zinc-body-kitchen-water-taps\/"]}]},{"@type":"ImageObject","inLanguage":"fr-FR","@id":"https:\/\/www.yoroow.com\/fr\/detail-du-produit\/factory-direct-sale-chrome-plated-single-lever-kitchen-mixer-single-cold-water-wall-robinet-kitchen-wall-body-zinc-body-kitchen-water-taps\/#primaryimage","url":"https:\/\/www.yoroow.com\/wp-content\/uploads\/2024\/11\/\u4e3b\u56fe_3-2.jpg","contentUrl":"https:\/\/www.yoroow.com\/wp-content\/uploads\/2024\/11\/\u4e3b\u56fe_3-2.jpg","width":653,"height":653,"caption":"Factory Direct Sale Antique Brass Wall Mounted Kitchen Faucet Modern Zinc Single Cold Tap Brushed Nickel FinishSingle Handle"},{"@type":"BreadcrumbList","@id":"https:\/\/www.yoroow.com\/fr\/detail-du-produit\/factory-direct-sale-chrome-plated-single-lever-kitchen-mixer-single-cold-water-wall-robinet-kitchen-wall-body-zinc-body-kitchen-water-taps\/#breadcrumb","itemListElement":[{"@type":"ListItem","position":1,"name":"home","item":"https:\/\/www.yoroow.com\/"},{"@type":"ListItem","position":2,"name":"Product","item":"https:\/\/www.yoroow.com\/product\/"},{"@type":"ListItem","position":3,"name":"Factory Direct Sale Antique Brass Wall Mounted Kitchen Faucet Modern Zinc Single Cold Tap Brushed Nickel FinishSingle Handle"}]},{"@type":"WebSite","@id":"https:\/\/www.yoroow.com\/fr\/#website","url":"https:\/\/www.yoroow.com\/fr\/","name":"YOROOW","description":"","publisher":{"@id":"https:\/\/www.yoroow.com\/fr\/#organization"},"potentialAction":[{"@type":"SearchAction","target":{"@type":"EntryPoint","urlTemplate":"https:\/\/www.yoroow.com\/fr\/?s={search_term_string}"},"query-input":{"@type":"PropertyValueSpecification","valueRequired":true,"valueName":"search_term_string"}}],"inLanguage":"fr-FR"},{"@type":"Organization","@id":"https:\/\/www.yoroow.com\/fr\/#organization","name":"YOROOW","url":"https:\/\/www.yoroow.com\/fr\/","logo":{"@type":"ImageObject","inLanguage":"fr-FR","@id":"https:\/\/www.yoroow.com\/fr\/#\/schema\/logo\/image\/","url":"https:\/\/www.yoroow.com\/wp-content\/uploads\/2024\/12\/2024123007131061.png","contentUrl":"https:\/\/www.yoroow.com\/wp-content\/uploads\/2024\/12\/2024123007131061.png","width":168,"height":27,"caption":"YOROOW"},"image":{"@id":"https:\/\/www.yoroow.com\/fr\/#\/schema\/logo\/image\/"},"sameAs":["https:\/\/www.facebook.com\/people\/yoroowfaucetfactory\/61564236752362\/"]}]}},"_links":{"self":[{"href":"https:\/\/www.yoroow.com\/fr\/wp-json\/wp\/v2\/product\/2300","targetHints":{"allow":["GET"]}}],"collection":[{"href":"https:\/\/www.yoroow.com\/fr\/wp-json\/wp\/v2\/product"}],"about":[{"href":"https:\/\/www.yoroow.com\/fr\/wp-json\/wp\/v2\/types\/product"}],"wp:featuredmedia":[{"embeddable":true,"href":"https:\/\/www.yoroow.com\/fr\/wp-json\/wp\/v2\/media\/2303"}],"wp:attachment":[{"href":"https:\/\/www.yoroow.com\/fr\/wp-json\/wp\/v2\/media?parent=2300"}],"wp:term":[{"taxonomy":"product_brand","embeddable":true,"href":"https:\/\/www.yoroow.com\/fr\/wp-json\/wp\/v2\/product_brand?post=2300"},{"taxonomy":"product_cat","embeddable":true,"href":"https:\/\/www.yoroow.com\/fr\/wp-json\/wp\/v2\/product_cat?post=2300"},{"taxonomy":"product_tag","embeddable":true,"href":"https:\/\/www.yoroow.com\/fr\/wp-json\/wp\/v2\/product_tag?post=2300"}],"curies":[{"name":"wp","href":"https:\/\/api.w.org\/{rel}","templated":true}]}}