{"id":21443,"date":"2025-06-25T13:16:57","date_gmt":"2025-06-25T05:16:57","guid":{"rendered":"https:\/\/www.yoroow.com\/?post_type=product&#038;p=21443"},"modified":"2025-06-25T13:17:03","modified_gmt":"2025-06-25T05:17:03","slug":"high-quality-chrome-zinc-alloy-single-hole-mount-thermostatic-basin-faucet-tall-design-for-school-hall-usage","status":"publish","type":"product","link":"https:\/\/www.yoroow.com\/fr\/detail-du-produit\/high-quality-chrome-zinc-alloy-single-hole-mount-thermostatic-basin-faucet-tall-design-for-school-hall-usage\/","title":{"rendered":"Robinet de lavabo thermostatique \u00e0 montage monotrou en alliage de chrome et de zinc de haute qualit\u00e9, design haut de gamme pour les \u00e9coles et les salles de classe"},"content":{"rendered":"","protected":false},"excerpt":{"rendered":"","protected":false},"featured_media":21420,"template":"","meta":{"_acf_changed":false,"_kad_post_transparent":"default","_kad_post_title":"","_kad_post_layout":"default","_kad_post_sidebar_id":"","_kad_post_content_style":"default","_kad_post_vertical_padding":"default","_kad_post_feature":"","_kad_post_feature_position":"","_kad_post_header":false,"_kad_post_footer":false},"product_brand":[],"product_cat":[238],"product_tag":[6017,3382],"class_list":{"0":"post-21443","1":"product","2":"type-product","3":"status-publish","4":"has-post-thumbnail","6":"product_cat-mixer-basin-faucet","7":"product_tag-basin-faucet-chrome-zinc-alloy-faucet","8":"product_tag-tall-basin-faucet","10":"first","11":"instock","12":"shipping-taxable","13":"purchasable","14":"product-type-variable","15":"wvs-archive-product-wrapper","16":"entry","17":"content-bg","18":"loop-entry"},"acf":[],"yoast_head":"<!-- This site is optimized with the Yoast SEO Premium plugin v25.4 (Yoast SEO v27.0) - https:\/\/yoast.com\/product\/yoast-seo-premium-wordpress\/ -->\n<title>High Quality Chrome Zinc Alloy Single-Hole Mount Thermostatic Basin Faucet Tall Design for School &amp; Hall Usage - YOROOW<\/title>\n<meta name=\"robots\" content=\"index, follow, max-snippet:-1, max-image-preview:large, max-video-preview:-1\" \/>\n<link rel=\"canonical\" href=\"https:\/\/www.yoroow.com\/fr\/detail-du-produit\/high-quality-chrome-zinc-alloy-single-hole-mount-thermostatic-basin-faucet-tall-design-for-school-hall-usage\/\" \/>\n<meta property=\"og:locale\" content=\"fr_FR\" \/>\n<meta property=\"og:type\" content=\"article\" \/>\n<meta property=\"og:title\" content=\"High Quality Chrome Zinc Alloy Single-Hole Mount Thermostatic Basin Faucet Tall Design for School &amp; Hall Usage\" \/>\n<meta property=\"og:url\" content=\"https:\/\/www.yoroow.com\/fr\/detail-du-produit\/high-quality-chrome-zinc-alloy-single-hole-mount-thermostatic-basin-faucet-tall-design-for-school-hall-usage\/\" \/>\n<meta property=\"og:site_name\" content=\"YOROOW\" \/>\n<meta property=\"article:publisher\" content=\"https:\/\/www.facebook.com\/people\/yoroowfaucetfactory\/61564236752362\/\" \/>\n<meta property=\"article:modified_time\" content=\"2025-06-25T05:17:03+00:00\" \/>\n<meta property=\"og:image\" content=\"https:\/\/www.yoroow.com\/wp-content\/uploads\/2025\/06\/28-1.jpg\" \/>\n\t<meta property=\"og:image:width\" content=\"800\" \/>\n\t<meta property=\"og:image:height\" content=\"800\" \/>\n\t<meta property=\"og:image:type\" content=\"image\/jpeg\" \/>\n<meta name=\"twitter:card\" content=\"summary_large_image\" \/>\n<meta name=\"twitter:label1\" content=\"Dur\u00e9e de lecture estim\u00e9e\" \/>\n\t<meta name=\"twitter:data1\" content=\"1 minute\" \/>\n<script type=\"application\/ld+json\" class=\"yoast-schema-graph\">{\"@context\":\"https:\/\/schema.org\",\"@graph\":[{\"@type\":\"WebPage\",\"@id\":\"https:\/\/www.yoroow.com\/fr\/detail-du-produit\/high-quality-chrome-zinc-alloy-single-hole-mount-thermostatic-basin-faucet-tall-design-for-school-hall-usage\/\",\"url\":\"https:\/\/www.yoroow.com\/fr\/detail-du-produit\/high-quality-chrome-zinc-alloy-single-hole-mount-thermostatic-basin-faucet-tall-design-for-school-hall-usage\/\",\"name\":\"High Quality Chrome Zinc Alloy Single-Hole Mount Thermostatic Basin Faucet Tall Design for School & Hall Usage - YOROOW\",\"isPartOf\":{\"@id\":\"https:\/\/www.yoroow.com\/fr\/#website\"},\"primaryImageOfPage\":{\"@id\":\"https:\/\/www.yoroow.com\/fr\/detail-du-produit\/high-quality-chrome-zinc-alloy-single-hole-mount-thermostatic-basin-faucet-tall-design-for-school-hall-usage\/#primaryimage\"},\"image\":{\"@id\":\"https:\/\/www.yoroow.com\/fr\/detail-du-produit\/high-quality-chrome-zinc-alloy-single-hole-mount-thermostatic-basin-faucet-tall-design-for-school-hall-usage\/#primaryimage\"},\"thumbnailUrl\":\"https:\/\/www.yoroow.com\/wp-content\/uploads\/2025\/06\/28-1.jpg\",\"datePublished\":\"2025-06-25T05:16:57+00:00\",\"dateModified\":\"2025-06-25T05:17:03+00:00\",\"breadcrumb\":{\"@id\":\"https:\/\/www.yoroow.com\/fr\/detail-du-produit\/high-quality-chrome-zinc-alloy-single-hole-mount-thermostatic-basin-faucet-tall-design-for-school-hall-usage\/#breadcrumb\"},\"inLanguage\":\"fr-FR\",\"potentialAction\":[{\"@type\":\"ReadAction\",\"target\":[\"https:\/\/www.yoroow.com\/fr\/detail-du-produit\/high-quality-chrome-zinc-alloy-single-hole-mount-thermostatic-basin-faucet-tall-design-for-school-hall-usage\/\"]}]},{\"@type\":\"ImageObject\",\"inLanguage\":\"fr-FR\",\"@id\":\"https:\/\/www.yoroow.com\/fr\/detail-du-produit\/high-quality-chrome-zinc-alloy-single-hole-mount-thermostatic-basin-faucet-tall-design-for-school-hall-usage\/#primaryimage\",\"url\":\"https:\/\/www.yoroow.com\/wp-content\/uploads\/2025\/06\/28-1.jpg\",\"contentUrl\":\"https:\/\/www.yoroow.com\/wp-content\/uploads\/2025\/06\/28-1.jpg\",\"width\":800,\"height\":800},{\"@type\":\"BreadcrumbList\",\"@id\":\"https:\/\/www.yoroow.com\/fr\/detail-du-produit\/high-quality-chrome-zinc-alloy-single-hole-mount-thermostatic-basin-faucet-tall-design-for-school-hall-usage\/#breadcrumb\",\"itemListElement\":[{\"@type\":\"ListItem\",\"position\":1,\"name\":\"home\",\"item\":\"https:\/\/www.yoroow.com\/\"},{\"@type\":\"ListItem\",\"position\":2,\"name\":\"Product\",\"item\":\"https:\/\/www.yoroow.com\/product\/\"},{\"@type\":\"ListItem\",\"position\":3,\"name\":\"High Quality Chrome Zinc Alloy Single-Hole Mount Thermostatic Basin Faucet Tall Design for School &#038; Hall Usage\"}]},{\"@type\":\"WebSite\",\"@id\":\"https:\/\/www.yoroow.com\/fr\/#website\",\"url\":\"https:\/\/www.yoroow.com\/fr\/\",\"name\":\"YOROOW\",\"description\":\"\",\"publisher\":{\"@id\":\"https:\/\/www.yoroow.com\/fr\/#organization\"},\"potentialAction\":[{\"@type\":\"SearchAction\",\"target\":{\"@type\":\"EntryPoint\",\"urlTemplate\":\"https:\/\/www.yoroow.com\/fr\/?s={search_term_string}\"},\"query-input\":{\"@type\":\"PropertyValueSpecification\",\"valueRequired\":true,\"valueName\":\"search_term_string\"}}],\"inLanguage\":\"fr-FR\"},{\"@type\":\"Organization\",\"@id\":\"https:\/\/www.yoroow.com\/fr\/#organization\",\"name\":\"YOROOW\",\"url\":\"https:\/\/www.yoroow.com\/fr\/\",\"logo\":{\"@type\":\"ImageObject\",\"inLanguage\":\"fr-FR\",\"@id\":\"https:\/\/www.yoroow.com\/fr\/#\/schema\/logo\/image\/\",\"url\":\"https:\/\/www.yoroow.com\/wp-content\/uploads\/2024\/12\/2024123007131061.png\",\"contentUrl\":\"https:\/\/www.yoroow.com\/wp-content\/uploads\/2024\/12\/2024123007131061.png\",\"width\":168,\"height\":27,\"caption\":\"YOROOW\"},\"image\":{\"@id\":\"https:\/\/www.yoroow.com\/fr\/#\/schema\/logo\/image\/\"},\"sameAs\":[\"https:\/\/www.facebook.com\/people\/yoroowfaucetfactory\/61564236752362\/\"]}]}<\/script>\n<!-- \/ Yoast SEO Premium plugin. -->","yoast_head_json":{"title":"High Quality Chrome Zinc Alloy Single-Hole Mount Thermostatic Basin Faucet Tall Design for School & Hall Usage - YOROOW","robots":{"index":"index","follow":"follow","max-snippet":"max-snippet:-1","max-image-preview":"max-image-preview:large","max-video-preview":"max-video-preview:-1"},"canonical":"https:\/\/www.yoroow.com\/fr\/detail-du-produit\/high-quality-chrome-zinc-alloy-single-hole-mount-thermostatic-basin-faucet-tall-design-for-school-hall-usage\/","og_locale":"fr_FR","og_type":"article","og_title":"High Quality Chrome Zinc Alloy Single-Hole Mount Thermostatic Basin Faucet Tall Design for School & Hall Usage","og_url":"https:\/\/www.yoroow.com\/fr\/detail-du-produit\/high-quality-chrome-zinc-alloy-single-hole-mount-thermostatic-basin-faucet-tall-design-for-school-hall-usage\/","og_site_name":"YOROOW","article_publisher":"https:\/\/www.facebook.com\/people\/yoroowfaucetfactory\/61564236752362\/","article_modified_time":"2025-06-25T05:17:03+00:00","og_image":[{"width":800,"height":800,"url":"https:\/\/www.yoroow.com\/wp-content\/uploads\/2025\/06\/28-1.jpg","type":"image\/jpeg"}],"twitter_card":"summary_large_image","twitter_misc":{"Dur\u00e9e de lecture estim\u00e9e":"1 minute"},"schema":{"@context":"https:\/\/schema.org","@graph":[{"@type":"WebPage","@id":"https:\/\/www.yoroow.com\/fr\/detail-du-produit\/high-quality-chrome-zinc-alloy-single-hole-mount-thermostatic-basin-faucet-tall-design-for-school-hall-usage\/","url":"https:\/\/www.yoroow.com\/fr\/detail-du-produit\/high-quality-chrome-zinc-alloy-single-hole-mount-thermostatic-basin-faucet-tall-design-for-school-hall-usage\/","name":"High Quality Chrome Zinc Alloy Single-Hole Mount Thermostatic Basin Faucet Tall Design for School & Hall Usage - YOROOW","isPartOf":{"@id":"https:\/\/www.yoroow.com\/fr\/#website"},"primaryImageOfPage":{"@id":"https:\/\/www.yoroow.com\/fr\/detail-du-produit\/high-quality-chrome-zinc-alloy-single-hole-mount-thermostatic-basin-faucet-tall-design-for-school-hall-usage\/#primaryimage"},"image":{"@id":"https:\/\/www.yoroow.com\/fr\/detail-du-produit\/high-quality-chrome-zinc-alloy-single-hole-mount-thermostatic-basin-faucet-tall-design-for-school-hall-usage\/#primaryimage"},"thumbnailUrl":"https:\/\/www.yoroow.com\/wp-content\/uploads\/2025\/06\/28-1.jpg","datePublished":"2025-06-25T05:16:57+00:00","dateModified":"2025-06-25T05:17:03+00:00","breadcrumb":{"@id":"https:\/\/www.yoroow.com\/fr\/detail-du-produit\/high-quality-chrome-zinc-alloy-single-hole-mount-thermostatic-basin-faucet-tall-design-for-school-hall-usage\/#breadcrumb"},"inLanguage":"fr-FR","potentialAction":[{"@type":"ReadAction","target":["https:\/\/www.yoroow.com\/fr\/detail-du-produit\/high-quality-chrome-zinc-alloy-single-hole-mount-thermostatic-basin-faucet-tall-design-for-school-hall-usage\/"]}]},{"@type":"ImageObject","inLanguage":"fr-FR","@id":"https:\/\/www.yoroow.com\/fr\/detail-du-produit\/high-quality-chrome-zinc-alloy-single-hole-mount-thermostatic-basin-faucet-tall-design-for-school-hall-usage\/#primaryimage","url":"https:\/\/www.yoroow.com\/wp-content\/uploads\/2025\/06\/28-1.jpg","contentUrl":"https:\/\/www.yoroow.com\/wp-content\/uploads\/2025\/06\/28-1.jpg","width":800,"height":800},{"@type":"BreadcrumbList","@id":"https:\/\/www.yoroow.com\/fr\/detail-du-produit\/high-quality-chrome-zinc-alloy-single-hole-mount-thermostatic-basin-faucet-tall-design-for-school-hall-usage\/#breadcrumb","itemListElement":[{"@type":"ListItem","position":1,"name":"home","item":"https:\/\/www.yoroow.com\/"},{"@type":"ListItem","position":2,"name":"Product","item":"https:\/\/www.yoroow.com\/product\/"},{"@type":"ListItem","position":3,"name":"High Quality Chrome Zinc Alloy Single-Hole Mount Thermostatic Basin Faucet Tall Design for School &#038; Hall Usage"}]},{"@type":"WebSite","@id":"https:\/\/www.yoroow.com\/fr\/#website","url":"https:\/\/www.yoroow.com\/fr\/","name":"YOROOW","description":"","publisher":{"@id":"https:\/\/www.yoroow.com\/fr\/#organization"},"potentialAction":[{"@type":"SearchAction","target":{"@type":"EntryPoint","urlTemplate":"https:\/\/www.yoroow.com\/fr\/?s={search_term_string}"},"query-input":{"@type":"PropertyValueSpecification","valueRequired":true,"valueName":"search_term_string"}}],"inLanguage":"fr-FR"},{"@type":"Organization","@id":"https:\/\/www.yoroow.com\/fr\/#organization","name":"YOROOW","url":"https:\/\/www.yoroow.com\/fr\/","logo":{"@type":"ImageObject","inLanguage":"fr-FR","@id":"https:\/\/www.yoroow.com\/fr\/#\/schema\/logo\/image\/","url":"https:\/\/www.yoroow.com\/wp-content\/uploads\/2024\/12\/2024123007131061.png","contentUrl":"https:\/\/www.yoroow.com\/wp-content\/uploads\/2024\/12\/2024123007131061.png","width":168,"height":27,"caption":"YOROOW"},"image":{"@id":"https:\/\/www.yoroow.com\/fr\/#\/schema\/logo\/image\/"},"sameAs":["https:\/\/www.facebook.com\/people\/yoroowfaucetfactory\/61564236752362\/"]}]}},"_links":{"self":[{"href":"https:\/\/www.yoroow.com\/fr\/wp-json\/wp\/v2\/product\/21443","targetHints":{"allow":["GET"]}}],"collection":[{"href":"https:\/\/www.yoroow.com\/fr\/wp-json\/wp\/v2\/product"}],"about":[{"href":"https:\/\/www.yoroow.com\/fr\/wp-json\/wp\/v2\/types\/product"}],"wp:featuredmedia":[{"embeddable":true,"href":"https:\/\/www.yoroow.com\/fr\/wp-json\/wp\/v2\/media\/21420"}],"wp:attachment":[{"href":"https:\/\/www.yoroow.com\/fr\/wp-json\/wp\/v2\/media?parent=21443"}],"wp:term":[{"taxonomy":"product_brand","embeddable":true,"href":"https:\/\/www.yoroow.com\/fr\/wp-json\/wp\/v2\/product_brand?post=21443"},{"taxonomy":"product_cat","embeddable":true,"href":"https:\/\/www.yoroow.com\/fr\/wp-json\/wp\/v2\/product_cat?post=21443"},{"taxonomy":"product_tag","embeddable":true,"href":"https:\/\/www.yoroow.com\/fr\/wp-json\/wp\/v2\/product_tag?post=21443"}],"curies":[{"name":"wp","href":"https:\/\/api.w.org\/{rel}","templated":true}]}}