{"id":19751,"date":"2025-05-08T17:00:42","date_gmt":"2025-05-08T09:00:42","guid":{"rendered":"https:\/\/www.yoroow.com\/?post_type=product&#038;p=19751"},"modified":"2025-05-16T09:53:57","modified_gmt":"2025-05-16T01:53:57","slug":"porte-serviettes-mural-en-acier-inoxydable-304-de-haute-qualite-et-de-design-moderne-pour-la-salle-de-bains","status":"publish","type":"product","link":"https:\/\/www.yoroow.com\/fr\/detail-du-produit\/porte-serviettes-mural-en-acier-inoxydable-304-de-haute-qualite-et-de-design-moderne-pour-la-salle-de-bains\/","title":{"rendered":"Porte-serviettes mural en acier inoxydable 304 de haute qualit\u00e9 et de design moderne pour la salle de bains"},"content":{"rendered":"<p>Le porte-serviettes mural en acier inoxydable 304 de haute qualit\u00e9 et de conception moderne associe une construction durable en acier inoxydable 304 \u00e0 une esth\u00e9tique moderne. Le porte-serviettes mural offre un rangement solide pour les serviettes dans les salles de bains, tout en r\u00e9sistant \u00e0 la corrosion et en \u00e9tant facile \u00e0 nettoyer. Id\u00e9al pour les salles de bains r\u00e9sidentielles et les \u00e9tablissements h\u00f4teliers, le produit pr\u00e9sente des bords lisses et un mat\u00e9riel de montage solide pour une installation s\u00e9curis\u00e9e. Fabriqu\u00e9 par une usine chinoise professionnelle ayant plus de dix ans d'exp\u00e9rience, il r\u00e9pond aux normes internationales et peut \u00eatre personnalis\u00e9 en termes de taille et de finition. Populaire sur les march\u00e9s d'Am\u00e9rique du Sud et d'Asie du Sud-Est, notamment au P\u00e9rou, en Malaisie et au Vi\u00eat Nam, il r\u00e9pond \u00e0 la demande croissante d'accessoires de salle de bains \u00e0 la fois pratiques et \u00e9l\u00e9gants. Des services d'exportation et d'OEM sont propos\u00e9s. |<\/p>","protected":false},"excerpt":{"rendered":"<p>High Quality Modern Design 304 Stainless Steel Wall Mount Bathroom Accessories Towel Rack combines durable 304 stainless steel construction with modern design aesthetics. The wall-mounted towel rack provides sturdy storage for towels in bathrooms, offering corrosion resistance and ease of cleaning. Ideal for both residential bathrooms and hospitality settings, the product features smooth edges and\u2026<\/p>","protected":false},"featured_media":19753,"template":"","meta":{"_acf_changed":false,"_kad_post_transparent":"default","_kad_post_title":"","_kad_post_layout":"default","_kad_post_sidebar_id":"","_kad_post_content_style":"default","_kad_post_vertical_padding":"default","_kad_post_feature":"","_kad_post_feature_position":"","_kad_post_header":false,"_kad_post_footer":false},"product_brand":[],"product_cat":[7845,7883],"product_tag":[],"class_list":{"0":"post-19751","1":"product","2":"type-product","3":"status-publish","4":"has-post-thumbnail","6":"product_cat-bathroom-accessories","7":"product_cat-c-bathroom-accessories","9":"first","10":"instock","11":"shipping-taxable","12":"product-type-variable","13":"wvs-archive-product-wrapper","14":"entry","15":"content-bg","16":"loop-entry"},"acf":[],"yoast_head":"<!-- This site is optimized with the Yoast SEO Premium plugin v25.4 (Yoast SEO v27.0) - https:\/\/yoast.com\/product\/yoast-seo-premium-wordpress\/ -->\n<title>High Quality Modern Design 304 Stainless Steel Wall Mount Bathroom Accessories Towel Rack - YOROOW<\/title>\n<meta name=\"description\" content=\"High-quality modern design 304 stainless steel wall mount bathroom accessories including towel racks, durable and corrosion resistant, popular in hospitality and residential sectors in South America and Southeast Asia.\" \/>\n<meta name=\"robots\" content=\"index, follow, max-snippet:-1, max-image-preview:large, max-video-preview:-1\" \/>\n<link rel=\"canonical\" href=\"https:\/\/www.yoroow.com\/fr\/detail-du-produit\/porte-serviettes-mural-en-acier-inoxydable-304-de-haute-qualite-et-de-design-moderne-pour-la-salle-de-bains\/\" \/>\n<meta property=\"og:locale\" content=\"fr_FR\" \/>\n<meta property=\"og:type\" content=\"article\" \/>\n<meta property=\"og:title\" content=\"High Quality Modern Design 304 Stainless Steel Wall Mount Bathroom Accessories Towel Rack\" \/>\n<meta property=\"og:description\" content=\"High-quality modern design 304 stainless steel wall mount bathroom accessories including towel racks, durable and corrosion resistant, popular in hospitality and residential sectors in South America and Southeast Asia.\" \/>\n<meta property=\"og:url\" content=\"https:\/\/www.yoroow.com\/fr\/detail-du-produit\/porte-serviettes-mural-en-acier-inoxydable-304-de-haute-qualite-et-de-design-moderne-pour-la-salle-de-bains\/\" \/>\n<meta property=\"og:site_name\" content=\"YOROOW\" \/>\n<meta property=\"article:publisher\" content=\"https:\/\/www.facebook.com\/people\/yoroowfaucetfactory\/61564236752362\/\" \/>\n<meta property=\"article:modified_time\" content=\"2025-05-16T01:53:57+00:00\" \/>\n<meta property=\"og:image\" content=\"https:\/\/www.yoroow.com\/wp-content\/uploads\/2025\/05\/6a605b1e9e98e7431d708ca3f751750c.jpg\" \/>\n\t<meta property=\"og:image:width\" content=\"1600\" \/>\n\t<meta property=\"og:image:height\" content=\"1600\" \/>\n\t<meta property=\"og:image:type\" content=\"image\/jpeg\" \/>\n<meta name=\"twitter:card\" content=\"summary_large_image\" \/>\n<meta name=\"twitter:label1\" content=\"Dur\u00e9e de lecture estim\u00e9e\" \/>\n\t<meta name=\"twitter:data1\" content=\"1 minute\" \/>\n<script type=\"application\/ld+json\" class=\"yoast-schema-graph\">{\"@context\":\"https:\/\/schema.org\",\"@graph\":[{\"@type\":\"WebPage\",\"@id\":\"https:\/\/www.yoroow.com\/fr\/detail-du-produit\/porte-serviettes-mural-en-acier-inoxydable-304-de-haute-qualite-et-de-design-moderne-pour-la-salle-de-bains\/\",\"url\":\"https:\/\/www.yoroow.com\/fr\/detail-du-produit\/porte-serviettes-mural-en-acier-inoxydable-304-de-haute-qualite-et-de-design-moderne-pour-la-salle-de-bains\/\",\"name\":\"High Quality Modern Design 304 Stainless Steel Wall Mount Bathroom Accessories Towel Rack - YOROOW\",\"isPartOf\":{\"@id\":\"https:\/\/www.yoroow.com\/fr\/#website\"},\"primaryImageOfPage\":{\"@id\":\"https:\/\/www.yoroow.com\/fr\/detail-du-produit\/porte-serviettes-mural-en-acier-inoxydable-304-de-haute-qualite-et-de-design-moderne-pour-la-salle-de-bains\/#primaryimage\"},\"image\":{\"@id\":\"https:\/\/www.yoroow.com\/fr\/detail-du-produit\/porte-serviettes-mural-en-acier-inoxydable-304-de-haute-qualite-et-de-design-moderne-pour-la-salle-de-bains\/#primaryimage\"},\"thumbnailUrl\":\"https:\/\/www.yoroow.com\/wp-content\/uploads\/2025\/05\/6a605b1e9e98e7431d708ca3f751750c.jpg\",\"datePublished\":\"2025-05-08T09:00:42+00:00\",\"dateModified\":\"2025-05-16T01:53:57+00:00\",\"description\":\"High-quality modern design 304 stainless steel wall mount bathroom accessories including towel racks, durable and corrosion resistant, popular in hospitality and residential sectors in South America and Southeast Asia.\",\"breadcrumb\":{\"@id\":\"https:\/\/www.yoroow.com\/fr\/detail-du-produit\/porte-serviettes-mural-en-acier-inoxydable-304-de-haute-qualite-et-de-design-moderne-pour-la-salle-de-bains\/#breadcrumb\"},\"inLanguage\":\"fr-FR\",\"potentialAction\":[{\"@type\":\"ReadAction\",\"target\":[\"https:\/\/www.yoroow.com\/fr\/detail-du-produit\/porte-serviettes-mural-en-acier-inoxydable-304-de-haute-qualite-et-de-design-moderne-pour-la-salle-de-bains\/\"]}]},{\"@type\":\"ImageObject\",\"inLanguage\":\"fr-FR\",\"@id\":\"https:\/\/www.yoroow.com\/fr\/detail-du-produit\/porte-serviettes-mural-en-acier-inoxydable-304-de-haute-qualite-et-de-design-moderne-pour-la-salle-de-bains\/#primaryimage\",\"url\":\"https:\/\/www.yoroow.com\/wp-content\/uploads\/2025\/05\/6a605b1e9e98e7431d708ca3f751750c.jpg\",\"contentUrl\":\"https:\/\/www.yoroow.com\/wp-content\/uploads\/2025\/05\/6a605b1e9e98e7431d708ca3f751750c.jpg\",\"width\":1600,\"height\":1600,\"caption\":\"High Quality Modern Design 304 Stainless Steel Wall Mount Bathroom Accessories Towel Rack\"},{\"@type\":\"BreadcrumbList\",\"@id\":\"https:\/\/www.yoroow.com\/fr\/detail-du-produit\/porte-serviettes-mural-en-acier-inoxydable-304-de-haute-qualite-et-de-design-moderne-pour-la-salle-de-bains\/#breadcrumb\",\"itemListElement\":[{\"@type\":\"ListItem\",\"position\":1,\"name\":\"home\",\"item\":\"https:\/\/www.yoroow.com\/\"},{\"@type\":\"ListItem\",\"position\":2,\"name\":\"Product\",\"item\":\"https:\/\/www.yoroow.com\/product\/\"},{\"@type\":\"ListItem\",\"position\":3,\"name\":\"High Quality Modern Design 304 Stainless Steel Wall Mount Bathroom Accessories Towel Rack\"}]},{\"@type\":\"WebSite\",\"@id\":\"https:\/\/www.yoroow.com\/fr\/#website\",\"url\":\"https:\/\/www.yoroow.com\/fr\/\",\"name\":\"YOROOW\",\"description\":\"\",\"publisher\":{\"@id\":\"https:\/\/www.yoroow.com\/fr\/#organization\"},\"potentialAction\":[{\"@type\":\"SearchAction\",\"target\":{\"@type\":\"EntryPoint\",\"urlTemplate\":\"https:\/\/www.yoroow.com\/fr\/?s={search_term_string}\"},\"query-input\":{\"@type\":\"PropertyValueSpecification\",\"valueRequired\":true,\"valueName\":\"search_term_string\"}}],\"inLanguage\":\"fr-FR\"},{\"@type\":\"Organization\",\"@id\":\"https:\/\/www.yoroow.com\/fr\/#organization\",\"name\":\"YOROOW\",\"url\":\"https:\/\/www.yoroow.com\/fr\/\",\"logo\":{\"@type\":\"ImageObject\",\"inLanguage\":\"fr-FR\",\"@id\":\"https:\/\/www.yoroow.com\/fr\/#\/schema\/logo\/image\/\",\"url\":\"https:\/\/www.yoroow.com\/wp-content\/uploads\/2024\/12\/2024123007131061.png\",\"contentUrl\":\"https:\/\/www.yoroow.com\/wp-content\/uploads\/2024\/12\/2024123007131061.png\",\"width\":168,\"height\":27,\"caption\":\"YOROOW\"},\"image\":{\"@id\":\"https:\/\/www.yoroow.com\/fr\/#\/schema\/logo\/image\/\"},\"sameAs\":[\"https:\/\/www.facebook.com\/people\/yoroowfaucetfactory\/61564236752362\/\"]}]}<\/script>\n<!-- \/ Yoast SEO Premium plugin. -->","yoast_head_json":{"title":"High Quality Modern Design 304 Stainless Steel Wall Mount Bathroom Accessories Towel Rack - YOROOW","description":"High-quality modern design 304 stainless steel wall mount bathroom accessories including towel racks, durable and corrosion resistant, popular in hospitality and residential sectors in South America and Southeast Asia.","robots":{"index":"index","follow":"follow","max-snippet":"max-snippet:-1","max-image-preview":"max-image-preview:large","max-video-preview":"max-video-preview:-1"},"canonical":"https:\/\/www.yoroow.com\/fr\/detail-du-produit\/porte-serviettes-mural-en-acier-inoxydable-304-de-haute-qualite-et-de-design-moderne-pour-la-salle-de-bains\/","og_locale":"fr_FR","og_type":"article","og_title":"High Quality Modern Design 304 Stainless Steel Wall Mount Bathroom Accessories Towel Rack","og_description":"High-quality modern design 304 stainless steel wall mount bathroom accessories including towel racks, durable and corrosion resistant, popular in hospitality and residential sectors in South America and Southeast Asia.","og_url":"https:\/\/www.yoroow.com\/fr\/detail-du-produit\/porte-serviettes-mural-en-acier-inoxydable-304-de-haute-qualite-et-de-design-moderne-pour-la-salle-de-bains\/","og_site_name":"YOROOW","article_publisher":"https:\/\/www.facebook.com\/people\/yoroowfaucetfactory\/61564236752362\/","article_modified_time":"2025-05-16T01:53:57+00:00","og_image":[{"width":1600,"height":1600,"url":"https:\/\/www.yoroow.com\/wp-content\/uploads\/2025\/05\/6a605b1e9e98e7431d708ca3f751750c.jpg","type":"image\/jpeg"}],"twitter_card":"summary_large_image","twitter_misc":{"Dur\u00e9e de lecture estim\u00e9e":"1 minute"},"schema":{"@context":"https:\/\/schema.org","@graph":[{"@type":"WebPage","@id":"https:\/\/www.yoroow.com\/fr\/detail-du-produit\/porte-serviettes-mural-en-acier-inoxydable-304-de-haute-qualite-et-de-design-moderne-pour-la-salle-de-bains\/","url":"https:\/\/www.yoroow.com\/fr\/detail-du-produit\/porte-serviettes-mural-en-acier-inoxydable-304-de-haute-qualite-et-de-design-moderne-pour-la-salle-de-bains\/","name":"High Quality Modern Design 304 Stainless Steel Wall Mount Bathroom Accessories Towel Rack - YOROOW","isPartOf":{"@id":"https:\/\/www.yoroow.com\/fr\/#website"},"primaryImageOfPage":{"@id":"https:\/\/www.yoroow.com\/fr\/detail-du-produit\/porte-serviettes-mural-en-acier-inoxydable-304-de-haute-qualite-et-de-design-moderne-pour-la-salle-de-bains\/#primaryimage"},"image":{"@id":"https:\/\/www.yoroow.com\/fr\/detail-du-produit\/porte-serviettes-mural-en-acier-inoxydable-304-de-haute-qualite-et-de-design-moderne-pour-la-salle-de-bains\/#primaryimage"},"thumbnailUrl":"https:\/\/www.yoroow.com\/wp-content\/uploads\/2025\/05\/6a605b1e9e98e7431d708ca3f751750c.jpg","datePublished":"2025-05-08T09:00:42+00:00","dateModified":"2025-05-16T01:53:57+00:00","description":"High-quality modern design 304 stainless steel wall mount bathroom accessories including towel racks, durable and corrosion resistant, popular in hospitality and residential sectors in South America and Southeast Asia.","breadcrumb":{"@id":"https:\/\/www.yoroow.com\/fr\/detail-du-produit\/porte-serviettes-mural-en-acier-inoxydable-304-de-haute-qualite-et-de-design-moderne-pour-la-salle-de-bains\/#breadcrumb"},"inLanguage":"fr-FR","potentialAction":[{"@type":"ReadAction","target":["https:\/\/www.yoroow.com\/fr\/detail-du-produit\/porte-serviettes-mural-en-acier-inoxydable-304-de-haute-qualite-et-de-design-moderne-pour-la-salle-de-bains\/"]}]},{"@type":"ImageObject","inLanguage":"fr-FR","@id":"https:\/\/www.yoroow.com\/fr\/detail-du-produit\/porte-serviettes-mural-en-acier-inoxydable-304-de-haute-qualite-et-de-design-moderne-pour-la-salle-de-bains\/#primaryimage","url":"https:\/\/www.yoroow.com\/wp-content\/uploads\/2025\/05\/6a605b1e9e98e7431d708ca3f751750c.jpg","contentUrl":"https:\/\/www.yoroow.com\/wp-content\/uploads\/2025\/05\/6a605b1e9e98e7431d708ca3f751750c.jpg","width":1600,"height":1600,"caption":"High Quality Modern Design 304 Stainless Steel Wall Mount Bathroom Accessories Towel Rack"},{"@type":"BreadcrumbList","@id":"https:\/\/www.yoroow.com\/fr\/detail-du-produit\/porte-serviettes-mural-en-acier-inoxydable-304-de-haute-qualite-et-de-design-moderne-pour-la-salle-de-bains\/#breadcrumb","itemListElement":[{"@type":"ListItem","position":1,"name":"home","item":"https:\/\/www.yoroow.com\/"},{"@type":"ListItem","position":2,"name":"Product","item":"https:\/\/www.yoroow.com\/product\/"},{"@type":"ListItem","position":3,"name":"High Quality Modern Design 304 Stainless Steel Wall Mount Bathroom Accessories Towel Rack"}]},{"@type":"WebSite","@id":"https:\/\/www.yoroow.com\/fr\/#website","url":"https:\/\/www.yoroow.com\/fr\/","name":"YOROOW","description":"","publisher":{"@id":"https:\/\/www.yoroow.com\/fr\/#organization"},"potentialAction":[{"@type":"SearchAction","target":{"@type":"EntryPoint","urlTemplate":"https:\/\/www.yoroow.com\/fr\/?s={search_term_string}"},"query-input":{"@type":"PropertyValueSpecification","valueRequired":true,"valueName":"search_term_string"}}],"inLanguage":"fr-FR"},{"@type":"Organization","@id":"https:\/\/www.yoroow.com\/fr\/#organization","name":"YOROOW","url":"https:\/\/www.yoroow.com\/fr\/","logo":{"@type":"ImageObject","inLanguage":"fr-FR","@id":"https:\/\/www.yoroow.com\/fr\/#\/schema\/logo\/image\/","url":"https:\/\/www.yoroow.com\/wp-content\/uploads\/2024\/12\/2024123007131061.png","contentUrl":"https:\/\/www.yoroow.com\/wp-content\/uploads\/2024\/12\/2024123007131061.png","width":168,"height":27,"caption":"YOROOW"},"image":{"@id":"https:\/\/www.yoroow.com\/fr\/#\/schema\/logo\/image\/"},"sameAs":["https:\/\/www.facebook.com\/people\/yoroowfaucetfactory\/61564236752362\/"]}]}},"_links":{"self":[{"href":"https:\/\/www.yoroow.com\/fr\/wp-json\/wp\/v2\/product\/19751","targetHints":{"allow":["GET"]}}],"collection":[{"href":"https:\/\/www.yoroow.com\/fr\/wp-json\/wp\/v2\/product"}],"about":[{"href":"https:\/\/www.yoroow.com\/fr\/wp-json\/wp\/v2\/types\/product"}],"wp:featuredmedia":[{"embeddable":true,"href":"https:\/\/www.yoroow.com\/fr\/wp-json\/wp\/v2\/media\/19753"}],"wp:attachment":[{"href":"https:\/\/www.yoroow.com\/fr\/wp-json\/wp\/v2\/media?parent=19751"}],"wp:term":[{"taxonomy":"product_brand","embeddable":true,"href":"https:\/\/www.yoroow.com\/fr\/wp-json\/wp\/v2\/product_brand?post=19751"},{"taxonomy":"product_cat","embeddable":true,"href":"https:\/\/www.yoroow.com\/fr\/wp-json\/wp\/v2\/product_cat?post=19751"},{"taxonomy":"product_tag","embeddable":true,"href":"https:\/\/www.yoroow.com\/fr\/wp-json\/wp\/v2\/product_tag?post=19751"}],"curies":[{"name":"wp","href":"https:\/\/api.w.org\/{rel}","templated":true}]}}